{"id":6370,"date":"2023-12-11T16:14:32","date_gmt":"2023-12-11T19:14:32","guid":{"rendered":"https:\/\/ponteseditores.com.br\/loja3\/?post_type=product&#038;p=6370"},"modified":"2024-01-12T15:52:56","modified_gmt":"2024-01-12T18:52:56","slug":"teoria-e-pratica-no-ensino-de-lingua-portuguesa","status":"publish","type":"product","link":"https:\/\/ponteseditores.com.br\/loja3\/pontes-editores-home-2__trashed\/didatica\/teoria-e-pratica-no-ensino-de-lingua-portuguesa\/","title":{"rendered":"TEORIA E PR\u00c1TICA NO ENSINO DE L\u00cdNGUA PORTUGUESA"},"content":{"rendered":"<p class=\"p1\">Caracterizada por seu perfil investigativo com visada propositiva, Teoria e pr\u00e1tica no ensino de L\u00edngua Portuguesa tem a sua relev\u00e2ncia tamb\u00e9m assinalada por aspectos variados como os relacionados: \u00e0 sele\u00e7\u00e3o de g\u00eaneros textuais de diferentes campos da atua\u00e7\u00e3o humana (document\u00e1rio, biografia, artigos de opini\u00e3o, prov\u00e9rbios, debate regrado, poesia, jogo digital etc.); a tem\u00e1ticas sociais como aquelas referentes aos direitos humanos; \u00e0 an\u00e1lise de material did\u00e1tico e de documentos oficiais (PCN e BNCC); ao tratamento de t\u00f3picos h\u00e1 muito por n\u00f3s conhecidos (como a ortografia) ou de t\u00f3picos que, evidenciados nesses tempos de intensa e constante inova\u00e7\u00e3o de recursos tecnol\u00f3gicos, podem ser incorporados como objeto ou estrat\u00e9gia de ensino (como \u00e9 o caso de jogos digitais).<\/p>\n","protected":false},"excerpt":{"rendered":"<p class=\"p1\">Caracterizada por seu perfil investigativo com visada propositiva, Teoria e pr\u00e1tica no ensino de L\u00edngua Portuguesa tem a sua relev\u00e2ncia tamb\u00e9m assinalada por aspectos variados como os relacionados: \u00e0 sele\u00e7\u00e3o de g\u00eaneros textuais de diferentes campos da atua\u00e7\u00e3o humana (document\u00e1rio, biografia, artigos de opini\u00e3o, prov\u00e9rbios, debate regrado, poesia, jogo digital etc.)<\/p>\n","protected":false},"featured_media":6191,"comment_status":"open","ping_status":"closed","template":"","meta":{"_joinchat":[]},"product_brand":[],"product_cat":[59,97],"product_tag":[],"class_list":{"0":"post-6370","1":"product","2":"type-product","3":"status-publish","4":"has-post-thumbnail","6":"product_cat-didatica","7":"product_cat-educacao","8":"product_shipping_class-livro-pontes-editores-fisico","10":"first","11":"instock","12":"shipping-taxable","13":"purchasable","14":"product-type-simple"},"yoast_head":"<!-- This site is optimized with the Yoast SEO plugin v27.4 - https:\/\/yoast.com\/product\/yoast-seo-wordpress\/ -->\n<title>TEORIA E PR\u00c1TICA NO ENSINO DE L\u00cdNGUA PORTUGUESA - Pontes Editores<\/title>\n<meta name=\"robots\" content=\"index, follow, max-snippet:-1, max-image-preview:large, max-video-preview:-1\" \/>\n<link rel=\"canonical\" href=\"https:\/\/ponteseditores.com.br\/loja3\/pontes-editores-home-2__trashed\/didatica\/teoria-e-pratica-no-ensino-de-lingua-portuguesa\/\" \/>\n<meta property=\"og:locale\" content=\"pt_BR\" \/>\n<meta property=\"og:type\" content=\"article\" \/>\n<meta property=\"og:title\" content=\"TEORIA E PR\u00c1TICA NO ENSINO DE L\u00cdNGUA PORTUGUESA - Pontes Editores\" \/>\n<meta property=\"og:description\" content=\"Caracterizada por seu perfil investigativo com visada propositiva, Teoria e pr\u00e1tica no ensino de L\u00edngua Portuguesa tem a sua relev\u00e2ncia tamb\u00e9m assinalada por aspectos variados como os relacionados: \u00e0 sele\u00e7\u00e3o de g\u00eaneros textuais de diferentes campos da atua\u00e7\u00e3o humana (document\u00e1rio, biografia, artigos de opini\u00e3o, prov\u00e9rbios, debate regrado, poesia, jogo digital etc.)\" \/>\n<meta property=\"og:url\" content=\"https:\/\/ponteseditores.com.br\/loja3\/pontes-editores-home-2__trashed\/didatica\/teoria-e-pratica-no-ensino-de-lingua-portuguesa\/\" \/>\n<meta property=\"og:site_name\" content=\"Pontes Editores\" \/>\n<meta property=\"article:modified_time\" content=\"2024-01-12T18:52:56+00:00\" \/>\n<meta property=\"og:image\" content=\"https:\/\/ponteseditores.com.br\/loja3\/wp-content\/uploads\/2023\/12\/teoria-e-pratica-no-ensino-de-lingua-portuguesa-capa-1-2.jpg\" \/>\n\t<meta property=\"og:image:width\" content=\"1728\" \/>\n\t<meta property=\"og:image:height\" content=\"2443\" \/>\n\t<meta property=\"og:image:type\" content=\"image\/jpeg\" \/>\n<meta name=\"twitter:card\" content=\"summary_large_image\" \/>\n<meta name=\"twitter:label1\" content=\"Est. tempo de leitura\" \/>\n\t<meta name=\"twitter:data1\" content=\"1 minuto\" \/>\n<script type=\"application\/ld+json\" class=\"yoast-schema-graph\">{\"@context\":\"https:\\\/\\\/schema.org\",\"@graph\":[{\"@type\":\"WebPage\",\"@id\":\"https:\\\/\\\/ponteseditores.com.br\\\/loja3\\\/pontes-editores-home-2__trashed\\\/didatica\\\/teoria-e-pratica-no-ensino-de-lingua-portuguesa\\\/\",\"url\":\"https:\\\/\\\/ponteseditores.com.br\\\/loja3\\\/pontes-editores-home-2__trashed\\\/didatica\\\/teoria-e-pratica-no-ensino-de-lingua-portuguesa\\\/\",\"name\":\"TEORIA E PR\u00c1TICA NO ENSINO DE L\u00cdNGUA PORTUGUESA - Pontes Editores\",\"isPartOf\":{\"@id\":\"https:\\\/\\\/ponteseditores.com.br\\\/loja3\\\/#website\"},\"primaryImageOfPage\":{\"@id\":\"https:\\\/\\\/ponteseditores.com.br\\\/loja3\\\/pontes-editores-home-2__trashed\\\/didatica\\\/teoria-e-pratica-no-ensino-de-lingua-portuguesa\\\/#primaryimage\"},\"image\":{\"@id\":\"https:\\\/\\\/ponteseditores.com.br\\\/loja3\\\/pontes-editores-home-2__trashed\\\/didatica\\\/teoria-e-pratica-no-ensino-de-lingua-portuguesa\\\/#primaryimage\"},\"thumbnailUrl\":\"https:\\\/\\\/ponteseditores.com.br\\\/loja3\\\/wp-content\\\/uploads\\\/2023\\\/12\\\/teoria-e-pratica-no-ensino-de-lingua-portuguesa-capa-1-2.jpg\",\"datePublished\":\"2023-12-11T19:14:32+00:00\",\"dateModified\":\"2024-01-12T18:52:56+00:00\",\"breadcrumb\":{\"@id\":\"https:\\\/\\\/ponteseditores.com.br\\\/loja3\\\/pontes-editores-home-2__trashed\\\/didatica\\\/teoria-e-pratica-no-ensino-de-lingua-portuguesa\\\/#breadcrumb\"},\"inLanguage\":\"pt-BR\",\"potentialAction\":[{\"@type\":\"ReadAction\",\"target\":[\"https:\\\/\\\/ponteseditores.com.br\\\/loja3\\\/pontes-editores-home-2__trashed\\\/didatica\\\/teoria-e-pratica-no-ensino-de-lingua-portuguesa\\\/\"]}]},{\"@type\":\"ImageObject\",\"inLanguage\":\"pt-BR\",\"@id\":\"https:\\\/\\\/ponteseditores.com.br\\\/loja3\\\/pontes-editores-home-2__trashed\\\/didatica\\\/teoria-e-pratica-no-ensino-de-lingua-portuguesa\\\/#primaryimage\",\"url\":\"https:\\\/\\\/ponteseditores.com.br\\\/loja3\\\/wp-content\\\/uploads\\\/2023\\\/12\\\/teoria-e-pratica-no-ensino-de-lingua-portuguesa-capa-1-2.jpg\",\"contentUrl\":\"https:\\\/\\\/ponteseditores.com.br\\\/loja3\\\/wp-content\\\/uploads\\\/2023\\\/12\\\/teoria-e-pratica-no-ensino-de-lingua-portuguesa-capa-1-2.jpg\",\"width\":1728,\"height\":2443},{\"@type\":\"BreadcrumbList\",\"@id\":\"https:\\\/\\\/ponteseditores.com.br\\\/loja3\\\/pontes-editores-home-2__trashed\\\/didatica\\\/teoria-e-pratica-no-ensino-de-lingua-portuguesa\\\/#breadcrumb\",\"itemListElement\":[{\"@type\":\"ListItem\",\"position\":1,\"name\":\"Home\",\"item\":\"https:\\\/\\\/ponteseditores.com.br\\\/loja3\\\/\"},{\"@type\":\"ListItem\",\"position\":2,\"name\":\"loja\",\"item\":\"https:\\\/\\\/ponteseditores.com.br\\\/loja3\\\/loja\\\/\"},{\"@type\":\"ListItem\",\"position\":3,\"name\":\"TEORIA E PR\u00c1TICA NO ENSINO DE L\u00cdNGUA PORTUGUESA\"}]},{\"@type\":\"WebSite\",\"@id\":\"https:\\\/\\\/ponteseditores.com.br\\\/loja3\\\/#website\",\"url\":\"https:\\\/\\\/ponteseditores.com.br\\\/loja3\\\/\",\"name\":\"Pontes Editores\",\"description\":\"Pontes Editores\",\"publisher\":{\"@id\":\"https:\\\/\\\/ponteseditores.com.br\\\/loja3\\\/#organization\"},\"potentialAction\":[{\"@type\":\"SearchAction\",\"target\":{\"@type\":\"EntryPoint\",\"urlTemplate\":\"https:\\\/\\\/ponteseditores.com.br\\\/loja3\\\/?s={search_term_string}\"},\"query-input\":{\"@type\":\"PropertyValueSpecification\",\"valueRequired\":true,\"valueName\":\"search_term_string\"}}],\"inLanguage\":\"pt-BR\"},{\"@type\":\"Organization\",\"@id\":\"https:\\\/\\\/ponteseditores.com.br\\\/loja3\\\/#organization\",\"name\":\"Pontes Editores\",\"url\":\"https:\\\/\\\/ponteseditores.com.br\\\/loja3\\\/\",\"logo\":{\"@type\":\"ImageObject\",\"inLanguage\":\"pt-BR\",\"@id\":\"https:\\\/\\\/ponteseditores.com.br\\\/loja3\\\/#\\\/schema\\\/logo\\\/image\\\/\",\"url\":\"https:\\\/\\\/ponteseditores.com.br\\\/loja3\\\/wp-content\\\/uploads\\\/2023\\\/12\\\/logo-pontes-editores-v2.png\",\"contentUrl\":\"https:\\\/\\\/ponteseditores.com.br\\\/loja3\\\/wp-content\\\/uploads\\\/2023\\\/12\\\/logo-pontes-editores-v2.png\",\"width\":258,\"height\":100,\"caption\":\"Pontes Editores\"},\"image\":{\"@id\":\"https:\\\/\\\/ponteseditores.com.br\\\/loja3\\\/#\\\/schema\\\/logo\\\/image\\\/\"}}]}<\/script>\n<!-- \/ Yoast SEO plugin. -->","yoast_head_json":{"title":"TEORIA E PR\u00c1TICA NO ENSINO DE L\u00cdNGUA PORTUGUESA - Pontes Editores","robots":{"index":"index","follow":"follow","max-snippet":"max-snippet:-1","max-image-preview":"max-image-preview:large","max-video-preview":"max-video-preview:-1"},"canonical":"https:\/\/ponteseditores.com.br\/loja3\/pontes-editores-home-2__trashed\/didatica\/teoria-e-pratica-no-ensino-de-lingua-portuguesa\/","og_locale":"pt_BR","og_type":"article","og_title":"TEORIA E PR\u00c1TICA NO ENSINO DE L\u00cdNGUA PORTUGUESA - Pontes Editores","og_description":"Caracterizada por seu perfil investigativo com visada propositiva, Teoria e pr\u00e1tica no ensino de L\u00edngua Portuguesa tem a sua relev\u00e2ncia tamb\u00e9m assinalada por aspectos variados como os relacionados: \u00e0 sele\u00e7\u00e3o de g\u00eaneros textuais de diferentes campos da atua\u00e7\u00e3o humana (document\u00e1rio, biografia, artigos de opini\u00e3o, prov\u00e9rbios, debate regrado, poesia, jogo digital etc.)","og_url":"https:\/\/ponteseditores.com.br\/loja3\/pontes-editores-home-2__trashed\/didatica\/teoria-e-pratica-no-ensino-de-lingua-portuguesa\/","og_site_name":"Pontes Editores","article_modified_time":"2024-01-12T18:52:56+00:00","og_image":[{"width":1728,"height":2443,"url":"https:\/\/ponteseditores.com.br\/loja3\/wp-content\/uploads\/2023\/12\/teoria-e-pratica-no-ensino-de-lingua-portuguesa-capa-1-2.jpg","type":"image\/jpeg"}],"twitter_card":"summary_large_image","twitter_misc":{"Est. tempo de leitura":"1 minuto"},"schema":{"@context":"https:\/\/schema.org","@graph":[{"@type":"WebPage","@id":"https:\/\/ponteseditores.com.br\/loja3\/pontes-editores-home-2__trashed\/didatica\/teoria-e-pratica-no-ensino-de-lingua-portuguesa\/","url":"https:\/\/ponteseditores.com.br\/loja3\/pontes-editores-home-2__trashed\/didatica\/teoria-e-pratica-no-ensino-de-lingua-portuguesa\/","name":"TEORIA E PR\u00c1TICA NO ENSINO DE L\u00cdNGUA PORTUGUESA - Pontes Editores","isPartOf":{"@id":"https:\/\/ponteseditores.com.br\/loja3\/#website"},"primaryImageOfPage":{"@id":"https:\/\/ponteseditores.com.br\/loja3\/pontes-editores-home-2__trashed\/didatica\/teoria-e-pratica-no-ensino-de-lingua-portuguesa\/#primaryimage"},"image":{"@id":"https:\/\/ponteseditores.com.br\/loja3\/pontes-editores-home-2__trashed\/didatica\/teoria-e-pratica-no-ensino-de-lingua-portuguesa\/#primaryimage"},"thumbnailUrl":"https:\/\/ponteseditores.com.br\/loja3\/wp-content\/uploads\/2023\/12\/teoria-e-pratica-no-ensino-de-lingua-portuguesa-capa-1-2.jpg","datePublished":"2023-12-11T19:14:32+00:00","dateModified":"2024-01-12T18:52:56+00:00","breadcrumb":{"@id":"https:\/\/ponteseditores.com.br\/loja3\/pontes-editores-home-2__trashed\/didatica\/teoria-e-pratica-no-ensino-de-lingua-portuguesa\/#breadcrumb"},"inLanguage":"pt-BR","potentialAction":[{"@type":"ReadAction","target":["https:\/\/ponteseditores.com.br\/loja3\/pontes-editores-home-2__trashed\/didatica\/teoria-e-pratica-no-ensino-de-lingua-portuguesa\/"]}]},{"@type":"ImageObject","inLanguage":"pt-BR","@id":"https:\/\/ponteseditores.com.br\/loja3\/pontes-editores-home-2__trashed\/didatica\/teoria-e-pratica-no-ensino-de-lingua-portuguesa\/#primaryimage","url":"https:\/\/ponteseditores.com.br\/loja3\/wp-content\/uploads\/2023\/12\/teoria-e-pratica-no-ensino-de-lingua-portuguesa-capa-1-2.jpg","contentUrl":"https:\/\/ponteseditores.com.br\/loja3\/wp-content\/uploads\/2023\/12\/teoria-e-pratica-no-ensino-de-lingua-portuguesa-capa-1-2.jpg","width":1728,"height":2443},{"@type":"BreadcrumbList","@id":"https:\/\/ponteseditores.com.br\/loja3\/pontes-editores-home-2__trashed\/didatica\/teoria-e-pratica-no-ensino-de-lingua-portuguesa\/#breadcrumb","itemListElement":[{"@type":"ListItem","position":1,"name":"Home","item":"https:\/\/ponteseditores.com.br\/loja3\/"},{"@type":"ListItem","position":2,"name":"loja","item":"https:\/\/ponteseditores.com.br\/loja3\/loja\/"},{"@type":"ListItem","position":3,"name":"TEORIA E PR\u00c1TICA NO ENSINO DE L\u00cdNGUA PORTUGUESA"}]},{"@type":"WebSite","@id":"https:\/\/ponteseditores.com.br\/loja3\/#website","url":"https:\/\/ponteseditores.com.br\/loja3\/","name":"Pontes Editores","description":"Pontes Editores","publisher":{"@id":"https:\/\/ponteseditores.com.br\/loja3\/#organization"},"potentialAction":[{"@type":"SearchAction","target":{"@type":"EntryPoint","urlTemplate":"https:\/\/ponteseditores.com.br\/loja3\/?s={search_term_string}"},"query-input":{"@type":"PropertyValueSpecification","valueRequired":true,"valueName":"search_term_string"}}],"inLanguage":"pt-BR"},{"@type":"Organization","@id":"https:\/\/ponteseditores.com.br\/loja3\/#organization","name":"Pontes Editores","url":"https:\/\/ponteseditores.com.br\/loja3\/","logo":{"@type":"ImageObject","inLanguage":"pt-BR","@id":"https:\/\/ponteseditores.com.br\/loja3\/#\/schema\/logo\/image\/","url":"https:\/\/ponteseditores.com.br\/loja3\/wp-content\/uploads\/2023\/12\/logo-pontes-editores-v2.png","contentUrl":"https:\/\/ponteseditores.com.br\/loja3\/wp-content\/uploads\/2023\/12\/logo-pontes-editores-v2.png","width":258,"height":100,"caption":"Pontes Editores"},"image":{"@id":"https:\/\/ponteseditores.com.br\/loja3\/#\/schema\/logo\/image\/"}}]}},"_links":{"self":[{"href":"https:\/\/ponteseditores.com.br\/loja3\/wp-json\/wp\/v2\/product\/6370","targetHints":{"allow":["GET"]}}],"collection":[{"href":"https:\/\/ponteseditores.com.br\/loja3\/wp-json\/wp\/v2\/product"}],"about":[{"href":"https:\/\/ponteseditores.com.br\/loja3\/wp-json\/wp\/v2\/types\/product"}],"replies":[{"embeddable":true,"href":"https:\/\/ponteseditores.com.br\/loja3\/wp-json\/wp\/v2\/comments?post=6370"}],"version-history":[{"count":0,"href":"https:\/\/ponteseditores.com.br\/loja3\/wp-json\/wp\/v2\/product\/6370\/revisions"}],"wp:featuredmedia":[{"embeddable":true,"href":"https:\/\/ponteseditores.com.br\/loja3\/wp-json\/wp\/v2\/media\/6191"}],"wp:attachment":[{"href":"https:\/\/ponteseditores.com.br\/loja3\/wp-json\/wp\/v2\/media?parent=6370"}],"wp:term":[{"taxonomy":"product_brand","embeddable":true,"href":"https:\/\/ponteseditores.com.br\/loja3\/wp-json\/wp\/v2\/product_brand?post=6370"},{"taxonomy":"product_cat","embeddable":true,"href":"https:\/\/ponteseditores.com.br\/loja3\/wp-json\/wp\/v2\/product_cat?post=6370"},{"taxonomy":"product_tag","embeddable":true,"href":"https:\/\/ponteseditores.com.br\/loja3\/wp-json\/wp\/v2\/product_tag?post=6370"}],"curies":[{"name":"wp","href":"https:\/\/api.w.org\/{rel}","templated":true}]}}