{"id":631,"date":"2023-12-05T19:57:04","date_gmt":"2023-12-05T19:57:04","guid":{"rendered":"https:\/\/ponteseditores.com.br\/loja3\/?post_type=product&#038;p=631"},"modified":"2024-10-08T11:29:24","modified_gmt":"2024-10-08T14:29:24","slug":"towards-spiral-knowledge-in-continuing-education-10-years-of-concol","status":"publish","type":"product","link":"https:\/\/ponteseditores.com.br\/loja3\/pontes-editores-home-2__trashed\/ebook\/towards-spiral-knowledge-in-continuing-education-10-years-of-concol\/","title":{"rendered":"Towards spiral knowledge in continuing education: 10 years of Concol"},"content":{"rendered":"<p>Este livro, editado em l\u00edngua inglesa, est\u00e1 organizado em tr\u00eas partes que d\u00e3o voz aos membros do ConCol (um projeto colaborativo de educa\u00e7\u00e3o continuada): professores-colaboradores, pesquisadores-colaboradores e colaboradores-participantes, principalmente professores de l\u00edngua inglesa de escolas p\u00fablicas e assistentes de ensino do projeto. A colabora\u00e7\u00e3o permeia os cap\u00edtulos do livro, pois este conceito \u00e9 o cora\u00e7\u00e3o do projeto, levando seus membros a promoverem o desenvolvimento de pr\u00e1ticas de ensino de l\u00ednguas, bem como jornadas em busca da identidade profissional. Munido dos aportes te\u00f3ricos das \u00e1reas como Lingu\u00edstica Aplicada, Educa\u00e7\u00e3o, Psican\u00e1lise Freudiano-Lacaniana, Pedagogia Teatral e An\u00e1lise do Discurso, o leitor \u00e9 conduzido por caminhos reflexivos em experi\u00eancias de forma\u00e7\u00e3o de professores.<\/p>\n<p>Uma leitura indispens\u00e1vel para linguistas aplicados envolvidos na forma\u00e7\u00e3o de professores e para professores de l\u00ednguas adicionais. Este livro impactar\u00e1 tanto professores que est\u00e3o no in\u00edcio de suas carreiras quanto professores experientes que almejam crescer profissionalmente.<\/p>\n<p>&nbsp;<\/p>\n<p>Professora Deise Prina Dutra<\/p>\n<p>Professora Titular da Faculdade de Letras da UFMG<\/p>\n","protected":false},"excerpt":{"rendered":"<p>Este livro, editado em l\u00edngua inglesa, est\u00e1 organizado em tr\u00eas partes que d\u00e3o voz aos membros do ConCol (um projeto colaborativo de educa\u00e7\u00e3o continuada): professores-colaboradores, pesquisadores-colaboradores e colaboradores-participantes, principalmente professores de l\u00edngua inglesa de escolas p\u00fablicas e assistentes de ensino do projeto. A colabora\u00e7\u00e3o permeia os cap\u00edtulos do livro, pois este conceito \u00e9 o cora\u00e7\u00e3o [&hellip;]<\/p>\n","protected":false},"featured_media":633,"comment_status":"open","ping_status":"closed","template":"","meta":{"_joinchat":[]},"product_brand":[],"product_cat":[165],"product_tag":[],"class_list":{"0":"post-631","1":"product","2":"type-product","3":"status-publish","4":"has-post-thumbnail","6":"product_cat-ebook","7":"product_shipping_class-download","9":"first","10":"instock","11":"downloadable","12":"virtual","13":"purchasable","14":"product-type-simple"},"yoast_head":"<!-- This site is optimized with the Yoast SEO plugin v27.4 - https:\/\/yoast.com\/product\/yoast-seo-wordpress\/ -->\n<title>Towards spiral knowledge in continuing education: 10 years of Concol - Pontes Editores<\/title>\n<meta name=\"robots\" content=\"index, follow, max-snippet:-1, max-image-preview:large, max-video-preview:-1\" \/>\n<link rel=\"canonical\" href=\"https:\/\/ponteseditores.com.br\/loja3\/pontes-editores-home-2__trashed\/ebook\/towards-spiral-knowledge-in-continuing-education-10-years-of-concol\/\" \/>\n<meta property=\"og:locale\" content=\"pt_BR\" \/>\n<meta property=\"og:type\" content=\"article\" \/>\n<meta property=\"og:title\" content=\"Towards spiral knowledge in continuing education: 10 years of Concol - Pontes Editores\" \/>\n<meta property=\"og:description\" content=\"Este livro, editado em l\u00edngua inglesa, est\u00e1 organizado em tr\u00eas partes que d\u00e3o voz aos membros do ConCol (um projeto colaborativo de educa\u00e7\u00e3o continuada): professores-colaboradores, pesquisadores-colaboradores e colaboradores-participantes, principalmente professores de l\u00edngua inglesa de escolas p\u00fablicas e assistentes de ensino do projeto. A colabora\u00e7\u00e3o permeia os cap\u00edtulos do livro, pois este conceito \u00e9 o cora\u00e7\u00e3o [&hellip;]\" \/>\n<meta property=\"og:url\" content=\"https:\/\/ponteseditores.com.br\/loja3\/pontes-editores-home-2__trashed\/ebook\/towards-spiral-knowledge-in-continuing-education-10-years-of-concol\/\" \/>\n<meta property=\"og:site_name\" content=\"Pontes Editores\" \/>\n<meta property=\"article:modified_time\" content=\"2024-10-08T14:29:24+00:00\" \/>\n<meta property=\"og:image\" content=\"https:\/\/ponteseditores.com.br\/loja3\/wp-content\/uploads\/2023\/12\/Capa_Towards_Spiral.jpg\" \/>\n\t<meta property=\"og:image:width\" content=\"1728\" \/>\n\t<meta property=\"og:image:height\" content=\"2443\" \/>\n\t<meta property=\"og:image:type\" content=\"image\/jpeg\" \/>\n<meta name=\"twitter:card\" content=\"summary_large_image\" \/>\n<meta name=\"twitter:label1\" content=\"Est. tempo de leitura\" \/>\n\t<meta name=\"twitter:data1\" content=\"1 minuto\" \/>\n<script type=\"application\/ld+json\" class=\"yoast-schema-graph\">{\"@context\":\"https:\\\/\\\/schema.org\",\"@graph\":[{\"@type\":\"WebPage\",\"@id\":\"https:\\\/\\\/ponteseditores.com.br\\\/loja3\\\/pontes-editores-home-2__trashed\\\/ebook\\\/towards-spiral-knowledge-in-continuing-education-10-years-of-concol\\\/\",\"url\":\"https:\\\/\\\/ponteseditores.com.br\\\/loja3\\\/pontes-editores-home-2__trashed\\\/ebook\\\/towards-spiral-knowledge-in-continuing-education-10-years-of-concol\\\/\",\"name\":\"Towards spiral knowledge in continuing education: 10 years of Concol - Pontes Editores\",\"isPartOf\":{\"@id\":\"https:\\\/\\\/ponteseditores.com.br\\\/loja3\\\/#website\"},\"primaryImageOfPage\":{\"@id\":\"https:\\\/\\\/ponteseditores.com.br\\\/loja3\\\/pontes-editores-home-2__trashed\\\/ebook\\\/towards-spiral-knowledge-in-continuing-education-10-years-of-concol\\\/#primaryimage\"},\"image\":{\"@id\":\"https:\\\/\\\/ponteseditores.com.br\\\/loja3\\\/pontes-editores-home-2__trashed\\\/ebook\\\/towards-spiral-knowledge-in-continuing-education-10-years-of-concol\\\/#primaryimage\"},\"thumbnailUrl\":\"https:\\\/\\\/ponteseditores.com.br\\\/loja3\\\/wp-content\\\/uploads\\\/2023\\\/12\\\/Capa_Towards_Spiral.jpg\",\"datePublished\":\"2023-12-05T19:57:04+00:00\",\"dateModified\":\"2024-10-08T14:29:24+00:00\",\"breadcrumb\":{\"@id\":\"https:\\\/\\\/ponteseditores.com.br\\\/loja3\\\/pontes-editores-home-2__trashed\\\/ebook\\\/towards-spiral-knowledge-in-continuing-education-10-years-of-concol\\\/#breadcrumb\"},\"inLanguage\":\"pt-BR\",\"potentialAction\":[{\"@type\":\"ReadAction\",\"target\":[\"https:\\\/\\\/ponteseditores.com.br\\\/loja3\\\/pontes-editores-home-2__trashed\\\/ebook\\\/towards-spiral-knowledge-in-continuing-education-10-years-of-concol\\\/\"]}]},{\"@type\":\"ImageObject\",\"inLanguage\":\"pt-BR\",\"@id\":\"https:\\\/\\\/ponteseditores.com.br\\\/loja3\\\/pontes-editores-home-2__trashed\\\/ebook\\\/towards-spiral-knowledge-in-continuing-education-10-years-of-concol\\\/#primaryimage\",\"url\":\"https:\\\/\\\/ponteseditores.com.br\\\/loja3\\\/wp-content\\\/uploads\\\/2023\\\/12\\\/Capa_Towards_Spiral.jpg\",\"contentUrl\":\"https:\\\/\\\/ponteseditores.com.br\\\/loja3\\\/wp-content\\\/uploads\\\/2023\\\/12\\\/Capa_Towards_Spiral.jpg\",\"width\":1728,\"height\":2443},{\"@type\":\"BreadcrumbList\",\"@id\":\"https:\\\/\\\/ponteseditores.com.br\\\/loja3\\\/pontes-editores-home-2__trashed\\\/ebook\\\/towards-spiral-knowledge-in-continuing-education-10-years-of-concol\\\/#breadcrumb\",\"itemListElement\":[{\"@type\":\"ListItem\",\"position\":1,\"name\":\"Home\",\"item\":\"https:\\\/\\\/ponteseditores.com.br\\\/loja3\\\/\"},{\"@type\":\"ListItem\",\"position\":2,\"name\":\"loja\",\"item\":\"https:\\\/\\\/ponteseditores.com.br\\\/loja3\\\/loja\\\/\"},{\"@type\":\"ListItem\",\"position\":3,\"name\":\"Towards spiral knowledge in continuing education: 10 years of Concol\"}]},{\"@type\":\"WebSite\",\"@id\":\"https:\\\/\\\/ponteseditores.com.br\\\/loja3\\\/#website\",\"url\":\"https:\\\/\\\/ponteseditores.com.br\\\/loja3\\\/\",\"name\":\"Pontes Editores\",\"description\":\"Pontes Editores\",\"publisher\":{\"@id\":\"https:\\\/\\\/ponteseditores.com.br\\\/loja3\\\/#organization\"},\"potentialAction\":[{\"@type\":\"SearchAction\",\"target\":{\"@type\":\"EntryPoint\",\"urlTemplate\":\"https:\\\/\\\/ponteseditores.com.br\\\/loja3\\\/?s={search_term_string}\"},\"query-input\":{\"@type\":\"PropertyValueSpecification\",\"valueRequired\":true,\"valueName\":\"search_term_string\"}}],\"inLanguage\":\"pt-BR\"},{\"@type\":\"Organization\",\"@id\":\"https:\\\/\\\/ponteseditores.com.br\\\/loja3\\\/#organization\",\"name\":\"Pontes Editores\",\"url\":\"https:\\\/\\\/ponteseditores.com.br\\\/loja3\\\/\",\"logo\":{\"@type\":\"ImageObject\",\"inLanguage\":\"pt-BR\",\"@id\":\"https:\\\/\\\/ponteseditores.com.br\\\/loja3\\\/#\\\/schema\\\/logo\\\/image\\\/\",\"url\":\"https:\\\/\\\/ponteseditores.com.br\\\/loja3\\\/wp-content\\\/uploads\\\/2023\\\/12\\\/logo-pontes-editores-v2.png\",\"contentUrl\":\"https:\\\/\\\/ponteseditores.com.br\\\/loja3\\\/wp-content\\\/uploads\\\/2023\\\/12\\\/logo-pontes-editores-v2.png\",\"width\":258,\"height\":100,\"caption\":\"Pontes Editores\"},\"image\":{\"@id\":\"https:\\\/\\\/ponteseditores.com.br\\\/loja3\\\/#\\\/schema\\\/logo\\\/image\\\/\"}}]}<\/script>\n<!-- \/ Yoast SEO plugin. -->","yoast_head_json":{"title":"Towards spiral knowledge in continuing education: 10 years of Concol - Pontes Editores","robots":{"index":"index","follow":"follow","max-snippet":"max-snippet:-1","max-image-preview":"max-image-preview:large","max-video-preview":"max-video-preview:-1"},"canonical":"https:\/\/ponteseditores.com.br\/loja3\/pontes-editores-home-2__trashed\/ebook\/towards-spiral-knowledge-in-continuing-education-10-years-of-concol\/","og_locale":"pt_BR","og_type":"article","og_title":"Towards spiral knowledge in continuing education: 10 years of Concol - Pontes Editores","og_description":"Este livro, editado em l\u00edngua inglesa, est\u00e1 organizado em tr\u00eas partes que d\u00e3o voz aos membros do ConCol (um projeto colaborativo de educa\u00e7\u00e3o continuada): professores-colaboradores, pesquisadores-colaboradores e colaboradores-participantes, principalmente professores de l\u00edngua inglesa de escolas p\u00fablicas e assistentes de ensino do projeto. A colabora\u00e7\u00e3o permeia os cap\u00edtulos do livro, pois este conceito \u00e9 o cora\u00e7\u00e3o [&hellip;]","og_url":"https:\/\/ponteseditores.com.br\/loja3\/pontes-editores-home-2__trashed\/ebook\/towards-spiral-knowledge-in-continuing-education-10-years-of-concol\/","og_site_name":"Pontes Editores","article_modified_time":"2024-10-08T14:29:24+00:00","og_image":[{"width":1728,"height":2443,"url":"https:\/\/ponteseditores.com.br\/loja3\/wp-content\/uploads\/2023\/12\/Capa_Towards_Spiral.jpg","type":"image\/jpeg"}],"twitter_card":"summary_large_image","twitter_misc":{"Est. tempo de leitura":"1 minuto"},"schema":{"@context":"https:\/\/schema.org","@graph":[{"@type":"WebPage","@id":"https:\/\/ponteseditores.com.br\/loja3\/pontes-editores-home-2__trashed\/ebook\/towards-spiral-knowledge-in-continuing-education-10-years-of-concol\/","url":"https:\/\/ponteseditores.com.br\/loja3\/pontes-editores-home-2__trashed\/ebook\/towards-spiral-knowledge-in-continuing-education-10-years-of-concol\/","name":"Towards spiral knowledge in continuing education: 10 years of Concol - Pontes Editores","isPartOf":{"@id":"https:\/\/ponteseditores.com.br\/loja3\/#website"},"primaryImageOfPage":{"@id":"https:\/\/ponteseditores.com.br\/loja3\/pontes-editores-home-2__trashed\/ebook\/towards-spiral-knowledge-in-continuing-education-10-years-of-concol\/#primaryimage"},"image":{"@id":"https:\/\/ponteseditores.com.br\/loja3\/pontes-editores-home-2__trashed\/ebook\/towards-spiral-knowledge-in-continuing-education-10-years-of-concol\/#primaryimage"},"thumbnailUrl":"https:\/\/ponteseditores.com.br\/loja3\/wp-content\/uploads\/2023\/12\/Capa_Towards_Spiral.jpg","datePublished":"2023-12-05T19:57:04+00:00","dateModified":"2024-10-08T14:29:24+00:00","breadcrumb":{"@id":"https:\/\/ponteseditores.com.br\/loja3\/pontes-editores-home-2__trashed\/ebook\/towards-spiral-knowledge-in-continuing-education-10-years-of-concol\/#breadcrumb"},"inLanguage":"pt-BR","potentialAction":[{"@type":"ReadAction","target":["https:\/\/ponteseditores.com.br\/loja3\/pontes-editores-home-2__trashed\/ebook\/towards-spiral-knowledge-in-continuing-education-10-years-of-concol\/"]}]},{"@type":"ImageObject","inLanguage":"pt-BR","@id":"https:\/\/ponteseditores.com.br\/loja3\/pontes-editores-home-2__trashed\/ebook\/towards-spiral-knowledge-in-continuing-education-10-years-of-concol\/#primaryimage","url":"https:\/\/ponteseditores.com.br\/loja3\/wp-content\/uploads\/2023\/12\/Capa_Towards_Spiral.jpg","contentUrl":"https:\/\/ponteseditores.com.br\/loja3\/wp-content\/uploads\/2023\/12\/Capa_Towards_Spiral.jpg","width":1728,"height":2443},{"@type":"BreadcrumbList","@id":"https:\/\/ponteseditores.com.br\/loja3\/pontes-editores-home-2__trashed\/ebook\/towards-spiral-knowledge-in-continuing-education-10-years-of-concol\/#breadcrumb","itemListElement":[{"@type":"ListItem","position":1,"name":"Home","item":"https:\/\/ponteseditores.com.br\/loja3\/"},{"@type":"ListItem","position":2,"name":"loja","item":"https:\/\/ponteseditores.com.br\/loja3\/loja\/"},{"@type":"ListItem","position":3,"name":"Towards spiral knowledge in continuing education: 10 years of Concol"}]},{"@type":"WebSite","@id":"https:\/\/ponteseditores.com.br\/loja3\/#website","url":"https:\/\/ponteseditores.com.br\/loja3\/","name":"Pontes Editores","description":"Pontes Editores","publisher":{"@id":"https:\/\/ponteseditores.com.br\/loja3\/#organization"},"potentialAction":[{"@type":"SearchAction","target":{"@type":"EntryPoint","urlTemplate":"https:\/\/ponteseditores.com.br\/loja3\/?s={search_term_string}"},"query-input":{"@type":"PropertyValueSpecification","valueRequired":true,"valueName":"search_term_string"}}],"inLanguage":"pt-BR"},{"@type":"Organization","@id":"https:\/\/ponteseditores.com.br\/loja3\/#organization","name":"Pontes Editores","url":"https:\/\/ponteseditores.com.br\/loja3\/","logo":{"@type":"ImageObject","inLanguage":"pt-BR","@id":"https:\/\/ponteseditores.com.br\/loja3\/#\/schema\/logo\/image\/","url":"https:\/\/ponteseditores.com.br\/loja3\/wp-content\/uploads\/2023\/12\/logo-pontes-editores-v2.png","contentUrl":"https:\/\/ponteseditores.com.br\/loja3\/wp-content\/uploads\/2023\/12\/logo-pontes-editores-v2.png","width":258,"height":100,"caption":"Pontes Editores"},"image":{"@id":"https:\/\/ponteseditores.com.br\/loja3\/#\/schema\/logo\/image\/"}}]}},"_links":{"self":[{"href":"https:\/\/ponteseditores.com.br\/loja3\/wp-json\/wp\/v2\/product\/631","targetHints":{"allow":["GET"]}}],"collection":[{"href":"https:\/\/ponteseditores.com.br\/loja3\/wp-json\/wp\/v2\/product"}],"about":[{"href":"https:\/\/ponteseditores.com.br\/loja3\/wp-json\/wp\/v2\/types\/product"}],"replies":[{"embeddable":true,"href":"https:\/\/ponteseditores.com.br\/loja3\/wp-json\/wp\/v2\/comments?post=631"}],"version-history":[{"count":0,"href":"https:\/\/ponteseditores.com.br\/loja3\/wp-json\/wp\/v2\/product\/631\/revisions"}],"wp:featuredmedia":[{"embeddable":true,"href":"https:\/\/ponteseditores.com.br\/loja3\/wp-json\/wp\/v2\/media\/633"}],"wp:attachment":[{"href":"https:\/\/ponteseditores.com.br\/loja3\/wp-json\/wp\/v2\/media?parent=631"}],"wp:term":[{"taxonomy":"product_brand","embeddable":true,"href":"https:\/\/ponteseditores.com.br\/loja3\/wp-json\/wp\/v2\/product_brand?post=631"},{"taxonomy":"product_cat","embeddable":true,"href":"https:\/\/ponteseditores.com.br\/loja3\/wp-json\/wp\/v2\/product_cat?post=631"},{"taxonomy":"product_tag","embeddable":true,"href":"https:\/\/ponteseditores.com.br\/loja3\/wp-json\/wp\/v2\/product_tag?post=631"}],"curies":[{"name":"wp","href":"https:\/\/api.w.org\/{rel}","templated":true}]}}