{"id":6272,"date":"2023-12-11T13:55:45","date_gmt":"2023-12-11T16:55:45","guid":{"rendered":"https:\/\/ponteseditores.com.br\/loja3\/?post_type=product&#038;p=6272"},"modified":"2026-04-19T21:16:05","modified_gmt":"2026-04-20T00:16:05","slug":"reflexoes-teoricas-e-praticas-sobre-ensino-aprendizagem-de-lingua-inglesa-para-criancas","status":"publish","type":"product","link":"https:\/\/ponteseditores.com.br\/loja3\/pontes-editores-home-2__trashed\/ebook\/reflexoes-teoricas-e-praticas-sobre-ensino-aprendizagem-de-lingua-inglesa-para-criancas\/","title":{"rendered":"Reflex\u00f5es te\u00f3ricas e pr\u00e1ticas sobre ensino-aprendizagem de l\u00edngua inglesa para crian\u00e7as"},"content":{"rendered":"<p>Esta colet\u00e2nea apresenta reflex\u00f5es tecidas a partir da participa\u00e7\u00e3o de algumas das autoras no Projeto de Extens\u00e3o \u201cIngl\u00eas para crian\u00e7as e idosos\u201d, o qual representa uma oportunidade \u00edmpar de forma\u00e7\u00e3o docente para atuar com essas faixas et\u00e1rias, bem como a possibilidade de acesso desses grupos ao ensino-aprendizagem de ingl\u00eas de forma gratuita e em parceria com institui\u00e7\u00f5es p\u00fablicas de ensino. Saliento a relev\u00e2ncia desse projeto em um cen\u00e1rio marcado por perspectivas neoliberais, que insistem em legitimar apenas as escolas privadas como os locais para se aprender a l\u00edngua inglesa, visto que s\u00e3o elas que disp\u00f5em de metodologias de ensino consideradas como eficazes.<\/p>\n<p>Esses discursos, geralmente presentes em propagandas de escolas particulares e na m\u00eddia, contribuem para difundir concep\u00e7\u00f5es estruturais de l\u00edngua, ou seja, fomentam vis\u00f5es de l\u00edngua como um produto, o que se distancia das propostas de educa\u00e7\u00e3o lingu\u00edstica na inf\u00e2ncia que defendo e que encontro coro nos artigos desta obra.<\/p>\n<p>Que a leitura desta obra renove nosso esperan\u00e7ar e nossas for\u00e7as para continuar defendendo e lutando por uma educa\u00e7\u00e3o lingu\u00edstica cr\u00edtica e respeitosa com as crian\u00e7as. Que possamos, assim como nos ensina Freire (1997), conhecer o mundo das crian\u00e7as e valorizar seus saberes e suas maneiras de aprender, que v\u00e3o muito al\u00e9m dos muros da escola.<\/p>\n<p>Cl\u00e1udia Jotto Kawachi-Furlan<\/p>\n<p>Universidade Federal do Esp\u00edrito Santo<\/p>\n","protected":false},"excerpt":{"rendered":"<p>Esta colet\u00e2nea apresenta reflex\u00f5es tecidas a partir da participa\u00e7\u00e3o de algumas das autoras no Projeto de Extens\u00e3o \u201cIngl\u00eas para crian\u00e7as e idosos\u201d, o qual representa uma oportunidade \u00edmpar de forma\u00e7\u00e3o docente para atuar com essas faixas et\u00e1rias, bem como a possibilidade de acesso desses grupos ao ensino-aprendizagem de ingl\u00eas de forma gratuita e em parceria [&hellip;]<\/p>\n","protected":false},"featured_media":6279,"comment_status":"open","ping_status":"closed","template":"","meta":{"_joinchat":[]},"product_brand":[],"product_cat":[165],"product_tag":[],"class_list":{"0":"post-6272","1":"product","2":"type-product","3":"status-publish","4":"has-post-thumbnail","6":"product_cat-ebook","7":"product_shipping_class-download","9":"first","10":"instock","11":"downloadable","12":"virtual","13":"purchasable","14":"product-type-simple"},"yoast_head":"<!-- This site is optimized with the Yoast SEO plugin v27.4 - https:\/\/yoast.com\/product\/yoast-seo-wordpress\/ -->\n<title>Reflex\u00f5es te\u00f3ricas e pr\u00e1ticas sobre ensino-aprendizagem de l\u00edngua inglesa para crian\u00e7as - Pontes Editores<\/title>\n<meta name=\"robots\" content=\"index, follow, max-snippet:-1, max-image-preview:large, max-video-preview:-1\" \/>\n<link rel=\"canonical\" href=\"https:\/\/ponteseditores.com.br\/loja3\/pontes-editores-home-2__trashed\/ebook\/reflexoes-teoricas-e-praticas-sobre-ensino-aprendizagem-de-lingua-inglesa-para-criancas\/\" \/>\n<meta property=\"og:locale\" content=\"pt_BR\" \/>\n<meta property=\"og:type\" content=\"article\" \/>\n<meta property=\"og:title\" content=\"Reflex\u00f5es te\u00f3ricas e pr\u00e1ticas sobre ensino-aprendizagem de l\u00edngua inglesa para crian\u00e7as - Pontes Editores\" \/>\n<meta property=\"og:description\" content=\"Esta colet\u00e2nea apresenta reflex\u00f5es tecidas a partir da participa\u00e7\u00e3o de algumas das autoras no Projeto de Extens\u00e3o \u201cIngl\u00eas para crian\u00e7as e idosos\u201d, o qual representa uma oportunidade \u00edmpar de forma\u00e7\u00e3o docente para atuar com essas faixas et\u00e1rias, bem como a possibilidade de acesso desses grupos ao ensino-aprendizagem de ingl\u00eas de forma gratuita e em parceria [&hellip;]\" \/>\n<meta property=\"og:url\" content=\"https:\/\/ponteseditores.com.br\/loja3\/pontes-editores-home-2__trashed\/ebook\/reflexoes-teoricas-e-praticas-sobre-ensino-aprendizagem-de-lingua-inglesa-para-criancas\/\" \/>\n<meta property=\"og:site_name\" content=\"Pontes Editores\" \/>\n<meta property=\"article:modified_time\" content=\"2026-04-20T00:16:05+00:00\" \/>\n<meta property=\"og:image\" content=\"https:\/\/ponteseditores.com.br\/loja3\/wp-content\/uploads\/2023\/12\/Capa_Reflexoes_Teoricas.jpg\" \/>\n\t<meta property=\"og:image:width\" content=\"1728\" \/>\n\t<meta property=\"og:image:height\" content=\"2443\" \/>\n\t<meta property=\"og:image:type\" content=\"image\/jpeg\" \/>\n<meta name=\"twitter:card\" content=\"summary_large_image\" \/>\n<meta name=\"twitter:label1\" content=\"Est. tempo de leitura\" \/>\n\t<meta name=\"twitter:data1\" content=\"2 minutos\" \/>\n<script type=\"application\/ld+json\" class=\"yoast-schema-graph\">{\"@context\":\"https:\\\/\\\/schema.org\",\"@graph\":[{\"@type\":\"WebPage\",\"@id\":\"https:\\\/\\\/ponteseditores.com.br\\\/loja3\\\/pontes-editores-home-2__trashed\\\/ebook\\\/reflexoes-teoricas-e-praticas-sobre-ensino-aprendizagem-de-lingua-inglesa-para-criancas\\\/\",\"url\":\"https:\\\/\\\/ponteseditores.com.br\\\/loja3\\\/pontes-editores-home-2__trashed\\\/ebook\\\/reflexoes-teoricas-e-praticas-sobre-ensino-aprendizagem-de-lingua-inglesa-para-criancas\\\/\",\"name\":\"Reflex\u00f5es te\u00f3ricas e pr\u00e1ticas sobre ensino-aprendizagem de l\u00edngua inglesa para crian\u00e7as - Pontes Editores\",\"isPartOf\":{\"@id\":\"https:\\\/\\\/ponteseditores.com.br\\\/loja3\\\/#website\"},\"primaryImageOfPage\":{\"@id\":\"https:\\\/\\\/ponteseditores.com.br\\\/loja3\\\/pontes-editores-home-2__trashed\\\/ebook\\\/reflexoes-teoricas-e-praticas-sobre-ensino-aprendizagem-de-lingua-inglesa-para-criancas\\\/#primaryimage\"},\"image\":{\"@id\":\"https:\\\/\\\/ponteseditores.com.br\\\/loja3\\\/pontes-editores-home-2__trashed\\\/ebook\\\/reflexoes-teoricas-e-praticas-sobre-ensino-aprendizagem-de-lingua-inglesa-para-criancas\\\/#primaryimage\"},\"thumbnailUrl\":\"https:\\\/\\\/ponteseditores.com.br\\\/loja3\\\/wp-content\\\/uploads\\\/2023\\\/12\\\/Capa_Reflexoes_Teoricas.jpg\",\"datePublished\":\"2023-12-11T16:55:45+00:00\",\"dateModified\":\"2026-04-20T00:16:05+00:00\",\"breadcrumb\":{\"@id\":\"https:\\\/\\\/ponteseditores.com.br\\\/loja3\\\/pontes-editores-home-2__trashed\\\/ebook\\\/reflexoes-teoricas-e-praticas-sobre-ensino-aprendizagem-de-lingua-inglesa-para-criancas\\\/#breadcrumb\"},\"inLanguage\":\"pt-BR\",\"potentialAction\":[{\"@type\":\"ReadAction\",\"target\":[\"https:\\\/\\\/ponteseditores.com.br\\\/loja3\\\/pontes-editores-home-2__trashed\\\/ebook\\\/reflexoes-teoricas-e-praticas-sobre-ensino-aprendizagem-de-lingua-inglesa-para-criancas\\\/\"]}]},{\"@type\":\"ImageObject\",\"inLanguage\":\"pt-BR\",\"@id\":\"https:\\\/\\\/ponteseditores.com.br\\\/loja3\\\/pontes-editores-home-2__trashed\\\/ebook\\\/reflexoes-teoricas-e-praticas-sobre-ensino-aprendizagem-de-lingua-inglesa-para-criancas\\\/#primaryimage\",\"url\":\"https:\\\/\\\/ponteseditores.com.br\\\/loja3\\\/wp-content\\\/uploads\\\/2023\\\/12\\\/Capa_Reflexoes_Teoricas.jpg\",\"contentUrl\":\"https:\\\/\\\/ponteseditores.com.br\\\/loja3\\\/wp-content\\\/uploads\\\/2023\\\/12\\\/Capa_Reflexoes_Teoricas.jpg\",\"width\":1728,\"height\":2443},{\"@type\":\"BreadcrumbList\",\"@id\":\"https:\\\/\\\/ponteseditores.com.br\\\/loja3\\\/pontes-editores-home-2__trashed\\\/ebook\\\/reflexoes-teoricas-e-praticas-sobre-ensino-aprendizagem-de-lingua-inglesa-para-criancas\\\/#breadcrumb\",\"itemListElement\":[{\"@type\":\"ListItem\",\"position\":1,\"name\":\"Home\",\"item\":\"https:\\\/\\\/ponteseditores.com.br\\\/loja3\\\/\"},{\"@type\":\"ListItem\",\"position\":2,\"name\":\"loja\",\"item\":\"https:\\\/\\\/ponteseditores.com.br\\\/loja3\\\/loja\\\/\"},{\"@type\":\"ListItem\",\"position\":3,\"name\":\"Reflex\u00f5es te\u00f3ricas e pr\u00e1ticas sobre ensino-aprendizagem de l\u00edngua inglesa para crian\u00e7as\"}]},{\"@type\":\"WebSite\",\"@id\":\"https:\\\/\\\/ponteseditores.com.br\\\/loja3\\\/#website\",\"url\":\"https:\\\/\\\/ponteseditores.com.br\\\/loja3\\\/\",\"name\":\"Pontes Editores\",\"description\":\"Pontes Editores\",\"publisher\":{\"@id\":\"https:\\\/\\\/ponteseditores.com.br\\\/loja3\\\/#organization\"},\"potentialAction\":[{\"@type\":\"SearchAction\",\"target\":{\"@type\":\"EntryPoint\",\"urlTemplate\":\"https:\\\/\\\/ponteseditores.com.br\\\/loja3\\\/?s={search_term_string}\"},\"query-input\":{\"@type\":\"PropertyValueSpecification\",\"valueRequired\":true,\"valueName\":\"search_term_string\"}}],\"inLanguage\":\"pt-BR\"},{\"@type\":\"Organization\",\"@id\":\"https:\\\/\\\/ponteseditores.com.br\\\/loja3\\\/#organization\",\"name\":\"Pontes Editores\",\"url\":\"https:\\\/\\\/ponteseditores.com.br\\\/loja3\\\/\",\"logo\":{\"@type\":\"ImageObject\",\"inLanguage\":\"pt-BR\",\"@id\":\"https:\\\/\\\/ponteseditores.com.br\\\/loja3\\\/#\\\/schema\\\/logo\\\/image\\\/\",\"url\":\"https:\\\/\\\/ponteseditores.com.br\\\/loja3\\\/wp-content\\\/uploads\\\/2023\\\/12\\\/logo-pontes-editores-v2.png\",\"contentUrl\":\"https:\\\/\\\/ponteseditores.com.br\\\/loja3\\\/wp-content\\\/uploads\\\/2023\\\/12\\\/logo-pontes-editores-v2.png\",\"width\":258,\"height\":100,\"caption\":\"Pontes Editores\"},\"image\":{\"@id\":\"https:\\\/\\\/ponteseditores.com.br\\\/loja3\\\/#\\\/schema\\\/logo\\\/image\\\/\"}}]}<\/script>\n<!-- \/ Yoast SEO plugin. -->","yoast_head_json":{"title":"Reflex\u00f5es te\u00f3ricas e pr\u00e1ticas sobre ensino-aprendizagem de l\u00edngua inglesa para crian\u00e7as - Pontes Editores","robots":{"index":"index","follow":"follow","max-snippet":"max-snippet:-1","max-image-preview":"max-image-preview:large","max-video-preview":"max-video-preview:-1"},"canonical":"https:\/\/ponteseditores.com.br\/loja3\/pontes-editores-home-2__trashed\/ebook\/reflexoes-teoricas-e-praticas-sobre-ensino-aprendizagem-de-lingua-inglesa-para-criancas\/","og_locale":"pt_BR","og_type":"article","og_title":"Reflex\u00f5es te\u00f3ricas e pr\u00e1ticas sobre ensino-aprendizagem de l\u00edngua inglesa para crian\u00e7as - Pontes Editores","og_description":"Esta colet\u00e2nea apresenta reflex\u00f5es tecidas a partir da participa\u00e7\u00e3o de algumas das autoras no Projeto de Extens\u00e3o \u201cIngl\u00eas para crian\u00e7as e idosos\u201d, o qual representa uma oportunidade \u00edmpar de forma\u00e7\u00e3o docente para atuar com essas faixas et\u00e1rias, bem como a possibilidade de acesso desses grupos ao ensino-aprendizagem de ingl\u00eas de forma gratuita e em parceria [&hellip;]","og_url":"https:\/\/ponteseditores.com.br\/loja3\/pontes-editores-home-2__trashed\/ebook\/reflexoes-teoricas-e-praticas-sobre-ensino-aprendizagem-de-lingua-inglesa-para-criancas\/","og_site_name":"Pontes Editores","article_modified_time":"2026-04-20T00:16:05+00:00","og_image":[{"width":1728,"height":2443,"url":"https:\/\/ponteseditores.com.br\/loja3\/wp-content\/uploads\/2023\/12\/Capa_Reflexoes_Teoricas.jpg","type":"image\/jpeg"}],"twitter_card":"summary_large_image","twitter_misc":{"Est. tempo de leitura":"2 minutos"},"schema":{"@context":"https:\/\/schema.org","@graph":[{"@type":"WebPage","@id":"https:\/\/ponteseditores.com.br\/loja3\/pontes-editores-home-2__trashed\/ebook\/reflexoes-teoricas-e-praticas-sobre-ensino-aprendizagem-de-lingua-inglesa-para-criancas\/","url":"https:\/\/ponteseditores.com.br\/loja3\/pontes-editores-home-2__trashed\/ebook\/reflexoes-teoricas-e-praticas-sobre-ensino-aprendizagem-de-lingua-inglesa-para-criancas\/","name":"Reflex\u00f5es te\u00f3ricas e pr\u00e1ticas sobre ensino-aprendizagem de l\u00edngua inglesa para crian\u00e7as - Pontes Editores","isPartOf":{"@id":"https:\/\/ponteseditores.com.br\/loja3\/#website"},"primaryImageOfPage":{"@id":"https:\/\/ponteseditores.com.br\/loja3\/pontes-editores-home-2__trashed\/ebook\/reflexoes-teoricas-e-praticas-sobre-ensino-aprendizagem-de-lingua-inglesa-para-criancas\/#primaryimage"},"image":{"@id":"https:\/\/ponteseditores.com.br\/loja3\/pontes-editores-home-2__trashed\/ebook\/reflexoes-teoricas-e-praticas-sobre-ensino-aprendizagem-de-lingua-inglesa-para-criancas\/#primaryimage"},"thumbnailUrl":"https:\/\/ponteseditores.com.br\/loja3\/wp-content\/uploads\/2023\/12\/Capa_Reflexoes_Teoricas.jpg","datePublished":"2023-12-11T16:55:45+00:00","dateModified":"2026-04-20T00:16:05+00:00","breadcrumb":{"@id":"https:\/\/ponteseditores.com.br\/loja3\/pontes-editores-home-2__trashed\/ebook\/reflexoes-teoricas-e-praticas-sobre-ensino-aprendizagem-de-lingua-inglesa-para-criancas\/#breadcrumb"},"inLanguage":"pt-BR","potentialAction":[{"@type":"ReadAction","target":["https:\/\/ponteseditores.com.br\/loja3\/pontes-editores-home-2__trashed\/ebook\/reflexoes-teoricas-e-praticas-sobre-ensino-aprendizagem-de-lingua-inglesa-para-criancas\/"]}]},{"@type":"ImageObject","inLanguage":"pt-BR","@id":"https:\/\/ponteseditores.com.br\/loja3\/pontes-editores-home-2__trashed\/ebook\/reflexoes-teoricas-e-praticas-sobre-ensino-aprendizagem-de-lingua-inglesa-para-criancas\/#primaryimage","url":"https:\/\/ponteseditores.com.br\/loja3\/wp-content\/uploads\/2023\/12\/Capa_Reflexoes_Teoricas.jpg","contentUrl":"https:\/\/ponteseditores.com.br\/loja3\/wp-content\/uploads\/2023\/12\/Capa_Reflexoes_Teoricas.jpg","width":1728,"height":2443},{"@type":"BreadcrumbList","@id":"https:\/\/ponteseditores.com.br\/loja3\/pontes-editores-home-2__trashed\/ebook\/reflexoes-teoricas-e-praticas-sobre-ensino-aprendizagem-de-lingua-inglesa-para-criancas\/#breadcrumb","itemListElement":[{"@type":"ListItem","position":1,"name":"Home","item":"https:\/\/ponteseditores.com.br\/loja3\/"},{"@type":"ListItem","position":2,"name":"loja","item":"https:\/\/ponteseditores.com.br\/loja3\/loja\/"},{"@type":"ListItem","position":3,"name":"Reflex\u00f5es te\u00f3ricas e pr\u00e1ticas sobre ensino-aprendizagem de l\u00edngua inglesa para crian\u00e7as"}]},{"@type":"WebSite","@id":"https:\/\/ponteseditores.com.br\/loja3\/#website","url":"https:\/\/ponteseditores.com.br\/loja3\/","name":"Pontes Editores","description":"Pontes Editores","publisher":{"@id":"https:\/\/ponteseditores.com.br\/loja3\/#organization"},"potentialAction":[{"@type":"SearchAction","target":{"@type":"EntryPoint","urlTemplate":"https:\/\/ponteseditores.com.br\/loja3\/?s={search_term_string}"},"query-input":{"@type":"PropertyValueSpecification","valueRequired":true,"valueName":"search_term_string"}}],"inLanguage":"pt-BR"},{"@type":"Organization","@id":"https:\/\/ponteseditores.com.br\/loja3\/#organization","name":"Pontes Editores","url":"https:\/\/ponteseditores.com.br\/loja3\/","logo":{"@type":"ImageObject","inLanguage":"pt-BR","@id":"https:\/\/ponteseditores.com.br\/loja3\/#\/schema\/logo\/image\/","url":"https:\/\/ponteseditores.com.br\/loja3\/wp-content\/uploads\/2023\/12\/logo-pontes-editores-v2.png","contentUrl":"https:\/\/ponteseditores.com.br\/loja3\/wp-content\/uploads\/2023\/12\/logo-pontes-editores-v2.png","width":258,"height":100,"caption":"Pontes Editores"},"image":{"@id":"https:\/\/ponteseditores.com.br\/loja3\/#\/schema\/logo\/image\/"}}]}},"_links":{"self":[{"href":"https:\/\/ponteseditores.com.br\/loja3\/wp-json\/wp\/v2\/product\/6272","targetHints":{"allow":["GET"]}}],"collection":[{"href":"https:\/\/ponteseditores.com.br\/loja3\/wp-json\/wp\/v2\/product"}],"about":[{"href":"https:\/\/ponteseditores.com.br\/loja3\/wp-json\/wp\/v2\/types\/product"}],"replies":[{"embeddable":true,"href":"https:\/\/ponteseditores.com.br\/loja3\/wp-json\/wp\/v2\/comments?post=6272"}],"version-history":[{"count":0,"href":"https:\/\/ponteseditores.com.br\/loja3\/wp-json\/wp\/v2\/product\/6272\/revisions"}],"wp:featuredmedia":[{"embeddable":true,"href":"https:\/\/ponteseditores.com.br\/loja3\/wp-json\/wp\/v2\/media\/6279"}],"wp:attachment":[{"href":"https:\/\/ponteseditores.com.br\/loja3\/wp-json\/wp\/v2\/media?parent=6272"}],"wp:term":[{"taxonomy":"product_brand","embeddable":true,"href":"https:\/\/ponteseditores.com.br\/loja3\/wp-json\/wp\/v2\/product_brand?post=6272"},{"taxonomy":"product_cat","embeddable":true,"href":"https:\/\/ponteseditores.com.br\/loja3\/wp-json\/wp\/v2\/product_cat?post=6272"},{"taxonomy":"product_tag","embeddable":true,"href":"https:\/\/ponteseditores.com.br\/loja3\/wp-json\/wp\/v2\/product_tag?post=6272"}],"curies":[{"name":"wp","href":"https:\/\/api.w.org\/{rel}","templated":true}]}}