{"id":6248,"date":"2023-12-11T13:33:59","date_gmt":"2023-12-11T16:33:59","guid":{"rendered":"https:\/\/ponteseditores.com.br\/loja3\/?post_type=product&#038;p=6248"},"modified":"2026-03-24T13:01:06","modified_gmt":"2026-03-24T16:01:06","slug":"possibilidades-de-compreensao-da-pratica-escolar-com-o-apoio-das-representacoes-sociais","status":"publish","type":"product","link":"https:\/\/ponteseditores.com.br\/loja3\/pontes-editores-home-2__trashed\/ebook\/possibilidades-de-compreensao-da-pratica-escolar-com-o-apoio-das-representacoes-sociais\/","title":{"rendered":"Possibilidades de compreens\u00e3o da pr\u00e1tica escolar com o apoio das representa\u00e7\u00f5es sociais"},"content":{"rendered":"<p>O conjunto dos artigos representa o esfor\u00e7o coletivo da sua organizadora e dos profissionais envolvidos e que atuam em diferentes segmentos da Educa\u00e7\u00e3o B\u00e1sica, seja diretamente no espa\u00e7o escolar formal, seja em espa\u00e7os n\u00e3o escolares, como os relacionados ao atendimento socioeducativo, aqui abordado na sua rela\u00e7\u00e3o com os jovens com restri\u00e7\u00e3o de liberdade por terem incorrido em ato infracional. Os caminhos poss\u00edveis de olhar e compreender a educa\u00e7\u00e3o e as pr\u00e1ticas pedag\u00f3gicas com a lente das Representa\u00e7\u00f5es Sociais s\u00e3o aqui ampliados e se entrecruzam numa variedade de tem\u00e1ticas que integram um prop\u00f3sito comum: pensar, refletir e transformar a educa\u00e7\u00e3o pela compreens\u00e3o dos v\u00ednculos, das rela\u00e7\u00f5es pessoais, sociais e culturais.<\/p>\n<p>A an\u00e1lise desses mecanismos nos contextos escolares e extraescolares trazida pelas diversas pesquisas apresentadas revelou a for\u00e7a sociais e a oportunidade de cada formador dar sentido ao modo de atuar e compreender o meio onde est\u00e1 atuando. Ao trazerem suas an\u00e1lises, os autores conduzem o leitor a compreender a complexidade do trabalho que os professores e os educadores sociais realizam em seu cotidiano e que requer deles os saberes espec\u00edficos e t\u00edpicos do of\u00edcio de ensinar. Desse modo, os textos deixam aberto ao leitor a possibilidade n\u00e3o s\u00f3 de perceber a preocupa\u00e7\u00e3o conceitual que os atravessa, como tamb\u00e9m de alargar o olhar e apreender as rela\u00e7\u00f5es entre representa\u00e7\u00f5es sociais e saberes desses educadores\/formadores que atuam em diferentes contextos e segmentos do ensino.<\/p>\n<p>&nbsp;<\/p>\n<p>Laurizete Ferragutti Passos<\/p>\n","protected":false},"excerpt":{"rendered":"<p>O conjunto dos artigos representa o esfor\u00e7o coletivo da sua organizadora e dos profissionais envolvidos e que atuam em diferentes segmentos da Educa\u00e7\u00e3o B\u00e1sica, seja diretamente no espa\u00e7o escolar formal, seja em espa\u00e7os n\u00e3o escolares, como os relacionados ao atendimento socioeducativo, aqui abordado na sua rela\u00e7\u00e3o com os jovens com restri\u00e7\u00e3o de liberdade por terem [&hellip;]<\/p>\n","protected":false},"featured_media":6256,"comment_status":"open","ping_status":"closed","template":"","meta":{"_joinchat":[]},"product_brand":[],"product_cat":[165],"product_tag":[],"class_list":{"0":"post-6248","1":"product","2":"type-product","3":"status-publish","4":"has-post-thumbnail","6":"product_cat-ebook","7":"product_shipping_class-download","9":"first","10":"instock","11":"downloadable","12":"virtual","13":"purchasable","14":"product-type-simple"},"yoast_head":"<!-- This site is optimized with the Yoast SEO plugin v27.4 - https:\/\/yoast.com\/product\/yoast-seo-wordpress\/ -->\n<title>Possibilidades de compreens\u00e3o da pr\u00e1tica escolar com o apoio das representa\u00e7\u00f5es sociais - Pontes Editores<\/title>\n<meta name=\"robots\" content=\"index, follow, max-snippet:-1, max-image-preview:large, max-video-preview:-1\" \/>\n<link rel=\"canonical\" href=\"https:\/\/ponteseditores.com.br\/loja3\/pontes-editores-home-2__trashed\/ebook\/possibilidades-de-compreensao-da-pratica-escolar-com-o-apoio-das-representacoes-sociais\/\" \/>\n<meta property=\"og:locale\" content=\"pt_BR\" \/>\n<meta property=\"og:type\" content=\"article\" \/>\n<meta property=\"og:title\" content=\"Possibilidades de compreens\u00e3o da pr\u00e1tica escolar com o apoio das representa\u00e7\u00f5es sociais - Pontes Editores\" \/>\n<meta property=\"og:description\" content=\"O conjunto dos artigos representa o esfor\u00e7o coletivo da sua organizadora e dos profissionais envolvidos e que atuam em diferentes segmentos da Educa\u00e7\u00e3o B\u00e1sica, seja diretamente no espa\u00e7o escolar formal, seja em espa\u00e7os n\u00e3o escolares, como os relacionados ao atendimento socioeducativo, aqui abordado na sua rela\u00e7\u00e3o com os jovens com restri\u00e7\u00e3o de liberdade por terem [&hellip;]\" \/>\n<meta property=\"og:url\" content=\"https:\/\/ponteseditores.com.br\/loja3\/pontes-editores-home-2__trashed\/ebook\/possibilidades-de-compreensao-da-pratica-escolar-com-o-apoio-das-representacoes-sociais\/\" \/>\n<meta property=\"og:site_name\" content=\"Pontes Editores\" \/>\n<meta property=\"article:modified_time\" content=\"2026-03-24T16:01:06+00:00\" \/>\n<meta property=\"og:image\" content=\"https:\/\/ponteseditores.com.br\/loja3\/wp-content\/uploads\/2023\/12\/Capa_Possibilidades_Compreensao.jpg\" \/>\n\t<meta property=\"og:image:width\" content=\"1728\" \/>\n\t<meta property=\"og:image:height\" content=\"2443\" \/>\n\t<meta property=\"og:image:type\" content=\"image\/jpeg\" \/>\n<meta name=\"twitter:card\" content=\"summary_large_image\" \/>\n<meta name=\"twitter:label1\" content=\"Est. tempo de leitura\" \/>\n\t<meta name=\"twitter:data1\" content=\"2 minutos\" \/>\n<script type=\"application\/ld+json\" class=\"yoast-schema-graph\">{\"@context\":\"https:\\\/\\\/schema.org\",\"@graph\":[{\"@type\":\"WebPage\",\"@id\":\"https:\\\/\\\/ponteseditores.com.br\\\/loja3\\\/pontes-editores-home-2__trashed\\\/ebook\\\/possibilidades-de-compreensao-da-pratica-escolar-com-o-apoio-das-representacoes-sociais\\\/\",\"url\":\"https:\\\/\\\/ponteseditores.com.br\\\/loja3\\\/pontes-editores-home-2__trashed\\\/ebook\\\/possibilidades-de-compreensao-da-pratica-escolar-com-o-apoio-das-representacoes-sociais\\\/\",\"name\":\"Possibilidades de compreens\u00e3o da pr\u00e1tica escolar com o apoio das representa\u00e7\u00f5es sociais - Pontes Editores\",\"isPartOf\":{\"@id\":\"https:\\\/\\\/ponteseditores.com.br\\\/loja3\\\/#website\"},\"primaryImageOfPage\":{\"@id\":\"https:\\\/\\\/ponteseditores.com.br\\\/loja3\\\/pontes-editores-home-2__trashed\\\/ebook\\\/possibilidades-de-compreensao-da-pratica-escolar-com-o-apoio-das-representacoes-sociais\\\/#primaryimage\"},\"image\":{\"@id\":\"https:\\\/\\\/ponteseditores.com.br\\\/loja3\\\/pontes-editores-home-2__trashed\\\/ebook\\\/possibilidades-de-compreensao-da-pratica-escolar-com-o-apoio-das-representacoes-sociais\\\/#primaryimage\"},\"thumbnailUrl\":\"https:\\\/\\\/ponteseditores.com.br\\\/loja3\\\/wp-content\\\/uploads\\\/2023\\\/12\\\/Capa_Possibilidades_Compreensao.jpg\",\"datePublished\":\"2023-12-11T16:33:59+00:00\",\"dateModified\":\"2026-03-24T16:01:06+00:00\",\"breadcrumb\":{\"@id\":\"https:\\\/\\\/ponteseditores.com.br\\\/loja3\\\/pontes-editores-home-2__trashed\\\/ebook\\\/possibilidades-de-compreensao-da-pratica-escolar-com-o-apoio-das-representacoes-sociais\\\/#breadcrumb\"},\"inLanguage\":\"pt-BR\",\"potentialAction\":[{\"@type\":\"ReadAction\",\"target\":[\"https:\\\/\\\/ponteseditores.com.br\\\/loja3\\\/pontes-editores-home-2__trashed\\\/ebook\\\/possibilidades-de-compreensao-da-pratica-escolar-com-o-apoio-das-representacoes-sociais\\\/\"]}]},{\"@type\":\"ImageObject\",\"inLanguage\":\"pt-BR\",\"@id\":\"https:\\\/\\\/ponteseditores.com.br\\\/loja3\\\/pontes-editores-home-2__trashed\\\/ebook\\\/possibilidades-de-compreensao-da-pratica-escolar-com-o-apoio-das-representacoes-sociais\\\/#primaryimage\",\"url\":\"https:\\\/\\\/ponteseditores.com.br\\\/loja3\\\/wp-content\\\/uploads\\\/2023\\\/12\\\/Capa_Possibilidades_Compreensao.jpg\",\"contentUrl\":\"https:\\\/\\\/ponteseditores.com.br\\\/loja3\\\/wp-content\\\/uploads\\\/2023\\\/12\\\/Capa_Possibilidades_Compreensao.jpg\",\"width\":1728,\"height\":2443},{\"@type\":\"BreadcrumbList\",\"@id\":\"https:\\\/\\\/ponteseditores.com.br\\\/loja3\\\/pontes-editores-home-2__trashed\\\/ebook\\\/possibilidades-de-compreensao-da-pratica-escolar-com-o-apoio-das-representacoes-sociais\\\/#breadcrumb\",\"itemListElement\":[{\"@type\":\"ListItem\",\"position\":1,\"name\":\"Home\",\"item\":\"https:\\\/\\\/ponteseditores.com.br\\\/loja3\\\/\"},{\"@type\":\"ListItem\",\"position\":2,\"name\":\"loja\",\"item\":\"https:\\\/\\\/ponteseditores.com.br\\\/loja3\\\/loja\\\/\"},{\"@type\":\"ListItem\",\"position\":3,\"name\":\"Possibilidades de compreens\u00e3o da pr\u00e1tica escolar com o apoio das representa\u00e7\u00f5es sociais\"}]},{\"@type\":\"WebSite\",\"@id\":\"https:\\\/\\\/ponteseditores.com.br\\\/loja3\\\/#website\",\"url\":\"https:\\\/\\\/ponteseditores.com.br\\\/loja3\\\/\",\"name\":\"Pontes Editores\",\"description\":\"Pontes Editores\",\"publisher\":{\"@id\":\"https:\\\/\\\/ponteseditores.com.br\\\/loja3\\\/#organization\"},\"potentialAction\":[{\"@type\":\"SearchAction\",\"target\":{\"@type\":\"EntryPoint\",\"urlTemplate\":\"https:\\\/\\\/ponteseditores.com.br\\\/loja3\\\/?s={search_term_string}\"},\"query-input\":{\"@type\":\"PropertyValueSpecification\",\"valueRequired\":true,\"valueName\":\"search_term_string\"}}],\"inLanguage\":\"pt-BR\"},{\"@type\":\"Organization\",\"@id\":\"https:\\\/\\\/ponteseditores.com.br\\\/loja3\\\/#organization\",\"name\":\"Pontes Editores\",\"url\":\"https:\\\/\\\/ponteseditores.com.br\\\/loja3\\\/\",\"logo\":{\"@type\":\"ImageObject\",\"inLanguage\":\"pt-BR\",\"@id\":\"https:\\\/\\\/ponteseditores.com.br\\\/loja3\\\/#\\\/schema\\\/logo\\\/image\\\/\",\"url\":\"https:\\\/\\\/ponteseditores.com.br\\\/loja3\\\/wp-content\\\/uploads\\\/2023\\\/12\\\/logo-pontes-editores-v2.png\",\"contentUrl\":\"https:\\\/\\\/ponteseditores.com.br\\\/loja3\\\/wp-content\\\/uploads\\\/2023\\\/12\\\/logo-pontes-editores-v2.png\",\"width\":258,\"height\":100,\"caption\":\"Pontes Editores\"},\"image\":{\"@id\":\"https:\\\/\\\/ponteseditores.com.br\\\/loja3\\\/#\\\/schema\\\/logo\\\/image\\\/\"}}]}<\/script>\n<!-- \/ Yoast SEO plugin. -->","yoast_head_json":{"title":"Possibilidades de compreens\u00e3o da pr\u00e1tica escolar com o apoio das representa\u00e7\u00f5es sociais - Pontes Editores","robots":{"index":"index","follow":"follow","max-snippet":"max-snippet:-1","max-image-preview":"max-image-preview:large","max-video-preview":"max-video-preview:-1"},"canonical":"https:\/\/ponteseditores.com.br\/loja3\/pontes-editores-home-2__trashed\/ebook\/possibilidades-de-compreensao-da-pratica-escolar-com-o-apoio-das-representacoes-sociais\/","og_locale":"pt_BR","og_type":"article","og_title":"Possibilidades de compreens\u00e3o da pr\u00e1tica escolar com o apoio das representa\u00e7\u00f5es sociais - Pontes Editores","og_description":"O conjunto dos artigos representa o esfor\u00e7o coletivo da sua organizadora e dos profissionais envolvidos e que atuam em diferentes segmentos da Educa\u00e7\u00e3o B\u00e1sica, seja diretamente no espa\u00e7o escolar formal, seja em espa\u00e7os n\u00e3o escolares, como os relacionados ao atendimento socioeducativo, aqui abordado na sua rela\u00e7\u00e3o com os jovens com restri\u00e7\u00e3o de liberdade por terem [&hellip;]","og_url":"https:\/\/ponteseditores.com.br\/loja3\/pontes-editores-home-2__trashed\/ebook\/possibilidades-de-compreensao-da-pratica-escolar-com-o-apoio-das-representacoes-sociais\/","og_site_name":"Pontes Editores","article_modified_time":"2026-03-24T16:01:06+00:00","og_image":[{"width":1728,"height":2443,"url":"https:\/\/ponteseditores.com.br\/loja3\/wp-content\/uploads\/2023\/12\/Capa_Possibilidades_Compreensao.jpg","type":"image\/jpeg"}],"twitter_card":"summary_large_image","twitter_misc":{"Est. tempo de leitura":"2 minutos"},"schema":{"@context":"https:\/\/schema.org","@graph":[{"@type":"WebPage","@id":"https:\/\/ponteseditores.com.br\/loja3\/pontes-editores-home-2__trashed\/ebook\/possibilidades-de-compreensao-da-pratica-escolar-com-o-apoio-das-representacoes-sociais\/","url":"https:\/\/ponteseditores.com.br\/loja3\/pontes-editores-home-2__trashed\/ebook\/possibilidades-de-compreensao-da-pratica-escolar-com-o-apoio-das-representacoes-sociais\/","name":"Possibilidades de compreens\u00e3o da pr\u00e1tica escolar com o apoio das representa\u00e7\u00f5es sociais - Pontes Editores","isPartOf":{"@id":"https:\/\/ponteseditores.com.br\/loja3\/#website"},"primaryImageOfPage":{"@id":"https:\/\/ponteseditores.com.br\/loja3\/pontes-editores-home-2__trashed\/ebook\/possibilidades-de-compreensao-da-pratica-escolar-com-o-apoio-das-representacoes-sociais\/#primaryimage"},"image":{"@id":"https:\/\/ponteseditores.com.br\/loja3\/pontes-editores-home-2__trashed\/ebook\/possibilidades-de-compreensao-da-pratica-escolar-com-o-apoio-das-representacoes-sociais\/#primaryimage"},"thumbnailUrl":"https:\/\/ponteseditores.com.br\/loja3\/wp-content\/uploads\/2023\/12\/Capa_Possibilidades_Compreensao.jpg","datePublished":"2023-12-11T16:33:59+00:00","dateModified":"2026-03-24T16:01:06+00:00","breadcrumb":{"@id":"https:\/\/ponteseditores.com.br\/loja3\/pontes-editores-home-2__trashed\/ebook\/possibilidades-de-compreensao-da-pratica-escolar-com-o-apoio-das-representacoes-sociais\/#breadcrumb"},"inLanguage":"pt-BR","potentialAction":[{"@type":"ReadAction","target":["https:\/\/ponteseditores.com.br\/loja3\/pontes-editores-home-2__trashed\/ebook\/possibilidades-de-compreensao-da-pratica-escolar-com-o-apoio-das-representacoes-sociais\/"]}]},{"@type":"ImageObject","inLanguage":"pt-BR","@id":"https:\/\/ponteseditores.com.br\/loja3\/pontes-editores-home-2__trashed\/ebook\/possibilidades-de-compreensao-da-pratica-escolar-com-o-apoio-das-representacoes-sociais\/#primaryimage","url":"https:\/\/ponteseditores.com.br\/loja3\/wp-content\/uploads\/2023\/12\/Capa_Possibilidades_Compreensao.jpg","contentUrl":"https:\/\/ponteseditores.com.br\/loja3\/wp-content\/uploads\/2023\/12\/Capa_Possibilidades_Compreensao.jpg","width":1728,"height":2443},{"@type":"BreadcrumbList","@id":"https:\/\/ponteseditores.com.br\/loja3\/pontes-editores-home-2__trashed\/ebook\/possibilidades-de-compreensao-da-pratica-escolar-com-o-apoio-das-representacoes-sociais\/#breadcrumb","itemListElement":[{"@type":"ListItem","position":1,"name":"Home","item":"https:\/\/ponteseditores.com.br\/loja3\/"},{"@type":"ListItem","position":2,"name":"loja","item":"https:\/\/ponteseditores.com.br\/loja3\/loja\/"},{"@type":"ListItem","position":3,"name":"Possibilidades de compreens\u00e3o da pr\u00e1tica escolar com o apoio das representa\u00e7\u00f5es sociais"}]},{"@type":"WebSite","@id":"https:\/\/ponteseditores.com.br\/loja3\/#website","url":"https:\/\/ponteseditores.com.br\/loja3\/","name":"Pontes Editores","description":"Pontes Editores","publisher":{"@id":"https:\/\/ponteseditores.com.br\/loja3\/#organization"},"potentialAction":[{"@type":"SearchAction","target":{"@type":"EntryPoint","urlTemplate":"https:\/\/ponteseditores.com.br\/loja3\/?s={search_term_string}"},"query-input":{"@type":"PropertyValueSpecification","valueRequired":true,"valueName":"search_term_string"}}],"inLanguage":"pt-BR"},{"@type":"Organization","@id":"https:\/\/ponteseditores.com.br\/loja3\/#organization","name":"Pontes Editores","url":"https:\/\/ponteseditores.com.br\/loja3\/","logo":{"@type":"ImageObject","inLanguage":"pt-BR","@id":"https:\/\/ponteseditores.com.br\/loja3\/#\/schema\/logo\/image\/","url":"https:\/\/ponteseditores.com.br\/loja3\/wp-content\/uploads\/2023\/12\/logo-pontes-editores-v2.png","contentUrl":"https:\/\/ponteseditores.com.br\/loja3\/wp-content\/uploads\/2023\/12\/logo-pontes-editores-v2.png","width":258,"height":100,"caption":"Pontes Editores"},"image":{"@id":"https:\/\/ponteseditores.com.br\/loja3\/#\/schema\/logo\/image\/"}}]}},"_links":{"self":[{"href":"https:\/\/ponteseditores.com.br\/loja3\/wp-json\/wp\/v2\/product\/6248","targetHints":{"allow":["GET"]}}],"collection":[{"href":"https:\/\/ponteseditores.com.br\/loja3\/wp-json\/wp\/v2\/product"}],"about":[{"href":"https:\/\/ponteseditores.com.br\/loja3\/wp-json\/wp\/v2\/types\/product"}],"replies":[{"embeddable":true,"href":"https:\/\/ponteseditores.com.br\/loja3\/wp-json\/wp\/v2\/comments?post=6248"}],"version-history":[{"count":0,"href":"https:\/\/ponteseditores.com.br\/loja3\/wp-json\/wp\/v2\/product\/6248\/revisions"}],"wp:featuredmedia":[{"embeddable":true,"href":"https:\/\/ponteseditores.com.br\/loja3\/wp-json\/wp\/v2\/media\/6256"}],"wp:attachment":[{"href":"https:\/\/ponteseditores.com.br\/loja3\/wp-json\/wp\/v2\/media?parent=6248"}],"wp:term":[{"taxonomy":"product_brand","embeddable":true,"href":"https:\/\/ponteseditores.com.br\/loja3\/wp-json\/wp\/v2\/product_brand?post=6248"},{"taxonomy":"product_cat","embeddable":true,"href":"https:\/\/ponteseditores.com.br\/loja3\/wp-json\/wp\/v2\/product_cat?post=6248"},{"taxonomy":"product_tag","embeddable":true,"href":"https:\/\/ponteseditores.com.br\/loja3\/wp-json\/wp\/v2\/product_tag?post=6248"}],"curies":[{"name":"wp","href":"https:\/\/api.w.org\/{rel}","templated":true}]}}