{"id":5708,"date":"2023-12-11T00:56:43","date_gmt":"2023-12-11T03:56:43","guid":{"rendered":"https:\/\/ponteseditores.com.br\/loja3\/produto\/produto-700\/"},"modified":"2025-11-28T16:33:03","modified_gmt":"2025-11-28T19:33:03","slug":"produto-700","status":"publish","type":"product","link":"https:\/\/ponteseditores.com.br\/loja3\/pontes-editores-home-2__trashed\/leitura\/produto-700\/","title":{"rendered":"PROJETOS DE LEITURA E ESCRITA: POSSIBILIDADES DE TRABALHO COM A L\u00cdNGUA PORTUGUESA NO ENSINO FUNDAMENTAL"},"content":{"rendered":"<p>POR QUE UM PESCADOR?<\/p>\n<p>                Seria pretencioso refutar a genialidade de Guimar\u00e3es Rosa, por usar um homem dentro de uma canoa, no conto \u201cA Terceira Margem do Rio\u201d, j\u00e1 que o intuito dele era fazer o homem refletir sobre a am\u00e1lgama do ser. Aqui, o pescador foi escolhido (para a capa) como o s\u00edmbolo do homem que paira sobre o limite: da superficialidade e da profundidade.<\/p>\n<p>                Um personagem que desliza em sua pequena canoa, sobre o que traz vida e morte. Este homem &#8211; o pescador- \u00e9 aquele que atravessa os \u00e2mbitos lingu\u00edsticos, em todas as vertentes poss\u00edveis. Envereda nos m\u00edticos rios da literatura. Passa com sua canoa pelas lendas, pelos contos, pelas can\u00e7\u00f5es, pelos poemas&#8230; at\u00e9 chegar nos &#8220;causos&#8221;.<\/p>\n<p>                Quem nunca ouviu as intrigantes e inveross\u00edmeis hist\u00f3rias de pescador? O ribeirinho que exerce por excel\u00eancia essa profiss\u00e3o, o dom de conhecer os mist\u00e9rios das \u00e1guas. \u00c1guas t\u00e3o profundas que envolvem o mundo, ligam e separam um lugar do outro. Foram as primeiras estradas, muros e pontes, equiparadas as fronteiras e caminhos feitos pela l\u00edngua. Todos os dias, a linguagem se derrama sobre o mundo atrav\u00e9s dos g\u00eaneros discursivos. O homem, todos os dias, est\u00e1 remando sobre eles com a sua pequena e simples canoa. E a voc\u00ea, fa\u00e7o a pergunta: o que seria essa canoa?<\/p>\n<p>Samara Conde<\/p>\n","protected":false},"excerpt":{"rendered":"<p>POR QUE UM PESCADOR? Seria pretencioso refutar a genialidade de Guimar\u00e3es Rosa, por usar um homem dentro de uma canoa, no conto \u201cA Terceira Margem do Rio\u201d, j\u00e1 que o intuito dele era fazer o homem refletir sobre a am\u00e1lgama do ser. Aqui, o pescador foi escolhido (para a capa) como o s\u00edmbolo do homem [&hellip;]<\/p>\n","protected":false},"featured_media":5707,"comment_status":"open","ping_status":"closed","template":"","meta":{"_joinchat":[]},"product_brand":[],"product_cat":[278,293],"product_tag":[],"class_list":{"0":"post-5708","1":"product","2":"type-product","3":"status-publish","4":"has-post-thumbnail","6":"product_cat-leitura","7":"product_cat-meios-auxiliares-do-ensino","8":"product_shipping_class-livro-pontes-editores-fisico","10":"first","11":"instock","12":"shipping-taxable","13":"purchasable","14":"product-type-simple"},"yoast_head":"<!-- This site is optimized with the Yoast SEO plugin v27.4 - https:\/\/yoast.com\/product\/yoast-seo-wordpress\/ -->\n<title>PROJETOS DE LEITURA E ESCRITA: POSSIBILIDADES DE TRABALHO COM A L\u00cdNGUA PORTUGUESA NO ENSINO FUNDAMENTAL - Pontes Editores<\/title>\n<meta name=\"robots\" content=\"index, follow, max-snippet:-1, max-image-preview:large, max-video-preview:-1\" \/>\n<link rel=\"canonical\" href=\"https:\/\/ponteseditores.com.br\/loja3\/pontes-editores-home-2__trashed\/leitura\/produto-700\/\" \/>\n<meta property=\"og:locale\" content=\"pt_BR\" \/>\n<meta property=\"og:type\" content=\"article\" \/>\n<meta property=\"og:title\" content=\"PROJETOS DE LEITURA E ESCRITA: POSSIBILIDADES DE TRABALHO COM A L\u00cdNGUA PORTUGUESA NO ENSINO FUNDAMENTAL - Pontes Editores\" \/>\n<meta property=\"og:description\" content=\"POR QUE UM PESCADOR? Seria pretencioso refutar a genialidade de Guimar\u00e3es Rosa, por usar um homem dentro de uma canoa, no conto \u201cA Terceira Margem do Rio\u201d, j\u00e1 que o intuito dele era fazer o homem refletir sobre a am\u00e1lgama do ser. Aqui, o pescador foi escolhido (para a capa) como o s\u00edmbolo do homem [&hellip;]\" \/>\n<meta property=\"og:url\" content=\"https:\/\/ponteseditores.com.br\/loja3\/pontes-editores-home-2__trashed\/leitura\/produto-700\/\" \/>\n<meta property=\"og:site_name\" content=\"Pontes Editores\" \/>\n<meta property=\"article:modified_time\" content=\"2025-11-28T19:33:03+00:00\" \/>\n<meta property=\"og:image\" content=\"https:\/\/ponteseditores.com.br\/loja3\/wp-content\/uploads\/2023\/12\/PROJETOS1-1.jpg\" \/>\n\t<meta property=\"og:image:width\" content=\"396\" \/>\n\t<meta property=\"og:image:height\" content=\"600\" \/>\n\t<meta property=\"og:image:type\" content=\"image\/jpeg\" \/>\n<meta name=\"twitter:card\" content=\"summary_large_image\" \/>\n<meta name=\"twitter:label1\" content=\"Est. tempo de leitura\" \/>\n\t<meta name=\"twitter:data1\" content=\"1 minuto\" \/>\n<script type=\"application\/ld+json\" class=\"yoast-schema-graph\">{\"@context\":\"https:\\\/\\\/schema.org\",\"@graph\":[{\"@type\":\"WebPage\",\"@id\":\"https:\\\/\\\/ponteseditores.com.br\\\/loja3\\\/pontes-editores-home-2__trashed\\\/leitura\\\/produto-700\\\/\",\"url\":\"https:\\\/\\\/ponteseditores.com.br\\\/loja3\\\/pontes-editores-home-2__trashed\\\/leitura\\\/produto-700\\\/\",\"name\":\"PROJETOS DE LEITURA E ESCRITA: POSSIBILIDADES DE TRABALHO COM A L\u00cdNGUA PORTUGUESA NO ENSINO FUNDAMENTAL - Pontes Editores\",\"isPartOf\":{\"@id\":\"https:\\\/\\\/ponteseditores.com.br\\\/loja3\\\/#website\"},\"primaryImageOfPage\":{\"@id\":\"https:\\\/\\\/ponteseditores.com.br\\\/loja3\\\/pontes-editores-home-2__trashed\\\/leitura\\\/produto-700\\\/#primaryimage\"},\"image\":{\"@id\":\"https:\\\/\\\/ponteseditores.com.br\\\/loja3\\\/pontes-editores-home-2__trashed\\\/leitura\\\/produto-700\\\/#primaryimage\"},\"thumbnailUrl\":\"https:\\\/\\\/ponteseditores.com.br\\\/loja3\\\/wp-content\\\/uploads\\\/2023\\\/12\\\/PROJETOS1-1.jpg\",\"datePublished\":\"2023-12-11T03:56:43+00:00\",\"dateModified\":\"2025-11-28T19:33:03+00:00\",\"breadcrumb\":{\"@id\":\"https:\\\/\\\/ponteseditores.com.br\\\/loja3\\\/pontes-editores-home-2__trashed\\\/leitura\\\/produto-700\\\/#breadcrumb\"},\"inLanguage\":\"pt-BR\",\"potentialAction\":[{\"@type\":\"ReadAction\",\"target\":[\"https:\\\/\\\/ponteseditores.com.br\\\/loja3\\\/pontes-editores-home-2__trashed\\\/leitura\\\/produto-700\\\/\"]}]},{\"@type\":\"ImageObject\",\"inLanguage\":\"pt-BR\",\"@id\":\"https:\\\/\\\/ponteseditores.com.br\\\/loja3\\\/pontes-editores-home-2__trashed\\\/leitura\\\/produto-700\\\/#primaryimage\",\"url\":\"https:\\\/\\\/ponteseditores.com.br\\\/loja3\\\/wp-content\\\/uploads\\\/2023\\\/12\\\/PROJETOS1-1.jpg\",\"contentUrl\":\"https:\\\/\\\/ponteseditores.com.br\\\/loja3\\\/wp-content\\\/uploads\\\/2023\\\/12\\\/PROJETOS1-1.jpg\",\"width\":396,\"height\":600},{\"@type\":\"BreadcrumbList\",\"@id\":\"https:\\\/\\\/ponteseditores.com.br\\\/loja3\\\/pontes-editores-home-2__trashed\\\/leitura\\\/produto-700\\\/#breadcrumb\",\"itemListElement\":[{\"@type\":\"ListItem\",\"position\":1,\"name\":\"Home\",\"item\":\"https:\\\/\\\/ponteseditores.com.br\\\/loja3\\\/\"},{\"@type\":\"ListItem\",\"position\":2,\"name\":\"loja\",\"item\":\"https:\\\/\\\/ponteseditores.com.br\\\/loja3\\\/loja\\\/\"},{\"@type\":\"ListItem\",\"position\":3,\"name\":\"PROJETOS DE LEITURA E ESCRITA: POSSIBILIDADES DE TRABALHO COM A L\u00cdNGUA PORTUGUESA NO ENSINO FUNDAMENTAL\"}]},{\"@type\":\"WebSite\",\"@id\":\"https:\\\/\\\/ponteseditores.com.br\\\/loja3\\\/#website\",\"url\":\"https:\\\/\\\/ponteseditores.com.br\\\/loja3\\\/\",\"name\":\"Pontes Editores\",\"description\":\"Pontes Editores\",\"publisher\":{\"@id\":\"https:\\\/\\\/ponteseditores.com.br\\\/loja3\\\/#organization\"},\"potentialAction\":[{\"@type\":\"SearchAction\",\"target\":{\"@type\":\"EntryPoint\",\"urlTemplate\":\"https:\\\/\\\/ponteseditores.com.br\\\/loja3\\\/?s={search_term_string}\"},\"query-input\":{\"@type\":\"PropertyValueSpecification\",\"valueRequired\":true,\"valueName\":\"search_term_string\"}}],\"inLanguage\":\"pt-BR\"},{\"@type\":\"Organization\",\"@id\":\"https:\\\/\\\/ponteseditores.com.br\\\/loja3\\\/#organization\",\"name\":\"Pontes Editores\",\"url\":\"https:\\\/\\\/ponteseditores.com.br\\\/loja3\\\/\",\"logo\":{\"@type\":\"ImageObject\",\"inLanguage\":\"pt-BR\",\"@id\":\"https:\\\/\\\/ponteseditores.com.br\\\/loja3\\\/#\\\/schema\\\/logo\\\/image\\\/\",\"url\":\"https:\\\/\\\/ponteseditores.com.br\\\/loja3\\\/wp-content\\\/uploads\\\/2023\\\/12\\\/logo-pontes-editores-v2.png\",\"contentUrl\":\"https:\\\/\\\/ponteseditores.com.br\\\/loja3\\\/wp-content\\\/uploads\\\/2023\\\/12\\\/logo-pontes-editores-v2.png\",\"width\":258,\"height\":100,\"caption\":\"Pontes Editores\"},\"image\":{\"@id\":\"https:\\\/\\\/ponteseditores.com.br\\\/loja3\\\/#\\\/schema\\\/logo\\\/image\\\/\"}}]}<\/script>\n<!-- \/ Yoast SEO plugin. -->","yoast_head_json":{"title":"PROJETOS DE LEITURA E ESCRITA: POSSIBILIDADES DE TRABALHO COM A L\u00cdNGUA PORTUGUESA NO ENSINO FUNDAMENTAL - Pontes Editores","robots":{"index":"index","follow":"follow","max-snippet":"max-snippet:-1","max-image-preview":"max-image-preview:large","max-video-preview":"max-video-preview:-1"},"canonical":"https:\/\/ponteseditores.com.br\/loja3\/pontes-editores-home-2__trashed\/leitura\/produto-700\/","og_locale":"pt_BR","og_type":"article","og_title":"PROJETOS DE LEITURA E ESCRITA: POSSIBILIDADES DE TRABALHO COM A L\u00cdNGUA PORTUGUESA NO ENSINO FUNDAMENTAL - Pontes Editores","og_description":"POR QUE UM PESCADOR? Seria pretencioso refutar a genialidade de Guimar\u00e3es Rosa, por usar um homem dentro de uma canoa, no conto \u201cA Terceira Margem do Rio\u201d, j\u00e1 que o intuito dele era fazer o homem refletir sobre a am\u00e1lgama do ser. Aqui, o pescador foi escolhido (para a capa) como o s\u00edmbolo do homem [&hellip;]","og_url":"https:\/\/ponteseditores.com.br\/loja3\/pontes-editores-home-2__trashed\/leitura\/produto-700\/","og_site_name":"Pontes Editores","article_modified_time":"2025-11-28T19:33:03+00:00","og_image":[{"width":396,"height":600,"url":"https:\/\/ponteseditores.com.br\/loja3\/wp-content\/uploads\/2023\/12\/PROJETOS1-1.jpg","type":"image\/jpeg"}],"twitter_card":"summary_large_image","twitter_misc":{"Est. tempo de leitura":"1 minuto"},"schema":{"@context":"https:\/\/schema.org","@graph":[{"@type":"WebPage","@id":"https:\/\/ponteseditores.com.br\/loja3\/pontes-editores-home-2__trashed\/leitura\/produto-700\/","url":"https:\/\/ponteseditores.com.br\/loja3\/pontes-editores-home-2__trashed\/leitura\/produto-700\/","name":"PROJETOS DE LEITURA E ESCRITA: POSSIBILIDADES DE TRABALHO COM A L\u00cdNGUA PORTUGUESA NO ENSINO FUNDAMENTAL - Pontes Editores","isPartOf":{"@id":"https:\/\/ponteseditores.com.br\/loja3\/#website"},"primaryImageOfPage":{"@id":"https:\/\/ponteseditores.com.br\/loja3\/pontes-editores-home-2__trashed\/leitura\/produto-700\/#primaryimage"},"image":{"@id":"https:\/\/ponteseditores.com.br\/loja3\/pontes-editores-home-2__trashed\/leitura\/produto-700\/#primaryimage"},"thumbnailUrl":"https:\/\/ponteseditores.com.br\/loja3\/wp-content\/uploads\/2023\/12\/PROJETOS1-1.jpg","datePublished":"2023-12-11T03:56:43+00:00","dateModified":"2025-11-28T19:33:03+00:00","breadcrumb":{"@id":"https:\/\/ponteseditores.com.br\/loja3\/pontes-editores-home-2__trashed\/leitura\/produto-700\/#breadcrumb"},"inLanguage":"pt-BR","potentialAction":[{"@type":"ReadAction","target":["https:\/\/ponteseditores.com.br\/loja3\/pontes-editores-home-2__trashed\/leitura\/produto-700\/"]}]},{"@type":"ImageObject","inLanguage":"pt-BR","@id":"https:\/\/ponteseditores.com.br\/loja3\/pontes-editores-home-2__trashed\/leitura\/produto-700\/#primaryimage","url":"https:\/\/ponteseditores.com.br\/loja3\/wp-content\/uploads\/2023\/12\/PROJETOS1-1.jpg","contentUrl":"https:\/\/ponteseditores.com.br\/loja3\/wp-content\/uploads\/2023\/12\/PROJETOS1-1.jpg","width":396,"height":600},{"@type":"BreadcrumbList","@id":"https:\/\/ponteseditores.com.br\/loja3\/pontes-editores-home-2__trashed\/leitura\/produto-700\/#breadcrumb","itemListElement":[{"@type":"ListItem","position":1,"name":"Home","item":"https:\/\/ponteseditores.com.br\/loja3\/"},{"@type":"ListItem","position":2,"name":"loja","item":"https:\/\/ponteseditores.com.br\/loja3\/loja\/"},{"@type":"ListItem","position":3,"name":"PROJETOS DE LEITURA E ESCRITA: POSSIBILIDADES DE TRABALHO COM A L\u00cdNGUA PORTUGUESA NO ENSINO FUNDAMENTAL"}]},{"@type":"WebSite","@id":"https:\/\/ponteseditores.com.br\/loja3\/#website","url":"https:\/\/ponteseditores.com.br\/loja3\/","name":"Pontes Editores","description":"Pontes Editores","publisher":{"@id":"https:\/\/ponteseditores.com.br\/loja3\/#organization"},"potentialAction":[{"@type":"SearchAction","target":{"@type":"EntryPoint","urlTemplate":"https:\/\/ponteseditores.com.br\/loja3\/?s={search_term_string}"},"query-input":{"@type":"PropertyValueSpecification","valueRequired":true,"valueName":"search_term_string"}}],"inLanguage":"pt-BR"},{"@type":"Organization","@id":"https:\/\/ponteseditores.com.br\/loja3\/#organization","name":"Pontes Editores","url":"https:\/\/ponteseditores.com.br\/loja3\/","logo":{"@type":"ImageObject","inLanguage":"pt-BR","@id":"https:\/\/ponteseditores.com.br\/loja3\/#\/schema\/logo\/image\/","url":"https:\/\/ponteseditores.com.br\/loja3\/wp-content\/uploads\/2023\/12\/logo-pontes-editores-v2.png","contentUrl":"https:\/\/ponteseditores.com.br\/loja3\/wp-content\/uploads\/2023\/12\/logo-pontes-editores-v2.png","width":258,"height":100,"caption":"Pontes Editores"},"image":{"@id":"https:\/\/ponteseditores.com.br\/loja3\/#\/schema\/logo\/image\/"}}]}},"_links":{"self":[{"href":"https:\/\/ponteseditores.com.br\/loja3\/wp-json\/wp\/v2\/product\/5708","targetHints":{"allow":["GET"]}}],"collection":[{"href":"https:\/\/ponteseditores.com.br\/loja3\/wp-json\/wp\/v2\/product"}],"about":[{"href":"https:\/\/ponteseditores.com.br\/loja3\/wp-json\/wp\/v2\/types\/product"}],"replies":[{"embeddable":true,"href":"https:\/\/ponteseditores.com.br\/loja3\/wp-json\/wp\/v2\/comments?post=5708"}],"version-history":[{"count":0,"href":"https:\/\/ponteseditores.com.br\/loja3\/wp-json\/wp\/v2\/product\/5708\/revisions"}],"wp:featuredmedia":[{"embeddable":true,"href":"https:\/\/ponteseditores.com.br\/loja3\/wp-json\/wp\/v2\/media\/5707"}],"wp:attachment":[{"href":"https:\/\/ponteseditores.com.br\/loja3\/wp-json\/wp\/v2\/media?parent=5708"}],"wp:term":[{"taxonomy":"product_brand","embeddable":true,"href":"https:\/\/ponteseditores.com.br\/loja3\/wp-json\/wp\/v2\/product_brand?post=5708"},{"taxonomy":"product_cat","embeddable":true,"href":"https:\/\/ponteseditores.com.br\/loja3\/wp-json\/wp\/v2\/product_cat?post=5708"},{"taxonomy":"product_tag","embeddable":true,"href":"https:\/\/ponteseditores.com.br\/loja3\/wp-json\/wp\/v2\/product_tag?post=5708"}],"curies":[{"name":"wp","href":"https:\/\/api.w.org\/{rel}","templated":true}]}}