{"id":5665,"date":"2023-12-11T00:55:08","date_gmt":"2023-12-11T03:55:08","guid":{"rendered":"https:\/\/ponteseditores.com.br\/loja3\/produto\/produto-678\/"},"modified":"2023-12-15T14:12:51","modified_gmt":"2023-12-15T17:12:51","slug":"produto-678","status":"publish","type":"product","link":"https:\/\/ponteseditores.com.br\/loja3\/pontes-editores-home-2__trashed\/odontologia\/produto-678\/","title":{"rendered":"APRENDER BRINCANDO SOBRE SA\u00daDE sa\u00fade bucal com sustentabilidade para crian\u00e7as"},"content":{"rendered":"<p>Ilustrado e Colorido<\/p>\n<p>Aprender brincando sobre sa\u00fade &#8211; Sa\u00fade bucal com sustentabilidade para crian\u00e7as \u00e9 uma obra elaborada pautada no potencial dos educadores para melhorar a qualidade de vida das crian\u00e7as, em especial, pela possibilidade de incorpora\u00e7\u00e3o em suas rotinas de h\u00e1bitos saud\u00e1veis e padr\u00f5es sustent\u00e1veis de comportamento. Neste livro, \u201ctampinhas de garrafas PET viram dentes\u201d e \u201csucatas viram jogos e brincadeiras\u201d! Sua leitura permite que o educador se aproprie de conceitos de sa\u00fade bucal e tenha um leque de op\u00e7\u00f5es para elaborar e executar, brincando, a\u00e7\u00f5es de educa\u00e7\u00e3o para sa\u00fade bucal no ambiente escolar. O leitor encontrar\u00e1 orienta\u00e7\u00f5es claras e ilustradas sobre como confeccionar ecojogos e ecobjetos utilizando materiais reutiliz\u00e1veis de descarte dom\u00e9stico e utiliz\u00e1-los para estimular crian\u00e7as para a pr\u00e1tica do autocuidado em sa\u00fade. Os ecojogos e ecobjetos propostos s\u00e3o simples, de baixo custo e permitem a intera\u00e7\u00e3o de temas relacionados \u00e0 sa\u00fade &#8211; principais doen\u00e7as bucais da inf\u00e2ncia e sua preven\u00e7\u00e3o, dieta saud\u00e1vel e higiene bucal &#8211; com temas relacionados ao meio ambiente &#8211; princ\u00edpio dos 5 Rs para manejo de res\u00edduos e consumo consciente da \u00e1gua. Dessa forma, seu conte\u00fado promove a sensibiliza\u00e7\u00e3o das crian\u00e7as para valores fundamentais, como desenvolvimento de responsabilidade em rela\u00e7\u00e3o \u00e0 sua sa\u00fade e aos recursos naturais. Esta obra constitui uma ferramenta para a educa\u00e7\u00e3o em sa\u00fade bucal, por meio de propostas l\u00fadicas, din\u00e2micas e sustent\u00e1veis, sendo de grande utilidade para educadores do ensino infantil e fundamental, assim como, para todos aqueles que atuam e convivem com crian\u00e7as.<\/p>\n","protected":false},"excerpt":{"rendered":"<p>Ilustrado e Colorido Aprender brincando sobre sa\u00fade &#8211; Sa\u00fade bucal com sustentabilidade para crian\u00e7as \u00e9 uma obra elaborada pautada no potencial dos educadores para melhorar a qualidade de vida das crian\u00e7as, em especial, pela possibilidade de incorpora\u00e7\u00e3o em suas rotinas de h\u00e1bitos saud\u00e1veis e padr\u00f5es sustent\u00e1veis de comportamento. Neste livro, \u201ctampinhas de garrafas PET viram [&hellip;]<\/p>\n","protected":false},"featured_media":5664,"comment_status":"open","ping_status":"closed","template":"","meta":{"_joinchat":[]},"product_brand":[],"product_cat":[327,328],"product_tag":[],"class_list":{"0":"post-5665","1":"product","2":"type-product","3":"status-publish","4":"has-post-thumbnail","6":"product_cat-odontologia","7":"product_cat-saude-bucal","8":"product_shipping_class-livro-pontes-editores-fisico","10":"first","11":"instock","12":"shipping-taxable","13":"purchasable","14":"product-type-simple"},"yoast_head":"<!-- This site is optimized with the Yoast SEO plugin v27.4 - https:\/\/yoast.com\/product\/yoast-seo-wordpress\/ -->\n<title>APRENDER BRINCANDO SOBRE SA\u00daDE sa\u00fade bucal com sustentabilidade para crian\u00e7as - Pontes Editores<\/title>\n<meta name=\"robots\" content=\"index, follow, max-snippet:-1, max-image-preview:large, max-video-preview:-1\" \/>\n<link rel=\"canonical\" href=\"https:\/\/ponteseditores.com.br\/loja3\/pontes-editores-home-2__trashed\/odontologia\/produto-678\/\" \/>\n<meta property=\"og:locale\" content=\"pt_BR\" \/>\n<meta property=\"og:type\" content=\"article\" \/>\n<meta property=\"og:title\" content=\"APRENDER BRINCANDO SOBRE SA\u00daDE sa\u00fade bucal com sustentabilidade para crian\u00e7as - Pontes Editores\" \/>\n<meta property=\"og:description\" content=\"Ilustrado e Colorido Aprender brincando sobre sa\u00fade &#8211; Sa\u00fade bucal com sustentabilidade para crian\u00e7as \u00e9 uma obra elaborada pautada no potencial dos educadores para melhorar a qualidade de vida das crian\u00e7as, em especial, pela possibilidade de incorpora\u00e7\u00e3o em suas rotinas de h\u00e1bitos saud\u00e1veis e padr\u00f5es sustent\u00e1veis de comportamento. Neste livro, \u201ctampinhas de garrafas PET viram [&hellip;]\" \/>\n<meta property=\"og:url\" content=\"https:\/\/ponteseditores.com.br\/loja3\/pontes-editores-home-2__trashed\/odontologia\/produto-678\/\" \/>\n<meta property=\"og:site_name\" content=\"Pontes Editores\" \/>\n<meta property=\"article:modified_time\" content=\"2023-12-15T17:12:51+00:00\" \/>\n<meta property=\"og:image\" content=\"https:\/\/ponteseditores.com.br\/loja3\/wp-content\/uploads\/2023\/12\/sb1-1.jpg\" \/>\n\t<meta property=\"og:image:width\" content=\"505\" \/>\n\t<meta property=\"og:image:height\" content=\"768\" \/>\n\t<meta property=\"og:image:type\" content=\"image\/jpeg\" \/>\n<meta name=\"twitter:card\" content=\"summary_large_image\" \/>\n<meta name=\"twitter:label1\" content=\"Est. tempo de leitura\" \/>\n\t<meta name=\"twitter:data1\" content=\"1 minuto\" \/>\n<script type=\"application\/ld+json\" class=\"yoast-schema-graph\">{\"@context\":\"https:\\\/\\\/schema.org\",\"@graph\":[{\"@type\":\"WebPage\",\"@id\":\"https:\\\/\\\/ponteseditores.com.br\\\/loja3\\\/pontes-editores-home-2__trashed\\\/odontologia\\\/produto-678\\\/\",\"url\":\"https:\\\/\\\/ponteseditores.com.br\\\/loja3\\\/pontes-editores-home-2__trashed\\\/odontologia\\\/produto-678\\\/\",\"name\":\"APRENDER BRINCANDO SOBRE SA\u00daDE sa\u00fade bucal com sustentabilidade para crian\u00e7as - Pontes Editores\",\"isPartOf\":{\"@id\":\"https:\\\/\\\/ponteseditores.com.br\\\/loja3\\\/#website\"},\"primaryImageOfPage\":{\"@id\":\"https:\\\/\\\/ponteseditores.com.br\\\/loja3\\\/pontes-editores-home-2__trashed\\\/odontologia\\\/produto-678\\\/#primaryimage\"},\"image\":{\"@id\":\"https:\\\/\\\/ponteseditores.com.br\\\/loja3\\\/pontes-editores-home-2__trashed\\\/odontologia\\\/produto-678\\\/#primaryimage\"},\"thumbnailUrl\":\"https:\\\/\\\/ponteseditores.com.br\\\/loja3\\\/wp-content\\\/uploads\\\/2023\\\/12\\\/sb1-1.jpg\",\"datePublished\":\"2023-12-11T03:55:08+00:00\",\"dateModified\":\"2023-12-15T17:12:51+00:00\",\"breadcrumb\":{\"@id\":\"https:\\\/\\\/ponteseditores.com.br\\\/loja3\\\/pontes-editores-home-2__trashed\\\/odontologia\\\/produto-678\\\/#breadcrumb\"},\"inLanguage\":\"pt-BR\",\"potentialAction\":[{\"@type\":\"ReadAction\",\"target\":[\"https:\\\/\\\/ponteseditores.com.br\\\/loja3\\\/pontes-editores-home-2__trashed\\\/odontologia\\\/produto-678\\\/\"]}]},{\"@type\":\"ImageObject\",\"inLanguage\":\"pt-BR\",\"@id\":\"https:\\\/\\\/ponteseditores.com.br\\\/loja3\\\/pontes-editores-home-2__trashed\\\/odontologia\\\/produto-678\\\/#primaryimage\",\"url\":\"https:\\\/\\\/ponteseditores.com.br\\\/loja3\\\/wp-content\\\/uploads\\\/2023\\\/12\\\/sb1-1.jpg\",\"contentUrl\":\"https:\\\/\\\/ponteseditores.com.br\\\/loja3\\\/wp-content\\\/uploads\\\/2023\\\/12\\\/sb1-1.jpg\",\"width\":505,\"height\":768},{\"@type\":\"BreadcrumbList\",\"@id\":\"https:\\\/\\\/ponteseditores.com.br\\\/loja3\\\/pontes-editores-home-2__trashed\\\/odontologia\\\/produto-678\\\/#breadcrumb\",\"itemListElement\":[{\"@type\":\"ListItem\",\"position\":1,\"name\":\"Home\",\"item\":\"https:\\\/\\\/ponteseditores.com.br\\\/loja3\\\/\"},{\"@type\":\"ListItem\",\"position\":2,\"name\":\"loja\",\"item\":\"https:\\\/\\\/ponteseditores.com.br\\\/loja3\\\/loja\\\/\"},{\"@type\":\"ListItem\",\"position\":3,\"name\":\"APRENDER BRINCANDO SOBRE SA\u00daDE sa\u00fade bucal com sustentabilidade para crian\u00e7as\"}]},{\"@type\":\"WebSite\",\"@id\":\"https:\\\/\\\/ponteseditores.com.br\\\/loja3\\\/#website\",\"url\":\"https:\\\/\\\/ponteseditores.com.br\\\/loja3\\\/\",\"name\":\"Pontes Editores\",\"description\":\"Pontes Editores\",\"publisher\":{\"@id\":\"https:\\\/\\\/ponteseditores.com.br\\\/loja3\\\/#organization\"},\"potentialAction\":[{\"@type\":\"SearchAction\",\"target\":{\"@type\":\"EntryPoint\",\"urlTemplate\":\"https:\\\/\\\/ponteseditores.com.br\\\/loja3\\\/?s={search_term_string}\"},\"query-input\":{\"@type\":\"PropertyValueSpecification\",\"valueRequired\":true,\"valueName\":\"search_term_string\"}}],\"inLanguage\":\"pt-BR\"},{\"@type\":\"Organization\",\"@id\":\"https:\\\/\\\/ponteseditores.com.br\\\/loja3\\\/#organization\",\"name\":\"Pontes Editores\",\"url\":\"https:\\\/\\\/ponteseditores.com.br\\\/loja3\\\/\",\"logo\":{\"@type\":\"ImageObject\",\"inLanguage\":\"pt-BR\",\"@id\":\"https:\\\/\\\/ponteseditores.com.br\\\/loja3\\\/#\\\/schema\\\/logo\\\/image\\\/\",\"url\":\"https:\\\/\\\/ponteseditores.com.br\\\/loja3\\\/wp-content\\\/uploads\\\/2023\\\/12\\\/logo-pontes-editores-v2.png\",\"contentUrl\":\"https:\\\/\\\/ponteseditores.com.br\\\/loja3\\\/wp-content\\\/uploads\\\/2023\\\/12\\\/logo-pontes-editores-v2.png\",\"width\":258,\"height\":100,\"caption\":\"Pontes Editores\"},\"image\":{\"@id\":\"https:\\\/\\\/ponteseditores.com.br\\\/loja3\\\/#\\\/schema\\\/logo\\\/image\\\/\"}}]}<\/script>\n<!-- \/ Yoast SEO plugin. -->","yoast_head_json":{"title":"APRENDER BRINCANDO SOBRE SA\u00daDE sa\u00fade bucal com sustentabilidade para crian\u00e7as - Pontes Editores","robots":{"index":"index","follow":"follow","max-snippet":"max-snippet:-1","max-image-preview":"max-image-preview:large","max-video-preview":"max-video-preview:-1"},"canonical":"https:\/\/ponteseditores.com.br\/loja3\/pontes-editores-home-2__trashed\/odontologia\/produto-678\/","og_locale":"pt_BR","og_type":"article","og_title":"APRENDER BRINCANDO SOBRE SA\u00daDE sa\u00fade bucal com sustentabilidade para crian\u00e7as - Pontes Editores","og_description":"Ilustrado e Colorido Aprender brincando sobre sa\u00fade &#8211; Sa\u00fade bucal com sustentabilidade para crian\u00e7as \u00e9 uma obra elaborada pautada no potencial dos educadores para melhorar a qualidade de vida das crian\u00e7as, em especial, pela possibilidade de incorpora\u00e7\u00e3o em suas rotinas de h\u00e1bitos saud\u00e1veis e padr\u00f5es sustent\u00e1veis de comportamento. Neste livro, \u201ctampinhas de garrafas PET viram [&hellip;]","og_url":"https:\/\/ponteseditores.com.br\/loja3\/pontes-editores-home-2__trashed\/odontologia\/produto-678\/","og_site_name":"Pontes Editores","article_modified_time":"2023-12-15T17:12:51+00:00","og_image":[{"width":505,"height":768,"url":"https:\/\/ponteseditores.com.br\/loja3\/wp-content\/uploads\/2023\/12\/sb1-1.jpg","type":"image\/jpeg"}],"twitter_card":"summary_large_image","twitter_misc":{"Est. tempo de leitura":"1 minuto"},"schema":{"@context":"https:\/\/schema.org","@graph":[{"@type":"WebPage","@id":"https:\/\/ponteseditores.com.br\/loja3\/pontes-editores-home-2__trashed\/odontologia\/produto-678\/","url":"https:\/\/ponteseditores.com.br\/loja3\/pontes-editores-home-2__trashed\/odontologia\/produto-678\/","name":"APRENDER BRINCANDO SOBRE SA\u00daDE sa\u00fade bucal com sustentabilidade para crian\u00e7as - Pontes Editores","isPartOf":{"@id":"https:\/\/ponteseditores.com.br\/loja3\/#website"},"primaryImageOfPage":{"@id":"https:\/\/ponteseditores.com.br\/loja3\/pontes-editores-home-2__trashed\/odontologia\/produto-678\/#primaryimage"},"image":{"@id":"https:\/\/ponteseditores.com.br\/loja3\/pontes-editores-home-2__trashed\/odontologia\/produto-678\/#primaryimage"},"thumbnailUrl":"https:\/\/ponteseditores.com.br\/loja3\/wp-content\/uploads\/2023\/12\/sb1-1.jpg","datePublished":"2023-12-11T03:55:08+00:00","dateModified":"2023-12-15T17:12:51+00:00","breadcrumb":{"@id":"https:\/\/ponteseditores.com.br\/loja3\/pontes-editores-home-2__trashed\/odontologia\/produto-678\/#breadcrumb"},"inLanguage":"pt-BR","potentialAction":[{"@type":"ReadAction","target":["https:\/\/ponteseditores.com.br\/loja3\/pontes-editores-home-2__trashed\/odontologia\/produto-678\/"]}]},{"@type":"ImageObject","inLanguage":"pt-BR","@id":"https:\/\/ponteseditores.com.br\/loja3\/pontes-editores-home-2__trashed\/odontologia\/produto-678\/#primaryimage","url":"https:\/\/ponteseditores.com.br\/loja3\/wp-content\/uploads\/2023\/12\/sb1-1.jpg","contentUrl":"https:\/\/ponteseditores.com.br\/loja3\/wp-content\/uploads\/2023\/12\/sb1-1.jpg","width":505,"height":768},{"@type":"BreadcrumbList","@id":"https:\/\/ponteseditores.com.br\/loja3\/pontes-editores-home-2__trashed\/odontologia\/produto-678\/#breadcrumb","itemListElement":[{"@type":"ListItem","position":1,"name":"Home","item":"https:\/\/ponteseditores.com.br\/loja3\/"},{"@type":"ListItem","position":2,"name":"loja","item":"https:\/\/ponteseditores.com.br\/loja3\/loja\/"},{"@type":"ListItem","position":3,"name":"APRENDER BRINCANDO SOBRE SA\u00daDE sa\u00fade bucal com sustentabilidade para crian\u00e7as"}]},{"@type":"WebSite","@id":"https:\/\/ponteseditores.com.br\/loja3\/#website","url":"https:\/\/ponteseditores.com.br\/loja3\/","name":"Pontes Editores","description":"Pontes Editores","publisher":{"@id":"https:\/\/ponteseditores.com.br\/loja3\/#organization"},"potentialAction":[{"@type":"SearchAction","target":{"@type":"EntryPoint","urlTemplate":"https:\/\/ponteseditores.com.br\/loja3\/?s={search_term_string}"},"query-input":{"@type":"PropertyValueSpecification","valueRequired":true,"valueName":"search_term_string"}}],"inLanguage":"pt-BR"},{"@type":"Organization","@id":"https:\/\/ponteseditores.com.br\/loja3\/#organization","name":"Pontes Editores","url":"https:\/\/ponteseditores.com.br\/loja3\/","logo":{"@type":"ImageObject","inLanguage":"pt-BR","@id":"https:\/\/ponteseditores.com.br\/loja3\/#\/schema\/logo\/image\/","url":"https:\/\/ponteseditores.com.br\/loja3\/wp-content\/uploads\/2023\/12\/logo-pontes-editores-v2.png","contentUrl":"https:\/\/ponteseditores.com.br\/loja3\/wp-content\/uploads\/2023\/12\/logo-pontes-editores-v2.png","width":258,"height":100,"caption":"Pontes Editores"},"image":{"@id":"https:\/\/ponteseditores.com.br\/loja3\/#\/schema\/logo\/image\/"}}]}},"_links":{"self":[{"href":"https:\/\/ponteseditores.com.br\/loja3\/wp-json\/wp\/v2\/product\/5665","targetHints":{"allow":["GET"]}}],"collection":[{"href":"https:\/\/ponteseditores.com.br\/loja3\/wp-json\/wp\/v2\/product"}],"about":[{"href":"https:\/\/ponteseditores.com.br\/loja3\/wp-json\/wp\/v2\/types\/product"}],"replies":[{"embeddable":true,"href":"https:\/\/ponteseditores.com.br\/loja3\/wp-json\/wp\/v2\/comments?post=5665"}],"version-history":[{"count":0,"href":"https:\/\/ponteseditores.com.br\/loja3\/wp-json\/wp\/v2\/product\/5665\/revisions"}],"wp:featuredmedia":[{"embeddable":true,"href":"https:\/\/ponteseditores.com.br\/loja3\/wp-json\/wp\/v2\/media\/5664"}],"wp:attachment":[{"href":"https:\/\/ponteseditores.com.br\/loja3\/wp-json\/wp\/v2\/media?parent=5665"}],"wp:term":[{"taxonomy":"product_brand","embeddable":true,"href":"https:\/\/ponteseditores.com.br\/loja3\/wp-json\/wp\/v2\/product_brand?post=5665"},{"taxonomy":"product_cat","embeddable":true,"href":"https:\/\/ponteseditores.com.br\/loja3\/wp-json\/wp\/v2\/product_cat?post=5665"},{"taxonomy":"product_tag","embeddable":true,"href":"https:\/\/ponteseditores.com.br\/loja3\/wp-json\/wp\/v2\/product_tag?post=5665"}],"curies":[{"name":"wp","href":"https:\/\/api.w.org\/{rel}","templated":true}]}}