{"id":5654,"date":"2023-12-11T00:55:01","date_gmt":"2023-12-11T03:55:01","guid":{"rendered":"https:\/\/ponteseditores.com.br\/loja3\/produto\/produto-672\/"},"modified":"2026-03-31T11:56:00","modified_gmt":"2026-03-31T14:56:00","slug":"produto-672","status":"publish","type":"product","link":"https:\/\/ponteseditores.com.br\/loja3\/pontes-editores-home-2__trashed\/ensino-e-aprendizagem\/produto-672\/","title":{"rendered":"ARQUITET\u00d4NICA SOCIAL ESCOLAR: VYGOTSKY, BAKHTIN E BERNSTEIN ESPA\u00c7OS, DISCURSOS, ARTEFATOS E SUAS RELA\u00c7\u00d5ES DE PODER E CONTROLE"},"content":{"rendered":"<p>Esta obra fertilmente estabelece um di\u00e1logo sobre como seconstitui o design escolar, abordando tamb\u00e9m quest\u00f5es fundamentais das ci\u00eancias sociais, principalmente, do desenvolvimento das teorias da sociog\u00eanese. O foco no design \u00e9, em um momento, um relato material e, em outro, objeto de an\u00e1lisediscursiva, de modo que os argumentos se encontram situados nas teorias russas da media\u00e7\u00e3o da mente por artefatos internos e externos. Assim, a \u00eanfase nos artefatos internos vem de Bakhtin e o relato de artefatos externos toma o argumento vygotskyano original da sociog\u00eanese e estende seu alcance social e cultural por meio da sociologia da pedagogia desenvolvida nos \u00faltimos est\u00e1gios da obra de Bernstein.A tese em que o livro est\u00e1 baseado \u00e9 desafiadora, mas mesmo assim pode ser absorvida profundamente, de tal forma que a sua leitura recompensar\u00e1 os esfor\u00e7os de um leitor tenaz.<\/p>\n<p>Harry Daniels<\/p>\n","protected":false},"excerpt":{"rendered":"<p>Esta obra fertilmente estabelece um di\u00e1logo sobre como seconstitui o design escolar, abordando tamb\u00e9m quest\u00f5es fundamentais das ci\u00eancias sociais, principalmente, do desenvolvimento das teorias da sociog\u00eanese. O foco no design \u00e9, em um momento, um relato material e, em outro, objeto de an\u00e1lisediscursiva, de modo que os argumentos se encontram situados nas teorias russas da [&hellip;]<\/p>\n","protected":false},"featured_media":5653,"comment_status":"open","ping_status":"closed","template":"","meta":{"_joinchat":[]},"product_brand":[],"product_cat":[288,312],"product_tag":[],"class_list":{"0":"post-5654","1":"product","2":"type-product","3":"status-publish","4":"has-post-thumbnail","6":"product_cat-ensino-e-aprendizagem","7":"product_cat-estudos-da-linguagem","8":"product_shipping_class-livro-pontes-editores-fisico","10":"first","11":"instock","12":"shipping-taxable","13":"purchasable","14":"product-type-simple"},"yoast_head":"<!-- This site is optimized with the Yoast SEO plugin v27.4 - https:\/\/yoast.com\/product\/yoast-seo-wordpress\/ -->\n<title>ARQUITET\u00d4NICA SOCIAL ESCOLAR: VYGOTSKY, BAKHTIN E BERNSTEIN ESPA\u00c7OS, DISCURSOS, ARTEFATOS E SUAS RELA\u00c7\u00d5ES DE PODER E CONTROLE - Pontes Editores<\/title>\n<meta name=\"robots\" content=\"index, follow, max-snippet:-1, max-image-preview:large, max-video-preview:-1\" \/>\n<link rel=\"canonical\" href=\"https:\/\/ponteseditores.com.br\/loja3\/pontes-editores-home-2__trashed\/ensino-e-aprendizagem\/produto-672\/\" \/>\n<meta property=\"og:locale\" content=\"pt_BR\" \/>\n<meta property=\"og:type\" content=\"article\" \/>\n<meta property=\"og:title\" content=\"ARQUITET\u00d4NICA SOCIAL ESCOLAR: VYGOTSKY, BAKHTIN E BERNSTEIN ESPA\u00c7OS, DISCURSOS, ARTEFATOS E SUAS RELA\u00c7\u00d5ES DE PODER E CONTROLE - Pontes Editores\" \/>\n<meta property=\"og:description\" content=\"Esta obra fertilmente estabelece um di\u00e1logo sobre como seconstitui o design escolar, abordando tamb\u00e9m quest\u00f5es fundamentais das ci\u00eancias sociais, principalmente, do desenvolvimento das teorias da sociog\u00eanese. O foco no design \u00e9, em um momento, um relato material e, em outro, objeto de an\u00e1lisediscursiva, de modo que os argumentos se encontram situados nas teorias russas da [&hellip;]\" \/>\n<meta property=\"og:url\" content=\"https:\/\/ponteseditores.com.br\/loja3\/pontes-editores-home-2__trashed\/ensino-e-aprendizagem\/produto-672\/\" \/>\n<meta property=\"og:site_name\" content=\"Pontes Editores\" \/>\n<meta property=\"article:modified_time\" content=\"2026-03-31T14:56:00+00:00\" \/>\n<meta property=\"og:image\" content=\"https:\/\/ponteseditores.com.br\/loja3\/wp-content\/uploads\/2023\/12\/arq11-4.jpg\" \/>\n\t<meta property=\"og:image:width\" content=\"510\" \/>\n\t<meta property=\"og:image:height\" content=\"768\" \/>\n\t<meta property=\"og:image:type\" content=\"image\/jpeg\" \/>\n<meta name=\"twitter:card\" content=\"summary_large_image\" \/>\n<meta name=\"twitter:label1\" content=\"Est. tempo de leitura\" \/>\n\t<meta name=\"twitter:data1\" content=\"1 minuto\" \/>\n<script type=\"application\/ld+json\" class=\"yoast-schema-graph\">{\"@context\":\"https:\\\/\\\/schema.org\",\"@graph\":[{\"@type\":\"WebPage\",\"@id\":\"https:\\\/\\\/ponteseditores.com.br\\\/loja3\\\/pontes-editores-home-2__trashed\\\/ensino-e-aprendizagem\\\/produto-672\\\/\",\"url\":\"https:\\\/\\\/ponteseditores.com.br\\\/loja3\\\/pontes-editores-home-2__trashed\\\/ensino-e-aprendizagem\\\/produto-672\\\/\",\"name\":\"ARQUITET\u00d4NICA SOCIAL ESCOLAR: VYGOTSKY, BAKHTIN E BERNSTEIN ESPA\u00c7OS, DISCURSOS, ARTEFATOS E SUAS RELA\u00c7\u00d5ES DE PODER E CONTROLE - Pontes Editores\",\"isPartOf\":{\"@id\":\"https:\\\/\\\/ponteseditores.com.br\\\/loja3\\\/#website\"},\"primaryImageOfPage\":{\"@id\":\"https:\\\/\\\/ponteseditores.com.br\\\/loja3\\\/pontes-editores-home-2__trashed\\\/ensino-e-aprendizagem\\\/produto-672\\\/#primaryimage\"},\"image\":{\"@id\":\"https:\\\/\\\/ponteseditores.com.br\\\/loja3\\\/pontes-editores-home-2__trashed\\\/ensino-e-aprendizagem\\\/produto-672\\\/#primaryimage\"},\"thumbnailUrl\":\"https:\\\/\\\/ponteseditores.com.br\\\/loja3\\\/wp-content\\\/uploads\\\/2023\\\/12\\\/arq11-4.jpg\",\"datePublished\":\"2023-12-11T03:55:01+00:00\",\"dateModified\":\"2026-03-31T14:56:00+00:00\",\"breadcrumb\":{\"@id\":\"https:\\\/\\\/ponteseditores.com.br\\\/loja3\\\/pontes-editores-home-2__trashed\\\/ensino-e-aprendizagem\\\/produto-672\\\/#breadcrumb\"},\"inLanguage\":\"pt-BR\",\"potentialAction\":[{\"@type\":\"ReadAction\",\"target\":[\"https:\\\/\\\/ponteseditores.com.br\\\/loja3\\\/pontes-editores-home-2__trashed\\\/ensino-e-aprendizagem\\\/produto-672\\\/\"]}]},{\"@type\":\"ImageObject\",\"inLanguage\":\"pt-BR\",\"@id\":\"https:\\\/\\\/ponteseditores.com.br\\\/loja3\\\/pontes-editores-home-2__trashed\\\/ensino-e-aprendizagem\\\/produto-672\\\/#primaryimage\",\"url\":\"https:\\\/\\\/ponteseditores.com.br\\\/loja3\\\/wp-content\\\/uploads\\\/2023\\\/12\\\/arq11-4.jpg\",\"contentUrl\":\"https:\\\/\\\/ponteseditores.com.br\\\/loja3\\\/wp-content\\\/uploads\\\/2023\\\/12\\\/arq11-4.jpg\",\"width\":510,\"height\":768},{\"@type\":\"BreadcrumbList\",\"@id\":\"https:\\\/\\\/ponteseditores.com.br\\\/loja3\\\/pontes-editores-home-2__trashed\\\/ensino-e-aprendizagem\\\/produto-672\\\/#breadcrumb\",\"itemListElement\":[{\"@type\":\"ListItem\",\"position\":1,\"name\":\"Home\",\"item\":\"https:\\\/\\\/ponteseditores.com.br\\\/loja3\\\/\"},{\"@type\":\"ListItem\",\"position\":2,\"name\":\"loja\",\"item\":\"https:\\\/\\\/ponteseditores.com.br\\\/loja3\\\/loja\\\/\"},{\"@type\":\"ListItem\",\"position\":3,\"name\":\"ARQUITET\u00d4NICA SOCIAL ESCOLAR: VYGOTSKY, BAKHTIN E BERNSTEIN ESPA\u00c7OS, DISCURSOS, ARTEFATOS E SUAS RELA\u00c7\u00d5ES DE PODER E CONTROLE\"}]},{\"@type\":\"WebSite\",\"@id\":\"https:\\\/\\\/ponteseditores.com.br\\\/loja3\\\/#website\",\"url\":\"https:\\\/\\\/ponteseditores.com.br\\\/loja3\\\/\",\"name\":\"Pontes Editores\",\"description\":\"Pontes Editores\",\"publisher\":{\"@id\":\"https:\\\/\\\/ponteseditores.com.br\\\/loja3\\\/#organization\"},\"potentialAction\":[{\"@type\":\"SearchAction\",\"target\":{\"@type\":\"EntryPoint\",\"urlTemplate\":\"https:\\\/\\\/ponteseditores.com.br\\\/loja3\\\/?s={search_term_string}\"},\"query-input\":{\"@type\":\"PropertyValueSpecification\",\"valueRequired\":true,\"valueName\":\"search_term_string\"}}],\"inLanguage\":\"pt-BR\"},{\"@type\":\"Organization\",\"@id\":\"https:\\\/\\\/ponteseditores.com.br\\\/loja3\\\/#organization\",\"name\":\"Pontes Editores\",\"url\":\"https:\\\/\\\/ponteseditores.com.br\\\/loja3\\\/\",\"logo\":{\"@type\":\"ImageObject\",\"inLanguage\":\"pt-BR\",\"@id\":\"https:\\\/\\\/ponteseditores.com.br\\\/loja3\\\/#\\\/schema\\\/logo\\\/image\\\/\",\"url\":\"https:\\\/\\\/ponteseditores.com.br\\\/loja3\\\/wp-content\\\/uploads\\\/2023\\\/12\\\/logo-pontes-editores-v2.png\",\"contentUrl\":\"https:\\\/\\\/ponteseditores.com.br\\\/loja3\\\/wp-content\\\/uploads\\\/2023\\\/12\\\/logo-pontes-editores-v2.png\",\"width\":258,\"height\":100,\"caption\":\"Pontes Editores\"},\"image\":{\"@id\":\"https:\\\/\\\/ponteseditores.com.br\\\/loja3\\\/#\\\/schema\\\/logo\\\/image\\\/\"}}]}<\/script>\n<!-- \/ Yoast SEO plugin. -->","yoast_head_json":{"title":"ARQUITET\u00d4NICA SOCIAL ESCOLAR: VYGOTSKY, BAKHTIN E BERNSTEIN ESPA\u00c7OS, DISCURSOS, ARTEFATOS E SUAS RELA\u00c7\u00d5ES DE PODER E CONTROLE - Pontes Editores","robots":{"index":"index","follow":"follow","max-snippet":"max-snippet:-1","max-image-preview":"max-image-preview:large","max-video-preview":"max-video-preview:-1"},"canonical":"https:\/\/ponteseditores.com.br\/loja3\/pontes-editores-home-2__trashed\/ensino-e-aprendizagem\/produto-672\/","og_locale":"pt_BR","og_type":"article","og_title":"ARQUITET\u00d4NICA SOCIAL ESCOLAR: VYGOTSKY, BAKHTIN E BERNSTEIN ESPA\u00c7OS, DISCURSOS, ARTEFATOS E SUAS RELA\u00c7\u00d5ES DE PODER E CONTROLE - Pontes Editores","og_description":"Esta obra fertilmente estabelece um di\u00e1logo sobre como seconstitui o design escolar, abordando tamb\u00e9m quest\u00f5es fundamentais das ci\u00eancias sociais, principalmente, do desenvolvimento das teorias da sociog\u00eanese. O foco no design \u00e9, em um momento, um relato material e, em outro, objeto de an\u00e1lisediscursiva, de modo que os argumentos se encontram situados nas teorias russas da [&hellip;]","og_url":"https:\/\/ponteseditores.com.br\/loja3\/pontes-editores-home-2__trashed\/ensino-e-aprendizagem\/produto-672\/","og_site_name":"Pontes Editores","article_modified_time":"2026-03-31T14:56:00+00:00","og_image":[{"width":510,"height":768,"url":"https:\/\/ponteseditores.com.br\/loja3\/wp-content\/uploads\/2023\/12\/arq11-4.jpg","type":"image\/jpeg"}],"twitter_card":"summary_large_image","twitter_misc":{"Est. tempo de leitura":"1 minuto"},"schema":{"@context":"https:\/\/schema.org","@graph":[{"@type":"WebPage","@id":"https:\/\/ponteseditores.com.br\/loja3\/pontes-editores-home-2__trashed\/ensino-e-aprendizagem\/produto-672\/","url":"https:\/\/ponteseditores.com.br\/loja3\/pontes-editores-home-2__trashed\/ensino-e-aprendizagem\/produto-672\/","name":"ARQUITET\u00d4NICA SOCIAL ESCOLAR: VYGOTSKY, BAKHTIN E BERNSTEIN ESPA\u00c7OS, DISCURSOS, ARTEFATOS E SUAS RELA\u00c7\u00d5ES DE PODER E CONTROLE - Pontes Editores","isPartOf":{"@id":"https:\/\/ponteseditores.com.br\/loja3\/#website"},"primaryImageOfPage":{"@id":"https:\/\/ponteseditores.com.br\/loja3\/pontes-editores-home-2__trashed\/ensino-e-aprendizagem\/produto-672\/#primaryimage"},"image":{"@id":"https:\/\/ponteseditores.com.br\/loja3\/pontes-editores-home-2__trashed\/ensino-e-aprendizagem\/produto-672\/#primaryimage"},"thumbnailUrl":"https:\/\/ponteseditores.com.br\/loja3\/wp-content\/uploads\/2023\/12\/arq11-4.jpg","datePublished":"2023-12-11T03:55:01+00:00","dateModified":"2026-03-31T14:56:00+00:00","breadcrumb":{"@id":"https:\/\/ponteseditores.com.br\/loja3\/pontes-editores-home-2__trashed\/ensino-e-aprendizagem\/produto-672\/#breadcrumb"},"inLanguage":"pt-BR","potentialAction":[{"@type":"ReadAction","target":["https:\/\/ponteseditores.com.br\/loja3\/pontes-editores-home-2__trashed\/ensino-e-aprendizagem\/produto-672\/"]}]},{"@type":"ImageObject","inLanguage":"pt-BR","@id":"https:\/\/ponteseditores.com.br\/loja3\/pontes-editores-home-2__trashed\/ensino-e-aprendizagem\/produto-672\/#primaryimage","url":"https:\/\/ponteseditores.com.br\/loja3\/wp-content\/uploads\/2023\/12\/arq11-4.jpg","contentUrl":"https:\/\/ponteseditores.com.br\/loja3\/wp-content\/uploads\/2023\/12\/arq11-4.jpg","width":510,"height":768},{"@type":"BreadcrumbList","@id":"https:\/\/ponteseditores.com.br\/loja3\/pontes-editores-home-2__trashed\/ensino-e-aprendizagem\/produto-672\/#breadcrumb","itemListElement":[{"@type":"ListItem","position":1,"name":"Home","item":"https:\/\/ponteseditores.com.br\/loja3\/"},{"@type":"ListItem","position":2,"name":"loja","item":"https:\/\/ponteseditores.com.br\/loja3\/loja\/"},{"@type":"ListItem","position":3,"name":"ARQUITET\u00d4NICA SOCIAL ESCOLAR: VYGOTSKY, BAKHTIN E BERNSTEIN ESPA\u00c7OS, DISCURSOS, ARTEFATOS E SUAS RELA\u00c7\u00d5ES DE PODER E CONTROLE"}]},{"@type":"WebSite","@id":"https:\/\/ponteseditores.com.br\/loja3\/#website","url":"https:\/\/ponteseditores.com.br\/loja3\/","name":"Pontes Editores","description":"Pontes Editores","publisher":{"@id":"https:\/\/ponteseditores.com.br\/loja3\/#organization"},"potentialAction":[{"@type":"SearchAction","target":{"@type":"EntryPoint","urlTemplate":"https:\/\/ponteseditores.com.br\/loja3\/?s={search_term_string}"},"query-input":{"@type":"PropertyValueSpecification","valueRequired":true,"valueName":"search_term_string"}}],"inLanguage":"pt-BR"},{"@type":"Organization","@id":"https:\/\/ponteseditores.com.br\/loja3\/#organization","name":"Pontes Editores","url":"https:\/\/ponteseditores.com.br\/loja3\/","logo":{"@type":"ImageObject","inLanguage":"pt-BR","@id":"https:\/\/ponteseditores.com.br\/loja3\/#\/schema\/logo\/image\/","url":"https:\/\/ponteseditores.com.br\/loja3\/wp-content\/uploads\/2023\/12\/logo-pontes-editores-v2.png","contentUrl":"https:\/\/ponteseditores.com.br\/loja3\/wp-content\/uploads\/2023\/12\/logo-pontes-editores-v2.png","width":258,"height":100,"caption":"Pontes Editores"},"image":{"@id":"https:\/\/ponteseditores.com.br\/loja3\/#\/schema\/logo\/image\/"}}]}},"_links":{"self":[{"href":"https:\/\/ponteseditores.com.br\/loja3\/wp-json\/wp\/v2\/product\/5654","targetHints":{"allow":["GET"]}}],"collection":[{"href":"https:\/\/ponteseditores.com.br\/loja3\/wp-json\/wp\/v2\/product"}],"about":[{"href":"https:\/\/ponteseditores.com.br\/loja3\/wp-json\/wp\/v2\/types\/product"}],"replies":[{"embeddable":true,"href":"https:\/\/ponteseditores.com.br\/loja3\/wp-json\/wp\/v2\/comments?post=5654"}],"version-history":[{"count":0,"href":"https:\/\/ponteseditores.com.br\/loja3\/wp-json\/wp\/v2\/product\/5654\/revisions"}],"wp:featuredmedia":[{"embeddable":true,"href":"https:\/\/ponteseditores.com.br\/loja3\/wp-json\/wp\/v2\/media\/5653"}],"wp:attachment":[{"href":"https:\/\/ponteseditores.com.br\/loja3\/wp-json\/wp\/v2\/media?parent=5654"}],"wp:term":[{"taxonomy":"product_brand","embeddable":true,"href":"https:\/\/ponteseditores.com.br\/loja3\/wp-json\/wp\/v2\/product_brand?post=5654"},{"taxonomy":"product_cat","embeddable":true,"href":"https:\/\/ponteseditores.com.br\/loja3\/wp-json\/wp\/v2\/product_cat?post=5654"},{"taxonomy":"product_tag","embeddable":true,"href":"https:\/\/ponteseditores.com.br\/loja3\/wp-json\/wp\/v2\/product_tag?post=5654"}],"curies":[{"name":"wp","href":"https:\/\/api.w.org\/{rel}","templated":true}]}}