{"id":5652,"date":"2023-12-11T00:55:00","date_gmt":"2023-12-11T03:55:00","guid":{"rendered":"https:\/\/ponteseditores.com.br\/loja3\/produto\/produto-671\/"},"modified":"2023-12-15T14:12:53","modified_gmt":"2023-12-15T17:12:53","slug":"produto-671","status":"publish","type":"product","link":"https:\/\/ponteseditores.com.br\/loja3\/pontes-editores-home-2__trashed\/linguistica\/produto-671\/","title":{"rendered":"NOVOS HORIZONTES DA PESQUISA EM MORFOLOGIA"},"content":{"rendered":"<p>pelos NEMP (N\u00facleo de Estudos Morfol\u00f3gicos do Portugu\u00eas). As quest\u00f5es abordadas na obra variam da descri\u00e7\u00e3o de processos morfol\u00f3gicos j\u00e1 bastante estudados na \u00e1rea (como as constru\u00e7\u00f5es X\u2011eiro, aqui analisadas numa perspectiva te\u00f3rica diferente \u2013 a morfologia construcional) a fen\u00f4menos que, at\u00e9 onde se conhece, nunca foram abordados, como o TTK gual\u00edn (\u201cl\u00edngua do Catete). Em sua maioria, as an\u00e1lises resultam de pesquisas conclu\u00eddas de disserta\u00e7\u00f5es e teses. Para dar ao leitor uma vis\u00e3o do alcance dos estudos morfol\u00f3gicos nos dias de hoje, dividimos a obra em quatro partes: (a) Morfologia hist\u00f3rica, (b) Fronteiras externas da morfologia, (c) Fronteiras internas da morfologia e (d) Morfologia e ensino. Os autores assumem diferentes perspectivas nas an\u00e1lises morfol\u00f3gicas apresentadas nos sete cap\u00edtulos que comp\u00f5em a obra. Dessa forma, lan\u00e7a-se m\u00e3o de informa\u00e7\u00f5es hist\u00f3ricas para interpretar o comportamento de elementos lingu\u00edsticos na atual sincronia; da proposta de organiza\u00e7\u00e3o categorial por prot\u00f3tipos para nortear as discuss\u00f5es em torno dos limites entre flex\u00e3o e deriva\u00e7\u00e3o, de um lado, e composi\u00e7\u00e3o e deriva\u00e7\u00e3o, de outro; de propostas recentes no \u00e2mbito da lingu\u00edstica cognitiva para o estudo da interface morfologia-sem\u00e2ntica, projetando diferente ponto de vista para os dados examinados; e da teoria da otimalidade, na interface morfologia-fonologia, para dar conta de um tipo de argot, o TTK: linguagem usada por um grupo de pessoas que partilham caracter\u00edsticas comuns, como proced\u00eancia ou mesmo identifica\u00e7\u00e3o ideol\u00f3gica. A partir das conclus\u00f5es apontadas por essas e outras investiga\u00e7\u00f5es desenvolvidas no \u00e2mbito do NEMP, s\u00e3o propostas sugest\u00f5es para o ensino de morfologia.<\/p>\n","protected":false},"excerpt":{"rendered":"<p>pelos NEMP (N\u00facleo de Estudos Morfol\u00f3gicos do Portugu\u00eas). As quest\u00f5es abordadas na obra variam da descri\u00e7\u00e3o de processos morfol\u00f3gicos j\u00e1 bastante estudados na \u00e1rea (como as constru\u00e7\u00f5es X\u2011eiro, aqui analisadas numa perspectiva te\u00f3rica diferente \u2013 a morfologia construcional) a fen\u00f4menos que, at\u00e9 onde se conhece, nunca foram abordados, como o TTK gual\u00edn (\u201cl\u00edngua do Catete). [&hellip;]<\/p>\n","protected":false},"featured_media":5651,"comment_status":"open","ping_status":"closed","template":"","meta":{"_joinchat":[]},"product_brand":[],"product_cat":[31,326],"product_tag":[],"class_list":{"0":"post-5652","1":"product","2":"type-product","3":"status-publish","4":"has-post-thumbnail","6":"product_cat-linguistica","7":"product_cat-morfologia","8":"product_shipping_class-livro-pontes-editores-fisico","10":"first","11":"instock","12":"shipping-taxable","13":"purchasable","14":"product-type-simple"},"yoast_head":"<!-- This site is optimized with the Yoast SEO plugin v27.4 - https:\/\/yoast.com\/product\/yoast-seo-wordpress\/ -->\n<title>NOVOS HORIZONTES DA PESQUISA EM MORFOLOGIA - Pontes Editores<\/title>\n<meta name=\"robots\" content=\"index, follow, max-snippet:-1, max-image-preview:large, max-video-preview:-1\" \/>\n<link rel=\"canonical\" href=\"https:\/\/ponteseditores.com.br\/loja3\/pontes-editores-home-2__trashed\/linguistica\/produto-671\/\" \/>\n<meta property=\"og:locale\" content=\"pt_BR\" \/>\n<meta property=\"og:type\" content=\"article\" \/>\n<meta property=\"og:title\" content=\"NOVOS HORIZONTES DA PESQUISA EM MORFOLOGIA - Pontes Editores\" \/>\n<meta property=\"og:description\" content=\"pelos NEMP (N\u00facleo de Estudos Morfol\u00f3gicos do Portugu\u00eas). As quest\u00f5es abordadas na obra variam da descri\u00e7\u00e3o de processos morfol\u00f3gicos j\u00e1 bastante estudados na \u00e1rea (como as constru\u00e7\u00f5es X\u2011eiro, aqui analisadas numa perspectiva te\u00f3rica diferente \u2013 a morfologia construcional) a fen\u00f4menos que, at\u00e9 onde se conhece, nunca foram abordados, como o TTK gual\u00edn (\u201cl\u00edngua do Catete). [&hellip;]\" \/>\n<meta property=\"og:url\" content=\"https:\/\/ponteseditores.com.br\/loja3\/pontes-editores-home-2__trashed\/linguistica\/produto-671\/\" \/>\n<meta property=\"og:site_name\" content=\"Pontes Editores\" \/>\n<meta property=\"article:modified_time\" content=\"2023-12-15T17:12:53+00:00\" \/>\n<meta property=\"og:image\" content=\"https:\/\/ponteseditores.com.br\/loja3\/wp-content\/uploads\/2023\/12\/hor1-1.jpg\" \/>\n\t<meta property=\"og:image:width\" content=\"516\" \/>\n\t<meta property=\"og:image:height\" content=\"768\" \/>\n\t<meta property=\"og:image:type\" content=\"image\/jpeg\" \/>\n<meta name=\"twitter:card\" content=\"summary_large_image\" \/>\n<meta name=\"twitter:label1\" content=\"Est. tempo de leitura\" \/>\n\t<meta name=\"twitter:data1\" content=\"1 minuto\" \/>\n<script type=\"application\/ld+json\" class=\"yoast-schema-graph\">{\"@context\":\"https:\\\/\\\/schema.org\",\"@graph\":[{\"@type\":\"WebPage\",\"@id\":\"https:\\\/\\\/ponteseditores.com.br\\\/loja3\\\/pontes-editores-home-2__trashed\\\/linguistica\\\/produto-671\\\/\",\"url\":\"https:\\\/\\\/ponteseditores.com.br\\\/loja3\\\/pontes-editores-home-2__trashed\\\/linguistica\\\/produto-671\\\/\",\"name\":\"NOVOS HORIZONTES DA PESQUISA EM MORFOLOGIA - Pontes Editores\",\"isPartOf\":{\"@id\":\"https:\\\/\\\/ponteseditores.com.br\\\/loja3\\\/#website\"},\"primaryImageOfPage\":{\"@id\":\"https:\\\/\\\/ponteseditores.com.br\\\/loja3\\\/pontes-editores-home-2__trashed\\\/linguistica\\\/produto-671\\\/#primaryimage\"},\"image\":{\"@id\":\"https:\\\/\\\/ponteseditores.com.br\\\/loja3\\\/pontes-editores-home-2__trashed\\\/linguistica\\\/produto-671\\\/#primaryimage\"},\"thumbnailUrl\":\"https:\\\/\\\/ponteseditores.com.br\\\/loja3\\\/wp-content\\\/uploads\\\/2023\\\/12\\\/hor1-1.jpg\",\"datePublished\":\"2023-12-11T03:55:00+00:00\",\"dateModified\":\"2023-12-15T17:12:53+00:00\",\"breadcrumb\":{\"@id\":\"https:\\\/\\\/ponteseditores.com.br\\\/loja3\\\/pontes-editores-home-2__trashed\\\/linguistica\\\/produto-671\\\/#breadcrumb\"},\"inLanguage\":\"pt-BR\",\"potentialAction\":[{\"@type\":\"ReadAction\",\"target\":[\"https:\\\/\\\/ponteseditores.com.br\\\/loja3\\\/pontes-editores-home-2__trashed\\\/linguistica\\\/produto-671\\\/\"]}]},{\"@type\":\"ImageObject\",\"inLanguage\":\"pt-BR\",\"@id\":\"https:\\\/\\\/ponteseditores.com.br\\\/loja3\\\/pontes-editores-home-2__trashed\\\/linguistica\\\/produto-671\\\/#primaryimage\",\"url\":\"https:\\\/\\\/ponteseditores.com.br\\\/loja3\\\/wp-content\\\/uploads\\\/2023\\\/12\\\/hor1-1.jpg\",\"contentUrl\":\"https:\\\/\\\/ponteseditores.com.br\\\/loja3\\\/wp-content\\\/uploads\\\/2023\\\/12\\\/hor1-1.jpg\",\"width\":516,\"height\":768},{\"@type\":\"BreadcrumbList\",\"@id\":\"https:\\\/\\\/ponteseditores.com.br\\\/loja3\\\/pontes-editores-home-2__trashed\\\/linguistica\\\/produto-671\\\/#breadcrumb\",\"itemListElement\":[{\"@type\":\"ListItem\",\"position\":1,\"name\":\"Home\",\"item\":\"https:\\\/\\\/ponteseditores.com.br\\\/loja3\\\/\"},{\"@type\":\"ListItem\",\"position\":2,\"name\":\"loja\",\"item\":\"https:\\\/\\\/ponteseditores.com.br\\\/loja3\\\/loja\\\/\"},{\"@type\":\"ListItem\",\"position\":3,\"name\":\"NOVOS HORIZONTES DA PESQUISA EM MORFOLOGIA\"}]},{\"@type\":\"WebSite\",\"@id\":\"https:\\\/\\\/ponteseditores.com.br\\\/loja3\\\/#website\",\"url\":\"https:\\\/\\\/ponteseditores.com.br\\\/loja3\\\/\",\"name\":\"Pontes Editores\",\"description\":\"Pontes Editores\",\"publisher\":{\"@id\":\"https:\\\/\\\/ponteseditores.com.br\\\/loja3\\\/#organization\"},\"potentialAction\":[{\"@type\":\"SearchAction\",\"target\":{\"@type\":\"EntryPoint\",\"urlTemplate\":\"https:\\\/\\\/ponteseditores.com.br\\\/loja3\\\/?s={search_term_string}\"},\"query-input\":{\"@type\":\"PropertyValueSpecification\",\"valueRequired\":true,\"valueName\":\"search_term_string\"}}],\"inLanguage\":\"pt-BR\"},{\"@type\":\"Organization\",\"@id\":\"https:\\\/\\\/ponteseditores.com.br\\\/loja3\\\/#organization\",\"name\":\"Pontes Editores\",\"url\":\"https:\\\/\\\/ponteseditores.com.br\\\/loja3\\\/\",\"logo\":{\"@type\":\"ImageObject\",\"inLanguage\":\"pt-BR\",\"@id\":\"https:\\\/\\\/ponteseditores.com.br\\\/loja3\\\/#\\\/schema\\\/logo\\\/image\\\/\",\"url\":\"https:\\\/\\\/ponteseditores.com.br\\\/loja3\\\/wp-content\\\/uploads\\\/2023\\\/12\\\/logo-pontes-editores-v2.png\",\"contentUrl\":\"https:\\\/\\\/ponteseditores.com.br\\\/loja3\\\/wp-content\\\/uploads\\\/2023\\\/12\\\/logo-pontes-editores-v2.png\",\"width\":258,\"height\":100,\"caption\":\"Pontes Editores\"},\"image\":{\"@id\":\"https:\\\/\\\/ponteseditores.com.br\\\/loja3\\\/#\\\/schema\\\/logo\\\/image\\\/\"}}]}<\/script>\n<!-- \/ Yoast SEO plugin. -->","yoast_head_json":{"title":"NOVOS HORIZONTES DA PESQUISA EM MORFOLOGIA - Pontes Editores","robots":{"index":"index","follow":"follow","max-snippet":"max-snippet:-1","max-image-preview":"max-image-preview:large","max-video-preview":"max-video-preview:-1"},"canonical":"https:\/\/ponteseditores.com.br\/loja3\/pontes-editores-home-2__trashed\/linguistica\/produto-671\/","og_locale":"pt_BR","og_type":"article","og_title":"NOVOS HORIZONTES DA PESQUISA EM MORFOLOGIA - Pontes Editores","og_description":"pelos NEMP (N\u00facleo de Estudos Morfol\u00f3gicos do Portugu\u00eas). As quest\u00f5es abordadas na obra variam da descri\u00e7\u00e3o de processos morfol\u00f3gicos j\u00e1 bastante estudados na \u00e1rea (como as constru\u00e7\u00f5es X\u2011eiro, aqui analisadas numa perspectiva te\u00f3rica diferente \u2013 a morfologia construcional) a fen\u00f4menos que, at\u00e9 onde se conhece, nunca foram abordados, como o TTK gual\u00edn (\u201cl\u00edngua do Catete). [&hellip;]","og_url":"https:\/\/ponteseditores.com.br\/loja3\/pontes-editores-home-2__trashed\/linguistica\/produto-671\/","og_site_name":"Pontes Editores","article_modified_time":"2023-12-15T17:12:53+00:00","og_image":[{"width":516,"height":768,"url":"https:\/\/ponteseditores.com.br\/loja3\/wp-content\/uploads\/2023\/12\/hor1-1.jpg","type":"image\/jpeg"}],"twitter_card":"summary_large_image","twitter_misc":{"Est. tempo de leitura":"1 minuto"},"schema":{"@context":"https:\/\/schema.org","@graph":[{"@type":"WebPage","@id":"https:\/\/ponteseditores.com.br\/loja3\/pontes-editores-home-2__trashed\/linguistica\/produto-671\/","url":"https:\/\/ponteseditores.com.br\/loja3\/pontes-editores-home-2__trashed\/linguistica\/produto-671\/","name":"NOVOS HORIZONTES DA PESQUISA EM MORFOLOGIA - Pontes Editores","isPartOf":{"@id":"https:\/\/ponteseditores.com.br\/loja3\/#website"},"primaryImageOfPage":{"@id":"https:\/\/ponteseditores.com.br\/loja3\/pontes-editores-home-2__trashed\/linguistica\/produto-671\/#primaryimage"},"image":{"@id":"https:\/\/ponteseditores.com.br\/loja3\/pontes-editores-home-2__trashed\/linguistica\/produto-671\/#primaryimage"},"thumbnailUrl":"https:\/\/ponteseditores.com.br\/loja3\/wp-content\/uploads\/2023\/12\/hor1-1.jpg","datePublished":"2023-12-11T03:55:00+00:00","dateModified":"2023-12-15T17:12:53+00:00","breadcrumb":{"@id":"https:\/\/ponteseditores.com.br\/loja3\/pontes-editores-home-2__trashed\/linguistica\/produto-671\/#breadcrumb"},"inLanguage":"pt-BR","potentialAction":[{"@type":"ReadAction","target":["https:\/\/ponteseditores.com.br\/loja3\/pontes-editores-home-2__trashed\/linguistica\/produto-671\/"]}]},{"@type":"ImageObject","inLanguage":"pt-BR","@id":"https:\/\/ponteseditores.com.br\/loja3\/pontes-editores-home-2__trashed\/linguistica\/produto-671\/#primaryimage","url":"https:\/\/ponteseditores.com.br\/loja3\/wp-content\/uploads\/2023\/12\/hor1-1.jpg","contentUrl":"https:\/\/ponteseditores.com.br\/loja3\/wp-content\/uploads\/2023\/12\/hor1-1.jpg","width":516,"height":768},{"@type":"BreadcrumbList","@id":"https:\/\/ponteseditores.com.br\/loja3\/pontes-editores-home-2__trashed\/linguistica\/produto-671\/#breadcrumb","itemListElement":[{"@type":"ListItem","position":1,"name":"Home","item":"https:\/\/ponteseditores.com.br\/loja3\/"},{"@type":"ListItem","position":2,"name":"loja","item":"https:\/\/ponteseditores.com.br\/loja3\/loja\/"},{"@type":"ListItem","position":3,"name":"NOVOS HORIZONTES DA PESQUISA EM MORFOLOGIA"}]},{"@type":"WebSite","@id":"https:\/\/ponteseditores.com.br\/loja3\/#website","url":"https:\/\/ponteseditores.com.br\/loja3\/","name":"Pontes Editores","description":"Pontes Editores","publisher":{"@id":"https:\/\/ponteseditores.com.br\/loja3\/#organization"},"potentialAction":[{"@type":"SearchAction","target":{"@type":"EntryPoint","urlTemplate":"https:\/\/ponteseditores.com.br\/loja3\/?s={search_term_string}"},"query-input":{"@type":"PropertyValueSpecification","valueRequired":true,"valueName":"search_term_string"}}],"inLanguage":"pt-BR"},{"@type":"Organization","@id":"https:\/\/ponteseditores.com.br\/loja3\/#organization","name":"Pontes Editores","url":"https:\/\/ponteseditores.com.br\/loja3\/","logo":{"@type":"ImageObject","inLanguage":"pt-BR","@id":"https:\/\/ponteseditores.com.br\/loja3\/#\/schema\/logo\/image\/","url":"https:\/\/ponteseditores.com.br\/loja3\/wp-content\/uploads\/2023\/12\/logo-pontes-editores-v2.png","contentUrl":"https:\/\/ponteseditores.com.br\/loja3\/wp-content\/uploads\/2023\/12\/logo-pontes-editores-v2.png","width":258,"height":100,"caption":"Pontes Editores"},"image":{"@id":"https:\/\/ponteseditores.com.br\/loja3\/#\/schema\/logo\/image\/"}}]}},"_links":{"self":[{"href":"https:\/\/ponteseditores.com.br\/loja3\/wp-json\/wp\/v2\/product\/5652","targetHints":{"allow":["GET"]}}],"collection":[{"href":"https:\/\/ponteseditores.com.br\/loja3\/wp-json\/wp\/v2\/product"}],"about":[{"href":"https:\/\/ponteseditores.com.br\/loja3\/wp-json\/wp\/v2\/types\/product"}],"replies":[{"embeddable":true,"href":"https:\/\/ponteseditores.com.br\/loja3\/wp-json\/wp\/v2\/comments?post=5652"}],"version-history":[{"count":0,"href":"https:\/\/ponteseditores.com.br\/loja3\/wp-json\/wp\/v2\/product\/5652\/revisions"}],"wp:featuredmedia":[{"embeddable":true,"href":"https:\/\/ponteseditores.com.br\/loja3\/wp-json\/wp\/v2\/media\/5651"}],"wp:attachment":[{"href":"https:\/\/ponteseditores.com.br\/loja3\/wp-json\/wp\/v2\/media?parent=5652"}],"wp:term":[{"taxonomy":"product_brand","embeddable":true,"href":"https:\/\/ponteseditores.com.br\/loja3\/wp-json\/wp\/v2\/product_brand?post=5652"},{"taxonomy":"product_cat","embeddable":true,"href":"https:\/\/ponteseditores.com.br\/loja3\/wp-json\/wp\/v2\/product_cat?post=5652"},{"taxonomy":"product_tag","embeddable":true,"href":"https:\/\/ponteseditores.com.br\/loja3\/wp-json\/wp\/v2\/product_tag?post=5652"}],"curies":[{"name":"wp","href":"https:\/\/api.w.org\/{rel}","templated":true}]}}