{"id":5643,"date":"2023-12-11T00:54:56","date_gmt":"2023-12-11T03:54:56","guid":{"rendered":"https:\/\/ponteseditores.com.br\/loja3\/produto\/produto-666\/"},"modified":"2024-01-12T16:03:50","modified_gmt":"2024-01-12T19:03:50","slug":"produto-666","status":"publish","type":"product","link":"https:\/\/ponteseditores.com.br\/loja3\/pontes-editores-home-2__trashed\/meios-auxiliares-do-ensino\/produto-666\/","title":{"rendered":"G\u00caNEROS DO DISCURSO:dialogando com Bakhtin"},"content":{"rendered":"<p>O livro G\u00eaneros do discurso: dialogando com Bakhtin traz alguns resultados de investiga\u00e7\u00f5es desenvolvidas no Programa de P\u00f3s-Gradua\u00e7\u00e3o em Letras e Lingu\u00edstica da Universidade Federal de Goi\u00e1s e \u00e9 patrocinado pela CAPES e pela FAPEG (Funda\u00e7\u00e3o de Amparo \u00e0 Pesquisa em Goi\u00e1s). O desenvolvimento do projeto de pesquisa CRIARCONTEXTO: rela\u00e7\u00f5es entre texto, discurso e ensino toma os conceitos de intera\u00e7\u00e3o, dialogismo, enunciado e g\u00eanero do discurso da perspectiva bakhtiniana como ponto de partida. Assim, cada cap\u00edtulo discute aspectos das for\u00e7as centr\u00edpetas de manuten\u00e7\u00e3o das tradi\u00e7\u00f5es socioculturais em movimento dial\u00e9tico em rela\u00e7\u00e3o \u00e0s for\u00e7as centr\u00edfugas de abertura e renova\u00e7\u00e3o das ideias.<\/p>\n","protected":false},"excerpt":{"rendered":"<p>O livro G\u00eaneros do discurso: dialogando com Bakhtin traz alguns resultados de investiga\u00e7\u00f5es desenvolvidas no Programa de P\u00f3s-Gradua\u00e7\u00e3o em Letras e Lingu\u00edstica da Universidade Federal de Goi\u00e1s e \u00e9 patrocinado pela CAPES e pela FAPEG (Funda\u00e7\u00e3o de Amparo \u00e0 Pesquisa em Goi\u00e1s). O desenvolvimento do projeto de pesquisa CRIARCONTEXTO: rela\u00e7\u00f5es entre texto, discurso e ensino [&hellip;]<\/p>\n","protected":false},"featured_media":5516,"comment_status":"open","ping_status":"closed","template":"","meta":{"_joinchat":[]},"product_brand":[],"product_cat":[317,293],"product_tag":[],"class_list":{"0":"post-5643","1":"product","2":"type-product","3":"status-publish","4":"has-post-thumbnail","6":"product_cat-generos-discursivos","7":"product_cat-meios-auxiliares-do-ensino","8":"product_shipping_class-livro-pontes-editores-fisico","10":"first","11":"instock","12":"shipping-taxable","13":"purchasable","14":"product-type-simple"},"yoast_head":"<!-- This site is optimized with the Yoast SEO plugin v27.4 - https:\/\/yoast.com\/product\/yoast-seo-wordpress\/ -->\n<title>G\u00caNEROS DO DISCURSO:dialogando com Bakhtin - Pontes Editores<\/title>\n<meta name=\"robots\" content=\"index, follow, max-snippet:-1, max-image-preview:large, max-video-preview:-1\" \/>\n<link rel=\"canonical\" href=\"https:\/\/ponteseditores.com.br\/loja3\/pontes-editores-home-2__trashed\/meios-auxiliares-do-ensino\/produto-666\/\" \/>\n<meta property=\"og:locale\" content=\"pt_BR\" \/>\n<meta property=\"og:type\" content=\"article\" \/>\n<meta property=\"og:title\" content=\"G\u00caNEROS DO DISCURSO:dialogando com Bakhtin - Pontes Editores\" \/>\n<meta property=\"og:description\" content=\"O livro G\u00eaneros do discurso: dialogando com Bakhtin traz alguns resultados de investiga\u00e7\u00f5es desenvolvidas no Programa de P\u00f3s-Gradua\u00e7\u00e3o em Letras e Lingu\u00edstica da Universidade Federal de Goi\u00e1s e \u00e9 patrocinado pela CAPES e pela FAPEG (Funda\u00e7\u00e3o de Amparo \u00e0 Pesquisa em Goi\u00e1s). O desenvolvimento do projeto de pesquisa CRIARCONTEXTO: rela\u00e7\u00f5es entre texto, discurso e ensino [&hellip;]\" \/>\n<meta property=\"og:url\" content=\"https:\/\/ponteseditores.com.br\/loja3\/pontes-editores-home-2__trashed\/meios-auxiliares-do-ensino\/produto-666\/\" \/>\n<meta property=\"og:site_name\" content=\"Pontes Editores\" \/>\n<meta property=\"article:modified_time\" content=\"2024-01-12T19:03:50+00:00\" \/>\n<meta property=\"og:image\" content=\"https:\/\/ponteseditores.com.br\/loja3\/wp-content\/uploads\/2023\/12\/gen1-1.jpg\" \/>\n\t<meta property=\"og:image:width\" content=\"507\" \/>\n\t<meta property=\"og:image:height\" content=\"768\" \/>\n\t<meta property=\"og:image:type\" content=\"image\/jpeg\" \/>\n<meta name=\"twitter:card\" content=\"summary_large_image\" \/>\n<meta name=\"twitter:label1\" content=\"Est. tempo de leitura\" \/>\n\t<meta name=\"twitter:data1\" content=\"1 minuto\" \/>\n<script type=\"application\/ld+json\" class=\"yoast-schema-graph\">{\"@context\":\"https:\\\/\\\/schema.org\",\"@graph\":[{\"@type\":\"WebPage\",\"@id\":\"https:\\\/\\\/ponteseditores.com.br\\\/loja3\\\/pontes-editores-home-2__trashed\\\/meios-auxiliares-do-ensino\\\/produto-666\\\/\",\"url\":\"https:\\\/\\\/ponteseditores.com.br\\\/loja3\\\/pontes-editores-home-2__trashed\\\/meios-auxiliares-do-ensino\\\/produto-666\\\/\",\"name\":\"G\u00caNEROS DO DISCURSO:dialogando com Bakhtin - Pontes Editores\",\"isPartOf\":{\"@id\":\"https:\\\/\\\/ponteseditores.com.br\\\/loja3\\\/#website\"},\"primaryImageOfPage\":{\"@id\":\"https:\\\/\\\/ponteseditores.com.br\\\/loja3\\\/pontes-editores-home-2__trashed\\\/meios-auxiliares-do-ensino\\\/produto-666\\\/#primaryimage\"},\"image\":{\"@id\":\"https:\\\/\\\/ponteseditores.com.br\\\/loja3\\\/pontes-editores-home-2__trashed\\\/meios-auxiliares-do-ensino\\\/produto-666\\\/#primaryimage\"},\"thumbnailUrl\":\"https:\\\/\\\/ponteseditores.com.br\\\/loja3\\\/wp-content\\\/uploads\\\/2023\\\/12\\\/gen1-1.jpg\",\"datePublished\":\"2023-12-11T03:54:56+00:00\",\"dateModified\":\"2024-01-12T19:03:50+00:00\",\"breadcrumb\":{\"@id\":\"https:\\\/\\\/ponteseditores.com.br\\\/loja3\\\/pontes-editores-home-2__trashed\\\/meios-auxiliares-do-ensino\\\/produto-666\\\/#breadcrumb\"},\"inLanguage\":\"pt-BR\",\"potentialAction\":[{\"@type\":\"ReadAction\",\"target\":[\"https:\\\/\\\/ponteseditores.com.br\\\/loja3\\\/pontes-editores-home-2__trashed\\\/meios-auxiliares-do-ensino\\\/produto-666\\\/\"]}]},{\"@type\":\"ImageObject\",\"inLanguage\":\"pt-BR\",\"@id\":\"https:\\\/\\\/ponteseditores.com.br\\\/loja3\\\/pontes-editores-home-2__trashed\\\/meios-auxiliares-do-ensino\\\/produto-666\\\/#primaryimage\",\"url\":\"https:\\\/\\\/ponteseditores.com.br\\\/loja3\\\/wp-content\\\/uploads\\\/2023\\\/12\\\/gen1-1.jpg\",\"contentUrl\":\"https:\\\/\\\/ponteseditores.com.br\\\/loja3\\\/wp-content\\\/uploads\\\/2023\\\/12\\\/gen1-1.jpg\",\"width\":507,\"height\":768},{\"@type\":\"BreadcrumbList\",\"@id\":\"https:\\\/\\\/ponteseditores.com.br\\\/loja3\\\/pontes-editores-home-2__trashed\\\/meios-auxiliares-do-ensino\\\/produto-666\\\/#breadcrumb\",\"itemListElement\":[{\"@type\":\"ListItem\",\"position\":1,\"name\":\"Home\",\"item\":\"https:\\\/\\\/ponteseditores.com.br\\\/loja3\\\/\"},{\"@type\":\"ListItem\",\"position\":2,\"name\":\"loja\",\"item\":\"https:\\\/\\\/ponteseditores.com.br\\\/loja3\\\/loja\\\/\"},{\"@type\":\"ListItem\",\"position\":3,\"name\":\"G\u00caNEROS DO DISCURSO:dialogando com Bakhtin\"}]},{\"@type\":\"WebSite\",\"@id\":\"https:\\\/\\\/ponteseditores.com.br\\\/loja3\\\/#website\",\"url\":\"https:\\\/\\\/ponteseditores.com.br\\\/loja3\\\/\",\"name\":\"Pontes Editores\",\"description\":\"Pontes Editores\",\"publisher\":{\"@id\":\"https:\\\/\\\/ponteseditores.com.br\\\/loja3\\\/#organization\"},\"potentialAction\":[{\"@type\":\"SearchAction\",\"target\":{\"@type\":\"EntryPoint\",\"urlTemplate\":\"https:\\\/\\\/ponteseditores.com.br\\\/loja3\\\/?s={search_term_string}\"},\"query-input\":{\"@type\":\"PropertyValueSpecification\",\"valueRequired\":true,\"valueName\":\"search_term_string\"}}],\"inLanguage\":\"pt-BR\"},{\"@type\":\"Organization\",\"@id\":\"https:\\\/\\\/ponteseditores.com.br\\\/loja3\\\/#organization\",\"name\":\"Pontes Editores\",\"url\":\"https:\\\/\\\/ponteseditores.com.br\\\/loja3\\\/\",\"logo\":{\"@type\":\"ImageObject\",\"inLanguage\":\"pt-BR\",\"@id\":\"https:\\\/\\\/ponteseditores.com.br\\\/loja3\\\/#\\\/schema\\\/logo\\\/image\\\/\",\"url\":\"https:\\\/\\\/ponteseditores.com.br\\\/loja3\\\/wp-content\\\/uploads\\\/2023\\\/12\\\/logo-pontes-editores-v2.png\",\"contentUrl\":\"https:\\\/\\\/ponteseditores.com.br\\\/loja3\\\/wp-content\\\/uploads\\\/2023\\\/12\\\/logo-pontes-editores-v2.png\",\"width\":258,\"height\":100,\"caption\":\"Pontes Editores\"},\"image\":{\"@id\":\"https:\\\/\\\/ponteseditores.com.br\\\/loja3\\\/#\\\/schema\\\/logo\\\/image\\\/\"}}]}<\/script>\n<!-- \/ Yoast SEO plugin. -->","yoast_head_json":{"title":"G\u00caNEROS DO DISCURSO:dialogando com Bakhtin - Pontes Editores","robots":{"index":"index","follow":"follow","max-snippet":"max-snippet:-1","max-image-preview":"max-image-preview:large","max-video-preview":"max-video-preview:-1"},"canonical":"https:\/\/ponteseditores.com.br\/loja3\/pontes-editores-home-2__trashed\/meios-auxiliares-do-ensino\/produto-666\/","og_locale":"pt_BR","og_type":"article","og_title":"G\u00caNEROS DO DISCURSO:dialogando com Bakhtin - Pontes Editores","og_description":"O livro G\u00eaneros do discurso: dialogando com Bakhtin traz alguns resultados de investiga\u00e7\u00f5es desenvolvidas no Programa de P\u00f3s-Gradua\u00e7\u00e3o em Letras e Lingu\u00edstica da Universidade Federal de Goi\u00e1s e \u00e9 patrocinado pela CAPES e pela FAPEG (Funda\u00e7\u00e3o de Amparo \u00e0 Pesquisa em Goi\u00e1s). O desenvolvimento do projeto de pesquisa CRIARCONTEXTO: rela\u00e7\u00f5es entre texto, discurso e ensino [&hellip;]","og_url":"https:\/\/ponteseditores.com.br\/loja3\/pontes-editores-home-2__trashed\/meios-auxiliares-do-ensino\/produto-666\/","og_site_name":"Pontes Editores","article_modified_time":"2024-01-12T19:03:50+00:00","og_image":[{"width":507,"height":768,"url":"https:\/\/ponteseditores.com.br\/loja3\/wp-content\/uploads\/2023\/12\/gen1-1.jpg","type":"image\/jpeg"}],"twitter_card":"summary_large_image","twitter_misc":{"Est. tempo de leitura":"1 minuto"},"schema":{"@context":"https:\/\/schema.org","@graph":[{"@type":"WebPage","@id":"https:\/\/ponteseditores.com.br\/loja3\/pontes-editores-home-2__trashed\/meios-auxiliares-do-ensino\/produto-666\/","url":"https:\/\/ponteseditores.com.br\/loja3\/pontes-editores-home-2__trashed\/meios-auxiliares-do-ensino\/produto-666\/","name":"G\u00caNEROS DO DISCURSO:dialogando com Bakhtin - Pontes Editores","isPartOf":{"@id":"https:\/\/ponteseditores.com.br\/loja3\/#website"},"primaryImageOfPage":{"@id":"https:\/\/ponteseditores.com.br\/loja3\/pontes-editores-home-2__trashed\/meios-auxiliares-do-ensino\/produto-666\/#primaryimage"},"image":{"@id":"https:\/\/ponteseditores.com.br\/loja3\/pontes-editores-home-2__trashed\/meios-auxiliares-do-ensino\/produto-666\/#primaryimage"},"thumbnailUrl":"https:\/\/ponteseditores.com.br\/loja3\/wp-content\/uploads\/2023\/12\/gen1-1.jpg","datePublished":"2023-12-11T03:54:56+00:00","dateModified":"2024-01-12T19:03:50+00:00","breadcrumb":{"@id":"https:\/\/ponteseditores.com.br\/loja3\/pontes-editores-home-2__trashed\/meios-auxiliares-do-ensino\/produto-666\/#breadcrumb"},"inLanguage":"pt-BR","potentialAction":[{"@type":"ReadAction","target":["https:\/\/ponteseditores.com.br\/loja3\/pontes-editores-home-2__trashed\/meios-auxiliares-do-ensino\/produto-666\/"]}]},{"@type":"ImageObject","inLanguage":"pt-BR","@id":"https:\/\/ponteseditores.com.br\/loja3\/pontes-editores-home-2__trashed\/meios-auxiliares-do-ensino\/produto-666\/#primaryimage","url":"https:\/\/ponteseditores.com.br\/loja3\/wp-content\/uploads\/2023\/12\/gen1-1.jpg","contentUrl":"https:\/\/ponteseditores.com.br\/loja3\/wp-content\/uploads\/2023\/12\/gen1-1.jpg","width":507,"height":768},{"@type":"BreadcrumbList","@id":"https:\/\/ponteseditores.com.br\/loja3\/pontes-editores-home-2__trashed\/meios-auxiliares-do-ensino\/produto-666\/#breadcrumb","itemListElement":[{"@type":"ListItem","position":1,"name":"Home","item":"https:\/\/ponteseditores.com.br\/loja3\/"},{"@type":"ListItem","position":2,"name":"loja","item":"https:\/\/ponteseditores.com.br\/loja3\/loja\/"},{"@type":"ListItem","position":3,"name":"G\u00caNEROS DO DISCURSO:dialogando com Bakhtin"}]},{"@type":"WebSite","@id":"https:\/\/ponteseditores.com.br\/loja3\/#website","url":"https:\/\/ponteseditores.com.br\/loja3\/","name":"Pontes Editores","description":"Pontes Editores","publisher":{"@id":"https:\/\/ponteseditores.com.br\/loja3\/#organization"},"potentialAction":[{"@type":"SearchAction","target":{"@type":"EntryPoint","urlTemplate":"https:\/\/ponteseditores.com.br\/loja3\/?s={search_term_string}"},"query-input":{"@type":"PropertyValueSpecification","valueRequired":true,"valueName":"search_term_string"}}],"inLanguage":"pt-BR"},{"@type":"Organization","@id":"https:\/\/ponteseditores.com.br\/loja3\/#organization","name":"Pontes Editores","url":"https:\/\/ponteseditores.com.br\/loja3\/","logo":{"@type":"ImageObject","inLanguage":"pt-BR","@id":"https:\/\/ponteseditores.com.br\/loja3\/#\/schema\/logo\/image\/","url":"https:\/\/ponteseditores.com.br\/loja3\/wp-content\/uploads\/2023\/12\/logo-pontes-editores-v2.png","contentUrl":"https:\/\/ponteseditores.com.br\/loja3\/wp-content\/uploads\/2023\/12\/logo-pontes-editores-v2.png","width":258,"height":100,"caption":"Pontes Editores"},"image":{"@id":"https:\/\/ponteseditores.com.br\/loja3\/#\/schema\/logo\/image\/"}}]}},"_links":{"self":[{"href":"https:\/\/ponteseditores.com.br\/loja3\/wp-json\/wp\/v2\/product\/5643","targetHints":{"allow":["GET"]}}],"collection":[{"href":"https:\/\/ponteseditores.com.br\/loja3\/wp-json\/wp\/v2\/product"}],"about":[{"href":"https:\/\/ponteseditores.com.br\/loja3\/wp-json\/wp\/v2\/types\/product"}],"replies":[{"embeddable":true,"href":"https:\/\/ponteseditores.com.br\/loja3\/wp-json\/wp\/v2\/comments?post=5643"}],"version-history":[{"count":0,"href":"https:\/\/ponteseditores.com.br\/loja3\/wp-json\/wp\/v2\/product\/5643\/revisions"}],"wp:featuredmedia":[{"embeddable":true,"href":"https:\/\/ponteseditores.com.br\/loja3\/wp-json\/wp\/v2\/media\/5516"}],"wp:attachment":[{"href":"https:\/\/ponteseditores.com.br\/loja3\/wp-json\/wp\/v2\/media?parent=5643"}],"wp:term":[{"taxonomy":"product_brand","embeddable":true,"href":"https:\/\/ponteseditores.com.br\/loja3\/wp-json\/wp\/v2\/product_brand?post=5643"},{"taxonomy":"product_cat","embeddable":true,"href":"https:\/\/ponteseditores.com.br\/loja3\/wp-json\/wp\/v2\/product_cat?post=5643"},{"taxonomy":"product_tag","embeddable":true,"href":"https:\/\/ponteseditores.com.br\/loja3\/wp-json\/wp\/v2\/product_tag?post=5643"}],"curies":[{"name":"wp","href":"https:\/\/api.w.org\/{rel}","templated":true}]}}