{"id":5617,"date":"2023-12-11T00:54:45","date_gmt":"2023-12-11T03:54:45","guid":{"rendered":"https:\/\/ponteseditores.com.br\/loja3\/produto\/produto-652\/"},"modified":"2023-12-15T14:12:56","modified_gmt":"2023-12-15T17:12:56","slug":"produto-652","status":"publish","type":"product","link":"https:\/\/ponteseditores.com.br\/loja3\/pontes-editores-home-2__trashed\/acao-social\/produto-652\/","title":{"rendered":"Escolas de Servi\u00e7o Social no Brasil e o Protagonismo das Mission\u00e1rias de Jesus Crucificado  Trajet\u00f3ria s\u00f3cio-hist\u00f3rica, A\u00e7\u00e3o educativa e  Influ\u00eancia na sociedade(MJC)"},"content":{"rendered":"<p>Poder\u00edamos transcrever, aqui, uma s\u00e9rie de depoimentos hist\u00f3ricos expressivos e relevantes referentes \u00e0 organiza\u00e7\u00e3o e expans\u00e3o das Escolas de Servi\u00e7o Social das MJC, o que n\u00e3o ser\u00e1 poss\u00edvel, dada a limita\u00e7\u00e3o pr\u00f3pria da obra. Muitos desses depoimentos, por\u00e9m, est\u00e3o no corpo do trabalho e marcam de maneira expressiva \u00e9pocas e situa\u00e7\u00f5es dos cursos. O importante \u00e9 que todos aqueles que fizeram ou que fazem parte da hist\u00f3ria das Escolas de Servi\u00e7o Social fundadas pelas MJC, quer como membros da administra\u00e7\u00e3o superior, quer como docentes, discentes, supervisores de est\u00e1gio em campo, ou funcion\u00e1rios sintam-se \u201cparticipantes\u201d, \u201csujeitos\u201d, \u201cfazedores da hist\u00f3ria\u201d, na express\u00e3o de Paulo Freire. Isto vale para os que, no futuro, vierem a integrar essas institui\u00e7\u00f5es.<\/p>\n","protected":false},"excerpt":{"rendered":"<p>Poder\u00edamos transcrever, aqui, uma s\u00e9rie de depoimentos hist\u00f3ricos expressivos e relevantes referentes \u00e0 organiza\u00e7\u00e3o e expans\u00e3o das Escolas de Servi\u00e7o Social das MJC, o que n\u00e3o ser\u00e1 poss\u00edvel, dada a limita\u00e7\u00e3o pr\u00f3pria da obra. Muitos desses depoimentos, por\u00e9m, est\u00e3o no corpo do trabalho e marcam de maneira expressiva \u00e9pocas e situa\u00e7\u00f5es dos cursos. O importante [&hellip;]<\/p>\n","protected":false},"featured_media":5616,"comment_status":"open","ping_status":"closed","template":"","meta":{"_joinchat":[]},"product_brand":[],"product_cat":[324,325],"product_tag":[],"class_list":{"0":"post-5617","1":"product","2":"type-product","3":"status-publish","4":"has-post-thumbnail","6":"product_cat-acao-social","7":"product_cat-religioso","8":"product_shipping_class-livro-pontes-editores-fisico","10":"first","11":"instock","12":"shipping-taxable","13":"purchasable","14":"product-type-simple"},"yoast_head":"<!-- This site is optimized with the Yoast SEO plugin v27.4 - https:\/\/yoast.com\/product\/yoast-seo-wordpress\/ -->\n<title>Escolas de Servi\u00e7o Social no Brasil e o Protagonismo das Mission\u00e1rias de Jesus Crucificado Trajet\u00f3ria s\u00f3cio-hist\u00f3rica, A\u00e7\u00e3o educativa e Influ\u00eancia na sociedade(MJC) - Pontes Editores<\/title>\n<meta name=\"robots\" content=\"index, follow, max-snippet:-1, max-image-preview:large, max-video-preview:-1\" \/>\n<link rel=\"canonical\" href=\"https:\/\/ponteseditores.com.br\/loja3\/pontes-editores-home-2__trashed\/acao-social\/produto-652\/\" \/>\n<meta property=\"og:locale\" content=\"pt_BR\" \/>\n<meta property=\"og:type\" content=\"article\" \/>\n<meta property=\"og:title\" content=\"Escolas de Servi\u00e7o Social no Brasil e o Protagonismo das Mission\u00e1rias de Jesus Crucificado Trajet\u00f3ria s\u00f3cio-hist\u00f3rica, A\u00e7\u00e3o educativa e Influ\u00eancia na sociedade(MJC) - Pontes Editores\" \/>\n<meta property=\"og:description\" content=\"Poder\u00edamos transcrever, aqui, uma s\u00e9rie de depoimentos hist\u00f3ricos expressivos e relevantes referentes \u00e0 organiza\u00e7\u00e3o e expans\u00e3o das Escolas de Servi\u00e7o Social das MJC, o que n\u00e3o ser\u00e1 poss\u00edvel, dada a limita\u00e7\u00e3o pr\u00f3pria da obra. Muitos desses depoimentos, por\u00e9m, est\u00e3o no corpo do trabalho e marcam de maneira expressiva \u00e9pocas e situa\u00e7\u00f5es dos cursos. O importante [&hellip;]\" \/>\n<meta property=\"og:url\" content=\"https:\/\/ponteseditores.com.br\/loja3\/pontes-editores-home-2__trashed\/acao-social\/produto-652\/\" \/>\n<meta property=\"og:site_name\" content=\"Pontes Editores\" \/>\n<meta property=\"article:modified_time\" content=\"2023-12-15T17:12:56+00:00\" \/>\n<meta property=\"og:image\" content=\"https:\/\/ponteseditores.com.br\/loja3\/wp-content\/uploads\/2023\/12\/escolas1-1.jpg\" \/>\n\t<meta property=\"og:image:width\" content=\"520\" \/>\n\t<meta property=\"og:image:height\" content=\"768\" \/>\n\t<meta property=\"og:image:type\" content=\"image\/jpeg\" \/>\n<meta name=\"twitter:card\" content=\"summary_large_image\" \/>\n<meta name=\"twitter:label1\" content=\"Est. tempo de leitura\" \/>\n\t<meta name=\"twitter:data1\" content=\"1 minuto\" \/>\n<script type=\"application\/ld+json\" class=\"yoast-schema-graph\">{\"@context\":\"https:\\\/\\\/schema.org\",\"@graph\":[{\"@type\":\"WebPage\",\"@id\":\"https:\\\/\\\/ponteseditores.com.br\\\/loja3\\\/pontes-editores-home-2__trashed\\\/acao-social\\\/produto-652\\\/\",\"url\":\"https:\\\/\\\/ponteseditores.com.br\\\/loja3\\\/pontes-editores-home-2__trashed\\\/acao-social\\\/produto-652\\\/\",\"name\":\"Escolas de Servi\u00e7o Social no Brasil e o Protagonismo das Mission\u00e1rias de Jesus Crucificado Trajet\u00f3ria s\u00f3cio-hist\u00f3rica, A\u00e7\u00e3o educativa e Influ\u00eancia na sociedade(MJC) - Pontes Editores\",\"isPartOf\":{\"@id\":\"https:\\\/\\\/ponteseditores.com.br\\\/loja3\\\/#website\"},\"primaryImageOfPage\":{\"@id\":\"https:\\\/\\\/ponteseditores.com.br\\\/loja3\\\/pontes-editores-home-2__trashed\\\/acao-social\\\/produto-652\\\/#primaryimage\"},\"image\":{\"@id\":\"https:\\\/\\\/ponteseditores.com.br\\\/loja3\\\/pontes-editores-home-2__trashed\\\/acao-social\\\/produto-652\\\/#primaryimage\"},\"thumbnailUrl\":\"https:\\\/\\\/ponteseditores.com.br\\\/loja3\\\/wp-content\\\/uploads\\\/2023\\\/12\\\/escolas1-1.jpg\",\"datePublished\":\"2023-12-11T03:54:45+00:00\",\"dateModified\":\"2023-12-15T17:12:56+00:00\",\"breadcrumb\":{\"@id\":\"https:\\\/\\\/ponteseditores.com.br\\\/loja3\\\/pontes-editores-home-2__trashed\\\/acao-social\\\/produto-652\\\/#breadcrumb\"},\"inLanguage\":\"pt-BR\",\"potentialAction\":[{\"@type\":\"ReadAction\",\"target\":[\"https:\\\/\\\/ponteseditores.com.br\\\/loja3\\\/pontes-editores-home-2__trashed\\\/acao-social\\\/produto-652\\\/\"]}]},{\"@type\":\"ImageObject\",\"inLanguage\":\"pt-BR\",\"@id\":\"https:\\\/\\\/ponteseditores.com.br\\\/loja3\\\/pontes-editores-home-2__trashed\\\/acao-social\\\/produto-652\\\/#primaryimage\",\"url\":\"https:\\\/\\\/ponteseditores.com.br\\\/loja3\\\/wp-content\\\/uploads\\\/2023\\\/12\\\/escolas1-1.jpg\",\"contentUrl\":\"https:\\\/\\\/ponteseditores.com.br\\\/loja3\\\/wp-content\\\/uploads\\\/2023\\\/12\\\/escolas1-1.jpg\",\"width\":520,\"height\":768},{\"@type\":\"BreadcrumbList\",\"@id\":\"https:\\\/\\\/ponteseditores.com.br\\\/loja3\\\/pontes-editores-home-2__trashed\\\/acao-social\\\/produto-652\\\/#breadcrumb\",\"itemListElement\":[{\"@type\":\"ListItem\",\"position\":1,\"name\":\"Home\",\"item\":\"https:\\\/\\\/ponteseditores.com.br\\\/loja3\\\/\"},{\"@type\":\"ListItem\",\"position\":2,\"name\":\"loja\",\"item\":\"https:\\\/\\\/ponteseditores.com.br\\\/loja3\\\/loja\\\/\"},{\"@type\":\"ListItem\",\"position\":3,\"name\":\"Escolas de Servi\u00e7o Social no Brasil e o Protagonismo das Mission\u00e1rias de Jesus Crucificado Trajet\u00f3ria s\u00f3cio-hist\u00f3rica, A\u00e7\u00e3o educativa e Influ\u00eancia na sociedade(MJC)\"}]},{\"@type\":\"WebSite\",\"@id\":\"https:\\\/\\\/ponteseditores.com.br\\\/loja3\\\/#website\",\"url\":\"https:\\\/\\\/ponteseditores.com.br\\\/loja3\\\/\",\"name\":\"Pontes Editores\",\"description\":\"Pontes Editores\",\"publisher\":{\"@id\":\"https:\\\/\\\/ponteseditores.com.br\\\/loja3\\\/#organization\"},\"potentialAction\":[{\"@type\":\"SearchAction\",\"target\":{\"@type\":\"EntryPoint\",\"urlTemplate\":\"https:\\\/\\\/ponteseditores.com.br\\\/loja3\\\/?s={search_term_string}\"},\"query-input\":{\"@type\":\"PropertyValueSpecification\",\"valueRequired\":true,\"valueName\":\"search_term_string\"}}],\"inLanguage\":\"pt-BR\"},{\"@type\":\"Organization\",\"@id\":\"https:\\\/\\\/ponteseditores.com.br\\\/loja3\\\/#organization\",\"name\":\"Pontes Editores\",\"url\":\"https:\\\/\\\/ponteseditores.com.br\\\/loja3\\\/\",\"logo\":{\"@type\":\"ImageObject\",\"inLanguage\":\"pt-BR\",\"@id\":\"https:\\\/\\\/ponteseditores.com.br\\\/loja3\\\/#\\\/schema\\\/logo\\\/image\\\/\",\"url\":\"https:\\\/\\\/ponteseditores.com.br\\\/loja3\\\/wp-content\\\/uploads\\\/2023\\\/12\\\/logo-pontes-editores-v2.png\",\"contentUrl\":\"https:\\\/\\\/ponteseditores.com.br\\\/loja3\\\/wp-content\\\/uploads\\\/2023\\\/12\\\/logo-pontes-editores-v2.png\",\"width\":258,\"height\":100,\"caption\":\"Pontes Editores\"},\"image\":{\"@id\":\"https:\\\/\\\/ponteseditores.com.br\\\/loja3\\\/#\\\/schema\\\/logo\\\/image\\\/\"}}]}<\/script>\n<!-- \/ Yoast SEO plugin. -->","yoast_head_json":{"title":"Escolas de Servi\u00e7o Social no Brasil e o Protagonismo das Mission\u00e1rias de Jesus Crucificado Trajet\u00f3ria s\u00f3cio-hist\u00f3rica, A\u00e7\u00e3o educativa e Influ\u00eancia na sociedade(MJC) - Pontes Editores","robots":{"index":"index","follow":"follow","max-snippet":"max-snippet:-1","max-image-preview":"max-image-preview:large","max-video-preview":"max-video-preview:-1"},"canonical":"https:\/\/ponteseditores.com.br\/loja3\/pontes-editores-home-2__trashed\/acao-social\/produto-652\/","og_locale":"pt_BR","og_type":"article","og_title":"Escolas de Servi\u00e7o Social no Brasil e o Protagonismo das Mission\u00e1rias de Jesus Crucificado Trajet\u00f3ria s\u00f3cio-hist\u00f3rica, A\u00e7\u00e3o educativa e Influ\u00eancia na sociedade(MJC) - Pontes Editores","og_description":"Poder\u00edamos transcrever, aqui, uma s\u00e9rie de depoimentos hist\u00f3ricos expressivos e relevantes referentes \u00e0 organiza\u00e7\u00e3o e expans\u00e3o das Escolas de Servi\u00e7o Social das MJC, o que n\u00e3o ser\u00e1 poss\u00edvel, dada a limita\u00e7\u00e3o pr\u00f3pria da obra. Muitos desses depoimentos, por\u00e9m, est\u00e3o no corpo do trabalho e marcam de maneira expressiva \u00e9pocas e situa\u00e7\u00f5es dos cursos. O importante [&hellip;]","og_url":"https:\/\/ponteseditores.com.br\/loja3\/pontes-editores-home-2__trashed\/acao-social\/produto-652\/","og_site_name":"Pontes Editores","article_modified_time":"2023-12-15T17:12:56+00:00","og_image":[{"width":520,"height":768,"url":"https:\/\/ponteseditores.com.br\/loja3\/wp-content\/uploads\/2023\/12\/escolas1-1.jpg","type":"image\/jpeg"}],"twitter_card":"summary_large_image","twitter_misc":{"Est. tempo de leitura":"1 minuto"},"schema":{"@context":"https:\/\/schema.org","@graph":[{"@type":"WebPage","@id":"https:\/\/ponteseditores.com.br\/loja3\/pontes-editores-home-2__trashed\/acao-social\/produto-652\/","url":"https:\/\/ponteseditores.com.br\/loja3\/pontes-editores-home-2__trashed\/acao-social\/produto-652\/","name":"Escolas de Servi\u00e7o Social no Brasil e o Protagonismo das Mission\u00e1rias de Jesus Crucificado Trajet\u00f3ria s\u00f3cio-hist\u00f3rica, A\u00e7\u00e3o educativa e Influ\u00eancia na sociedade(MJC) - Pontes Editores","isPartOf":{"@id":"https:\/\/ponteseditores.com.br\/loja3\/#website"},"primaryImageOfPage":{"@id":"https:\/\/ponteseditores.com.br\/loja3\/pontes-editores-home-2__trashed\/acao-social\/produto-652\/#primaryimage"},"image":{"@id":"https:\/\/ponteseditores.com.br\/loja3\/pontes-editores-home-2__trashed\/acao-social\/produto-652\/#primaryimage"},"thumbnailUrl":"https:\/\/ponteseditores.com.br\/loja3\/wp-content\/uploads\/2023\/12\/escolas1-1.jpg","datePublished":"2023-12-11T03:54:45+00:00","dateModified":"2023-12-15T17:12:56+00:00","breadcrumb":{"@id":"https:\/\/ponteseditores.com.br\/loja3\/pontes-editores-home-2__trashed\/acao-social\/produto-652\/#breadcrumb"},"inLanguage":"pt-BR","potentialAction":[{"@type":"ReadAction","target":["https:\/\/ponteseditores.com.br\/loja3\/pontes-editores-home-2__trashed\/acao-social\/produto-652\/"]}]},{"@type":"ImageObject","inLanguage":"pt-BR","@id":"https:\/\/ponteseditores.com.br\/loja3\/pontes-editores-home-2__trashed\/acao-social\/produto-652\/#primaryimage","url":"https:\/\/ponteseditores.com.br\/loja3\/wp-content\/uploads\/2023\/12\/escolas1-1.jpg","contentUrl":"https:\/\/ponteseditores.com.br\/loja3\/wp-content\/uploads\/2023\/12\/escolas1-1.jpg","width":520,"height":768},{"@type":"BreadcrumbList","@id":"https:\/\/ponteseditores.com.br\/loja3\/pontes-editores-home-2__trashed\/acao-social\/produto-652\/#breadcrumb","itemListElement":[{"@type":"ListItem","position":1,"name":"Home","item":"https:\/\/ponteseditores.com.br\/loja3\/"},{"@type":"ListItem","position":2,"name":"loja","item":"https:\/\/ponteseditores.com.br\/loja3\/loja\/"},{"@type":"ListItem","position":3,"name":"Escolas de Servi\u00e7o Social no Brasil e o Protagonismo das Mission\u00e1rias de Jesus Crucificado Trajet\u00f3ria s\u00f3cio-hist\u00f3rica, A\u00e7\u00e3o educativa e Influ\u00eancia na sociedade(MJC)"}]},{"@type":"WebSite","@id":"https:\/\/ponteseditores.com.br\/loja3\/#website","url":"https:\/\/ponteseditores.com.br\/loja3\/","name":"Pontes Editores","description":"Pontes Editores","publisher":{"@id":"https:\/\/ponteseditores.com.br\/loja3\/#organization"},"potentialAction":[{"@type":"SearchAction","target":{"@type":"EntryPoint","urlTemplate":"https:\/\/ponteseditores.com.br\/loja3\/?s={search_term_string}"},"query-input":{"@type":"PropertyValueSpecification","valueRequired":true,"valueName":"search_term_string"}}],"inLanguage":"pt-BR"},{"@type":"Organization","@id":"https:\/\/ponteseditores.com.br\/loja3\/#organization","name":"Pontes Editores","url":"https:\/\/ponteseditores.com.br\/loja3\/","logo":{"@type":"ImageObject","inLanguage":"pt-BR","@id":"https:\/\/ponteseditores.com.br\/loja3\/#\/schema\/logo\/image\/","url":"https:\/\/ponteseditores.com.br\/loja3\/wp-content\/uploads\/2023\/12\/logo-pontes-editores-v2.png","contentUrl":"https:\/\/ponteseditores.com.br\/loja3\/wp-content\/uploads\/2023\/12\/logo-pontes-editores-v2.png","width":258,"height":100,"caption":"Pontes Editores"},"image":{"@id":"https:\/\/ponteseditores.com.br\/loja3\/#\/schema\/logo\/image\/"}}]}},"_links":{"self":[{"href":"https:\/\/ponteseditores.com.br\/loja3\/wp-json\/wp\/v2\/product\/5617","targetHints":{"allow":["GET"]}}],"collection":[{"href":"https:\/\/ponteseditores.com.br\/loja3\/wp-json\/wp\/v2\/product"}],"about":[{"href":"https:\/\/ponteseditores.com.br\/loja3\/wp-json\/wp\/v2\/types\/product"}],"replies":[{"embeddable":true,"href":"https:\/\/ponteseditores.com.br\/loja3\/wp-json\/wp\/v2\/comments?post=5617"}],"version-history":[{"count":0,"href":"https:\/\/ponteseditores.com.br\/loja3\/wp-json\/wp\/v2\/product\/5617\/revisions"}],"wp:featuredmedia":[{"embeddable":true,"href":"https:\/\/ponteseditores.com.br\/loja3\/wp-json\/wp\/v2\/media\/5616"}],"wp:attachment":[{"href":"https:\/\/ponteseditores.com.br\/loja3\/wp-json\/wp\/v2\/media?parent=5617"}],"wp:term":[{"taxonomy":"product_brand","embeddable":true,"href":"https:\/\/ponteseditores.com.br\/loja3\/wp-json\/wp\/v2\/product_brand?post=5617"},{"taxonomy":"product_cat","embeddable":true,"href":"https:\/\/ponteseditores.com.br\/loja3\/wp-json\/wp\/v2\/product_cat?post=5617"},{"taxonomy":"product_tag","embeddable":true,"href":"https:\/\/ponteseditores.com.br\/loja3\/wp-json\/wp\/v2\/product_tag?post=5617"}],"curies":[{"name":"wp","href":"https:\/\/api.w.org\/{rel}","templated":true}]}}