{"id":5609,"date":"2023-12-11T00:54:40","date_gmt":"2023-12-11T03:54:40","guid":{"rendered":"https:\/\/ponteseditores.com.br\/loja3\/produto\/produto-648\/"},"modified":"2025-10-07T10:46:24","modified_gmt":"2025-10-07T13:46:24","slug":"produto-648","status":"publish","type":"product","link":"https:\/\/ponteseditores.com.br\/loja3\/pontes-editores-home-2__trashed\/linguistica\/produto-648\/","title":{"rendered":"CULTURA E LITERATURA NO ENSINO DE L\u00cdNGUA &#8211; DISCURSO A proposta multirrede-discursiva na forma\u00e7\u00e3o docente e no ensino-aprendizagem de l\u00ednguas materna e estrangeira &#8211; exemplos em Portugu\u00eas, Espanhol e Ingl\u00eas"},"content":{"rendered":"<table style=\"height: 208px;\" width=\"991\">\n<tbody>\n<tr>\n<td width=\"594\">Este livro est\u00e1 destinado especialmente a professores, futuros professores e formadores de docentes, obviamente, em fun\u00e7\u00e3o de preocupa\u00e7\u00f5es com os estudantes. Mesmo com renovadas propostas curriculares oficiais \u00e9 sempre preciso aquele trabalho concreto com os agentes cruciais na ponta, isto \u00e9, os professores e os estudantes. Especificamente, este volume procura contribuir para uma integra\u00e7\u00e3o planejada e sistem\u00e1tica de conte\u00fados de cultura (com considera\u00e7\u00e3o especial da literatura), em uma vis\u00e3o discursiva\u00a0\u00a0 do\u00a0 ensino-aprendizagem de l\u00ednguas.<\/td>\n<\/tr>\n<\/tbody>\n<\/table>\n","protected":false},"excerpt":{"rendered":"<p>Este livro est\u00e1 destinado especialmente a professores, futuros professores e formadores de docentes, obviamente, em fun\u00e7\u00e3o de preocupa\u00e7\u00f5es com os estudantes. Mesmo com renovadas propostas curriculares oficiais \u00e9 sempre preciso aquele trabalho concreto com os agentes cruciais na ponta, isto \u00e9, os professores e os estudantes. Especificamente, este volume procura contribuir para uma integra\u00e7\u00e3o planejada [&hellip;]<\/p>\n","protected":false},"featured_media":5308,"comment_status":"open","ping_status":"closed","template":"","meta":{"_joinchat":[]},"product_brand":[],"product_cat":[301,31,320],"product_tag":[],"class_list":{"0":"post-5609","1":"product","2":"type-product","3":"status-publish","4":"has-post-thumbnail","6":"product_cat-analise-de-discurso","7":"product_cat-linguistica","8":"product_cat-turismo","10":"first","11":"outofstock","12":"shipping-taxable","13":"purchasable","14":"product-type-simple"},"yoast_head":"<!-- This site is optimized with the Yoast SEO plugin v27.4 - https:\/\/yoast.com\/product\/yoast-seo-wordpress\/ -->\n<title>CULTURA E LITERATURA NO ENSINO DE L\u00cdNGUA - DISCURSO A proposta multirrede-discursiva na forma\u00e7\u00e3o docente e no ensino-aprendizagem de l\u00ednguas materna e estrangeira - exemplos em Portugu\u00eas, Espanhol e Ingl\u00eas - Pontes Editores<\/title>\n<meta name=\"robots\" content=\"index, follow, max-snippet:-1, max-image-preview:large, max-video-preview:-1\" \/>\n<link rel=\"canonical\" href=\"https:\/\/ponteseditores.com.br\/loja3\/pontes-editores-home-2__trashed\/linguistica\/produto-648\/\" \/>\n<meta property=\"og:locale\" content=\"pt_BR\" \/>\n<meta property=\"og:type\" content=\"article\" \/>\n<meta property=\"og:title\" content=\"CULTURA E LITERATURA NO ENSINO DE L\u00cdNGUA - DISCURSO A proposta multirrede-discursiva na forma\u00e7\u00e3o docente e no ensino-aprendizagem de l\u00ednguas materna e estrangeira - exemplos em Portugu\u00eas, Espanhol e Ingl\u00eas - Pontes Editores\" \/>\n<meta property=\"og:description\" content=\"Este livro est\u00e1 destinado especialmente a professores, futuros professores e formadores de docentes, obviamente, em fun\u00e7\u00e3o de preocupa\u00e7\u00f5es com os estudantes. Mesmo com renovadas propostas curriculares oficiais \u00e9 sempre preciso aquele trabalho concreto com os agentes cruciais na ponta, isto \u00e9, os professores e os estudantes. Especificamente, este volume procura contribuir para uma integra\u00e7\u00e3o planejada [&hellip;]\" \/>\n<meta property=\"og:url\" content=\"https:\/\/ponteseditores.com.br\/loja3\/pontes-editores-home-2__trashed\/linguistica\/produto-648\/\" \/>\n<meta property=\"og:site_name\" content=\"Pontes Editores\" \/>\n<meta property=\"article:modified_time\" content=\"2025-10-07T13:46:24+00:00\" \/>\n<meta property=\"og:image\" content=\"https:\/\/ponteseditores.com.br\/loja3\/wp-content\/uploads\/2023\/12\/cultura1-1.jpg\" \/>\n\t<meta property=\"og:image:width\" content=\"1000\" \/>\n\t<meta property=\"og:image:height\" content=\"1471\" \/>\n\t<meta property=\"og:image:type\" content=\"image\/jpeg\" \/>\n<meta name=\"twitter:card\" content=\"summary_large_image\" \/>\n<meta name=\"twitter:label1\" content=\"Est. tempo de leitura\" \/>\n\t<meta name=\"twitter:data1\" content=\"1 minuto\" \/>\n<script type=\"application\/ld+json\" class=\"yoast-schema-graph\">{\"@context\":\"https:\\\/\\\/schema.org\",\"@graph\":[{\"@type\":\"WebPage\",\"@id\":\"https:\\\/\\\/ponteseditores.com.br\\\/loja3\\\/pontes-editores-home-2__trashed\\\/linguistica\\\/produto-648\\\/\",\"url\":\"https:\\\/\\\/ponteseditores.com.br\\\/loja3\\\/pontes-editores-home-2__trashed\\\/linguistica\\\/produto-648\\\/\",\"name\":\"CULTURA E LITERATURA NO ENSINO DE L\u00cdNGUA - DISCURSO A proposta multirrede-discursiva na forma\u00e7\u00e3o docente e no ensino-aprendizagem de l\u00ednguas materna e estrangeira - exemplos em Portugu\u00eas, Espanhol e Ingl\u00eas - Pontes Editores\",\"isPartOf\":{\"@id\":\"https:\\\/\\\/ponteseditores.com.br\\\/loja3\\\/#website\"},\"primaryImageOfPage\":{\"@id\":\"https:\\\/\\\/ponteseditores.com.br\\\/loja3\\\/pontes-editores-home-2__trashed\\\/linguistica\\\/produto-648\\\/#primaryimage\"},\"image\":{\"@id\":\"https:\\\/\\\/ponteseditores.com.br\\\/loja3\\\/pontes-editores-home-2__trashed\\\/linguistica\\\/produto-648\\\/#primaryimage\"},\"thumbnailUrl\":\"https:\\\/\\\/ponteseditores.com.br\\\/loja3\\\/wp-content\\\/uploads\\\/2023\\\/12\\\/cultura1-1.jpg\",\"datePublished\":\"2023-12-11T03:54:40+00:00\",\"dateModified\":\"2025-10-07T13:46:24+00:00\",\"breadcrumb\":{\"@id\":\"https:\\\/\\\/ponteseditores.com.br\\\/loja3\\\/pontes-editores-home-2__trashed\\\/linguistica\\\/produto-648\\\/#breadcrumb\"},\"inLanguage\":\"pt-BR\",\"potentialAction\":[{\"@type\":\"ReadAction\",\"target\":[\"https:\\\/\\\/ponteseditores.com.br\\\/loja3\\\/pontes-editores-home-2__trashed\\\/linguistica\\\/produto-648\\\/\"]}]},{\"@type\":\"ImageObject\",\"inLanguage\":\"pt-BR\",\"@id\":\"https:\\\/\\\/ponteseditores.com.br\\\/loja3\\\/pontes-editores-home-2__trashed\\\/linguistica\\\/produto-648\\\/#primaryimage\",\"url\":\"https:\\\/\\\/ponteseditores.com.br\\\/loja3\\\/wp-content\\\/uploads\\\/2023\\\/12\\\/cultura1-1.jpg\",\"contentUrl\":\"https:\\\/\\\/ponteseditores.com.br\\\/loja3\\\/wp-content\\\/uploads\\\/2023\\\/12\\\/cultura1-1.jpg\",\"width\":1000,\"height\":1471},{\"@type\":\"BreadcrumbList\",\"@id\":\"https:\\\/\\\/ponteseditores.com.br\\\/loja3\\\/pontes-editores-home-2__trashed\\\/linguistica\\\/produto-648\\\/#breadcrumb\",\"itemListElement\":[{\"@type\":\"ListItem\",\"position\":1,\"name\":\"Home\",\"item\":\"https:\\\/\\\/ponteseditores.com.br\\\/loja3\\\/\"},{\"@type\":\"ListItem\",\"position\":2,\"name\":\"loja\",\"item\":\"https:\\\/\\\/ponteseditores.com.br\\\/loja3\\\/loja\\\/\"},{\"@type\":\"ListItem\",\"position\":3,\"name\":\"CULTURA E LITERATURA NO ENSINO DE L\u00cdNGUA &#8211; DISCURSO A proposta multirrede-discursiva na forma\u00e7\u00e3o docente e no ensino-aprendizagem de l\u00ednguas materna e estrangeira &#8211; exemplos em Portugu\u00eas, Espanhol e Ingl\u00eas\"}]},{\"@type\":\"WebSite\",\"@id\":\"https:\\\/\\\/ponteseditores.com.br\\\/loja3\\\/#website\",\"url\":\"https:\\\/\\\/ponteseditores.com.br\\\/loja3\\\/\",\"name\":\"Pontes Editores\",\"description\":\"Pontes Editores\",\"publisher\":{\"@id\":\"https:\\\/\\\/ponteseditores.com.br\\\/loja3\\\/#organization\"},\"potentialAction\":[{\"@type\":\"SearchAction\",\"target\":{\"@type\":\"EntryPoint\",\"urlTemplate\":\"https:\\\/\\\/ponteseditores.com.br\\\/loja3\\\/?s={search_term_string}\"},\"query-input\":{\"@type\":\"PropertyValueSpecification\",\"valueRequired\":true,\"valueName\":\"search_term_string\"}}],\"inLanguage\":\"pt-BR\"},{\"@type\":\"Organization\",\"@id\":\"https:\\\/\\\/ponteseditores.com.br\\\/loja3\\\/#organization\",\"name\":\"Pontes Editores\",\"url\":\"https:\\\/\\\/ponteseditores.com.br\\\/loja3\\\/\",\"logo\":{\"@type\":\"ImageObject\",\"inLanguage\":\"pt-BR\",\"@id\":\"https:\\\/\\\/ponteseditores.com.br\\\/loja3\\\/#\\\/schema\\\/logo\\\/image\\\/\",\"url\":\"https:\\\/\\\/ponteseditores.com.br\\\/loja3\\\/wp-content\\\/uploads\\\/2023\\\/12\\\/logo-pontes-editores-v2.png\",\"contentUrl\":\"https:\\\/\\\/ponteseditores.com.br\\\/loja3\\\/wp-content\\\/uploads\\\/2023\\\/12\\\/logo-pontes-editores-v2.png\",\"width\":258,\"height\":100,\"caption\":\"Pontes Editores\"},\"image\":{\"@id\":\"https:\\\/\\\/ponteseditores.com.br\\\/loja3\\\/#\\\/schema\\\/logo\\\/image\\\/\"}}]}<\/script>\n<!-- \/ Yoast SEO plugin. -->","yoast_head_json":{"title":"CULTURA E LITERATURA NO ENSINO DE L\u00cdNGUA - DISCURSO A proposta multirrede-discursiva na forma\u00e7\u00e3o docente e no ensino-aprendizagem de l\u00ednguas materna e estrangeira - exemplos em Portugu\u00eas, Espanhol e Ingl\u00eas - Pontes Editores","robots":{"index":"index","follow":"follow","max-snippet":"max-snippet:-1","max-image-preview":"max-image-preview:large","max-video-preview":"max-video-preview:-1"},"canonical":"https:\/\/ponteseditores.com.br\/loja3\/pontes-editores-home-2__trashed\/linguistica\/produto-648\/","og_locale":"pt_BR","og_type":"article","og_title":"CULTURA E LITERATURA NO ENSINO DE L\u00cdNGUA - DISCURSO A proposta multirrede-discursiva na forma\u00e7\u00e3o docente e no ensino-aprendizagem de l\u00ednguas materna e estrangeira - exemplos em Portugu\u00eas, Espanhol e Ingl\u00eas - Pontes Editores","og_description":"Este livro est\u00e1 destinado especialmente a professores, futuros professores e formadores de docentes, obviamente, em fun\u00e7\u00e3o de preocupa\u00e7\u00f5es com os estudantes. Mesmo com renovadas propostas curriculares oficiais \u00e9 sempre preciso aquele trabalho concreto com os agentes cruciais na ponta, isto \u00e9, os professores e os estudantes. Especificamente, este volume procura contribuir para uma integra\u00e7\u00e3o planejada [&hellip;]","og_url":"https:\/\/ponteseditores.com.br\/loja3\/pontes-editores-home-2__trashed\/linguistica\/produto-648\/","og_site_name":"Pontes Editores","article_modified_time":"2025-10-07T13:46:24+00:00","og_image":[{"width":1000,"height":1471,"url":"https:\/\/ponteseditores.com.br\/loja3\/wp-content\/uploads\/2023\/12\/cultura1-1.jpg","type":"image\/jpeg"}],"twitter_card":"summary_large_image","twitter_misc":{"Est. tempo de leitura":"1 minuto"},"schema":{"@context":"https:\/\/schema.org","@graph":[{"@type":"WebPage","@id":"https:\/\/ponteseditores.com.br\/loja3\/pontes-editores-home-2__trashed\/linguistica\/produto-648\/","url":"https:\/\/ponteseditores.com.br\/loja3\/pontes-editores-home-2__trashed\/linguistica\/produto-648\/","name":"CULTURA E LITERATURA NO ENSINO DE L\u00cdNGUA - DISCURSO A proposta multirrede-discursiva na forma\u00e7\u00e3o docente e no ensino-aprendizagem de l\u00ednguas materna e estrangeira - exemplos em Portugu\u00eas, Espanhol e Ingl\u00eas - Pontes Editores","isPartOf":{"@id":"https:\/\/ponteseditores.com.br\/loja3\/#website"},"primaryImageOfPage":{"@id":"https:\/\/ponteseditores.com.br\/loja3\/pontes-editores-home-2__trashed\/linguistica\/produto-648\/#primaryimage"},"image":{"@id":"https:\/\/ponteseditores.com.br\/loja3\/pontes-editores-home-2__trashed\/linguistica\/produto-648\/#primaryimage"},"thumbnailUrl":"https:\/\/ponteseditores.com.br\/loja3\/wp-content\/uploads\/2023\/12\/cultura1-1.jpg","datePublished":"2023-12-11T03:54:40+00:00","dateModified":"2025-10-07T13:46:24+00:00","breadcrumb":{"@id":"https:\/\/ponteseditores.com.br\/loja3\/pontes-editores-home-2__trashed\/linguistica\/produto-648\/#breadcrumb"},"inLanguage":"pt-BR","potentialAction":[{"@type":"ReadAction","target":["https:\/\/ponteseditores.com.br\/loja3\/pontes-editores-home-2__trashed\/linguistica\/produto-648\/"]}]},{"@type":"ImageObject","inLanguage":"pt-BR","@id":"https:\/\/ponteseditores.com.br\/loja3\/pontes-editores-home-2__trashed\/linguistica\/produto-648\/#primaryimage","url":"https:\/\/ponteseditores.com.br\/loja3\/wp-content\/uploads\/2023\/12\/cultura1-1.jpg","contentUrl":"https:\/\/ponteseditores.com.br\/loja3\/wp-content\/uploads\/2023\/12\/cultura1-1.jpg","width":1000,"height":1471},{"@type":"BreadcrumbList","@id":"https:\/\/ponteseditores.com.br\/loja3\/pontes-editores-home-2__trashed\/linguistica\/produto-648\/#breadcrumb","itemListElement":[{"@type":"ListItem","position":1,"name":"Home","item":"https:\/\/ponteseditores.com.br\/loja3\/"},{"@type":"ListItem","position":2,"name":"loja","item":"https:\/\/ponteseditores.com.br\/loja3\/loja\/"},{"@type":"ListItem","position":3,"name":"CULTURA E LITERATURA NO ENSINO DE L\u00cdNGUA &#8211; DISCURSO A proposta multirrede-discursiva na forma\u00e7\u00e3o docente e no ensino-aprendizagem de l\u00ednguas materna e estrangeira &#8211; exemplos em Portugu\u00eas, Espanhol e Ingl\u00eas"}]},{"@type":"WebSite","@id":"https:\/\/ponteseditores.com.br\/loja3\/#website","url":"https:\/\/ponteseditores.com.br\/loja3\/","name":"Pontes Editores","description":"Pontes Editores","publisher":{"@id":"https:\/\/ponteseditores.com.br\/loja3\/#organization"},"potentialAction":[{"@type":"SearchAction","target":{"@type":"EntryPoint","urlTemplate":"https:\/\/ponteseditores.com.br\/loja3\/?s={search_term_string}"},"query-input":{"@type":"PropertyValueSpecification","valueRequired":true,"valueName":"search_term_string"}}],"inLanguage":"pt-BR"},{"@type":"Organization","@id":"https:\/\/ponteseditores.com.br\/loja3\/#organization","name":"Pontes Editores","url":"https:\/\/ponteseditores.com.br\/loja3\/","logo":{"@type":"ImageObject","inLanguage":"pt-BR","@id":"https:\/\/ponteseditores.com.br\/loja3\/#\/schema\/logo\/image\/","url":"https:\/\/ponteseditores.com.br\/loja3\/wp-content\/uploads\/2023\/12\/logo-pontes-editores-v2.png","contentUrl":"https:\/\/ponteseditores.com.br\/loja3\/wp-content\/uploads\/2023\/12\/logo-pontes-editores-v2.png","width":258,"height":100,"caption":"Pontes Editores"},"image":{"@id":"https:\/\/ponteseditores.com.br\/loja3\/#\/schema\/logo\/image\/"}}]}},"_links":{"self":[{"href":"https:\/\/ponteseditores.com.br\/loja3\/wp-json\/wp\/v2\/product\/5609","targetHints":{"allow":["GET"]}}],"collection":[{"href":"https:\/\/ponteseditores.com.br\/loja3\/wp-json\/wp\/v2\/product"}],"about":[{"href":"https:\/\/ponteseditores.com.br\/loja3\/wp-json\/wp\/v2\/types\/product"}],"replies":[{"embeddable":true,"href":"https:\/\/ponteseditores.com.br\/loja3\/wp-json\/wp\/v2\/comments?post=5609"}],"version-history":[{"count":2,"href":"https:\/\/ponteseditores.com.br\/loja3\/wp-json\/wp\/v2\/product\/5609\/revisions"}],"predecessor-version":[{"id":31550,"href":"https:\/\/ponteseditores.com.br\/loja3\/wp-json\/wp\/v2\/product\/5609\/revisions\/31550"}],"wp:featuredmedia":[{"embeddable":true,"href":"https:\/\/ponteseditores.com.br\/loja3\/wp-json\/wp\/v2\/media\/5308"}],"wp:attachment":[{"href":"https:\/\/ponteseditores.com.br\/loja3\/wp-json\/wp\/v2\/media?parent=5609"}],"wp:term":[{"taxonomy":"product_brand","embeddable":true,"href":"https:\/\/ponteseditores.com.br\/loja3\/wp-json\/wp\/v2\/product_brand?post=5609"},{"taxonomy":"product_cat","embeddable":true,"href":"https:\/\/ponteseditores.com.br\/loja3\/wp-json\/wp\/v2\/product_cat?post=5609"},{"taxonomy":"product_tag","embeddable":true,"href":"https:\/\/ponteseditores.com.br\/loja3\/wp-json\/wp\/v2\/product_tag?post=5609"}],"curies":[{"name":"wp","href":"https:\/\/api.w.org\/{rel}","templated":true}]}}