{"id":5537,"date":"2023-12-11T00:54:03","date_gmt":"2023-12-11T03:54:03","guid":{"rendered":"https:\/\/ponteseditores.com.br\/loja3\/produto\/produto-611\/"},"modified":"2023-12-15T14:13:04","modified_gmt":"2023-12-15T17:13:04","slug":"produto-611","status":"publish","type":"product","link":"https:\/\/ponteseditores.com.br\/loja3\/pontes-editores-home-2__trashed\/npla\/produto-611\/","title":{"rendered":"Integrando e Desencapsulando   Curr\u00edculos do Ensino Superior &#8211;  Col NPLA Vol 45"},"content":{"rendered":"<p>Integrando e desencapsulando curr\u00edculos de ensino superior \u00e9 uma obra organizada por reconhecidos professores-pesquisadores na \u00e1rea do ensino de l\u00ednguas de diferentes institui\u00e7\u00f5es brasileiras: Renata Philippov, da Universidade Federal de S\u00e3o Paulo (UNIFESP); Rosemary Hohlenwerger Schettini, da Faculdade do Educador (FEDUC) e Kleber Aparecido da Silva, da Universidade de Bras\u00edlia (UnB). O livro surpreende j\u00e1 no t\u00edtulo com o termo \u201cdesencapsular\u201d, o que significa romper a casca dos curr\u00edculos de ensino superior brasileiro para compreender o sentido dessa complexa e dif\u00edcil realidade. Mais do que isso: enfrentar esse tema sob o foco da Teoria da atividade s\u00f3cio-hist\u00f3rico-cultural.<\/p>\n<p>Os tr\u00eas organizadores re\u00fanem aqui um conjunto significativo de oito estudos originados em pesquisas que retomam a linha da Teoria da atividade, procurando enfrentar as quest\u00f5es relacionadas ao ensino de l\u00ednguas, de material did\u00e1tico e do trabalho com a forma\u00e7\u00e3o de professores. O conjunto de trabalhos est\u00e1 dividido em duas partes: \u201cDesencapsula\u00e7\u00e3o curricular: Ensino de L\u00ednguas, Material Did\u00e1tico e Curr\u00edculo\u201d e \u201cDesencapsula\u00e7\u00e3o Curricular: Curr\u00edculo e Forma\u00e7\u00e3o Docente\u201d. Na primeira parte, \u00e9 explorada a quest\u00e3o da elabora\u00e7\u00e3o de material did\u00e1tico para educa\u00e7\u00e3o bil\u00edngue, o g\u00eanero resumo de obra liter\u00e1ria inglesa, a desencapsula\u00e7\u00e3o de curr\u00edculo na forma\u00e7\u00e3o docente. Na segunda parte, aparecem os estudos voltados \u00e0 escrita na p\u00f3s-gradua\u00e7\u00e3o, o curr\u00edculo da gradua\u00e7\u00e3o, a supera\u00e7\u00e3o do encapsulamento na forma\u00e7\u00e3o de professores, o projeto de uma institui\u00e7\u00e3o de ensino superior.<\/p>\n<p>O leitor encontrar\u00e1 nessa reuni\u00e3o de textos m\u00faltiplas possibilidades de conhecer e discutir o tema do desencapsulamento dos curr\u00edculos no ensino superior, aproveitando o universo conceitual da Teoria da atividade s\u00f3cio-hist\u00f3rico-cultural. O livro organizado por Renata Philippov, Rose Schettini e Kleber Aparecido da Silva traz uma contribui\u00e7\u00e3o para quem se preocupa com o ensino e com a forma\u00e7\u00e3o de professores no Brasil. Boa leitura!<\/p>\n<p>Maria In\u00eas Batista Campos<\/p>\n<p>Professora P\u00f3s-Gradua\u00e7\u00e3o Filologia e L\u00edngua Portuguesa<\/p>\n<p>Universidade de S\u00e3o Paulo<\/p>\n","protected":false},"excerpt":{"rendered":"<p>Integrando e desencapsulando curr\u00edculos de ensino superior \u00e9 uma obra organizada por reconhecidos professores-pesquisadores na \u00e1rea do ensino de l\u00ednguas de diferentes institui\u00e7\u00f5es brasileiras: Renata Philippov, da Universidade Federal de S\u00e3o Paulo (UNIFESP); Rosemary Hohlenwerger Schettini, da Faculdade do Educador (FEDUC) e Kleber Aparecido da Silva, da Universidade de Bras\u00edlia (UnB). O livro surpreende j\u00e1 [&hellip;]<\/p>\n","protected":false},"featured_media":5536,"comment_status":"open","ping_status":"closed","template":"","meta":{"_joinchat":[]},"product_brand":[],"product_cat":[290,280],"product_tag":[],"class_list":{"0":"post-5537","1":"product","2":"type-product","3":"status-publish","4":"has-post-thumbnail","6":"product_cat-linguagem-e-linguas","7":"product_cat-npla","8":"product_shipping_class-livro-pontes-editores-fisico","10":"first","11":"instock","12":"shipping-taxable","13":"purchasable","14":"product-type-simple"},"yoast_head":"<!-- This site is optimized with the Yoast SEO plugin v27.4 - https:\/\/yoast.com\/product\/yoast-seo-wordpress\/ -->\n<title>Integrando e Desencapsulando  Curr\u00edculos do Ensino Superior - Col NPLA Vol 45 - Pontes Editores<\/title>\n<meta name=\"robots\" content=\"index, follow, max-snippet:-1, max-image-preview:large, max-video-preview:-1\" \/>\n<link rel=\"canonical\" href=\"https:\/\/ponteseditores.com.br\/loja3\/pontes-editores-home-2__trashed\/npla\/produto-611\/\" \/>\n<meta property=\"og:locale\" content=\"pt_BR\" \/>\n<meta property=\"og:type\" content=\"article\" \/>\n<meta property=\"og:title\" content=\"Integrando e Desencapsulando  Curr\u00edculos do Ensino Superior - Col NPLA Vol 45 - Pontes Editores\" \/>\n<meta property=\"og:description\" content=\"Integrando e desencapsulando curr\u00edculos de ensino superior \u00e9 uma obra organizada por reconhecidos professores-pesquisadores na \u00e1rea do ensino de l\u00ednguas de diferentes institui\u00e7\u00f5es brasileiras: Renata Philippov, da Universidade Federal de S\u00e3o Paulo (UNIFESP); Rosemary Hohlenwerger Schettini, da Faculdade do Educador (FEDUC) e Kleber Aparecido da Silva, da Universidade de Bras\u00edlia (UnB). O livro surpreende j\u00e1 [&hellip;]\" \/>\n<meta property=\"og:url\" content=\"https:\/\/ponteseditores.com.br\/loja3\/pontes-editores-home-2__trashed\/npla\/produto-611\/\" \/>\n<meta property=\"og:site_name\" content=\"Pontes Editores\" \/>\n<meta property=\"article:modified_time\" content=\"2023-12-15T17:13:04+00:00\" \/>\n<meta property=\"og:image\" content=\"https:\/\/ponteseditores.com.br\/loja3\/wp-content\/uploads\/2023\/12\/integrando1-1.jpg\" \/>\n\t<meta property=\"og:image:width\" content=\"485\" \/>\n\t<meta property=\"og:image:height\" content=\"768\" \/>\n\t<meta property=\"og:image:type\" content=\"image\/jpeg\" \/>\n<meta name=\"twitter:card\" content=\"summary_large_image\" \/>\n<meta name=\"twitter:label1\" content=\"Est. tempo de leitura\" \/>\n\t<meta name=\"twitter:data1\" content=\"2 minutos\" \/>\n<script type=\"application\/ld+json\" class=\"yoast-schema-graph\">{\"@context\":\"https:\\\/\\\/schema.org\",\"@graph\":[{\"@type\":\"WebPage\",\"@id\":\"https:\\\/\\\/ponteseditores.com.br\\\/loja3\\\/pontes-editores-home-2__trashed\\\/npla\\\/produto-611\\\/\",\"url\":\"https:\\\/\\\/ponteseditores.com.br\\\/loja3\\\/pontes-editores-home-2__trashed\\\/npla\\\/produto-611\\\/\",\"name\":\"Integrando e Desencapsulando Curr\u00edculos do Ensino Superior - Col NPLA Vol 45 - Pontes Editores\",\"isPartOf\":{\"@id\":\"https:\\\/\\\/ponteseditores.com.br\\\/loja3\\\/#website\"},\"primaryImageOfPage\":{\"@id\":\"https:\\\/\\\/ponteseditores.com.br\\\/loja3\\\/pontes-editores-home-2__trashed\\\/npla\\\/produto-611\\\/#primaryimage\"},\"image\":{\"@id\":\"https:\\\/\\\/ponteseditores.com.br\\\/loja3\\\/pontes-editores-home-2__trashed\\\/npla\\\/produto-611\\\/#primaryimage\"},\"thumbnailUrl\":\"https:\\\/\\\/ponteseditores.com.br\\\/loja3\\\/wp-content\\\/uploads\\\/2023\\\/12\\\/integrando1-1.jpg\",\"datePublished\":\"2023-12-11T03:54:03+00:00\",\"dateModified\":\"2023-12-15T17:13:04+00:00\",\"breadcrumb\":{\"@id\":\"https:\\\/\\\/ponteseditores.com.br\\\/loja3\\\/pontes-editores-home-2__trashed\\\/npla\\\/produto-611\\\/#breadcrumb\"},\"inLanguage\":\"pt-BR\",\"potentialAction\":[{\"@type\":\"ReadAction\",\"target\":[\"https:\\\/\\\/ponteseditores.com.br\\\/loja3\\\/pontes-editores-home-2__trashed\\\/npla\\\/produto-611\\\/\"]}]},{\"@type\":\"ImageObject\",\"inLanguage\":\"pt-BR\",\"@id\":\"https:\\\/\\\/ponteseditores.com.br\\\/loja3\\\/pontes-editores-home-2__trashed\\\/npla\\\/produto-611\\\/#primaryimage\",\"url\":\"https:\\\/\\\/ponteseditores.com.br\\\/loja3\\\/wp-content\\\/uploads\\\/2023\\\/12\\\/integrando1-1.jpg\",\"contentUrl\":\"https:\\\/\\\/ponteseditores.com.br\\\/loja3\\\/wp-content\\\/uploads\\\/2023\\\/12\\\/integrando1-1.jpg\",\"width\":485,\"height\":768},{\"@type\":\"BreadcrumbList\",\"@id\":\"https:\\\/\\\/ponteseditores.com.br\\\/loja3\\\/pontes-editores-home-2__trashed\\\/npla\\\/produto-611\\\/#breadcrumb\",\"itemListElement\":[{\"@type\":\"ListItem\",\"position\":1,\"name\":\"Home\",\"item\":\"https:\\\/\\\/ponteseditores.com.br\\\/loja3\\\/\"},{\"@type\":\"ListItem\",\"position\":2,\"name\":\"loja\",\"item\":\"https:\\\/\\\/ponteseditores.com.br\\\/loja3\\\/loja\\\/\"},{\"@type\":\"ListItem\",\"position\":3,\"name\":\"Integrando e Desencapsulando Curr\u00edculos do Ensino Superior &#8211; Col NPLA Vol 45\"}]},{\"@type\":\"WebSite\",\"@id\":\"https:\\\/\\\/ponteseditores.com.br\\\/loja3\\\/#website\",\"url\":\"https:\\\/\\\/ponteseditores.com.br\\\/loja3\\\/\",\"name\":\"Pontes Editores\",\"description\":\"Pontes Editores\",\"publisher\":{\"@id\":\"https:\\\/\\\/ponteseditores.com.br\\\/loja3\\\/#organization\"},\"potentialAction\":[{\"@type\":\"SearchAction\",\"target\":{\"@type\":\"EntryPoint\",\"urlTemplate\":\"https:\\\/\\\/ponteseditores.com.br\\\/loja3\\\/?s={search_term_string}\"},\"query-input\":{\"@type\":\"PropertyValueSpecification\",\"valueRequired\":true,\"valueName\":\"search_term_string\"}}],\"inLanguage\":\"pt-BR\"},{\"@type\":\"Organization\",\"@id\":\"https:\\\/\\\/ponteseditores.com.br\\\/loja3\\\/#organization\",\"name\":\"Pontes Editores\",\"url\":\"https:\\\/\\\/ponteseditores.com.br\\\/loja3\\\/\",\"logo\":{\"@type\":\"ImageObject\",\"inLanguage\":\"pt-BR\",\"@id\":\"https:\\\/\\\/ponteseditores.com.br\\\/loja3\\\/#\\\/schema\\\/logo\\\/image\\\/\",\"url\":\"https:\\\/\\\/ponteseditores.com.br\\\/loja3\\\/wp-content\\\/uploads\\\/2023\\\/12\\\/logo-pontes-editores-v2.png\",\"contentUrl\":\"https:\\\/\\\/ponteseditores.com.br\\\/loja3\\\/wp-content\\\/uploads\\\/2023\\\/12\\\/logo-pontes-editores-v2.png\",\"width\":258,\"height\":100,\"caption\":\"Pontes Editores\"},\"image\":{\"@id\":\"https:\\\/\\\/ponteseditores.com.br\\\/loja3\\\/#\\\/schema\\\/logo\\\/image\\\/\"}}]}<\/script>\n<!-- \/ Yoast SEO plugin. -->","yoast_head_json":{"title":"Integrando e Desencapsulando  Curr\u00edculos do Ensino Superior - Col NPLA Vol 45 - Pontes Editores","robots":{"index":"index","follow":"follow","max-snippet":"max-snippet:-1","max-image-preview":"max-image-preview:large","max-video-preview":"max-video-preview:-1"},"canonical":"https:\/\/ponteseditores.com.br\/loja3\/pontes-editores-home-2__trashed\/npla\/produto-611\/","og_locale":"pt_BR","og_type":"article","og_title":"Integrando e Desencapsulando  Curr\u00edculos do Ensino Superior - Col NPLA Vol 45 - Pontes Editores","og_description":"Integrando e desencapsulando curr\u00edculos de ensino superior \u00e9 uma obra organizada por reconhecidos professores-pesquisadores na \u00e1rea do ensino de l\u00ednguas de diferentes institui\u00e7\u00f5es brasileiras: Renata Philippov, da Universidade Federal de S\u00e3o Paulo (UNIFESP); Rosemary Hohlenwerger Schettini, da Faculdade do Educador (FEDUC) e Kleber Aparecido da Silva, da Universidade de Bras\u00edlia (UnB). O livro surpreende j\u00e1 [&hellip;]","og_url":"https:\/\/ponteseditores.com.br\/loja3\/pontes-editores-home-2__trashed\/npla\/produto-611\/","og_site_name":"Pontes Editores","article_modified_time":"2023-12-15T17:13:04+00:00","og_image":[{"width":485,"height":768,"url":"https:\/\/ponteseditores.com.br\/loja3\/wp-content\/uploads\/2023\/12\/integrando1-1.jpg","type":"image\/jpeg"}],"twitter_card":"summary_large_image","twitter_misc":{"Est. tempo de leitura":"2 minutos"},"schema":{"@context":"https:\/\/schema.org","@graph":[{"@type":"WebPage","@id":"https:\/\/ponteseditores.com.br\/loja3\/pontes-editores-home-2__trashed\/npla\/produto-611\/","url":"https:\/\/ponteseditores.com.br\/loja3\/pontes-editores-home-2__trashed\/npla\/produto-611\/","name":"Integrando e Desencapsulando Curr\u00edculos do Ensino Superior - Col NPLA Vol 45 - Pontes Editores","isPartOf":{"@id":"https:\/\/ponteseditores.com.br\/loja3\/#website"},"primaryImageOfPage":{"@id":"https:\/\/ponteseditores.com.br\/loja3\/pontes-editores-home-2__trashed\/npla\/produto-611\/#primaryimage"},"image":{"@id":"https:\/\/ponteseditores.com.br\/loja3\/pontes-editores-home-2__trashed\/npla\/produto-611\/#primaryimage"},"thumbnailUrl":"https:\/\/ponteseditores.com.br\/loja3\/wp-content\/uploads\/2023\/12\/integrando1-1.jpg","datePublished":"2023-12-11T03:54:03+00:00","dateModified":"2023-12-15T17:13:04+00:00","breadcrumb":{"@id":"https:\/\/ponteseditores.com.br\/loja3\/pontes-editores-home-2__trashed\/npla\/produto-611\/#breadcrumb"},"inLanguage":"pt-BR","potentialAction":[{"@type":"ReadAction","target":["https:\/\/ponteseditores.com.br\/loja3\/pontes-editores-home-2__trashed\/npla\/produto-611\/"]}]},{"@type":"ImageObject","inLanguage":"pt-BR","@id":"https:\/\/ponteseditores.com.br\/loja3\/pontes-editores-home-2__trashed\/npla\/produto-611\/#primaryimage","url":"https:\/\/ponteseditores.com.br\/loja3\/wp-content\/uploads\/2023\/12\/integrando1-1.jpg","contentUrl":"https:\/\/ponteseditores.com.br\/loja3\/wp-content\/uploads\/2023\/12\/integrando1-1.jpg","width":485,"height":768},{"@type":"BreadcrumbList","@id":"https:\/\/ponteseditores.com.br\/loja3\/pontes-editores-home-2__trashed\/npla\/produto-611\/#breadcrumb","itemListElement":[{"@type":"ListItem","position":1,"name":"Home","item":"https:\/\/ponteseditores.com.br\/loja3\/"},{"@type":"ListItem","position":2,"name":"loja","item":"https:\/\/ponteseditores.com.br\/loja3\/loja\/"},{"@type":"ListItem","position":3,"name":"Integrando e Desencapsulando Curr\u00edculos do Ensino Superior &#8211; Col NPLA Vol 45"}]},{"@type":"WebSite","@id":"https:\/\/ponteseditores.com.br\/loja3\/#website","url":"https:\/\/ponteseditores.com.br\/loja3\/","name":"Pontes Editores","description":"Pontes Editores","publisher":{"@id":"https:\/\/ponteseditores.com.br\/loja3\/#organization"},"potentialAction":[{"@type":"SearchAction","target":{"@type":"EntryPoint","urlTemplate":"https:\/\/ponteseditores.com.br\/loja3\/?s={search_term_string}"},"query-input":{"@type":"PropertyValueSpecification","valueRequired":true,"valueName":"search_term_string"}}],"inLanguage":"pt-BR"},{"@type":"Organization","@id":"https:\/\/ponteseditores.com.br\/loja3\/#organization","name":"Pontes Editores","url":"https:\/\/ponteseditores.com.br\/loja3\/","logo":{"@type":"ImageObject","inLanguage":"pt-BR","@id":"https:\/\/ponteseditores.com.br\/loja3\/#\/schema\/logo\/image\/","url":"https:\/\/ponteseditores.com.br\/loja3\/wp-content\/uploads\/2023\/12\/logo-pontes-editores-v2.png","contentUrl":"https:\/\/ponteseditores.com.br\/loja3\/wp-content\/uploads\/2023\/12\/logo-pontes-editores-v2.png","width":258,"height":100,"caption":"Pontes Editores"},"image":{"@id":"https:\/\/ponteseditores.com.br\/loja3\/#\/schema\/logo\/image\/"}}]}},"_links":{"self":[{"href":"https:\/\/ponteseditores.com.br\/loja3\/wp-json\/wp\/v2\/product\/5537","targetHints":{"allow":["GET"]}}],"collection":[{"href":"https:\/\/ponteseditores.com.br\/loja3\/wp-json\/wp\/v2\/product"}],"about":[{"href":"https:\/\/ponteseditores.com.br\/loja3\/wp-json\/wp\/v2\/types\/product"}],"replies":[{"embeddable":true,"href":"https:\/\/ponteseditores.com.br\/loja3\/wp-json\/wp\/v2\/comments?post=5537"}],"version-history":[{"count":0,"href":"https:\/\/ponteseditores.com.br\/loja3\/wp-json\/wp\/v2\/product\/5537\/revisions"}],"wp:featuredmedia":[{"embeddable":true,"href":"https:\/\/ponteseditores.com.br\/loja3\/wp-json\/wp\/v2\/media\/5536"}],"wp:attachment":[{"href":"https:\/\/ponteseditores.com.br\/loja3\/wp-json\/wp\/v2\/media?parent=5537"}],"wp:term":[{"taxonomy":"product_brand","embeddable":true,"href":"https:\/\/ponteseditores.com.br\/loja3\/wp-json\/wp\/v2\/product_brand?post=5537"},{"taxonomy":"product_cat","embeddable":true,"href":"https:\/\/ponteseditores.com.br\/loja3\/wp-json\/wp\/v2\/product_cat?post=5537"},{"taxonomy":"product_tag","embeddable":true,"href":"https:\/\/ponteseditores.com.br\/loja3\/wp-json\/wp\/v2\/product_tag?post=5537"}],"curies":[{"name":"wp","href":"https:\/\/api.w.org\/{rel}","templated":true}]}}