{"id":5515,"date":"2023-12-11T00:53:42","date_gmt":"2023-12-11T03:53:42","guid":{"rendered":"https:\/\/ponteseditores.com.br\/loja3\/produto\/produto-599\/"},"modified":"2025-11-27T11:13:44","modified_gmt":"2025-11-27T14:13:44","slug":"produto-599","status":"publish","type":"product","link":"https:\/\/ponteseditores.com.br\/loja3\/pontes-editores-home-2__trashed\/npla\/produto-599\/","title":{"rendered":"Olhares Sobre Tecnologias Digitais: Linguagens, Ensino, Forma\u00e7\u00e3o e Pr\u00e1tica Docente &#8211; Col NPLA Vol 44"},"content":{"rendered":"<p>Este livro focaliza Olhares sobre tecnologias digitais: linguagens, ensino, forma\u00e7\u00e3o e pr\u00e1ticas docentes,  encerra in\u00fameras e valiosas contribui\u00e7\u00f5es. Os textos tratam de tecnologias digitais e ensino; linguagens, tecnologias digitais e plurilinguismo; tecnologias digitais e pr\u00e1ticas docentes, tecnologias digitais e forma\u00e7\u00e3o de professores, compartilhando estudos e pesquisas de colegas a prop\u00f3sito desse universo em cuja viv\u00eancia sobressaem-se n\u00e3o apenas sentimentos e percep\u00e7\u00f5es, mas tamb\u00e9m compromisso e preocupa\u00e7\u00e3o com uma educa\u00e7\u00e3o de qualidade. <\/p>\n<p>Walkyria Monte M\u00f3r<\/p>\n<p>                                     Sum\u00e1rio<\/p>\n<p>pref\u00e1cio&#8230;&#8230;&#8230;&#8230;&#8230;&#8230;&#8230;&#8230;&#8230;&#8230;&#8230;&#8230;&#8230;&#8230;&#8230;&#8230;&#8230;&#8230;&#8230;&#8230;&#8230;&#8230;&#8230;&#8230;&#8230;&#8230;&#8230;&#8230;&#8230;&#8230;&#8230;&#8230;&#8230;.7<br \/>\nWalkyria Monte M\u00f3r<br \/>\nAPRESENTA\u00c7\u00c3O&#8230;&#8230;&#8230;&#8230;&#8230;&#8230;&#8230;&#8230;&#8230;&#8230;&#8230;&#8230;&#8230;&#8230;&#8230;&#8230;&#8230;&#8230;&#8230;&#8230;&#8230;&#8230;&#8230;&#8230;&#8230;&#8230;&#8230;&#8230;&#8230;.13<br \/>\nTECNOLOGIAS DIGITAIS E ENSINO<br \/>\nCap\u00edtulo 1<br \/>\nO U SO DA TEC NOLOGIA NO E NSINO DE L\u00cdNGUAS ESTRANGEIR AS&#8230;21<br \/>\nVera L\u00facia Menezes de Oliveira e Paiva<br \/>\nCap\u00edtulo 2<br \/>\nABORDAGENS DE ENSINO DE L\u00cdNGUA INGLESA MEDIADO<br \/>\nPOR TECNOLOGIAS E WEBTECNOLOGIAS&#8230;&#8230;&#8230;&#8230;&#8230;&#8230;&#8230;&#8230;&#8230;&#8230;&#8230;&#8230;&#8230;&#8230;35<br \/>\nAzenaide Abreu Soares-Vieira<br \/>\nLINGUAGENS, TECNOLOGIAS DIGITAIS E PLURILINGUISMO<br \/>\nCap\u00edtulo 3<br \/>\nNOVOS LETRAMENTOS PELOS MEMES: MUITO AL\u00c9M<br \/>\nDO ENSINO DE L\u00cdNGUAS &#8230;&#8230;&#8230;&#8230;&#8230;&#8230;&#8230;&#8230;&#8230;&#8230;&#8230;&#8230;&#8230;&#8230;&#8230;&#8230;&#8230;&#8230;&#8230;&#8230;&#8230;&#8230;&#8230;..53<br \/>\nRuberval Franco Maciel &#8211; Nara Hiroko Takaki<br \/>\nCap\u00edtulo 4<br \/>\nNA PR\u00c1TICA E NO CONFLITO: VIDEOGAMES E APRENDIZADO<br \/>\nEM CONTEXTOS TRANSCULTURAIS &#8230;&#8230;&#8230;&#8230;&#8230;&#8230;&#8230;&#8230;&#8230;&#8230;&#8230;&#8230;&#8230;&#8230;&#8230;&#8230;&#8230;.83<br \/>\nLuiz Henrique Magnani<br \/>\nCap\u00edtulo 5<br \/>\nPR\u00c1 TIC AS DE LETRAME NTO CR \u00cdTICO , ENSINO PLURI L\u00cdNGUE E<br \/>\nL\u00cdNGUA INGLESA EM CO NTEXTO ACAD\u00caMICO -UNIVER SIT\u00c1RIO &#8230;&#8230;107<br \/>\nClaudia Hilsdorf Rocha<br \/>\nTECNOLOGIAS DIGITAIS E PR\u00c1TICAS DOCENTES<br \/>\nCap\u00edtulo 6<br \/>\nPERCEP\u00c7\u00d5ES DE DUAS PROFESSORAS SOBRE SUA DOC\u00caNCIA<br \/>\nEM CONTEXTO DE APRENDIZAGEM DIGITAL&#8230;&#8230;&#8230;&#8230;&#8230;&#8230;&#8230;&#8230;&#8230;&#8230;&#8230;&#8230;143<br \/>\nSandra Sisuka Matsubara Pinotti &#8211; D\u00e1nie Marcelo de Jesus<br \/>\nCap\u00edtulo 7<br \/>\nA INCLUS\u00c3O DE TECNOLOGIAS DIGITAIS DE INFORMA\u00c7\u00c3O E<br \/>\nCOMUNICA\u00c7\u00c3O NA PR\u00c1TICA PEDAG\u00d3GICA DE PROFESSORES<br \/>\nDO ENSINO SUPERIOR&#8230;&#8230;&#8230;&#8230;&#8230;&#8230;&#8230;&#8230;&#8230;&#8230;&#8230;&#8230;&#8230;&#8230;&#8230;&#8230;&#8230;&#8230;&#8230;&#8230;&#8230;&#8230;&#8230;&#8230;&#8230;&#8230;161<br \/>\nAngelita Quevedo<br \/>\n6<br \/>\nOlhares sobre tecnologias digitais:<br \/>\nlinguagens, ensino, forma\u00e7\u00e3o e pr\u00e1tica docente<br \/>\nCap\u00edtulo 8<br \/>\nPR\u00c1TICA COMO COMPONENTE CURRICULAR NO CURSO DE<br \/>\nPEDAGOGIA A DIST\u00c2NCIA\/ UAB\/UFMT&#8230;&#8230;&#8230;&#8230;&#8230;&#8230;&#8230;&#8230;&#8230;&#8230;&#8230;&#8230;&#8230;&#8230;&#8230;&#8230;179<br \/>\nSuely Dulce de Castilho<br \/>\nTECNOLOGIAS DIGITAIS E FORMA\u00c7\u00c3O DE PROFESSORES<br \/>\nCap\u00edtulo 9<br \/>\nSHALL WE DANCE? UMA PESQUISA NARRATIVA SOBRE<br \/>\nO PROCESSO DE BUSCA POR PARCEIROS DE TANDEM&#8230;&#8230;&#8230;&#8230;&#8230;&#8230;.201<br \/>\nAna Carolina de Laurentiis Brand\u00e3o<br \/>\nCap\u00edtulo 10<br \/>\nCURSO A DIST\u00c2NCIA N\u00c3O \u00c9 PARA MIM, PRECISO DE OLHO NO OLHO!<br \/>\n\u2013 A CONSTRU\u00c7\u00c3O DO SUPORTE EM CONTEXTO ON-LINE&#8230;&#8230;&#8230;&#8230;..227<br \/>\nAndrea da Silva Marques Ribeiro<br \/>\nCap\u00edtulo 11<br \/>\nMOIRAS DA ERA DIGITAL NO ENSINO DE LETRAS<br \/>\nCL\u00c1SSICAS-GREGO&#8230;&#8230;&#8230;&#8230;&#8230;&#8230;&#8230;&#8230;&#8230;&#8230;&#8230;&#8230;&#8230;&#8230;&#8230;&#8230;&#8230;&#8230;&#8230;&#8230;&#8230;&#8230;&#8230;&#8230;&#8230;&#8230;&#8230;..253<br \/>\nAnise de A. G. D\u2019Orange Ferreira<br \/>\nCap\u00edtulo 12<br \/>\nCOMPET\u00caNCIAS PROFISSIONAIS DO PROFESSOR DE L\u00cdNGUA<br \/>\nESPANHOLA EM CONTEXTOS EDUCACIONAIS A DIST\u00c2NCIA&#8230;&#8230;..275<br \/>\nPatr\u00edcia Roberta de Almeida Castro Machado<br \/>\nCap\u00edtulo 13<br \/>\nREFLEX\u00d5ES SOBRE A FORMA\u00c7\u00c3O DE PROFESSORES:<br \/>\nRELATOS SOBRE O USO DE TECNOLOGIAS EDUCACIONAIS<br \/>\nNA EXPERI\u00caNCIA DOCENTE&#8230;&#8230;&#8230;&#8230;&#8230;&#8230;&#8230;&#8230;&#8230;&#8230;&#8230;&#8230;&#8230;&#8230;&#8230;&#8230;&#8230;&#8230;&#8230;&#8230;&#8230;&#8230;.301<br \/>\nRodrigo Arag\u00e3o &#8211; Roselma Cajazeira<br \/>\nCap\u00edtulo 14<br \/>\nVOC\u00ca J\u00c1 BLOGOU HOJE? ESTUDO SOBRE O USO DE BLOGS<br \/>\nNAS AULAS DE L\u00cdNGUA INGLESA&#8230;&#8230;&#8230;&#8230;&#8230;&#8230;&#8230;&#8230;&#8230;&#8230;&#8230;&#8230;&#8230;&#8230;&#8230;&#8230;&#8230;&#8230;&#8230;325<br \/>\nFrancisco Jos\u00e9 Quaresma de Figueiredo &#8211; Rejane Maria Gon\u00e7alves<br \/>\nCap\u00edtulo 15<br \/>\nA plata forma Moodle na p\u00f3s-gradua\u00e7\u00e3o:<br \/>\nduas experi\u00eancias de uso de f\u00f3runs de discuss\u00e3o&#8230;&#8230;&#8230;..355<br \/>\nFernanda Costa Ribas &#8211; William Mineo Tagata<br \/>\nSOBRE OS AUTORES&#8230;&#8230;&#8230;&#8230;&#8230;&#8230;&#8230;&#8230;&#8230;&#8230;&#8230;&#8230;&#8230;&#8230;&#8230;&#8230;&#8230;&#8230;&#8230;&#8230;&#8230;&#8230;&#8230;&#8230;&#8230;&#8230;&#8230;383<\/p>\n","protected":false},"excerpt":{"rendered":"<p>Este livro focaliza Olhares sobre tecnologias digitais: linguagens, ensino, forma\u00e7\u00e3o e pr\u00e1ticas docentes, encerra in\u00fameras e valiosas contribui\u00e7\u00f5es. Os textos tratam de tecnologias digitais e ensino; linguagens, tecnologias digitais e plurilinguismo; tecnologias digitais e pr\u00e1ticas docentes, tecnologias digitais e forma\u00e7\u00e3o de professores, compartilhando estudos e pesquisas de colegas a prop\u00f3sito desse universo em cuja viv\u00eancia [&hellip;]<\/p>\n","protected":false},"featured_media":5150,"comment_status":"open","ping_status":"closed","template":"","meta":{"_joinchat":[]},"product_brand":[],"product_cat":[288,280],"product_tag":[],"class_list":{"0":"post-5515","1":"product","2":"type-product","3":"status-publish","4":"has-post-thumbnail","6":"product_cat-ensino-e-aprendizagem","7":"product_cat-npla","8":"product_shipping_class-livro-pontes-editores-fisico","10":"first","11":"instock","12":"shipping-taxable","13":"purchasable","14":"product-type-simple"},"yoast_head":"<!-- This site is optimized with the Yoast SEO plugin v27.4 - https:\/\/yoast.com\/product\/yoast-seo-wordpress\/ -->\n<title>Olhares Sobre Tecnologias Digitais: Linguagens, Ensino, Forma\u00e7\u00e3o e Pr\u00e1tica Docente - Col NPLA Vol 44 - Pontes Editores<\/title>\n<meta name=\"robots\" content=\"index, follow, max-snippet:-1, max-image-preview:large, max-video-preview:-1\" \/>\n<link rel=\"canonical\" href=\"https:\/\/ponteseditores.com.br\/loja3\/pontes-editores-home-2__trashed\/npla\/produto-599\/\" \/>\n<meta property=\"og:locale\" content=\"pt_BR\" \/>\n<meta property=\"og:type\" content=\"article\" \/>\n<meta property=\"og:title\" content=\"Olhares Sobre Tecnologias Digitais: Linguagens, Ensino, Forma\u00e7\u00e3o e Pr\u00e1tica Docente - Col NPLA Vol 44 - Pontes Editores\" \/>\n<meta property=\"og:description\" content=\"Este livro focaliza Olhares sobre tecnologias digitais: linguagens, ensino, forma\u00e7\u00e3o e pr\u00e1ticas docentes, encerra in\u00fameras e valiosas contribui\u00e7\u00f5es. Os textos tratam de tecnologias digitais e ensino; linguagens, tecnologias digitais e plurilinguismo; tecnologias digitais e pr\u00e1ticas docentes, tecnologias digitais e forma\u00e7\u00e3o de professores, compartilhando estudos e pesquisas de colegas a prop\u00f3sito desse universo em cuja viv\u00eancia [&hellip;]\" \/>\n<meta property=\"og:url\" content=\"https:\/\/ponteseditores.com.br\/loja3\/pontes-editores-home-2__trashed\/npla\/produto-599\/\" \/>\n<meta property=\"og:site_name\" content=\"Pontes Editores\" \/>\n<meta property=\"article:modified_time\" content=\"2025-11-27T14:13:44+00:00\" \/>\n<meta property=\"og:image\" content=\"https:\/\/ponteseditores.com.br\/loja3\/wp-content\/uploads\/2023\/12\/olhares1-1.jpg\" \/>\n\t<meta property=\"og:image:width\" content=\"489\" \/>\n\t<meta property=\"og:image:height\" content=\"768\" \/>\n\t<meta property=\"og:image:type\" content=\"image\/jpeg\" \/>\n<meta name=\"twitter:card\" content=\"summary_large_image\" \/>\n<meta name=\"twitter:label1\" content=\"Est. tempo de leitura\" \/>\n\t<meta name=\"twitter:data1\" content=\"2 minutos\" \/>\n<script type=\"application\/ld+json\" class=\"yoast-schema-graph\">{\"@context\":\"https:\\\/\\\/schema.org\",\"@graph\":[{\"@type\":\"WebPage\",\"@id\":\"https:\\\/\\\/ponteseditores.com.br\\\/loja3\\\/pontes-editores-home-2__trashed\\\/npla\\\/produto-599\\\/\",\"url\":\"https:\\\/\\\/ponteseditores.com.br\\\/loja3\\\/pontes-editores-home-2__trashed\\\/npla\\\/produto-599\\\/\",\"name\":\"Olhares Sobre Tecnologias Digitais: Linguagens, Ensino, Forma\u00e7\u00e3o e Pr\u00e1tica Docente - Col NPLA Vol 44 - Pontes Editores\",\"isPartOf\":{\"@id\":\"https:\\\/\\\/ponteseditores.com.br\\\/loja3\\\/#website\"},\"primaryImageOfPage\":{\"@id\":\"https:\\\/\\\/ponteseditores.com.br\\\/loja3\\\/pontes-editores-home-2__trashed\\\/npla\\\/produto-599\\\/#primaryimage\"},\"image\":{\"@id\":\"https:\\\/\\\/ponteseditores.com.br\\\/loja3\\\/pontes-editores-home-2__trashed\\\/npla\\\/produto-599\\\/#primaryimage\"},\"thumbnailUrl\":\"https:\\\/\\\/ponteseditores.com.br\\\/loja3\\\/wp-content\\\/uploads\\\/2023\\\/12\\\/olhares1-1.jpg\",\"datePublished\":\"2023-12-11T03:53:42+00:00\",\"dateModified\":\"2025-11-27T14:13:44+00:00\",\"breadcrumb\":{\"@id\":\"https:\\\/\\\/ponteseditores.com.br\\\/loja3\\\/pontes-editores-home-2__trashed\\\/npla\\\/produto-599\\\/#breadcrumb\"},\"inLanguage\":\"pt-BR\",\"potentialAction\":[{\"@type\":\"ReadAction\",\"target\":[\"https:\\\/\\\/ponteseditores.com.br\\\/loja3\\\/pontes-editores-home-2__trashed\\\/npla\\\/produto-599\\\/\"]}]},{\"@type\":\"ImageObject\",\"inLanguage\":\"pt-BR\",\"@id\":\"https:\\\/\\\/ponteseditores.com.br\\\/loja3\\\/pontes-editores-home-2__trashed\\\/npla\\\/produto-599\\\/#primaryimage\",\"url\":\"https:\\\/\\\/ponteseditores.com.br\\\/loja3\\\/wp-content\\\/uploads\\\/2023\\\/12\\\/olhares1-1.jpg\",\"contentUrl\":\"https:\\\/\\\/ponteseditores.com.br\\\/loja3\\\/wp-content\\\/uploads\\\/2023\\\/12\\\/olhares1-1.jpg\",\"width\":489,\"height\":768},{\"@type\":\"BreadcrumbList\",\"@id\":\"https:\\\/\\\/ponteseditores.com.br\\\/loja3\\\/pontes-editores-home-2__trashed\\\/npla\\\/produto-599\\\/#breadcrumb\",\"itemListElement\":[{\"@type\":\"ListItem\",\"position\":1,\"name\":\"Home\",\"item\":\"https:\\\/\\\/ponteseditores.com.br\\\/loja3\\\/\"},{\"@type\":\"ListItem\",\"position\":2,\"name\":\"loja\",\"item\":\"https:\\\/\\\/ponteseditores.com.br\\\/loja3\\\/loja\\\/\"},{\"@type\":\"ListItem\",\"position\":3,\"name\":\"Olhares Sobre Tecnologias Digitais: Linguagens, Ensino, Forma\u00e7\u00e3o e Pr\u00e1tica Docente &#8211; Col NPLA Vol 44\"}]},{\"@type\":\"WebSite\",\"@id\":\"https:\\\/\\\/ponteseditores.com.br\\\/loja3\\\/#website\",\"url\":\"https:\\\/\\\/ponteseditores.com.br\\\/loja3\\\/\",\"name\":\"Pontes Editores\",\"description\":\"Pontes Editores\",\"publisher\":{\"@id\":\"https:\\\/\\\/ponteseditores.com.br\\\/loja3\\\/#organization\"},\"potentialAction\":[{\"@type\":\"SearchAction\",\"target\":{\"@type\":\"EntryPoint\",\"urlTemplate\":\"https:\\\/\\\/ponteseditores.com.br\\\/loja3\\\/?s={search_term_string}\"},\"query-input\":{\"@type\":\"PropertyValueSpecification\",\"valueRequired\":true,\"valueName\":\"search_term_string\"}}],\"inLanguage\":\"pt-BR\"},{\"@type\":\"Organization\",\"@id\":\"https:\\\/\\\/ponteseditores.com.br\\\/loja3\\\/#organization\",\"name\":\"Pontes Editores\",\"url\":\"https:\\\/\\\/ponteseditores.com.br\\\/loja3\\\/\",\"logo\":{\"@type\":\"ImageObject\",\"inLanguage\":\"pt-BR\",\"@id\":\"https:\\\/\\\/ponteseditores.com.br\\\/loja3\\\/#\\\/schema\\\/logo\\\/image\\\/\",\"url\":\"https:\\\/\\\/ponteseditores.com.br\\\/loja3\\\/wp-content\\\/uploads\\\/2023\\\/12\\\/logo-pontes-editores-v2.png\",\"contentUrl\":\"https:\\\/\\\/ponteseditores.com.br\\\/loja3\\\/wp-content\\\/uploads\\\/2023\\\/12\\\/logo-pontes-editores-v2.png\",\"width\":258,\"height\":100,\"caption\":\"Pontes Editores\"},\"image\":{\"@id\":\"https:\\\/\\\/ponteseditores.com.br\\\/loja3\\\/#\\\/schema\\\/logo\\\/image\\\/\"}}]}<\/script>\n<!-- \/ Yoast SEO plugin. -->","yoast_head_json":{"title":"Olhares Sobre Tecnologias Digitais: Linguagens, Ensino, Forma\u00e7\u00e3o e Pr\u00e1tica Docente - Col NPLA Vol 44 - Pontes Editores","robots":{"index":"index","follow":"follow","max-snippet":"max-snippet:-1","max-image-preview":"max-image-preview:large","max-video-preview":"max-video-preview:-1"},"canonical":"https:\/\/ponteseditores.com.br\/loja3\/pontes-editores-home-2__trashed\/npla\/produto-599\/","og_locale":"pt_BR","og_type":"article","og_title":"Olhares Sobre Tecnologias Digitais: Linguagens, Ensino, Forma\u00e7\u00e3o e Pr\u00e1tica Docente - Col NPLA Vol 44 - Pontes Editores","og_description":"Este livro focaliza Olhares sobre tecnologias digitais: linguagens, ensino, forma\u00e7\u00e3o e pr\u00e1ticas docentes, encerra in\u00fameras e valiosas contribui\u00e7\u00f5es. Os textos tratam de tecnologias digitais e ensino; linguagens, tecnologias digitais e plurilinguismo; tecnologias digitais e pr\u00e1ticas docentes, tecnologias digitais e forma\u00e7\u00e3o de professores, compartilhando estudos e pesquisas de colegas a prop\u00f3sito desse universo em cuja viv\u00eancia [&hellip;]","og_url":"https:\/\/ponteseditores.com.br\/loja3\/pontes-editores-home-2__trashed\/npla\/produto-599\/","og_site_name":"Pontes Editores","article_modified_time":"2025-11-27T14:13:44+00:00","og_image":[{"width":489,"height":768,"url":"https:\/\/ponteseditores.com.br\/loja3\/wp-content\/uploads\/2023\/12\/olhares1-1.jpg","type":"image\/jpeg"}],"twitter_card":"summary_large_image","twitter_misc":{"Est. tempo de leitura":"2 minutos"},"schema":{"@context":"https:\/\/schema.org","@graph":[{"@type":"WebPage","@id":"https:\/\/ponteseditores.com.br\/loja3\/pontes-editores-home-2__trashed\/npla\/produto-599\/","url":"https:\/\/ponteseditores.com.br\/loja3\/pontes-editores-home-2__trashed\/npla\/produto-599\/","name":"Olhares Sobre Tecnologias Digitais: Linguagens, Ensino, Forma\u00e7\u00e3o e Pr\u00e1tica Docente - Col NPLA Vol 44 - Pontes Editores","isPartOf":{"@id":"https:\/\/ponteseditores.com.br\/loja3\/#website"},"primaryImageOfPage":{"@id":"https:\/\/ponteseditores.com.br\/loja3\/pontes-editores-home-2__trashed\/npla\/produto-599\/#primaryimage"},"image":{"@id":"https:\/\/ponteseditores.com.br\/loja3\/pontes-editores-home-2__trashed\/npla\/produto-599\/#primaryimage"},"thumbnailUrl":"https:\/\/ponteseditores.com.br\/loja3\/wp-content\/uploads\/2023\/12\/olhares1-1.jpg","datePublished":"2023-12-11T03:53:42+00:00","dateModified":"2025-11-27T14:13:44+00:00","breadcrumb":{"@id":"https:\/\/ponteseditores.com.br\/loja3\/pontes-editores-home-2__trashed\/npla\/produto-599\/#breadcrumb"},"inLanguage":"pt-BR","potentialAction":[{"@type":"ReadAction","target":["https:\/\/ponteseditores.com.br\/loja3\/pontes-editores-home-2__trashed\/npla\/produto-599\/"]}]},{"@type":"ImageObject","inLanguage":"pt-BR","@id":"https:\/\/ponteseditores.com.br\/loja3\/pontes-editores-home-2__trashed\/npla\/produto-599\/#primaryimage","url":"https:\/\/ponteseditores.com.br\/loja3\/wp-content\/uploads\/2023\/12\/olhares1-1.jpg","contentUrl":"https:\/\/ponteseditores.com.br\/loja3\/wp-content\/uploads\/2023\/12\/olhares1-1.jpg","width":489,"height":768},{"@type":"BreadcrumbList","@id":"https:\/\/ponteseditores.com.br\/loja3\/pontes-editores-home-2__trashed\/npla\/produto-599\/#breadcrumb","itemListElement":[{"@type":"ListItem","position":1,"name":"Home","item":"https:\/\/ponteseditores.com.br\/loja3\/"},{"@type":"ListItem","position":2,"name":"loja","item":"https:\/\/ponteseditores.com.br\/loja3\/loja\/"},{"@type":"ListItem","position":3,"name":"Olhares Sobre Tecnologias Digitais: Linguagens, Ensino, Forma\u00e7\u00e3o e Pr\u00e1tica Docente &#8211; Col NPLA Vol 44"}]},{"@type":"WebSite","@id":"https:\/\/ponteseditores.com.br\/loja3\/#website","url":"https:\/\/ponteseditores.com.br\/loja3\/","name":"Pontes Editores","description":"Pontes Editores","publisher":{"@id":"https:\/\/ponteseditores.com.br\/loja3\/#organization"},"potentialAction":[{"@type":"SearchAction","target":{"@type":"EntryPoint","urlTemplate":"https:\/\/ponteseditores.com.br\/loja3\/?s={search_term_string}"},"query-input":{"@type":"PropertyValueSpecification","valueRequired":true,"valueName":"search_term_string"}}],"inLanguage":"pt-BR"},{"@type":"Organization","@id":"https:\/\/ponteseditores.com.br\/loja3\/#organization","name":"Pontes Editores","url":"https:\/\/ponteseditores.com.br\/loja3\/","logo":{"@type":"ImageObject","inLanguage":"pt-BR","@id":"https:\/\/ponteseditores.com.br\/loja3\/#\/schema\/logo\/image\/","url":"https:\/\/ponteseditores.com.br\/loja3\/wp-content\/uploads\/2023\/12\/logo-pontes-editores-v2.png","contentUrl":"https:\/\/ponteseditores.com.br\/loja3\/wp-content\/uploads\/2023\/12\/logo-pontes-editores-v2.png","width":258,"height":100,"caption":"Pontes Editores"},"image":{"@id":"https:\/\/ponteseditores.com.br\/loja3\/#\/schema\/logo\/image\/"}}]}},"_links":{"self":[{"href":"https:\/\/ponteseditores.com.br\/loja3\/wp-json\/wp\/v2\/product\/5515","targetHints":{"allow":["GET"]}}],"collection":[{"href":"https:\/\/ponteseditores.com.br\/loja3\/wp-json\/wp\/v2\/product"}],"about":[{"href":"https:\/\/ponteseditores.com.br\/loja3\/wp-json\/wp\/v2\/types\/product"}],"replies":[{"embeddable":true,"href":"https:\/\/ponteseditores.com.br\/loja3\/wp-json\/wp\/v2\/comments?post=5515"}],"version-history":[{"count":0,"href":"https:\/\/ponteseditores.com.br\/loja3\/wp-json\/wp\/v2\/product\/5515\/revisions"}],"wp:featuredmedia":[{"embeddable":true,"href":"https:\/\/ponteseditores.com.br\/loja3\/wp-json\/wp\/v2\/media\/5150"}],"wp:attachment":[{"href":"https:\/\/ponteseditores.com.br\/loja3\/wp-json\/wp\/v2\/media?parent=5515"}],"wp:term":[{"taxonomy":"product_brand","embeddable":true,"href":"https:\/\/ponteseditores.com.br\/loja3\/wp-json\/wp\/v2\/product_brand?post=5515"},{"taxonomy":"product_cat","embeddable":true,"href":"https:\/\/ponteseditores.com.br\/loja3\/wp-json\/wp\/v2\/product_cat?post=5515"},{"taxonomy":"product_tag","embeddable":true,"href":"https:\/\/ponteseditores.com.br\/loja3\/wp-json\/wp\/v2\/product_tag?post=5515"}],"curies":[{"name":"wp","href":"https:\/\/api.w.org\/{rel}","templated":true}]}}