{"id":5496,"date":"2023-12-11T00:53:20","date_gmt":"2023-12-11T03:53:20","guid":{"rendered":"https:\/\/ponteseditores.com.br\/loja3\/produto\/produto-589\/"},"modified":"2026-01-05T10:41:38","modified_gmt":"2026-01-05T13:41:38","slug":"produto-589","status":"publish","type":"product","link":"https:\/\/ponteseditores.com.br\/loja3\/pontes-editores-home-2__trashed\/ensino-de-linguas\/produto-589\/","title":{"rendered":"A (IN) VISIBILIDADE DA AM\u00c9RICA LATINA NA FORMA\u00c7\u00c3O DO PROFESSOR DE ESPANHOL &#8211; Col NPLA Vol 34"},"content":{"rendered":"<p>Este livro busca dar continuidade \u00e0s discuss\u00f5es e prop\u00f3sitos iniciados em A (in)visibilidade da Am\u00e9rica Latina no ensino de espanhol, organizado por Fernando Zolin-Vesz e publicado em 2013, direcionando o foco, agora, para a forma\u00e7\u00e3o do professor de espanhol. Dessa forma, o objetivo primeiro \u00e9 proporcionar visibilidade \u00e0s pesquisas produzidas na &#8220;periferia&#8221; sobre a forma\u00e7\u00e3o do professro de espanhol. Dos nove cap\u00edtulos que comp\u00f5es o livro, oito foram escritos por pesquisadores de institui\u00e7\u00f5es de ensino que se encontram nos outros tr\u00eas cantos deste pa\u00eds &#8211; Regi\u00e3o Centro-Oeste (UFG e IFMT), Regi\u00f5es Norte e Nordeste (UFPA, UERN, UFC e UFBA) e extremo Sul (UNIPAMPA). Al\u00e9m disso, pesquisadores de outras institui\u00e7\u00f5es nacionais (UFV) e de institui\u00e7\u00f5es estrangeiras (Universidad Nacional de C\u00f3rdoba, Argentina , e University of IIIinois at Urbana-Champaign, Estados Unidos) tamb\u00e9m foram convidados, de modo a incrementar as discuss\u00f5es desenvolvidas nesta colet\u00e2nea. O segundo objetivo foi reunir textos que buscassem (re)discutir a forma\u00e7\u00e3o do professor de l\u00edngua espanhola no contexto brasileiro.<\/p>\n","protected":false},"excerpt":{"rendered":"<p>Este livro busca dar continuidade \u00e0s discuss\u00f5es e prop\u00f3sitos iniciados em A (in)visibilidade da Am\u00e9rica Latina no ensino de espanhol, organizado por Fernando Zolin-Vesz e publicado em 2013, direcionando o foco, agora, para a forma\u00e7\u00e3o do professor de espanhol. Dessa forma, o objetivo primeiro \u00e9 proporcionar visibilidade \u00e0s pesquisas produzidas na &#8220;periferia&#8221; sobre a forma\u00e7\u00e3o [&hellip;]<\/p>\n","protected":false},"featured_media":5495,"comment_status":"open","ping_status":"closed","template":"","meta":{"_joinchat":[]},"product_brand":[],"product_cat":[140,280],"product_tag":[],"class_list":{"0":"post-5496","1":"product","2":"type-product","3":"status-publish","4":"has-post-thumbnail","6":"product_cat-ensino-de-linguas","7":"product_cat-npla","8":"product_shipping_class-livro-pontes-editores-fisico","10":"first","11":"instock","12":"shipping-taxable","13":"purchasable","14":"product-type-simple"},"yoast_head":"<!-- This site is optimized with the Yoast SEO plugin v27.4 - https:\/\/yoast.com\/product\/yoast-seo-wordpress\/ -->\n<title>A (IN) VISIBILIDADE DA AM\u00c9RICA LATINA NA FORMA\u00c7\u00c3O DO PROFESSOR DE ESPANHOL - Col NPLA Vol 34 - Pontes Editores<\/title>\n<meta name=\"robots\" content=\"index, follow, max-snippet:-1, max-image-preview:large, max-video-preview:-1\" \/>\n<link rel=\"canonical\" href=\"https:\/\/ponteseditores.com.br\/loja3\/pontes-editores-home-2__trashed\/ensino-de-linguas\/produto-589\/\" \/>\n<meta property=\"og:locale\" content=\"pt_BR\" \/>\n<meta property=\"og:type\" content=\"article\" \/>\n<meta property=\"og:title\" content=\"A (IN) VISIBILIDADE DA AM\u00c9RICA LATINA NA FORMA\u00c7\u00c3O DO PROFESSOR DE ESPANHOL - Col NPLA Vol 34 - Pontes Editores\" \/>\n<meta property=\"og:description\" content=\"Este livro busca dar continuidade \u00e0s discuss\u00f5es e prop\u00f3sitos iniciados em A (in)visibilidade da Am\u00e9rica Latina no ensino de espanhol, organizado por Fernando Zolin-Vesz e publicado em 2013, direcionando o foco, agora, para a forma\u00e7\u00e3o do professor de espanhol. Dessa forma, o objetivo primeiro \u00e9 proporcionar visibilidade \u00e0s pesquisas produzidas na &#8220;periferia&#8221; sobre a forma\u00e7\u00e3o [&hellip;]\" \/>\n<meta property=\"og:url\" content=\"https:\/\/ponteseditores.com.br\/loja3\/pontes-editores-home-2__trashed\/ensino-de-linguas\/produto-589\/\" \/>\n<meta property=\"og:site_name\" content=\"Pontes Editores\" \/>\n<meta property=\"article:modified_time\" content=\"2026-01-05T13:41:38+00:00\" \/>\n<meta property=\"og:image\" content=\"https:\/\/ponteseditores.com.br\/loja3\/wp-content\/uploads\/2023\/12\/invisibilidade20am20lat20form20prof20esp20capa.jpg\" \/>\n\t<meta property=\"og:image:width\" content=\"490\" \/>\n\t<meta property=\"og:image:height\" content=\"768\" \/>\n\t<meta property=\"og:image:type\" content=\"image\/jpeg\" \/>\n<meta name=\"twitter:card\" content=\"summary_large_image\" \/>\n<meta name=\"twitter:label1\" content=\"Est. tempo de leitura\" \/>\n\t<meta name=\"twitter:data1\" content=\"2 minutos\" \/>\n<script type=\"application\/ld+json\" class=\"yoast-schema-graph\">{\"@context\":\"https:\\\/\\\/schema.org\",\"@graph\":[{\"@type\":\"WebPage\",\"@id\":\"https:\\\/\\\/ponteseditores.com.br\\\/loja3\\\/pontes-editores-home-2__trashed\\\/ensino-de-linguas\\\/produto-589\\\/\",\"url\":\"https:\\\/\\\/ponteseditores.com.br\\\/loja3\\\/pontes-editores-home-2__trashed\\\/ensino-de-linguas\\\/produto-589\\\/\",\"name\":\"A (IN) VISIBILIDADE DA AM\u00c9RICA LATINA NA FORMA\u00c7\u00c3O DO PROFESSOR DE ESPANHOL - Col NPLA Vol 34 - Pontes Editores\",\"isPartOf\":{\"@id\":\"https:\\\/\\\/ponteseditores.com.br\\\/loja3\\\/#website\"},\"primaryImageOfPage\":{\"@id\":\"https:\\\/\\\/ponteseditores.com.br\\\/loja3\\\/pontes-editores-home-2__trashed\\\/ensino-de-linguas\\\/produto-589\\\/#primaryimage\"},\"image\":{\"@id\":\"https:\\\/\\\/ponteseditores.com.br\\\/loja3\\\/pontes-editores-home-2__trashed\\\/ensino-de-linguas\\\/produto-589\\\/#primaryimage\"},\"thumbnailUrl\":\"https:\\\/\\\/ponteseditores.com.br\\\/loja3\\\/wp-content\\\/uploads\\\/2023\\\/12\\\/invisibilidade20am20lat20form20prof20esp20capa.jpg\",\"datePublished\":\"2023-12-11T03:53:20+00:00\",\"dateModified\":\"2026-01-05T13:41:38+00:00\",\"breadcrumb\":{\"@id\":\"https:\\\/\\\/ponteseditores.com.br\\\/loja3\\\/pontes-editores-home-2__trashed\\\/ensino-de-linguas\\\/produto-589\\\/#breadcrumb\"},\"inLanguage\":\"pt-BR\",\"potentialAction\":[{\"@type\":\"ReadAction\",\"target\":[\"https:\\\/\\\/ponteseditores.com.br\\\/loja3\\\/pontes-editores-home-2__trashed\\\/ensino-de-linguas\\\/produto-589\\\/\"]}]},{\"@type\":\"ImageObject\",\"inLanguage\":\"pt-BR\",\"@id\":\"https:\\\/\\\/ponteseditores.com.br\\\/loja3\\\/pontes-editores-home-2__trashed\\\/ensino-de-linguas\\\/produto-589\\\/#primaryimage\",\"url\":\"https:\\\/\\\/ponteseditores.com.br\\\/loja3\\\/wp-content\\\/uploads\\\/2023\\\/12\\\/invisibilidade20am20lat20form20prof20esp20capa.jpg\",\"contentUrl\":\"https:\\\/\\\/ponteseditores.com.br\\\/loja3\\\/wp-content\\\/uploads\\\/2023\\\/12\\\/invisibilidade20am20lat20form20prof20esp20capa.jpg\",\"width\":490,\"height\":768},{\"@type\":\"BreadcrumbList\",\"@id\":\"https:\\\/\\\/ponteseditores.com.br\\\/loja3\\\/pontes-editores-home-2__trashed\\\/ensino-de-linguas\\\/produto-589\\\/#breadcrumb\",\"itemListElement\":[{\"@type\":\"ListItem\",\"position\":1,\"name\":\"Home\",\"item\":\"https:\\\/\\\/ponteseditores.com.br\\\/loja3\\\/\"},{\"@type\":\"ListItem\",\"position\":2,\"name\":\"loja\",\"item\":\"https:\\\/\\\/ponteseditores.com.br\\\/loja3\\\/loja\\\/\"},{\"@type\":\"ListItem\",\"position\":3,\"name\":\"A (IN) VISIBILIDADE DA AM\u00c9RICA LATINA NA FORMA\u00c7\u00c3O DO PROFESSOR DE ESPANHOL &#8211; Col NPLA Vol 34\"}]},{\"@type\":\"WebSite\",\"@id\":\"https:\\\/\\\/ponteseditores.com.br\\\/loja3\\\/#website\",\"url\":\"https:\\\/\\\/ponteseditores.com.br\\\/loja3\\\/\",\"name\":\"Pontes Editores\",\"description\":\"Pontes Editores\",\"publisher\":{\"@id\":\"https:\\\/\\\/ponteseditores.com.br\\\/loja3\\\/#organization\"},\"potentialAction\":[{\"@type\":\"SearchAction\",\"target\":{\"@type\":\"EntryPoint\",\"urlTemplate\":\"https:\\\/\\\/ponteseditores.com.br\\\/loja3\\\/?s={search_term_string}\"},\"query-input\":{\"@type\":\"PropertyValueSpecification\",\"valueRequired\":true,\"valueName\":\"search_term_string\"}}],\"inLanguage\":\"pt-BR\"},{\"@type\":\"Organization\",\"@id\":\"https:\\\/\\\/ponteseditores.com.br\\\/loja3\\\/#organization\",\"name\":\"Pontes Editores\",\"url\":\"https:\\\/\\\/ponteseditores.com.br\\\/loja3\\\/\",\"logo\":{\"@type\":\"ImageObject\",\"inLanguage\":\"pt-BR\",\"@id\":\"https:\\\/\\\/ponteseditores.com.br\\\/loja3\\\/#\\\/schema\\\/logo\\\/image\\\/\",\"url\":\"https:\\\/\\\/ponteseditores.com.br\\\/loja3\\\/wp-content\\\/uploads\\\/2023\\\/12\\\/logo-pontes-editores-v2.png\",\"contentUrl\":\"https:\\\/\\\/ponteseditores.com.br\\\/loja3\\\/wp-content\\\/uploads\\\/2023\\\/12\\\/logo-pontes-editores-v2.png\",\"width\":258,\"height\":100,\"caption\":\"Pontes Editores\"},\"image\":{\"@id\":\"https:\\\/\\\/ponteseditores.com.br\\\/loja3\\\/#\\\/schema\\\/logo\\\/image\\\/\"}}]}<\/script>\n<!-- \/ Yoast SEO plugin. -->","yoast_head_json":{"title":"A (IN) VISIBILIDADE DA AM\u00c9RICA LATINA NA FORMA\u00c7\u00c3O DO PROFESSOR DE ESPANHOL - Col NPLA Vol 34 - Pontes Editores","robots":{"index":"index","follow":"follow","max-snippet":"max-snippet:-1","max-image-preview":"max-image-preview:large","max-video-preview":"max-video-preview:-1"},"canonical":"https:\/\/ponteseditores.com.br\/loja3\/pontes-editores-home-2__trashed\/ensino-de-linguas\/produto-589\/","og_locale":"pt_BR","og_type":"article","og_title":"A (IN) VISIBILIDADE DA AM\u00c9RICA LATINA NA FORMA\u00c7\u00c3O DO PROFESSOR DE ESPANHOL - Col NPLA Vol 34 - Pontes Editores","og_description":"Este livro busca dar continuidade \u00e0s discuss\u00f5es e prop\u00f3sitos iniciados em A (in)visibilidade da Am\u00e9rica Latina no ensino de espanhol, organizado por Fernando Zolin-Vesz e publicado em 2013, direcionando o foco, agora, para a forma\u00e7\u00e3o do professor de espanhol. Dessa forma, o objetivo primeiro \u00e9 proporcionar visibilidade \u00e0s pesquisas produzidas na &#8220;periferia&#8221; sobre a forma\u00e7\u00e3o [&hellip;]","og_url":"https:\/\/ponteseditores.com.br\/loja3\/pontes-editores-home-2__trashed\/ensino-de-linguas\/produto-589\/","og_site_name":"Pontes Editores","article_modified_time":"2026-01-05T13:41:38+00:00","og_image":[{"width":490,"height":768,"url":"https:\/\/ponteseditores.com.br\/loja3\/wp-content\/uploads\/2023\/12\/invisibilidade20am20lat20form20prof20esp20capa.jpg","type":"image\/jpeg"}],"twitter_card":"summary_large_image","twitter_misc":{"Est. tempo de leitura":"2 minutos"},"schema":{"@context":"https:\/\/schema.org","@graph":[{"@type":"WebPage","@id":"https:\/\/ponteseditores.com.br\/loja3\/pontes-editores-home-2__trashed\/ensino-de-linguas\/produto-589\/","url":"https:\/\/ponteseditores.com.br\/loja3\/pontes-editores-home-2__trashed\/ensino-de-linguas\/produto-589\/","name":"A (IN) VISIBILIDADE DA AM\u00c9RICA LATINA NA FORMA\u00c7\u00c3O DO PROFESSOR DE ESPANHOL - Col NPLA Vol 34 - Pontes Editores","isPartOf":{"@id":"https:\/\/ponteseditores.com.br\/loja3\/#website"},"primaryImageOfPage":{"@id":"https:\/\/ponteseditores.com.br\/loja3\/pontes-editores-home-2__trashed\/ensino-de-linguas\/produto-589\/#primaryimage"},"image":{"@id":"https:\/\/ponteseditores.com.br\/loja3\/pontes-editores-home-2__trashed\/ensino-de-linguas\/produto-589\/#primaryimage"},"thumbnailUrl":"https:\/\/ponteseditores.com.br\/loja3\/wp-content\/uploads\/2023\/12\/invisibilidade20am20lat20form20prof20esp20capa.jpg","datePublished":"2023-12-11T03:53:20+00:00","dateModified":"2026-01-05T13:41:38+00:00","breadcrumb":{"@id":"https:\/\/ponteseditores.com.br\/loja3\/pontes-editores-home-2__trashed\/ensino-de-linguas\/produto-589\/#breadcrumb"},"inLanguage":"pt-BR","potentialAction":[{"@type":"ReadAction","target":["https:\/\/ponteseditores.com.br\/loja3\/pontes-editores-home-2__trashed\/ensino-de-linguas\/produto-589\/"]}]},{"@type":"ImageObject","inLanguage":"pt-BR","@id":"https:\/\/ponteseditores.com.br\/loja3\/pontes-editores-home-2__trashed\/ensino-de-linguas\/produto-589\/#primaryimage","url":"https:\/\/ponteseditores.com.br\/loja3\/wp-content\/uploads\/2023\/12\/invisibilidade20am20lat20form20prof20esp20capa.jpg","contentUrl":"https:\/\/ponteseditores.com.br\/loja3\/wp-content\/uploads\/2023\/12\/invisibilidade20am20lat20form20prof20esp20capa.jpg","width":490,"height":768},{"@type":"BreadcrumbList","@id":"https:\/\/ponteseditores.com.br\/loja3\/pontes-editores-home-2__trashed\/ensino-de-linguas\/produto-589\/#breadcrumb","itemListElement":[{"@type":"ListItem","position":1,"name":"Home","item":"https:\/\/ponteseditores.com.br\/loja3\/"},{"@type":"ListItem","position":2,"name":"loja","item":"https:\/\/ponteseditores.com.br\/loja3\/loja\/"},{"@type":"ListItem","position":3,"name":"A (IN) VISIBILIDADE DA AM\u00c9RICA LATINA NA FORMA\u00c7\u00c3O DO PROFESSOR DE ESPANHOL &#8211; Col NPLA Vol 34"}]},{"@type":"WebSite","@id":"https:\/\/ponteseditores.com.br\/loja3\/#website","url":"https:\/\/ponteseditores.com.br\/loja3\/","name":"Pontes Editores","description":"Pontes Editores","publisher":{"@id":"https:\/\/ponteseditores.com.br\/loja3\/#organization"},"potentialAction":[{"@type":"SearchAction","target":{"@type":"EntryPoint","urlTemplate":"https:\/\/ponteseditores.com.br\/loja3\/?s={search_term_string}"},"query-input":{"@type":"PropertyValueSpecification","valueRequired":true,"valueName":"search_term_string"}}],"inLanguage":"pt-BR"},{"@type":"Organization","@id":"https:\/\/ponteseditores.com.br\/loja3\/#organization","name":"Pontes Editores","url":"https:\/\/ponteseditores.com.br\/loja3\/","logo":{"@type":"ImageObject","inLanguage":"pt-BR","@id":"https:\/\/ponteseditores.com.br\/loja3\/#\/schema\/logo\/image\/","url":"https:\/\/ponteseditores.com.br\/loja3\/wp-content\/uploads\/2023\/12\/logo-pontes-editores-v2.png","contentUrl":"https:\/\/ponteseditores.com.br\/loja3\/wp-content\/uploads\/2023\/12\/logo-pontes-editores-v2.png","width":258,"height":100,"caption":"Pontes Editores"},"image":{"@id":"https:\/\/ponteseditores.com.br\/loja3\/#\/schema\/logo\/image\/"}}]}},"_links":{"self":[{"href":"https:\/\/ponteseditores.com.br\/loja3\/wp-json\/wp\/v2\/product\/5496","targetHints":{"allow":["GET"]}}],"collection":[{"href":"https:\/\/ponteseditores.com.br\/loja3\/wp-json\/wp\/v2\/product"}],"about":[{"href":"https:\/\/ponteseditores.com.br\/loja3\/wp-json\/wp\/v2\/types\/product"}],"replies":[{"embeddable":true,"href":"https:\/\/ponteseditores.com.br\/loja3\/wp-json\/wp\/v2\/comments?post=5496"}],"version-history":[{"count":1,"href":"https:\/\/ponteseditores.com.br\/loja3\/wp-json\/wp\/v2\/product\/5496\/revisions"}],"predecessor-version":[{"id":18919,"href":"https:\/\/ponteseditores.com.br\/loja3\/wp-json\/wp\/v2\/product\/5496\/revisions\/18919"}],"wp:featuredmedia":[{"embeddable":true,"href":"https:\/\/ponteseditores.com.br\/loja3\/wp-json\/wp\/v2\/media\/5495"}],"wp:attachment":[{"href":"https:\/\/ponteseditores.com.br\/loja3\/wp-json\/wp\/v2\/media?parent=5496"}],"wp:term":[{"taxonomy":"product_brand","embeddable":true,"href":"https:\/\/ponteseditores.com.br\/loja3\/wp-json\/wp\/v2\/product_brand?post=5496"},{"taxonomy":"product_cat","embeddable":true,"href":"https:\/\/ponteseditores.com.br\/loja3\/wp-json\/wp\/v2\/product_cat?post=5496"},{"taxonomy":"product_tag","embeddable":true,"href":"https:\/\/ponteseditores.com.br\/loja3\/wp-json\/wp\/v2\/product_tag?post=5496"}],"curies":[{"name":"wp","href":"https:\/\/api.w.org\/{rel}","templated":true}]}}