{"id":5452,"date":"2023-12-11T00:51:51","date_gmt":"2023-12-11T03:51:51","guid":{"rendered":"https:\/\/ponteseditores.com.br\/loja3\/produto\/produto-567\/"},"modified":"2023-12-15T14:13:13","modified_gmt":"2023-12-15T17:13:13","slug":"produto-567","status":"publish","type":"product","link":"https:\/\/ponteseditores.com.br\/loja3\/pontes-editores-home-2__trashed\/ensino-de-linguas\/produto-567\/","title":{"rendered":"CREN\u00c7AS. DISCURSOS &#038; LINGUAGEM VOL 2 &#8211; Col NPLA Vol 10"},"content":{"rendered":"<p>Cole\u00e7\u00e3o Novas Perspectivas em Lingu\u00edstica Aplicada Vol. 10. &#8211; As contribui\u00e7\u00f5es constituintes de Cren\u00e7as, Discursos &amp; Linguagem consolidam, em especial, a centralidade da epistemologia interpretativa em pesquisa. Ao mesmo tempo em que abre espa\u00e7o para concep\u00e7\u00f5es alternativas de produ\u00e7\u00e3o de conhecimento, essa marca precisa ser reconhecida na proposi\u00e7\u00e3o de estudos que visem a informar grandes campos da Lingu\u00edstica Aplicada: a educa\u00e7\u00e3o de professores, o ensino e a aprendizagem. &#8211; (Simone Reis &#8211; UEL)<\/p>\n","protected":false},"excerpt":{"rendered":"<p>Cole\u00e7\u00e3o Novas Perspectivas em Lingu\u00edstica Aplicada Vol. 10. &#8211; As contribui\u00e7\u00f5es constituintes de Cren\u00e7as, Discursos &amp; Linguagem consolidam, em especial, a centralidade da epistemologia interpretativa em pesquisa. Ao mesmo tempo em que abre espa\u00e7o para concep\u00e7\u00f5es alternativas de produ\u00e7\u00e3o de conhecimento, essa marca precisa ser reconhecida na proposi\u00e7\u00e3o de estudos que visem a informar grandes [&hellip;]<\/p>\n","protected":false},"featured_media":5451,"comment_status":"open","ping_status":"closed","template":"","meta":{"_joinchat":[]},"product_brand":[],"product_cat":[140,280],"product_tag":[],"class_list":{"0":"post-5452","1":"product","2":"type-product","3":"status-publish","4":"has-post-thumbnail","6":"product_cat-ensino-de-linguas","7":"product_cat-npla","8":"product_shipping_class-livro-pontes-editores-fisico","10":"first","11":"instock","12":"shipping-taxable","13":"purchasable","14":"product-type-simple"},"yoast_head":"<!-- This site is optimized with the Yoast SEO plugin v27.4 - https:\/\/yoast.com\/product\/yoast-seo-wordpress\/ -->\n<title>CREN\u00c7AS. DISCURSOS &amp; LINGUAGEM VOL 2 - Col NPLA Vol 10 - Pontes Editores<\/title>\n<meta name=\"robots\" content=\"index, follow, max-snippet:-1, max-image-preview:large, max-video-preview:-1\" \/>\n<link rel=\"canonical\" href=\"https:\/\/ponteseditores.com.br\/loja3\/pontes-editores-home-2__trashed\/ensino-de-linguas\/produto-567\/\" \/>\n<meta property=\"og:locale\" content=\"pt_BR\" \/>\n<meta property=\"og:type\" content=\"article\" \/>\n<meta property=\"og:title\" content=\"CREN\u00c7AS. DISCURSOS &amp; LINGUAGEM VOL 2 - Col NPLA Vol 10 - Pontes Editores\" \/>\n<meta property=\"og:description\" content=\"Cole\u00e7\u00e3o Novas Perspectivas em Lingu\u00edstica Aplicada Vol. 10. &#8211; As contribui\u00e7\u00f5es constituintes de Cren\u00e7as, Discursos &amp; Linguagem consolidam, em especial, a centralidade da epistemologia interpretativa em pesquisa. Ao mesmo tempo em que abre espa\u00e7o para concep\u00e7\u00f5es alternativas de produ\u00e7\u00e3o de conhecimento, essa marca precisa ser reconhecida na proposi\u00e7\u00e3o de estudos que visem a informar grandes [&hellip;]\" \/>\n<meta property=\"og:url\" content=\"https:\/\/ponteseditores.com.br\/loja3\/pontes-editores-home-2__trashed\/ensino-de-linguas\/produto-567\/\" \/>\n<meta property=\"og:site_name\" content=\"Pontes Editores\" \/>\n<meta property=\"article:modified_time\" content=\"2023-12-15T17:13:13+00:00\" \/>\n<meta property=\"og:image\" content=\"https:\/\/ponteseditores.com.br\/loja3\/wp-content\/uploads\/2023\/12\/imgG497-1.jpg\" \/>\n\t<meta property=\"og:image:width\" content=\"197\" \/>\n\t<meta property=\"og:image:height\" content=\"300\" \/>\n\t<meta property=\"og:image:type\" content=\"image\/jpeg\" \/>\n<meta name=\"twitter:card\" content=\"summary_large_image\" \/>\n<script type=\"application\/ld+json\" class=\"yoast-schema-graph\">{\"@context\":\"https:\\\/\\\/schema.org\",\"@graph\":[{\"@type\":\"WebPage\",\"@id\":\"https:\\\/\\\/ponteseditores.com.br\\\/loja3\\\/pontes-editores-home-2__trashed\\\/ensino-de-linguas\\\/produto-567\\\/\",\"url\":\"https:\\\/\\\/ponteseditores.com.br\\\/loja3\\\/pontes-editores-home-2__trashed\\\/ensino-de-linguas\\\/produto-567\\\/\",\"name\":\"CREN\u00c7AS. DISCURSOS & LINGUAGEM VOL 2 - Col NPLA Vol 10 - Pontes Editores\",\"isPartOf\":{\"@id\":\"https:\\\/\\\/ponteseditores.com.br\\\/loja3\\\/#website\"},\"primaryImageOfPage\":{\"@id\":\"https:\\\/\\\/ponteseditores.com.br\\\/loja3\\\/pontes-editores-home-2__trashed\\\/ensino-de-linguas\\\/produto-567\\\/#primaryimage\"},\"image\":{\"@id\":\"https:\\\/\\\/ponteseditores.com.br\\\/loja3\\\/pontes-editores-home-2__trashed\\\/ensino-de-linguas\\\/produto-567\\\/#primaryimage\"},\"thumbnailUrl\":\"https:\\\/\\\/ponteseditores.com.br\\\/loja3\\\/wp-content\\\/uploads\\\/2023\\\/12\\\/imgG497-1.jpg\",\"datePublished\":\"2023-12-11T03:51:51+00:00\",\"dateModified\":\"2023-12-15T17:13:13+00:00\",\"breadcrumb\":{\"@id\":\"https:\\\/\\\/ponteseditores.com.br\\\/loja3\\\/pontes-editores-home-2__trashed\\\/ensino-de-linguas\\\/produto-567\\\/#breadcrumb\"},\"inLanguage\":\"pt-BR\",\"potentialAction\":[{\"@type\":\"ReadAction\",\"target\":[\"https:\\\/\\\/ponteseditores.com.br\\\/loja3\\\/pontes-editores-home-2__trashed\\\/ensino-de-linguas\\\/produto-567\\\/\"]}]},{\"@type\":\"ImageObject\",\"inLanguage\":\"pt-BR\",\"@id\":\"https:\\\/\\\/ponteseditores.com.br\\\/loja3\\\/pontes-editores-home-2__trashed\\\/ensino-de-linguas\\\/produto-567\\\/#primaryimage\",\"url\":\"https:\\\/\\\/ponteseditores.com.br\\\/loja3\\\/wp-content\\\/uploads\\\/2023\\\/12\\\/imgG497-1.jpg\",\"contentUrl\":\"https:\\\/\\\/ponteseditores.com.br\\\/loja3\\\/wp-content\\\/uploads\\\/2023\\\/12\\\/imgG497-1.jpg\",\"width\":197,\"height\":300},{\"@type\":\"BreadcrumbList\",\"@id\":\"https:\\\/\\\/ponteseditores.com.br\\\/loja3\\\/pontes-editores-home-2__trashed\\\/ensino-de-linguas\\\/produto-567\\\/#breadcrumb\",\"itemListElement\":[{\"@type\":\"ListItem\",\"position\":1,\"name\":\"Home\",\"item\":\"https:\\\/\\\/ponteseditores.com.br\\\/loja3\\\/\"},{\"@type\":\"ListItem\",\"position\":2,\"name\":\"loja\",\"item\":\"https:\\\/\\\/ponteseditores.com.br\\\/loja3\\\/loja\\\/\"},{\"@type\":\"ListItem\",\"position\":3,\"name\":\"CREN\u00c7AS. DISCURSOS &#038; LINGUAGEM VOL 2 &#8211; Col NPLA Vol 10\"}]},{\"@type\":\"WebSite\",\"@id\":\"https:\\\/\\\/ponteseditores.com.br\\\/loja3\\\/#website\",\"url\":\"https:\\\/\\\/ponteseditores.com.br\\\/loja3\\\/\",\"name\":\"Pontes Editores\",\"description\":\"Pontes Editores\",\"publisher\":{\"@id\":\"https:\\\/\\\/ponteseditores.com.br\\\/loja3\\\/#organization\"},\"potentialAction\":[{\"@type\":\"SearchAction\",\"target\":{\"@type\":\"EntryPoint\",\"urlTemplate\":\"https:\\\/\\\/ponteseditores.com.br\\\/loja3\\\/?s={search_term_string}\"},\"query-input\":{\"@type\":\"PropertyValueSpecification\",\"valueRequired\":true,\"valueName\":\"search_term_string\"}}],\"inLanguage\":\"pt-BR\"},{\"@type\":\"Organization\",\"@id\":\"https:\\\/\\\/ponteseditores.com.br\\\/loja3\\\/#organization\",\"name\":\"Pontes Editores\",\"url\":\"https:\\\/\\\/ponteseditores.com.br\\\/loja3\\\/\",\"logo\":{\"@type\":\"ImageObject\",\"inLanguage\":\"pt-BR\",\"@id\":\"https:\\\/\\\/ponteseditores.com.br\\\/loja3\\\/#\\\/schema\\\/logo\\\/image\\\/\",\"url\":\"https:\\\/\\\/ponteseditores.com.br\\\/loja3\\\/wp-content\\\/uploads\\\/2023\\\/12\\\/logo-pontes-editores-v2.png\",\"contentUrl\":\"https:\\\/\\\/ponteseditores.com.br\\\/loja3\\\/wp-content\\\/uploads\\\/2023\\\/12\\\/logo-pontes-editores-v2.png\",\"width\":258,\"height\":100,\"caption\":\"Pontes Editores\"},\"image\":{\"@id\":\"https:\\\/\\\/ponteseditores.com.br\\\/loja3\\\/#\\\/schema\\\/logo\\\/image\\\/\"}}]}<\/script>\n<!-- \/ Yoast SEO plugin. -->","yoast_head_json":{"title":"CREN\u00c7AS. DISCURSOS & LINGUAGEM VOL 2 - Col NPLA Vol 10 - Pontes Editores","robots":{"index":"index","follow":"follow","max-snippet":"max-snippet:-1","max-image-preview":"max-image-preview:large","max-video-preview":"max-video-preview:-1"},"canonical":"https:\/\/ponteseditores.com.br\/loja3\/pontes-editores-home-2__trashed\/ensino-de-linguas\/produto-567\/","og_locale":"pt_BR","og_type":"article","og_title":"CREN\u00c7AS. DISCURSOS & LINGUAGEM VOL 2 - Col NPLA Vol 10 - Pontes Editores","og_description":"Cole\u00e7\u00e3o Novas Perspectivas em Lingu\u00edstica Aplicada Vol. 10. &#8211; As contribui\u00e7\u00f5es constituintes de Cren\u00e7as, Discursos &amp; Linguagem consolidam, em especial, a centralidade da epistemologia interpretativa em pesquisa. Ao mesmo tempo em que abre espa\u00e7o para concep\u00e7\u00f5es alternativas de produ\u00e7\u00e3o de conhecimento, essa marca precisa ser reconhecida na proposi\u00e7\u00e3o de estudos que visem a informar grandes [&hellip;]","og_url":"https:\/\/ponteseditores.com.br\/loja3\/pontes-editores-home-2__trashed\/ensino-de-linguas\/produto-567\/","og_site_name":"Pontes Editores","article_modified_time":"2023-12-15T17:13:13+00:00","og_image":[{"width":197,"height":300,"url":"https:\/\/ponteseditores.com.br\/loja3\/wp-content\/uploads\/2023\/12\/imgG497-1.jpg","type":"image\/jpeg"}],"twitter_card":"summary_large_image","schema":{"@context":"https:\/\/schema.org","@graph":[{"@type":"WebPage","@id":"https:\/\/ponteseditores.com.br\/loja3\/pontes-editores-home-2__trashed\/ensino-de-linguas\/produto-567\/","url":"https:\/\/ponteseditores.com.br\/loja3\/pontes-editores-home-2__trashed\/ensino-de-linguas\/produto-567\/","name":"CREN\u00c7AS. DISCURSOS & LINGUAGEM VOL 2 - Col NPLA Vol 10 - Pontes Editores","isPartOf":{"@id":"https:\/\/ponteseditores.com.br\/loja3\/#website"},"primaryImageOfPage":{"@id":"https:\/\/ponteseditores.com.br\/loja3\/pontes-editores-home-2__trashed\/ensino-de-linguas\/produto-567\/#primaryimage"},"image":{"@id":"https:\/\/ponteseditores.com.br\/loja3\/pontes-editores-home-2__trashed\/ensino-de-linguas\/produto-567\/#primaryimage"},"thumbnailUrl":"https:\/\/ponteseditores.com.br\/loja3\/wp-content\/uploads\/2023\/12\/imgG497-1.jpg","datePublished":"2023-12-11T03:51:51+00:00","dateModified":"2023-12-15T17:13:13+00:00","breadcrumb":{"@id":"https:\/\/ponteseditores.com.br\/loja3\/pontes-editores-home-2__trashed\/ensino-de-linguas\/produto-567\/#breadcrumb"},"inLanguage":"pt-BR","potentialAction":[{"@type":"ReadAction","target":["https:\/\/ponteseditores.com.br\/loja3\/pontes-editores-home-2__trashed\/ensino-de-linguas\/produto-567\/"]}]},{"@type":"ImageObject","inLanguage":"pt-BR","@id":"https:\/\/ponteseditores.com.br\/loja3\/pontes-editores-home-2__trashed\/ensino-de-linguas\/produto-567\/#primaryimage","url":"https:\/\/ponteseditores.com.br\/loja3\/wp-content\/uploads\/2023\/12\/imgG497-1.jpg","contentUrl":"https:\/\/ponteseditores.com.br\/loja3\/wp-content\/uploads\/2023\/12\/imgG497-1.jpg","width":197,"height":300},{"@type":"BreadcrumbList","@id":"https:\/\/ponteseditores.com.br\/loja3\/pontes-editores-home-2__trashed\/ensino-de-linguas\/produto-567\/#breadcrumb","itemListElement":[{"@type":"ListItem","position":1,"name":"Home","item":"https:\/\/ponteseditores.com.br\/loja3\/"},{"@type":"ListItem","position":2,"name":"loja","item":"https:\/\/ponteseditores.com.br\/loja3\/loja\/"},{"@type":"ListItem","position":3,"name":"CREN\u00c7AS. DISCURSOS &#038; LINGUAGEM VOL 2 &#8211; Col NPLA Vol 10"}]},{"@type":"WebSite","@id":"https:\/\/ponteseditores.com.br\/loja3\/#website","url":"https:\/\/ponteseditores.com.br\/loja3\/","name":"Pontes Editores","description":"Pontes Editores","publisher":{"@id":"https:\/\/ponteseditores.com.br\/loja3\/#organization"},"potentialAction":[{"@type":"SearchAction","target":{"@type":"EntryPoint","urlTemplate":"https:\/\/ponteseditores.com.br\/loja3\/?s={search_term_string}"},"query-input":{"@type":"PropertyValueSpecification","valueRequired":true,"valueName":"search_term_string"}}],"inLanguage":"pt-BR"},{"@type":"Organization","@id":"https:\/\/ponteseditores.com.br\/loja3\/#organization","name":"Pontes Editores","url":"https:\/\/ponteseditores.com.br\/loja3\/","logo":{"@type":"ImageObject","inLanguage":"pt-BR","@id":"https:\/\/ponteseditores.com.br\/loja3\/#\/schema\/logo\/image\/","url":"https:\/\/ponteseditores.com.br\/loja3\/wp-content\/uploads\/2023\/12\/logo-pontes-editores-v2.png","contentUrl":"https:\/\/ponteseditores.com.br\/loja3\/wp-content\/uploads\/2023\/12\/logo-pontes-editores-v2.png","width":258,"height":100,"caption":"Pontes Editores"},"image":{"@id":"https:\/\/ponteseditores.com.br\/loja3\/#\/schema\/logo\/image\/"}}]}},"_links":{"self":[{"href":"https:\/\/ponteseditores.com.br\/loja3\/wp-json\/wp\/v2\/product\/5452","targetHints":{"allow":["GET"]}}],"collection":[{"href":"https:\/\/ponteseditores.com.br\/loja3\/wp-json\/wp\/v2\/product"}],"about":[{"href":"https:\/\/ponteseditores.com.br\/loja3\/wp-json\/wp\/v2\/types\/product"}],"replies":[{"embeddable":true,"href":"https:\/\/ponteseditores.com.br\/loja3\/wp-json\/wp\/v2\/comments?post=5452"}],"version-history":[{"count":0,"href":"https:\/\/ponteseditores.com.br\/loja3\/wp-json\/wp\/v2\/product\/5452\/revisions"}],"wp:featuredmedia":[{"embeddable":true,"href":"https:\/\/ponteseditores.com.br\/loja3\/wp-json\/wp\/v2\/media\/5451"}],"wp:attachment":[{"href":"https:\/\/ponteseditores.com.br\/loja3\/wp-json\/wp\/v2\/media?parent=5452"}],"wp:term":[{"taxonomy":"product_brand","embeddable":true,"href":"https:\/\/ponteseditores.com.br\/loja3\/wp-json\/wp\/v2\/product_brand?post=5452"},{"taxonomy":"product_cat","embeddable":true,"href":"https:\/\/ponteseditores.com.br\/loja3\/wp-json\/wp\/v2\/product_cat?post=5452"},{"taxonomy":"product_tag","embeddable":true,"href":"https:\/\/ponteseditores.com.br\/loja3\/wp-json\/wp\/v2\/product_tag?post=5452"}],"curies":[{"name":"wp","href":"https:\/\/api.w.org\/{rel}","templated":true}]}}