{"id":5440,"date":"2023-12-11T00:51:47","date_gmt":"2023-12-11T03:51:47","guid":{"rendered":"https:\/\/ponteseditores.com.br\/loja3\/produto\/produto-561\/"},"modified":"2024-11-29T15:37:31","modified_gmt":"2024-11-29T18:37:31","slug":"produto-561","status":"publish","type":"product","link":"https:\/\/ponteseditores.com.br\/loja3\/pontes-editores-home-2__trashed\/sociologia\/produto-561\/","title":{"rendered":"(IN) SEGURAN\u00c7A E SOCIEDADE Treze Li\u00e7\u00f5es"},"content":{"rendered":"<p>\u00c9 imperativo pensar a seguran\u00e7a p\u00fablica e a viol\u00eancia com fen\u00f4menos complexos, pois escapam de uma explica\u00e7\u00e3o mec\u00e2nica (causa-efeito). Tais manifesta\u00e7\u00f5es devem ser compreendidas incluindo as redes de significado nas quais agem os indiv\u00edduos e as institui\u00e7\u00f5es.<\/p>\n<p>\u00c9 o prop\u00f3sito deste livro compreender que a viol\u00eancia e a seguran\u00e7a p\u00fablica fazem parte de uma totalidade social a ser desvendada. As treze li\u00e7\u00f5es aqui presentes s\u00e3o fruto de uma vontade de divulgar e ampliar a consci\u00eancia particular e coletiva sobre os processos que envolvam situa\u00e7\u00f5es de viol\u00eancia. Toda uma rede de institui\u00e7\u00f5es jur\u00eddicas, pol\u00edticas e sociais atuam para evitar, controlar e punir o crime.<br \/>\nO termo li\u00e7\u00e3o n\u00e3o est\u00e1 aqui associado a um conte\u00fado moral e normativo. As li\u00e7\u00f5es remetem a uma compreens\u00e3o de que a viol\u00eancia \u00e9 complexa e exige um tratamento sociol\u00f3gico do qual n\u00e3o se deduzem solu\u00e7\u00f5es simples. Assim, as li\u00e7\u00f5es s\u00e3o um recurso para apresentar o crime, a viol\u00eancia, a inseguran\u00e7a, o medo, a justi\u00e7a, o direito como componentes que integram a vida social.<\/p>\n","protected":false},"excerpt":{"rendered":"<p>\u00c9 imperativo pensar a seguran\u00e7a p\u00fablica e a viol\u00eancia com fen\u00f4menos complexos, pois escapam de uma explica\u00e7\u00e3o mec\u00e2nica (causa-efeito). Tais manifesta\u00e7\u00f5es devem ser compreendidas incluindo as redes de significado nas quais agem os indiv\u00edduos e as institui\u00e7\u00f5es. \u00c9 o prop\u00f3sito deste livro compreender que a viol\u00eancia e a seguran\u00e7a p\u00fablica fazem parte de uma totalidade [&hellip;]<\/p>\n","protected":false},"featured_media":5439,"comment_status":"open","ping_status":"closed","template":"","meta":{"_joinchat":[]},"product_brand":[],"product_cat":[310,277],"product_tag":[311],"class_list":{"0":"post-5440","1":"product","2":"type-product","3":"status-publish","4":"has-post-thumbnail","6":"product_cat-conflitos-sociais-praticas-politicas","7":"product_cat-sociologia","8":"product_tag-seguranca-e-sociedade","9":"product_shipping_class-livro-pontes-editores-fisico","11":"first","12":"instock","13":"shipping-taxable","14":"purchasable","15":"product-type-simple"},"yoast_head":"<!-- This site is optimized with the Yoast SEO plugin v27.4 - https:\/\/yoast.com\/product\/yoast-seo-wordpress\/ -->\n<title>(IN) SEGURAN\u00c7A E SOCIEDADE Treze Li\u00e7\u00f5es - Pontes Editores<\/title>\n<meta name=\"robots\" content=\"index, follow, max-snippet:-1, max-image-preview:large, max-video-preview:-1\" \/>\n<link rel=\"canonical\" href=\"https:\/\/ponteseditores.com.br\/loja3\/pontes-editores-home-2__trashed\/sociologia\/produto-561\/\" \/>\n<meta property=\"og:locale\" content=\"pt_BR\" \/>\n<meta property=\"og:type\" content=\"article\" \/>\n<meta property=\"og:title\" content=\"(IN) SEGURAN\u00c7A E SOCIEDADE Treze Li\u00e7\u00f5es - Pontes Editores\" \/>\n<meta property=\"og:description\" content=\"\u00c9 imperativo pensar a seguran\u00e7a p\u00fablica e a viol\u00eancia com fen\u00f4menos complexos, pois escapam de uma explica\u00e7\u00e3o mec\u00e2nica (causa-efeito). Tais manifesta\u00e7\u00f5es devem ser compreendidas incluindo as redes de significado nas quais agem os indiv\u00edduos e as institui\u00e7\u00f5es. \u00c9 o prop\u00f3sito deste livro compreender que a viol\u00eancia e a seguran\u00e7a p\u00fablica fazem parte de uma totalidade [&hellip;]\" \/>\n<meta property=\"og:url\" content=\"https:\/\/ponteseditores.com.br\/loja3\/pontes-editores-home-2__trashed\/sociologia\/produto-561\/\" \/>\n<meta property=\"og:site_name\" content=\"Pontes Editores\" \/>\n<meta property=\"article:modified_time\" content=\"2024-11-29T18:37:31+00:00\" \/>\n<meta property=\"og:image\" content=\"https:\/\/ponteseditores.com.br\/loja3\/wp-content\/uploads\/2023\/12\/imgG474-1.jpg\" \/>\n\t<meta property=\"og:image:width\" content=\"203\" \/>\n\t<meta property=\"og:image:height\" content=\"300\" \/>\n\t<meta property=\"og:image:type\" content=\"image\/jpeg\" \/>\n<meta name=\"twitter:card\" content=\"summary_large_image\" \/>\n<meta name=\"twitter:label1\" content=\"Est. tempo de leitura\" \/>\n\t<meta name=\"twitter:data1\" content=\"2 minutos\" \/>\n<script type=\"application\/ld+json\" class=\"yoast-schema-graph\">{\"@context\":\"https:\\\/\\\/schema.org\",\"@graph\":[{\"@type\":\"WebPage\",\"@id\":\"https:\\\/\\\/ponteseditores.com.br\\\/loja3\\\/pontes-editores-home-2__trashed\\\/sociologia\\\/produto-561\\\/\",\"url\":\"https:\\\/\\\/ponteseditores.com.br\\\/loja3\\\/pontes-editores-home-2__trashed\\\/sociologia\\\/produto-561\\\/\",\"name\":\"(IN) SEGURAN\u00c7A E SOCIEDADE Treze Li\u00e7\u00f5es - Pontes Editores\",\"isPartOf\":{\"@id\":\"https:\\\/\\\/ponteseditores.com.br\\\/loja3\\\/#website\"},\"primaryImageOfPage\":{\"@id\":\"https:\\\/\\\/ponteseditores.com.br\\\/loja3\\\/pontes-editores-home-2__trashed\\\/sociologia\\\/produto-561\\\/#primaryimage\"},\"image\":{\"@id\":\"https:\\\/\\\/ponteseditores.com.br\\\/loja3\\\/pontes-editores-home-2__trashed\\\/sociologia\\\/produto-561\\\/#primaryimage\"},\"thumbnailUrl\":\"https:\\\/\\\/ponteseditores.com.br\\\/loja3\\\/wp-content\\\/uploads\\\/2023\\\/12\\\/imgG474-1.jpg\",\"datePublished\":\"2023-12-11T03:51:47+00:00\",\"dateModified\":\"2024-11-29T18:37:31+00:00\",\"breadcrumb\":{\"@id\":\"https:\\\/\\\/ponteseditores.com.br\\\/loja3\\\/pontes-editores-home-2__trashed\\\/sociologia\\\/produto-561\\\/#breadcrumb\"},\"inLanguage\":\"pt-BR\",\"potentialAction\":[{\"@type\":\"ReadAction\",\"target\":[\"https:\\\/\\\/ponteseditores.com.br\\\/loja3\\\/pontes-editores-home-2__trashed\\\/sociologia\\\/produto-561\\\/\"]}]},{\"@type\":\"ImageObject\",\"inLanguage\":\"pt-BR\",\"@id\":\"https:\\\/\\\/ponteseditores.com.br\\\/loja3\\\/pontes-editores-home-2__trashed\\\/sociologia\\\/produto-561\\\/#primaryimage\",\"url\":\"https:\\\/\\\/ponteseditores.com.br\\\/loja3\\\/wp-content\\\/uploads\\\/2023\\\/12\\\/imgG474-1.jpg\",\"contentUrl\":\"https:\\\/\\\/ponteseditores.com.br\\\/loja3\\\/wp-content\\\/uploads\\\/2023\\\/12\\\/imgG474-1.jpg\",\"width\":203,\"height\":300},{\"@type\":\"BreadcrumbList\",\"@id\":\"https:\\\/\\\/ponteseditores.com.br\\\/loja3\\\/pontes-editores-home-2__trashed\\\/sociologia\\\/produto-561\\\/#breadcrumb\",\"itemListElement\":[{\"@type\":\"ListItem\",\"position\":1,\"name\":\"Home\",\"item\":\"https:\\\/\\\/ponteseditores.com.br\\\/loja3\\\/\"},{\"@type\":\"ListItem\",\"position\":2,\"name\":\"loja\",\"item\":\"https:\\\/\\\/ponteseditores.com.br\\\/loja3\\\/loja\\\/\"},{\"@type\":\"ListItem\",\"position\":3,\"name\":\"(IN) SEGURAN\u00c7A E SOCIEDADE Treze Li\u00e7\u00f5es\"}]},{\"@type\":\"WebSite\",\"@id\":\"https:\\\/\\\/ponteseditores.com.br\\\/loja3\\\/#website\",\"url\":\"https:\\\/\\\/ponteseditores.com.br\\\/loja3\\\/\",\"name\":\"Pontes Editores\",\"description\":\"Pontes Editores\",\"publisher\":{\"@id\":\"https:\\\/\\\/ponteseditores.com.br\\\/loja3\\\/#organization\"},\"potentialAction\":[{\"@type\":\"SearchAction\",\"target\":{\"@type\":\"EntryPoint\",\"urlTemplate\":\"https:\\\/\\\/ponteseditores.com.br\\\/loja3\\\/?s={search_term_string}\"},\"query-input\":{\"@type\":\"PropertyValueSpecification\",\"valueRequired\":true,\"valueName\":\"search_term_string\"}}],\"inLanguage\":\"pt-BR\"},{\"@type\":\"Organization\",\"@id\":\"https:\\\/\\\/ponteseditores.com.br\\\/loja3\\\/#organization\",\"name\":\"Pontes Editores\",\"url\":\"https:\\\/\\\/ponteseditores.com.br\\\/loja3\\\/\",\"logo\":{\"@type\":\"ImageObject\",\"inLanguage\":\"pt-BR\",\"@id\":\"https:\\\/\\\/ponteseditores.com.br\\\/loja3\\\/#\\\/schema\\\/logo\\\/image\\\/\",\"url\":\"https:\\\/\\\/ponteseditores.com.br\\\/loja3\\\/wp-content\\\/uploads\\\/2023\\\/12\\\/logo-pontes-editores-v2.png\",\"contentUrl\":\"https:\\\/\\\/ponteseditores.com.br\\\/loja3\\\/wp-content\\\/uploads\\\/2023\\\/12\\\/logo-pontes-editores-v2.png\",\"width\":258,\"height\":100,\"caption\":\"Pontes Editores\"},\"image\":{\"@id\":\"https:\\\/\\\/ponteseditores.com.br\\\/loja3\\\/#\\\/schema\\\/logo\\\/image\\\/\"}}]}<\/script>\n<!-- \/ Yoast SEO plugin. -->","yoast_head_json":{"title":"(IN) SEGURAN\u00c7A E SOCIEDADE Treze Li\u00e7\u00f5es - Pontes Editores","robots":{"index":"index","follow":"follow","max-snippet":"max-snippet:-1","max-image-preview":"max-image-preview:large","max-video-preview":"max-video-preview:-1"},"canonical":"https:\/\/ponteseditores.com.br\/loja3\/pontes-editores-home-2__trashed\/sociologia\/produto-561\/","og_locale":"pt_BR","og_type":"article","og_title":"(IN) SEGURAN\u00c7A E SOCIEDADE Treze Li\u00e7\u00f5es - Pontes Editores","og_description":"\u00c9 imperativo pensar a seguran\u00e7a p\u00fablica e a viol\u00eancia com fen\u00f4menos complexos, pois escapam de uma explica\u00e7\u00e3o mec\u00e2nica (causa-efeito). Tais manifesta\u00e7\u00f5es devem ser compreendidas incluindo as redes de significado nas quais agem os indiv\u00edduos e as institui\u00e7\u00f5es. \u00c9 o prop\u00f3sito deste livro compreender que a viol\u00eancia e a seguran\u00e7a p\u00fablica fazem parte de uma totalidade [&hellip;]","og_url":"https:\/\/ponteseditores.com.br\/loja3\/pontes-editores-home-2__trashed\/sociologia\/produto-561\/","og_site_name":"Pontes Editores","article_modified_time":"2024-11-29T18:37:31+00:00","og_image":[{"width":203,"height":300,"url":"https:\/\/ponteseditores.com.br\/loja3\/wp-content\/uploads\/2023\/12\/imgG474-1.jpg","type":"image\/jpeg"}],"twitter_card":"summary_large_image","twitter_misc":{"Est. tempo de leitura":"2 minutos"},"schema":{"@context":"https:\/\/schema.org","@graph":[{"@type":"WebPage","@id":"https:\/\/ponteseditores.com.br\/loja3\/pontes-editores-home-2__trashed\/sociologia\/produto-561\/","url":"https:\/\/ponteseditores.com.br\/loja3\/pontes-editores-home-2__trashed\/sociologia\/produto-561\/","name":"(IN) SEGURAN\u00c7A E SOCIEDADE Treze Li\u00e7\u00f5es - Pontes Editores","isPartOf":{"@id":"https:\/\/ponteseditores.com.br\/loja3\/#website"},"primaryImageOfPage":{"@id":"https:\/\/ponteseditores.com.br\/loja3\/pontes-editores-home-2__trashed\/sociologia\/produto-561\/#primaryimage"},"image":{"@id":"https:\/\/ponteseditores.com.br\/loja3\/pontes-editores-home-2__trashed\/sociologia\/produto-561\/#primaryimage"},"thumbnailUrl":"https:\/\/ponteseditores.com.br\/loja3\/wp-content\/uploads\/2023\/12\/imgG474-1.jpg","datePublished":"2023-12-11T03:51:47+00:00","dateModified":"2024-11-29T18:37:31+00:00","breadcrumb":{"@id":"https:\/\/ponteseditores.com.br\/loja3\/pontes-editores-home-2__trashed\/sociologia\/produto-561\/#breadcrumb"},"inLanguage":"pt-BR","potentialAction":[{"@type":"ReadAction","target":["https:\/\/ponteseditores.com.br\/loja3\/pontes-editores-home-2__trashed\/sociologia\/produto-561\/"]}]},{"@type":"ImageObject","inLanguage":"pt-BR","@id":"https:\/\/ponteseditores.com.br\/loja3\/pontes-editores-home-2__trashed\/sociologia\/produto-561\/#primaryimage","url":"https:\/\/ponteseditores.com.br\/loja3\/wp-content\/uploads\/2023\/12\/imgG474-1.jpg","contentUrl":"https:\/\/ponteseditores.com.br\/loja3\/wp-content\/uploads\/2023\/12\/imgG474-1.jpg","width":203,"height":300},{"@type":"BreadcrumbList","@id":"https:\/\/ponteseditores.com.br\/loja3\/pontes-editores-home-2__trashed\/sociologia\/produto-561\/#breadcrumb","itemListElement":[{"@type":"ListItem","position":1,"name":"Home","item":"https:\/\/ponteseditores.com.br\/loja3\/"},{"@type":"ListItem","position":2,"name":"loja","item":"https:\/\/ponteseditores.com.br\/loja3\/loja\/"},{"@type":"ListItem","position":3,"name":"(IN) SEGURAN\u00c7A E SOCIEDADE Treze Li\u00e7\u00f5es"}]},{"@type":"WebSite","@id":"https:\/\/ponteseditores.com.br\/loja3\/#website","url":"https:\/\/ponteseditores.com.br\/loja3\/","name":"Pontes Editores","description":"Pontes Editores","publisher":{"@id":"https:\/\/ponteseditores.com.br\/loja3\/#organization"},"potentialAction":[{"@type":"SearchAction","target":{"@type":"EntryPoint","urlTemplate":"https:\/\/ponteseditores.com.br\/loja3\/?s={search_term_string}"},"query-input":{"@type":"PropertyValueSpecification","valueRequired":true,"valueName":"search_term_string"}}],"inLanguage":"pt-BR"},{"@type":"Organization","@id":"https:\/\/ponteseditores.com.br\/loja3\/#organization","name":"Pontes Editores","url":"https:\/\/ponteseditores.com.br\/loja3\/","logo":{"@type":"ImageObject","inLanguage":"pt-BR","@id":"https:\/\/ponteseditores.com.br\/loja3\/#\/schema\/logo\/image\/","url":"https:\/\/ponteseditores.com.br\/loja3\/wp-content\/uploads\/2023\/12\/logo-pontes-editores-v2.png","contentUrl":"https:\/\/ponteseditores.com.br\/loja3\/wp-content\/uploads\/2023\/12\/logo-pontes-editores-v2.png","width":258,"height":100,"caption":"Pontes Editores"},"image":{"@id":"https:\/\/ponteseditores.com.br\/loja3\/#\/schema\/logo\/image\/"}}]}},"_links":{"self":[{"href":"https:\/\/ponteseditores.com.br\/loja3\/wp-json\/wp\/v2\/product\/5440","targetHints":{"allow":["GET"]}}],"collection":[{"href":"https:\/\/ponteseditores.com.br\/loja3\/wp-json\/wp\/v2\/product"}],"about":[{"href":"https:\/\/ponteseditores.com.br\/loja3\/wp-json\/wp\/v2\/types\/product"}],"replies":[{"embeddable":true,"href":"https:\/\/ponteseditores.com.br\/loja3\/wp-json\/wp\/v2\/comments?post=5440"}],"version-history":[{"count":2,"href":"https:\/\/ponteseditores.com.br\/loja3\/wp-json\/wp\/v2\/product\/5440\/revisions"}],"predecessor-version":[{"id":18918,"href":"https:\/\/ponteseditores.com.br\/loja3\/wp-json\/wp\/v2\/product\/5440\/revisions\/18918"}],"wp:featuredmedia":[{"embeddable":true,"href":"https:\/\/ponteseditores.com.br\/loja3\/wp-json\/wp\/v2\/media\/5439"}],"wp:attachment":[{"href":"https:\/\/ponteseditores.com.br\/loja3\/wp-json\/wp\/v2\/media?parent=5440"}],"wp:term":[{"taxonomy":"product_brand","embeddable":true,"href":"https:\/\/ponteseditores.com.br\/loja3\/wp-json\/wp\/v2\/product_brand?post=5440"},{"taxonomy":"product_cat","embeddable":true,"href":"https:\/\/ponteseditores.com.br\/loja3\/wp-json\/wp\/v2\/product_cat?post=5440"},{"taxonomy":"product_tag","embeddable":true,"href":"https:\/\/ponteseditores.com.br\/loja3\/wp-json\/wp\/v2\/product_tag?post=5440"}],"curies":[{"name":"wp","href":"https:\/\/api.w.org\/{rel}","templated":true}]}}