{"id":5353,"date":"2023-12-11T00:50:42","date_gmt":"2023-12-11T03:50:42","guid":{"rendered":"https:\/\/ponteseditores.com.br\/loja3\/produto\/produto-517\/"},"modified":"2024-03-25T11:56:33","modified_gmt":"2024-03-25T14:56:33","slug":"produto-517","status":"publish","type":"product","link":"https:\/\/ponteseditores.com.br\/loja3\/pontes-editores-home-2__trashed\/analise-de-discurso\/produto-517\/","title":{"rendered":"PERCURSO HIST\u00d3RICO-DISCURSIVO NAS CAN\u00c7\u00d5ES DE CHICO BUARQUE: DA DITADURA \u00c0 DEMOCRACIA"},"content":{"rendered":"<p>Ler\/ouvir as can\u00e7\u00f5es de Chico Buarque, sejam aquelas produzidas no per\u00edodo da Ditadura Militar, ou as que foram produzidas no per\u00edodo p\u00f3s-ditadura, \u00e9 fazer um movimento que nos convida a refletir sobre diferentes momentos da hist\u00f3ria recente do Brasil, nos quais visualizamos um lugar de autoria visto como uma das fun\u00e7\u00f5es que o sujeito ocupa na ordem dos discursos e d\u00e1 aos textos seus \u201cn\u00f3s de coer\u00eancia, sua inser\u00e7\u00e3o no real\u201d, como nos ensina Michel Foucault. O lugar de sujeito e de autor ocupado pelo nome Chico Buarque caracteriza a produ\u00e7\u00e3o est\u00e9tica e pol\u00edtica desse artista como uma po\u00e9tica de resist\u00eancia \u00e0 diversas situa\u00e7\u00f5es de conflito e de rupturas democr\u00e1ticas ocorridas no Brasil. De forma cr\u00edtica e inventiva, as can\u00e7\u00f5es buarqueanas agenciam discursos que deram e d\u00e3o voz a grupos marginalizados, exclu\u00eddos e infames, demarcando lugares pol\u00edticos do autor ao longo da hist\u00f3ria. Al\u00e9m de dar visibilidade a grupos marginalizados, algumas can\u00e7\u00f5es desse autor entoaram movimentos de resist\u00eancia durante o per\u00edodo militar e parte delas foi acionada nos protestos em defesa da democracia nos movimentos pol\u00edticos anteriores ao golpe de 2016. Que for\u00e7a tem essas can\u00e7\u00f5es? Que discursos as constituem? Quais acontecimentos hist\u00f3ricos e discursivos as circundam e possibilitam que algumas can\u00e7\u00f5es voltem e embalem os gritos de defesa da democracia e da afirma\u00e7\u00e3o dos direitos humanos? Essas s\u00e3o algumas das quest\u00f5es que marcam o percurso de pesquisa deste livro que voc\u00ea, leitor, tem em m\u00e3os. Com sensibilidade, perspic\u00e1cia e refinamento te\u00f3rico, Maria Irenilce Rodrigues Barros nos convida a mergulhar no universo art\u00edstico de Chico Buarque e apreender os lugares de sujeito e os discursos inscritos no universo po\u00e9tico-musical e pol\u00edtico buarqueano, produzindo formas de ler, dizer e cantar um pa\u00eds, o Brasil com sua diversidade sociocultural.<\/p>\n<p>Professor Dr. Ant\u00f4nio Fernandes J\u00fanior.<\/p>\n","protected":false},"excerpt":{"rendered":"<p>Ler\/ouvir as can\u00e7\u00f5es de Chico Buarque, sejam aquelas produzidas no per\u00edodo da Ditadura Militar, ou as que foram produzidas no per\u00edodo p\u00f3s-ditadura, \u00e9 fazer um movimento que nos convida a refletir sobre diferentes momentos da hist\u00f3ria recente do Brasil, nos quais visualizamos um lugar de autoria visto como uma das fun\u00e7\u00f5es que o sujeito ocupa [&hellip;]<\/p>\n","protected":false},"featured_media":5352,"comment_status":"open","ping_status":"closed","template":"","meta":{"_joinchat":[]},"product_brand":[],"product_cat":[301],"product_tag":[],"class_list":{"0":"post-5353","1":"product","2":"type-product","3":"status-publish","4":"has-post-thumbnail","6":"product_cat-analise-de-discurso","7":"product_shipping_class-livro-pontes-editores-fisico","9":"first","10":"outofstock","11":"shipping-taxable","12":"purchasable","13":"product-type-simple"},"yoast_head":"<!-- This site is optimized with the Yoast SEO plugin v27.4 - https:\/\/yoast.com\/product\/yoast-seo-wordpress\/ -->\n<title>PERCURSO HIST\u00d3RICO-DISCURSIVO NAS CAN\u00c7\u00d5ES DE CHICO BUARQUE: DA DITADURA \u00c0 DEMOCRACIA - Pontes Editores<\/title>\n<meta name=\"robots\" content=\"index, follow, max-snippet:-1, max-image-preview:large, max-video-preview:-1\" \/>\n<link rel=\"canonical\" href=\"https:\/\/ponteseditores.com.br\/loja3\/pontes-editores-home-2__trashed\/analise-de-discurso\/produto-517\/\" \/>\n<meta property=\"og:locale\" content=\"pt_BR\" \/>\n<meta property=\"og:type\" content=\"article\" \/>\n<meta property=\"og:title\" content=\"PERCURSO HIST\u00d3RICO-DISCURSIVO NAS CAN\u00c7\u00d5ES DE CHICO BUARQUE: DA DITADURA \u00c0 DEMOCRACIA - Pontes Editores\" \/>\n<meta property=\"og:description\" content=\"Ler\/ouvir as can\u00e7\u00f5es de Chico Buarque, sejam aquelas produzidas no per\u00edodo da Ditadura Militar, ou as que foram produzidas no per\u00edodo p\u00f3s-ditadura, \u00e9 fazer um movimento que nos convida a refletir sobre diferentes momentos da hist\u00f3ria recente do Brasil, nos quais visualizamos um lugar de autoria visto como uma das fun\u00e7\u00f5es que o sujeito ocupa [&hellip;]\" \/>\n<meta property=\"og:url\" content=\"https:\/\/ponteseditores.com.br\/loja3\/pontes-editores-home-2__trashed\/analise-de-discurso\/produto-517\/\" \/>\n<meta property=\"og:site_name\" content=\"Pontes Editores\" \/>\n<meta property=\"article:modified_time\" content=\"2024-03-25T14:56:33+00:00\" \/>\n<meta property=\"og:image\" content=\"https:\/\/ponteseditores.com.br\/loja3\/wp-content\/uploads\/2023\/12\/capa20percurso202.jpg\" \/>\n\t<meta property=\"og:image:width\" content=\"900\" \/>\n\t<meta property=\"og:image:height\" content=\"1334\" \/>\n\t<meta property=\"og:image:type\" content=\"image\/jpeg\" \/>\n<meta name=\"twitter:card\" content=\"summary_large_image\" \/>\n<meta name=\"twitter:label1\" content=\"Est. tempo de leitura\" \/>\n\t<meta name=\"twitter:data1\" content=\"2 minutos\" \/>\n<script type=\"application\/ld+json\" class=\"yoast-schema-graph\">{\"@context\":\"https:\\\/\\\/schema.org\",\"@graph\":[{\"@type\":\"WebPage\",\"@id\":\"https:\\\/\\\/ponteseditores.com.br\\\/loja3\\\/pontes-editores-home-2__trashed\\\/analise-de-discurso\\\/produto-517\\\/\",\"url\":\"https:\\\/\\\/ponteseditores.com.br\\\/loja3\\\/pontes-editores-home-2__trashed\\\/analise-de-discurso\\\/produto-517\\\/\",\"name\":\"PERCURSO HIST\u00d3RICO-DISCURSIVO NAS CAN\u00c7\u00d5ES DE CHICO BUARQUE: DA DITADURA \u00c0 DEMOCRACIA - Pontes Editores\",\"isPartOf\":{\"@id\":\"https:\\\/\\\/ponteseditores.com.br\\\/loja3\\\/#website\"},\"primaryImageOfPage\":{\"@id\":\"https:\\\/\\\/ponteseditores.com.br\\\/loja3\\\/pontes-editores-home-2__trashed\\\/analise-de-discurso\\\/produto-517\\\/#primaryimage\"},\"image\":{\"@id\":\"https:\\\/\\\/ponteseditores.com.br\\\/loja3\\\/pontes-editores-home-2__trashed\\\/analise-de-discurso\\\/produto-517\\\/#primaryimage\"},\"thumbnailUrl\":\"https:\\\/\\\/ponteseditores.com.br\\\/loja3\\\/wp-content\\\/uploads\\\/2023\\\/12\\\/capa20percurso202.jpg\",\"datePublished\":\"2023-12-11T03:50:42+00:00\",\"dateModified\":\"2024-03-25T14:56:33+00:00\",\"breadcrumb\":{\"@id\":\"https:\\\/\\\/ponteseditores.com.br\\\/loja3\\\/pontes-editores-home-2__trashed\\\/analise-de-discurso\\\/produto-517\\\/#breadcrumb\"},\"inLanguage\":\"pt-BR\",\"potentialAction\":[{\"@type\":\"ReadAction\",\"target\":[\"https:\\\/\\\/ponteseditores.com.br\\\/loja3\\\/pontes-editores-home-2__trashed\\\/analise-de-discurso\\\/produto-517\\\/\"]}]},{\"@type\":\"ImageObject\",\"inLanguage\":\"pt-BR\",\"@id\":\"https:\\\/\\\/ponteseditores.com.br\\\/loja3\\\/pontes-editores-home-2__trashed\\\/analise-de-discurso\\\/produto-517\\\/#primaryimage\",\"url\":\"https:\\\/\\\/ponteseditores.com.br\\\/loja3\\\/wp-content\\\/uploads\\\/2023\\\/12\\\/capa20percurso202.jpg\",\"contentUrl\":\"https:\\\/\\\/ponteseditores.com.br\\\/loja3\\\/wp-content\\\/uploads\\\/2023\\\/12\\\/capa20percurso202.jpg\",\"width\":900,\"height\":1334},{\"@type\":\"BreadcrumbList\",\"@id\":\"https:\\\/\\\/ponteseditores.com.br\\\/loja3\\\/pontes-editores-home-2__trashed\\\/analise-de-discurso\\\/produto-517\\\/#breadcrumb\",\"itemListElement\":[{\"@type\":\"ListItem\",\"position\":1,\"name\":\"Home\",\"item\":\"https:\\\/\\\/ponteseditores.com.br\\\/loja3\\\/\"},{\"@type\":\"ListItem\",\"position\":2,\"name\":\"loja\",\"item\":\"https:\\\/\\\/ponteseditores.com.br\\\/loja3\\\/loja\\\/\"},{\"@type\":\"ListItem\",\"position\":3,\"name\":\"PERCURSO HIST\u00d3RICO-DISCURSIVO NAS CAN\u00c7\u00d5ES DE CHICO BUARQUE: DA DITADURA \u00c0 DEMOCRACIA\"}]},{\"@type\":\"WebSite\",\"@id\":\"https:\\\/\\\/ponteseditores.com.br\\\/loja3\\\/#website\",\"url\":\"https:\\\/\\\/ponteseditores.com.br\\\/loja3\\\/\",\"name\":\"Pontes Editores\",\"description\":\"Pontes Editores\",\"publisher\":{\"@id\":\"https:\\\/\\\/ponteseditores.com.br\\\/loja3\\\/#organization\"},\"potentialAction\":[{\"@type\":\"SearchAction\",\"target\":{\"@type\":\"EntryPoint\",\"urlTemplate\":\"https:\\\/\\\/ponteseditores.com.br\\\/loja3\\\/?s={search_term_string}\"},\"query-input\":{\"@type\":\"PropertyValueSpecification\",\"valueRequired\":true,\"valueName\":\"search_term_string\"}}],\"inLanguage\":\"pt-BR\"},{\"@type\":\"Organization\",\"@id\":\"https:\\\/\\\/ponteseditores.com.br\\\/loja3\\\/#organization\",\"name\":\"Pontes Editores\",\"url\":\"https:\\\/\\\/ponteseditores.com.br\\\/loja3\\\/\",\"logo\":{\"@type\":\"ImageObject\",\"inLanguage\":\"pt-BR\",\"@id\":\"https:\\\/\\\/ponteseditores.com.br\\\/loja3\\\/#\\\/schema\\\/logo\\\/image\\\/\",\"url\":\"https:\\\/\\\/ponteseditores.com.br\\\/loja3\\\/wp-content\\\/uploads\\\/2023\\\/12\\\/logo-pontes-editores-v2.png\",\"contentUrl\":\"https:\\\/\\\/ponteseditores.com.br\\\/loja3\\\/wp-content\\\/uploads\\\/2023\\\/12\\\/logo-pontes-editores-v2.png\",\"width\":258,\"height\":100,\"caption\":\"Pontes Editores\"},\"image\":{\"@id\":\"https:\\\/\\\/ponteseditores.com.br\\\/loja3\\\/#\\\/schema\\\/logo\\\/image\\\/\"}}]}<\/script>\n<!-- \/ Yoast SEO plugin. -->","yoast_head_json":{"title":"PERCURSO HIST\u00d3RICO-DISCURSIVO NAS CAN\u00c7\u00d5ES DE CHICO BUARQUE: DA DITADURA \u00c0 DEMOCRACIA - Pontes Editores","robots":{"index":"index","follow":"follow","max-snippet":"max-snippet:-1","max-image-preview":"max-image-preview:large","max-video-preview":"max-video-preview:-1"},"canonical":"https:\/\/ponteseditores.com.br\/loja3\/pontes-editores-home-2__trashed\/analise-de-discurso\/produto-517\/","og_locale":"pt_BR","og_type":"article","og_title":"PERCURSO HIST\u00d3RICO-DISCURSIVO NAS CAN\u00c7\u00d5ES DE CHICO BUARQUE: DA DITADURA \u00c0 DEMOCRACIA - Pontes Editores","og_description":"Ler\/ouvir as can\u00e7\u00f5es de Chico Buarque, sejam aquelas produzidas no per\u00edodo da Ditadura Militar, ou as que foram produzidas no per\u00edodo p\u00f3s-ditadura, \u00e9 fazer um movimento que nos convida a refletir sobre diferentes momentos da hist\u00f3ria recente do Brasil, nos quais visualizamos um lugar de autoria visto como uma das fun\u00e7\u00f5es que o sujeito ocupa [&hellip;]","og_url":"https:\/\/ponteseditores.com.br\/loja3\/pontes-editores-home-2__trashed\/analise-de-discurso\/produto-517\/","og_site_name":"Pontes Editores","article_modified_time":"2024-03-25T14:56:33+00:00","og_image":[{"width":900,"height":1334,"url":"https:\/\/ponteseditores.com.br\/loja3\/wp-content\/uploads\/2023\/12\/capa20percurso202.jpg","type":"image\/jpeg"}],"twitter_card":"summary_large_image","twitter_misc":{"Est. tempo de leitura":"2 minutos"},"schema":{"@context":"https:\/\/schema.org","@graph":[{"@type":"WebPage","@id":"https:\/\/ponteseditores.com.br\/loja3\/pontes-editores-home-2__trashed\/analise-de-discurso\/produto-517\/","url":"https:\/\/ponteseditores.com.br\/loja3\/pontes-editores-home-2__trashed\/analise-de-discurso\/produto-517\/","name":"PERCURSO HIST\u00d3RICO-DISCURSIVO NAS CAN\u00c7\u00d5ES DE CHICO BUARQUE: DA DITADURA \u00c0 DEMOCRACIA - Pontes Editores","isPartOf":{"@id":"https:\/\/ponteseditores.com.br\/loja3\/#website"},"primaryImageOfPage":{"@id":"https:\/\/ponteseditores.com.br\/loja3\/pontes-editores-home-2__trashed\/analise-de-discurso\/produto-517\/#primaryimage"},"image":{"@id":"https:\/\/ponteseditores.com.br\/loja3\/pontes-editores-home-2__trashed\/analise-de-discurso\/produto-517\/#primaryimage"},"thumbnailUrl":"https:\/\/ponteseditores.com.br\/loja3\/wp-content\/uploads\/2023\/12\/capa20percurso202.jpg","datePublished":"2023-12-11T03:50:42+00:00","dateModified":"2024-03-25T14:56:33+00:00","breadcrumb":{"@id":"https:\/\/ponteseditores.com.br\/loja3\/pontes-editores-home-2__trashed\/analise-de-discurso\/produto-517\/#breadcrumb"},"inLanguage":"pt-BR","potentialAction":[{"@type":"ReadAction","target":["https:\/\/ponteseditores.com.br\/loja3\/pontes-editores-home-2__trashed\/analise-de-discurso\/produto-517\/"]}]},{"@type":"ImageObject","inLanguage":"pt-BR","@id":"https:\/\/ponteseditores.com.br\/loja3\/pontes-editores-home-2__trashed\/analise-de-discurso\/produto-517\/#primaryimage","url":"https:\/\/ponteseditores.com.br\/loja3\/wp-content\/uploads\/2023\/12\/capa20percurso202.jpg","contentUrl":"https:\/\/ponteseditores.com.br\/loja3\/wp-content\/uploads\/2023\/12\/capa20percurso202.jpg","width":900,"height":1334},{"@type":"BreadcrumbList","@id":"https:\/\/ponteseditores.com.br\/loja3\/pontes-editores-home-2__trashed\/analise-de-discurso\/produto-517\/#breadcrumb","itemListElement":[{"@type":"ListItem","position":1,"name":"Home","item":"https:\/\/ponteseditores.com.br\/loja3\/"},{"@type":"ListItem","position":2,"name":"loja","item":"https:\/\/ponteseditores.com.br\/loja3\/loja\/"},{"@type":"ListItem","position":3,"name":"PERCURSO HIST\u00d3RICO-DISCURSIVO NAS CAN\u00c7\u00d5ES DE CHICO BUARQUE: DA DITADURA \u00c0 DEMOCRACIA"}]},{"@type":"WebSite","@id":"https:\/\/ponteseditores.com.br\/loja3\/#website","url":"https:\/\/ponteseditores.com.br\/loja3\/","name":"Pontes Editores","description":"Pontes Editores","publisher":{"@id":"https:\/\/ponteseditores.com.br\/loja3\/#organization"},"potentialAction":[{"@type":"SearchAction","target":{"@type":"EntryPoint","urlTemplate":"https:\/\/ponteseditores.com.br\/loja3\/?s={search_term_string}"},"query-input":{"@type":"PropertyValueSpecification","valueRequired":true,"valueName":"search_term_string"}}],"inLanguage":"pt-BR"},{"@type":"Organization","@id":"https:\/\/ponteseditores.com.br\/loja3\/#organization","name":"Pontes Editores","url":"https:\/\/ponteseditores.com.br\/loja3\/","logo":{"@type":"ImageObject","inLanguage":"pt-BR","@id":"https:\/\/ponteseditores.com.br\/loja3\/#\/schema\/logo\/image\/","url":"https:\/\/ponteseditores.com.br\/loja3\/wp-content\/uploads\/2023\/12\/logo-pontes-editores-v2.png","contentUrl":"https:\/\/ponteseditores.com.br\/loja3\/wp-content\/uploads\/2023\/12\/logo-pontes-editores-v2.png","width":258,"height":100,"caption":"Pontes Editores"},"image":{"@id":"https:\/\/ponteseditores.com.br\/loja3\/#\/schema\/logo\/image\/"}}]}},"_links":{"self":[{"href":"https:\/\/ponteseditores.com.br\/loja3\/wp-json\/wp\/v2\/product\/5353","targetHints":{"allow":["GET"]}}],"collection":[{"href":"https:\/\/ponteseditores.com.br\/loja3\/wp-json\/wp\/v2\/product"}],"about":[{"href":"https:\/\/ponteseditores.com.br\/loja3\/wp-json\/wp\/v2\/types\/product"}],"replies":[{"embeddable":true,"href":"https:\/\/ponteseditores.com.br\/loja3\/wp-json\/wp\/v2\/comments?post=5353"}],"version-history":[{"count":0,"href":"https:\/\/ponteseditores.com.br\/loja3\/wp-json\/wp\/v2\/product\/5353\/revisions"}],"wp:featuredmedia":[{"embeddable":true,"href":"https:\/\/ponteseditores.com.br\/loja3\/wp-json\/wp\/v2\/media\/5352"}],"wp:attachment":[{"href":"https:\/\/ponteseditores.com.br\/loja3\/wp-json\/wp\/v2\/media?parent=5353"}],"wp:term":[{"taxonomy":"product_brand","embeddable":true,"href":"https:\/\/ponteseditores.com.br\/loja3\/wp-json\/wp\/v2\/product_brand?post=5353"},{"taxonomy":"product_cat","embeddable":true,"href":"https:\/\/ponteseditores.com.br\/loja3\/wp-json\/wp\/v2\/product_cat?post=5353"},{"taxonomy":"product_tag","embeddable":true,"href":"https:\/\/ponteseditores.com.br\/loja3\/wp-json\/wp\/v2\/product_tag?post=5353"}],"curies":[{"name":"wp","href":"https:\/\/api.w.org\/{rel}","templated":true}]}}