{"id":5349,"date":"2023-12-11T00:50:37","date_gmt":"2023-12-11T03:50:37","guid":{"rendered":"https:\/\/ponteseditores.com.br\/loja3\/produto\/produto-515\/"},"modified":"2023-12-15T14:13:24","modified_gmt":"2023-12-15T17:13:24","slug":"produto-515","status":"publish","type":"product","link":"https:\/\/ponteseditores.com.br\/loja3\/pontes-editores-home-2__trashed\/linguistica\/produto-515\/","title":{"rendered":"LINGU\u00cdSTICA FUNCIONAL: retrospectivas, atua\u00e7\u00f5es e di\u00e1logos &#8211; Uma homenagem \u00e0 Profa. Eroltide Goreti Pezatti"},"content":{"rendered":"<p>Esta publica\u00e7\u00e3o \u00e9 uma homenagem \u00e0 Profa. Dra. Erotilde Goreti Pezatti, docente recentemente aposentada da Universidade Estadual Paulista \u2013 UNESP\/IBILCE, C\u00e2mpus de S\u00e3o Jos\u00e9 do Rio Preto. Trata-se de um livro que apresenta um panorama dos estudos funcionalistas no Brasil e no exterior, e uma retrospectiva da vida profissional da docente, tanto no que diz respeito a sua atua\u00e7\u00e3o como professora de L\u00edngua Portuguesa nos cursos de Licenciatura em Letras do IBILCE quanto no que se refere ao seu trabalho como pesquisadora na linha de pesquisa de \u201cDescri\u00e7\u00e3o e an\u00e1lise funcional de l\u00edngua falada e escrita\u201d do Programa de P\u00f3s-Gradua\u00e7\u00e3o em Estudos Lingu\u00edsticos da Unesp de S\u00e3o Jos\u00e9 do Rio Preto\/SP. A obra \u00e9 destinada n\u00e3o somente a alunos de gradua\u00e7\u00e3o, p\u00f3s-gradua\u00e7\u00e3o e pesquisadores da \u00e1rea de Letras e Lingu\u00edstica como tamb\u00e9m a profissionais de \u00e1reas afins que se interessam pelos encantos, mist\u00e9rios e desafios da linguagem. Espera-se que o leitor tenha a oportunidade n\u00e3o s\u00f3 de conhecer um pouco mais da hist\u00f3ria, das origens e das vertentes te\u00f3ricas do Funcionalismo lingu\u00edstico no Brasil e no mundo, como tamb\u00e9m de se enveredar pelos caminhos poss\u00edveis de pesquisa na \u00e1rea funcionalista, alguns deles aqui materializados em textos escritos por colegas e ex-orientandos da homenageada.<\/p>\n","protected":false},"excerpt":{"rendered":"<p>Esta publica\u00e7\u00e3o \u00e9 uma homenagem \u00e0 Profa. Dra. Erotilde Goreti Pezatti, docente recentemente aposentada da Universidade Estadual Paulista \u2013 UNESP\/IBILCE, C\u00e2mpus de S\u00e3o Jos\u00e9 do Rio Preto. Trata-se de um livro que apresenta um panorama dos estudos funcionalistas no Brasil e no exterior, e uma retrospectiva da vida profissional da docente, tanto no que diz [&hellip;]<\/p>\n","protected":false},"featured_media":5348,"comment_status":"open","ping_status":"closed","template":"","meta":{"_joinchat":[]},"product_brand":[],"product_cat":[31],"product_tag":[],"class_list":{"0":"post-5349","1":"product","2":"type-product","3":"status-publish","4":"has-post-thumbnail","6":"product_cat-linguistica","7":"product_shipping_class-livro-pontes-editores-fisico","9":"first","10":"instock","11":"shipping-taxable","12":"purchasable","13":"product-type-simple"},"yoast_head":"<!-- This site is optimized with the Yoast SEO plugin v27.4 - https:\/\/yoast.com\/product\/yoast-seo-wordpress\/ -->\n<title>LINGU\u00cdSTICA FUNCIONAL: retrospectivas, atua\u00e7\u00f5es e di\u00e1logos - Uma homenagem \u00e0 Profa. Eroltide Goreti Pezatti - Pontes Editores<\/title>\n<meta name=\"robots\" content=\"index, follow, max-snippet:-1, max-image-preview:large, max-video-preview:-1\" \/>\n<link rel=\"canonical\" href=\"https:\/\/ponteseditores.com.br\/loja3\/pontes-editores-home-2__trashed\/linguistica\/produto-515\/\" \/>\n<meta property=\"og:locale\" content=\"pt_BR\" \/>\n<meta property=\"og:type\" content=\"article\" \/>\n<meta property=\"og:title\" content=\"LINGU\u00cdSTICA FUNCIONAL: retrospectivas, atua\u00e7\u00f5es e di\u00e1logos - Uma homenagem \u00e0 Profa. Eroltide Goreti Pezatti - Pontes Editores\" \/>\n<meta property=\"og:description\" content=\"Esta publica\u00e7\u00e3o \u00e9 uma homenagem \u00e0 Profa. Dra. Erotilde Goreti Pezatti, docente recentemente aposentada da Universidade Estadual Paulista \u2013 UNESP\/IBILCE, C\u00e2mpus de S\u00e3o Jos\u00e9 do Rio Preto. Trata-se de um livro que apresenta um panorama dos estudos funcionalistas no Brasil e no exterior, e uma retrospectiva da vida profissional da docente, tanto no que diz [&hellip;]\" \/>\n<meta property=\"og:url\" content=\"https:\/\/ponteseditores.com.br\/loja3\/pontes-editores-home-2__trashed\/linguistica\/produto-515\/\" \/>\n<meta property=\"og:site_name\" content=\"Pontes Editores\" \/>\n<meta property=\"article:modified_time\" content=\"2023-12-15T17:13:24+00:00\" \/>\n<meta property=\"og:image\" content=\"https:\/\/ponteseditores.com.br\/loja3\/wp-content\/uploads\/2023\/12\/capa20funcional.jpg\" \/>\n\t<meta property=\"og:image:width\" content=\"800\" \/>\n\t<meta property=\"og:image:height\" content=\"1195\" \/>\n\t<meta property=\"og:image:type\" content=\"image\/jpeg\" \/>\n<meta name=\"twitter:card\" content=\"summary_large_image\" \/>\n<meta name=\"twitter:label1\" content=\"Est. tempo de leitura\" \/>\n\t<meta name=\"twitter:data1\" content=\"1 minuto\" \/>\n<script type=\"application\/ld+json\" class=\"yoast-schema-graph\">{\"@context\":\"https:\\\/\\\/schema.org\",\"@graph\":[{\"@type\":\"WebPage\",\"@id\":\"https:\\\/\\\/ponteseditores.com.br\\\/loja3\\\/pontes-editores-home-2__trashed\\\/linguistica\\\/produto-515\\\/\",\"url\":\"https:\\\/\\\/ponteseditores.com.br\\\/loja3\\\/pontes-editores-home-2__trashed\\\/linguistica\\\/produto-515\\\/\",\"name\":\"LINGU\u00cdSTICA FUNCIONAL: retrospectivas, atua\u00e7\u00f5es e di\u00e1logos - Uma homenagem \u00e0 Profa. Eroltide Goreti Pezatti - Pontes Editores\",\"isPartOf\":{\"@id\":\"https:\\\/\\\/ponteseditores.com.br\\\/loja3\\\/#website\"},\"primaryImageOfPage\":{\"@id\":\"https:\\\/\\\/ponteseditores.com.br\\\/loja3\\\/pontes-editores-home-2__trashed\\\/linguistica\\\/produto-515\\\/#primaryimage\"},\"image\":{\"@id\":\"https:\\\/\\\/ponteseditores.com.br\\\/loja3\\\/pontes-editores-home-2__trashed\\\/linguistica\\\/produto-515\\\/#primaryimage\"},\"thumbnailUrl\":\"https:\\\/\\\/ponteseditores.com.br\\\/loja3\\\/wp-content\\\/uploads\\\/2023\\\/12\\\/capa20funcional.jpg\",\"datePublished\":\"2023-12-11T03:50:37+00:00\",\"dateModified\":\"2023-12-15T17:13:24+00:00\",\"breadcrumb\":{\"@id\":\"https:\\\/\\\/ponteseditores.com.br\\\/loja3\\\/pontes-editores-home-2__trashed\\\/linguistica\\\/produto-515\\\/#breadcrumb\"},\"inLanguage\":\"pt-BR\",\"potentialAction\":[{\"@type\":\"ReadAction\",\"target\":[\"https:\\\/\\\/ponteseditores.com.br\\\/loja3\\\/pontes-editores-home-2__trashed\\\/linguistica\\\/produto-515\\\/\"]}]},{\"@type\":\"ImageObject\",\"inLanguage\":\"pt-BR\",\"@id\":\"https:\\\/\\\/ponteseditores.com.br\\\/loja3\\\/pontes-editores-home-2__trashed\\\/linguistica\\\/produto-515\\\/#primaryimage\",\"url\":\"https:\\\/\\\/ponteseditores.com.br\\\/loja3\\\/wp-content\\\/uploads\\\/2023\\\/12\\\/capa20funcional.jpg\",\"contentUrl\":\"https:\\\/\\\/ponteseditores.com.br\\\/loja3\\\/wp-content\\\/uploads\\\/2023\\\/12\\\/capa20funcional.jpg\",\"width\":800,\"height\":1195},{\"@type\":\"BreadcrumbList\",\"@id\":\"https:\\\/\\\/ponteseditores.com.br\\\/loja3\\\/pontes-editores-home-2__trashed\\\/linguistica\\\/produto-515\\\/#breadcrumb\",\"itemListElement\":[{\"@type\":\"ListItem\",\"position\":1,\"name\":\"Home\",\"item\":\"https:\\\/\\\/ponteseditores.com.br\\\/loja3\\\/\"},{\"@type\":\"ListItem\",\"position\":2,\"name\":\"loja\",\"item\":\"https:\\\/\\\/ponteseditores.com.br\\\/loja3\\\/loja\\\/\"},{\"@type\":\"ListItem\",\"position\":3,\"name\":\"LINGU\u00cdSTICA FUNCIONAL: retrospectivas, atua\u00e7\u00f5es e di\u00e1logos &#8211; Uma homenagem \u00e0 Profa. Eroltide Goreti Pezatti\"}]},{\"@type\":\"WebSite\",\"@id\":\"https:\\\/\\\/ponteseditores.com.br\\\/loja3\\\/#website\",\"url\":\"https:\\\/\\\/ponteseditores.com.br\\\/loja3\\\/\",\"name\":\"Pontes Editores\",\"description\":\"Pontes Editores\",\"publisher\":{\"@id\":\"https:\\\/\\\/ponteseditores.com.br\\\/loja3\\\/#organization\"},\"potentialAction\":[{\"@type\":\"SearchAction\",\"target\":{\"@type\":\"EntryPoint\",\"urlTemplate\":\"https:\\\/\\\/ponteseditores.com.br\\\/loja3\\\/?s={search_term_string}\"},\"query-input\":{\"@type\":\"PropertyValueSpecification\",\"valueRequired\":true,\"valueName\":\"search_term_string\"}}],\"inLanguage\":\"pt-BR\"},{\"@type\":\"Organization\",\"@id\":\"https:\\\/\\\/ponteseditores.com.br\\\/loja3\\\/#organization\",\"name\":\"Pontes Editores\",\"url\":\"https:\\\/\\\/ponteseditores.com.br\\\/loja3\\\/\",\"logo\":{\"@type\":\"ImageObject\",\"inLanguage\":\"pt-BR\",\"@id\":\"https:\\\/\\\/ponteseditores.com.br\\\/loja3\\\/#\\\/schema\\\/logo\\\/image\\\/\",\"url\":\"https:\\\/\\\/ponteseditores.com.br\\\/loja3\\\/wp-content\\\/uploads\\\/2023\\\/12\\\/logo-pontes-editores-v2.png\",\"contentUrl\":\"https:\\\/\\\/ponteseditores.com.br\\\/loja3\\\/wp-content\\\/uploads\\\/2023\\\/12\\\/logo-pontes-editores-v2.png\",\"width\":258,\"height\":100,\"caption\":\"Pontes Editores\"},\"image\":{\"@id\":\"https:\\\/\\\/ponteseditores.com.br\\\/loja3\\\/#\\\/schema\\\/logo\\\/image\\\/\"}}]}<\/script>\n<!-- \/ Yoast SEO plugin. -->","yoast_head_json":{"title":"LINGU\u00cdSTICA FUNCIONAL: retrospectivas, atua\u00e7\u00f5es e di\u00e1logos - Uma homenagem \u00e0 Profa. Eroltide Goreti Pezatti - Pontes Editores","robots":{"index":"index","follow":"follow","max-snippet":"max-snippet:-1","max-image-preview":"max-image-preview:large","max-video-preview":"max-video-preview:-1"},"canonical":"https:\/\/ponteseditores.com.br\/loja3\/pontes-editores-home-2__trashed\/linguistica\/produto-515\/","og_locale":"pt_BR","og_type":"article","og_title":"LINGU\u00cdSTICA FUNCIONAL: retrospectivas, atua\u00e7\u00f5es e di\u00e1logos - Uma homenagem \u00e0 Profa. Eroltide Goreti Pezatti - Pontes Editores","og_description":"Esta publica\u00e7\u00e3o \u00e9 uma homenagem \u00e0 Profa. Dra. Erotilde Goreti Pezatti, docente recentemente aposentada da Universidade Estadual Paulista \u2013 UNESP\/IBILCE, C\u00e2mpus de S\u00e3o Jos\u00e9 do Rio Preto. Trata-se de um livro que apresenta um panorama dos estudos funcionalistas no Brasil e no exterior, e uma retrospectiva da vida profissional da docente, tanto no que diz [&hellip;]","og_url":"https:\/\/ponteseditores.com.br\/loja3\/pontes-editores-home-2__trashed\/linguistica\/produto-515\/","og_site_name":"Pontes Editores","article_modified_time":"2023-12-15T17:13:24+00:00","og_image":[{"width":800,"height":1195,"url":"https:\/\/ponteseditores.com.br\/loja3\/wp-content\/uploads\/2023\/12\/capa20funcional.jpg","type":"image\/jpeg"}],"twitter_card":"summary_large_image","twitter_misc":{"Est. tempo de leitura":"1 minuto"},"schema":{"@context":"https:\/\/schema.org","@graph":[{"@type":"WebPage","@id":"https:\/\/ponteseditores.com.br\/loja3\/pontes-editores-home-2__trashed\/linguistica\/produto-515\/","url":"https:\/\/ponteseditores.com.br\/loja3\/pontes-editores-home-2__trashed\/linguistica\/produto-515\/","name":"LINGU\u00cdSTICA FUNCIONAL: retrospectivas, atua\u00e7\u00f5es e di\u00e1logos - Uma homenagem \u00e0 Profa. Eroltide Goreti Pezatti - Pontes Editores","isPartOf":{"@id":"https:\/\/ponteseditores.com.br\/loja3\/#website"},"primaryImageOfPage":{"@id":"https:\/\/ponteseditores.com.br\/loja3\/pontes-editores-home-2__trashed\/linguistica\/produto-515\/#primaryimage"},"image":{"@id":"https:\/\/ponteseditores.com.br\/loja3\/pontes-editores-home-2__trashed\/linguistica\/produto-515\/#primaryimage"},"thumbnailUrl":"https:\/\/ponteseditores.com.br\/loja3\/wp-content\/uploads\/2023\/12\/capa20funcional.jpg","datePublished":"2023-12-11T03:50:37+00:00","dateModified":"2023-12-15T17:13:24+00:00","breadcrumb":{"@id":"https:\/\/ponteseditores.com.br\/loja3\/pontes-editores-home-2__trashed\/linguistica\/produto-515\/#breadcrumb"},"inLanguage":"pt-BR","potentialAction":[{"@type":"ReadAction","target":["https:\/\/ponteseditores.com.br\/loja3\/pontes-editores-home-2__trashed\/linguistica\/produto-515\/"]}]},{"@type":"ImageObject","inLanguage":"pt-BR","@id":"https:\/\/ponteseditores.com.br\/loja3\/pontes-editores-home-2__trashed\/linguistica\/produto-515\/#primaryimage","url":"https:\/\/ponteseditores.com.br\/loja3\/wp-content\/uploads\/2023\/12\/capa20funcional.jpg","contentUrl":"https:\/\/ponteseditores.com.br\/loja3\/wp-content\/uploads\/2023\/12\/capa20funcional.jpg","width":800,"height":1195},{"@type":"BreadcrumbList","@id":"https:\/\/ponteseditores.com.br\/loja3\/pontes-editores-home-2__trashed\/linguistica\/produto-515\/#breadcrumb","itemListElement":[{"@type":"ListItem","position":1,"name":"Home","item":"https:\/\/ponteseditores.com.br\/loja3\/"},{"@type":"ListItem","position":2,"name":"loja","item":"https:\/\/ponteseditores.com.br\/loja3\/loja\/"},{"@type":"ListItem","position":3,"name":"LINGU\u00cdSTICA FUNCIONAL: retrospectivas, atua\u00e7\u00f5es e di\u00e1logos &#8211; Uma homenagem \u00e0 Profa. Eroltide Goreti Pezatti"}]},{"@type":"WebSite","@id":"https:\/\/ponteseditores.com.br\/loja3\/#website","url":"https:\/\/ponteseditores.com.br\/loja3\/","name":"Pontes Editores","description":"Pontes Editores","publisher":{"@id":"https:\/\/ponteseditores.com.br\/loja3\/#organization"},"potentialAction":[{"@type":"SearchAction","target":{"@type":"EntryPoint","urlTemplate":"https:\/\/ponteseditores.com.br\/loja3\/?s={search_term_string}"},"query-input":{"@type":"PropertyValueSpecification","valueRequired":true,"valueName":"search_term_string"}}],"inLanguage":"pt-BR"},{"@type":"Organization","@id":"https:\/\/ponteseditores.com.br\/loja3\/#organization","name":"Pontes Editores","url":"https:\/\/ponteseditores.com.br\/loja3\/","logo":{"@type":"ImageObject","inLanguage":"pt-BR","@id":"https:\/\/ponteseditores.com.br\/loja3\/#\/schema\/logo\/image\/","url":"https:\/\/ponteseditores.com.br\/loja3\/wp-content\/uploads\/2023\/12\/logo-pontes-editores-v2.png","contentUrl":"https:\/\/ponteseditores.com.br\/loja3\/wp-content\/uploads\/2023\/12\/logo-pontes-editores-v2.png","width":258,"height":100,"caption":"Pontes Editores"},"image":{"@id":"https:\/\/ponteseditores.com.br\/loja3\/#\/schema\/logo\/image\/"}}]}},"_links":{"self":[{"href":"https:\/\/ponteseditores.com.br\/loja3\/wp-json\/wp\/v2\/product\/5349","targetHints":{"allow":["GET"]}}],"collection":[{"href":"https:\/\/ponteseditores.com.br\/loja3\/wp-json\/wp\/v2\/product"}],"about":[{"href":"https:\/\/ponteseditores.com.br\/loja3\/wp-json\/wp\/v2\/types\/product"}],"replies":[{"embeddable":true,"href":"https:\/\/ponteseditores.com.br\/loja3\/wp-json\/wp\/v2\/comments?post=5349"}],"version-history":[{"count":0,"href":"https:\/\/ponteseditores.com.br\/loja3\/wp-json\/wp\/v2\/product\/5349\/revisions"}],"wp:featuredmedia":[{"embeddable":true,"href":"https:\/\/ponteseditores.com.br\/loja3\/wp-json\/wp\/v2\/media\/5348"}],"wp:attachment":[{"href":"https:\/\/ponteseditores.com.br\/loja3\/wp-json\/wp\/v2\/media?parent=5349"}],"wp:term":[{"taxonomy":"product_brand","embeddable":true,"href":"https:\/\/ponteseditores.com.br\/loja3\/wp-json\/wp\/v2\/product_brand?post=5349"},{"taxonomy":"product_cat","embeddable":true,"href":"https:\/\/ponteseditores.com.br\/loja3\/wp-json\/wp\/v2\/product_cat?post=5349"},{"taxonomy":"product_tag","embeddable":true,"href":"https:\/\/ponteseditores.com.br\/loja3\/wp-json\/wp\/v2\/product_tag?post=5349"}],"curies":[{"name":"wp","href":"https:\/\/api.w.org\/{rel}","templated":true}]}}