{"id":5345,"date":"2023-12-11T00:49:07","date_gmt":"2023-12-11T03:49:07","guid":{"rendered":"https:\/\/ponteseditores.com.br\/loja3\/produto\/produto-513\/"},"modified":"2023-12-15T14:13:24","modified_gmt":"2023-12-15T17:13:24","slug":"produto-513","status":"publish","type":"product","link":"https:\/\/ponteseditores.com.br\/loja3\/pontes-editores-home-2__trashed\/linguistica\/produto-513\/","title":{"rendered":"LINGU\u00cdSTICA COGNITIVA E COMUNICA\u00c7\u00c3O CIENT\u00cdFICA: quest\u00f5es te\u00f3ricas, pedag\u00f3gicas e tecnol\u00f3gicas"},"content":{"rendered":"<p>Os projetos do Laletec ao aCOMTECe, reportados neste livro, indicam o ideal de uma pessoa, de um grupo e de uma institui\u00e7\u00e3o na busca pela melhor integra\u00e7\u00e3o entre as maravilhas tecnol\u00f3gicas da atualidade e o ajuste com nosso c\u00e9rebro, nosso pensar que dirigir\u00e1 nosso agir. Ensinar a comunica\u00e7\u00e3o cient\u00edfica n\u00e3o \u00e9 indicar regras r\u00edgidas e passos cabal\u00edsticos para que seres humanos os reproduzam como se fossem pe\u00e7as mec\u00e2nicas de uma m\u00e1quina. \u00c9 muito mais do que isso. \u00c9 necess\u00e1rio entender como as pessoas pensam, raciocinam e quais os requisitos do pensar cient\u00edfico. Ultrapassa em muito as quest\u00f5es gramaticais, sem ignor\u00e1-las, adentrando a pr\u00f3pria estrutura da ci\u00eancia. Essa conex\u00e3o n\u00e3o \u00e9 f\u00e1cil, pois requer, no m\u00ednimo, uma vis\u00e3o integrada entre recursos da lingu\u00edstica, da tecnologia da informa\u00e7\u00e3o e das bases l\u00f3gicas, epistemol\u00f3gicas, filos\u00f3ficas, metodol\u00f3gicas e \u00e9ticas da ci\u00eancia. Por isso, o aprimoramento da educa\u00e7\u00e3o na comunica\u00e7\u00e3o cient\u00edfica, para a ci\u00eancia e demais esferas, ser\u00e1 ainda, por muito tempo, um grande desafio. Um desafio enfrentado pelas propostas e a\u00e7\u00f5es relatadas neste livro.<\/p>\n<p>Gilson Luiz Volpato<\/p>\n","protected":false},"excerpt":{"rendered":"<p>Os projetos do Laletec ao aCOMTECe, reportados neste livro, indicam o ideal de uma pessoa, de um grupo e de uma institui\u00e7\u00e3o na busca pela melhor integra\u00e7\u00e3o entre as maravilhas tecnol\u00f3gicas da atualidade e o ajuste com nosso c\u00e9rebro, nosso pensar que dirigir\u00e1 nosso agir. Ensinar a comunica\u00e7\u00e3o cient\u00edfica n\u00e3o \u00e9 indicar regras r\u00edgidas e [&hellip;]<\/p>\n","protected":false},"featured_media":5344,"comment_status":"open","ping_status":"closed","template":"","meta":{"_joinchat":[]},"product_brand":[],"product_cat":[31],"product_tag":[],"class_list":{"0":"post-5345","1":"product","2":"type-product","3":"status-publish","4":"has-post-thumbnail","6":"product_cat-linguistica","7":"product_shipping_class-livro-pontes-editores-fisico","9":"first","10":"instock","11":"shipping-taxable","12":"purchasable","13":"product-type-simple"},"yoast_head":"<!-- This site is optimized with the Yoast SEO plugin v27.4 - https:\/\/yoast.com\/product\/yoast-seo-wordpress\/ -->\n<title>LINGU\u00cdSTICA COGNITIVA E COMUNICA\u00c7\u00c3O CIENT\u00cdFICA: quest\u00f5es te\u00f3ricas, pedag\u00f3gicas e tecnol\u00f3gicas - Pontes Editores<\/title>\n<meta name=\"robots\" content=\"index, follow, max-snippet:-1, max-image-preview:large, max-video-preview:-1\" \/>\n<link rel=\"canonical\" href=\"https:\/\/ponteseditores.com.br\/loja3\/pontes-editores-home-2__trashed\/linguistica\/produto-513\/\" \/>\n<meta property=\"og:locale\" content=\"pt_BR\" \/>\n<meta property=\"og:type\" content=\"article\" \/>\n<meta property=\"og:title\" content=\"LINGU\u00cdSTICA COGNITIVA E COMUNICA\u00c7\u00c3O CIENT\u00cdFICA: quest\u00f5es te\u00f3ricas, pedag\u00f3gicas e tecnol\u00f3gicas - Pontes Editores\" \/>\n<meta property=\"og:description\" content=\"Os projetos do Laletec ao aCOMTECe, reportados neste livro, indicam o ideal de uma pessoa, de um grupo e de uma institui\u00e7\u00e3o na busca pela melhor integra\u00e7\u00e3o entre as maravilhas tecnol\u00f3gicas da atualidade e o ajuste com nosso c\u00e9rebro, nosso pensar que dirigir\u00e1 nosso agir. Ensinar a comunica\u00e7\u00e3o cient\u00edfica n\u00e3o \u00e9 indicar regras r\u00edgidas e [&hellip;]\" \/>\n<meta property=\"og:url\" content=\"https:\/\/ponteseditores.com.br\/loja3\/pontes-editores-home-2__trashed\/linguistica\/produto-513\/\" \/>\n<meta property=\"og:site_name\" content=\"Pontes Editores\" \/>\n<meta property=\"article:modified_time\" content=\"2023-12-15T17:13:24+00:00\" \/>\n<meta property=\"og:image\" content=\"https:\/\/ponteseditores.com.br\/loja3\/wp-content\/uploads\/2023\/12\/capa20ling20cog.jpg\" \/>\n\t<meta property=\"og:image:width\" content=\"900\" \/>\n\t<meta property=\"og:image:height\" content=\"1325\" \/>\n\t<meta property=\"og:image:type\" content=\"image\/jpeg\" \/>\n<meta name=\"twitter:card\" content=\"summary_large_image\" \/>\n<meta name=\"twitter:label1\" content=\"Est. tempo de leitura\" \/>\n\t<meta name=\"twitter:data1\" content=\"1 minuto\" \/>\n<script type=\"application\/ld+json\" class=\"yoast-schema-graph\">{\"@context\":\"https:\\\/\\\/schema.org\",\"@graph\":[{\"@type\":\"WebPage\",\"@id\":\"https:\\\/\\\/ponteseditores.com.br\\\/loja3\\\/pontes-editores-home-2__trashed\\\/linguistica\\\/produto-513\\\/\",\"url\":\"https:\\\/\\\/ponteseditores.com.br\\\/loja3\\\/pontes-editores-home-2__trashed\\\/linguistica\\\/produto-513\\\/\",\"name\":\"LINGU\u00cdSTICA COGNITIVA E COMUNICA\u00c7\u00c3O CIENT\u00cdFICA: quest\u00f5es te\u00f3ricas, pedag\u00f3gicas e tecnol\u00f3gicas - Pontes Editores\",\"isPartOf\":{\"@id\":\"https:\\\/\\\/ponteseditores.com.br\\\/loja3\\\/#website\"},\"primaryImageOfPage\":{\"@id\":\"https:\\\/\\\/ponteseditores.com.br\\\/loja3\\\/pontes-editores-home-2__trashed\\\/linguistica\\\/produto-513\\\/#primaryimage\"},\"image\":{\"@id\":\"https:\\\/\\\/ponteseditores.com.br\\\/loja3\\\/pontes-editores-home-2__trashed\\\/linguistica\\\/produto-513\\\/#primaryimage\"},\"thumbnailUrl\":\"https:\\\/\\\/ponteseditores.com.br\\\/loja3\\\/wp-content\\\/uploads\\\/2023\\\/12\\\/capa20ling20cog.jpg\",\"datePublished\":\"2023-12-11T03:49:07+00:00\",\"dateModified\":\"2023-12-15T17:13:24+00:00\",\"breadcrumb\":{\"@id\":\"https:\\\/\\\/ponteseditores.com.br\\\/loja3\\\/pontes-editores-home-2__trashed\\\/linguistica\\\/produto-513\\\/#breadcrumb\"},\"inLanguage\":\"pt-BR\",\"potentialAction\":[{\"@type\":\"ReadAction\",\"target\":[\"https:\\\/\\\/ponteseditores.com.br\\\/loja3\\\/pontes-editores-home-2__trashed\\\/linguistica\\\/produto-513\\\/\"]}]},{\"@type\":\"ImageObject\",\"inLanguage\":\"pt-BR\",\"@id\":\"https:\\\/\\\/ponteseditores.com.br\\\/loja3\\\/pontes-editores-home-2__trashed\\\/linguistica\\\/produto-513\\\/#primaryimage\",\"url\":\"https:\\\/\\\/ponteseditores.com.br\\\/loja3\\\/wp-content\\\/uploads\\\/2023\\\/12\\\/capa20ling20cog.jpg\",\"contentUrl\":\"https:\\\/\\\/ponteseditores.com.br\\\/loja3\\\/wp-content\\\/uploads\\\/2023\\\/12\\\/capa20ling20cog.jpg\",\"width\":900,\"height\":1325},{\"@type\":\"BreadcrumbList\",\"@id\":\"https:\\\/\\\/ponteseditores.com.br\\\/loja3\\\/pontes-editores-home-2__trashed\\\/linguistica\\\/produto-513\\\/#breadcrumb\",\"itemListElement\":[{\"@type\":\"ListItem\",\"position\":1,\"name\":\"Home\",\"item\":\"https:\\\/\\\/ponteseditores.com.br\\\/loja3\\\/\"},{\"@type\":\"ListItem\",\"position\":2,\"name\":\"loja\",\"item\":\"https:\\\/\\\/ponteseditores.com.br\\\/loja3\\\/loja\\\/\"},{\"@type\":\"ListItem\",\"position\":3,\"name\":\"LINGU\u00cdSTICA COGNITIVA E COMUNICA\u00c7\u00c3O CIENT\u00cdFICA: quest\u00f5es te\u00f3ricas, pedag\u00f3gicas e tecnol\u00f3gicas\"}]},{\"@type\":\"WebSite\",\"@id\":\"https:\\\/\\\/ponteseditores.com.br\\\/loja3\\\/#website\",\"url\":\"https:\\\/\\\/ponteseditores.com.br\\\/loja3\\\/\",\"name\":\"Pontes Editores\",\"description\":\"Pontes Editores\",\"publisher\":{\"@id\":\"https:\\\/\\\/ponteseditores.com.br\\\/loja3\\\/#organization\"},\"potentialAction\":[{\"@type\":\"SearchAction\",\"target\":{\"@type\":\"EntryPoint\",\"urlTemplate\":\"https:\\\/\\\/ponteseditores.com.br\\\/loja3\\\/?s={search_term_string}\"},\"query-input\":{\"@type\":\"PropertyValueSpecification\",\"valueRequired\":true,\"valueName\":\"search_term_string\"}}],\"inLanguage\":\"pt-BR\"},{\"@type\":\"Organization\",\"@id\":\"https:\\\/\\\/ponteseditores.com.br\\\/loja3\\\/#organization\",\"name\":\"Pontes Editores\",\"url\":\"https:\\\/\\\/ponteseditores.com.br\\\/loja3\\\/\",\"logo\":{\"@type\":\"ImageObject\",\"inLanguage\":\"pt-BR\",\"@id\":\"https:\\\/\\\/ponteseditores.com.br\\\/loja3\\\/#\\\/schema\\\/logo\\\/image\\\/\",\"url\":\"https:\\\/\\\/ponteseditores.com.br\\\/loja3\\\/wp-content\\\/uploads\\\/2023\\\/12\\\/logo-pontes-editores-v2.png\",\"contentUrl\":\"https:\\\/\\\/ponteseditores.com.br\\\/loja3\\\/wp-content\\\/uploads\\\/2023\\\/12\\\/logo-pontes-editores-v2.png\",\"width\":258,\"height\":100,\"caption\":\"Pontes Editores\"},\"image\":{\"@id\":\"https:\\\/\\\/ponteseditores.com.br\\\/loja3\\\/#\\\/schema\\\/logo\\\/image\\\/\"}}]}<\/script>\n<!-- \/ Yoast SEO plugin. -->","yoast_head_json":{"title":"LINGU\u00cdSTICA COGNITIVA E COMUNICA\u00c7\u00c3O CIENT\u00cdFICA: quest\u00f5es te\u00f3ricas, pedag\u00f3gicas e tecnol\u00f3gicas - Pontes Editores","robots":{"index":"index","follow":"follow","max-snippet":"max-snippet:-1","max-image-preview":"max-image-preview:large","max-video-preview":"max-video-preview:-1"},"canonical":"https:\/\/ponteseditores.com.br\/loja3\/pontes-editores-home-2__trashed\/linguistica\/produto-513\/","og_locale":"pt_BR","og_type":"article","og_title":"LINGU\u00cdSTICA COGNITIVA E COMUNICA\u00c7\u00c3O CIENT\u00cdFICA: quest\u00f5es te\u00f3ricas, pedag\u00f3gicas e tecnol\u00f3gicas - Pontes Editores","og_description":"Os projetos do Laletec ao aCOMTECe, reportados neste livro, indicam o ideal de uma pessoa, de um grupo e de uma institui\u00e7\u00e3o na busca pela melhor integra\u00e7\u00e3o entre as maravilhas tecnol\u00f3gicas da atualidade e o ajuste com nosso c\u00e9rebro, nosso pensar que dirigir\u00e1 nosso agir. Ensinar a comunica\u00e7\u00e3o cient\u00edfica n\u00e3o \u00e9 indicar regras r\u00edgidas e [&hellip;]","og_url":"https:\/\/ponteseditores.com.br\/loja3\/pontes-editores-home-2__trashed\/linguistica\/produto-513\/","og_site_name":"Pontes Editores","article_modified_time":"2023-12-15T17:13:24+00:00","og_image":[{"width":900,"height":1325,"url":"https:\/\/ponteseditores.com.br\/loja3\/wp-content\/uploads\/2023\/12\/capa20ling20cog.jpg","type":"image\/jpeg"}],"twitter_card":"summary_large_image","twitter_misc":{"Est. tempo de leitura":"1 minuto"},"schema":{"@context":"https:\/\/schema.org","@graph":[{"@type":"WebPage","@id":"https:\/\/ponteseditores.com.br\/loja3\/pontes-editores-home-2__trashed\/linguistica\/produto-513\/","url":"https:\/\/ponteseditores.com.br\/loja3\/pontes-editores-home-2__trashed\/linguistica\/produto-513\/","name":"LINGU\u00cdSTICA COGNITIVA E COMUNICA\u00c7\u00c3O CIENT\u00cdFICA: quest\u00f5es te\u00f3ricas, pedag\u00f3gicas e tecnol\u00f3gicas - Pontes Editores","isPartOf":{"@id":"https:\/\/ponteseditores.com.br\/loja3\/#website"},"primaryImageOfPage":{"@id":"https:\/\/ponteseditores.com.br\/loja3\/pontes-editores-home-2__trashed\/linguistica\/produto-513\/#primaryimage"},"image":{"@id":"https:\/\/ponteseditores.com.br\/loja3\/pontes-editores-home-2__trashed\/linguistica\/produto-513\/#primaryimage"},"thumbnailUrl":"https:\/\/ponteseditores.com.br\/loja3\/wp-content\/uploads\/2023\/12\/capa20ling20cog.jpg","datePublished":"2023-12-11T03:49:07+00:00","dateModified":"2023-12-15T17:13:24+00:00","breadcrumb":{"@id":"https:\/\/ponteseditores.com.br\/loja3\/pontes-editores-home-2__trashed\/linguistica\/produto-513\/#breadcrumb"},"inLanguage":"pt-BR","potentialAction":[{"@type":"ReadAction","target":["https:\/\/ponteseditores.com.br\/loja3\/pontes-editores-home-2__trashed\/linguistica\/produto-513\/"]}]},{"@type":"ImageObject","inLanguage":"pt-BR","@id":"https:\/\/ponteseditores.com.br\/loja3\/pontes-editores-home-2__trashed\/linguistica\/produto-513\/#primaryimage","url":"https:\/\/ponteseditores.com.br\/loja3\/wp-content\/uploads\/2023\/12\/capa20ling20cog.jpg","contentUrl":"https:\/\/ponteseditores.com.br\/loja3\/wp-content\/uploads\/2023\/12\/capa20ling20cog.jpg","width":900,"height":1325},{"@type":"BreadcrumbList","@id":"https:\/\/ponteseditores.com.br\/loja3\/pontes-editores-home-2__trashed\/linguistica\/produto-513\/#breadcrumb","itemListElement":[{"@type":"ListItem","position":1,"name":"Home","item":"https:\/\/ponteseditores.com.br\/loja3\/"},{"@type":"ListItem","position":2,"name":"loja","item":"https:\/\/ponteseditores.com.br\/loja3\/loja\/"},{"@type":"ListItem","position":3,"name":"LINGU\u00cdSTICA COGNITIVA E COMUNICA\u00c7\u00c3O CIENT\u00cdFICA: quest\u00f5es te\u00f3ricas, pedag\u00f3gicas e tecnol\u00f3gicas"}]},{"@type":"WebSite","@id":"https:\/\/ponteseditores.com.br\/loja3\/#website","url":"https:\/\/ponteseditores.com.br\/loja3\/","name":"Pontes Editores","description":"Pontes Editores","publisher":{"@id":"https:\/\/ponteseditores.com.br\/loja3\/#organization"},"potentialAction":[{"@type":"SearchAction","target":{"@type":"EntryPoint","urlTemplate":"https:\/\/ponteseditores.com.br\/loja3\/?s={search_term_string}"},"query-input":{"@type":"PropertyValueSpecification","valueRequired":true,"valueName":"search_term_string"}}],"inLanguage":"pt-BR"},{"@type":"Organization","@id":"https:\/\/ponteseditores.com.br\/loja3\/#organization","name":"Pontes Editores","url":"https:\/\/ponteseditores.com.br\/loja3\/","logo":{"@type":"ImageObject","inLanguage":"pt-BR","@id":"https:\/\/ponteseditores.com.br\/loja3\/#\/schema\/logo\/image\/","url":"https:\/\/ponteseditores.com.br\/loja3\/wp-content\/uploads\/2023\/12\/logo-pontes-editores-v2.png","contentUrl":"https:\/\/ponteseditores.com.br\/loja3\/wp-content\/uploads\/2023\/12\/logo-pontes-editores-v2.png","width":258,"height":100,"caption":"Pontes Editores"},"image":{"@id":"https:\/\/ponteseditores.com.br\/loja3\/#\/schema\/logo\/image\/"}}]}},"_links":{"self":[{"href":"https:\/\/ponteseditores.com.br\/loja3\/wp-json\/wp\/v2\/product\/5345","targetHints":{"allow":["GET"]}}],"collection":[{"href":"https:\/\/ponteseditores.com.br\/loja3\/wp-json\/wp\/v2\/product"}],"about":[{"href":"https:\/\/ponteseditores.com.br\/loja3\/wp-json\/wp\/v2\/types\/product"}],"replies":[{"embeddable":true,"href":"https:\/\/ponteseditores.com.br\/loja3\/wp-json\/wp\/v2\/comments?post=5345"}],"version-history":[{"count":0,"href":"https:\/\/ponteseditores.com.br\/loja3\/wp-json\/wp\/v2\/product\/5345\/revisions"}],"wp:featuredmedia":[{"embeddable":true,"href":"https:\/\/ponteseditores.com.br\/loja3\/wp-json\/wp\/v2\/media\/5344"}],"wp:attachment":[{"href":"https:\/\/ponteseditores.com.br\/loja3\/wp-json\/wp\/v2\/media?parent=5345"}],"wp:term":[{"taxonomy":"product_brand","embeddable":true,"href":"https:\/\/ponteseditores.com.br\/loja3\/wp-json\/wp\/v2\/product_brand?post=5345"},{"taxonomy":"product_cat","embeddable":true,"href":"https:\/\/ponteseditores.com.br\/loja3\/wp-json\/wp\/v2\/product_cat?post=5345"},{"taxonomy":"product_tag","embeddable":true,"href":"https:\/\/ponteseditores.com.br\/loja3\/wp-json\/wp\/v2\/product_tag?post=5345"}],"curies":[{"name":"wp","href":"https:\/\/api.w.org\/{rel}","templated":true}]}}