{"id":5343,"date":"2023-12-11T00:49:05","date_gmt":"2023-12-11T03:49:05","guid":{"rendered":"https:\/\/ponteseditores.com.br\/loja3\/produto\/produto-512\/"},"modified":"2024-03-20T16:06:42","modified_gmt":"2024-03-20T19:06:42","slug":"produto-512","status":"publish","type":"product","link":"https:\/\/ponteseditores.com.br\/loja3\/pontes-editores-home-2__trashed\/meios-auxiliares-do-ensino\/produto-512\/","title":{"rendered":"A DOMESTICA\u00c7\u00c3O DA GRAM\u00c1TICA DE G\u00caNERO"},"content":{"rendered":"<p>Gram\u00e1tica \u00e9 um assunto que causa arrepios nos falantes de uma l\u00edngua. Tem o mesmo efeito em boa parte dos estudiosos da linguagem. Isso se d\u00e1, em ambos os casos, pois essa express\u00e3o remete ao famigerado manual de normas gramaticais que afligiram, e ainda afligem, infelizmente, nossos anos escolares. Para o segundo grupo, entretanto, gram\u00e1tica tamb\u00e9m acende o alerta de uma forma universalista de pensar l\u00edngua, pensar uma l\u00edngua idealizada de um falante ideal. O livro A domestica\u00e7\u00e3o da gram\u00e1tica de g\u00eanero busca desmistificar a blindagem gramatical defendida pela tradi\u00e7\u00e3o lingu\u00edstica descritiva, dando especial aten\u00e7\u00e3o \u00e0 tipologia lingu\u00edstica e seu m\u00e9todo can\u00f4nico, fissurando de alguma forma a estrutura do monumento gramatical, erguido desde tempos imemor\u00e1veis. Sua conceptualiza\u00e7\u00e3o desafia a \u201cnatureza est\u00e1tica da pedagogia gramatical\u201d, cujas bases partem, principalmente, de no\u00e7\u00f5es descritivas tradicionais que remontam \u00e0s origens da gram\u00e1tica at\u00e9 o final do s\u00e9culo XIX. O livro \u00e9, tamb\u00e9m, uma provoca\u00e7\u00e3o sobre o \u201cser\u201d na gram\u00e1tica, sua musa predicativa, origem de suas categorias transformadas em classes de an\u00e1lise, dando \u00eanfase \u00e0 categoria nominal de g\u00eanero, por considerar sua fun\u00e7\u00e3o classificadora na gram\u00e1tica question\u00e1vel e limitada. Atrav\u00e9s do g\u00eanero gramatical, o livro busca proporcionar um passeio hist\u00f3rico e contempor\u00e2neo de boa parte dos discursos materializados como ju\u00edzo de valor e de verdade na pr\u00e1tica lingu\u00edstica disciplinar e cient\u00edfica.<\/p>\n","protected":false},"excerpt":{"rendered":"<p>Gram\u00e1tica \u00e9 um assunto que causa arrepios nos falantes de uma l\u00edngua. Tem o mesmo efeito em boa parte dos estudiosos da linguagem. Isso se d\u00e1, em ambos os casos, pois essa express\u00e3o remete ao famigerado manual de normas gramaticais que afligiram, e ainda afligem, infelizmente, nossos anos escolares. Para o segundo grupo, entretanto, gram\u00e1tica [&hellip;]<\/p>\n","protected":false},"featured_media":5342,"comment_status":"open","ping_status":"closed","template":"","meta":{"_joinchat":[]},"product_brand":[],"product_cat":[293],"product_tag":[],"class_list":{"0":"post-5343","1":"product","2":"type-product","3":"status-publish","4":"has-post-thumbnail","6":"product_cat-meios-auxiliares-do-ensino","7":"product_shipping_class-livro-pontes-editores-fisico","9":"first","10":"outofstock","11":"shipping-taxable","12":"purchasable","13":"product-type-simple"},"yoast_head":"<!-- This site is optimized with the Yoast SEO plugin v27.4 - https:\/\/yoast.com\/product\/yoast-seo-wordpress\/ -->\n<title>A DOMESTICA\u00c7\u00c3O DA GRAM\u00c1TICA DE G\u00caNERO - Pontes Editores<\/title>\n<meta name=\"robots\" content=\"index, follow, max-snippet:-1, max-image-preview:large, max-video-preview:-1\" \/>\n<link rel=\"canonical\" href=\"https:\/\/ponteseditores.com.br\/loja3\/pontes-editores-home-2__trashed\/meios-auxiliares-do-ensino\/produto-512\/\" \/>\n<meta property=\"og:locale\" content=\"pt_BR\" \/>\n<meta property=\"og:type\" content=\"article\" \/>\n<meta property=\"og:title\" content=\"A DOMESTICA\u00c7\u00c3O DA GRAM\u00c1TICA DE G\u00caNERO - Pontes Editores\" \/>\n<meta property=\"og:description\" content=\"Gram\u00e1tica \u00e9 um assunto que causa arrepios nos falantes de uma l\u00edngua. Tem o mesmo efeito em boa parte dos estudiosos da linguagem. Isso se d\u00e1, em ambos os casos, pois essa express\u00e3o remete ao famigerado manual de normas gramaticais que afligiram, e ainda afligem, infelizmente, nossos anos escolares. Para o segundo grupo, entretanto, gram\u00e1tica [&hellip;]\" \/>\n<meta property=\"og:url\" content=\"https:\/\/ponteseditores.com.br\/loja3\/pontes-editores-home-2__trashed\/meios-auxiliares-do-ensino\/produto-512\/\" \/>\n<meta property=\"og:site_name\" content=\"Pontes Editores\" \/>\n<meta property=\"article:modified_time\" content=\"2024-03-20T19:06:42+00:00\" \/>\n<meta property=\"og:image\" content=\"https:\/\/ponteseditores.com.br\/loja3\/wp-content\/uploads\/2023\/12\/capa20domesticacao.jpg\" \/>\n\t<meta property=\"og:image:width\" content=\"800\" \/>\n\t<meta property=\"og:image:height\" content=\"1198\" \/>\n\t<meta property=\"og:image:type\" content=\"image\/jpeg\" \/>\n<meta name=\"twitter:card\" content=\"summary_large_image\" \/>\n<meta name=\"twitter:label1\" content=\"Est. tempo de leitura\" \/>\n\t<meta name=\"twitter:data1\" content=\"1 minuto\" \/>\n<script type=\"application\/ld+json\" class=\"yoast-schema-graph\">{\"@context\":\"https:\\\/\\\/schema.org\",\"@graph\":[{\"@type\":\"WebPage\",\"@id\":\"https:\\\/\\\/ponteseditores.com.br\\\/loja3\\\/pontes-editores-home-2__trashed\\\/meios-auxiliares-do-ensino\\\/produto-512\\\/\",\"url\":\"https:\\\/\\\/ponteseditores.com.br\\\/loja3\\\/pontes-editores-home-2__trashed\\\/meios-auxiliares-do-ensino\\\/produto-512\\\/\",\"name\":\"A DOMESTICA\u00c7\u00c3O DA GRAM\u00c1TICA DE G\u00caNERO - Pontes Editores\",\"isPartOf\":{\"@id\":\"https:\\\/\\\/ponteseditores.com.br\\\/loja3\\\/#website\"},\"primaryImageOfPage\":{\"@id\":\"https:\\\/\\\/ponteseditores.com.br\\\/loja3\\\/pontes-editores-home-2__trashed\\\/meios-auxiliares-do-ensino\\\/produto-512\\\/#primaryimage\"},\"image\":{\"@id\":\"https:\\\/\\\/ponteseditores.com.br\\\/loja3\\\/pontes-editores-home-2__trashed\\\/meios-auxiliares-do-ensino\\\/produto-512\\\/#primaryimage\"},\"thumbnailUrl\":\"https:\\\/\\\/ponteseditores.com.br\\\/loja3\\\/wp-content\\\/uploads\\\/2023\\\/12\\\/capa20domesticacao.jpg\",\"datePublished\":\"2023-12-11T03:49:05+00:00\",\"dateModified\":\"2024-03-20T19:06:42+00:00\",\"breadcrumb\":{\"@id\":\"https:\\\/\\\/ponteseditores.com.br\\\/loja3\\\/pontes-editores-home-2__trashed\\\/meios-auxiliares-do-ensino\\\/produto-512\\\/#breadcrumb\"},\"inLanguage\":\"pt-BR\",\"potentialAction\":[{\"@type\":\"ReadAction\",\"target\":[\"https:\\\/\\\/ponteseditores.com.br\\\/loja3\\\/pontes-editores-home-2__trashed\\\/meios-auxiliares-do-ensino\\\/produto-512\\\/\"]}]},{\"@type\":\"ImageObject\",\"inLanguage\":\"pt-BR\",\"@id\":\"https:\\\/\\\/ponteseditores.com.br\\\/loja3\\\/pontes-editores-home-2__trashed\\\/meios-auxiliares-do-ensino\\\/produto-512\\\/#primaryimage\",\"url\":\"https:\\\/\\\/ponteseditores.com.br\\\/loja3\\\/wp-content\\\/uploads\\\/2023\\\/12\\\/capa20domesticacao.jpg\",\"contentUrl\":\"https:\\\/\\\/ponteseditores.com.br\\\/loja3\\\/wp-content\\\/uploads\\\/2023\\\/12\\\/capa20domesticacao.jpg\",\"width\":800,\"height\":1198},{\"@type\":\"BreadcrumbList\",\"@id\":\"https:\\\/\\\/ponteseditores.com.br\\\/loja3\\\/pontes-editores-home-2__trashed\\\/meios-auxiliares-do-ensino\\\/produto-512\\\/#breadcrumb\",\"itemListElement\":[{\"@type\":\"ListItem\",\"position\":1,\"name\":\"Home\",\"item\":\"https:\\\/\\\/ponteseditores.com.br\\\/loja3\\\/\"},{\"@type\":\"ListItem\",\"position\":2,\"name\":\"loja\",\"item\":\"https:\\\/\\\/ponteseditores.com.br\\\/loja3\\\/loja\\\/\"},{\"@type\":\"ListItem\",\"position\":3,\"name\":\"A DOMESTICA\u00c7\u00c3O DA GRAM\u00c1TICA DE G\u00caNERO\"}]},{\"@type\":\"WebSite\",\"@id\":\"https:\\\/\\\/ponteseditores.com.br\\\/loja3\\\/#website\",\"url\":\"https:\\\/\\\/ponteseditores.com.br\\\/loja3\\\/\",\"name\":\"Pontes Editores\",\"description\":\"Pontes Editores\",\"publisher\":{\"@id\":\"https:\\\/\\\/ponteseditores.com.br\\\/loja3\\\/#organization\"},\"potentialAction\":[{\"@type\":\"SearchAction\",\"target\":{\"@type\":\"EntryPoint\",\"urlTemplate\":\"https:\\\/\\\/ponteseditores.com.br\\\/loja3\\\/?s={search_term_string}\"},\"query-input\":{\"@type\":\"PropertyValueSpecification\",\"valueRequired\":true,\"valueName\":\"search_term_string\"}}],\"inLanguage\":\"pt-BR\"},{\"@type\":\"Organization\",\"@id\":\"https:\\\/\\\/ponteseditores.com.br\\\/loja3\\\/#organization\",\"name\":\"Pontes Editores\",\"url\":\"https:\\\/\\\/ponteseditores.com.br\\\/loja3\\\/\",\"logo\":{\"@type\":\"ImageObject\",\"inLanguage\":\"pt-BR\",\"@id\":\"https:\\\/\\\/ponteseditores.com.br\\\/loja3\\\/#\\\/schema\\\/logo\\\/image\\\/\",\"url\":\"https:\\\/\\\/ponteseditores.com.br\\\/loja3\\\/wp-content\\\/uploads\\\/2023\\\/12\\\/logo-pontes-editores-v2.png\",\"contentUrl\":\"https:\\\/\\\/ponteseditores.com.br\\\/loja3\\\/wp-content\\\/uploads\\\/2023\\\/12\\\/logo-pontes-editores-v2.png\",\"width\":258,\"height\":100,\"caption\":\"Pontes Editores\"},\"image\":{\"@id\":\"https:\\\/\\\/ponteseditores.com.br\\\/loja3\\\/#\\\/schema\\\/logo\\\/image\\\/\"}}]}<\/script>\n<!-- \/ Yoast SEO plugin. -->","yoast_head_json":{"title":"A DOMESTICA\u00c7\u00c3O DA GRAM\u00c1TICA DE G\u00caNERO - Pontes Editores","robots":{"index":"index","follow":"follow","max-snippet":"max-snippet:-1","max-image-preview":"max-image-preview:large","max-video-preview":"max-video-preview:-1"},"canonical":"https:\/\/ponteseditores.com.br\/loja3\/pontes-editores-home-2__trashed\/meios-auxiliares-do-ensino\/produto-512\/","og_locale":"pt_BR","og_type":"article","og_title":"A DOMESTICA\u00c7\u00c3O DA GRAM\u00c1TICA DE G\u00caNERO - Pontes Editores","og_description":"Gram\u00e1tica \u00e9 um assunto que causa arrepios nos falantes de uma l\u00edngua. Tem o mesmo efeito em boa parte dos estudiosos da linguagem. Isso se d\u00e1, em ambos os casos, pois essa express\u00e3o remete ao famigerado manual de normas gramaticais que afligiram, e ainda afligem, infelizmente, nossos anos escolares. Para o segundo grupo, entretanto, gram\u00e1tica [&hellip;]","og_url":"https:\/\/ponteseditores.com.br\/loja3\/pontes-editores-home-2__trashed\/meios-auxiliares-do-ensino\/produto-512\/","og_site_name":"Pontes Editores","article_modified_time":"2024-03-20T19:06:42+00:00","og_image":[{"width":800,"height":1198,"url":"https:\/\/ponteseditores.com.br\/loja3\/wp-content\/uploads\/2023\/12\/capa20domesticacao.jpg","type":"image\/jpeg"}],"twitter_card":"summary_large_image","twitter_misc":{"Est. tempo de leitura":"1 minuto"},"schema":{"@context":"https:\/\/schema.org","@graph":[{"@type":"WebPage","@id":"https:\/\/ponteseditores.com.br\/loja3\/pontes-editores-home-2__trashed\/meios-auxiliares-do-ensino\/produto-512\/","url":"https:\/\/ponteseditores.com.br\/loja3\/pontes-editores-home-2__trashed\/meios-auxiliares-do-ensino\/produto-512\/","name":"A DOMESTICA\u00c7\u00c3O DA GRAM\u00c1TICA DE G\u00caNERO - Pontes Editores","isPartOf":{"@id":"https:\/\/ponteseditores.com.br\/loja3\/#website"},"primaryImageOfPage":{"@id":"https:\/\/ponteseditores.com.br\/loja3\/pontes-editores-home-2__trashed\/meios-auxiliares-do-ensino\/produto-512\/#primaryimage"},"image":{"@id":"https:\/\/ponteseditores.com.br\/loja3\/pontes-editores-home-2__trashed\/meios-auxiliares-do-ensino\/produto-512\/#primaryimage"},"thumbnailUrl":"https:\/\/ponteseditores.com.br\/loja3\/wp-content\/uploads\/2023\/12\/capa20domesticacao.jpg","datePublished":"2023-12-11T03:49:05+00:00","dateModified":"2024-03-20T19:06:42+00:00","breadcrumb":{"@id":"https:\/\/ponteseditores.com.br\/loja3\/pontes-editores-home-2__trashed\/meios-auxiliares-do-ensino\/produto-512\/#breadcrumb"},"inLanguage":"pt-BR","potentialAction":[{"@type":"ReadAction","target":["https:\/\/ponteseditores.com.br\/loja3\/pontes-editores-home-2__trashed\/meios-auxiliares-do-ensino\/produto-512\/"]}]},{"@type":"ImageObject","inLanguage":"pt-BR","@id":"https:\/\/ponteseditores.com.br\/loja3\/pontes-editores-home-2__trashed\/meios-auxiliares-do-ensino\/produto-512\/#primaryimage","url":"https:\/\/ponteseditores.com.br\/loja3\/wp-content\/uploads\/2023\/12\/capa20domesticacao.jpg","contentUrl":"https:\/\/ponteseditores.com.br\/loja3\/wp-content\/uploads\/2023\/12\/capa20domesticacao.jpg","width":800,"height":1198},{"@type":"BreadcrumbList","@id":"https:\/\/ponteseditores.com.br\/loja3\/pontes-editores-home-2__trashed\/meios-auxiliares-do-ensino\/produto-512\/#breadcrumb","itemListElement":[{"@type":"ListItem","position":1,"name":"Home","item":"https:\/\/ponteseditores.com.br\/loja3\/"},{"@type":"ListItem","position":2,"name":"loja","item":"https:\/\/ponteseditores.com.br\/loja3\/loja\/"},{"@type":"ListItem","position":3,"name":"A DOMESTICA\u00c7\u00c3O DA GRAM\u00c1TICA DE G\u00caNERO"}]},{"@type":"WebSite","@id":"https:\/\/ponteseditores.com.br\/loja3\/#website","url":"https:\/\/ponteseditores.com.br\/loja3\/","name":"Pontes Editores","description":"Pontes Editores","publisher":{"@id":"https:\/\/ponteseditores.com.br\/loja3\/#organization"},"potentialAction":[{"@type":"SearchAction","target":{"@type":"EntryPoint","urlTemplate":"https:\/\/ponteseditores.com.br\/loja3\/?s={search_term_string}"},"query-input":{"@type":"PropertyValueSpecification","valueRequired":true,"valueName":"search_term_string"}}],"inLanguage":"pt-BR"},{"@type":"Organization","@id":"https:\/\/ponteseditores.com.br\/loja3\/#organization","name":"Pontes Editores","url":"https:\/\/ponteseditores.com.br\/loja3\/","logo":{"@type":"ImageObject","inLanguage":"pt-BR","@id":"https:\/\/ponteseditores.com.br\/loja3\/#\/schema\/logo\/image\/","url":"https:\/\/ponteseditores.com.br\/loja3\/wp-content\/uploads\/2023\/12\/logo-pontes-editores-v2.png","contentUrl":"https:\/\/ponteseditores.com.br\/loja3\/wp-content\/uploads\/2023\/12\/logo-pontes-editores-v2.png","width":258,"height":100,"caption":"Pontes Editores"},"image":{"@id":"https:\/\/ponteseditores.com.br\/loja3\/#\/schema\/logo\/image\/"}}]}},"_links":{"self":[{"href":"https:\/\/ponteseditores.com.br\/loja3\/wp-json\/wp\/v2\/product\/5343","targetHints":{"allow":["GET"]}}],"collection":[{"href":"https:\/\/ponteseditores.com.br\/loja3\/wp-json\/wp\/v2\/product"}],"about":[{"href":"https:\/\/ponteseditores.com.br\/loja3\/wp-json\/wp\/v2\/types\/product"}],"replies":[{"embeddable":true,"href":"https:\/\/ponteseditores.com.br\/loja3\/wp-json\/wp\/v2\/comments?post=5343"}],"version-history":[{"count":0,"href":"https:\/\/ponteseditores.com.br\/loja3\/wp-json\/wp\/v2\/product\/5343\/revisions"}],"wp:featuredmedia":[{"embeddable":true,"href":"https:\/\/ponteseditores.com.br\/loja3\/wp-json\/wp\/v2\/media\/5342"}],"wp:attachment":[{"href":"https:\/\/ponteseditores.com.br\/loja3\/wp-json\/wp\/v2\/media?parent=5343"}],"wp:term":[{"taxonomy":"product_brand","embeddable":true,"href":"https:\/\/ponteseditores.com.br\/loja3\/wp-json\/wp\/v2\/product_brand?post=5343"},{"taxonomy":"product_cat","embeddable":true,"href":"https:\/\/ponteseditores.com.br\/loja3\/wp-json\/wp\/v2\/product_cat?post=5343"},{"taxonomy":"product_tag","embeddable":true,"href":"https:\/\/ponteseditores.com.br\/loja3\/wp-json\/wp\/v2\/product_tag?post=5343"}],"curies":[{"name":"wp","href":"https:\/\/api.w.org\/{rel}","templated":true}]}}