{"id":5321,"date":"2023-12-11T00:47:58","date_gmt":"2023-12-11T03:47:58","guid":{"rendered":"https:\/\/ponteseditores.com.br\/loja3\/produto\/produto-501\/"},"modified":"2025-05-11T14:58:29","modified_gmt":"2025-05-11T17:58:29","slug":"produto-501","status":"publish","type":"product","link":"https:\/\/ponteseditores.com.br\/loja3\/pontes-editores-home-2__trashed\/analise-de-discurso\/produto-501\/","title":{"rendered":"DISCURSO E ARGUMENTA\u00c7\u00c3O: TECENDO OS EFEITOS DE SENTIDO"},"content":{"rendered":"<p>Usualmente, a palavra &#8216;tecer&#8217; denota enla\u00e7ar, entran\u00e7ar, entrela\u00e7ar, fiar, tramar, tricotar. A nossa perspectiva acerca do real \u2013 valorada pelo nosso fazer cotidiano em pesquisas lingu\u00edsticas sobre a linguagem em suas diversas manifesta\u00e7\u00f5es \u2013 leva-nos a postular o voc\u00e1bulo &#8216;tecer&#8217; tamb\u00e9m como elaborar, criar, construir, propor, fazer, ordenar, escrever, dizer. Voltados para essa multiplicidade discursiva, pretendemos agregar nesta colet\u00e2nea, textos de pesquisadores brasileiros com o intuito de apresentar seus atuais fazeres e tessituras em mobilizada sinergia anal\u00edtica. Os cap\u00edtulos mant\u00eam entre si, portanto, tra\u00e7os de unidade, rela\u00e7\u00f5es ordenadas em plena e franca conviv\u00eancia, claramente resultantes de cuidadosas elabora\u00e7\u00f5es metodol\u00f3gicas. Por\u00e9m, mesmo un\u00edvocas, trazem novos e valiosos dizeres, entrela\u00e7ados nas reflex\u00f5es do caminho te\u00f3rico, pontes seguras na infind\u00e1vel busca pelos efeitos de sentidos lingu\u00edsticos. Deste modo, esperamos que os leitores possam apreciar esta obra-sentido, n\u00e3o apenas em conson\u00e2ncia, mas, especialmente, em novos entendimentos, propondo novos debates discursivos, novas vozes ao redor deste tear aqui apresentado. E, estes textos, ao provocarem novos dizeres, instaurem suas assinaturas em bem-vindas surpresas epistemol\u00f3gicas tricoteadas nas mais diferentes fontes de conhecimento, todas elas indispens\u00e1veis para a experi\u00eancia discursiva da argumenta\u00e7\u00e3o.<\/p>\n","protected":false},"excerpt":{"rendered":"<p>Usualmente, a palavra &#8216;tecer&#8217; denota enla\u00e7ar, entran\u00e7ar, entrela\u00e7ar, fiar, tramar, tricotar. A nossa perspectiva acerca do real \u2013 valorada pelo nosso fazer cotidiano em pesquisas lingu\u00edsticas sobre a linguagem em suas diversas manifesta\u00e7\u00f5es \u2013 leva-nos a postular o voc\u00e1bulo &#8216;tecer&#8217; tamb\u00e9m como elaborar, criar, construir, propor, fazer, ordenar, escrever, dizer. Voltados para essa multiplicidade discursiva, [&hellip;]<\/p>\n","protected":false},"featured_media":5320,"comment_status":"open","ping_status":"closed","template":"","meta":{"_joinchat":[]},"product_brand":[],"product_cat":[301],"product_tag":[],"class_list":{"0":"post-5321","1":"product","2":"type-product","3":"status-publish","4":"has-post-thumbnail","6":"product_cat-analise-de-discurso","7":"product_shipping_class-livro-pontes-editores-fisico","9":"first","10":"instock","11":"shipping-taxable","12":"purchasable","13":"product-type-simple"},"yoast_head":"<!-- This site is optimized with the Yoast SEO plugin v27.3 - https:\/\/yoast.com\/product\/yoast-seo-wordpress\/ -->\n<title>DISCURSO E ARGUMENTA\u00c7\u00c3O: TECENDO OS EFEITOS DE SENTIDO - Pontes Editores<\/title>\n<meta name=\"robots\" content=\"index, follow, max-snippet:-1, max-image-preview:large, max-video-preview:-1\" \/>\n<link rel=\"canonical\" href=\"https:\/\/ponteseditores.com.br\/loja3\/pontes-editores-home-2__trashed\/analise-de-discurso\/produto-501\/\" \/>\n<meta property=\"og:locale\" content=\"pt_BR\" \/>\n<meta property=\"og:type\" content=\"article\" \/>\n<meta property=\"og:title\" content=\"DISCURSO E ARGUMENTA\u00c7\u00c3O: TECENDO OS EFEITOS DE SENTIDO - Pontes Editores\" \/>\n<meta property=\"og:description\" content=\"Usualmente, a palavra &#8216;tecer&#8217; denota enla\u00e7ar, entran\u00e7ar, entrela\u00e7ar, fiar, tramar, tricotar. A nossa perspectiva acerca do real \u2013 valorada pelo nosso fazer cotidiano em pesquisas lingu\u00edsticas sobre a linguagem em suas diversas manifesta\u00e7\u00f5es \u2013 leva-nos a postular o voc\u00e1bulo &#8216;tecer&#8217; tamb\u00e9m como elaborar, criar, construir, propor, fazer, ordenar, escrever, dizer. Voltados para essa multiplicidade discursiva, [&hellip;]\" \/>\n<meta property=\"og:url\" content=\"https:\/\/ponteseditores.com.br\/loja3\/pontes-editores-home-2__trashed\/analise-de-discurso\/produto-501\/\" \/>\n<meta property=\"og:site_name\" content=\"Pontes Editores\" \/>\n<meta property=\"article:modified_time\" content=\"2025-05-11T17:58:29+00:00\" \/>\n<meta property=\"og:image\" content=\"https:\/\/ponteseditores.com.br\/loja3\/wp-content\/uploads\/2023\/12\/capa20discurso20-701x1024.jpg\" \/>\n\t<meta property=\"og:image:width\" content=\"701\" \/>\n\t<meta property=\"og:image:height\" content=\"1024\" \/>\n\t<meta property=\"og:image:type\" content=\"image\/jpeg\" \/>\n<meta name=\"twitter:card\" content=\"summary_large_image\" \/>\n<meta name=\"twitter:label1\" content=\"Est. tempo de leitura\" \/>\n\t<meta name=\"twitter:data1\" content=\"1 minuto\" \/>\n<script type=\"application\/ld+json\" class=\"yoast-schema-graph\">{\"@context\":\"https:\\\/\\\/schema.org\",\"@graph\":[{\"@type\":\"WebPage\",\"@id\":\"https:\\\/\\\/ponteseditores.com.br\\\/loja3\\\/pontes-editores-home-2__trashed\\\/analise-de-discurso\\\/produto-501\\\/\",\"url\":\"https:\\\/\\\/ponteseditores.com.br\\\/loja3\\\/pontes-editores-home-2__trashed\\\/analise-de-discurso\\\/produto-501\\\/\",\"name\":\"DISCURSO E ARGUMENTA\u00c7\u00c3O: TECENDO OS EFEITOS DE SENTIDO - Pontes Editores\",\"isPartOf\":{\"@id\":\"https:\\\/\\\/ponteseditores.com.br\\\/loja3\\\/#website\"},\"primaryImageOfPage\":{\"@id\":\"https:\\\/\\\/ponteseditores.com.br\\\/loja3\\\/pontes-editores-home-2__trashed\\\/analise-de-discurso\\\/produto-501\\\/#primaryimage\"},\"image\":{\"@id\":\"https:\\\/\\\/ponteseditores.com.br\\\/loja3\\\/pontes-editores-home-2__trashed\\\/analise-de-discurso\\\/produto-501\\\/#primaryimage\"},\"thumbnailUrl\":\"https:\\\/\\\/ponteseditores.com.br\\\/loja3\\\/wp-content\\\/uploads\\\/2023\\\/12\\\/capa20discurso20.jpg\",\"datePublished\":\"2023-12-11T03:47:58+00:00\",\"dateModified\":\"2025-05-11T17:58:29+00:00\",\"breadcrumb\":{\"@id\":\"https:\\\/\\\/ponteseditores.com.br\\\/loja3\\\/pontes-editores-home-2__trashed\\\/analise-de-discurso\\\/produto-501\\\/#breadcrumb\"},\"inLanguage\":\"pt-BR\",\"potentialAction\":[{\"@type\":\"ReadAction\",\"target\":[\"https:\\\/\\\/ponteseditores.com.br\\\/loja3\\\/pontes-editores-home-2__trashed\\\/analise-de-discurso\\\/produto-501\\\/\"]}]},{\"@type\":\"ImageObject\",\"inLanguage\":\"pt-BR\",\"@id\":\"https:\\\/\\\/ponteseditores.com.br\\\/loja3\\\/pontes-editores-home-2__trashed\\\/analise-de-discurso\\\/produto-501\\\/#primaryimage\",\"url\":\"https:\\\/\\\/ponteseditores.com.br\\\/loja3\\\/wp-content\\\/uploads\\\/2023\\\/12\\\/capa20discurso20.jpg\",\"contentUrl\":\"https:\\\/\\\/ponteseditores.com.br\\\/loja3\\\/wp-content\\\/uploads\\\/2023\\\/12\\\/capa20discurso20.jpg\",\"width\":900,\"height\":1315},{\"@type\":\"BreadcrumbList\",\"@id\":\"https:\\\/\\\/ponteseditores.com.br\\\/loja3\\\/pontes-editores-home-2__trashed\\\/analise-de-discurso\\\/produto-501\\\/#breadcrumb\",\"itemListElement\":[{\"@type\":\"ListItem\",\"position\":1,\"name\":\"Home\",\"item\":\"https:\\\/\\\/ponteseditores.com.br\\\/loja3\\\/\"},{\"@type\":\"ListItem\",\"position\":2,\"name\":\"loja\",\"item\":\"https:\\\/\\\/ponteseditores.com.br\\\/loja3\\\/loja\\\/\"},{\"@type\":\"ListItem\",\"position\":3,\"name\":\"DISCURSO E ARGUMENTA\u00c7\u00c3O: TECENDO OS EFEITOS DE SENTIDO\"}]},{\"@type\":\"WebSite\",\"@id\":\"https:\\\/\\\/ponteseditores.com.br\\\/loja3\\\/#website\",\"url\":\"https:\\\/\\\/ponteseditores.com.br\\\/loja3\\\/\",\"name\":\"Pontes Editores\",\"description\":\"Pontes Editores\",\"publisher\":{\"@id\":\"https:\\\/\\\/ponteseditores.com.br\\\/loja3\\\/#organization\"},\"potentialAction\":[{\"@type\":\"SearchAction\",\"target\":{\"@type\":\"EntryPoint\",\"urlTemplate\":\"https:\\\/\\\/ponteseditores.com.br\\\/loja3\\\/?s={search_term_string}\"},\"query-input\":{\"@type\":\"PropertyValueSpecification\",\"valueRequired\":true,\"valueName\":\"search_term_string\"}}],\"inLanguage\":\"pt-BR\"},{\"@type\":\"Organization\",\"@id\":\"https:\\\/\\\/ponteseditores.com.br\\\/loja3\\\/#organization\",\"name\":\"Pontes Editores\",\"url\":\"https:\\\/\\\/ponteseditores.com.br\\\/loja3\\\/\",\"logo\":{\"@type\":\"ImageObject\",\"inLanguage\":\"pt-BR\",\"@id\":\"https:\\\/\\\/ponteseditores.com.br\\\/loja3\\\/#\\\/schema\\\/logo\\\/image\\\/\",\"url\":\"https:\\\/\\\/ponteseditores.com.br\\\/loja3\\\/wp-content\\\/uploads\\\/2023\\\/12\\\/logo-pontes-editores-v2.png\",\"contentUrl\":\"https:\\\/\\\/ponteseditores.com.br\\\/loja3\\\/wp-content\\\/uploads\\\/2023\\\/12\\\/logo-pontes-editores-v2.png\",\"width\":258,\"height\":100,\"caption\":\"Pontes Editores\"},\"image\":{\"@id\":\"https:\\\/\\\/ponteseditores.com.br\\\/loja3\\\/#\\\/schema\\\/logo\\\/image\\\/\"}}]}<\/script>\n<!-- \/ Yoast SEO plugin. -->","yoast_head_json":{"title":"DISCURSO E ARGUMENTA\u00c7\u00c3O: TECENDO OS EFEITOS DE SENTIDO - Pontes Editores","robots":{"index":"index","follow":"follow","max-snippet":"max-snippet:-1","max-image-preview":"max-image-preview:large","max-video-preview":"max-video-preview:-1"},"canonical":"https:\/\/ponteseditores.com.br\/loja3\/pontes-editores-home-2__trashed\/analise-de-discurso\/produto-501\/","og_locale":"pt_BR","og_type":"article","og_title":"DISCURSO E ARGUMENTA\u00c7\u00c3O: TECENDO OS EFEITOS DE SENTIDO - Pontes Editores","og_description":"Usualmente, a palavra &#8216;tecer&#8217; denota enla\u00e7ar, entran\u00e7ar, entrela\u00e7ar, fiar, tramar, tricotar. A nossa perspectiva acerca do real \u2013 valorada pelo nosso fazer cotidiano em pesquisas lingu\u00edsticas sobre a linguagem em suas diversas manifesta\u00e7\u00f5es \u2013 leva-nos a postular o voc\u00e1bulo &#8216;tecer&#8217; tamb\u00e9m como elaborar, criar, construir, propor, fazer, ordenar, escrever, dizer. Voltados para essa multiplicidade discursiva, [&hellip;]","og_url":"https:\/\/ponteseditores.com.br\/loja3\/pontes-editores-home-2__trashed\/analise-de-discurso\/produto-501\/","og_site_name":"Pontes Editores","article_modified_time":"2025-05-11T17:58:29+00:00","og_image":[{"width":701,"height":1024,"url":"https:\/\/ponteseditores.com.br\/loja3\/wp-content\/uploads\/2023\/12\/capa20discurso20-701x1024.jpg","type":"image\/jpeg"}],"twitter_card":"summary_large_image","twitter_misc":{"Est. tempo de leitura":"1 minuto"},"schema":{"@context":"https:\/\/schema.org","@graph":[{"@type":"WebPage","@id":"https:\/\/ponteseditores.com.br\/loja3\/pontes-editores-home-2__trashed\/analise-de-discurso\/produto-501\/","url":"https:\/\/ponteseditores.com.br\/loja3\/pontes-editores-home-2__trashed\/analise-de-discurso\/produto-501\/","name":"DISCURSO E ARGUMENTA\u00c7\u00c3O: TECENDO OS EFEITOS DE SENTIDO - Pontes Editores","isPartOf":{"@id":"https:\/\/ponteseditores.com.br\/loja3\/#website"},"primaryImageOfPage":{"@id":"https:\/\/ponteseditores.com.br\/loja3\/pontes-editores-home-2__trashed\/analise-de-discurso\/produto-501\/#primaryimage"},"image":{"@id":"https:\/\/ponteseditores.com.br\/loja3\/pontes-editores-home-2__trashed\/analise-de-discurso\/produto-501\/#primaryimage"},"thumbnailUrl":"https:\/\/ponteseditores.com.br\/loja3\/wp-content\/uploads\/2023\/12\/capa20discurso20.jpg","datePublished":"2023-12-11T03:47:58+00:00","dateModified":"2025-05-11T17:58:29+00:00","breadcrumb":{"@id":"https:\/\/ponteseditores.com.br\/loja3\/pontes-editores-home-2__trashed\/analise-de-discurso\/produto-501\/#breadcrumb"},"inLanguage":"pt-BR","potentialAction":[{"@type":"ReadAction","target":["https:\/\/ponteseditores.com.br\/loja3\/pontes-editores-home-2__trashed\/analise-de-discurso\/produto-501\/"]}]},{"@type":"ImageObject","inLanguage":"pt-BR","@id":"https:\/\/ponteseditores.com.br\/loja3\/pontes-editores-home-2__trashed\/analise-de-discurso\/produto-501\/#primaryimage","url":"https:\/\/ponteseditores.com.br\/loja3\/wp-content\/uploads\/2023\/12\/capa20discurso20.jpg","contentUrl":"https:\/\/ponteseditores.com.br\/loja3\/wp-content\/uploads\/2023\/12\/capa20discurso20.jpg","width":900,"height":1315},{"@type":"BreadcrumbList","@id":"https:\/\/ponteseditores.com.br\/loja3\/pontes-editores-home-2__trashed\/analise-de-discurso\/produto-501\/#breadcrumb","itemListElement":[{"@type":"ListItem","position":1,"name":"Home","item":"https:\/\/ponteseditores.com.br\/loja3\/"},{"@type":"ListItem","position":2,"name":"loja","item":"https:\/\/ponteseditores.com.br\/loja3\/loja\/"},{"@type":"ListItem","position":3,"name":"DISCURSO E ARGUMENTA\u00c7\u00c3O: TECENDO OS EFEITOS DE SENTIDO"}]},{"@type":"WebSite","@id":"https:\/\/ponteseditores.com.br\/loja3\/#website","url":"https:\/\/ponteseditores.com.br\/loja3\/","name":"Pontes Editores","description":"Pontes Editores","publisher":{"@id":"https:\/\/ponteseditores.com.br\/loja3\/#organization"},"potentialAction":[{"@type":"SearchAction","target":{"@type":"EntryPoint","urlTemplate":"https:\/\/ponteseditores.com.br\/loja3\/?s={search_term_string}"},"query-input":{"@type":"PropertyValueSpecification","valueRequired":true,"valueName":"search_term_string"}}],"inLanguage":"pt-BR"},{"@type":"Organization","@id":"https:\/\/ponteseditores.com.br\/loja3\/#organization","name":"Pontes Editores","url":"https:\/\/ponteseditores.com.br\/loja3\/","logo":{"@type":"ImageObject","inLanguage":"pt-BR","@id":"https:\/\/ponteseditores.com.br\/loja3\/#\/schema\/logo\/image\/","url":"https:\/\/ponteseditores.com.br\/loja3\/wp-content\/uploads\/2023\/12\/logo-pontes-editores-v2.png","contentUrl":"https:\/\/ponteseditores.com.br\/loja3\/wp-content\/uploads\/2023\/12\/logo-pontes-editores-v2.png","width":258,"height":100,"caption":"Pontes Editores"},"image":{"@id":"https:\/\/ponteseditores.com.br\/loja3\/#\/schema\/logo\/image\/"}}]}},"_links":{"self":[{"href":"https:\/\/ponteseditores.com.br\/loja3\/wp-json\/wp\/v2\/product\/5321","targetHints":{"allow":["GET"]}}],"collection":[{"href":"https:\/\/ponteseditores.com.br\/loja3\/wp-json\/wp\/v2\/product"}],"about":[{"href":"https:\/\/ponteseditores.com.br\/loja3\/wp-json\/wp\/v2\/types\/product"}],"replies":[{"embeddable":true,"href":"https:\/\/ponteseditores.com.br\/loja3\/wp-json\/wp\/v2\/comments?post=5321"}],"version-history":[{"count":0,"href":"https:\/\/ponteseditores.com.br\/loja3\/wp-json\/wp\/v2\/product\/5321\/revisions"}],"wp:featuredmedia":[{"embeddable":true,"href":"https:\/\/ponteseditores.com.br\/loja3\/wp-json\/wp\/v2\/media\/5320"}],"wp:attachment":[{"href":"https:\/\/ponteseditores.com.br\/loja3\/wp-json\/wp\/v2\/media?parent=5321"}],"wp:term":[{"taxonomy":"product_brand","embeddable":true,"href":"https:\/\/ponteseditores.com.br\/loja3\/wp-json\/wp\/v2\/product_brand?post=5321"},{"taxonomy":"product_cat","embeddable":true,"href":"https:\/\/ponteseditores.com.br\/loja3\/wp-json\/wp\/v2\/product_cat?post=5321"},{"taxonomy":"product_tag","embeddable":true,"href":"https:\/\/ponteseditores.com.br\/loja3\/wp-json\/wp\/v2\/product_tag?post=5321"}],"curies":[{"name":"wp","href":"https:\/\/api.w.org\/{rel}","templated":true}]}}