{"id":5264,"date":"2023-12-11T00:19:23","date_gmt":"2023-12-11T03:19:23","guid":{"rendered":"https:\/\/ponteseditores.com.br\/loja3\/produto\/produto-459\/"},"modified":"2024-06-12T13:23:12","modified_gmt":"2024-06-12T16:23:12","slug":"produto-459","status":"publish","type":"product","link":"https:\/\/ponteseditores.com.br\/loja3\/pontes-editores-home-2__trashed\/letramento\/produto-459\/","title":{"rendered":"LETRAMENTOS NO ENSINO DE L\u00cdNGUA PORTUGUESA: EXPERI\u00caNCIA, AG\u00caNCIA E CR\u00cdTICA"},"content":{"rendered":"<p>A terceira gera\u00e7\u00e3o de letramentos (que inclui os multiletramentos, os novos<br \/>\nletramentos, os letramentos cr\u00edticos e os digitais) emerge com a premissa de<br \/>\nexpans\u00e3o da proposta da segunda gera\u00e7\u00e3o. A terceira gera\u00e7\u00e3o se reafirmou<br \/>\ndiante da percep\u00e7\u00e3o de que os modelos educacionais convencionais adotados em<br \/>\nv\u00e1rios pa\u00edses ocidentais n\u00e3o respondiam\/respondem mais \u00e0s necessidades da<br \/>\nsociedade brasileira, nem das ocidentais. Reconhece as transforma\u00e7\u00f5es<br \/>\nresultantes de v\u00e1rios fatores, mas principalmente dos fen\u00f4menos da<br \/>\nglobaliza\u00e7\u00e3o e da tecnologia digital, ressaltando o impacto do<br \/>\nneoliberalismo na sociedade. [&#8230;] vejo muito vigor e interesse no trabalho<br \/>\nde professores, em forma\u00e7\u00e3o inicial ou continuada, no de formadores de<br \/>\nprofessores, de pesquisadores e atores dos setores p\u00fablicos, em ampliar suas<br \/>\nvis\u00f5es em torno dessa terceira gera\u00e7\u00e3o de letramentos. Voltam-se para<br \/>\nmultimodalidades em linguagem e comunica\u00e7\u00e3o, constru\u00e7\u00e3o do conhecimento,<br \/>\nepistemologias digitais, ag\u00eancia para a cria\u00e7\u00e3o de significado, permitindo o<br \/>\nrepensar da educa\u00e7\u00e3o frente aos desafios sociais novos ou renovados. Neste<br \/>\nlivro, os trabalhos com essas perspectivas se fazem conhecer, por meio de<br \/>\ninstigantes cap\u00edtulos sobre as experi\u00eancias vividas e os estudos realizados<br \/>\nnesse campo. O livro traz, sem d\u00favida, uma leitura instigante. \u00c9, com isso,<br \/>\num presente de sua organizadora, professora Marcia Lisb\u00f4a Costa de Oliveira<br \/>\n(UERJ), e dos autores dos cap\u00edtulos dessa obra aos interessados nessa<br \/>\ntem\u00e1tica.<\/p>\n<p>Enjoy!<\/p>\n<p>Walkyria Monte M\u00f3r<br \/>\n(Do pref\u00e1cio)<\/p>\n","protected":false},"excerpt":{"rendered":"<p>A terceira gera\u00e7\u00e3o de letramentos (que inclui os multiletramentos, os novos letramentos, os letramentos cr\u00edticos e os digitais) emerge com a premissa de expans\u00e3o da proposta da segunda gera\u00e7\u00e3o. A terceira gera\u00e7\u00e3o se reafirmou diante da percep\u00e7\u00e3o de que os modelos educacionais convencionais adotados em v\u00e1rios pa\u00edses ocidentais n\u00e3o respondiam\/respondem mais \u00e0s necessidades da sociedade [&hellip;]<\/p>\n","protected":false},"featured_media":13084,"comment_status":"open","ping_status":"closed","template":"","meta":{"_joinchat":[]},"product_brand":[],"product_cat":[112],"product_tag":[],"class_list":{"0":"post-5264","1":"product","2":"type-product","3":"status-publish","4":"has-post-thumbnail","6":"product_cat-letramento","7":"product_shipping_class-livro-pontes-editores-fisico","9":"first","10":"instock","11":"shipping-taxable","12":"purchasable","13":"product-type-simple"},"yoast_head":"<!-- This site is optimized with the Yoast SEO plugin v27.4 - https:\/\/yoast.com\/product\/yoast-seo-wordpress\/ -->\n<title>LETRAMENTOS NO ENSINO DE L\u00cdNGUA PORTUGUESA: EXPERI\u00caNCIA, AG\u00caNCIA E CR\u00cdTICA - Pontes Editores<\/title>\n<meta name=\"robots\" content=\"index, follow, max-snippet:-1, max-image-preview:large, max-video-preview:-1\" \/>\n<link rel=\"canonical\" href=\"https:\/\/ponteseditores.com.br\/loja3\/pontes-editores-home-2__trashed\/letramento\/produto-459\/\" \/>\n<meta property=\"og:locale\" content=\"pt_BR\" \/>\n<meta property=\"og:type\" content=\"article\" \/>\n<meta property=\"og:title\" content=\"LETRAMENTOS NO ENSINO DE L\u00cdNGUA PORTUGUESA: EXPERI\u00caNCIA, AG\u00caNCIA E CR\u00cdTICA - Pontes Editores\" \/>\n<meta property=\"og:description\" content=\"A terceira gera\u00e7\u00e3o de letramentos (que inclui os multiletramentos, os novos letramentos, os letramentos cr\u00edticos e os digitais) emerge com a premissa de expans\u00e3o da proposta da segunda gera\u00e7\u00e3o. A terceira gera\u00e7\u00e3o se reafirmou diante da percep\u00e7\u00e3o de que os modelos educacionais convencionais adotados em v\u00e1rios pa\u00edses ocidentais n\u00e3o respondiam\/respondem mais \u00e0s necessidades da sociedade [&hellip;]\" \/>\n<meta property=\"og:url\" content=\"https:\/\/ponteseditores.com.br\/loja3\/pontes-editores-home-2__trashed\/letramento\/produto-459\/\" \/>\n<meta property=\"og:site_name\" content=\"Pontes Editores\" \/>\n<meta property=\"article:modified_time\" content=\"2024-06-12T16:23:12+00:00\" \/>\n<meta property=\"og:image\" content=\"https:\/\/ponteseditores.com.br\/loja3\/wp-content\/uploads\/2023\/12\/letramentos-no-ensin-de-lingua-portuguesa-capa-.jpg\" \/>\n\t<meta property=\"og:image:width\" content=\"513\" \/>\n\t<meta property=\"og:image:height\" content=\"768\" \/>\n\t<meta property=\"og:image:type\" content=\"image\/jpeg\" \/>\n<meta name=\"twitter:card\" content=\"summary_large_image\" \/>\n<meta name=\"twitter:label1\" content=\"Est. tempo de leitura\" \/>\n\t<meta name=\"twitter:data1\" content=\"2 minutos\" \/>\n<script type=\"application\/ld+json\" class=\"yoast-schema-graph\">{\"@context\":\"https:\\\/\\\/schema.org\",\"@graph\":[{\"@type\":\"WebPage\",\"@id\":\"https:\\\/\\\/ponteseditores.com.br\\\/loja3\\\/pontes-editores-home-2__trashed\\\/letramento\\\/produto-459\\\/\",\"url\":\"https:\\\/\\\/ponteseditores.com.br\\\/loja3\\\/pontes-editores-home-2__trashed\\\/letramento\\\/produto-459\\\/\",\"name\":\"LETRAMENTOS NO ENSINO DE L\u00cdNGUA PORTUGUESA: EXPERI\u00caNCIA, AG\u00caNCIA E CR\u00cdTICA - Pontes Editores\",\"isPartOf\":{\"@id\":\"https:\\\/\\\/ponteseditores.com.br\\\/loja3\\\/#website\"},\"primaryImageOfPage\":{\"@id\":\"https:\\\/\\\/ponteseditores.com.br\\\/loja3\\\/pontes-editores-home-2__trashed\\\/letramento\\\/produto-459\\\/#primaryimage\"},\"image\":{\"@id\":\"https:\\\/\\\/ponteseditores.com.br\\\/loja3\\\/pontes-editores-home-2__trashed\\\/letramento\\\/produto-459\\\/#primaryimage\"},\"thumbnailUrl\":\"https:\\\/\\\/ponteseditores.com.br\\\/loja3\\\/wp-content\\\/uploads\\\/2023\\\/12\\\/letramentos-no-ensin-de-lingua-portuguesa-capa-.jpg\",\"datePublished\":\"2023-12-11T03:19:23+00:00\",\"dateModified\":\"2024-06-12T16:23:12+00:00\",\"breadcrumb\":{\"@id\":\"https:\\\/\\\/ponteseditores.com.br\\\/loja3\\\/pontes-editores-home-2__trashed\\\/letramento\\\/produto-459\\\/#breadcrumb\"},\"inLanguage\":\"pt-BR\",\"potentialAction\":[{\"@type\":\"ReadAction\",\"target\":[\"https:\\\/\\\/ponteseditores.com.br\\\/loja3\\\/pontes-editores-home-2__trashed\\\/letramento\\\/produto-459\\\/\"]}]},{\"@type\":\"ImageObject\",\"inLanguage\":\"pt-BR\",\"@id\":\"https:\\\/\\\/ponteseditores.com.br\\\/loja3\\\/pontes-editores-home-2__trashed\\\/letramento\\\/produto-459\\\/#primaryimage\",\"url\":\"https:\\\/\\\/ponteseditores.com.br\\\/loja3\\\/wp-content\\\/uploads\\\/2023\\\/12\\\/letramentos-no-ensin-de-lingua-portuguesa-capa-.jpg\",\"contentUrl\":\"https:\\\/\\\/ponteseditores.com.br\\\/loja3\\\/wp-content\\\/uploads\\\/2023\\\/12\\\/letramentos-no-ensin-de-lingua-portuguesa-capa-.jpg\",\"width\":513,\"height\":768},{\"@type\":\"BreadcrumbList\",\"@id\":\"https:\\\/\\\/ponteseditores.com.br\\\/loja3\\\/pontes-editores-home-2__trashed\\\/letramento\\\/produto-459\\\/#breadcrumb\",\"itemListElement\":[{\"@type\":\"ListItem\",\"position\":1,\"name\":\"Home\",\"item\":\"https:\\\/\\\/ponteseditores.com.br\\\/loja3\\\/\"},{\"@type\":\"ListItem\",\"position\":2,\"name\":\"loja\",\"item\":\"https:\\\/\\\/ponteseditores.com.br\\\/loja3\\\/loja\\\/\"},{\"@type\":\"ListItem\",\"position\":3,\"name\":\"LETRAMENTOS NO ENSINO DE L\u00cdNGUA PORTUGUESA: EXPERI\u00caNCIA, AG\u00caNCIA E CR\u00cdTICA\"}]},{\"@type\":\"WebSite\",\"@id\":\"https:\\\/\\\/ponteseditores.com.br\\\/loja3\\\/#website\",\"url\":\"https:\\\/\\\/ponteseditores.com.br\\\/loja3\\\/\",\"name\":\"Pontes Editores\",\"description\":\"Pontes Editores\",\"publisher\":{\"@id\":\"https:\\\/\\\/ponteseditores.com.br\\\/loja3\\\/#organization\"},\"potentialAction\":[{\"@type\":\"SearchAction\",\"target\":{\"@type\":\"EntryPoint\",\"urlTemplate\":\"https:\\\/\\\/ponteseditores.com.br\\\/loja3\\\/?s={search_term_string}\"},\"query-input\":{\"@type\":\"PropertyValueSpecification\",\"valueRequired\":true,\"valueName\":\"search_term_string\"}}],\"inLanguage\":\"pt-BR\"},{\"@type\":\"Organization\",\"@id\":\"https:\\\/\\\/ponteseditores.com.br\\\/loja3\\\/#organization\",\"name\":\"Pontes Editores\",\"url\":\"https:\\\/\\\/ponteseditores.com.br\\\/loja3\\\/\",\"logo\":{\"@type\":\"ImageObject\",\"inLanguage\":\"pt-BR\",\"@id\":\"https:\\\/\\\/ponteseditores.com.br\\\/loja3\\\/#\\\/schema\\\/logo\\\/image\\\/\",\"url\":\"https:\\\/\\\/ponteseditores.com.br\\\/loja3\\\/wp-content\\\/uploads\\\/2023\\\/12\\\/logo-pontes-editores-v2.png\",\"contentUrl\":\"https:\\\/\\\/ponteseditores.com.br\\\/loja3\\\/wp-content\\\/uploads\\\/2023\\\/12\\\/logo-pontes-editores-v2.png\",\"width\":258,\"height\":100,\"caption\":\"Pontes Editores\"},\"image\":{\"@id\":\"https:\\\/\\\/ponteseditores.com.br\\\/loja3\\\/#\\\/schema\\\/logo\\\/image\\\/\"}}]}<\/script>\n<!-- \/ Yoast SEO plugin. -->","yoast_head_json":{"title":"LETRAMENTOS NO ENSINO DE L\u00cdNGUA PORTUGUESA: EXPERI\u00caNCIA, AG\u00caNCIA E CR\u00cdTICA - Pontes Editores","robots":{"index":"index","follow":"follow","max-snippet":"max-snippet:-1","max-image-preview":"max-image-preview:large","max-video-preview":"max-video-preview:-1"},"canonical":"https:\/\/ponteseditores.com.br\/loja3\/pontes-editores-home-2__trashed\/letramento\/produto-459\/","og_locale":"pt_BR","og_type":"article","og_title":"LETRAMENTOS NO ENSINO DE L\u00cdNGUA PORTUGUESA: EXPERI\u00caNCIA, AG\u00caNCIA E CR\u00cdTICA - Pontes Editores","og_description":"A terceira gera\u00e7\u00e3o de letramentos (que inclui os multiletramentos, os novos letramentos, os letramentos cr\u00edticos e os digitais) emerge com a premissa de expans\u00e3o da proposta da segunda gera\u00e7\u00e3o. A terceira gera\u00e7\u00e3o se reafirmou diante da percep\u00e7\u00e3o de que os modelos educacionais convencionais adotados em v\u00e1rios pa\u00edses ocidentais n\u00e3o respondiam\/respondem mais \u00e0s necessidades da sociedade [&hellip;]","og_url":"https:\/\/ponteseditores.com.br\/loja3\/pontes-editores-home-2__trashed\/letramento\/produto-459\/","og_site_name":"Pontes Editores","article_modified_time":"2024-06-12T16:23:12+00:00","og_image":[{"width":513,"height":768,"url":"https:\/\/ponteseditores.com.br\/loja3\/wp-content\/uploads\/2023\/12\/letramentos-no-ensin-de-lingua-portuguesa-capa-.jpg","type":"image\/jpeg"}],"twitter_card":"summary_large_image","twitter_misc":{"Est. tempo de leitura":"2 minutos"},"schema":{"@context":"https:\/\/schema.org","@graph":[{"@type":"WebPage","@id":"https:\/\/ponteseditores.com.br\/loja3\/pontes-editores-home-2__trashed\/letramento\/produto-459\/","url":"https:\/\/ponteseditores.com.br\/loja3\/pontes-editores-home-2__trashed\/letramento\/produto-459\/","name":"LETRAMENTOS NO ENSINO DE L\u00cdNGUA PORTUGUESA: EXPERI\u00caNCIA, AG\u00caNCIA E CR\u00cdTICA - Pontes Editores","isPartOf":{"@id":"https:\/\/ponteseditores.com.br\/loja3\/#website"},"primaryImageOfPage":{"@id":"https:\/\/ponteseditores.com.br\/loja3\/pontes-editores-home-2__trashed\/letramento\/produto-459\/#primaryimage"},"image":{"@id":"https:\/\/ponteseditores.com.br\/loja3\/pontes-editores-home-2__trashed\/letramento\/produto-459\/#primaryimage"},"thumbnailUrl":"https:\/\/ponteseditores.com.br\/loja3\/wp-content\/uploads\/2023\/12\/letramentos-no-ensin-de-lingua-portuguesa-capa-.jpg","datePublished":"2023-12-11T03:19:23+00:00","dateModified":"2024-06-12T16:23:12+00:00","breadcrumb":{"@id":"https:\/\/ponteseditores.com.br\/loja3\/pontes-editores-home-2__trashed\/letramento\/produto-459\/#breadcrumb"},"inLanguage":"pt-BR","potentialAction":[{"@type":"ReadAction","target":["https:\/\/ponteseditores.com.br\/loja3\/pontes-editores-home-2__trashed\/letramento\/produto-459\/"]}]},{"@type":"ImageObject","inLanguage":"pt-BR","@id":"https:\/\/ponteseditores.com.br\/loja3\/pontes-editores-home-2__trashed\/letramento\/produto-459\/#primaryimage","url":"https:\/\/ponteseditores.com.br\/loja3\/wp-content\/uploads\/2023\/12\/letramentos-no-ensin-de-lingua-portuguesa-capa-.jpg","contentUrl":"https:\/\/ponteseditores.com.br\/loja3\/wp-content\/uploads\/2023\/12\/letramentos-no-ensin-de-lingua-portuguesa-capa-.jpg","width":513,"height":768},{"@type":"BreadcrumbList","@id":"https:\/\/ponteseditores.com.br\/loja3\/pontes-editores-home-2__trashed\/letramento\/produto-459\/#breadcrumb","itemListElement":[{"@type":"ListItem","position":1,"name":"Home","item":"https:\/\/ponteseditores.com.br\/loja3\/"},{"@type":"ListItem","position":2,"name":"loja","item":"https:\/\/ponteseditores.com.br\/loja3\/loja\/"},{"@type":"ListItem","position":3,"name":"LETRAMENTOS NO ENSINO DE L\u00cdNGUA PORTUGUESA: EXPERI\u00caNCIA, AG\u00caNCIA E CR\u00cdTICA"}]},{"@type":"WebSite","@id":"https:\/\/ponteseditores.com.br\/loja3\/#website","url":"https:\/\/ponteseditores.com.br\/loja3\/","name":"Pontes Editores","description":"Pontes Editores","publisher":{"@id":"https:\/\/ponteseditores.com.br\/loja3\/#organization"},"potentialAction":[{"@type":"SearchAction","target":{"@type":"EntryPoint","urlTemplate":"https:\/\/ponteseditores.com.br\/loja3\/?s={search_term_string}"},"query-input":{"@type":"PropertyValueSpecification","valueRequired":true,"valueName":"search_term_string"}}],"inLanguage":"pt-BR"},{"@type":"Organization","@id":"https:\/\/ponteseditores.com.br\/loja3\/#organization","name":"Pontes Editores","url":"https:\/\/ponteseditores.com.br\/loja3\/","logo":{"@type":"ImageObject","inLanguage":"pt-BR","@id":"https:\/\/ponteseditores.com.br\/loja3\/#\/schema\/logo\/image\/","url":"https:\/\/ponteseditores.com.br\/loja3\/wp-content\/uploads\/2023\/12\/logo-pontes-editores-v2.png","contentUrl":"https:\/\/ponteseditores.com.br\/loja3\/wp-content\/uploads\/2023\/12\/logo-pontes-editores-v2.png","width":258,"height":100,"caption":"Pontes Editores"},"image":{"@id":"https:\/\/ponteseditores.com.br\/loja3\/#\/schema\/logo\/image\/"}}]}},"_links":{"self":[{"href":"https:\/\/ponteseditores.com.br\/loja3\/wp-json\/wp\/v2\/product\/5264","targetHints":{"allow":["GET"]}}],"collection":[{"href":"https:\/\/ponteseditores.com.br\/loja3\/wp-json\/wp\/v2\/product"}],"about":[{"href":"https:\/\/ponteseditores.com.br\/loja3\/wp-json\/wp\/v2\/types\/product"}],"replies":[{"embeddable":true,"href":"https:\/\/ponteseditores.com.br\/loja3\/wp-json\/wp\/v2\/comments?post=5264"}],"version-history":[{"count":0,"href":"https:\/\/ponteseditores.com.br\/loja3\/wp-json\/wp\/v2\/product\/5264\/revisions"}],"wp:featuredmedia":[{"embeddable":true,"href":"https:\/\/ponteseditores.com.br\/loja3\/wp-json\/wp\/v2\/media\/13084"}],"wp:attachment":[{"href":"https:\/\/ponteseditores.com.br\/loja3\/wp-json\/wp\/v2\/media?parent=5264"}],"wp:term":[{"taxonomy":"product_brand","embeddable":true,"href":"https:\/\/ponteseditores.com.br\/loja3\/wp-json\/wp\/v2\/product_brand?post=5264"},{"taxonomy":"product_cat","embeddable":true,"href":"https:\/\/ponteseditores.com.br\/loja3\/wp-json\/wp\/v2\/product_cat?post=5264"},{"taxonomy":"product_tag","embeddable":true,"href":"https:\/\/ponteseditores.com.br\/loja3\/wp-json\/wp\/v2\/product_tag?post=5264"}],"curies":[{"name":"wp","href":"https:\/\/api.w.org\/{rel}","templated":true}]}}