{"id":5263,"date":"2023-12-11T00:19:23","date_gmt":"2023-12-11T03:19:23","guid":{"rendered":"https:\/\/ponteseditores.com.br\/loja3\/produto\/produto-458\/"},"modified":"2023-12-15T14:13:29","modified_gmt":"2023-12-15T17:13:29","slug":"produto-458","status":"publish","type":"product","link":"https:\/\/ponteseditores.com.br\/loja3\/pontes-editores-home-2__trashed\/linguistica\/produto-458\/","title":{"rendered":"Estudos Interdisciplinares em Humanidade: Sociedade, Cultura e Educa\u00e7\u00e3o"},"content":{"rendered":"<p>O que \u00e9 peculiar aos dom\u00ednios das Humanidades \u00e9 justamente o seu car\u00e1ter auto-reflexivo, sobretudo quando se ocupa da reflex\u00e3o do pr\u00f3prio conhecimento, assim como da forma como os objetos e objetivos do conhecimento s\u00e3o produzidos, explicados e compreendidos \u00e0 luz da l\u00edngua, do tempo, do espa\u00e7o, dos s\u00edmbolos, das formas, do pensamento, da sociedade, da arte, da pol\u00edtica, do mercado e, por fim, da vida. Neste sentido, \u00e9 poss\u00edvel observar, em todos os campos do conhecimento \u2013 em termos te\u00f3ricos, pr\u00e1ticos, t\u00e9cnicos \u2013 \u00e1reas que atuam sobre a produ\u00e7\u00e3o de sentido e reflex\u00e3o sobre o pr\u00f3prio conhecimento, as quais tamb\u00e9m podemos considerar como atividade human\u00edstica em geral. Nenhum campo do conhecimento pode prescindir de conhecimento hist\u00f3rico e filos\u00f3fico sobre si mesmo, uma vez que a consolida\u00e7\u00e3o do conhecimento cient\u00edfico s\u00f3 foi poss\u00edvel gra\u00e7as \u00e0 a\u00e7\u00e3o humana de muitos pensadores e investigadores que, atrav\u00e9s da reflex\u00e3o, da d\u00favida e do ceticismo permanente, efetivaram a evolu\u00e7\u00e3o de todos os dom\u00ednios da ci\u00eancia e do saber atrav\u00e9s dos tempos. A pr\u00f3pria natureza do conhecimento cient\u00edfico impede esse movimento de aliena\u00e7\u00e3o em dire\u00e7\u00e3o \u00e0 reflex\u00e3o e \u00e0 compreens\u00e3o, de modo que nenhum cosm\u00f3logo, f\u00edsico, bi\u00f3logo ou matem\u00e1tico, entre outros, descarta um profundo mergulho nas origens hist\u00f3ricas e na configura\u00e7\u00e3o filos\u00f3fica de seus pr\u00f3prios dom\u00ednios de atua\u00e7\u00e3o. Portanto, as Humanidades n\u00e3o s\u00e3o as \u00fanicas \u00e1reas do conhecimento cient\u00edfico que t\u00eam o pr\u00f3prio conhecimento como objeto primeiro de sua reflex\u00e3o e investiga\u00e7\u00e3o, mas \u00e9 pr\u00f3prio das \u00e1reas do conhecimento human\u00edstico a pr\u00e1tica do meta-conhecimento e, em fun\u00e7\u00e3o disso, est\u00e3o habilitadas a fornecer \u00e0 sociedade e ao meio acad\u00eamico algo profundamente indispens\u00e1vel ao avan\u00e7o das ci\u00eancias em geral: a capacidade te\u00f3rica e pr\u00e1tica de articular, a partir de um espectro interdisciplinar e multidisciplinar, todos os dom\u00ednios do conhecimento, atrav\u00e9s n\u00e3o apenas de suas matrizes e vertentes simb\u00f3licas, mas tamb\u00e9m epist\u00eamicas e metodol\u00f3gicas, na permanente observa\u00e7\u00e3o, compreens\u00e3o, reflex\u00e3o e den\u00fancia daquilo que t\u00eam de caduco, esclerosado, ultrapassado, e, com isso, criando as condi\u00e7\u00f5es vitais necess\u00e1rias para que surja o novo, a mudan\u00e7a, o avan\u00e7o. Ao longo da hist\u00f3ria, verifica-se com enorme const\u00e2ncia que as Humanidades, ao lado de outros campos do conhecimento, t\u00eam atuado poderosamente no combate e den\u00fancia dos discursos pseudocient\u00edficos e falaciosos em geral, como o racismo cient\u00edfico da eugenia, todas as formas de totalitarismo e autoritarismo pol\u00edtico, na cr\u00edtica constante aos valores sociais que amea\u00e7am derruir todo o edif\u00edcio da conviv\u00eancia humana, enfim, na cont\u00ednua batalha contra todas as formas de amea\u00e7a \u00e0 liberdade de pensamento e investiga\u00e7\u00e3o.<\/p>\n<p>Os organizadores<\/p>\n","protected":false},"excerpt":{"rendered":"<p>O que \u00e9 peculiar aos dom\u00ednios das Humanidades \u00e9 justamente o seu car\u00e1ter auto-reflexivo, sobretudo quando se ocupa da reflex\u00e3o do pr\u00f3prio conhecimento, assim como da forma como os objetos e objetivos do conhecimento s\u00e3o produzidos, explicados e compreendidos \u00e0 luz da l\u00edngua, do tempo, do espa\u00e7o, dos s\u00edmbolos, das formas, do pensamento, da sociedade, [&hellip;]<\/p>\n","protected":false},"featured_media":5262,"comment_status":"open","ping_status":"closed","template":"","meta":{"_joinchat":[]},"product_brand":[],"product_cat":[31],"product_tag":[],"class_list":{"0":"post-5263","1":"product","2":"type-product","3":"status-publish","4":"has-post-thumbnail","6":"product_cat-linguistica","7":"product_shipping_class-livro-pontes-editores-fisico","9":"first","10":"instock","11":"shipping-taxable","12":"purchasable","13":"product-type-simple"},"yoast_head":"<!-- This site is optimized with the Yoast SEO plugin v27.4 - https:\/\/yoast.com\/product\/yoast-seo-wordpress\/ -->\n<title>Estudos Interdisciplinares em Humanidade: Sociedade, Cultura e Educa\u00e7\u00e3o - Pontes Editores<\/title>\n<meta name=\"robots\" content=\"index, follow, max-snippet:-1, max-image-preview:large, max-video-preview:-1\" \/>\n<link rel=\"canonical\" href=\"https:\/\/ponteseditores.com.br\/loja3\/pontes-editores-home-2__trashed\/linguistica\/produto-458\/\" \/>\n<meta property=\"og:locale\" content=\"pt_BR\" \/>\n<meta property=\"og:type\" content=\"article\" \/>\n<meta property=\"og:title\" content=\"Estudos Interdisciplinares em Humanidade: Sociedade, Cultura e Educa\u00e7\u00e3o - Pontes Editores\" \/>\n<meta property=\"og:description\" content=\"O que \u00e9 peculiar aos dom\u00ednios das Humanidades \u00e9 justamente o seu car\u00e1ter auto-reflexivo, sobretudo quando se ocupa da reflex\u00e3o do pr\u00f3prio conhecimento, assim como da forma como os objetos e objetivos do conhecimento s\u00e3o produzidos, explicados e compreendidos \u00e0 luz da l\u00edngua, do tempo, do espa\u00e7o, dos s\u00edmbolos, das formas, do pensamento, da sociedade, [&hellip;]\" \/>\n<meta property=\"og:url\" content=\"https:\/\/ponteseditores.com.br\/loja3\/pontes-editores-home-2__trashed\/linguistica\/produto-458\/\" \/>\n<meta property=\"og:site_name\" content=\"Pontes Editores\" \/>\n<meta property=\"article:modified_time\" content=\"2023-12-15T17:13:29+00:00\" \/>\n<meta property=\"og:image\" content=\"https:\/\/ponteseditores.com.br\/loja3\/wp-content\/uploads\/2023\/12\/capa20humanidades.png\" \/>\n\t<meta property=\"og:image:width\" content=\"558\" \/>\n\t<meta property=\"og:image:height\" content=\"811\" \/>\n\t<meta property=\"og:image:type\" content=\"image\/png\" \/>\n<meta name=\"twitter:card\" content=\"summary_large_image\" \/>\n<meta name=\"twitter:label1\" content=\"Est. tempo de leitura\" \/>\n\t<meta name=\"twitter:data1\" content=\"3 minutos\" \/>\n<script type=\"application\/ld+json\" class=\"yoast-schema-graph\">{\"@context\":\"https:\\\/\\\/schema.org\",\"@graph\":[{\"@type\":\"WebPage\",\"@id\":\"https:\\\/\\\/ponteseditores.com.br\\\/loja3\\\/pontes-editores-home-2__trashed\\\/linguistica\\\/produto-458\\\/\",\"url\":\"https:\\\/\\\/ponteseditores.com.br\\\/loja3\\\/pontes-editores-home-2__trashed\\\/linguistica\\\/produto-458\\\/\",\"name\":\"Estudos Interdisciplinares em Humanidade: Sociedade, Cultura e Educa\u00e7\u00e3o - Pontes Editores\",\"isPartOf\":{\"@id\":\"https:\\\/\\\/ponteseditores.com.br\\\/loja3\\\/#website\"},\"primaryImageOfPage\":{\"@id\":\"https:\\\/\\\/ponteseditores.com.br\\\/loja3\\\/pontes-editores-home-2__trashed\\\/linguistica\\\/produto-458\\\/#primaryimage\"},\"image\":{\"@id\":\"https:\\\/\\\/ponteseditores.com.br\\\/loja3\\\/pontes-editores-home-2__trashed\\\/linguistica\\\/produto-458\\\/#primaryimage\"},\"thumbnailUrl\":\"https:\\\/\\\/ponteseditores.com.br\\\/loja3\\\/wp-content\\\/uploads\\\/2023\\\/12\\\/capa20humanidades.png\",\"datePublished\":\"2023-12-11T03:19:23+00:00\",\"dateModified\":\"2023-12-15T17:13:29+00:00\",\"breadcrumb\":{\"@id\":\"https:\\\/\\\/ponteseditores.com.br\\\/loja3\\\/pontes-editores-home-2__trashed\\\/linguistica\\\/produto-458\\\/#breadcrumb\"},\"inLanguage\":\"pt-BR\",\"potentialAction\":[{\"@type\":\"ReadAction\",\"target\":[\"https:\\\/\\\/ponteseditores.com.br\\\/loja3\\\/pontes-editores-home-2__trashed\\\/linguistica\\\/produto-458\\\/\"]}]},{\"@type\":\"ImageObject\",\"inLanguage\":\"pt-BR\",\"@id\":\"https:\\\/\\\/ponteseditores.com.br\\\/loja3\\\/pontes-editores-home-2__trashed\\\/linguistica\\\/produto-458\\\/#primaryimage\",\"url\":\"https:\\\/\\\/ponteseditores.com.br\\\/loja3\\\/wp-content\\\/uploads\\\/2023\\\/12\\\/capa20humanidades.png\",\"contentUrl\":\"https:\\\/\\\/ponteseditores.com.br\\\/loja3\\\/wp-content\\\/uploads\\\/2023\\\/12\\\/capa20humanidades.png\",\"width\":558,\"height\":811},{\"@type\":\"BreadcrumbList\",\"@id\":\"https:\\\/\\\/ponteseditores.com.br\\\/loja3\\\/pontes-editores-home-2__trashed\\\/linguistica\\\/produto-458\\\/#breadcrumb\",\"itemListElement\":[{\"@type\":\"ListItem\",\"position\":1,\"name\":\"Home\",\"item\":\"https:\\\/\\\/ponteseditores.com.br\\\/loja3\\\/\"},{\"@type\":\"ListItem\",\"position\":2,\"name\":\"loja\",\"item\":\"https:\\\/\\\/ponteseditores.com.br\\\/loja3\\\/loja\\\/\"},{\"@type\":\"ListItem\",\"position\":3,\"name\":\"Estudos Interdisciplinares em Humanidade: Sociedade, Cultura e Educa\u00e7\u00e3o\"}]},{\"@type\":\"WebSite\",\"@id\":\"https:\\\/\\\/ponteseditores.com.br\\\/loja3\\\/#website\",\"url\":\"https:\\\/\\\/ponteseditores.com.br\\\/loja3\\\/\",\"name\":\"Pontes Editores\",\"description\":\"Pontes Editores\",\"publisher\":{\"@id\":\"https:\\\/\\\/ponteseditores.com.br\\\/loja3\\\/#organization\"},\"potentialAction\":[{\"@type\":\"SearchAction\",\"target\":{\"@type\":\"EntryPoint\",\"urlTemplate\":\"https:\\\/\\\/ponteseditores.com.br\\\/loja3\\\/?s={search_term_string}\"},\"query-input\":{\"@type\":\"PropertyValueSpecification\",\"valueRequired\":true,\"valueName\":\"search_term_string\"}}],\"inLanguage\":\"pt-BR\"},{\"@type\":\"Organization\",\"@id\":\"https:\\\/\\\/ponteseditores.com.br\\\/loja3\\\/#organization\",\"name\":\"Pontes Editores\",\"url\":\"https:\\\/\\\/ponteseditores.com.br\\\/loja3\\\/\",\"logo\":{\"@type\":\"ImageObject\",\"inLanguage\":\"pt-BR\",\"@id\":\"https:\\\/\\\/ponteseditores.com.br\\\/loja3\\\/#\\\/schema\\\/logo\\\/image\\\/\",\"url\":\"https:\\\/\\\/ponteseditores.com.br\\\/loja3\\\/wp-content\\\/uploads\\\/2023\\\/12\\\/logo-pontes-editores-v2.png\",\"contentUrl\":\"https:\\\/\\\/ponteseditores.com.br\\\/loja3\\\/wp-content\\\/uploads\\\/2023\\\/12\\\/logo-pontes-editores-v2.png\",\"width\":258,\"height\":100,\"caption\":\"Pontes Editores\"},\"image\":{\"@id\":\"https:\\\/\\\/ponteseditores.com.br\\\/loja3\\\/#\\\/schema\\\/logo\\\/image\\\/\"}}]}<\/script>\n<!-- \/ Yoast SEO plugin. -->","yoast_head_json":{"title":"Estudos Interdisciplinares em Humanidade: Sociedade, Cultura e Educa\u00e7\u00e3o - Pontes Editores","robots":{"index":"index","follow":"follow","max-snippet":"max-snippet:-1","max-image-preview":"max-image-preview:large","max-video-preview":"max-video-preview:-1"},"canonical":"https:\/\/ponteseditores.com.br\/loja3\/pontes-editores-home-2__trashed\/linguistica\/produto-458\/","og_locale":"pt_BR","og_type":"article","og_title":"Estudos Interdisciplinares em Humanidade: Sociedade, Cultura e Educa\u00e7\u00e3o - Pontes Editores","og_description":"O que \u00e9 peculiar aos dom\u00ednios das Humanidades \u00e9 justamente o seu car\u00e1ter auto-reflexivo, sobretudo quando se ocupa da reflex\u00e3o do pr\u00f3prio conhecimento, assim como da forma como os objetos e objetivos do conhecimento s\u00e3o produzidos, explicados e compreendidos \u00e0 luz da l\u00edngua, do tempo, do espa\u00e7o, dos s\u00edmbolos, das formas, do pensamento, da sociedade, [&hellip;]","og_url":"https:\/\/ponteseditores.com.br\/loja3\/pontes-editores-home-2__trashed\/linguistica\/produto-458\/","og_site_name":"Pontes Editores","article_modified_time":"2023-12-15T17:13:29+00:00","og_image":[{"width":558,"height":811,"url":"https:\/\/ponteseditores.com.br\/loja3\/wp-content\/uploads\/2023\/12\/capa20humanidades.png","type":"image\/png"}],"twitter_card":"summary_large_image","twitter_misc":{"Est. tempo de leitura":"3 minutos"},"schema":{"@context":"https:\/\/schema.org","@graph":[{"@type":"WebPage","@id":"https:\/\/ponteseditores.com.br\/loja3\/pontes-editores-home-2__trashed\/linguistica\/produto-458\/","url":"https:\/\/ponteseditores.com.br\/loja3\/pontes-editores-home-2__trashed\/linguistica\/produto-458\/","name":"Estudos Interdisciplinares em Humanidade: Sociedade, Cultura e Educa\u00e7\u00e3o - Pontes Editores","isPartOf":{"@id":"https:\/\/ponteseditores.com.br\/loja3\/#website"},"primaryImageOfPage":{"@id":"https:\/\/ponteseditores.com.br\/loja3\/pontes-editores-home-2__trashed\/linguistica\/produto-458\/#primaryimage"},"image":{"@id":"https:\/\/ponteseditores.com.br\/loja3\/pontes-editores-home-2__trashed\/linguistica\/produto-458\/#primaryimage"},"thumbnailUrl":"https:\/\/ponteseditores.com.br\/loja3\/wp-content\/uploads\/2023\/12\/capa20humanidades.png","datePublished":"2023-12-11T03:19:23+00:00","dateModified":"2023-12-15T17:13:29+00:00","breadcrumb":{"@id":"https:\/\/ponteseditores.com.br\/loja3\/pontes-editores-home-2__trashed\/linguistica\/produto-458\/#breadcrumb"},"inLanguage":"pt-BR","potentialAction":[{"@type":"ReadAction","target":["https:\/\/ponteseditores.com.br\/loja3\/pontes-editores-home-2__trashed\/linguistica\/produto-458\/"]}]},{"@type":"ImageObject","inLanguage":"pt-BR","@id":"https:\/\/ponteseditores.com.br\/loja3\/pontes-editores-home-2__trashed\/linguistica\/produto-458\/#primaryimage","url":"https:\/\/ponteseditores.com.br\/loja3\/wp-content\/uploads\/2023\/12\/capa20humanidades.png","contentUrl":"https:\/\/ponteseditores.com.br\/loja3\/wp-content\/uploads\/2023\/12\/capa20humanidades.png","width":558,"height":811},{"@type":"BreadcrumbList","@id":"https:\/\/ponteseditores.com.br\/loja3\/pontes-editores-home-2__trashed\/linguistica\/produto-458\/#breadcrumb","itemListElement":[{"@type":"ListItem","position":1,"name":"Home","item":"https:\/\/ponteseditores.com.br\/loja3\/"},{"@type":"ListItem","position":2,"name":"loja","item":"https:\/\/ponteseditores.com.br\/loja3\/loja\/"},{"@type":"ListItem","position":3,"name":"Estudos Interdisciplinares em Humanidade: Sociedade, Cultura e Educa\u00e7\u00e3o"}]},{"@type":"WebSite","@id":"https:\/\/ponteseditores.com.br\/loja3\/#website","url":"https:\/\/ponteseditores.com.br\/loja3\/","name":"Pontes Editores","description":"Pontes Editores","publisher":{"@id":"https:\/\/ponteseditores.com.br\/loja3\/#organization"},"potentialAction":[{"@type":"SearchAction","target":{"@type":"EntryPoint","urlTemplate":"https:\/\/ponteseditores.com.br\/loja3\/?s={search_term_string}"},"query-input":{"@type":"PropertyValueSpecification","valueRequired":true,"valueName":"search_term_string"}}],"inLanguage":"pt-BR"},{"@type":"Organization","@id":"https:\/\/ponteseditores.com.br\/loja3\/#organization","name":"Pontes Editores","url":"https:\/\/ponteseditores.com.br\/loja3\/","logo":{"@type":"ImageObject","inLanguage":"pt-BR","@id":"https:\/\/ponteseditores.com.br\/loja3\/#\/schema\/logo\/image\/","url":"https:\/\/ponteseditores.com.br\/loja3\/wp-content\/uploads\/2023\/12\/logo-pontes-editores-v2.png","contentUrl":"https:\/\/ponteseditores.com.br\/loja3\/wp-content\/uploads\/2023\/12\/logo-pontes-editores-v2.png","width":258,"height":100,"caption":"Pontes Editores"},"image":{"@id":"https:\/\/ponteseditores.com.br\/loja3\/#\/schema\/logo\/image\/"}}]}},"_links":{"self":[{"href":"https:\/\/ponteseditores.com.br\/loja3\/wp-json\/wp\/v2\/product\/5263","targetHints":{"allow":["GET"]}}],"collection":[{"href":"https:\/\/ponteseditores.com.br\/loja3\/wp-json\/wp\/v2\/product"}],"about":[{"href":"https:\/\/ponteseditores.com.br\/loja3\/wp-json\/wp\/v2\/types\/product"}],"replies":[{"embeddable":true,"href":"https:\/\/ponteseditores.com.br\/loja3\/wp-json\/wp\/v2\/comments?post=5263"}],"version-history":[{"count":0,"href":"https:\/\/ponteseditores.com.br\/loja3\/wp-json\/wp\/v2\/product\/5263\/revisions"}],"wp:featuredmedia":[{"embeddable":true,"href":"https:\/\/ponteseditores.com.br\/loja3\/wp-json\/wp\/v2\/media\/5262"}],"wp:attachment":[{"href":"https:\/\/ponteseditores.com.br\/loja3\/wp-json\/wp\/v2\/media?parent=5263"}],"wp:term":[{"taxonomy":"product_brand","embeddable":true,"href":"https:\/\/ponteseditores.com.br\/loja3\/wp-json\/wp\/v2\/product_brand?post=5263"},{"taxonomy":"product_cat","embeddable":true,"href":"https:\/\/ponteseditores.com.br\/loja3\/wp-json\/wp\/v2\/product_cat?post=5263"},{"taxonomy":"product_tag","embeddable":true,"href":"https:\/\/ponteseditores.com.br\/loja3\/wp-json\/wp\/v2\/product_tag?post=5263"}],"curies":[{"name":"wp","href":"https:\/\/api.w.org\/{rel}","templated":true}]}}