{"id":5206,"date":"2023-12-11T00:16:25","date_gmt":"2023-12-11T03:16:25","guid":{"rendered":"https:\/\/ponteseditores.com.br\/loja3\/produto\/produto-429\/"},"modified":"2026-04-03T10:35:00","modified_gmt":"2026-04-03T13:35:00","slug":"produto-429","status":"publish","type":"product","link":"https:\/\/ponteseditores.com.br\/loja3\/pontes-editores-home-2__trashed\/inclusao-e-diversidade\/produto-429\/","title":{"rendered":"DI\u00c1LOGOS SOBRE INCLUS\u00c3O: das pol\u00edticas \u00e0s pr\u00e1ticas na forma\u00e7\u00e3o  de professores de l\u00ednguas estrangeiras"},"content":{"rendered":"<p>Este livro \u00e9 fruto de uma pesquisa de est\u00e1gio de p\u00f3s-doutoramento, desenvolvida ao longo de 2016 no Programa de P\u00f3s-gradua\u00e7\u00e3o em Lingu\u00edstica Aplicada e Estudos da Linguagem (LAEL-PUC), cujo objetivo foi elaborar uma cartografia que representasse a compreens\u00e3o de como a inclus\u00e3o escolar de pessoas com defici\u00eancia tem se constitu\u00eddo como objeto de investiga\u00e7\u00e3o no \u00e2mbito de uma Lingu\u00edstica Aplicada transdisciplinar e cr\u00edtica na \u00e1rea de forma\u00e7\u00e3o de professores de l\u00edngua estrangeira no Brasil. Sendo assim, os linguistas aplicados, autores deste livro, est\u00e3o dentre aqueles que se dedicam a diferentes aspectos da inclus\u00e3o sem desconsiderar, no entanto, a reflex\u00e3o sobre uma forma\u00e7\u00e3o inicial que prepare para um ensino que deve ter, sobretudo, uma responsabilidade social.<\/p>\n","protected":false},"excerpt":{"rendered":"<p>Este livro \u00e9 fruto de uma pesquisa de est\u00e1gio de p\u00f3s-doutoramento, desenvolvida ao longo de 2016 no Programa de P\u00f3s-gradua\u00e7\u00e3o em Lingu\u00edstica Aplicada e Estudos da Linguagem (LAEL-PUC), cujo objetivo foi elaborar uma cartografia que representasse a compreens\u00e3o de como a inclus\u00e3o escolar de pessoas com defici\u00eancia tem se constitu\u00eddo como objeto de investiga\u00e7\u00e3o no [&hellip;]<\/p>\n","protected":false},"featured_media":5205,"comment_status":"open","ping_status":"closed","template":"","meta":{"_joinchat":[]},"product_brand":[],"product_cat":[300],"product_tag":[],"class_list":{"0":"post-5206","1":"product","2":"type-product","3":"status-publish","4":"has-post-thumbnail","6":"product_cat-inclusao-e-diversidade","7":"product_shipping_class-livro-pontes-editores-fisico","9":"first","10":"instock","11":"shipping-taxable","12":"purchasable","13":"product-type-simple"},"yoast_head":"<!-- This site is optimized with the Yoast SEO plugin v27.4 - https:\/\/yoast.com\/product\/yoast-seo-wordpress\/ -->\n<title>DI\u00c1LOGOS SOBRE INCLUS\u00c3O: das pol\u00edticas \u00e0s pr\u00e1ticas na forma\u00e7\u00e3o de professores de l\u00ednguas estrangeiras - Pontes Editores<\/title>\n<meta name=\"robots\" content=\"index, follow, max-snippet:-1, max-image-preview:large, max-video-preview:-1\" \/>\n<link rel=\"canonical\" href=\"https:\/\/ponteseditores.com.br\/loja3\/pontes-editores-home-2__trashed\/inclusao-e-diversidade\/produto-429\/\" \/>\n<meta property=\"og:locale\" content=\"pt_BR\" \/>\n<meta property=\"og:type\" content=\"article\" \/>\n<meta property=\"og:title\" content=\"DI\u00c1LOGOS SOBRE INCLUS\u00c3O: das pol\u00edticas \u00e0s pr\u00e1ticas na forma\u00e7\u00e3o de professores de l\u00ednguas estrangeiras - Pontes Editores\" \/>\n<meta property=\"og:description\" content=\"Este livro \u00e9 fruto de uma pesquisa de est\u00e1gio de p\u00f3s-doutoramento, desenvolvida ao longo de 2016 no Programa de P\u00f3s-gradua\u00e7\u00e3o em Lingu\u00edstica Aplicada e Estudos da Linguagem (LAEL-PUC), cujo objetivo foi elaborar uma cartografia que representasse a compreens\u00e3o de como a inclus\u00e3o escolar de pessoas com defici\u00eancia tem se constitu\u00eddo como objeto de investiga\u00e7\u00e3o no [&hellip;]\" \/>\n<meta property=\"og:url\" content=\"https:\/\/ponteseditores.com.br\/loja3\/pontes-editores-home-2__trashed\/inclusao-e-diversidade\/produto-429\/\" \/>\n<meta property=\"og:site_name\" content=\"Pontes Editores\" \/>\n<meta property=\"article:modified_time\" content=\"2026-04-03T13:35:00+00:00\" \/>\n<meta property=\"og:image\" content=\"https:\/\/ponteseditores.com.br\/loja3\/wp-content\/uploads\/2023\/12\/capa20dialogo1.jpg\" \/>\n\t<meta property=\"og:image:width\" content=\"502\" \/>\n\t<meta property=\"og:image:height\" content=\"768\" \/>\n\t<meta property=\"og:image:type\" content=\"image\/jpeg\" \/>\n<meta name=\"twitter:card\" content=\"summary_large_image\" \/>\n<meta name=\"twitter:label1\" content=\"Est. tempo de leitura\" \/>\n\t<meta name=\"twitter:data1\" content=\"1 minuto\" \/>\n<script type=\"application\/ld+json\" class=\"yoast-schema-graph\">{\"@context\":\"https:\\\/\\\/schema.org\",\"@graph\":[{\"@type\":\"WebPage\",\"@id\":\"https:\\\/\\\/ponteseditores.com.br\\\/loja3\\\/pontes-editores-home-2__trashed\\\/inclusao-e-diversidade\\\/produto-429\\\/\",\"url\":\"https:\\\/\\\/ponteseditores.com.br\\\/loja3\\\/pontes-editores-home-2__trashed\\\/inclusao-e-diversidade\\\/produto-429\\\/\",\"name\":\"DI\u00c1LOGOS SOBRE INCLUS\u00c3O: das pol\u00edticas \u00e0s pr\u00e1ticas na forma\u00e7\u00e3o de professores de l\u00ednguas estrangeiras - Pontes Editores\",\"isPartOf\":{\"@id\":\"https:\\\/\\\/ponteseditores.com.br\\\/loja3\\\/#website\"},\"primaryImageOfPage\":{\"@id\":\"https:\\\/\\\/ponteseditores.com.br\\\/loja3\\\/pontes-editores-home-2__trashed\\\/inclusao-e-diversidade\\\/produto-429\\\/#primaryimage\"},\"image\":{\"@id\":\"https:\\\/\\\/ponteseditores.com.br\\\/loja3\\\/pontes-editores-home-2__trashed\\\/inclusao-e-diversidade\\\/produto-429\\\/#primaryimage\"},\"thumbnailUrl\":\"https:\\\/\\\/ponteseditores.com.br\\\/loja3\\\/wp-content\\\/uploads\\\/2023\\\/12\\\/capa20dialogo1.jpg\",\"datePublished\":\"2023-12-11T03:16:25+00:00\",\"dateModified\":\"2026-04-03T13:35:00+00:00\",\"breadcrumb\":{\"@id\":\"https:\\\/\\\/ponteseditores.com.br\\\/loja3\\\/pontes-editores-home-2__trashed\\\/inclusao-e-diversidade\\\/produto-429\\\/#breadcrumb\"},\"inLanguage\":\"pt-BR\",\"potentialAction\":[{\"@type\":\"ReadAction\",\"target\":[\"https:\\\/\\\/ponteseditores.com.br\\\/loja3\\\/pontes-editores-home-2__trashed\\\/inclusao-e-diversidade\\\/produto-429\\\/\"]}]},{\"@type\":\"ImageObject\",\"inLanguage\":\"pt-BR\",\"@id\":\"https:\\\/\\\/ponteseditores.com.br\\\/loja3\\\/pontes-editores-home-2__trashed\\\/inclusao-e-diversidade\\\/produto-429\\\/#primaryimage\",\"url\":\"https:\\\/\\\/ponteseditores.com.br\\\/loja3\\\/wp-content\\\/uploads\\\/2023\\\/12\\\/capa20dialogo1.jpg\",\"contentUrl\":\"https:\\\/\\\/ponteseditores.com.br\\\/loja3\\\/wp-content\\\/uploads\\\/2023\\\/12\\\/capa20dialogo1.jpg\",\"width\":502,\"height\":768},{\"@type\":\"BreadcrumbList\",\"@id\":\"https:\\\/\\\/ponteseditores.com.br\\\/loja3\\\/pontes-editores-home-2__trashed\\\/inclusao-e-diversidade\\\/produto-429\\\/#breadcrumb\",\"itemListElement\":[{\"@type\":\"ListItem\",\"position\":1,\"name\":\"Home\",\"item\":\"https:\\\/\\\/ponteseditores.com.br\\\/loja3\\\/\"},{\"@type\":\"ListItem\",\"position\":2,\"name\":\"loja\",\"item\":\"https:\\\/\\\/ponteseditores.com.br\\\/loja3\\\/loja\\\/\"},{\"@type\":\"ListItem\",\"position\":3,\"name\":\"DI\u00c1LOGOS SOBRE INCLUS\u00c3O: das pol\u00edticas \u00e0s pr\u00e1ticas na forma\u00e7\u00e3o de professores de l\u00ednguas estrangeiras\"}]},{\"@type\":\"WebSite\",\"@id\":\"https:\\\/\\\/ponteseditores.com.br\\\/loja3\\\/#website\",\"url\":\"https:\\\/\\\/ponteseditores.com.br\\\/loja3\\\/\",\"name\":\"Pontes Editores\",\"description\":\"Pontes Editores\",\"publisher\":{\"@id\":\"https:\\\/\\\/ponteseditores.com.br\\\/loja3\\\/#organization\"},\"potentialAction\":[{\"@type\":\"SearchAction\",\"target\":{\"@type\":\"EntryPoint\",\"urlTemplate\":\"https:\\\/\\\/ponteseditores.com.br\\\/loja3\\\/?s={search_term_string}\"},\"query-input\":{\"@type\":\"PropertyValueSpecification\",\"valueRequired\":true,\"valueName\":\"search_term_string\"}}],\"inLanguage\":\"pt-BR\"},{\"@type\":\"Organization\",\"@id\":\"https:\\\/\\\/ponteseditores.com.br\\\/loja3\\\/#organization\",\"name\":\"Pontes Editores\",\"url\":\"https:\\\/\\\/ponteseditores.com.br\\\/loja3\\\/\",\"logo\":{\"@type\":\"ImageObject\",\"inLanguage\":\"pt-BR\",\"@id\":\"https:\\\/\\\/ponteseditores.com.br\\\/loja3\\\/#\\\/schema\\\/logo\\\/image\\\/\",\"url\":\"https:\\\/\\\/ponteseditores.com.br\\\/loja3\\\/wp-content\\\/uploads\\\/2023\\\/12\\\/logo-pontes-editores-v2.png\",\"contentUrl\":\"https:\\\/\\\/ponteseditores.com.br\\\/loja3\\\/wp-content\\\/uploads\\\/2023\\\/12\\\/logo-pontes-editores-v2.png\",\"width\":258,\"height\":100,\"caption\":\"Pontes Editores\"},\"image\":{\"@id\":\"https:\\\/\\\/ponteseditores.com.br\\\/loja3\\\/#\\\/schema\\\/logo\\\/image\\\/\"}}]}<\/script>\n<!-- \/ Yoast SEO plugin. -->","yoast_head_json":{"title":"DI\u00c1LOGOS SOBRE INCLUS\u00c3O: das pol\u00edticas \u00e0s pr\u00e1ticas na forma\u00e7\u00e3o de professores de l\u00ednguas estrangeiras - Pontes Editores","robots":{"index":"index","follow":"follow","max-snippet":"max-snippet:-1","max-image-preview":"max-image-preview:large","max-video-preview":"max-video-preview:-1"},"canonical":"https:\/\/ponteseditores.com.br\/loja3\/pontes-editores-home-2__trashed\/inclusao-e-diversidade\/produto-429\/","og_locale":"pt_BR","og_type":"article","og_title":"DI\u00c1LOGOS SOBRE INCLUS\u00c3O: das pol\u00edticas \u00e0s pr\u00e1ticas na forma\u00e7\u00e3o de professores de l\u00ednguas estrangeiras - Pontes Editores","og_description":"Este livro \u00e9 fruto de uma pesquisa de est\u00e1gio de p\u00f3s-doutoramento, desenvolvida ao longo de 2016 no Programa de P\u00f3s-gradua\u00e7\u00e3o em Lingu\u00edstica Aplicada e Estudos da Linguagem (LAEL-PUC), cujo objetivo foi elaborar uma cartografia que representasse a compreens\u00e3o de como a inclus\u00e3o escolar de pessoas com defici\u00eancia tem se constitu\u00eddo como objeto de investiga\u00e7\u00e3o no [&hellip;]","og_url":"https:\/\/ponteseditores.com.br\/loja3\/pontes-editores-home-2__trashed\/inclusao-e-diversidade\/produto-429\/","og_site_name":"Pontes Editores","article_modified_time":"2026-04-03T13:35:00+00:00","og_image":[{"width":502,"height":768,"url":"https:\/\/ponteseditores.com.br\/loja3\/wp-content\/uploads\/2023\/12\/capa20dialogo1.jpg","type":"image\/jpeg"}],"twitter_card":"summary_large_image","twitter_misc":{"Est. tempo de leitura":"1 minuto"},"schema":{"@context":"https:\/\/schema.org","@graph":[{"@type":"WebPage","@id":"https:\/\/ponteseditores.com.br\/loja3\/pontes-editores-home-2__trashed\/inclusao-e-diversidade\/produto-429\/","url":"https:\/\/ponteseditores.com.br\/loja3\/pontes-editores-home-2__trashed\/inclusao-e-diversidade\/produto-429\/","name":"DI\u00c1LOGOS SOBRE INCLUS\u00c3O: das pol\u00edticas \u00e0s pr\u00e1ticas na forma\u00e7\u00e3o de professores de l\u00ednguas estrangeiras - Pontes Editores","isPartOf":{"@id":"https:\/\/ponteseditores.com.br\/loja3\/#website"},"primaryImageOfPage":{"@id":"https:\/\/ponteseditores.com.br\/loja3\/pontes-editores-home-2__trashed\/inclusao-e-diversidade\/produto-429\/#primaryimage"},"image":{"@id":"https:\/\/ponteseditores.com.br\/loja3\/pontes-editores-home-2__trashed\/inclusao-e-diversidade\/produto-429\/#primaryimage"},"thumbnailUrl":"https:\/\/ponteseditores.com.br\/loja3\/wp-content\/uploads\/2023\/12\/capa20dialogo1.jpg","datePublished":"2023-12-11T03:16:25+00:00","dateModified":"2026-04-03T13:35:00+00:00","breadcrumb":{"@id":"https:\/\/ponteseditores.com.br\/loja3\/pontes-editores-home-2__trashed\/inclusao-e-diversidade\/produto-429\/#breadcrumb"},"inLanguage":"pt-BR","potentialAction":[{"@type":"ReadAction","target":["https:\/\/ponteseditores.com.br\/loja3\/pontes-editores-home-2__trashed\/inclusao-e-diversidade\/produto-429\/"]}]},{"@type":"ImageObject","inLanguage":"pt-BR","@id":"https:\/\/ponteseditores.com.br\/loja3\/pontes-editores-home-2__trashed\/inclusao-e-diversidade\/produto-429\/#primaryimage","url":"https:\/\/ponteseditores.com.br\/loja3\/wp-content\/uploads\/2023\/12\/capa20dialogo1.jpg","contentUrl":"https:\/\/ponteseditores.com.br\/loja3\/wp-content\/uploads\/2023\/12\/capa20dialogo1.jpg","width":502,"height":768},{"@type":"BreadcrumbList","@id":"https:\/\/ponteseditores.com.br\/loja3\/pontes-editores-home-2__trashed\/inclusao-e-diversidade\/produto-429\/#breadcrumb","itemListElement":[{"@type":"ListItem","position":1,"name":"Home","item":"https:\/\/ponteseditores.com.br\/loja3\/"},{"@type":"ListItem","position":2,"name":"loja","item":"https:\/\/ponteseditores.com.br\/loja3\/loja\/"},{"@type":"ListItem","position":3,"name":"DI\u00c1LOGOS SOBRE INCLUS\u00c3O: das pol\u00edticas \u00e0s pr\u00e1ticas na forma\u00e7\u00e3o de professores de l\u00ednguas estrangeiras"}]},{"@type":"WebSite","@id":"https:\/\/ponteseditores.com.br\/loja3\/#website","url":"https:\/\/ponteseditores.com.br\/loja3\/","name":"Pontes Editores","description":"Pontes Editores","publisher":{"@id":"https:\/\/ponteseditores.com.br\/loja3\/#organization"},"potentialAction":[{"@type":"SearchAction","target":{"@type":"EntryPoint","urlTemplate":"https:\/\/ponteseditores.com.br\/loja3\/?s={search_term_string}"},"query-input":{"@type":"PropertyValueSpecification","valueRequired":true,"valueName":"search_term_string"}}],"inLanguage":"pt-BR"},{"@type":"Organization","@id":"https:\/\/ponteseditores.com.br\/loja3\/#organization","name":"Pontes Editores","url":"https:\/\/ponteseditores.com.br\/loja3\/","logo":{"@type":"ImageObject","inLanguage":"pt-BR","@id":"https:\/\/ponteseditores.com.br\/loja3\/#\/schema\/logo\/image\/","url":"https:\/\/ponteseditores.com.br\/loja3\/wp-content\/uploads\/2023\/12\/logo-pontes-editores-v2.png","contentUrl":"https:\/\/ponteseditores.com.br\/loja3\/wp-content\/uploads\/2023\/12\/logo-pontes-editores-v2.png","width":258,"height":100,"caption":"Pontes Editores"},"image":{"@id":"https:\/\/ponteseditores.com.br\/loja3\/#\/schema\/logo\/image\/"}}]}},"_links":{"self":[{"href":"https:\/\/ponteseditores.com.br\/loja3\/wp-json\/wp\/v2\/product\/5206","targetHints":{"allow":["GET"]}}],"collection":[{"href":"https:\/\/ponteseditores.com.br\/loja3\/wp-json\/wp\/v2\/product"}],"about":[{"href":"https:\/\/ponteseditores.com.br\/loja3\/wp-json\/wp\/v2\/types\/product"}],"replies":[{"embeddable":true,"href":"https:\/\/ponteseditores.com.br\/loja3\/wp-json\/wp\/v2\/comments?post=5206"}],"version-history":[{"count":0,"href":"https:\/\/ponteseditores.com.br\/loja3\/wp-json\/wp\/v2\/product\/5206\/revisions"}],"wp:featuredmedia":[{"embeddable":true,"href":"https:\/\/ponteseditores.com.br\/loja3\/wp-json\/wp\/v2\/media\/5205"}],"wp:attachment":[{"href":"https:\/\/ponteseditores.com.br\/loja3\/wp-json\/wp\/v2\/media?parent=5206"}],"wp:term":[{"taxonomy":"product_brand","embeddable":true,"href":"https:\/\/ponteseditores.com.br\/loja3\/wp-json\/wp\/v2\/product_brand?post=5206"},{"taxonomy":"product_cat","embeddable":true,"href":"https:\/\/ponteseditores.com.br\/loja3\/wp-json\/wp\/v2\/product_cat?post=5206"},{"taxonomy":"product_tag","embeddable":true,"href":"https:\/\/ponteseditores.com.br\/loja3\/wp-json\/wp\/v2\/product_tag?post=5206"}],"curies":[{"name":"wp","href":"https:\/\/api.w.org\/{rel}","templated":true}]}}