{"id":5149,"date":"2023-12-11T00:15:59","date_gmt":"2023-12-11T03:15:59","guid":{"rendered":"https:\/\/ponteseditores.com.br\/loja3\/produto\/produto-400\/"},"modified":"2024-05-20T16:32:57","modified_gmt":"2024-05-20T19:32:57","slug":"produto-400","status":"publish","type":"product","link":"https:\/\/ponteseditores.com.br\/loja3\/pontes-editores-home-2__trashed\/meios-auxiliares-do-ensino\/produto-400\/","title":{"rendered":"FORMA\u00c7\u00c3O DE PROFESSORES E DEMANDAS EDUCACIONAIS:  PNE, INCLUS\u00c3O,EST\u00c1GIO E PIBID"},"content":{"rendered":"<p>Apresentamos uma obra composta pelas diferentes vozes preocupadas em discutir e compreender os meandros percorridos pela educa\u00e7\u00e3o brasileira nestas primeiras d\u00e9cadas do s\u00e9culo XXI. Vozes estimuladas a problematizar o compasso desta jornada em rela\u00e7\u00e3o aos reflexos provocados nas institui\u00e7\u00f5es educacionais no estado de Goi\u00e1s e que influenciam diretamente no processo de ensino e de aprendizagem nos diferentes n\u00edveis de ensino. O avan\u00e7o das tecnologias educacionais, a presen\u00e7a efetiva de alunos com defici\u00eancias nos diferentes n\u00edveis de ensino, a necessidade de amplia\u00e7\u00e3o dos espa\u00e7os formais e n\u00e3o formais para a realiza\u00e7\u00e3o dos est\u00e1gios supervisionados, as perspectivas esperadas nas 21 metas da Lei Federal 13.005, de 25 de junho de 2014 \u2013 Plano Nacional de Educa\u00e7\u00e3o que provocar\u00e1 o realinhamento das pol\u00edticas p\u00fablicas educacionais para os pr\u00f3ximos 10 anos. O resultado destas discuss\u00f5es est\u00e1 expresso nos cap\u00edtulos deste livro.<\/p>\n","protected":false},"excerpt":{"rendered":"<p>Apresentamos uma obra composta pelas diferentes vozes preocupadas em discutir e compreender os meandros percorridos pela educa\u00e7\u00e3o brasileira nestas primeiras d\u00e9cadas do s\u00e9culo XXI. Vozes estimuladas a problematizar o compasso desta jornada em rela\u00e7\u00e3o aos reflexos provocados nas institui\u00e7\u00f5es educacionais no estado de Goi\u00e1s e que influenciam diretamente no processo de ensino e de aprendizagem [&hellip;]<\/p>\n","protected":false},"featured_media":12517,"comment_status":"open","ping_status":"closed","template":"","meta":{"_joinchat":[]},"product_brand":[],"product_cat":[293],"product_tag":[],"class_list":{"0":"post-5149","1":"product","2":"type-product","3":"status-publish","4":"has-post-thumbnail","6":"product_cat-meios-auxiliares-do-ensino","7":"product_shipping_class-livro-pontes-editores-fisico","9":"first","10":"instock","11":"shipping-taxable","12":"purchasable","13":"product-type-simple"},"yoast_head":"<!-- This site is optimized with the Yoast SEO plugin v27.4 - https:\/\/yoast.com\/product\/yoast-seo-wordpress\/ -->\n<title>FORMA\u00c7\u00c3O DE PROFESSORES E DEMANDAS EDUCACIONAIS: PNE, INCLUS\u00c3O,EST\u00c1GIO E PIBID - Pontes Editores<\/title>\n<meta name=\"robots\" content=\"index, follow, max-snippet:-1, max-image-preview:large, max-video-preview:-1\" \/>\n<link rel=\"canonical\" href=\"https:\/\/ponteseditores.com.br\/loja3\/pontes-editores-home-2__trashed\/meios-auxiliares-do-ensino\/produto-400\/\" \/>\n<meta property=\"og:locale\" content=\"pt_BR\" \/>\n<meta property=\"og:type\" content=\"article\" \/>\n<meta property=\"og:title\" content=\"FORMA\u00c7\u00c3O DE PROFESSORES E DEMANDAS EDUCACIONAIS: PNE, INCLUS\u00c3O,EST\u00c1GIO E PIBID - Pontes Editores\" \/>\n<meta property=\"og:description\" content=\"Apresentamos uma obra composta pelas diferentes vozes preocupadas em discutir e compreender os meandros percorridos pela educa\u00e7\u00e3o brasileira nestas primeiras d\u00e9cadas do s\u00e9culo XXI. Vozes estimuladas a problematizar o compasso desta jornada em rela\u00e7\u00e3o aos reflexos provocados nas institui\u00e7\u00f5es educacionais no estado de Goi\u00e1s e que influenciam diretamente no processo de ensino e de aprendizagem [&hellip;]\" \/>\n<meta property=\"og:url\" content=\"https:\/\/ponteseditores.com.br\/loja3\/pontes-editores-home-2__trashed\/meios-auxiliares-do-ensino\/produto-400\/\" \/>\n<meta property=\"og:site_name\" content=\"Pontes Editores\" \/>\n<meta property=\"article:modified_time\" content=\"2024-05-20T19:32:57+00:00\" \/>\n<meta property=\"og:image\" content=\"https:\/\/ponteseditores.com.br\/loja3\/wp-content\/uploads\/2023\/12\/formacao-de-professores-e-demandas-educacionais-capa.jpg\" \/>\n\t<meta property=\"og:image:width\" content=\"515\" \/>\n\t<meta property=\"og:image:height\" content=\"768\" \/>\n\t<meta property=\"og:image:type\" content=\"image\/jpeg\" \/>\n<meta name=\"twitter:card\" content=\"summary_large_image\" \/>\n<meta name=\"twitter:label1\" content=\"Est. tempo de leitura\" \/>\n\t<meta name=\"twitter:data1\" content=\"1 minuto\" \/>\n<script type=\"application\/ld+json\" class=\"yoast-schema-graph\">{\"@context\":\"https:\\\/\\\/schema.org\",\"@graph\":[{\"@type\":\"WebPage\",\"@id\":\"https:\\\/\\\/ponteseditores.com.br\\\/loja3\\\/pontes-editores-home-2__trashed\\\/meios-auxiliares-do-ensino\\\/produto-400\\\/\",\"url\":\"https:\\\/\\\/ponteseditores.com.br\\\/loja3\\\/pontes-editores-home-2__trashed\\\/meios-auxiliares-do-ensino\\\/produto-400\\\/\",\"name\":\"FORMA\u00c7\u00c3O DE PROFESSORES E DEMANDAS EDUCACIONAIS: PNE, INCLUS\u00c3O,EST\u00c1GIO E PIBID - Pontes Editores\",\"isPartOf\":{\"@id\":\"https:\\\/\\\/ponteseditores.com.br\\\/loja3\\\/#website\"},\"primaryImageOfPage\":{\"@id\":\"https:\\\/\\\/ponteseditores.com.br\\\/loja3\\\/pontes-editores-home-2__trashed\\\/meios-auxiliares-do-ensino\\\/produto-400\\\/#primaryimage\"},\"image\":{\"@id\":\"https:\\\/\\\/ponteseditores.com.br\\\/loja3\\\/pontes-editores-home-2__trashed\\\/meios-auxiliares-do-ensino\\\/produto-400\\\/#primaryimage\"},\"thumbnailUrl\":\"https:\\\/\\\/ponteseditores.com.br\\\/loja3\\\/wp-content\\\/uploads\\\/2023\\\/12\\\/formacao-de-professores-e-demandas-educacionais-capa.jpg\",\"datePublished\":\"2023-12-11T03:15:59+00:00\",\"dateModified\":\"2024-05-20T19:32:57+00:00\",\"breadcrumb\":{\"@id\":\"https:\\\/\\\/ponteseditores.com.br\\\/loja3\\\/pontes-editores-home-2__trashed\\\/meios-auxiliares-do-ensino\\\/produto-400\\\/#breadcrumb\"},\"inLanguage\":\"pt-BR\",\"potentialAction\":[{\"@type\":\"ReadAction\",\"target\":[\"https:\\\/\\\/ponteseditores.com.br\\\/loja3\\\/pontes-editores-home-2__trashed\\\/meios-auxiliares-do-ensino\\\/produto-400\\\/\"]}]},{\"@type\":\"ImageObject\",\"inLanguage\":\"pt-BR\",\"@id\":\"https:\\\/\\\/ponteseditores.com.br\\\/loja3\\\/pontes-editores-home-2__trashed\\\/meios-auxiliares-do-ensino\\\/produto-400\\\/#primaryimage\",\"url\":\"https:\\\/\\\/ponteseditores.com.br\\\/loja3\\\/wp-content\\\/uploads\\\/2023\\\/12\\\/formacao-de-professores-e-demandas-educacionais-capa.jpg\",\"contentUrl\":\"https:\\\/\\\/ponteseditores.com.br\\\/loja3\\\/wp-content\\\/uploads\\\/2023\\\/12\\\/formacao-de-professores-e-demandas-educacionais-capa.jpg\",\"width\":515,\"height\":768},{\"@type\":\"BreadcrumbList\",\"@id\":\"https:\\\/\\\/ponteseditores.com.br\\\/loja3\\\/pontes-editores-home-2__trashed\\\/meios-auxiliares-do-ensino\\\/produto-400\\\/#breadcrumb\",\"itemListElement\":[{\"@type\":\"ListItem\",\"position\":1,\"name\":\"Home\",\"item\":\"https:\\\/\\\/ponteseditores.com.br\\\/loja3\\\/\"},{\"@type\":\"ListItem\",\"position\":2,\"name\":\"loja\",\"item\":\"https:\\\/\\\/ponteseditores.com.br\\\/loja3\\\/loja\\\/\"},{\"@type\":\"ListItem\",\"position\":3,\"name\":\"FORMA\u00c7\u00c3O DE PROFESSORES E DEMANDAS EDUCACIONAIS: PNE, INCLUS\u00c3O,EST\u00c1GIO E PIBID\"}]},{\"@type\":\"WebSite\",\"@id\":\"https:\\\/\\\/ponteseditores.com.br\\\/loja3\\\/#website\",\"url\":\"https:\\\/\\\/ponteseditores.com.br\\\/loja3\\\/\",\"name\":\"Pontes Editores\",\"description\":\"Pontes Editores\",\"publisher\":{\"@id\":\"https:\\\/\\\/ponteseditores.com.br\\\/loja3\\\/#organization\"},\"potentialAction\":[{\"@type\":\"SearchAction\",\"target\":{\"@type\":\"EntryPoint\",\"urlTemplate\":\"https:\\\/\\\/ponteseditores.com.br\\\/loja3\\\/?s={search_term_string}\"},\"query-input\":{\"@type\":\"PropertyValueSpecification\",\"valueRequired\":true,\"valueName\":\"search_term_string\"}}],\"inLanguage\":\"pt-BR\"},{\"@type\":\"Organization\",\"@id\":\"https:\\\/\\\/ponteseditores.com.br\\\/loja3\\\/#organization\",\"name\":\"Pontes Editores\",\"url\":\"https:\\\/\\\/ponteseditores.com.br\\\/loja3\\\/\",\"logo\":{\"@type\":\"ImageObject\",\"inLanguage\":\"pt-BR\",\"@id\":\"https:\\\/\\\/ponteseditores.com.br\\\/loja3\\\/#\\\/schema\\\/logo\\\/image\\\/\",\"url\":\"https:\\\/\\\/ponteseditores.com.br\\\/loja3\\\/wp-content\\\/uploads\\\/2023\\\/12\\\/logo-pontes-editores-v2.png\",\"contentUrl\":\"https:\\\/\\\/ponteseditores.com.br\\\/loja3\\\/wp-content\\\/uploads\\\/2023\\\/12\\\/logo-pontes-editores-v2.png\",\"width\":258,\"height\":100,\"caption\":\"Pontes Editores\"},\"image\":{\"@id\":\"https:\\\/\\\/ponteseditores.com.br\\\/loja3\\\/#\\\/schema\\\/logo\\\/image\\\/\"}}]}<\/script>\n<!-- \/ Yoast SEO plugin. -->","yoast_head_json":{"title":"FORMA\u00c7\u00c3O DE PROFESSORES E DEMANDAS EDUCACIONAIS: PNE, INCLUS\u00c3O,EST\u00c1GIO E PIBID - Pontes Editores","robots":{"index":"index","follow":"follow","max-snippet":"max-snippet:-1","max-image-preview":"max-image-preview:large","max-video-preview":"max-video-preview:-1"},"canonical":"https:\/\/ponteseditores.com.br\/loja3\/pontes-editores-home-2__trashed\/meios-auxiliares-do-ensino\/produto-400\/","og_locale":"pt_BR","og_type":"article","og_title":"FORMA\u00c7\u00c3O DE PROFESSORES E DEMANDAS EDUCACIONAIS: PNE, INCLUS\u00c3O,EST\u00c1GIO E PIBID - Pontes Editores","og_description":"Apresentamos uma obra composta pelas diferentes vozes preocupadas em discutir e compreender os meandros percorridos pela educa\u00e7\u00e3o brasileira nestas primeiras d\u00e9cadas do s\u00e9culo XXI. Vozes estimuladas a problematizar o compasso desta jornada em rela\u00e7\u00e3o aos reflexos provocados nas institui\u00e7\u00f5es educacionais no estado de Goi\u00e1s e que influenciam diretamente no processo de ensino e de aprendizagem [&hellip;]","og_url":"https:\/\/ponteseditores.com.br\/loja3\/pontes-editores-home-2__trashed\/meios-auxiliares-do-ensino\/produto-400\/","og_site_name":"Pontes Editores","article_modified_time":"2024-05-20T19:32:57+00:00","og_image":[{"width":515,"height":768,"url":"https:\/\/ponteseditores.com.br\/loja3\/wp-content\/uploads\/2023\/12\/formacao-de-professores-e-demandas-educacionais-capa.jpg","type":"image\/jpeg"}],"twitter_card":"summary_large_image","twitter_misc":{"Est. tempo de leitura":"1 minuto"},"schema":{"@context":"https:\/\/schema.org","@graph":[{"@type":"WebPage","@id":"https:\/\/ponteseditores.com.br\/loja3\/pontes-editores-home-2__trashed\/meios-auxiliares-do-ensino\/produto-400\/","url":"https:\/\/ponteseditores.com.br\/loja3\/pontes-editores-home-2__trashed\/meios-auxiliares-do-ensino\/produto-400\/","name":"FORMA\u00c7\u00c3O DE PROFESSORES E DEMANDAS EDUCACIONAIS: PNE, INCLUS\u00c3O,EST\u00c1GIO E PIBID - Pontes Editores","isPartOf":{"@id":"https:\/\/ponteseditores.com.br\/loja3\/#website"},"primaryImageOfPage":{"@id":"https:\/\/ponteseditores.com.br\/loja3\/pontes-editores-home-2__trashed\/meios-auxiliares-do-ensino\/produto-400\/#primaryimage"},"image":{"@id":"https:\/\/ponteseditores.com.br\/loja3\/pontes-editores-home-2__trashed\/meios-auxiliares-do-ensino\/produto-400\/#primaryimage"},"thumbnailUrl":"https:\/\/ponteseditores.com.br\/loja3\/wp-content\/uploads\/2023\/12\/formacao-de-professores-e-demandas-educacionais-capa.jpg","datePublished":"2023-12-11T03:15:59+00:00","dateModified":"2024-05-20T19:32:57+00:00","breadcrumb":{"@id":"https:\/\/ponteseditores.com.br\/loja3\/pontes-editores-home-2__trashed\/meios-auxiliares-do-ensino\/produto-400\/#breadcrumb"},"inLanguage":"pt-BR","potentialAction":[{"@type":"ReadAction","target":["https:\/\/ponteseditores.com.br\/loja3\/pontes-editores-home-2__trashed\/meios-auxiliares-do-ensino\/produto-400\/"]}]},{"@type":"ImageObject","inLanguage":"pt-BR","@id":"https:\/\/ponteseditores.com.br\/loja3\/pontes-editores-home-2__trashed\/meios-auxiliares-do-ensino\/produto-400\/#primaryimage","url":"https:\/\/ponteseditores.com.br\/loja3\/wp-content\/uploads\/2023\/12\/formacao-de-professores-e-demandas-educacionais-capa.jpg","contentUrl":"https:\/\/ponteseditores.com.br\/loja3\/wp-content\/uploads\/2023\/12\/formacao-de-professores-e-demandas-educacionais-capa.jpg","width":515,"height":768},{"@type":"BreadcrumbList","@id":"https:\/\/ponteseditores.com.br\/loja3\/pontes-editores-home-2__trashed\/meios-auxiliares-do-ensino\/produto-400\/#breadcrumb","itemListElement":[{"@type":"ListItem","position":1,"name":"Home","item":"https:\/\/ponteseditores.com.br\/loja3\/"},{"@type":"ListItem","position":2,"name":"loja","item":"https:\/\/ponteseditores.com.br\/loja3\/loja\/"},{"@type":"ListItem","position":3,"name":"FORMA\u00c7\u00c3O DE PROFESSORES E DEMANDAS EDUCACIONAIS: PNE, INCLUS\u00c3O,EST\u00c1GIO E PIBID"}]},{"@type":"WebSite","@id":"https:\/\/ponteseditores.com.br\/loja3\/#website","url":"https:\/\/ponteseditores.com.br\/loja3\/","name":"Pontes Editores","description":"Pontes Editores","publisher":{"@id":"https:\/\/ponteseditores.com.br\/loja3\/#organization"},"potentialAction":[{"@type":"SearchAction","target":{"@type":"EntryPoint","urlTemplate":"https:\/\/ponteseditores.com.br\/loja3\/?s={search_term_string}"},"query-input":{"@type":"PropertyValueSpecification","valueRequired":true,"valueName":"search_term_string"}}],"inLanguage":"pt-BR"},{"@type":"Organization","@id":"https:\/\/ponteseditores.com.br\/loja3\/#organization","name":"Pontes Editores","url":"https:\/\/ponteseditores.com.br\/loja3\/","logo":{"@type":"ImageObject","inLanguage":"pt-BR","@id":"https:\/\/ponteseditores.com.br\/loja3\/#\/schema\/logo\/image\/","url":"https:\/\/ponteseditores.com.br\/loja3\/wp-content\/uploads\/2023\/12\/logo-pontes-editores-v2.png","contentUrl":"https:\/\/ponteseditores.com.br\/loja3\/wp-content\/uploads\/2023\/12\/logo-pontes-editores-v2.png","width":258,"height":100,"caption":"Pontes Editores"},"image":{"@id":"https:\/\/ponteseditores.com.br\/loja3\/#\/schema\/logo\/image\/"}}]}},"_links":{"self":[{"href":"https:\/\/ponteseditores.com.br\/loja3\/wp-json\/wp\/v2\/product\/5149","targetHints":{"allow":["GET"]}}],"collection":[{"href":"https:\/\/ponteseditores.com.br\/loja3\/wp-json\/wp\/v2\/product"}],"about":[{"href":"https:\/\/ponteseditores.com.br\/loja3\/wp-json\/wp\/v2\/types\/product"}],"replies":[{"embeddable":true,"href":"https:\/\/ponteseditores.com.br\/loja3\/wp-json\/wp\/v2\/comments?post=5149"}],"version-history":[{"count":0,"href":"https:\/\/ponteseditores.com.br\/loja3\/wp-json\/wp\/v2\/product\/5149\/revisions"}],"wp:featuredmedia":[{"embeddable":true,"href":"https:\/\/ponteseditores.com.br\/loja3\/wp-json\/wp\/v2\/media\/12517"}],"wp:attachment":[{"href":"https:\/\/ponteseditores.com.br\/loja3\/wp-json\/wp\/v2\/media?parent=5149"}],"wp:term":[{"taxonomy":"product_brand","embeddable":true,"href":"https:\/\/ponteseditores.com.br\/loja3\/wp-json\/wp\/v2\/product_brand?post=5149"},{"taxonomy":"product_cat","embeddable":true,"href":"https:\/\/ponteseditores.com.br\/loja3\/wp-json\/wp\/v2\/product_cat?post=5149"},{"taxonomy":"product_tag","embeddable":true,"href":"https:\/\/ponteseditores.com.br\/loja3\/wp-json\/wp\/v2\/product_tag?post=5149"}],"curies":[{"name":"wp","href":"https:\/\/api.w.org\/{rel}","templated":true}]}}