{"id":5105,"date":"2023-12-11T00:15:37","date_gmt":"2023-12-11T03:15:37","guid":{"rendered":"https:\/\/ponteseditores.com.br\/loja3\/produto\/produto-377\/"},"modified":"2024-07-16T11:53:27","modified_gmt":"2024-07-16T14:53:27","slug":"produto-377","status":"publish","type":"product","link":"https:\/\/ponteseditores.com.br\/loja3\/pontes-editores-home-2__trashed\/japao-em-foco\/produto-377\/","title":{"rendered":"Zen no Brasil &#8211; Em Busca da Modernidade Cosmopolita"},"content":{"rendered":"<p>Este livro acumula j\u00e1 uma d\u00e9cada de hist\u00f3ria. Primeiramente publicado em ingl\u00eas pela editora da Universidade do Hava\u00ed em 2006, o livro analisa a popularidade do budismo entre as classes altas, cosmopolitas e urbanas, popularidade que vem crescendo desde meados da d\u00e9cada de 1990. Esse crescimento resultou em uma expans\u00e3o substancial do mercado de livros budistas, cobertura dos meios de comunica\u00e7\u00e3o, eventos, retiros, palestras, websites e listas de e-mail. Devido \u00e0 sua abordagem inovadora e interdisciplinar, O Zen no Brasil \u00e9 de grande recurso para os estudiosos dos campos da religi\u00e3o, globaliza\u00e7\u00e3o, imigra\u00e7\u00e3o e budismo e dos estudos japoneses, asi\u00e1ticos, brasileiros e latino-americanos, bem como aqueles interessados em estudos culturais e antropologia.<\/p>\n","protected":false},"excerpt":{"rendered":"<p>Este livro acumula j\u00e1 uma d\u00e9cada de hist\u00f3ria. Primeiramente publicado em ingl\u00eas pela editora da Universidade do Hava\u00ed em 2006, o livro analisa a popularidade do budismo entre as classes altas, cosmopolitas e urbanas, popularidade que vem crescendo desde meados da d\u00e9cada de 1990. Esse crescimento resultou em uma expans\u00e3o substancial do mercado de livros [&hellip;]<\/p>\n","protected":false},"featured_media":5104,"comment_status":"open","ping_status":"closed","template":"","meta":{"_joinchat":[]},"product_brand":[],"product_cat":[283],"product_tag":[],"class_list":{"0":"post-5105","1":"product","2":"type-product","3":"status-publish","4":"has-post-thumbnail","6":"product_cat-japao-em-foco","7":"product_shipping_class-livro-pontes-editores-fisico","9":"first","10":"outofstock","11":"shipping-taxable","12":"purchasable","13":"product-type-simple"},"yoast_head":"<!-- This site is optimized with the Yoast SEO plugin v27.4 - https:\/\/yoast.com\/product\/yoast-seo-wordpress\/ -->\n<title>Zen no Brasil - Em Busca da Modernidade Cosmopolita - Pontes Editores<\/title>\n<meta name=\"robots\" content=\"index, follow, max-snippet:-1, max-image-preview:large, max-video-preview:-1\" \/>\n<link rel=\"canonical\" href=\"https:\/\/ponteseditores.com.br\/loja3\/pontes-editores-home-2__trashed\/japao-em-foco\/produto-377\/\" \/>\n<meta property=\"og:locale\" content=\"pt_BR\" \/>\n<meta property=\"og:type\" content=\"article\" \/>\n<meta property=\"og:title\" content=\"Zen no Brasil - Em Busca da Modernidade Cosmopolita - Pontes Editores\" \/>\n<meta property=\"og:description\" content=\"Este livro acumula j\u00e1 uma d\u00e9cada de hist\u00f3ria. Primeiramente publicado em ingl\u00eas pela editora da Universidade do Hava\u00ed em 2006, o livro analisa a popularidade do budismo entre as classes altas, cosmopolitas e urbanas, popularidade que vem crescendo desde meados da d\u00e9cada de 1990. Esse crescimento resultou em uma expans\u00e3o substancial do mercado de livros [&hellip;]\" \/>\n<meta property=\"og:url\" content=\"https:\/\/ponteseditores.com.br\/loja3\/pontes-editores-home-2__trashed\/japao-em-foco\/produto-377\/\" \/>\n<meta property=\"og:site_name\" content=\"Pontes Editores\" \/>\n<meta property=\"article:modified_time\" content=\"2024-07-16T14:53:27+00:00\" \/>\n<meta property=\"og:image\" content=\"https:\/\/ponteseditores.com.br\/loja3\/wp-content\/uploads\/2023\/12\/capa20zen.jpg\" \/>\n\t<meta property=\"og:image:width\" content=\"512\" \/>\n\t<meta property=\"og:image:height\" content=\"768\" \/>\n\t<meta property=\"og:image:type\" content=\"image\/jpeg\" \/>\n<meta name=\"twitter:card\" content=\"summary_large_image\" \/>\n<meta name=\"twitter:label1\" content=\"Est. tempo de leitura\" \/>\n\t<meta name=\"twitter:data1\" content=\"1 minuto\" \/>\n<script type=\"application\/ld+json\" class=\"yoast-schema-graph\">{\"@context\":\"https:\\\/\\\/schema.org\",\"@graph\":[{\"@type\":\"WebPage\",\"@id\":\"https:\\\/\\\/ponteseditores.com.br\\\/loja3\\\/pontes-editores-home-2__trashed\\\/japao-em-foco\\\/produto-377\\\/\",\"url\":\"https:\\\/\\\/ponteseditores.com.br\\\/loja3\\\/pontes-editores-home-2__trashed\\\/japao-em-foco\\\/produto-377\\\/\",\"name\":\"Zen no Brasil - Em Busca da Modernidade Cosmopolita - Pontes Editores\",\"isPartOf\":{\"@id\":\"https:\\\/\\\/ponteseditores.com.br\\\/loja3\\\/#website\"},\"primaryImageOfPage\":{\"@id\":\"https:\\\/\\\/ponteseditores.com.br\\\/loja3\\\/pontes-editores-home-2__trashed\\\/japao-em-foco\\\/produto-377\\\/#primaryimage\"},\"image\":{\"@id\":\"https:\\\/\\\/ponteseditores.com.br\\\/loja3\\\/pontes-editores-home-2__trashed\\\/japao-em-foco\\\/produto-377\\\/#primaryimage\"},\"thumbnailUrl\":\"https:\\\/\\\/ponteseditores.com.br\\\/loja3\\\/wp-content\\\/uploads\\\/2023\\\/12\\\/capa20zen.jpg\",\"datePublished\":\"2023-12-11T03:15:37+00:00\",\"dateModified\":\"2024-07-16T14:53:27+00:00\",\"breadcrumb\":{\"@id\":\"https:\\\/\\\/ponteseditores.com.br\\\/loja3\\\/pontes-editores-home-2__trashed\\\/japao-em-foco\\\/produto-377\\\/#breadcrumb\"},\"inLanguage\":\"pt-BR\",\"potentialAction\":[{\"@type\":\"ReadAction\",\"target\":[\"https:\\\/\\\/ponteseditores.com.br\\\/loja3\\\/pontes-editores-home-2__trashed\\\/japao-em-foco\\\/produto-377\\\/\"]}]},{\"@type\":\"ImageObject\",\"inLanguage\":\"pt-BR\",\"@id\":\"https:\\\/\\\/ponteseditores.com.br\\\/loja3\\\/pontes-editores-home-2__trashed\\\/japao-em-foco\\\/produto-377\\\/#primaryimage\",\"url\":\"https:\\\/\\\/ponteseditores.com.br\\\/loja3\\\/wp-content\\\/uploads\\\/2023\\\/12\\\/capa20zen.jpg\",\"contentUrl\":\"https:\\\/\\\/ponteseditores.com.br\\\/loja3\\\/wp-content\\\/uploads\\\/2023\\\/12\\\/capa20zen.jpg\",\"width\":512,\"height\":768},{\"@type\":\"BreadcrumbList\",\"@id\":\"https:\\\/\\\/ponteseditores.com.br\\\/loja3\\\/pontes-editores-home-2__trashed\\\/japao-em-foco\\\/produto-377\\\/#breadcrumb\",\"itemListElement\":[{\"@type\":\"ListItem\",\"position\":1,\"name\":\"Home\",\"item\":\"https:\\\/\\\/ponteseditores.com.br\\\/loja3\\\/\"},{\"@type\":\"ListItem\",\"position\":2,\"name\":\"loja\",\"item\":\"https:\\\/\\\/ponteseditores.com.br\\\/loja3\\\/loja\\\/\"},{\"@type\":\"ListItem\",\"position\":3,\"name\":\"Zen no Brasil &#8211; Em Busca da Modernidade Cosmopolita\"}]},{\"@type\":\"WebSite\",\"@id\":\"https:\\\/\\\/ponteseditores.com.br\\\/loja3\\\/#website\",\"url\":\"https:\\\/\\\/ponteseditores.com.br\\\/loja3\\\/\",\"name\":\"Pontes Editores\",\"description\":\"Pontes Editores\",\"publisher\":{\"@id\":\"https:\\\/\\\/ponteseditores.com.br\\\/loja3\\\/#organization\"},\"potentialAction\":[{\"@type\":\"SearchAction\",\"target\":{\"@type\":\"EntryPoint\",\"urlTemplate\":\"https:\\\/\\\/ponteseditores.com.br\\\/loja3\\\/?s={search_term_string}\"},\"query-input\":{\"@type\":\"PropertyValueSpecification\",\"valueRequired\":true,\"valueName\":\"search_term_string\"}}],\"inLanguage\":\"pt-BR\"},{\"@type\":\"Organization\",\"@id\":\"https:\\\/\\\/ponteseditores.com.br\\\/loja3\\\/#organization\",\"name\":\"Pontes Editores\",\"url\":\"https:\\\/\\\/ponteseditores.com.br\\\/loja3\\\/\",\"logo\":{\"@type\":\"ImageObject\",\"inLanguage\":\"pt-BR\",\"@id\":\"https:\\\/\\\/ponteseditores.com.br\\\/loja3\\\/#\\\/schema\\\/logo\\\/image\\\/\",\"url\":\"https:\\\/\\\/ponteseditores.com.br\\\/loja3\\\/wp-content\\\/uploads\\\/2023\\\/12\\\/logo-pontes-editores-v2.png\",\"contentUrl\":\"https:\\\/\\\/ponteseditores.com.br\\\/loja3\\\/wp-content\\\/uploads\\\/2023\\\/12\\\/logo-pontes-editores-v2.png\",\"width\":258,\"height\":100,\"caption\":\"Pontes Editores\"},\"image\":{\"@id\":\"https:\\\/\\\/ponteseditores.com.br\\\/loja3\\\/#\\\/schema\\\/logo\\\/image\\\/\"}}]}<\/script>\n<!-- \/ Yoast SEO plugin. -->","yoast_head_json":{"title":"Zen no Brasil - Em Busca da Modernidade Cosmopolita - Pontes Editores","robots":{"index":"index","follow":"follow","max-snippet":"max-snippet:-1","max-image-preview":"max-image-preview:large","max-video-preview":"max-video-preview:-1"},"canonical":"https:\/\/ponteseditores.com.br\/loja3\/pontes-editores-home-2__trashed\/japao-em-foco\/produto-377\/","og_locale":"pt_BR","og_type":"article","og_title":"Zen no Brasil - Em Busca da Modernidade Cosmopolita - Pontes Editores","og_description":"Este livro acumula j\u00e1 uma d\u00e9cada de hist\u00f3ria. Primeiramente publicado em ingl\u00eas pela editora da Universidade do Hava\u00ed em 2006, o livro analisa a popularidade do budismo entre as classes altas, cosmopolitas e urbanas, popularidade que vem crescendo desde meados da d\u00e9cada de 1990. Esse crescimento resultou em uma expans\u00e3o substancial do mercado de livros [&hellip;]","og_url":"https:\/\/ponteseditores.com.br\/loja3\/pontes-editores-home-2__trashed\/japao-em-foco\/produto-377\/","og_site_name":"Pontes Editores","article_modified_time":"2024-07-16T14:53:27+00:00","og_image":[{"width":512,"height":768,"url":"https:\/\/ponteseditores.com.br\/loja3\/wp-content\/uploads\/2023\/12\/capa20zen.jpg","type":"image\/jpeg"}],"twitter_card":"summary_large_image","twitter_misc":{"Est. tempo de leitura":"1 minuto"},"schema":{"@context":"https:\/\/schema.org","@graph":[{"@type":"WebPage","@id":"https:\/\/ponteseditores.com.br\/loja3\/pontes-editores-home-2__trashed\/japao-em-foco\/produto-377\/","url":"https:\/\/ponteseditores.com.br\/loja3\/pontes-editores-home-2__trashed\/japao-em-foco\/produto-377\/","name":"Zen no Brasil - Em Busca da Modernidade Cosmopolita - Pontes Editores","isPartOf":{"@id":"https:\/\/ponteseditores.com.br\/loja3\/#website"},"primaryImageOfPage":{"@id":"https:\/\/ponteseditores.com.br\/loja3\/pontes-editores-home-2__trashed\/japao-em-foco\/produto-377\/#primaryimage"},"image":{"@id":"https:\/\/ponteseditores.com.br\/loja3\/pontes-editores-home-2__trashed\/japao-em-foco\/produto-377\/#primaryimage"},"thumbnailUrl":"https:\/\/ponteseditores.com.br\/loja3\/wp-content\/uploads\/2023\/12\/capa20zen.jpg","datePublished":"2023-12-11T03:15:37+00:00","dateModified":"2024-07-16T14:53:27+00:00","breadcrumb":{"@id":"https:\/\/ponteseditores.com.br\/loja3\/pontes-editores-home-2__trashed\/japao-em-foco\/produto-377\/#breadcrumb"},"inLanguage":"pt-BR","potentialAction":[{"@type":"ReadAction","target":["https:\/\/ponteseditores.com.br\/loja3\/pontes-editores-home-2__trashed\/japao-em-foco\/produto-377\/"]}]},{"@type":"ImageObject","inLanguage":"pt-BR","@id":"https:\/\/ponteseditores.com.br\/loja3\/pontes-editores-home-2__trashed\/japao-em-foco\/produto-377\/#primaryimage","url":"https:\/\/ponteseditores.com.br\/loja3\/wp-content\/uploads\/2023\/12\/capa20zen.jpg","contentUrl":"https:\/\/ponteseditores.com.br\/loja3\/wp-content\/uploads\/2023\/12\/capa20zen.jpg","width":512,"height":768},{"@type":"BreadcrumbList","@id":"https:\/\/ponteseditores.com.br\/loja3\/pontes-editores-home-2__trashed\/japao-em-foco\/produto-377\/#breadcrumb","itemListElement":[{"@type":"ListItem","position":1,"name":"Home","item":"https:\/\/ponteseditores.com.br\/loja3\/"},{"@type":"ListItem","position":2,"name":"loja","item":"https:\/\/ponteseditores.com.br\/loja3\/loja\/"},{"@type":"ListItem","position":3,"name":"Zen no Brasil &#8211; Em Busca da Modernidade Cosmopolita"}]},{"@type":"WebSite","@id":"https:\/\/ponteseditores.com.br\/loja3\/#website","url":"https:\/\/ponteseditores.com.br\/loja3\/","name":"Pontes Editores","description":"Pontes Editores","publisher":{"@id":"https:\/\/ponteseditores.com.br\/loja3\/#organization"},"potentialAction":[{"@type":"SearchAction","target":{"@type":"EntryPoint","urlTemplate":"https:\/\/ponteseditores.com.br\/loja3\/?s={search_term_string}"},"query-input":{"@type":"PropertyValueSpecification","valueRequired":true,"valueName":"search_term_string"}}],"inLanguage":"pt-BR"},{"@type":"Organization","@id":"https:\/\/ponteseditores.com.br\/loja3\/#organization","name":"Pontes Editores","url":"https:\/\/ponteseditores.com.br\/loja3\/","logo":{"@type":"ImageObject","inLanguage":"pt-BR","@id":"https:\/\/ponteseditores.com.br\/loja3\/#\/schema\/logo\/image\/","url":"https:\/\/ponteseditores.com.br\/loja3\/wp-content\/uploads\/2023\/12\/logo-pontes-editores-v2.png","contentUrl":"https:\/\/ponteseditores.com.br\/loja3\/wp-content\/uploads\/2023\/12\/logo-pontes-editores-v2.png","width":258,"height":100,"caption":"Pontes Editores"},"image":{"@id":"https:\/\/ponteseditores.com.br\/loja3\/#\/schema\/logo\/image\/"}}]}},"_links":{"self":[{"href":"https:\/\/ponteseditores.com.br\/loja3\/wp-json\/wp\/v2\/product\/5105","targetHints":{"allow":["GET"]}}],"collection":[{"href":"https:\/\/ponteseditores.com.br\/loja3\/wp-json\/wp\/v2\/product"}],"about":[{"href":"https:\/\/ponteseditores.com.br\/loja3\/wp-json\/wp\/v2\/types\/product"}],"replies":[{"embeddable":true,"href":"https:\/\/ponteseditores.com.br\/loja3\/wp-json\/wp\/v2\/comments?post=5105"}],"version-history":[{"count":0,"href":"https:\/\/ponteseditores.com.br\/loja3\/wp-json\/wp\/v2\/product\/5105\/revisions"}],"wp:featuredmedia":[{"embeddable":true,"href":"https:\/\/ponteseditores.com.br\/loja3\/wp-json\/wp\/v2\/media\/5104"}],"wp:attachment":[{"href":"https:\/\/ponteseditores.com.br\/loja3\/wp-json\/wp\/v2\/media?parent=5105"}],"wp:term":[{"taxonomy":"product_brand","embeddable":true,"href":"https:\/\/ponteseditores.com.br\/loja3\/wp-json\/wp\/v2\/product_brand?post=5105"},{"taxonomy":"product_cat","embeddable":true,"href":"https:\/\/ponteseditores.com.br\/loja3\/wp-json\/wp\/v2\/product_cat?post=5105"},{"taxonomy":"product_tag","embeddable":true,"href":"https:\/\/ponteseditores.com.br\/loja3\/wp-json\/wp\/v2\/product_tag?post=5105"}],"curies":[{"name":"wp","href":"https:\/\/api.w.org\/{rel}","templated":true}]}}