{"id":5090,"date":"2023-12-11T00:15:25","date_gmt":"2023-12-11T03:15:25","guid":{"rendered":"https:\/\/ponteseditores.com.br\/loja3\/produto\/produto-369\/"},"modified":"2023-12-15T14:14:34","modified_gmt":"2023-12-15T17:14:34","slug":"produto-369","status":"publish","type":"product","link":"https:\/\/ponteseditores.com.br\/loja3\/pontes-editores-home-2__trashed\/conflitos-sociais\/produto-369\/","title":{"rendered":"ATO DE MATAR EM TRAJET\u00d3RIAS JUVENIS &#8211; IDENTIDADES, IMAGENS E RETRATOS  DE MENINAS ENVOLVIDAS NA PR\u00c1TICA DE HOMIC\u00cdDIO"},"content":{"rendered":"<p>O livro O ato de matar em trajet\u00f3rias juvenis. identidades, imagens e retratos de meninas envolvidas na pr\u00e1tica de homic\u00eddio, de Rilda Bezerra de Freitas Aguirre, revela-se como obra comprometida com o fazer ci\u00eancia, ao elaborar uma profunda reflex\u00e3o acerca das desigualdades, discrimina\u00e7\u00f5es e viola\u00e7\u00f5es que afetam meninas \u2013 oriundas do interior e da periferia de uma cidade do porte de Fortaleza. Em seu tear intelectual, a autora elabora seis retratos sociol\u00f3gicos de meninas vitimizadas \u2013 e, ao mesmo tempo, protagonistas de situa\u00e7\u00f5es de viol\u00eancias de m\u00faltiplos matizes: abandono, abusos sexuais, uso de drogas, pr\u00e1tica de homic\u00eddios e consequente experi\u00eancia em priva\u00e7\u00e3o de liberdade. Nesta abordagem, Rilda Aguirre promove rupturas com perspectivas essencialistas, presentes nos c\u00f3digos jur\u00eddicos e nos discursos institucionais, que tendem a rotular essas adolescentes como infratoras, assassinas, delinquentes, revelando o esfor\u00e7o de desconstru\u00e7\u00e3o de estigmas, ao perceb\u00ea-las como sujeitos em processo de constru\u00e7\u00e3o e (re)constru\u00e7\u00e3o identit\u00e1ria, sob a \u00f3tica das identidades m\u00f3veis, contradit\u00f3rias e em permanente negocia\u00e7\u00e3o com trajet\u00f3rias e rotas trilhadas. <\/p>\n<p>Helciane de F\u00e1tima Abreu Araujo<\/p>\n<p>Professora Adjunta II da UEMA\/PPGCSPA<\/p>\n","protected":false},"excerpt":{"rendered":"<p>O livro O ato de matar em trajet\u00f3rias juvenis. identidades, imagens e retratos de meninas envolvidas na pr\u00e1tica de homic\u00eddio, de Rilda Bezerra de Freitas Aguirre, revela-se como obra comprometida com o fazer ci\u00eancia, ao elaborar uma profunda reflex\u00e3o acerca das desigualdades, discrimina\u00e7\u00f5es e viola\u00e7\u00f5es que afetam meninas \u2013 oriundas do interior e da periferia [&hellip;]<\/p>\n","protected":false},"featured_media":5089,"comment_status":"open","ping_status":"closed","template":"","meta":{"_joinchat":[]},"product_brand":[],"product_cat":[291],"product_tag":[],"class_list":{"0":"post-5090","1":"product","2":"type-product","3":"status-publish","4":"has-post-thumbnail","6":"product_cat-conflitos-sociais","7":"product_shipping_class-livro-pontes-editores-fisico","9":"first","10":"instock","11":"shipping-taxable","12":"purchasable","13":"product-type-simple"},"yoast_head":"<!-- This site is optimized with the Yoast SEO plugin v27.4 - https:\/\/yoast.com\/product\/yoast-seo-wordpress\/ -->\n<title>ATO DE MATAR EM TRAJET\u00d3RIAS JUVENIS - IDENTIDADES, IMAGENS E RETRATOS DE MENINAS ENVOLVIDAS NA PR\u00c1TICA DE HOMIC\u00cdDIO - Pontes Editores<\/title>\n<meta name=\"robots\" content=\"index, follow, max-snippet:-1, max-image-preview:large, max-video-preview:-1\" \/>\n<link rel=\"canonical\" href=\"https:\/\/ponteseditores.com.br\/loja3\/pontes-editores-home-2__trashed\/conflitos-sociais\/produto-369\/\" \/>\n<meta property=\"og:locale\" content=\"pt_BR\" \/>\n<meta property=\"og:type\" content=\"article\" \/>\n<meta property=\"og:title\" content=\"ATO DE MATAR EM TRAJET\u00d3RIAS JUVENIS - IDENTIDADES, IMAGENS E RETRATOS DE MENINAS ENVOLVIDAS NA PR\u00c1TICA DE HOMIC\u00cdDIO - Pontes Editores\" \/>\n<meta property=\"og:description\" content=\"O livro O ato de matar em trajet\u00f3rias juvenis. identidades, imagens e retratos de meninas envolvidas na pr\u00e1tica de homic\u00eddio, de Rilda Bezerra de Freitas Aguirre, revela-se como obra comprometida com o fazer ci\u00eancia, ao elaborar uma profunda reflex\u00e3o acerca das desigualdades, discrimina\u00e7\u00f5es e viola\u00e7\u00f5es que afetam meninas \u2013 oriundas do interior e da periferia [&hellip;]\" \/>\n<meta property=\"og:url\" content=\"https:\/\/ponteseditores.com.br\/loja3\/pontes-editores-home-2__trashed\/conflitos-sociais\/produto-369\/\" \/>\n<meta property=\"og:site_name\" content=\"Pontes Editores\" \/>\n<meta property=\"article:modified_time\" content=\"2023-12-15T17:14:34+00:00\" \/>\n<meta property=\"og:image\" content=\"https:\/\/ponteseditores.com.br\/loja3\/wp-content\/uploads\/2023\/12\/capa20ato.jpg\" \/>\n\t<meta property=\"og:image:width\" content=\"501\" \/>\n\t<meta property=\"og:image:height\" content=\"768\" \/>\n\t<meta property=\"og:image:type\" content=\"image\/jpeg\" \/>\n<meta name=\"twitter:card\" content=\"summary_large_image\" \/>\n<meta name=\"twitter:label1\" content=\"Est. tempo de leitura\" \/>\n\t<meta name=\"twitter:data1\" content=\"1 minuto\" \/>\n<script type=\"application\/ld+json\" class=\"yoast-schema-graph\">{\"@context\":\"https:\\\/\\\/schema.org\",\"@graph\":[{\"@type\":\"WebPage\",\"@id\":\"https:\\\/\\\/ponteseditores.com.br\\\/loja3\\\/pontes-editores-home-2__trashed\\\/conflitos-sociais\\\/produto-369\\\/\",\"url\":\"https:\\\/\\\/ponteseditores.com.br\\\/loja3\\\/pontes-editores-home-2__trashed\\\/conflitos-sociais\\\/produto-369\\\/\",\"name\":\"ATO DE MATAR EM TRAJET\u00d3RIAS JUVENIS - IDENTIDADES, IMAGENS E RETRATOS DE MENINAS ENVOLVIDAS NA PR\u00c1TICA DE HOMIC\u00cdDIO - Pontes Editores\",\"isPartOf\":{\"@id\":\"https:\\\/\\\/ponteseditores.com.br\\\/loja3\\\/#website\"},\"primaryImageOfPage\":{\"@id\":\"https:\\\/\\\/ponteseditores.com.br\\\/loja3\\\/pontes-editores-home-2__trashed\\\/conflitos-sociais\\\/produto-369\\\/#primaryimage\"},\"image\":{\"@id\":\"https:\\\/\\\/ponteseditores.com.br\\\/loja3\\\/pontes-editores-home-2__trashed\\\/conflitos-sociais\\\/produto-369\\\/#primaryimage\"},\"thumbnailUrl\":\"https:\\\/\\\/ponteseditores.com.br\\\/loja3\\\/wp-content\\\/uploads\\\/2023\\\/12\\\/capa20ato.jpg\",\"datePublished\":\"2023-12-11T03:15:25+00:00\",\"dateModified\":\"2023-12-15T17:14:34+00:00\",\"breadcrumb\":{\"@id\":\"https:\\\/\\\/ponteseditores.com.br\\\/loja3\\\/pontes-editores-home-2__trashed\\\/conflitos-sociais\\\/produto-369\\\/#breadcrumb\"},\"inLanguage\":\"pt-BR\",\"potentialAction\":[{\"@type\":\"ReadAction\",\"target\":[\"https:\\\/\\\/ponteseditores.com.br\\\/loja3\\\/pontes-editores-home-2__trashed\\\/conflitos-sociais\\\/produto-369\\\/\"]}]},{\"@type\":\"ImageObject\",\"inLanguage\":\"pt-BR\",\"@id\":\"https:\\\/\\\/ponteseditores.com.br\\\/loja3\\\/pontes-editores-home-2__trashed\\\/conflitos-sociais\\\/produto-369\\\/#primaryimage\",\"url\":\"https:\\\/\\\/ponteseditores.com.br\\\/loja3\\\/wp-content\\\/uploads\\\/2023\\\/12\\\/capa20ato.jpg\",\"contentUrl\":\"https:\\\/\\\/ponteseditores.com.br\\\/loja3\\\/wp-content\\\/uploads\\\/2023\\\/12\\\/capa20ato.jpg\",\"width\":501,\"height\":768},{\"@type\":\"BreadcrumbList\",\"@id\":\"https:\\\/\\\/ponteseditores.com.br\\\/loja3\\\/pontes-editores-home-2__trashed\\\/conflitos-sociais\\\/produto-369\\\/#breadcrumb\",\"itemListElement\":[{\"@type\":\"ListItem\",\"position\":1,\"name\":\"Home\",\"item\":\"https:\\\/\\\/ponteseditores.com.br\\\/loja3\\\/\"},{\"@type\":\"ListItem\",\"position\":2,\"name\":\"loja\",\"item\":\"https:\\\/\\\/ponteseditores.com.br\\\/loja3\\\/loja\\\/\"},{\"@type\":\"ListItem\",\"position\":3,\"name\":\"ATO DE MATAR EM TRAJET\u00d3RIAS JUVENIS &#8211; IDENTIDADES, IMAGENS E RETRATOS DE MENINAS ENVOLVIDAS NA PR\u00c1TICA DE HOMIC\u00cdDIO\"}]},{\"@type\":\"WebSite\",\"@id\":\"https:\\\/\\\/ponteseditores.com.br\\\/loja3\\\/#website\",\"url\":\"https:\\\/\\\/ponteseditores.com.br\\\/loja3\\\/\",\"name\":\"Pontes Editores\",\"description\":\"Pontes Editores\",\"publisher\":{\"@id\":\"https:\\\/\\\/ponteseditores.com.br\\\/loja3\\\/#organization\"},\"potentialAction\":[{\"@type\":\"SearchAction\",\"target\":{\"@type\":\"EntryPoint\",\"urlTemplate\":\"https:\\\/\\\/ponteseditores.com.br\\\/loja3\\\/?s={search_term_string}\"},\"query-input\":{\"@type\":\"PropertyValueSpecification\",\"valueRequired\":true,\"valueName\":\"search_term_string\"}}],\"inLanguage\":\"pt-BR\"},{\"@type\":\"Organization\",\"@id\":\"https:\\\/\\\/ponteseditores.com.br\\\/loja3\\\/#organization\",\"name\":\"Pontes Editores\",\"url\":\"https:\\\/\\\/ponteseditores.com.br\\\/loja3\\\/\",\"logo\":{\"@type\":\"ImageObject\",\"inLanguage\":\"pt-BR\",\"@id\":\"https:\\\/\\\/ponteseditores.com.br\\\/loja3\\\/#\\\/schema\\\/logo\\\/image\\\/\",\"url\":\"https:\\\/\\\/ponteseditores.com.br\\\/loja3\\\/wp-content\\\/uploads\\\/2023\\\/12\\\/logo-pontes-editores-v2.png\",\"contentUrl\":\"https:\\\/\\\/ponteseditores.com.br\\\/loja3\\\/wp-content\\\/uploads\\\/2023\\\/12\\\/logo-pontes-editores-v2.png\",\"width\":258,\"height\":100,\"caption\":\"Pontes Editores\"},\"image\":{\"@id\":\"https:\\\/\\\/ponteseditores.com.br\\\/loja3\\\/#\\\/schema\\\/logo\\\/image\\\/\"}}]}<\/script>\n<!-- \/ Yoast SEO plugin. -->","yoast_head_json":{"title":"ATO DE MATAR EM TRAJET\u00d3RIAS JUVENIS - IDENTIDADES, IMAGENS E RETRATOS DE MENINAS ENVOLVIDAS NA PR\u00c1TICA DE HOMIC\u00cdDIO - Pontes Editores","robots":{"index":"index","follow":"follow","max-snippet":"max-snippet:-1","max-image-preview":"max-image-preview:large","max-video-preview":"max-video-preview:-1"},"canonical":"https:\/\/ponteseditores.com.br\/loja3\/pontes-editores-home-2__trashed\/conflitos-sociais\/produto-369\/","og_locale":"pt_BR","og_type":"article","og_title":"ATO DE MATAR EM TRAJET\u00d3RIAS JUVENIS - IDENTIDADES, IMAGENS E RETRATOS DE MENINAS ENVOLVIDAS NA PR\u00c1TICA DE HOMIC\u00cdDIO - Pontes Editores","og_description":"O livro O ato de matar em trajet\u00f3rias juvenis. identidades, imagens e retratos de meninas envolvidas na pr\u00e1tica de homic\u00eddio, de Rilda Bezerra de Freitas Aguirre, revela-se como obra comprometida com o fazer ci\u00eancia, ao elaborar uma profunda reflex\u00e3o acerca das desigualdades, discrimina\u00e7\u00f5es e viola\u00e7\u00f5es que afetam meninas \u2013 oriundas do interior e da periferia [&hellip;]","og_url":"https:\/\/ponteseditores.com.br\/loja3\/pontes-editores-home-2__trashed\/conflitos-sociais\/produto-369\/","og_site_name":"Pontes Editores","article_modified_time":"2023-12-15T17:14:34+00:00","og_image":[{"width":501,"height":768,"url":"https:\/\/ponteseditores.com.br\/loja3\/wp-content\/uploads\/2023\/12\/capa20ato.jpg","type":"image\/jpeg"}],"twitter_card":"summary_large_image","twitter_misc":{"Est. tempo de leitura":"1 minuto"},"schema":{"@context":"https:\/\/schema.org","@graph":[{"@type":"WebPage","@id":"https:\/\/ponteseditores.com.br\/loja3\/pontes-editores-home-2__trashed\/conflitos-sociais\/produto-369\/","url":"https:\/\/ponteseditores.com.br\/loja3\/pontes-editores-home-2__trashed\/conflitos-sociais\/produto-369\/","name":"ATO DE MATAR EM TRAJET\u00d3RIAS JUVENIS - IDENTIDADES, IMAGENS E RETRATOS DE MENINAS ENVOLVIDAS NA PR\u00c1TICA DE HOMIC\u00cdDIO - Pontes Editores","isPartOf":{"@id":"https:\/\/ponteseditores.com.br\/loja3\/#website"},"primaryImageOfPage":{"@id":"https:\/\/ponteseditores.com.br\/loja3\/pontes-editores-home-2__trashed\/conflitos-sociais\/produto-369\/#primaryimage"},"image":{"@id":"https:\/\/ponteseditores.com.br\/loja3\/pontes-editores-home-2__trashed\/conflitos-sociais\/produto-369\/#primaryimage"},"thumbnailUrl":"https:\/\/ponteseditores.com.br\/loja3\/wp-content\/uploads\/2023\/12\/capa20ato.jpg","datePublished":"2023-12-11T03:15:25+00:00","dateModified":"2023-12-15T17:14:34+00:00","breadcrumb":{"@id":"https:\/\/ponteseditores.com.br\/loja3\/pontes-editores-home-2__trashed\/conflitos-sociais\/produto-369\/#breadcrumb"},"inLanguage":"pt-BR","potentialAction":[{"@type":"ReadAction","target":["https:\/\/ponteseditores.com.br\/loja3\/pontes-editores-home-2__trashed\/conflitos-sociais\/produto-369\/"]}]},{"@type":"ImageObject","inLanguage":"pt-BR","@id":"https:\/\/ponteseditores.com.br\/loja3\/pontes-editores-home-2__trashed\/conflitos-sociais\/produto-369\/#primaryimage","url":"https:\/\/ponteseditores.com.br\/loja3\/wp-content\/uploads\/2023\/12\/capa20ato.jpg","contentUrl":"https:\/\/ponteseditores.com.br\/loja3\/wp-content\/uploads\/2023\/12\/capa20ato.jpg","width":501,"height":768},{"@type":"BreadcrumbList","@id":"https:\/\/ponteseditores.com.br\/loja3\/pontes-editores-home-2__trashed\/conflitos-sociais\/produto-369\/#breadcrumb","itemListElement":[{"@type":"ListItem","position":1,"name":"Home","item":"https:\/\/ponteseditores.com.br\/loja3\/"},{"@type":"ListItem","position":2,"name":"loja","item":"https:\/\/ponteseditores.com.br\/loja3\/loja\/"},{"@type":"ListItem","position":3,"name":"ATO DE MATAR EM TRAJET\u00d3RIAS JUVENIS &#8211; IDENTIDADES, IMAGENS E RETRATOS DE MENINAS ENVOLVIDAS NA PR\u00c1TICA DE HOMIC\u00cdDIO"}]},{"@type":"WebSite","@id":"https:\/\/ponteseditores.com.br\/loja3\/#website","url":"https:\/\/ponteseditores.com.br\/loja3\/","name":"Pontes Editores","description":"Pontes Editores","publisher":{"@id":"https:\/\/ponteseditores.com.br\/loja3\/#organization"},"potentialAction":[{"@type":"SearchAction","target":{"@type":"EntryPoint","urlTemplate":"https:\/\/ponteseditores.com.br\/loja3\/?s={search_term_string}"},"query-input":{"@type":"PropertyValueSpecification","valueRequired":true,"valueName":"search_term_string"}}],"inLanguage":"pt-BR"},{"@type":"Organization","@id":"https:\/\/ponteseditores.com.br\/loja3\/#organization","name":"Pontes Editores","url":"https:\/\/ponteseditores.com.br\/loja3\/","logo":{"@type":"ImageObject","inLanguage":"pt-BR","@id":"https:\/\/ponteseditores.com.br\/loja3\/#\/schema\/logo\/image\/","url":"https:\/\/ponteseditores.com.br\/loja3\/wp-content\/uploads\/2023\/12\/logo-pontes-editores-v2.png","contentUrl":"https:\/\/ponteseditores.com.br\/loja3\/wp-content\/uploads\/2023\/12\/logo-pontes-editores-v2.png","width":258,"height":100,"caption":"Pontes Editores"},"image":{"@id":"https:\/\/ponteseditores.com.br\/loja3\/#\/schema\/logo\/image\/"}}]}},"_links":{"self":[{"href":"https:\/\/ponteseditores.com.br\/loja3\/wp-json\/wp\/v2\/product\/5090","targetHints":{"allow":["GET"]}}],"collection":[{"href":"https:\/\/ponteseditores.com.br\/loja3\/wp-json\/wp\/v2\/product"}],"about":[{"href":"https:\/\/ponteseditores.com.br\/loja3\/wp-json\/wp\/v2\/types\/product"}],"replies":[{"embeddable":true,"href":"https:\/\/ponteseditores.com.br\/loja3\/wp-json\/wp\/v2\/comments?post=5090"}],"version-history":[{"count":0,"href":"https:\/\/ponteseditores.com.br\/loja3\/wp-json\/wp\/v2\/product\/5090\/revisions"}],"wp:featuredmedia":[{"embeddable":true,"href":"https:\/\/ponteseditores.com.br\/loja3\/wp-json\/wp\/v2\/media\/5089"}],"wp:attachment":[{"href":"https:\/\/ponteseditores.com.br\/loja3\/wp-json\/wp\/v2\/media?parent=5090"}],"wp:term":[{"taxonomy":"product_brand","embeddable":true,"href":"https:\/\/ponteseditores.com.br\/loja3\/wp-json\/wp\/v2\/product_brand?post=5090"},{"taxonomy":"product_cat","embeddable":true,"href":"https:\/\/ponteseditores.com.br\/loja3\/wp-json\/wp\/v2\/product_cat?post=5090"},{"taxonomy":"product_tag","embeddable":true,"href":"https:\/\/ponteseditores.com.br\/loja3\/wp-json\/wp\/v2\/product_tag?post=5090"}],"curies":[{"name":"wp","href":"https:\/\/api.w.org\/{rel}","templated":true}]}}