{"id":5059,"date":"2023-12-11T00:11:03","date_gmt":"2023-12-11T03:11:03","guid":{"rendered":"https:\/\/ponteseditores.com.br\/loja3\/produto\/produto-341\/"},"modified":"2023-12-15T14:14:34","modified_gmt":"2023-12-15T17:14:34","slug":"produto-341","status":"publish","type":"product","link":"https:\/\/ponteseditores.com.br\/loja3\/pontes-editores-home-2__trashed\/antropologia\/produto-341\/","title":{"rendered":"MIGALHAS DO CARNAVAL &#8211; Escolas de Samba, Educa\u00e7\u00e3o e Patrim\u00f4nio Etnogr\u00e1fico em Abaetetuba"},"content":{"rendered":"<p>Esse samba foi um grito digamos assim. A gente estava numa situa\u00e7\u00e3o que n\u00e3o aguentava mais. Foi um rep\u00fadio na avenida. Mas sem citar nome de ningu\u00e9m. Foi uma manifesta\u00e7\u00e3o do artista popular e dizer, jogar tudo pra fora com o que estava em n\u00f3s. Acabaram com os nossos carnavais. Cad\u00ea os foli\u00f5es? [&#8230; ]. Foi uma manifesta\u00e7\u00e3o do sambista contra essa nova modalidade de \u201ccarnaval\u201d. Temos que entender que n\u00e3o somos contra, nunca fomos contra, acreditamos que tem lugar pra todos. N\u00f3s \u00e9 que queremos o nosso espa\u00e7o. Agora, n\u00e3o \u00e9 chegar na marra e querer impor. Foi uma chamativa \u00e0 Prefeita, aos secret\u00e1rios para ouvir o samba e sentir na pele o que est\u00e1vamos sentindo. Tudo ficou em cima do muro, sem resposta, deixamos no ar, ao jugo popular. O samba foi o \u00faltimo carnaval que n\u00f3s fizemos &#8230;<\/p>\n","protected":false},"excerpt":{"rendered":"<p>Esse samba foi um grito digamos assim. A gente estava numa situa\u00e7\u00e3o que n\u00e3o aguentava mais. Foi um rep\u00fadio na avenida. Mas sem citar nome de ningu\u00e9m. Foi uma manifesta\u00e7\u00e3o do artista popular e dizer, jogar tudo pra fora com o que estava em n\u00f3s. Acabaram com os nossos carnavais. Cad\u00ea os foli\u00f5es? [&#8230; ]. [&hellip;]<\/p>\n","protected":false},"featured_media":5058,"comment_status":"open","ping_status":"closed","template":"","meta":{"_joinchat":[]},"product_brand":[],"product_cat":[118],"product_tag":[],"class_list":{"0":"post-5059","1":"product","2":"type-product","3":"status-publish","4":"has-post-thumbnail","6":"product_cat-antropologia","7":"product_shipping_class-livro-pontes-editores-fisico","9":"first","10":"instock","11":"shipping-taxable","12":"purchasable","13":"product-type-simple"},"yoast_head":"<!-- This site is optimized with the Yoast SEO plugin v27.4 - https:\/\/yoast.com\/product\/yoast-seo-wordpress\/ -->\n<title>MIGALHAS DO CARNAVAL - Escolas de Samba, Educa\u00e7\u00e3o e Patrim\u00f4nio Etnogr\u00e1fico em Abaetetuba - Pontes Editores<\/title>\n<meta name=\"robots\" content=\"index, follow, max-snippet:-1, max-image-preview:large, max-video-preview:-1\" \/>\n<link rel=\"canonical\" href=\"https:\/\/ponteseditores.com.br\/loja3\/pontes-editores-home-2__trashed\/antropologia\/produto-341\/\" \/>\n<meta property=\"og:locale\" content=\"pt_BR\" \/>\n<meta property=\"og:type\" content=\"article\" \/>\n<meta property=\"og:title\" content=\"MIGALHAS DO CARNAVAL - Escolas de Samba, Educa\u00e7\u00e3o e Patrim\u00f4nio Etnogr\u00e1fico em Abaetetuba - Pontes Editores\" \/>\n<meta property=\"og:description\" content=\"Esse samba foi um grito digamos assim. A gente estava numa situa\u00e7\u00e3o que n\u00e3o aguentava mais. Foi um rep\u00fadio na avenida. Mas sem citar nome de ningu\u00e9m. Foi uma manifesta\u00e7\u00e3o do artista popular e dizer, jogar tudo pra fora com o que estava em n\u00f3s. Acabaram com os nossos carnavais. Cad\u00ea os foli\u00f5es? [&#8230; ]. [&hellip;]\" \/>\n<meta property=\"og:url\" content=\"https:\/\/ponteseditores.com.br\/loja3\/pontes-editores-home-2__trashed\/antropologia\/produto-341\/\" \/>\n<meta property=\"og:site_name\" content=\"Pontes Editores\" \/>\n<meta property=\"article:modified_time\" content=\"2023-12-15T17:14:34+00:00\" \/>\n<meta property=\"og:image\" content=\"https:\/\/ponteseditores.com.br\/loja3\/wp-content\/uploads\/2023\/12\/migalhas-1.jpg\" \/>\n\t<meta property=\"og:image:width\" content=\"392\" \/>\n\t<meta property=\"og:image:height\" content=\"600\" \/>\n\t<meta property=\"og:image:type\" content=\"image\/jpeg\" \/>\n<meta name=\"twitter:card\" content=\"summary_large_image\" \/>\n<meta name=\"twitter:label1\" content=\"Est. tempo de leitura\" \/>\n\t<meta name=\"twitter:data1\" content=\"1 minuto\" \/>\n<script type=\"application\/ld+json\" class=\"yoast-schema-graph\">{\"@context\":\"https:\\\/\\\/schema.org\",\"@graph\":[{\"@type\":\"WebPage\",\"@id\":\"https:\\\/\\\/ponteseditores.com.br\\\/loja3\\\/pontes-editores-home-2__trashed\\\/antropologia\\\/produto-341\\\/\",\"url\":\"https:\\\/\\\/ponteseditores.com.br\\\/loja3\\\/pontes-editores-home-2__trashed\\\/antropologia\\\/produto-341\\\/\",\"name\":\"MIGALHAS DO CARNAVAL - Escolas de Samba, Educa\u00e7\u00e3o e Patrim\u00f4nio Etnogr\u00e1fico em Abaetetuba - Pontes Editores\",\"isPartOf\":{\"@id\":\"https:\\\/\\\/ponteseditores.com.br\\\/loja3\\\/#website\"},\"primaryImageOfPage\":{\"@id\":\"https:\\\/\\\/ponteseditores.com.br\\\/loja3\\\/pontes-editores-home-2__trashed\\\/antropologia\\\/produto-341\\\/#primaryimage\"},\"image\":{\"@id\":\"https:\\\/\\\/ponteseditores.com.br\\\/loja3\\\/pontes-editores-home-2__trashed\\\/antropologia\\\/produto-341\\\/#primaryimage\"},\"thumbnailUrl\":\"https:\\\/\\\/ponteseditores.com.br\\\/loja3\\\/wp-content\\\/uploads\\\/2023\\\/12\\\/migalhas-1.jpg\",\"datePublished\":\"2023-12-11T03:11:03+00:00\",\"dateModified\":\"2023-12-15T17:14:34+00:00\",\"breadcrumb\":{\"@id\":\"https:\\\/\\\/ponteseditores.com.br\\\/loja3\\\/pontes-editores-home-2__trashed\\\/antropologia\\\/produto-341\\\/#breadcrumb\"},\"inLanguage\":\"pt-BR\",\"potentialAction\":[{\"@type\":\"ReadAction\",\"target\":[\"https:\\\/\\\/ponteseditores.com.br\\\/loja3\\\/pontes-editores-home-2__trashed\\\/antropologia\\\/produto-341\\\/\"]}]},{\"@type\":\"ImageObject\",\"inLanguage\":\"pt-BR\",\"@id\":\"https:\\\/\\\/ponteseditores.com.br\\\/loja3\\\/pontes-editores-home-2__trashed\\\/antropologia\\\/produto-341\\\/#primaryimage\",\"url\":\"https:\\\/\\\/ponteseditores.com.br\\\/loja3\\\/wp-content\\\/uploads\\\/2023\\\/12\\\/migalhas-1.jpg\",\"contentUrl\":\"https:\\\/\\\/ponteseditores.com.br\\\/loja3\\\/wp-content\\\/uploads\\\/2023\\\/12\\\/migalhas-1.jpg\",\"width\":392,\"height\":600},{\"@type\":\"BreadcrumbList\",\"@id\":\"https:\\\/\\\/ponteseditores.com.br\\\/loja3\\\/pontes-editores-home-2__trashed\\\/antropologia\\\/produto-341\\\/#breadcrumb\",\"itemListElement\":[{\"@type\":\"ListItem\",\"position\":1,\"name\":\"Home\",\"item\":\"https:\\\/\\\/ponteseditores.com.br\\\/loja3\\\/\"},{\"@type\":\"ListItem\",\"position\":2,\"name\":\"loja\",\"item\":\"https:\\\/\\\/ponteseditores.com.br\\\/loja3\\\/loja\\\/\"},{\"@type\":\"ListItem\",\"position\":3,\"name\":\"MIGALHAS DO CARNAVAL &#8211; Escolas de Samba, Educa\u00e7\u00e3o e Patrim\u00f4nio Etnogr\u00e1fico em Abaetetuba\"}]},{\"@type\":\"WebSite\",\"@id\":\"https:\\\/\\\/ponteseditores.com.br\\\/loja3\\\/#website\",\"url\":\"https:\\\/\\\/ponteseditores.com.br\\\/loja3\\\/\",\"name\":\"Pontes Editores\",\"description\":\"Pontes Editores\",\"publisher\":{\"@id\":\"https:\\\/\\\/ponteseditores.com.br\\\/loja3\\\/#organization\"},\"potentialAction\":[{\"@type\":\"SearchAction\",\"target\":{\"@type\":\"EntryPoint\",\"urlTemplate\":\"https:\\\/\\\/ponteseditores.com.br\\\/loja3\\\/?s={search_term_string}\"},\"query-input\":{\"@type\":\"PropertyValueSpecification\",\"valueRequired\":true,\"valueName\":\"search_term_string\"}}],\"inLanguage\":\"pt-BR\"},{\"@type\":\"Organization\",\"@id\":\"https:\\\/\\\/ponteseditores.com.br\\\/loja3\\\/#organization\",\"name\":\"Pontes Editores\",\"url\":\"https:\\\/\\\/ponteseditores.com.br\\\/loja3\\\/\",\"logo\":{\"@type\":\"ImageObject\",\"inLanguage\":\"pt-BR\",\"@id\":\"https:\\\/\\\/ponteseditores.com.br\\\/loja3\\\/#\\\/schema\\\/logo\\\/image\\\/\",\"url\":\"https:\\\/\\\/ponteseditores.com.br\\\/loja3\\\/wp-content\\\/uploads\\\/2023\\\/12\\\/logo-pontes-editores-v2.png\",\"contentUrl\":\"https:\\\/\\\/ponteseditores.com.br\\\/loja3\\\/wp-content\\\/uploads\\\/2023\\\/12\\\/logo-pontes-editores-v2.png\",\"width\":258,\"height\":100,\"caption\":\"Pontes Editores\"},\"image\":{\"@id\":\"https:\\\/\\\/ponteseditores.com.br\\\/loja3\\\/#\\\/schema\\\/logo\\\/image\\\/\"}}]}<\/script>\n<!-- \/ Yoast SEO plugin. -->","yoast_head_json":{"title":"MIGALHAS DO CARNAVAL - Escolas de Samba, Educa\u00e7\u00e3o e Patrim\u00f4nio Etnogr\u00e1fico em Abaetetuba - Pontes Editores","robots":{"index":"index","follow":"follow","max-snippet":"max-snippet:-1","max-image-preview":"max-image-preview:large","max-video-preview":"max-video-preview:-1"},"canonical":"https:\/\/ponteseditores.com.br\/loja3\/pontes-editores-home-2__trashed\/antropologia\/produto-341\/","og_locale":"pt_BR","og_type":"article","og_title":"MIGALHAS DO CARNAVAL - Escolas de Samba, Educa\u00e7\u00e3o e Patrim\u00f4nio Etnogr\u00e1fico em Abaetetuba - Pontes Editores","og_description":"Esse samba foi um grito digamos assim. A gente estava numa situa\u00e7\u00e3o que n\u00e3o aguentava mais. Foi um rep\u00fadio na avenida. Mas sem citar nome de ningu\u00e9m. Foi uma manifesta\u00e7\u00e3o do artista popular e dizer, jogar tudo pra fora com o que estava em n\u00f3s. Acabaram com os nossos carnavais. Cad\u00ea os foli\u00f5es? [&#8230; ]. [&hellip;]","og_url":"https:\/\/ponteseditores.com.br\/loja3\/pontes-editores-home-2__trashed\/antropologia\/produto-341\/","og_site_name":"Pontes Editores","article_modified_time":"2023-12-15T17:14:34+00:00","og_image":[{"width":392,"height":600,"url":"https:\/\/ponteseditores.com.br\/loja3\/wp-content\/uploads\/2023\/12\/migalhas-1.jpg","type":"image\/jpeg"}],"twitter_card":"summary_large_image","twitter_misc":{"Est. tempo de leitura":"1 minuto"},"schema":{"@context":"https:\/\/schema.org","@graph":[{"@type":"WebPage","@id":"https:\/\/ponteseditores.com.br\/loja3\/pontes-editores-home-2__trashed\/antropologia\/produto-341\/","url":"https:\/\/ponteseditores.com.br\/loja3\/pontes-editores-home-2__trashed\/antropologia\/produto-341\/","name":"MIGALHAS DO CARNAVAL - Escolas de Samba, Educa\u00e7\u00e3o e Patrim\u00f4nio Etnogr\u00e1fico em Abaetetuba - Pontes Editores","isPartOf":{"@id":"https:\/\/ponteseditores.com.br\/loja3\/#website"},"primaryImageOfPage":{"@id":"https:\/\/ponteseditores.com.br\/loja3\/pontes-editores-home-2__trashed\/antropologia\/produto-341\/#primaryimage"},"image":{"@id":"https:\/\/ponteseditores.com.br\/loja3\/pontes-editores-home-2__trashed\/antropologia\/produto-341\/#primaryimage"},"thumbnailUrl":"https:\/\/ponteseditores.com.br\/loja3\/wp-content\/uploads\/2023\/12\/migalhas-1.jpg","datePublished":"2023-12-11T03:11:03+00:00","dateModified":"2023-12-15T17:14:34+00:00","breadcrumb":{"@id":"https:\/\/ponteseditores.com.br\/loja3\/pontes-editores-home-2__trashed\/antropologia\/produto-341\/#breadcrumb"},"inLanguage":"pt-BR","potentialAction":[{"@type":"ReadAction","target":["https:\/\/ponteseditores.com.br\/loja3\/pontes-editores-home-2__trashed\/antropologia\/produto-341\/"]}]},{"@type":"ImageObject","inLanguage":"pt-BR","@id":"https:\/\/ponteseditores.com.br\/loja3\/pontes-editores-home-2__trashed\/antropologia\/produto-341\/#primaryimage","url":"https:\/\/ponteseditores.com.br\/loja3\/wp-content\/uploads\/2023\/12\/migalhas-1.jpg","contentUrl":"https:\/\/ponteseditores.com.br\/loja3\/wp-content\/uploads\/2023\/12\/migalhas-1.jpg","width":392,"height":600},{"@type":"BreadcrumbList","@id":"https:\/\/ponteseditores.com.br\/loja3\/pontes-editores-home-2__trashed\/antropologia\/produto-341\/#breadcrumb","itemListElement":[{"@type":"ListItem","position":1,"name":"Home","item":"https:\/\/ponteseditores.com.br\/loja3\/"},{"@type":"ListItem","position":2,"name":"loja","item":"https:\/\/ponteseditores.com.br\/loja3\/loja\/"},{"@type":"ListItem","position":3,"name":"MIGALHAS DO CARNAVAL &#8211; Escolas de Samba, Educa\u00e7\u00e3o e Patrim\u00f4nio Etnogr\u00e1fico em Abaetetuba"}]},{"@type":"WebSite","@id":"https:\/\/ponteseditores.com.br\/loja3\/#website","url":"https:\/\/ponteseditores.com.br\/loja3\/","name":"Pontes Editores","description":"Pontes Editores","publisher":{"@id":"https:\/\/ponteseditores.com.br\/loja3\/#organization"},"potentialAction":[{"@type":"SearchAction","target":{"@type":"EntryPoint","urlTemplate":"https:\/\/ponteseditores.com.br\/loja3\/?s={search_term_string}"},"query-input":{"@type":"PropertyValueSpecification","valueRequired":true,"valueName":"search_term_string"}}],"inLanguage":"pt-BR"},{"@type":"Organization","@id":"https:\/\/ponteseditores.com.br\/loja3\/#organization","name":"Pontes Editores","url":"https:\/\/ponteseditores.com.br\/loja3\/","logo":{"@type":"ImageObject","inLanguage":"pt-BR","@id":"https:\/\/ponteseditores.com.br\/loja3\/#\/schema\/logo\/image\/","url":"https:\/\/ponteseditores.com.br\/loja3\/wp-content\/uploads\/2023\/12\/logo-pontes-editores-v2.png","contentUrl":"https:\/\/ponteseditores.com.br\/loja3\/wp-content\/uploads\/2023\/12\/logo-pontes-editores-v2.png","width":258,"height":100,"caption":"Pontes Editores"},"image":{"@id":"https:\/\/ponteseditores.com.br\/loja3\/#\/schema\/logo\/image\/"}}]}},"_links":{"self":[{"href":"https:\/\/ponteseditores.com.br\/loja3\/wp-json\/wp\/v2\/product\/5059","targetHints":{"allow":["GET"]}}],"collection":[{"href":"https:\/\/ponteseditores.com.br\/loja3\/wp-json\/wp\/v2\/product"}],"about":[{"href":"https:\/\/ponteseditores.com.br\/loja3\/wp-json\/wp\/v2\/types\/product"}],"replies":[{"embeddable":true,"href":"https:\/\/ponteseditores.com.br\/loja3\/wp-json\/wp\/v2\/comments?post=5059"}],"version-history":[{"count":0,"href":"https:\/\/ponteseditores.com.br\/loja3\/wp-json\/wp\/v2\/product\/5059\/revisions"}],"wp:featuredmedia":[{"embeddable":true,"href":"https:\/\/ponteseditores.com.br\/loja3\/wp-json\/wp\/v2\/media\/5058"}],"wp:attachment":[{"href":"https:\/\/ponteseditores.com.br\/loja3\/wp-json\/wp\/v2\/media?parent=5059"}],"wp:term":[{"taxonomy":"product_brand","embeddable":true,"href":"https:\/\/ponteseditores.com.br\/loja3\/wp-json\/wp\/v2\/product_brand?post=5059"},{"taxonomy":"product_cat","embeddable":true,"href":"https:\/\/ponteseditores.com.br\/loja3\/wp-json\/wp\/v2\/product_cat?post=5059"},{"taxonomy":"product_tag","embeddable":true,"href":"https:\/\/ponteseditores.com.br\/loja3\/wp-json\/wp\/v2\/product_tag?post=5059"}],"curies":[{"name":"wp","href":"https:\/\/api.w.org\/{rel}","templated":true}]}}