{"id":4983,"date":"2023-12-11T00:10:13","date_gmt":"2023-12-11T03:10:13","guid":{"rendered":"https:\/\/ponteseditores.com.br\/loja3\/produto\/produto-303\/"},"modified":"2026-01-20T14:38:46","modified_gmt":"2026-01-20T17:38:46","slug":"produto-303","status":"publish","type":"product","link":"https:\/\/ponteseditores.com.br\/loja3\/pontes-editores-home-2__trashed\/japao-em-foco\/produto-303\/","title":{"rendered":"L\u00cdNGUA JAPONESA NO BRASIL: reflex\u00f5es e experi\u00eancias de ensino e aprendizagem &#8211; Cole\u00e7\u00e3o Jap\u00e3o em Foco Vol 1"},"content":{"rendered":"<p>Neste volume h\u00e1 a contribui\u00e7\u00e3o de pesquisadores de diversas institui\u00e7\u00f5es, que v\u00eam atuando continuamente para o desenvolvimento do ensino da l\u00edngua japonesa como l\u00edngua estrangeira (LE) no Brasil. Os artigos apresentados abrangem temas variados e significativos para o ensino desta l\u00edngua, como a forma\u00e7\u00e3o de professores estaduais do estado de S\u00e3o Paulo e do Paran\u00e1, a forma\u00e7\u00e3o de professores universit\u00e1rios cr\u00edticos-anal\u00edticos, os desafios de se estabelecer um curso de l\u00edngua japonesa, as ocorr\u00eancias lingu\u00edsticas nas falas de professores, as cren\u00e7as, a\u00e7\u00f5es e reflex\u00f5es feitas por uma aprendiz de japon\u00eas como LE, o estudo dos ideogramas sino-japoneses pela perspectiva do Tao, o ensino de fonologia da l\u00edngua japonesa como LE. Assim, temos em um \u00fanico volume uma diversidade de perspectivas que estimulam a reflex\u00e3o e releitura de temas relevantes, e trazem \u00e0 luz novas abordagens sobre t\u00f3picos que ainda n\u00e3o receberam a devida aten\u00e7\u00e3o dos pesquisadores.<\/p>\n","protected":false},"excerpt":{"rendered":"<p>Neste volume h\u00e1 a contribui\u00e7\u00e3o de pesquisadores de diversas institui\u00e7\u00f5es, que v\u00eam atuando continuamente para o desenvolvimento do ensino da l\u00edngua japonesa como l\u00edngua estrangeira (LE) no Brasil. Os artigos apresentados abrangem temas variados e significativos para o ensino desta l\u00edngua, como a forma\u00e7\u00e3o de professores estaduais do estado de S\u00e3o Paulo e do Paran\u00e1, [&hellip;]<\/p>\n","protected":false},"featured_media":4982,"comment_status":"open","ping_status":"closed","template":"","meta":{"_joinchat":[]},"product_brand":[],"product_cat":[283],"product_tag":[],"class_list":{"0":"post-4983","1":"product","2":"type-product","3":"status-publish","4":"has-post-thumbnail","6":"product_cat-japao-em-foco","7":"product_shipping_class-livro-pontes-editores-fisico","9":"first","10":"instock","11":"shipping-taxable","12":"purchasable","13":"product-type-simple"},"yoast_head":"<!-- This site is optimized with the Yoast SEO plugin v27.4 - https:\/\/yoast.com\/product\/yoast-seo-wordpress\/ -->\n<title>L\u00cdNGUA JAPONESA NO BRASIL: reflex\u00f5es e experi\u00eancias de ensino e aprendizagem - Cole\u00e7\u00e3o Jap\u00e3o em Foco Vol 1 - Pontes Editores<\/title>\n<meta name=\"robots\" content=\"index, follow, max-snippet:-1, max-image-preview:large, max-video-preview:-1\" \/>\n<link rel=\"canonical\" href=\"https:\/\/ponteseditores.com.br\/loja3\/pontes-editores-home-2__trashed\/japao-em-foco\/produto-303\/\" \/>\n<meta property=\"og:locale\" content=\"pt_BR\" \/>\n<meta property=\"og:type\" content=\"article\" \/>\n<meta property=\"og:title\" content=\"L\u00cdNGUA JAPONESA NO BRASIL: reflex\u00f5es e experi\u00eancias de ensino e aprendizagem - Cole\u00e7\u00e3o Jap\u00e3o em Foco Vol 1 - Pontes Editores\" \/>\n<meta property=\"og:description\" content=\"Neste volume h\u00e1 a contribui\u00e7\u00e3o de pesquisadores de diversas institui\u00e7\u00f5es, que v\u00eam atuando continuamente para o desenvolvimento do ensino da l\u00edngua japonesa como l\u00edngua estrangeira (LE) no Brasil. Os artigos apresentados abrangem temas variados e significativos para o ensino desta l\u00edngua, como a forma\u00e7\u00e3o de professores estaduais do estado de S\u00e3o Paulo e do Paran\u00e1, [&hellip;]\" \/>\n<meta property=\"og:url\" content=\"https:\/\/ponteseditores.com.br\/loja3\/pontes-editores-home-2__trashed\/japao-em-foco\/produto-303\/\" \/>\n<meta property=\"og:site_name\" content=\"Pontes Editores\" \/>\n<meta property=\"article:modified_time\" content=\"2026-01-20T17:38:46+00:00\" \/>\n<meta property=\"og:image\" content=\"https:\/\/ponteseditores.com.br\/loja3\/wp-content\/uploads\/2023\/12\/imgG527-1.jpg\" \/>\n\t<meta property=\"og:image:width\" content=\"201\" \/>\n\t<meta property=\"og:image:height\" content=\"300\" \/>\n\t<meta property=\"og:image:type\" content=\"image\/jpeg\" \/>\n<meta name=\"twitter:card\" content=\"summary_large_image\" \/>\n<meta name=\"twitter:label1\" content=\"Est. tempo de leitura\" \/>\n\t<meta name=\"twitter:data1\" content=\"1 minuto\" \/>\n<script type=\"application\/ld+json\" class=\"yoast-schema-graph\">{\"@context\":\"https:\\\/\\\/schema.org\",\"@graph\":[{\"@type\":\"WebPage\",\"@id\":\"https:\\\/\\\/ponteseditores.com.br\\\/loja3\\\/pontes-editores-home-2__trashed\\\/japao-em-foco\\\/produto-303\\\/\",\"url\":\"https:\\\/\\\/ponteseditores.com.br\\\/loja3\\\/pontes-editores-home-2__trashed\\\/japao-em-foco\\\/produto-303\\\/\",\"name\":\"L\u00cdNGUA JAPONESA NO BRASIL: reflex\u00f5es e experi\u00eancias de ensino e aprendizagem - Cole\u00e7\u00e3o Jap\u00e3o em Foco Vol 1 - Pontes Editores\",\"isPartOf\":{\"@id\":\"https:\\\/\\\/ponteseditores.com.br\\\/loja3\\\/#website\"},\"primaryImageOfPage\":{\"@id\":\"https:\\\/\\\/ponteseditores.com.br\\\/loja3\\\/pontes-editores-home-2__trashed\\\/japao-em-foco\\\/produto-303\\\/#primaryimage\"},\"image\":{\"@id\":\"https:\\\/\\\/ponteseditores.com.br\\\/loja3\\\/pontes-editores-home-2__trashed\\\/japao-em-foco\\\/produto-303\\\/#primaryimage\"},\"thumbnailUrl\":\"https:\\\/\\\/ponteseditores.com.br\\\/loja3\\\/wp-content\\\/uploads\\\/2023\\\/12\\\/imgG527-1.jpg\",\"datePublished\":\"2023-12-11T03:10:13+00:00\",\"dateModified\":\"2026-01-20T17:38:46+00:00\",\"breadcrumb\":{\"@id\":\"https:\\\/\\\/ponteseditores.com.br\\\/loja3\\\/pontes-editores-home-2__trashed\\\/japao-em-foco\\\/produto-303\\\/#breadcrumb\"},\"inLanguage\":\"pt-BR\",\"potentialAction\":[{\"@type\":\"ReadAction\",\"target\":[\"https:\\\/\\\/ponteseditores.com.br\\\/loja3\\\/pontes-editores-home-2__trashed\\\/japao-em-foco\\\/produto-303\\\/\"]}]},{\"@type\":\"ImageObject\",\"inLanguage\":\"pt-BR\",\"@id\":\"https:\\\/\\\/ponteseditores.com.br\\\/loja3\\\/pontes-editores-home-2__trashed\\\/japao-em-foco\\\/produto-303\\\/#primaryimage\",\"url\":\"https:\\\/\\\/ponteseditores.com.br\\\/loja3\\\/wp-content\\\/uploads\\\/2023\\\/12\\\/imgG527-1.jpg\",\"contentUrl\":\"https:\\\/\\\/ponteseditores.com.br\\\/loja3\\\/wp-content\\\/uploads\\\/2023\\\/12\\\/imgG527-1.jpg\",\"width\":201,\"height\":300},{\"@type\":\"BreadcrumbList\",\"@id\":\"https:\\\/\\\/ponteseditores.com.br\\\/loja3\\\/pontes-editores-home-2__trashed\\\/japao-em-foco\\\/produto-303\\\/#breadcrumb\",\"itemListElement\":[{\"@type\":\"ListItem\",\"position\":1,\"name\":\"Home\",\"item\":\"https:\\\/\\\/ponteseditores.com.br\\\/loja3\\\/\"},{\"@type\":\"ListItem\",\"position\":2,\"name\":\"loja\",\"item\":\"https:\\\/\\\/ponteseditores.com.br\\\/loja3\\\/loja\\\/\"},{\"@type\":\"ListItem\",\"position\":3,\"name\":\"L\u00cdNGUA JAPONESA NO BRASIL: reflex\u00f5es e experi\u00eancias de ensino e aprendizagem &#8211; Cole\u00e7\u00e3o Jap\u00e3o em Foco Vol 1\"}]},{\"@type\":\"WebSite\",\"@id\":\"https:\\\/\\\/ponteseditores.com.br\\\/loja3\\\/#website\",\"url\":\"https:\\\/\\\/ponteseditores.com.br\\\/loja3\\\/\",\"name\":\"Pontes Editores\",\"description\":\"Pontes Editores\",\"publisher\":{\"@id\":\"https:\\\/\\\/ponteseditores.com.br\\\/loja3\\\/#organization\"},\"potentialAction\":[{\"@type\":\"SearchAction\",\"target\":{\"@type\":\"EntryPoint\",\"urlTemplate\":\"https:\\\/\\\/ponteseditores.com.br\\\/loja3\\\/?s={search_term_string}\"},\"query-input\":{\"@type\":\"PropertyValueSpecification\",\"valueRequired\":true,\"valueName\":\"search_term_string\"}}],\"inLanguage\":\"pt-BR\"},{\"@type\":\"Organization\",\"@id\":\"https:\\\/\\\/ponteseditores.com.br\\\/loja3\\\/#organization\",\"name\":\"Pontes Editores\",\"url\":\"https:\\\/\\\/ponteseditores.com.br\\\/loja3\\\/\",\"logo\":{\"@type\":\"ImageObject\",\"inLanguage\":\"pt-BR\",\"@id\":\"https:\\\/\\\/ponteseditores.com.br\\\/loja3\\\/#\\\/schema\\\/logo\\\/image\\\/\",\"url\":\"https:\\\/\\\/ponteseditores.com.br\\\/loja3\\\/wp-content\\\/uploads\\\/2023\\\/12\\\/logo-pontes-editores-v2.png\",\"contentUrl\":\"https:\\\/\\\/ponteseditores.com.br\\\/loja3\\\/wp-content\\\/uploads\\\/2023\\\/12\\\/logo-pontes-editores-v2.png\",\"width\":258,\"height\":100,\"caption\":\"Pontes Editores\"},\"image\":{\"@id\":\"https:\\\/\\\/ponteseditores.com.br\\\/loja3\\\/#\\\/schema\\\/logo\\\/image\\\/\"}}]}<\/script>\n<!-- \/ Yoast SEO plugin. -->","yoast_head_json":{"title":"L\u00cdNGUA JAPONESA NO BRASIL: reflex\u00f5es e experi\u00eancias de ensino e aprendizagem - Cole\u00e7\u00e3o Jap\u00e3o em Foco Vol 1 - Pontes Editores","robots":{"index":"index","follow":"follow","max-snippet":"max-snippet:-1","max-image-preview":"max-image-preview:large","max-video-preview":"max-video-preview:-1"},"canonical":"https:\/\/ponteseditores.com.br\/loja3\/pontes-editores-home-2__trashed\/japao-em-foco\/produto-303\/","og_locale":"pt_BR","og_type":"article","og_title":"L\u00cdNGUA JAPONESA NO BRASIL: reflex\u00f5es e experi\u00eancias de ensino e aprendizagem - Cole\u00e7\u00e3o Jap\u00e3o em Foco Vol 1 - Pontes Editores","og_description":"Neste volume h\u00e1 a contribui\u00e7\u00e3o de pesquisadores de diversas institui\u00e7\u00f5es, que v\u00eam atuando continuamente para o desenvolvimento do ensino da l\u00edngua japonesa como l\u00edngua estrangeira (LE) no Brasil. Os artigos apresentados abrangem temas variados e significativos para o ensino desta l\u00edngua, como a forma\u00e7\u00e3o de professores estaduais do estado de S\u00e3o Paulo e do Paran\u00e1, [&hellip;]","og_url":"https:\/\/ponteseditores.com.br\/loja3\/pontes-editores-home-2__trashed\/japao-em-foco\/produto-303\/","og_site_name":"Pontes Editores","article_modified_time":"2026-01-20T17:38:46+00:00","og_image":[{"width":201,"height":300,"url":"https:\/\/ponteseditores.com.br\/loja3\/wp-content\/uploads\/2023\/12\/imgG527-1.jpg","type":"image\/jpeg"}],"twitter_card":"summary_large_image","twitter_misc":{"Est. tempo de leitura":"1 minuto"},"schema":{"@context":"https:\/\/schema.org","@graph":[{"@type":"WebPage","@id":"https:\/\/ponteseditores.com.br\/loja3\/pontes-editores-home-2__trashed\/japao-em-foco\/produto-303\/","url":"https:\/\/ponteseditores.com.br\/loja3\/pontes-editores-home-2__trashed\/japao-em-foco\/produto-303\/","name":"L\u00cdNGUA JAPONESA NO BRASIL: reflex\u00f5es e experi\u00eancias de ensino e aprendizagem - Cole\u00e7\u00e3o Jap\u00e3o em Foco Vol 1 - Pontes Editores","isPartOf":{"@id":"https:\/\/ponteseditores.com.br\/loja3\/#website"},"primaryImageOfPage":{"@id":"https:\/\/ponteseditores.com.br\/loja3\/pontes-editores-home-2__trashed\/japao-em-foco\/produto-303\/#primaryimage"},"image":{"@id":"https:\/\/ponteseditores.com.br\/loja3\/pontes-editores-home-2__trashed\/japao-em-foco\/produto-303\/#primaryimage"},"thumbnailUrl":"https:\/\/ponteseditores.com.br\/loja3\/wp-content\/uploads\/2023\/12\/imgG527-1.jpg","datePublished":"2023-12-11T03:10:13+00:00","dateModified":"2026-01-20T17:38:46+00:00","breadcrumb":{"@id":"https:\/\/ponteseditores.com.br\/loja3\/pontes-editores-home-2__trashed\/japao-em-foco\/produto-303\/#breadcrumb"},"inLanguage":"pt-BR","potentialAction":[{"@type":"ReadAction","target":["https:\/\/ponteseditores.com.br\/loja3\/pontes-editores-home-2__trashed\/japao-em-foco\/produto-303\/"]}]},{"@type":"ImageObject","inLanguage":"pt-BR","@id":"https:\/\/ponteseditores.com.br\/loja3\/pontes-editores-home-2__trashed\/japao-em-foco\/produto-303\/#primaryimage","url":"https:\/\/ponteseditores.com.br\/loja3\/wp-content\/uploads\/2023\/12\/imgG527-1.jpg","contentUrl":"https:\/\/ponteseditores.com.br\/loja3\/wp-content\/uploads\/2023\/12\/imgG527-1.jpg","width":201,"height":300},{"@type":"BreadcrumbList","@id":"https:\/\/ponteseditores.com.br\/loja3\/pontes-editores-home-2__trashed\/japao-em-foco\/produto-303\/#breadcrumb","itemListElement":[{"@type":"ListItem","position":1,"name":"Home","item":"https:\/\/ponteseditores.com.br\/loja3\/"},{"@type":"ListItem","position":2,"name":"loja","item":"https:\/\/ponteseditores.com.br\/loja3\/loja\/"},{"@type":"ListItem","position":3,"name":"L\u00cdNGUA JAPONESA NO BRASIL: reflex\u00f5es e experi\u00eancias de ensino e aprendizagem &#8211; Cole\u00e7\u00e3o Jap\u00e3o em Foco Vol 1"}]},{"@type":"WebSite","@id":"https:\/\/ponteseditores.com.br\/loja3\/#website","url":"https:\/\/ponteseditores.com.br\/loja3\/","name":"Pontes Editores","description":"Pontes Editores","publisher":{"@id":"https:\/\/ponteseditores.com.br\/loja3\/#organization"},"potentialAction":[{"@type":"SearchAction","target":{"@type":"EntryPoint","urlTemplate":"https:\/\/ponteseditores.com.br\/loja3\/?s={search_term_string}"},"query-input":{"@type":"PropertyValueSpecification","valueRequired":true,"valueName":"search_term_string"}}],"inLanguage":"pt-BR"},{"@type":"Organization","@id":"https:\/\/ponteseditores.com.br\/loja3\/#organization","name":"Pontes Editores","url":"https:\/\/ponteseditores.com.br\/loja3\/","logo":{"@type":"ImageObject","inLanguage":"pt-BR","@id":"https:\/\/ponteseditores.com.br\/loja3\/#\/schema\/logo\/image\/","url":"https:\/\/ponteseditores.com.br\/loja3\/wp-content\/uploads\/2023\/12\/logo-pontes-editores-v2.png","contentUrl":"https:\/\/ponteseditores.com.br\/loja3\/wp-content\/uploads\/2023\/12\/logo-pontes-editores-v2.png","width":258,"height":100,"caption":"Pontes Editores"},"image":{"@id":"https:\/\/ponteseditores.com.br\/loja3\/#\/schema\/logo\/image\/"}}]}},"_links":{"self":[{"href":"https:\/\/ponteseditores.com.br\/loja3\/wp-json\/wp\/v2\/product\/4983","targetHints":{"allow":["GET"]}}],"collection":[{"href":"https:\/\/ponteseditores.com.br\/loja3\/wp-json\/wp\/v2\/product"}],"about":[{"href":"https:\/\/ponteseditores.com.br\/loja3\/wp-json\/wp\/v2\/types\/product"}],"replies":[{"embeddable":true,"href":"https:\/\/ponteseditores.com.br\/loja3\/wp-json\/wp\/v2\/comments?post=4983"}],"version-history":[{"count":0,"href":"https:\/\/ponteseditores.com.br\/loja3\/wp-json\/wp\/v2\/product\/4983\/revisions"}],"wp:featuredmedia":[{"embeddable":true,"href":"https:\/\/ponteseditores.com.br\/loja3\/wp-json\/wp\/v2\/media\/4982"}],"wp:attachment":[{"href":"https:\/\/ponteseditores.com.br\/loja3\/wp-json\/wp\/v2\/media?parent=4983"}],"wp:term":[{"taxonomy":"product_brand","embeddable":true,"href":"https:\/\/ponteseditores.com.br\/loja3\/wp-json\/wp\/v2\/product_brand?post=4983"},{"taxonomy":"product_cat","embeddable":true,"href":"https:\/\/ponteseditores.com.br\/loja3\/wp-json\/wp\/v2\/product_cat?post=4983"},{"taxonomy":"product_tag","embeddable":true,"href":"https:\/\/ponteseditores.com.br\/loja3\/wp-json\/wp\/v2\/product_tag?post=4983"}],"curies":[{"name":"wp","href":"https:\/\/api.w.org\/{rel}","templated":true}]}}