{"id":4979,"date":"2023-12-11T00:10:12","date_gmt":"2023-12-11T03:10:12","guid":{"rendered":"https:\/\/ponteseditores.com.br\/loja3\/produto\/produto-301\/"},"modified":"2023-12-15T14:14:41","modified_gmt":"2023-12-15T17:14:41","slug":"produto-301","status":"publish","type":"product","link":"https:\/\/ponteseditores.com.br\/loja3\/pontes-editores-home-2__trashed\/linguagem-e-sociedade\/produto-301\/","title":{"rendered":"ECOLINGU\u00cdSTICA. Um Di\u00e1logo com Hildo Hon\u00f3rio do Couto Vol 4"},"content":{"rendered":"<p>Cole\u00e7\u00e3o Linguagem e Sociedade Vol 4. Num mundo crescentemente complexo, os indiv\u00edduos e as sociedades s\u00e3o chamados a reconhecer que as coisas e seus estados est\u00e3o todos ligados entre si, tal como uma teia de aranha &#8211; a constru\u00e7\u00e3o ou o corte de um filamento reflete-se em altera\u00e7\u00f5es no equil\u00edbrio da teia no seu todo. Este desafio de olhar o real de forma tendencialmente hol\u00edstica, sem perder a especificidade e o rigor da especializa\u00e7\u00e3o, coloca-se a v\u00e1rias ci\u00eancias, nomeadamente \u00e0 lingu\u00edstica, em larga medida porque nada do que existe \u00e9 alheio ao discurso que o cria e\/ou o integra no mundo simb\u00f3lico do homem. \u00c9 com este quadro conceptual que o presente livro surge, fruto do percurso que Hildo Hon\u00f3rio do Couto tem constru\u00eddo, em seu labor de pesquisa e ensino, ao longo de v\u00e1rios anos. Um livro \u00fatil para linguistas e estudiosos da l\u00edngua de todas as \u00e1reas que, partindo da Ecologia de modo radical e do conceito central dessa disciplina &#8211; que \u00e9 o de ecossistema e tudo que lhe diz respeito &#8211; reflete sobre as rela\u00e7\u00f5es entre os v\u00e1rios \u00e2mbitos de estudo dentro da lingu\u00edstica e entre esta e outras ci\u00eancias conexas. Que enquadra esse &#8216;novo ramo da lingu\u00edstica&#8217; designado &#8216;ecolingu\u00edstica&#8217;, seus princ\u00edpios fundamentais, objetivos, metodologias e instrumentos, limites e potencialidades. Trata-se ainda de um livro que apresenta a virtualidade de ser de leitura acess\u00edvel, por adotar uma constru\u00e7\u00e3o explicitamente dial\u00f3gica, em formato de entrevista, dirigida por Elza Kioko N.N. do Couto, com tr\u00eas dezenas de perguntas e respostas, capazes de organizar o conhecimento e de oferecer \u00e0 leitura uma vis\u00e3o esclarecida do pensamento de Hildo Couto sobre a ecolingu\u00edstica.<\/p>\n","protected":false},"excerpt":{"rendered":"<p>Cole\u00e7\u00e3o Linguagem e Sociedade Vol 4. Num mundo crescentemente complexo, os indiv\u00edduos e as sociedades s\u00e3o chamados a reconhecer que as coisas e seus estados est\u00e3o todos ligados entre si, tal como uma teia de aranha &#8211; a constru\u00e7\u00e3o ou o corte de um filamento reflete-se em altera\u00e7\u00f5es no equil\u00edbrio da teia no seu todo. [&hellip;]<\/p>\n","protected":false},"featured_media":4978,"comment_status":"open","ping_status":"closed","template":"","meta":{"_joinchat":[]},"product_brand":[],"product_cat":[281],"product_tag":[],"class_list":{"0":"post-4979","1":"product","2":"type-product","3":"status-publish","4":"has-post-thumbnail","6":"product_cat-linguagem-e-sociedade","7":"product_shipping_class-livro-pontes-editores-fisico","9":"first","10":"instock","11":"shipping-taxable","12":"purchasable","13":"product-type-simple"},"yoast_head":"<!-- This site is optimized with the Yoast SEO plugin v27.4 - https:\/\/yoast.com\/product\/yoast-seo-wordpress\/ -->\n<title>ECOLINGU\u00cdSTICA. Um Di\u00e1logo com Hildo Hon\u00f3rio do Couto Vol 4 - Pontes Editores<\/title>\n<meta name=\"robots\" content=\"index, follow, max-snippet:-1, max-image-preview:large, max-video-preview:-1\" \/>\n<link rel=\"canonical\" href=\"https:\/\/ponteseditores.com.br\/loja3\/pontes-editores-home-2__trashed\/linguagem-e-sociedade\/produto-301\/\" \/>\n<meta property=\"og:locale\" content=\"pt_BR\" \/>\n<meta property=\"og:type\" content=\"article\" \/>\n<meta property=\"og:title\" content=\"ECOLINGU\u00cdSTICA. Um Di\u00e1logo com Hildo Hon\u00f3rio do Couto Vol 4 - Pontes Editores\" \/>\n<meta property=\"og:description\" content=\"Cole\u00e7\u00e3o Linguagem e Sociedade Vol 4. Num mundo crescentemente complexo, os indiv\u00edduos e as sociedades s\u00e3o chamados a reconhecer que as coisas e seus estados est\u00e3o todos ligados entre si, tal como uma teia de aranha &#8211; a constru\u00e7\u00e3o ou o corte de um filamento reflete-se em altera\u00e7\u00f5es no equil\u00edbrio da teia no seu todo. [&hellip;]\" \/>\n<meta property=\"og:url\" content=\"https:\/\/ponteseditores.com.br\/loja3\/pontes-editores-home-2__trashed\/linguagem-e-sociedade\/produto-301\/\" \/>\n<meta property=\"og:site_name\" content=\"Pontes Editores\" \/>\n<meta property=\"article:modified_time\" content=\"2023-12-15T17:14:41+00:00\" \/>\n<meta property=\"og:image\" content=\"https:\/\/ponteseditores.com.br\/loja3\/wp-content\/uploads\/2023\/12\/imgG525-1.jpg\" \/>\n\t<meta property=\"og:image:width\" content=\"188\" \/>\n\t<meta property=\"og:image:height\" content=\"300\" \/>\n\t<meta property=\"og:image:type\" content=\"image\/jpeg\" \/>\n<meta name=\"twitter:card\" content=\"summary_large_image\" \/>\n<meta name=\"twitter:label1\" content=\"Est. tempo de leitura\" \/>\n\t<meta name=\"twitter:data1\" content=\"1 minuto\" \/>\n<script type=\"application\/ld+json\" class=\"yoast-schema-graph\">{\"@context\":\"https:\\\/\\\/schema.org\",\"@graph\":[{\"@type\":\"WebPage\",\"@id\":\"https:\\\/\\\/ponteseditores.com.br\\\/loja3\\\/pontes-editores-home-2__trashed\\\/linguagem-e-sociedade\\\/produto-301\\\/\",\"url\":\"https:\\\/\\\/ponteseditores.com.br\\\/loja3\\\/pontes-editores-home-2__trashed\\\/linguagem-e-sociedade\\\/produto-301\\\/\",\"name\":\"ECOLINGU\u00cdSTICA. Um Di\u00e1logo com Hildo Hon\u00f3rio do Couto Vol 4 - Pontes Editores\",\"isPartOf\":{\"@id\":\"https:\\\/\\\/ponteseditores.com.br\\\/loja3\\\/#website\"},\"primaryImageOfPage\":{\"@id\":\"https:\\\/\\\/ponteseditores.com.br\\\/loja3\\\/pontes-editores-home-2__trashed\\\/linguagem-e-sociedade\\\/produto-301\\\/#primaryimage\"},\"image\":{\"@id\":\"https:\\\/\\\/ponteseditores.com.br\\\/loja3\\\/pontes-editores-home-2__trashed\\\/linguagem-e-sociedade\\\/produto-301\\\/#primaryimage\"},\"thumbnailUrl\":\"https:\\\/\\\/ponteseditores.com.br\\\/loja3\\\/wp-content\\\/uploads\\\/2023\\\/12\\\/imgG525-1.jpg\",\"datePublished\":\"2023-12-11T03:10:12+00:00\",\"dateModified\":\"2023-12-15T17:14:41+00:00\",\"breadcrumb\":{\"@id\":\"https:\\\/\\\/ponteseditores.com.br\\\/loja3\\\/pontes-editores-home-2__trashed\\\/linguagem-e-sociedade\\\/produto-301\\\/#breadcrumb\"},\"inLanguage\":\"pt-BR\",\"potentialAction\":[{\"@type\":\"ReadAction\",\"target\":[\"https:\\\/\\\/ponteseditores.com.br\\\/loja3\\\/pontes-editores-home-2__trashed\\\/linguagem-e-sociedade\\\/produto-301\\\/\"]}]},{\"@type\":\"ImageObject\",\"inLanguage\":\"pt-BR\",\"@id\":\"https:\\\/\\\/ponteseditores.com.br\\\/loja3\\\/pontes-editores-home-2__trashed\\\/linguagem-e-sociedade\\\/produto-301\\\/#primaryimage\",\"url\":\"https:\\\/\\\/ponteseditores.com.br\\\/loja3\\\/wp-content\\\/uploads\\\/2023\\\/12\\\/imgG525-1.jpg\",\"contentUrl\":\"https:\\\/\\\/ponteseditores.com.br\\\/loja3\\\/wp-content\\\/uploads\\\/2023\\\/12\\\/imgG525-1.jpg\",\"width\":188,\"height\":300},{\"@type\":\"BreadcrumbList\",\"@id\":\"https:\\\/\\\/ponteseditores.com.br\\\/loja3\\\/pontes-editores-home-2__trashed\\\/linguagem-e-sociedade\\\/produto-301\\\/#breadcrumb\",\"itemListElement\":[{\"@type\":\"ListItem\",\"position\":1,\"name\":\"Home\",\"item\":\"https:\\\/\\\/ponteseditores.com.br\\\/loja3\\\/\"},{\"@type\":\"ListItem\",\"position\":2,\"name\":\"loja\",\"item\":\"https:\\\/\\\/ponteseditores.com.br\\\/loja3\\\/loja\\\/\"},{\"@type\":\"ListItem\",\"position\":3,\"name\":\"ECOLINGU\u00cdSTICA. Um Di\u00e1logo com Hildo Hon\u00f3rio do Couto Vol 4\"}]},{\"@type\":\"WebSite\",\"@id\":\"https:\\\/\\\/ponteseditores.com.br\\\/loja3\\\/#website\",\"url\":\"https:\\\/\\\/ponteseditores.com.br\\\/loja3\\\/\",\"name\":\"Pontes Editores\",\"description\":\"Pontes Editores\",\"publisher\":{\"@id\":\"https:\\\/\\\/ponteseditores.com.br\\\/loja3\\\/#organization\"},\"potentialAction\":[{\"@type\":\"SearchAction\",\"target\":{\"@type\":\"EntryPoint\",\"urlTemplate\":\"https:\\\/\\\/ponteseditores.com.br\\\/loja3\\\/?s={search_term_string}\"},\"query-input\":{\"@type\":\"PropertyValueSpecification\",\"valueRequired\":true,\"valueName\":\"search_term_string\"}}],\"inLanguage\":\"pt-BR\"},{\"@type\":\"Organization\",\"@id\":\"https:\\\/\\\/ponteseditores.com.br\\\/loja3\\\/#organization\",\"name\":\"Pontes Editores\",\"url\":\"https:\\\/\\\/ponteseditores.com.br\\\/loja3\\\/\",\"logo\":{\"@type\":\"ImageObject\",\"inLanguage\":\"pt-BR\",\"@id\":\"https:\\\/\\\/ponteseditores.com.br\\\/loja3\\\/#\\\/schema\\\/logo\\\/image\\\/\",\"url\":\"https:\\\/\\\/ponteseditores.com.br\\\/loja3\\\/wp-content\\\/uploads\\\/2023\\\/12\\\/logo-pontes-editores-v2.png\",\"contentUrl\":\"https:\\\/\\\/ponteseditores.com.br\\\/loja3\\\/wp-content\\\/uploads\\\/2023\\\/12\\\/logo-pontes-editores-v2.png\",\"width\":258,\"height\":100,\"caption\":\"Pontes Editores\"},\"image\":{\"@id\":\"https:\\\/\\\/ponteseditores.com.br\\\/loja3\\\/#\\\/schema\\\/logo\\\/image\\\/\"}}]}<\/script>\n<!-- \/ Yoast SEO plugin. -->","yoast_head_json":{"title":"ECOLINGU\u00cdSTICA. Um Di\u00e1logo com Hildo Hon\u00f3rio do Couto Vol 4 - Pontes Editores","robots":{"index":"index","follow":"follow","max-snippet":"max-snippet:-1","max-image-preview":"max-image-preview:large","max-video-preview":"max-video-preview:-1"},"canonical":"https:\/\/ponteseditores.com.br\/loja3\/pontes-editores-home-2__trashed\/linguagem-e-sociedade\/produto-301\/","og_locale":"pt_BR","og_type":"article","og_title":"ECOLINGU\u00cdSTICA. Um Di\u00e1logo com Hildo Hon\u00f3rio do Couto Vol 4 - Pontes Editores","og_description":"Cole\u00e7\u00e3o Linguagem e Sociedade Vol 4. Num mundo crescentemente complexo, os indiv\u00edduos e as sociedades s\u00e3o chamados a reconhecer que as coisas e seus estados est\u00e3o todos ligados entre si, tal como uma teia de aranha &#8211; a constru\u00e7\u00e3o ou o corte de um filamento reflete-se em altera\u00e7\u00f5es no equil\u00edbrio da teia no seu todo. [&hellip;]","og_url":"https:\/\/ponteseditores.com.br\/loja3\/pontes-editores-home-2__trashed\/linguagem-e-sociedade\/produto-301\/","og_site_name":"Pontes Editores","article_modified_time":"2023-12-15T17:14:41+00:00","og_image":[{"width":188,"height":300,"url":"https:\/\/ponteseditores.com.br\/loja3\/wp-content\/uploads\/2023\/12\/imgG525-1.jpg","type":"image\/jpeg"}],"twitter_card":"summary_large_image","twitter_misc":{"Est. tempo de leitura":"1 minuto"},"schema":{"@context":"https:\/\/schema.org","@graph":[{"@type":"WebPage","@id":"https:\/\/ponteseditores.com.br\/loja3\/pontes-editores-home-2__trashed\/linguagem-e-sociedade\/produto-301\/","url":"https:\/\/ponteseditores.com.br\/loja3\/pontes-editores-home-2__trashed\/linguagem-e-sociedade\/produto-301\/","name":"ECOLINGU\u00cdSTICA. Um Di\u00e1logo com Hildo Hon\u00f3rio do Couto Vol 4 - Pontes Editores","isPartOf":{"@id":"https:\/\/ponteseditores.com.br\/loja3\/#website"},"primaryImageOfPage":{"@id":"https:\/\/ponteseditores.com.br\/loja3\/pontes-editores-home-2__trashed\/linguagem-e-sociedade\/produto-301\/#primaryimage"},"image":{"@id":"https:\/\/ponteseditores.com.br\/loja3\/pontes-editores-home-2__trashed\/linguagem-e-sociedade\/produto-301\/#primaryimage"},"thumbnailUrl":"https:\/\/ponteseditores.com.br\/loja3\/wp-content\/uploads\/2023\/12\/imgG525-1.jpg","datePublished":"2023-12-11T03:10:12+00:00","dateModified":"2023-12-15T17:14:41+00:00","breadcrumb":{"@id":"https:\/\/ponteseditores.com.br\/loja3\/pontes-editores-home-2__trashed\/linguagem-e-sociedade\/produto-301\/#breadcrumb"},"inLanguage":"pt-BR","potentialAction":[{"@type":"ReadAction","target":["https:\/\/ponteseditores.com.br\/loja3\/pontes-editores-home-2__trashed\/linguagem-e-sociedade\/produto-301\/"]}]},{"@type":"ImageObject","inLanguage":"pt-BR","@id":"https:\/\/ponteseditores.com.br\/loja3\/pontes-editores-home-2__trashed\/linguagem-e-sociedade\/produto-301\/#primaryimage","url":"https:\/\/ponteseditores.com.br\/loja3\/wp-content\/uploads\/2023\/12\/imgG525-1.jpg","contentUrl":"https:\/\/ponteseditores.com.br\/loja3\/wp-content\/uploads\/2023\/12\/imgG525-1.jpg","width":188,"height":300},{"@type":"BreadcrumbList","@id":"https:\/\/ponteseditores.com.br\/loja3\/pontes-editores-home-2__trashed\/linguagem-e-sociedade\/produto-301\/#breadcrumb","itemListElement":[{"@type":"ListItem","position":1,"name":"Home","item":"https:\/\/ponteseditores.com.br\/loja3\/"},{"@type":"ListItem","position":2,"name":"loja","item":"https:\/\/ponteseditores.com.br\/loja3\/loja\/"},{"@type":"ListItem","position":3,"name":"ECOLINGU\u00cdSTICA. Um Di\u00e1logo com Hildo Hon\u00f3rio do Couto Vol 4"}]},{"@type":"WebSite","@id":"https:\/\/ponteseditores.com.br\/loja3\/#website","url":"https:\/\/ponteseditores.com.br\/loja3\/","name":"Pontes Editores","description":"Pontes Editores","publisher":{"@id":"https:\/\/ponteseditores.com.br\/loja3\/#organization"},"potentialAction":[{"@type":"SearchAction","target":{"@type":"EntryPoint","urlTemplate":"https:\/\/ponteseditores.com.br\/loja3\/?s={search_term_string}"},"query-input":{"@type":"PropertyValueSpecification","valueRequired":true,"valueName":"search_term_string"}}],"inLanguage":"pt-BR"},{"@type":"Organization","@id":"https:\/\/ponteseditores.com.br\/loja3\/#organization","name":"Pontes Editores","url":"https:\/\/ponteseditores.com.br\/loja3\/","logo":{"@type":"ImageObject","inLanguage":"pt-BR","@id":"https:\/\/ponteseditores.com.br\/loja3\/#\/schema\/logo\/image\/","url":"https:\/\/ponteseditores.com.br\/loja3\/wp-content\/uploads\/2023\/12\/logo-pontes-editores-v2.png","contentUrl":"https:\/\/ponteseditores.com.br\/loja3\/wp-content\/uploads\/2023\/12\/logo-pontes-editores-v2.png","width":258,"height":100,"caption":"Pontes Editores"},"image":{"@id":"https:\/\/ponteseditores.com.br\/loja3\/#\/schema\/logo\/image\/"}}]}},"_links":{"self":[{"href":"https:\/\/ponteseditores.com.br\/loja3\/wp-json\/wp\/v2\/product\/4979","targetHints":{"allow":["GET"]}}],"collection":[{"href":"https:\/\/ponteseditores.com.br\/loja3\/wp-json\/wp\/v2\/product"}],"about":[{"href":"https:\/\/ponteseditores.com.br\/loja3\/wp-json\/wp\/v2\/types\/product"}],"replies":[{"embeddable":true,"href":"https:\/\/ponteseditores.com.br\/loja3\/wp-json\/wp\/v2\/comments?post=4979"}],"version-history":[{"count":0,"href":"https:\/\/ponteseditores.com.br\/loja3\/wp-json\/wp\/v2\/product\/4979\/revisions"}],"wp:featuredmedia":[{"embeddable":true,"href":"https:\/\/ponteseditores.com.br\/loja3\/wp-json\/wp\/v2\/media\/4978"}],"wp:attachment":[{"href":"https:\/\/ponteseditores.com.br\/loja3\/wp-json\/wp\/v2\/media?parent=4979"}],"wp:term":[{"taxonomy":"product_brand","embeddable":true,"href":"https:\/\/ponteseditores.com.br\/loja3\/wp-json\/wp\/v2\/product_brand?post=4979"},{"taxonomy":"product_cat","embeddable":true,"href":"https:\/\/ponteseditores.com.br\/loja3\/wp-json\/wp\/v2\/product_cat?post=4979"},{"taxonomy":"product_tag","embeddable":true,"href":"https:\/\/ponteseditores.com.br\/loja3\/wp-json\/wp\/v2\/product_tag?post=4979"}],"curies":[{"name":"wp","href":"https:\/\/api.w.org\/{rel}","templated":true}]}}