{"id":4417,"date":"2023-12-11T00:07:49","date_gmt":"2023-12-11T03:07:49","guid":{"rendered":"https:\/\/ponteseditores.com.br\/loja3\/produto\/produto-17\/"},"modified":"2025-04-03T14:27:48","modified_gmt":"2025-04-03T17:27:48","slug":"produto-17","status":"publish","type":"product","link":"https:\/\/ponteseditores.com.br\/loja3\/pontes-editores-home-2__trashed\/portugues-para-estrangeiros\/produto-17\/","title":{"rendered":"FALA BRASIL &#8211; LIVRO ALUNO"},"content":{"rendered":"<p>FALA BRASIL, primeiro livro a inovar, j\u00e1 na d\u00e9cada de 80, com o enfoque da oralidade no portugu\u00eas do Brasil, encontra-se hoje na 17\u00aa. edi\u00e7\u00e3o. Amplamente utilizado no exterior e no Brasil, em escolas e Universidades, o livro \u00e9 ainda reeditado em sua forma original, com ilustra\u00e7\u00f5es simples, did\u00e1ticas, facilitando ao m\u00e1ximo a entrada no portugu\u00eas como outra l\u00edngua.<\/p>\n<p>Apresentando informa\u00e7\u00f5es sobre o pa\u00eds e o povo brasileiro, suas principais manifesta\u00e7\u00f5es culturais, festas populares, m\u00fasicas e costumes, \u00e9 complementado por um Caderno de Exerc\u00edcios e dois CDs de \u00e1udio. Seu formato \u00e9 de tal forma descomplicado, que dispensa manual explicativo, podendo ser utilizado em grupo ou individualmente, at\u00e9 mesmo sem aux\u00edlio constante de um\/a professor\/a. Refer\u00eancia de uso e consulta pela forma clara com que trata a gram\u00e1tica de uso da l\u00edngua, o livro pode ser considerado tamb\u00e9m como uma gram\u00e1tica situacional ilustrada sempre \u00e0 m\u00e3o, que deve ser complementada pelo professor com textos de interesse dos alunos, conforme o contexto espec\u00edfico de aprendizagem, como recortes de jornais, revistas ou v\u00eddeos.<br \/>\nUma curiosidade que ilustra a clareza de suas explica\u00e7\u00f5es \u00e9 a de que o Fala Brasil tamb\u00e9m tem sido procurado por brasileiros que necessitam ter bom conhecimento da pr\u00f3pria l\u00edngua (concord\u00e2ncia, reg\u00eancia, uso de pronomes relativos, de verbos impessoais etc) em curto espa\u00e7o de tempo, para concorrer a diferentes cargos seletivos que exigem produ\u00e7\u00e3o bem articulada da l\u00edngua portuguesa.<\/p>\n","protected":false},"excerpt":{"rendered":"<p>FALA BRASIL, primeiro livro a inovar, j\u00e1 na d\u00e9cada de 80, com o enfoque da oralidade no portugu\u00eas do Brasil, encontra-se hoje na 17\u00aa. edi\u00e7\u00e3o. Amplamente utilizado no exterior e no Brasil, em escolas e Universidades, o livro \u00e9 ainda reeditado em sua forma original, com ilustra\u00e7\u00f5es simples, did\u00e1ticas, facilitando ao m\u00e1ximo a entrada no [&hellip;]<\/p>\n","protected":false},"featured_media":4416,"comment_status":"open","ping_status":"closed","template":"","meta":{"_joinchat":[]},"product_brand":[],"product_cat":[270],"product_tag":[],"class_list":{"0":"post-4417","1":"product","2":"type-product","3":"status-publish","4":"has-post-thumbnail","6":"product_cat-portugues-para-estrangeiros","8":"first","9":"instock","10":"shipping-taxable","11":"purchasable","12":"product-type-simple"},"yoast_head":"<!-- This site is optimized with the Yoast SEO plugin v27.4 - https:\/\/yoast.com\/product\/yoast-seo-wordpress\/ -->\n<title>FALA BRASIL - LIVRO ALUNO - Pontes Editores<\/title>\n<meta name=\"robots\" content=\"index, follow, max-snippet:-1, max-image-preview:large, max-video-preview:-1\" \/>\n<link rel=\"canonical\" href=\"https:\/\/ponteseditores.com.br\/loja3\/pontes-editores-home-2__trashed\/portugues-para-estrangeiros\/produto-17\/\" \/>\n<meta property=\"og:locale\" content=\"pt_BR\" \/>\n<meta property=\"og:type\" content=\"article\" \/>\n<meta property=\"og:title\" content=\"FALA BRASIL - LIVRO ALUNO - Pontes Editores\" \/>\n<meta property=\"og:description\" content=\"FALA BRASIL, primeiro livro a inovar, j\u00e1 na d\u00e9cada de 80, com o enfoque da oralidade no portugu\u00eas do Brasil, encontra-se hoje na 17\u00aa. edi\u00e7\u00e3o. Amplamente utilizado no exterior e no Brasil, em escolas e Universidades, o livro \u00e9 ainda reeditado em sua forma original, com ilustra\u00e7\u00f5es simples, did\u00e1ticas, facilitando ao m\u00e1ximo a entrada no [&hellip;]\" \/>\n<meta property=\"og:url\" content=\"https:\/\/ponteseditores.com.br\/loja3\/pontes-editores-home-2__trashed\/portugues-para-estrangeiros\/produto-17\/\" \/>\n<meta property=\"og:site_name\" content=\"Pontes Editores\" \/>\n<meta property=\"article:modified_time\" content=\"2025-04-03T17:27:48+00:00\" \/>\n<meta property=\"og:image\" content=\"https:\/\/ponteseditores.com.br\/loja3\/wp-content\/uploads\/2023\/12\/imgG21-1.jpg\" \/>\n\t<meta property=\"og:image:width\" content=\"228\" \/>\n\t<meta property=\"og:image:height\" content=\"300\" \/>\n\t<meta property=\"og:image:type\" content=\"image\/jpeg\" \/>\n<meta name=\"twitter:card\" content=\"summary_large_image\" \/>\n<meta name=\"twitter:label1\" content=\"Est. tempo de leitura\" \/>\n\t<meta name=\"twitter:data1\" content=\"1 minuto\" \/>\n<script type=\"application\/ld+json\" class=\"yoast-schema-graph\">{\"@context\":\"https:\\\/\\\/schema.org\",\"@graph\":[{\"@type\":\"WebPage\",\"@id\":\"https:\\\/\\\/ponteseditores.com.br\\\/loja3\\\/pontes-editores-home-2__trashed\\\/portugues-para-estrangeiros\\\/produto-17\\\/\",\"url\":\"https:\\\/\\\/ponteseditores.com.br\\\/loja3\\\/pontes-editores-home-2__trashed\\\/portugues-para-estrangeiros\\\/produto-17\\\/\",\"name\":\"FALA BRASIL - LIVRO ALUNO - Pontes Editores\",\"isPartOf\":{\"@id\":\"https:\\\/\\\/ponteseditores.com.br\\\/loja3\\\/#website\"},\"primaryImageOfPage\":{\"@id\":\"https:\\\/\\\/ponteseditores.com.br\\\/loja3\\\/pontes-editores-home-2__trashed\\\/portugues-para-estrangeiros\\\/produto-17\\\/#primaryimage\"},\"image\":{\"@id\":\"https:\\\/\\\/ponteseditores.com.br\\\/loja3\\\/pontes-editores-home-2__trashed\\\/portugues-para-estrangeiros\\\/produto-17\\\/#primaryimage\"},\"thumbnailUrl\":\"https:\\\/\\\/ponteseditores.com.br\\\/loja3\\\/wp-content\\\/uploads\\\/2023\\\/12\\\/imgG21-1.jpg\",\"datePublished\":\"2023-12-11T03:07:49+00:00\",\"dateModified\":\"2025-04-03T17:27:48+00:00\",\"breadcrumb\":{\"@id\":\"https:\\\/\\\/ponteseditores.com.br\\\/loja3\\\/pontes-editores-home-2__trashed\\\/portugues-para-estrangeiros\\\/produto-17\\\/#breadcrumb\"},\"inLanguage\":\"pt-BR\",\"potentialAction\":[{\"@type\":\"ReadAction\",\"target\":[\"https:\\\/\\\/ponteseditores.com.br\\\/loja3\\\/pontes-editores-home-2__trashed\\\/portugues-para-estrangeiros\\\/produto-17\\\/\"]}]},{\"@type\":\"ImageObject\",\"inLanguage\":\"pt-BR\",\"@id\":\"https:\\\/\\\/ponteseditores.com.br\\\/loja3\\\/pontes-editores-home-2__trashed\\\/portugues-para-estrangeiros\\\/produto-17\\\/#primaryimage\",\"url\":\"https:\\\/\\\/ponteseditores.com.br\\\/loja3\\\/wp-content\\\/uploads\\\/2023\\\/12\\\/imgG21-1.jpg\",\"contentUrl\":\"https:\\\/\\\/ponteseditores.com.br\\\/loja3\\\/wp-content\\\/uploads\\\/2023\\\/12\\\/imgG21-1.jpg\",\"width\":228,\"height\":300},{\"@type\":\"BreadcrumbList\",\"@id\":\"https:\\\/\\\/ponteseditores.com.br\\\/loja3\\\/pontes-editores-home-2__trashed\\\/portugues-para-estrangeiros\\\/produto-17\\\/#breadcrumb\",\"itemListElement\":[{\"@type\":\"ListItem\",\"position\":1,\"name\":\"Home\",\"item\":\"https:\\\/\\\/ponteseditores.com.br\\\/loja3\\\/\"},{\"@type\":\"ListItem\",\"position\":2,\"name\":\"loja\",\"item\":\"https:\\\/\\\/ponteseditores.com.br\\\/loja3\\\/loja\\\/\"},{\"@type\":\"ListItem\",\"position\":3,\"name\":\"FALA BRASIL &#8211; LIVRO ALUNO\"}]},{\"@type\":\"WebSite\",\"@id\":\"https:\\\/\\\/ponteseditores.com.br\\\/loja3\\\/#website\",\"url\":\"https:\\\/\\\/ponteseditores.com.br\\\/loja3\\\/\",\"name\":\"Pontes Editores\",\"description\":\"Pontes Editores\",\"publisher\":{\"@id\":\"https:\\\/\\\/ponteseditores.com.br\\\/loja3\\\/#organization\"},\"potentialAction\":[{\"@type\":\"SearchAction\",\"target\":{\"@type\":\"EntryPoint\",\"urlTemplate\":\"https:\\\/\\\/ponteseditores.com.br\\\/loja3\\\/?s={search_term_string}\"},\"query-input\":{\"@type\":\"PropertyValueSpecification\",\"valueRequired\":true,\"valueName\":\"search_term_string\"}}],\"inLanguage\":\"pt-BR\"},{\"@type\":\"Organization\",\"@id\":\"https:\\\/\\\/ponteseditores.com.br\\\/loja3\\\/#organization\",\"name\":\"Pontes Editores\",\"url\":\"https:\\\/\\\/ponteseditores.com.br\\\/loja3\\\/\",\"logo\":{\"@type\":\"ImageObject\",\"inLanguage\":\"pt-BR\",\"@id\":\"https:\\\/\\\/ponteseditores.com.br\\\/loja3\\\/#\\\/schema\\\/logo\\\/image\\\/\",\"url\":\"https:\\\/\\\/ponteseditores.com.br\\\/loja3\\\/wp-content\\\/uploads\\\/2023\\\/12\\\/logo-pontes-editores-v2.png\",\"contentUrl\":\"https:\\\/\\\/ponteseditores.com.br\\\/loja3\\\/wp-content\\\/uploads\\\/2023\\\/12\\\/logo-pontes-editores-v2.png\",\"width\":258,\"height\":100,\"caption\":\"Pontes Editores\"},\"image\":{\"@id\":\"https:\\\/\\\/ponteseditores.com.br\\\/loja3\\\/#\\\/schema\\\/logo\\\/image\\\/\"}}]}<\/script>\n<!-- \/ Yoast SEO plugin. -->","yoast_head_json":{"title":"FALA BRASIL - LIVRO ALUNO - Pontes Editores","robots":{"index":"index","follow":"follow","max-snippet":"max-snippet:-1","max-image-preview":"max-image-preview:large","max-video-preview":"max-video-preview:-1"},"canonical":"https:\/\/ponteseditores.com.br\/loja3\/pontes-editores-home-2__trashed\/portugues-para-estrangeiros\/produto-17\/","og_locale":"pt_BR","og_type":"article","og_title":"FALA BRASIL - LIVRO ALUNO - Pontes Editores","og_description":"FALA BRASIL, primeiro livro a inovar, j\u00e1 na d\u00e9cada de 80, com o enfoque da oralidade no portugu\u00eas do Brasil, encontra-se hoje na 17\u00aa. edi\u00e7\u00e3o. Amplamente utilizado no exterior e no Brasil, em escolas e Universidades, o livro \u00e9 ainda reeditado em sua forma original, com ilustra\u00e7\u00f5es simples, did\u00e1ticas, facilitando ao m\u00e1ximo a entrada no [&hellip;]","og_url":"https:\/\/ponteseditores.com.br\/loja3\/pontes-editores-home-2__trashed\/portugues-para-estrangeiros\/produto-17\/","og_site_name":"Pontes Editores","article_modified_time":"2025-04-03T17:27:48+00:00","og_image":[{"width":228,"height":300,"url":"https:\/\/ponteseditores.com.br\/loja3\/wp-content\/uploads\/2023\/12\/imgG21-1.jpg","type":"image\/jpeg"}],"twitter_card":"summary_large_image","twitter_misc":{"Est. tempo de leitura":"1 minuto"},"schema":{"@context":"https:\/\/schema.org","@graph":[{"@type":"WebPage","@id":"https:\/\/ponteseditores.com.br\/loja3\/pontes-editores-home-2__trashed\/portugues-para-estrangeiros\/produto-17\/","url":"https:\/\/ponteseditores.com.br\/loja3\/pontes-editores-home-2__trashed\/portugues-para-estrangeiros\/produto-17\/","name":"FALA BRASIL - LIVRO ALUNO - Pontes Editores","isPartOf":{"@id":"https:\/\/ponteseditores.com.br\/loja3\/#website"},"primaryImageOfPage":{"@id":"https:\/\/ponteseditores.com.br\/loja3\/pontes-editores-home-2__trashed\/portugues-para-estrangeiros\/produto-17\/#primaryimage"},"image":{"@id":"https:\/\/ponteseditores.com.br\/loja3\/pontes-editores-home-2__trashed\/portugues-para-estrangeiros\/produto-17\/#primaryimage"},"thumbnailUrl":"https:\/\/ponteseditores.com.br\/loja3\/wp-content\/uploads\/2023\/12\/imgG21-1.jpg","datePublished":"2023-12-11T03:07:49+00:00","dateModified":"2025-04-03T17:27:48+00:00","breadcrumb":{"@id":"https:\/\/ponteseditores.com.br\/loja3\/pontes-editores-home-2__trashed\/portugues-para-estrangeiros\/produto-17\/#breadcrumb"},"inLanguage":"pt-BR","potentialAction":[{"@type":"ReadAction","target":["https:\/\/ponteseditores.com.br\/loja3\/pontes-editores-home-2__trashed\/portugues-para-estrangeiros\/produto-17\/"]}]},{"@type":"ImageObject","inLanguage":"pt-BR","@id":"https:\/\/ponteseditores.com.br\/loja3\/pontes-editores-home-2__trashed\/portugues-para-estrangeiros\/produto-17\/#primaryimage","url":"https:\/\/ponteseditores.com.br\/loja3\/wp-content\/uploads\/2023\/12\/imgG21-1.jpg","contentUrl":"https:\/\/ponteseditores.com.br\/loja3\/wp-content\/uploads\/2023\/12\/imgG21-1.jpg","width":228,"height":300},{"@type":"BreadcrumbList","@id":"https:\/\/ponteseditores.com.br\/loja3\/pontes-editores-home-2__trashed\/portugues-para-estrangeiros\/produto-17\/#breadcrumb","itemListElement":[{"@type":"ListItem","position":1,"name":"Home","item":"https:\/\/ponteseditores.com.br\/loja3\/"},{"@type":"ListItem","position":2,"name":"loja","item":"https:\/\/ponteseditores.com.br\/loja3\/loja\/"},{"@type":"ListItem","position":3,"name":"FALA BRASIL &#8211; LIVRO ALUNO"}]},{"@type":"WebSite","@id":"https:\/\/ponteseditores.com.br\/loja3\/#website","url":"https:\/\/ponteseditores.com.br\/loja3\/","name":"Pontes Editores","description":"Pontes Editores","publisher":{"@id":"https:\/\/ponteseditores.com.br\/loja3\/#organization"},"potentialAction":[{"@type":"SearchAction","target":{"@type":"EntryPoint","urlTemplate":"https:\/\/ponteseditores.com.br\/loja3\/?s={search_term_string}"},"query-input":{"@type":"PropertyValueSpecification","valueRequired":true,"valueName":"search_term_string"}}],"inLanguage":"pt-BR"},{"@type":"Organization","@id":"https:\/\/ponteseditores.com.br\/loja3\/#organization","name":"Pontes Editores","url":"https:\/\/ponteseditores.com.br\/loja3\/","logo":{"@type":"ImageObject","inLanguage":"pt-BR","@id":"https:\/\/ponteseditores.com.br\/loja3\/#\/schema\/logo\/image\/","url":"https:\/\/ponteseditores.com.br\/loja3\/wp-content\/uploads\/2023\/12\/logo-pontes-editores-v2.png","contentUrl":"https:\/\/ponteseditores.com.br\/loja3\/wp-content\/uploads\/2023\/12\/logo-pontes-editores-v2.png","width":258,"height":100,"caption":"Pontes Editores"},"image":{"@id":"https:\/\/ponteseditores.com.br\/loja3\/#\/schema\/logo\/image\/"}}]}},"_links":{"self":[{"href":"https:\/\/ponteseditores.com.br\/loja3\/wp-json\/wp\/v2\/product\/4417","targetHints":{"allow":["GET"]}}],"collection":[{"href":"https:\/\/ponteseditores.com.br\/loja3\/wp-json\/wp\/v2\/product"}],"about":[{"href":"https:\/\/ponteseditores.com.br\/loja3\/wp-json\/wp\/v2\/types\/product"}],"replies":[{"embeddable":true,"href":"https:\/\/ponteseditores.com.br\/loja3\/wp-json\/wp\/v2\/comments?post=4417"}],"version-history":[{"count":0,"href":"https:\/\/ponteseditores.com.br\/loja3\/wp-json\/wp\/v2\/product\/4417\/revisions"}],"wp:featuredmedia":[{"embeddable":true,"href":"https:\/\/ponteseditores.com.br\/loja3\/wp-json\/wp\/v2\/media\/4416"}],"wp:attachment":[{"href":"https:\/\/ponteseditores.com.br\/loja3\/wp-json\/wp\/v2\/media?parent=4417"}],"wp:term":[{"taxonomy":"product_brand","embeddable":true,"href":"https:\/\/ponteseditores.com.br\/loja3\/wp-json\/wp\/v2\/product_brand?post=4417"},{"taxonomy":"product_cat","embeddable":true,"href":"https:\/\/ponteseditores.com.br\/loja3\/wp-json\/wp\/v2\/product_cat?post=4417"},{"taxonomy":"product_tag","embeddable":true,"href":"https:\/\/ponteseditores.com.br\/loja3\/wp-json\/wp\/v2\/product_tag?post=4417"}],"curies":[{"name":"wp","href":"https:\/\/api.w.org\/{rel}","templated":true}]}}