{"id":4413,"date":"2023-12-11T00:07:49","date_gmt":"2023-12-11T03:07:49","guid":{"rendered":"https:\/\/ponteseditores.com.br\/loja3\/produto\/produto-15\/"},"modified":"2024-12-05T09:27:55","modified_gmt":"2024-12-05T12:27:55","slug":"produto-15","status":"publish","type":"product","link":"https:\/\/ponteseditores.com.br\/loja3\/pontes-editores-home-2__trashed\/portugues-para-estrangeiros\/produto-15\/","title":{"rendered":"APRENDENDO  PORTUGU\u00caS  NO BRASIL &#8211; LIVRO DO ALUNO"},"content":{"rendered":"<p>Aprendebdo Portugu\u00eas do Brasil tem como objetivo dar condi\u00e7\u00f5es ao aluno estrangeiro de dominar, em pouco tempo, as estruturas fundamentais da L\u00edngua Portuguesa, nas modalidades oral e escrita. Destina-se ao uso em sala de aula. Cont\u00e9m uma MOTIVA\u00c7\u00c3O que abre cada unidade. S\u00e3o hist\u00f3rias em quadrinhos de Maur\u00edcio de Souza, vividas pelos queridos e famosos personagens M\u00f4nica, Cebolinha, Casc\u00e3o, Magali, Bidu e Anjinho. O DI\u00c1LOGO apresentado a seguir, tem um conte\u00fado funcional e lexical que permite um desempenho nas situa\u00e7\u00f5es imediatas de comunica\u00e7\u00e3o. O CONTE\u00daDO GRAMATICAL, representado com objetividade e clareza nos quadros, proporciona uma aprendizagem r\u00e1pida das estruturas lingu\u00edsticas. A APLICA\u00c7\u00c3O, em forma de exerc\u00edcios, visa \u00e0 compreens\u00e3o e \u00e0 fixa\u00e7\u00e3o dessas estruturas por meio da produ\u00e7\u00e3o escrita. Os exerc\u00edcios buscam sempre colocar os alunos em contato com situa\u00e7\u00e3oes reais com o objetivo de proporcionar uma ampla intera\u00e7\u00e3o entre eles. A EXPANS\u00c3O VOCABULAR re\u00fane itens lexicais de uso quotidiano, com vistas ao enriquecimento vocabular. AS ATIVIDADES, variadas quanto ao conte\u00fado e forma, contemplam m\u00faltiplos objetivos, tais como informa\u00e7\u00f5es sobre a cultura popular brasileira e a introdu\u00e7\u00e3o de novas estruturas gramaticais. A LEITURA SUPLEMENTAR, representada por variados temas, leva o aluno a entrar em contato com textos liter\u00e1rios e de informa\u00e7\u00e3o hist\u00f3rico-cultural.<\/p>\n","protected":false},"excerpt":{"rendered":"<p>Aprendebdo Portugu\u00eas do Brasil tem como objetivo dar condi\u00e7\u00f5es ao aluno estrangeiro de dominar, em pouco tempo, as estruturas fundamentais da L\u00edngua Portuguesa, nas modalidades oral e escrita. Destina-se ao uso em sala de aula. Cont\u00e9m uma MOTIVA\u00c7\u00c3O que abre cada unidade. S\u00e3o hist\u00f3rias em quadrinhos de Maur\u00edcio de Souza, vividas pelos queridos e famosos [&hellip;]<\/p>\n","protected":false},"featured_media":4412,"comment_status":"open","ping_status":"closed","template":"","meta":{"_joinchat":[]},"product_brand":[],"product_cat":[270],"product_tag":[],"class_list":{"0":"post-4413","1":"product","2":"type-product","3":"status-publish","4":"has-post-thumbnail","6":"product_cat-portugues-para-estrangeiros","8":"first","9":"instock","10":"shipping-taxable","11":"purchasable","12":"product-type-simple"},"yoast_head":"<!-- This site is optimized with the Yoast SEO plugin v27.4 - https:\/\/yoast.com\/product\/yoast-seo-wordpress\/ -->\n<title>APRENDENDO PORTUGU\u00caS NO BRASIL - LIVRO DO ALUNO - Pontes Editores<\/title>\n<meta name=\"robots\" content=\"index, follow, max-snippet:-1, max-image-preview:large, max-video-preview:-1\" \/>\n<link rel=\"canonical\" href=\"https:\/\/ponteseditores.com.br\/loja3\/pontes-editores-home-2__trashed\/portugues-para-estrangeiros\/produto-15\/\" \/>\n<meta property=\"og:locale\" content=\"pt_BR\" \/>\n<meta property=\"og:type\" content=\"article\" \/>\n<meta property=\"og:title\" content=\"APRENDENDO PORTUGU\u00caS NO BRASIL - LIVRO DO ALUNO - Pontes Editores\" \/>\n<meta property=\"og:description\" content=\"Aprendebdo Portugu\u00eas do Brasil tem como objetivo dar condi\u00e7\u00f5es ao aluno estrangeiro de dominar, em pouco tempo, as estruturas fundamentais da L\u00edngua Portuguesa, nas modalidades oral e escrita. Destina-se ao uso em sala de aula. Cont\u00e9m uma MOTIVA\u00c7\u00c3O que abre cada unidade. S\u00e3o hist\u00f3rias em quadrinhos de Maur\u00edcio de Souza, vividas pelos queridos e famosos [&hellip;]\" \/>\n<meta property=\"og:url\" content=\"https:\/\/ponteseditores.com.br\/loja3\/pontes-editores-home-2__trashed\/portugues-para-estrangeiros\/produto-15\/\" \/>\n<meta property=\"og:site_name\" content=\"Pontes Editores\" \/>\n<meta property=\"article:modified_time\" content=\"2024-12-05T12:27:55+00:00\" \/>\n<meta property=\"og:image\" content=\"https:\/\/ponteseditores.com.br\/loja3\/wp-content\/uploads\/2023\/12\/imgG19-1.jpg\" \/>\n\t<meta property=\"og:image:width\" content=\"227\" \/>\n\t<meta property=\"og:image:height\" content=\"300\" \/>\n\t<meta property=\"og:image:type\" content=\"image\/jpeg\" \/>\n<meta name=\"twitter:card\" content=\"summary_large_image\" \/>\n<meta name=\"twitter:label1\" content=\"Est. tempo de leitura\" \/>\n\t<meta name=\"twitter:data1\" content=\"2 minutos\" \/>\n<script type=\"application\/ld+json\" class=\"yoast-schema-graph\">{\"@context\":\"https:\\\/\\\/schema.org\",\"@graph\":[{\"@type\":\"WebPage\",\"@id\":\"https:\\\/\\\/ponteseditores.com.br\\\/loja3\\\/pontes-editores-home-2__trashed\\\/portugues-para-estrangeiros\\\/produto-15\\\/\",\"url\":\"https:\\\/\\\/ponteseditores.com.br\\\/loja3\\\/pontes-editores-home-2__trashed\\\/portugues-para-estrangeiros\\\/produto-15\\\/\",\"name\":\"APRENDENDO PORTUGU\u00caS NO BRASIL - LIVRO DO ALUNO - Pontes Editores\",\"isPartOf\":{\"@id\":\"https:\\\/\\\/ponteseditores.com.br\\\/loja3\\\/#website\"},\"primaryImageOfPage\":{\"@id\":\"https:\\\/\\\/ponteseditores.com.br\\\/loja3\\\/pontes-editores-home-2__trashed\\\/portugues-para-estrangeiros\\\/produto-15\\\/#primaryimage\"},\"image\":{\"@id\":\"https:\\\/\\\/ponteseditores.com.br\\\/loja3\\\/pontes-editores-home-2__trashed\\\/portugues-para-estrangeiros\\\/produto-15\\\/#primaryimage\"},\"thumbnailUrl\":\"https:\\\/\\\/ponteseditores.com.br\\\/loja3\\\/wp-content\\\/uploads\\\/2023\\\/12\\\/imgG19-1.jpg\",\"datePublished\":\"2023-12-11T03:07:49+00:00\",\"dateModified\":\"2024-12-05T12:27:55+00:00\",\"breadcrumb\":{\"@id\":\"https:\\\/\\\/ponteseditores.com.br\\\/loja3\\\/pontes-editores-home-2__trashed\\\/portugues-para-estrangeiros\\\/produto-15\\\/#breadcrumb\"},\"inLanguage\":\"pt-BR\",\"potentialAction\":[{\"@type\":\"ReadAction\",\"target\":[\"https:\\\/\\\/ponteseditores.com.br\\\/loja3\\\/pontes-editores-home-2__trashed\\\/portugues-para-estrangeiros\\\/produto-15\\\/\"]}]},{\"@type\":\"ImageObject\",\"inLanguage\":\"pt-BR\",\"@id\":\"https:\\\/\\\/ponteseditores.com.br\\\/loja3\\\/pontes-editores-home-2__trashed\\\/portugues-para-estrangeiros\\\/produto-15\\\/#primaryimage\",\"url\":\"https:\\\/\\\/ponteseditores.com.br\\\/loja3\\\/wp-content\\\/uploads\\\/2023\\\/12\\\/imgG19-1.jpg\",\"contentUrl\":\"https:\\\/\\\/ponteseditores.com.br\\\/loja3\\\/wp-content\\\/uploads\\\/2023\\\/12\\\/imgG19-1.jpg\",\"width\":227,\"height\":300},{\"@type\":\"BreadcrumbList\",\"@id\":\"https:\\\/\\\/ponteseditores.com.br\\\/loja3\\\/pontes-editores-home-2__trashed\\\/portugues-para-estrangeiros\\\/produto-15\\\/#breadcrumb\",\"itemListElement\":[{\"@type\":\"ListItem\",\"position\":1,\"name\":\"Home\",\"item\":\"https:\\\/\\\/ponteseditores.com.br\\\/loja3\\\/\"},{\"@type\":\"ListItem\",\"position\":2,\"name\":\"loja\",\"item\":\"https:\\\/\\\/ponteseditores.com.br\\\/loja3\\\/loja\\\/\"},{\"@type\":\"ListItem\",\"position\":3,\"name\":\"APRENDENDO PORTUGU\u00caS NO BRASIL &#8211; LIVRO DO ALUNO\"}]},{\"@type\":\"WebSite\",\"@id\":\"https:\\\/\\\/ponteseditores.com.br\\\/loja3\\\/#website\",\"url\":\"https:\\\/\\\/ponteseditores.com.br\\\/loja3\\\/\",\"name\":\"Pontes Editores\",\"description\":\"Pontes Editores\",\"publisher\":{\"@id\":\"https:\\\/\\\/ponteseditores.com.br\\\/loja3\\\/#organization\"},\"potentialAction\":[{\"@type\":\"SearchAction\",\"target\":{\"@type\":\"EntryPoint\",\"urlTemplate\":\"https:\\\/\\\/ponteseditores.com.br\\\/loja3\\\/?s={search_term_string}\"},\"query-input\":{\"@type\":\"PropertyValueSpecification\",\"valueRequired\":true,\"valueName\":\"search_term_string\"}}],\"inLanguage\":\"pt-BR\"},{\"@type\":\"Organization\",\"@id\":\"https:\\\/\\\/ponteseditores.com.br\\\/loja3\\\/#organization\",\"name\":\"Pontes Editores\",\"url\":\"https:\\\/\\\/ponteseditores.com.br\\\/loja3\\\/\",\"logo\":{\"@type\":\"ImageObject\",\"inLanguage\":\"pt-BR\",\"@id\":\"https:\\\/\\\/ponteseditores.com.br\\\/loja3\\\/#\\\/schema\\\/logo\\\/image\\\/\",\"url\":\"https:\\\/\\\/ponteseditores.com.br\\\/loja3\\\/wp-content\\\/uploads\\\/2023\\\/12\\\/logo-pontes-editores-v2.png\",\"contentUrl\":\"https:\\\/\\\/ponteseditores.com.br\\\/loja3\\\/wp-content\\\/uploads\\\/2023\\\/12\\\/logo-pontes-editores-v2.png\",\"width\":258,\"height\":100,\"caption\":\"Pontes Editores\"},\"image\":{\"@id\":\"https:\\\/\\\/ponteseditores.com.br\\\/loja3\\\/#\\\/schema\\\/logo\\\/image\\\/\"}}]}<\/script>\n<!-- \/ Yoast SEO plugin. -->","yoast_head_json":{"title":"APRENDENDO PORTUGU\u00caS NO BRASIL - LIVRO DO ALUNO - Pontes Editores","robots":{"index":"index","follow":"follow","max-snippet":"max-snippet:-1","max-image-preview":"max-image-preview:large","max-video-preview":"max-video-preview:-1"},"canonical":"https:\/\/ponteseditores.com.br\/loja3\/pontes-editores-home-2__trashed\/portugues-para-estrangeiros\/produto-15\/","og_locale":"pt_BR","og_type":"article","og_title":"APRENDENDO PORTUGU\u00caS NO BRASIL - LIVRO DO ALUNO - Pontes Editores","og_description":"Aprendebdo Portugu\u00eas do Brasil tem como objetivo dar condi\u00e7\u00f5es ao aluno estrangeiro de dominar, em pouco tempo, as estruturas fundamentais da L\u00edngua Portuguesa, nas modalidades oral e escrita. Destina-se ao uso em sala de aula. Cont\u00e9m uma MOTIVA\u00c7\u00c3O que abre cada unidade. S\u00e3o hist\u00f3rias em quadrinhos de Maur\u00edcio de Souza, vividas pelos queridos e famosos [&hellip;]","og_url":"https:\/\/ponteseditores.com.br\/loja3\/pontes-editores-home-2__trashed\/portugues-para-estrangeiros\/produto-15\/","og_site_name":"Pontes Editores","article_modified_time":"2024-12-05T12:27:55+00:00","og_image":[{"width":227,"height":300,"url":"https:\/\/ponteseditores.com.br\/loja3\/wp-content\/uploads\/2023\/12\/imgG19-1.jpg","type":"image\/jpeg"}],"twitter_card":"summary_large_image","twitter_misc":{"Est. tempo de leitura":"2 minutos"},"schema":{"@context":"https:\/\/schema.org","@graph":[{"@type":"WebPage","@id":"https:\/\/ponteseditores.com.br\/loja3\/pontes-editores-home-2__trashed\/portugues-para-estrangeiros\/produto-15\/","url":"https:\/\/ponteseditores.com.br\/loja3\/pontes-editores-home-2__trashed\/portugues-para-estrangeiros\/produto-15\/","name":"APRENDENDO PORTUGU\u00caS NO BRASIL - LIVRO DO ALUNO - Pontes Editores","isPartOf":{"@id":"https:\/\/ponteseditores.com.br\/loja3\/#website"},"primaryImageOfPage":{"@id":"https:\/\/ponteseditores.com.br\/loja3\/pontes-editores-home-2__trashed\/portugues-para-estrangeiros\/produto-15\/#primaryimage"},"image":{"@id":"https:\/\/ponteseditores.com.br\/loja3\/pontes-editores-home-2__trashed\/portugues-para-estrangeiros\/produto-15\/#primaryimage"},"thumbnailUrl":"https:\/\/ponteseditores.com.br\/loja3\/wp-content\/uploads\/2023\/12\/imgG19-1.jpg","datePublished":"2023-12-11T03:07:49+00:00","dateModified":"2024-12-05T12:27:55+00:00","breadcrumb":{"@id":"https:\/\/ponteseditores.com.br\/loja3\/pontes-editores-home-2__trashed\/portugues-para-estrangeiros\/produto-15\/#breadcrumb"},"inLanguage":"pt-BR","potentialAction":[{"@type":"ReadAction","target":["https:\/\/ponteseditores.com.br\/loja3\/pontes-editores-home-2__trashed\/portugues-para-estrangeiros\/produto-15\/"]}]},{"@type":"ImageObject","inLanguage":"pt-BR","@id":"https:\/\/ponteseditores.com.br\/loja3\/pontes-editores-home-2__trashed\/portugues-para-estrangeiros\/produto-15\/#primaryimage","url":"https:\/\/ponteseditores.com.br\/loja3\/wp-content\/uploads\/2023\/12\/imgG19-1.jpg","contentUrl":"https:\/\/ponteseditores.com.br\/loja3\/wp-content\/uploads\/2023\/12\/imgG19-1.jpg","width":227,"height":300},{"@type":"BreadcrumbList","@id":"https:\/\/ponteseditores.com.br\/loja3\/pontes-editores-home-2__trashed\/portugues-para-estrangeiros\/produto-15\/#breadcrumb","itemListElement":[{"@type":"ListItem","position":1,"name":"Home","item":"https:\/\/ponteseditores.com.br\/loja3\/"},{"@type":"ListItem","position":2,"name":"loja","item":"https:\/\/ponteseditores.com.br\/loja3\/loja\/"},{"@type":"ListItem","position":3,"name":"APRENDENDO PORTUGU\u00caS NO BRASIL &#8211; LIVRO DO ALUNO"}]},{"@type":"WebSite","@id":"https:\/\/ponteseditores.com.br\/loja3\/#website","url":"https:\/\/ponteseditores.com.br\/loja3\/","name":"Pontes Editores","description":"Pontes Editores","publisher":{"@id":"https:\/\/ponteseditores.com.br\/loja3\/#organization"},"potentialAction":[{"@type":"SearchAction","target":{"@type":"EntryPoint","urlTemplate":"https:\/\/ponteseditores.com.br\/loja3\/?s={search_term_string}"},"query-input":{"@type":"PropertyValueSpecification","valueRequired":true,"valueName":"search_term_string"}}],"inLanguage":"pt-BR"},{"@type":"Organization","@id":"https:\/\/ponteseditores.com.br\/loja3\/#organization","name":"Pontes Editores","url":"https:\/\/ponteseditores.com.br\/loja3\/","logo":{"@type":"ImageObject","inLanguage":"pt-BR","@id":"https:\/\/ponteseditores.com.br\/loja3\/#\/schema\/logo\/image\/","url":"https:\/\/ponteseditores.com.br\/loja3\/wp-content\/uploads\/2023\/12\/logo-pontes-editores-v2.png","contentUrl":"https:\/\/ponteseditores.com.br\/loja3\/wp-content\/uploads\/2023\/12\/logo-pontes-editores-v2.png","width":258,"height":100,"caption":"Pontes Editores"},"image":{"@id":"https:\/\/ponteseditores.com.br\/loja3\/#\/schema\/logo\/image\/"}}]}},"_links":{"self":[{"href":"https:\/\/ponteseditores.com.br\/loja3\/wp-json\/wp\/v2\/product\/4413","targetHints":{"allow":["GET"]}}],"collection":[{"href":"https:\/\/ponteseditores.com.br\/loja3\/wp-json\/wp\/v2\/product"}],"about":[{"href":"https:\/\/ponteseditores.com.br\/loja3\/wp-json\/wp\/v2\/types\/product"}],"replies":[{"embeddable":true,"href":"https:\/\/ponteseditores.com.br\/loja3\/wp-json\/wp\/v2\/comments?post=4413"}],"version-history":[{"count":1,"href":"https:\/\/ponteseditores.com.br\/loja3\/wp-json\/wp\/v2\/product\/4413\/revisions"}],"predecessor-version":[{"id":19146,"href":"https:\/\/ponteseditores.com.br\/loja3\/wp-json\/wp\/v2\/product\/4413\/revisions\/19146"}],"wp:featuredmedia":[{"embeddable":true,"href":"https:\/\/ponteseditores.com.br\/loja3\/wp-json\/wp\/v2\/media\/4412"}],"wp:attachment":[{"href":"https:\/\/ponteseditores.com.br\/loja3\/wp-json\/wp\/v2\/media?parent=4413"}],"wp:term":[{"taxonomy":"product_brand","embeddable":true,"href":"https:\/\/ponteseditores.com.br\/loja3\/wp-json\/wp\/v2\/product_brand?post=4413"},{"taxonomy":"product_cat","embeddable":true,"href":"https:\/\/ponteseditores.com.br\/loja3\/wp-json\/wp\/v2\/product_cat?post=4413"},{"taxonomy":"product_tag","embeddable":true,"href":"https:\/\/ponteseditores.com.br\/loja3\/wp-json\/wp\/v2\/product_tag?post=4413"}],"curies":[{"name":"wp","href":"https:\/\/api.w.org\/{rel}","templated":true}]}}