{"id":39445,"date":"2026-04-17T10:47:39","date_gmt":"2026-04-17T13:47:39","guid":{"rendered":"https:\/\/ponteseditores.com.br\/loja3\/?post_type=product&#038;p=39445"},"modified":"2026-04-17T10:47:40","modified_gmt":"2026-04-17T13:47:40","slug":"linguagem-alfabetizacao-e-educacao-infantil-vol-1-uma-escola-para-todos","status":"publish","type":"product","link":"https:\/\/ponteseditores.com.br\/loja3\/pontes-editores-home-2__trashed\/educacao\/linguagem-alfabetizacao-e-educacao-infantil-vol-1-uma-escola-para-todos\/","title":{"rendered":"Linguagem, Alfabetiza\u00e7\u00e3o e Educa\u00e7\u00e3o Infantil &#8211; Vol. 1 &#8211; Uma escola para todos"},"content":{"rendered":"<p>Sob o t\u00edtulo <strong>Linguagem, Alfabetiza\u00e7\u00e3o e Educa\u00e7\u00e3o Infantil <\/strong>os leitores encontrar\u00e3o pesquisas recentes sobre temas funda\u00admentais para a educa\u00e7\u00e3o das crian\u00e7as brasileiras. Todos eles foram escritos por educadores que conclu\u00edram seu mestrado ou doutorado no Programa de Estudos P\u00f3s-Graduados em Educa\u00e7\u00e3o, \u00c1rea da Psicologia da Educa\u00e7\u00e3o, na Pontif\u00edcia Universidade Cat\u00f3lica de S\u00e3o Paulo.<\/p>\n<p>Nosso objetivo \u00e9 compartilhar com outros educadores, professores, estudantes e pesquisadores os conhecimentos e pr\u00e1ticas que abrem caminhos para a educa\u00e7\u00e3o que queremos nestes anos dois mil, de mudan\u00e7as incessantes que desafiam nossa flexibilidade mental.<\/p>\n","protected":false},"excerpt":{"rendered":"<p>Sob o t\u00edtulo Linguagem, Alfabetiza\u00e7\u00e3o e Educa\u00e7\u00e3o Infantil os leitores encontrar\u00e3o pesquisas recentes sobre temas funda\u00admentais para a educa\u00e7\u00e3o das crian\u00e7as brasileiras. Todos eles foram escritos por educadores que conclu\u00edram seu mestrado ou doutorado no Programa de Estudos P\u00f3s-Graduados em Educa\u00e7\u00e3o, \u00c1rea da Psicologia da Educa\u00e7\u00e3o, na Pontif\u00edcia Universidade Cat\u00f3lica de S\u00e3o Paulo. Nosso objetivo [&hellip;]<\/p>\n","protected":false},"featured_media":39447,"comment_status":"open","ping_status":"closed","template":"","meta":{"_joinchat":[]},"product_brand":[],"product_cat":[97,167],"product_tag":[],"class_list":{"0":"post-39445","1":"product","2":"type-product","3":"status-publish","4":"has-post-thumbnail","6":"product_cat-educacao","7":"product_cat-lancamento","9":"first","10":"instock","11":"shipping-taxable","12":"purchasable","13":"product-type-simple"},"yoast_head":"<!-- This site is optimized with the Yoast SEO plugin v27.4 - https:\/\/yoast.com\/product\/yoast-seo-wordpress\/ -->\n<title>Linguagem, Alfabetiza\u00e7\u00e3o e Educa\u00e7\u00e3o Infantil - Vol. 1 - Uma escola para todos - Pontes Editores<\/title>\n<meta name=\"robots\" content=\"index, follow, max-snippet:-1, max-image-preview:large, max-video-preview:-1\" \/>\n<link rel=\"canonical\" href=\"https:\/\/ponteseditores.com.br\/loja3\/pontes-editores-home-2__trashed\/educacao\/linguagem-alfabetizacao-e-educacao-infantil-vol-1-uma-escola-para-todos\/\" \/>\n<meta property=\"og:locale\" content=\"pt_BR\" \/>\n<meta property=\"og:type\" content=\"article\" \/>\n<meta property=\"og:title\" content=\"Linguagem, Alfabetiza\u00e7\u00e3o e Educa\u00e7\u00e3o Infantil - Vol. 1 - Uma escola para todos - Pontes Editores\" \/>\n<meta property=\"og:description\" content=\"Sob o t\u00edtulo Linguagem, Alfabetiza\u00e7\u00e3o e Educa\u00e7\u00e3o Infantil os leitores encontrar\u00e3o pesquisas recentes sobre temas funda\u00admentais para a educa\u00e7\u00e3o das crian\u00e7as brasileiras. Todos eles foram escritos por educadores que conclu\u00edram seu mestrado ou doutorado no Programa de Estudos P\u00f3s-Graduados em Educa\u00e7\u00e3o, \u00c1rea da Psicologia da Educa\u00e7\u00e3o, na Pontif\u00edcia Universidade Cat\u00f3lica de S\u00e3o Paulo. Nosso objetivo [&hellip;]\" \/>\n<meta property=\"og:url\" content=\"https:\/\/ponteseditores.com.br\/loja3\/pontes-editores-home-2__trashed\/educacao\/linguagem-alfabetizacao-e-educacao-infantil-vol-1-uma-escola-para-todos\/\" \/>\n<meta property=\"og:site_name\" content=\"Pontes Editores\" \/>\n<meta property=\"article:modified_time\" content=\"2026-04-17T13:47:40+00:00\" \/>\n<meta property=\"og:image\" content=\"https:\/\/ponteseditores.com.br\/loja3\/wp-content\/uploads\/2026\/04\/Capa_Linguagem-Alfabetizacao.jpg\" \/>\n\t<meta property=\"og:image:width\" content=\"800\" \/>\n\t<meta property=\"og:image:height\" content=\"1159\" \/>\n\t<meta property=\"og:image:type\" content=\"image\/jpeg\" \/>\n<meta name=\"twitter:card\" content=\"summary_large_image\" \/>\n<meta name=\"twitter:label1\" content=\"Est. tempo de leitura\" \/>\n\t<meta name=\"twitter:data1\" content=\"1 minuto\" \/>\n<script type=\"application\/ld+json\" class=\"yoast-schema-graph\">{\"@context\":\"https:\\\/\\\/schema.org\",\"@graph\":[{\"@type\":\"WebPage\",\"@id\":\"https:\\\/\\\/ponteseditores.com.br\\\/loja3\\\/pontes-editores-home-2__trashed\\\/educacao\\\/linguagem-alfabetizacao-e-educacao-infantil-vol-1-uma-escola-para-todos\\\/\",\"url\":\"https:\\\/\\\/ponteseditores.com.br\\\/loja3\\\/pontes-editores-home-2__trashed\\\/educacao\\\/linguagem-alfabetizacao-e-educacao-infantil-vol-1-uma-escola-para-todos\\\/\",\"name\":\"Linguagem, Alfabetiza\u00e7\u00e3o e Educa\u00e7\u00e3o Infantil - Vol. 1 - Uma escola para todos - Pontes Editores\",\"isPartOf\":{\"@id\":\"https:\\\/\\\/ponteseditores.com.br\\\/loja3\\\/#website\"},\"primaryImageOfPage\":{\"@id\":\"https:\\\/\\\/ponteseditores.com.br\\\/loja3\\\/pontes-editores-home-2__trashed\\\/educacao\\\/linguagem-alfabetizacao-e-educacao-infantil-vol-1-uma-escola-para-todos\\\/#primaryimage\"},\"image\":{\"@id\":\"https:\\\/\\\/ponteseditores.com.br\\\/loja3\\\/pontes-editores-home-2__trashed\\\/educacao\\\/linguagem-alfabetizacao-e-educacao-infantil-vol-1-uma-escola-para-todos\\\/#primaryimage\"},\"thumbnailUrl\":\"https:\\\/\\\/ponteseditores.com.br\\\/loja3\\\/wp-content\\\/uploads\\\/2026\\\/04\\\/Capa_Linguagem-Alfabetizacao.jpg\",\"datePublished\":\"2026-04-17T13:47:39+00:00\",\"dateModified\":\"2026-04-17T13:47:40+00:00\",\"breadcrumb\":{\"@id\":\"https:\\\/\\\/ponteseditores.com.br\\\/loja3\\\/pontes-editores-home-2__trashed\\\/educacao\\\/linguagem-alfabetizacao-e-educacao-infantil-vol-1-uma-escola-para-todos\\\/#breadcrumb\"},\"inLanguage\":\"pt-BR\",\"potentialAction\":[{\"@type\":\"ReadAction\",\"target\":[\"https:\\\/\\\/ponteseditores.com.br\\\/loja3\\\/pontes-editores-home-2__trashed\\\/educacao\\\/linguagem-alfabetizacao-e-educacao-infantil-vol-1-uma-escola-para-todos\\\/\"]}]},{\"@type\":\"ImageObject\",\"inLanguage\":\"pt-BR\",\"@id\":\"https:\\\/\\\/ponteseditores.com.br\\\/loja3\\\/pontes-editores-home-2__trashed\\\/educacao\\\/linguagem-alfabetizacao-e-educacao-infantil-vol-1-uma-escola-para-todos\\\/#primaryimage\",\"url\":\"https:\\\/\\\/ponteseditores.com.br\\\/loja3\\\/wp-content\\\/uploads\\\/2026\\\/04\\\/Capa_Linguagem-Alfabetizacao.jpg\",\"contentUrl\":\"https:\\\/\\\/ponteseditores.com.br\\\/loja3\\\/wp-content\\\/uploads\\\/2026\\\/04\\\/Capa_Linguagem-Alfabetizacao.jpg\",\"width\":800,\"height\":1159},{\"@type\":\"BreadcrumbList\",\"@id\":\"https:\\\/\\\/ponteseditores.com.br\\\/loja3\\\/pontes-editores-home-2__trashed\\\/educacao\\\/linguagem-alfabetizacao-e-educacao-infantil-vol-1-uma-escola-para-todos\\\/#breadcrumb\",\"itemListElement\":[{\"@type\":\"ListItem\",\"position\":1,\"name\":\"Home\",\"item\":\"https:\\\/\\\/ponteseditores.com.br\\\/loja3\\\/\"},{\"@type\":\"ListItem\",\"position\":2,\"name\":\"loja\",\"item\":\"https:\\\/\\\/ponteseditores.com.br\\\/loja3\\\/loja\\\/\"},{\"@type\":\"ListItem\",\"position\":3,\"name\":\"Linguagem, Alfabetiza\u00e7\u00e3o e Educa\u00e7\u00e3o Infantil &#8211; Vol. 1 &#8211; Uma escola para todos\"}]},{\"@type\":\"WebSite\",\"@id\":\"https:\\\/\\\/ponteseditores.com.br\\\/loja3\\\/#website\",\"url\":\"https:\\\/\\\/ponteseditores.com.br\\\/loja3\\\/\",\"name\":\"Pontes Editores\",\"description\":\"Pontes Editores\",\"publisher\":{\"@id\":\"https:\\\/\\\/ponteseditores.com.br\\\/loja3\\\/#organization\"},\"potentialAction\":[{\"@type\":\"SearchAction\",\"target\":{\"@type\":\"EntryPoint\",\"urlTemplate\":\"https:\\\/\\\/ponteseditores.com.br\\\/loja3\\\/?s={search_term_string}\"},\"query-input\":{\"@type\":\"PropertyValueSpecification\",\"valueRequired\":true,\"valueName\":\"search_term_string\"}}],\"inLanguage\":\"pt-BR\"},{\"@type\":\"Organization\",\"@id\":\"https:\\\/\\\/ponteseditores.com.br\\\/loja3\\\/#organization\",\"name\":\"Pontes Editores\",\"url\":\"https:\\\/\\\/ponteseditores.com.br\\\/loja3\\\/\",\"logo\":{\"@type\":\"ImageObject\",\"inLanguage\":\"pt-BR\",\"@id\":\"https:\\\/\\\/ponteseditores.com.br\\\/loja3\\\/#\\\/schema\\\/logo\\\/image\\\/\",\"url\":\"https:\\\/\\\/ponteseditores.com.br\\\/loja3\\\/wp-content\\\/uploads\\\/2023\\\/12\\\/logo-pontes-editores-v2.png\",\"contentUrl\":\"https:\\\/\\\/ponteseditores.com.br\\\/loja3\\\/wp-content\\\/uploads\\\/2023\\\/12\\\/logo-pontes-editores-v2.png\",\"width\":258,\"height\":100,\"caption\":\"Pontes Editores\"},\"image\":{\"@id\":\"https:\\\/\\\/ponteseditores.com.br\\\/loja3\\\/#\\\/schema\\\/logo\\\/image\\\/\"}}]}<\/script>\n<!-- \/ Yoast SEO plugin. -->","yoast_head_json":{"title":"Linguagem, Alfabetiza\u00e7\u00e3o e Educa\u00e7\u00e3o Infantil - Vol. 1 - Uma escola para todos - Pontes Editores","robots":{"index":"index","follow":"follow","max-snippet":"max-snippet:-1","max-image-preview":"max-image-preview:large","max-video-preview":"max-video-preview:-1"},"canonical":"https:\/\/ponteseditores.com.br\/loja3\/pontes-editores-home-2__trashed\/educacao\/linguagem-alfabetizacao-e-educacao-infantil-vol-1-uma-escola-para-todos\/","og_locale":"pt_BR","og_type":"article","og_title":"Linguagem, Alfabetiza\u00e7\u00e3o e Educa\u00e7\u00e3o Infantil - Vol. 1 - Uma escola para todos - Pontes Editores","og_description":"Sob o t\u00edtulo Linguagem, Alfabetiza\u00e7\u00e3o e Educa\u00e7\u00e3o Infantil os leitores encontrar\u00e3o pesquisas recentes sobre temas funda\u00admentais para a educa\u00e7\u00e3o das crian\u00e7as brasileiras. Todos eles foram escritos por educadores que conclu\u00edram seu mestrado ou doutorado no Programa de Estudos P\u00f3s-Graduados em Educa\u00e7\u00e3o, \u00c1rea da Psicologia da Educa\u00e7\u00e3o, na Pontif\u00edcia Universidade Cat\u00f3lica de S\u00e3o Paulo. Nosso objetivo [&hellip;]","og_url":"https:\/\/ponteseditores.com.br\/loja3\/pontes-editores-home-2__trashed\/educacao\/linguagem-alfabetizacao-e-educacao-infantil-vol-1-uma-escola-para-todos\/","og_site_name":"Pontes Editores","article_modified_time":"2026-04-17T13:47:40+00:00","og_image":[{"width":800,"height":1159,"url":"https:\/\/ponteseditores.com.br\/loja3\/wp-content\/uploads\/2026\/04\/Capa_Linguagem-Alfabetizacao.jpg","type":"image\/jpeg"}],"twitter_card":"summary_large_image","twitter_misc":{"Est. tempo de leitura":"1 minuto"},"schema":{"@context":"https:\/\/schema.org","@graph":[{"@type":"WebPage","@id":"https:\/\/ponteseditores.com.br\/loja3\/pontes-editores-home-2__trashed\/educacao\/linguagem-alfabetizacao-e-educacao-infantil-vol-1-uma-escola-para-todos\/","url":"https:\/\/ponteseditores.com.br\/loja3\/pontes-editores-home-2__trashed\/educacao\/linguagem-alfabetizacao-e-educacao-infantil-vol-1-uma-escola-para-todos\/","name":"Linguagem, Alfabetiza\u00e7\u00e3o e Educa\u00e7\u00e3o Infantil - Vol. 1 - Uma escola para todos - Pontes Editores","isPartOf":{"@id":"https:\/\/ponteseditores.com.br\/loja3\/#website"},"primaryImageOfPage":{"@id":"https:\/\/ponteseditores.com.br\/loja3\/pontes-editores-home-2__trashed\/educacao\/linguagem-alfabetizacao-e-educacao-infantil-vol-1-uma-escola-para-todos\/#primaryimage"},"image":{"@id":"https:\/\/ponteseditores.com.br\/loja3\/pontes-editores-home-2__trashed\/educacao\/linguagem-alfabetizacao-e-educacao-infantil-vol-1-uma-escola-para-todos\/#primaryimage"},"thumbnailUrl":"https:\/\/ponteseditores.com.br\/loja3\/wp-content\/uploads\/2026\/04\/Capa_Linguagem-Alfabetizacao.jpg","datePublished":"2026-04-17T13:47:39+00:00","dateModified":"2026-04-17T13:47:40+00:00","breadcrumb":{"@id":"https:\/\/ponteseditores.com.br\/loja3\/pontes-editores-home-2__trashed\/educacao\/linguagem-alfabetizacao-e-educacao-infantil-vol-1-uma-escola-para-todos\/#breadcrumb"},"inLanguage":"pt-BR","potentialAction":[{"@type":"ReadAction","target":["https:\/\/ponteseditores.com.br\/loja3\/pontes-editores-home-2__trashed\/educacao\/linguagem-alfabetizacao-e-educacao-infantil-vol-1-uma-escola-para-todos\/"]}]},{"@type":"ImageObject","inLanguage":"pt-BR","@id":"https:\/\/ponteseditores.com.br\/loja3\/pontes-editores-home-2__trashed\/educacao\/linguagem-alfabetizacao-e-educacao-infantil-vol-1-uma-escola-para-todos\/#primaryimage","url":"https:\/\/ponteseditores.com.br\/loja3\/wp-content\/uploads\/2026\/04\/Capa_Linguagem-Alfabetizacao.jpg","contentUrl":"https:\/\/ponteseditores.com.br\/loja3\/wp-content\/uploads\/2026\/04\/Capa_Linguagem-Alfabetizacao.jpg","width":800,"height":1159},{"@type":"BreadcrumbList","@id":"https:\/\/ponteseditores.com.br\/loja3\/pontes-editores-home-2__trashed\/educacao\/linguagem-alfabetizacao-e-educacao-infantil-vol-1-uma-escola-para-todos\/#breadcrumb","itemListElement":[{"@type":"ListItem","position":1,"name":"Home","item":"https:\/\/ponteseditores.com.br\/loja3\/"},{"@type":"ListItem","position":2,"name":"loja","item":"https:\/\/ponteseditores.com.br\/loja3\/loja\/"},{"@type":"ListItem","position":3,"name":"Linguagem, Alfabetiza\u00e7\u00e3o e Educa\u00e7\u00e3o Infantil &#8211; Vol. 1 &#8211; Uma escola para todos"}]},{"@type":"WebSite","@id":"https:\/\/ponteseditores.com.br\/loja3\/#website","url":"https:\/\/ponteseditores.com.br\/loja3\/","name":"Pontes Editores","description":"Pontes Editores","publisher":{"@id":"https:\/\/ponteseditores.com.br\/loja3\/#organization"},"potentialAction":[{"@type":"SearchAction","target":{"@type":"EntryPoint","urlTemplate":"https:\/\/ponteseditores.com.br\/loja3\/?s={search_term_string}"},"query-input":{"@type":"PropertyValueSpecification","valueRequired":true,"valueName":"search_term_string"}}],"inLanguage":"pt-BR"},{"@type":"Organization","@id":"https:\/\/ponteseditores.com.br\/loja3\/#organization","name":"Pontes Editores","url":"https:\/\/ponteseditores.com.br\/loja3\/","logo":{"@type":"ImageObject","inLanguage":"pt-BR","@id":"https:\/\/ponteseditores.com.br\/loja3\/#\/schema\/logo\/image\/","url":"https:\/\/ponteseditores.com.br\/loja3\/wp-content\/uploads\/2023\/12\/logo-pontes-editores-v2.png","contentUrl":"https:\/\/ponteseditores.com.br\/loja3\/wp-content\/uploads\/2023\/12\/logo-pontes-editores-v2.png","width":258,"height":100,"caption":"Pontes Editores"},"image":{"@id":"https:\/\/ponteseditores.com.br\/loja3\/#\/schema\/logo\/image\/"}}]}},"_links":{"self":[{"href":"https:\/\/ponteseditores.com.br\/loja3\/wp-json\/wp\/v2\/product\/39445","targetHints":{"allow":["GET"]}}],"collection":[{"href":"https:\/\/ponteseditores.com.br\/loja3\/wp-json\/wp\/v2\/product"}],"about":[{"href":"https:\/\/ponteseditores.com.br\/loja3\/wp-json\/wp\/v2\/types\/product"}],"replies":[{"embeddable":true,"href":"https:\/\/ponteseditores.com.br\/loja3\/wp-json\/wp\/v2\/comments?post=39445"}],"version-history":[{"count":1,"href":"https:\/\/ponteseditores.com.br\/loja3\/wp-json\/wp\/v2\/product\/39445\/revisions"}],"predecessor-version":[{"id":39448,"href":"https:\/\/ponteseditores.com.br\/loja3\/wp-json\/wp\/v2\/product\/39445\/revisions\/39448"}],"wp:featuredmedia":[{"embeddable":true,"href":"https:\/\/ponteseditores.com.br\/loja3\/wp-json\/wp\/v2\/media\/39447"}],"wp:attachment":[{"href":"https:\/\/ponteseditores.com.br\/loja3\/wp-json\/wp\/v2\/media?parent=39445"}],"wp:term":[{"taxonomy":"product_brand","embeddable":true,"href":"https:\/\/ponteseditores.com.br\/loja3\/wp-json\/wp\/v2\/product_brand?post=39445"},{"taxonomy":"product_cat","embeddable":true,"href":"https:\/\/ponteseditores.com.br\/loja3\/wp-json\/wp\/v2\/product_cat?post=39445"},{"taxonomy":"product_tag","embeddable":true,"href":"https:\/\/ponteseditores.com.br\/loja3\/wp-json\/wp\/v2\/product_tag?post=39445"}],"curies":[{"name":"wp","href":"https:\/\/api.w.org\/{rel}","templated":true}]}}