{"id":39438,"date":"2026-04-17T10:36:50","date_gmt":"2026-04-17T13:36:50","guid":{"rendered":"https:\/\/ponteseditores.com.br\/loja3\/?post_type=product&#038;p=39438"},"modified":"2026-04-17T10:36:50","modified_gmt":"2026-04-17T13:36:50","slug":"dois-livros-e-tres-geracoes-estudos-socio-historicos-e-linguisticos-da-colecao-o-sertao-por-escrito-1755-1838","status":"publish","type":"product","link":"https:\/\/ponteseditores.com.br\/loja3\/pontes-editores-home-2__trashed\/linguistica\/dois-livros-e-tres-geracoes-estudos-socio-historicos-e-linguisticos-da-colecao-o-sertao-por-escrito-1755-1838\/","title":{"rendered":"Dois livros e tr\u00eas gera\u00e7\u00f5es: estudos s\u00f3cio-hist\u00f3ricos e lingu\u00edsticos da Cole\u00e7\u00e3o O Sert\u00e3o por Escrito (1755-1838)"},"content":{"rendered":"<p>A leitura de <em>Dois Livros e Tr\u00eas Gera\u00e7\u00f5es: Estudos S\u00f3cio-Hist\u00f3ricos e Lingu\u00edsticos da Cole\u00e7\u00e3o O Sert\u00e3o por Escrito (1755-1838) <\/em>trouxe \u00e0 mem\u00f3ria um coment\u00e1rio informal do Professor Afranio Barbosa sobre o que \u00e9 fazer pesquisa em Lingu\u00edstica Hist\u00f3rica. Para o desbravador dos estudos sobre a hist\u00f3ria do portugu\u00eas colonial, somos \u201c<em>os escafandristas<\/em>\u201d da can\u00e7\u00e3o <em>Futuros amantes <\/em>de Chico Buarque, que \u201c<em>vir\u00e3o explorar sua casa, seu quarto, suas coisas, sua alma, desv\u00e3os<\/em>\u201d em \u201c<em>alguma cidade submer\u00adsa<\/em>\u201d. Somos os \u201c<em>s\u00e1bios<\/em>\u201d que \u201c<em>em v\u00e3o tentar\u00e3o decifrar o eco de antigas palavras, fragmentos de cartas, poemas, mentiras, retratos, vest\u00edgios de estranha civiliza\u00e7\u00e3o<\/em>\u201d.<\/p>\n<p>Ao fazerem suas anota\u00e7\u00f5es cont\u00e1beis no <em>Livro de Raz\u00e3o<\/em>, entre 1795 e 1838, Ant\u00f4nio e Inoc\u00eancio Pinheiro Pinto, da fazenda de cria\u00e7\u00e3o do Brejo do Campo Seco, n\u00e3o podiam vislumbrar que seus apontamentos sobre neg\u00f3cios, escravizados, animais, entre outros, cairiam em m\u00e3os \u00e1vidas por decifrar aspectos sociais e lingu\u00edsticos do sert\u00e3o brasileiro colonial. Du\u00adzentos anos depois, estamos diante de uma obra primorosa, que re\u00fane estudos que transitam, com bastante profundidade, na s\u00f3cio-hist\u00f3ria e na l\u00edngua dos setecentos, per\u00edodo ainda pouco estudado pelos pesquisadores da \u00e1rea.<\/p>\n<p>A dificuldade do acesso aos documentos manuscritos da \u00e9poca e os desafios de sua leitura t\u00eam sido um impeditivo para o avan\u00e7o das pesquisas sobre o portugu\u00eas colonial. Nessa esfera, reside mais um m\u00e9rito deste livro precursor que a equipe envolvida com o projeto <em>Corpus Eletr\u00f4nico de Documentos Hist\u00f3ricos do Sert\u00e3o (CE-DOHS) <\/em>traz \u00e0 baila. Assim, o leitor est\u00e1 diante de um livro que re\u00fane, de forma bastante profunda, fontes manus\u00adcritas de tr\u00eas gera\u00e7\u00f5es de uma fam\u00edlia que viveu entre os s\u00e9culos XVIII e XIX, no Alto Sert\u00e3o baiano. A obra aprofunda, de forma primorosa, uma gama de aspectos sociais, hist\u00f3ricos, culturais e lingu\u00edsticos, a partir dos manuscritos produzidos pelo autor portugu\u00eas e pelos autores brasileiros de uma fam\u00edlia sertaneja na Bahia colonial e de fontes secund\u00e1rias.<\/p>\n<p>A equipe do renomado projeto CE-DOHS e os autores convidados s\u00e3o, como canta Chico Buarque, \u201c<em>os escafandristas<\/em>\u201d que exploraram, com maestria, <em>a casa, o quarto, as coisas, a alma <\/em>de uma fam\u00edlia representativa da sociedade brasileira setecentista e oitocentista.<\/p>\n<p>S\u00e3o realmente os \u201c<em>s\u00e1bios<\/em>\u201d a \u201c<em>decifrar o eco de antigas palavras, fragmentos de cartas, poemas, mentiras, retratos, vest\u00edgios de estranha civiliza\u00e7\u00e3o<\/em>\u201d.<\/p>\n<p>&nbsp;<\/p>\n<p>C\u00e9lia Regina dos Santos Lopes \u2013 UFRJ<\/p>\n<p>Rio, novembro de 2025<\/p>\n","protected":false},"excerpt":{"rendered":"<p>A leitura de Dois Livros e Tr\u00eas Gera\u00e7\u00f5es: Estudos S\u00f3cio-Hist\u00f3ricos e Lingu\u00edsticos da Cole\u00e7\u00e3o O Sert\u00e3o por Escrito (1755-1838) trouxe \u00e0 mem\u00f3ria um coment\u00e1rio informal do Professor Afranio Barbosa sobre o que \u00e9 fazer pesquisa em Lingu\u00edstica Hist\u00f3rica. Para o desbravador dos estudos sobre a hist\u00f3ria do portugu\u00eas colonial, somos \u201cos escafandristas\u201d da can\u00e7\u00e3o Futuros [&hellip;]<\/p>\n","protected":false},"featured_media":39440,"comment_status":"open","ping_status":"closed","template":"","meta":{"_joinchat":[]},"product_brand":[],"product_cat":[167,31],"product_tag":[],"class_list":{"0":"post-39438","1":"product","2":"type-product","3":"status-publish","4":"has-post-thumbnail","6":"product_cat-lancamento","7":"product_cat-linguistica","9":"first","10":"instock","11":"shipping-taxable","12":"purchasable","13":"product-type-simple"},"yoast_head":"<!-- This site is optimized with the Yoast SEO plugin v27.4 - https:\/\/yoast.com\/product\/yoast-seo-wordpress\/ -->\n<title>Dois livros e tr\u00eas gera\u00e7\u00f5es: estudos s\u00f3cio-hist\u00f3ricos e lingu\u00edsticos da Cole\u00e7\u00e3o O Sert\u00e3o por Escrito (1755-1838) - Pontes Editores<\/title>\n<meta name=\"robots\" content=\"index, follow, max-snippet:-1, max-image-preview:large, max-video-preview:-1\" \/>\n<link rel=\"canonical\" href=\"https:\/\/ponteseditores.com.br\/loja3\/pontes-editores-home-2__trashed\/linguistica\/dois-livros-e-tres-geracoes-estudos-socio-historicos-e-linguisticos-da-colecao-o-sertao-por-escrito-1755-1838\/\" \/>\n<meta property=\"og:locale\" content=\"pt_BR\" \/>\n<meta property=\"og:type\" content=\"article\" \/>\n<meta property=\"og:title\" content=\"Dois livros e tr\u00eas gera\u00e7\u00f5es: estudos s\u00f3cio-hist\u00f3ricos e lingu\u00edsticos da Cole\u00e7\u00e3o O Sert\u00e3o por Escrito (1755-1838) - Pontes Editores\" \/>\n<meta property=\"og:description\" content=\"A leitura de Dois Livros e Tr\u00eas Gera\u00e7\u00f5es: Estudos S\u00f3cio-Hist\u00f3ricos e Lingu\u00edsticos da Cole\u00e7\u00e3o O Sert\u00e3o por Escrito (1755-1838) trouxe \u00e0 mem\u00f3ria um coment\u00e1rio informal do Professor Afranio Barbosa sobre o que \u00e9 fazer pesquisa em Lingu\u00edstica Hist\u00f3rica. Para o desbravador dos estudos sobre a hist\u00f3ria do portugu\u00eas colonial, somos \u201cos escafandristas\u201d da can\u00e7\u00e3o Futuros [&hellip;]\" \/>\n<meta property=\"og:url\" content=\"https:\/\/ponteseditores.com.br\/loja3\/pontes-editores-home-2__trashed\/linguistica\/dois-livros-e-tres-geracoes-estudos-socio-historicos-e-linguisticos-da-colecao-o-sertao-por-escrito-1755-1838\/\" \/>\n<meta property=\"og:site_name\" content=\"Pontes Editores\" \/>\n<meta property=\"og:image\" content=\"https:\/\/ponteseditores.com.br\/loja3\/wp-content\/uploads\/2026\/04\/Capa_Dois-Livros.jpg\" \/>\n\t<meta property=\"og:image:width\" content=\"800\" \/>\n\t<meta property=\"og:image:height\" content=\"1159\" \/>\n\t<meta property=\"og:image:type\" content=\"image\/jpeg\" \/>\n<meta name=\"twitter:card\" content=\"summary_large_image\" \/>\n<meta name=\"twitter:label1\" content=\"Est. tempo de leitura\" \/>\n\t<meta name=\"twitter:data1\" content=\"3 minutos\" \/>\n<script type=\"application\/ld+json\" class=\"yoast-schema-graph\">{\"@context\":\"https:\\\/\\\/schema.org\",\"@graph\":[{\"@type\":\"WebPage\",\"@id\":\"https:\\\/\\\/ponteseditores.com.br\\\/loja3\\\/pontes-editores-home-2__trashed\\\/linguistica\\\/dois-livros-e-tres-geracoes-estudos-socio-historicos-e-linguisticos-da-colecao-o-sertao-por-escrito-1755-1838\\\/\",\"url\":\"https:\\\/\\\/ponteseditores.com.br\\\/loja3\\\/pontes-editores-home-2__trashed\\\/linguistica\\\/dois-livros-e-tres-geracoes-estudos-socio-historicos-e-linguisticos-da-colecao-o-sertao-por-escrito-1755-1838\\\/\",\"name\":\"Dois livros e tr\u00eas gera\u00e7\u00f5es: estudos s\u00f3cio-hist\u00f3ricos e lingu\u00edsticos da Cole\u00e7\u00e3o O Sert\u00e3o por Escrito (1755-1838) - Pontes Editores\",\"isPartOf\":{\"@id\":\"https:\\\/\\\/ponteseditores.com.br\\\/loja3\\\/#website\"},\"primaryImageOfPage\":{\"@id\":\"https:\\\/\\\/ponteseditores.com.br\\\/loja3\\\/pontes-editores-home-2__trashed\\\/linguistica\\\/dois-livros-e-tres-geracoes-estudos-socio-historicos-e-linguisticos-da-colecao-o-sertao-por-escrito-1755-1838\\\/#primaryimage\"},\"image\":{\"@id\":\"https:\\\/\\\/ponteseditores.com.br\\\/loja3\\\/pontes-editores-home-2__trashed\\\/linguistica\\\/dois-livros-e-tres-geracoes-estudos-socio-historicos-e-linguisticos-da-colecao-o-sertao-por-escrito-1755-1838\\\/#primaryimage\"},\"thumbnailUrl\":\"https:\\\/\\\/ponteseditores.com.br\\\/loja3\\\/wp-content\\\/uploads\\\/2026\\\/04\\\/Capa_Dois-Livros.jpg\",\"datePublished\":\"2026-04-17T13:36:50+00:00\",\"breadcrumb\":{\"@id\":\"https:\\\/\\\/ponteseditores.com.br\\\/loja3\\\/pontes-editores-home-2__trashed\\\/linguistica\\\/dois-livros-e-tres-geracoes-estudos-socio-historicos-e-linguisticos-da-colecao-o-sertao-por-escrito-1755-1838\\\/#breadcrumb\"},\"inLanguage\":\"pt-BR\",\"potentialAction\":[{\"@type\":\"ReadAction\",\"target\":[\"https:\\\/\\\/ponteseditores.com.br\\\/loja3\\\/pontes-editores-home-2__trashed\\\/linguistica\\\/dois-livros-e-tres-geracoes-estudos-socio-historicos-e-linguisticos-da-colecao-o-sertao-por-escrito-1755-1838\\\/\"]}]},{\"@type\":\"ImageObject\",\"inLanguage\":\"pt-BR\",\"@id\":\"https:\\\/\\\/ponteseditores.com.br\\\/loja3\\\/pontes-editores-home-2__trashed\\\/linguistica\\\/dois-livros-e-tres-geracoes-estudos-socio-historicos-e-linguisticos-da-colecao-o-sertao-por-escrito-1755-1838\\\/#primaryimage\",\"url\":\"https:\\\/\\\/ponteseditores.com.br\\\/loja3\\\/wp-content\\\/uploads\\\/2026\\\/04\\\/Capa_Dois-Livros.jpg\",\"contentUrl\":\"https:\\\/\\\/ponteseditores.com.br\\\/loja3\\\/wp-content\\\/uploads\\\/2026\\\/04\\\/Capa_Dois-Livros.jpg\",\"width\":800,\"height\":1159},{\"@type\":\"BreadcrumbList\",\"@id\":\"https:\\\/\\\/ponteseditores.com.br\\\/loja3\\\/pontes-editores-home-2__trashed\\\/linguistica\\\/dois-livros-e-tres-geracoes-estudos-socio-historicos-e-linguisticos-da-colecao-o-sertao-por-escrito-1755-1838\\\/#breadcrumb\",\"itemListElement\":[{\"@type\":\"ListItem\",\"position\":1,\"name\":\"Home\",\"item\":\"https:\\\/\\\/ponteseditores.com.br\\\/loja3\\\/\"},{\"@type\":\"ListItem\",\"position\":2,\"name\":\"loja\",\"item\":\"https:\\\/\\\/ponteseditores.com.br\\\/loja3\\\/loja\\\/\"},{\"@type\":\"ListItem\",\"position\":3,\"name\":\"Dois livros e tr\u00eas gera\u00e7\u00f5es: estudos s\u00f3cio-hist\u00f3ricos e lingu\u00edsticos da Cole\u00e7\u00e3o O Sert\u00e3o por Escrito (1755-1838)\"}]},{\"@type\":\"WebSite\",\"@id\":\"https:\\\/\\\/ponteseditores.com.br\\\/loja3\\\/#website\",\"url\":\"https:\\\/\\\/ponteseditores.com.br\\\/loja3\\\/\",\"name\":\"Pontes Editores\",\"description\":\"Pontes Editores\",\"publisher\":{\"@id\":\"https:\\\/\\\/ponteseditores.com.br\\\/loja3\\\/#organization\"},\"potentialAction\":[{\"@type\":\"SearchAction\",\"target\":{\"@type\":\"EntryPoint\",\"urlTemplate\":\"https:\\\/\\\/ponteseditores.com.br\\\/loja3\\\/?s={search_term_string}\"},\"query-input\":{\"@type\":\"PropertyValueSpecification\",\"valueRequired\":true,\"valueName\":\"search_term_string\"}}],\"inLanguage\":\"pt-BR\"},{\"@type\":\"Organization\",\"@id\":\"https:\\\/\\\/ponteseditores.com.br\\\/loja3\\\/#organization\",\"name\":\"Pontes Editores\",\"url\":\"https:\\\/\\\/ponteseditores.com.br\\\/loja3\\\/\",\"logo\":{\"@type\":\"ImageObject\",\"inLanguage\":\"pt-BR\",\"@id\":\"https:\\\/\\\/ponteseditores.com.br\\\/loja3\\\/#\\\/schema\\\/logo\\\/image\\\/\",\"url\":\"https:\\\/\\\/ponteseditores.com.br\\\/loja3\\\/wp-content\\\/uploads\\\/2023\\\/12\\\/logo-pontes-editores-v2.png\",\"contentUrl\":\"https:\\\/\\\/ponteseditores.com.br\\\/loja3\\\/wp-content\\\/uploads\\\/2023\\\/12\\\/logo-pontes-editores-v2.png\",\"width\":258,\"height\":100,\"caption\":\"Pontes Editores\"},\"image\":{\"@id\":\"https:\\\/\\\/ponteseditores.com.br\\\/loja3\\\/#\\\/schema\\\/logo\\\/image\\\/\"}}]}<\/script>\n<!-- \/ Yoast SEO plugin. -->","yoast_head_json":{"title":"Dois livros e tr\u00eas gera\u00e7\u00f5es: estudos s\u00f3cio-hist\u00f3ricos e lingu\u00edsticos da Cole\u00e7\u00e3o O Sert\u00e3o por Escrito (1755-1838) - Pontes Editores","robots":{"index":"index","follow":"follow","max-snippet":"max-snippet:-1","max-image-preview":"max-image-preview:large","max-video-preview":"max-video-preview:-1"},"canonical":"https:\/\/ponteseditores.com.br\/loja3\/pontes-editores-home-2__trashed\/linguistica\/dois-livros-e-tres-geracoes-estudos-socio-historicos-e-linguisticos-da-colecao-o-sertao-por-escrito-1755-1838\/","og_locale":"pt_BR","og_type":"article","og_title":"Dois livros e tr\u00eas gera\u00e7\u00f5es: estudos s\u00f3cio-hist\u00f3ricos e lingu\u00edsticos da Cole\u00e7\u00e3o O Sert\u00e3o por Escrito (1755-1838) - Pontes Editores","og_description":"A leitura de Dois Livros e Tr\u00eas Gera\u00e7\u00f5es: Estudos S\u00f3cio-Hist\u00f3ricos e Lingu\u00edsticos da Cole\u00e7\u00e3o O Sert\u00e3o por Escrito (1755-1838) trouxe \u00e0 mem\u00f3ria um coment\u00e1rio informal do Professor Afranio Barbosa sobre o que \u00e9 fazer pesquisa em Lingu\u00edstica Hist\u00f3rica. Para o desbravador dos estudos sobre a hist\u00f3ria do portugu\u00eas colonial, somos \u201cos escafandristas\u201d da can\u00e7\u00e3o Futuros [&hellip;]","og_url":"https:\/\/ponteseditores.com.br\/loja3\/pontes-editores-home-2__trashed\/linguistica\/dois-livros-e-tres-geracoes-estudos-socio-historicos-e-linguisticos-da-colecao-o-sertao-por-escrito-1755-1838\/","og_site_name":"Pontes Editores","og_image":[{"width":800,"height":1159,"url":"https:\/\/ponteseditores.com.br\/loja3\/wp-content\/uploads\/2026\/04\/Capa_Dois-Livros.jpg","type":"image\/jpeg"}],"twitter_card":"summary_large_image","twitter_misc":{"Est. tempo de leitura":"3 minutos"},"schema":{"@context":"https:\/\/schema.org","@graph":[{"@type":"WebPage","@id":"https:\/\/ponteseditores.com.br\/loja3\/pontes-editores-home-2__trashed\/linguistica\/dois-livros-e-tres-geracoes-estudos-socio-historicos-e-linguisticos-da-colecao-o-sertao-por-escrito-1755-1838\/","url":"https:\/\/ponteseditores.com.br\/loja3\/pontes-editores-home-2__trashed\/linguistica\/dois-livros-e-tres-geracoes-estudos-socio-historicos-e-linguisticos-da-colecao-o-sertao-por-escrito-1755-1838\/","name":"Dois livros e tr\u00eas gera\u00e7\u00f5es: estudos s\u00f3cio-hist\u00f3ricos e lingu\u00edsticos da Cole\u00e7\u00e3o O Sert\u00e3o por Escrito (1755-1838) - Pontes Editores","isPartOf":{"@id":"https:\/\/ponteseditores.com.br\/loja3\/#website"},"primaryImageOfPage":{"@id":"https:\/\/ponteseditores.com.br\/loja3\/pontes-editores-home-2__trashed\/linguistica\/dois-livros-e-tres-geracoes-estudos-socio-historicos-e-linguisticos-da-colecao-o-sertao-por-escrito-1755-1838\/#primaryimage"},"image":{"@id":"https:\/\/ponteseditores.com.br\/loja3\/pontes-editores-home-2__trashed\/linguistica\/dois-livros-e-tres-geracoes-estudos-socio-historicos-e-linguisticos-da-colecao-o-sertao-por-escrito-1755-1838\/#primaryimage"},"thumbnailUrl":"https:\/\/ponteseditores.com.br\/loja3\/wp-content\/uploads\/2026\/04\/Capa_Dois-Livros.jpg","datePublished":"2026-04-17T13:36:50+00:00","breadcrumb":{"@id":"https:\/\/ponteseditores.com.br\/loja3\/pontes-editores-home-2__trashed\/linguistica\/dois-livros-e-tres-geracoes-estudos-socio-historicos-e-linguisticos-da-colecao-o-sertao-por-escrito-1755-1838\/#breadcrumb"},"inLanguage":"pt-BR","potentialAction":[{"@type":"ReadAction","target":["https:\/\/ponteseditores.com.br\/loja3\/pontes-editores-home-2__trashed\/linguistica\/dois-livros-e-tres-geracoes-estudos-socio-historicos-e-linguisticos-da-colecao-o-sertao-por-escrito-1755-1838\/"]}]},{"@type":"ImageObject","inLanguage":"pt-BR","@id":"https:\/\/ponteseditores.com.br\/loja3\/pontes-editores-home-2__trashed\/linguistica\/dois-livros-e-tres-geracoes-estudos-socio-historicos-e-linguisticos-da-colecao-o-sertao-por-escrito-1755-1838\/#primaryimage","url":"https:\/\/ponteseditores.com.br\/loja3\/wp-content\/uploads\/2026\/04\/Capa_Dois-Livros.jpg","contentUrl":"https:\/\/ponteseditores.com.br\/loja3\/wp-content\/uploads\/2026\/04\/Capa_Dois-Livros.jpg","width":800,"height":1159},{"@type":"BreadcrumbList","@id":"https:\/\/ponteseditores.com.br\/loja3\/pontes-editores-home-2__trashed\/linguistica\/dois-livros-e-tres-geracoes-estudos-socio-historicos-e-linguisticos-da-colecao-o-sertao-por-escrito-1755-1838\/#breadcrumb","itemListElement":[{"@type":"ListItem","position":1,"name":"Home","item":"https:\/\/ponteseditores.com.br\/loja3\/"},{"@type":"ListItem","position":2,"name":"loja","item":"https:\/\/ponteseditores.com.br\/loja3\/loja\/"},{"@type":"ListItem","position":3,"name":"Dois livros e tr\u00eas gera\u00e7\u00f5es: estudos s\u00f3cio-hist\u00f3ricos e lingu\u00edsticos da Cole\u00e7\u00e3o O Sert\u00e3o por Escrito (1755-1838)"}]},{"@type":"WebSite","@id":"https:\/\/ponteseditores.com.br\/loja3\/#website","url":"https:\/\/ponteseditores.com.br\/loja3\/","name":"Pontes Editores","description":"Pontes Editores","publisher":{"@id":"https:\/\/ponteseditores.com.br\/loja3\/#organization"},"potentialAction":[{"@type":"SearchAction","target":{"@type":"EntryPoint","urlTemplate":"https:\/\/ponteseditores.com.br\/loja3\/?s={search_term_string}"},"query-input":{"@type":"PropertyValueSpecification","valueRequired":true,"valueName":"search_term_string"}}],"inLanguage":"pt-BR"},{"@type":"Organization","@id":"https:\/\/ponteseditores.com.br\/loja3\/#organization","name":"Pontes Editores","url":"https:\/\/ponteseditores.com.br\/loja3\/","logo":{"@type":"ImageObject","inLanguage":"pt-BR","@id":"https:\/\/ponteseditores.com.br\/loja3\/#\/schema\/logo\/image\/","url":"https:\/\/ponteseditores.com.br\/loja3\/wp-content\/uploads\/2023\/12\/logo-pontes-editores-v2.png","contentUrl":"https:\/\/ponteseditores.com.br\/loja3\/wp-content\/uploads\/2023\/12\/logo-pontes-editores-v2.png","width":258,"height":100,"caption":"Pontes Editores"},"image":{"@id":"https:\/\/ponteseditores.com.br\/loja3\/#\/schema\/logo\/image\/"}}]}},"_links":{"self":[{"href":"https:\/\/ponteseditores.com.br\/loja3\/wp-json\/wp\/v2\/product\/39438","targetHints":{"allow":["GET"]}}],"collection":[{"href":"https:\/\/ponteseditores.com.br\/loja3\/wp-json\/wp\/v2\/product"}],"about":[{"href":"https:\/\/ponteseditores.com.br\/loja3\/wp-json\/wp\/v2\/types\/product"}],"replies":[{"embeddable":true,"href":"https:\/\/ponteseditores.com.br\/loja3\/wp-json\/wp\/v2\/comments?post=39438"}],"version-history":[{"count":1,"href":"https:\/\/ponteseditores.com.br\/loja3\/wp-json\/wp\/v2\/product\/39438\/revisions"}],"predecessor-version":[{"id":39441,"href":"https:\/\/ponteseditores.com.br\/loja3\/wp-json\/wp\/v2\/product\/39438\/revisions\/39441"}],"wp:featuredmedia":[{"embeddable":true,"href":"https:\/\/ponteseditores.com.br\/loja3\/wp-json\/wp\/v2\/media\/39440"}],"wp:attachment":[{"href":"https:\/\/ponteseditores.com.br\/loja3\/wp-json\/wp\/v2\/media?parent=39438"}],"wp:term":[{"taxonomy":"product_brand","embeddable":true,"href":"https:\/\/ponteseditores.com.br\/loja3\/wp-json\/wp\/v2\/product_brand?post=39438"},{"taxonomy":"product_cat","embeddable":true,"href":"https:\/\/ponteseditores.com.br\/loja3\/wp-json\/wp\/v2\/product_cat?post=39438"},{"taxonomy":"product_tag","embeddable":true,"href":"https:\/\/ponteseditores.com.br\/loja3\/wp-json\/wp\/v2\/product_tag?post=39438"}],"curies":[{"name":"wp","href":"https:\/\/api.w.org\/{rel}","templated":true}]}}