{"id":39203,"date":"2026-04-09T14:46:35","date_gmt":"2026-04-09T17:46:35","guid":{"rendered":"https:\/\/ponteseditores.com.br\/loja3\/?post_type=product&#038;p=39203"},"modified":"2026-04-09T14:46:35","modified_gmt":"2026-04-09T17:46:35","slug":"literatura-brasileira-novas-possibilidades-escritos-discentes-de-literatura-brasileira","status":"publish","type":"product","link":"https:\/\/ponteseditores.com.br\/loja3\/pontes-editores-home-2__trashed\/educacao\/literatura-brasileira-novas-possibilidades-escritos-discentes-de-literatura-brasileira\/","title":{"rendered":"Literatura brasileira: novas possibilidades escritos discentes de Literatura Brasileira"},"content":{"rendered":"<p>Este livro tem como objetivo apresentar as pesquisas dos alu\u00adnos da especialidade em Literatura Brasileira do Programa de P\u00f3s-gradua\u00e7\u00e3o em Letras da Universidade do Estado do Rio de Janeiro (UERJ). Considerando o car\u00e1ter especulativo como caracter\u00edstica fundamental dos estudos liter\u00e1rios, o livro apresenta novas interpreta\u00e7\u00f5es poss\u00edveis, desde as letras seiscentistas, at\u00e9 a fic\u00ad\u00e7\u00e3o ou a poesia contempor\u00e2nea, realizadas por novos pesquisadores da \u00e1rea, cujos estudos ainda se encontram em andamento.<\/p>\n<p>Portanto, al\u00e9m de apresentar pesquisas novas que est\u00e3o sendo realizadas na \u00e1rea de estudos liter\u00e1rios da UERJ, esta colet\u00e2nea tamb\u00e9m \u00e9 im\u00adportante pelo seu aspecto formativo, justamente por possibilitar a inser\u00e7\u00e3o de alunos de p\u00f3s-gradua\u00e7\u00e3o em publica\u00e7\u00f5es no formato de livro e por divulgar o que vem sendo produzido pela nova gera\u00e7\u00e3o de pesquisadores em literatura brasileira.<\/p>\n","protected":false},"excerpt":{"rendered":"<p>Este livro tem como objetivo apresentar as pesquisas dos alu\u00adnos da especialidade em Literatura Brasileira do Programa de P\u00f3s-gradua\u00e7\u00e3o em Letras da Universidade do Estado do Rio de Janeiro (UERJ). Considerando o car\u00e1ter especulativo como caracter\u00edstica fundamental dos estudos liter\u00e1rios, o livro apresenta novas interpreta\u00e7\u00f5es poss\u00edveis, desde as letras seiscentistas, at\u00e9 a fic\u00ad\u00e7\u00e3o ou a [&hellip;]<\/p>\n","protected":false},"featured_media":39204,"comment_status":"open","ping_status":"closed","template":"","meta":{"_joinchat":[]},"product_brand":[],"product_cat":[97,167],"product_tag":[],"class_list":{"0":"post-39203","1":"product","2":"type-product","3":"status-publish","4":"has-post-thumbnail","6":"product_cat-educacao","7":"product_cat-lancamento","9":"first","10":"instock","11":"shipping-taxable","12":"purchasable","13":"product-type-simple"},"yoast_head":"<!-- This site is optimized with the Yoast SEO plugin v27.3 - https:\/\/yoast.com\/product\/yoast-seo-wordpress\/ -->\n<title>Literatura brasileira: novas possibilidades escritos discentes de Literatura Brasileira - Pontes Editores<\/title>\n<meta name=\"robots\" content=\"index, follow, max-snippet:-1, max-image-preview:large, max-video-preview:-1\" \/>\n<link rel=\"canonical\" href=\"https:\/\/ponteseditores.com.br\/loja3\/pontes-editores-home-2__trashed\/educacao\/literatura-brasileira-novas-possibilidades-escritos-discentes-de-literatura-brasileira\/\" \/>\n<meta property=\"og:locale\" content=\"pt_BR\" \/>\n<meta property=\"og:type\" content=\"article\" \/>\n<meta property=\"og:title\" content=\"Literatura brasileira: novas possibilidades escritos discentes de Literatura Brasileira - Pontes Editores\" \/>\n<meta property=\"og:description\" content=\"Este livro tem como objetivo apresentar as pesquisas dos alu\u00adnos da especialidade em Literatura Brasileira do Programa de P\u00f3s-gradua\u00e7\u00e3o em Letras da Universidade do Estado do Rio de Janeiro (UERJ). Considerando o car\u00e1ter especulativo como caracter\u00edstica fundamental dos estudos liter\u00e1rios, o livro apresenta novas interpreta\u00e7\u00f5es poss\u00edveis, desde as letras seiscentistas, at\u00e9 a fic\u00ad\u00e7\u00e3o ou a [&hellip;]\" \/>\n<meta property=\"og:url\" content=\"https:\/\/ponteseditores.com.br\/loja3\/pontes-editores-home-2__trashed\/educacao\/literatura-brasileira-novas-possibilidades-escritos-discentes-de-literatura-brasileira\/\" \/>\n<meta property=\"og:site_name\" content=\"Pontes Editores\" \/>\n<meta property=\"og:image\" content=\"https:\/\/ponteseditores.com.br\/loja3\/wp-content\/uploads\/2026\/04\/Capa_Literatura-Novas-Possibilidades.jpg\" \/>\n\t<meta property=\"og:image:width\" content=\"800\" \/>\n\t<meta property=\"og:image:height\" content=\"1159\" \/>\n\t<meta property=\"og:image:type\" content=\"image\/jpeg\" \/>\n<meta name=\"twitter:card\" content=\"summary_large_image\" \/>\n<meta name=\"twitter:label1\" content=\"Est. tempo de leitura\" \/>\n\t<meta name=\"twitter:data1\" content=\"1 minuto\" \/>\n<script type=\"application\/ld+json\" class=\"yoast-schema-graph\">{\"@context\":\"https:\\\/\\\/schema.org\",\"@graph\":[{\"@type\":\"WebPage\",\"@id\":\"https:\\\/\\\/ponteseditores.com.br\\\/loja3\\\/pontes-editores-home-2__trashed\\\/educacao\\\/literatura-brasileira-novas-possibilidades-escritos-discentes-de-literatura-brasileira\\\/\",\"url\":\"https:\\\/\\\/ponteseditores.com.br\\\/loja3\\\/pontes-editores-home-2__trashed\\\/educacao\\\/literatura-brasileira-novas-possibilidades-escritos-discentes-de-literatura-brasileira\\\/\",\"name\":\"Literatura brasileira: novas possibilidades escritos discentes de Literatura Brasileira - Pontes Editores\",\"isPartOf\":{\"@id\":\"https:\\\/\\\/ponteseditores.com.br\\\/loja3\\\/#website\"},\"primaryImageOfPage\":{\"@id\":\"https:\\\/\\\/ponteseditores.com.br\\\/loja3\\\/pontes-editores-home-2__trashed\\\/educacao\\\/literatura-brasileira-novas-possibilidades-escritos-discentes-de-literatura-brasileira\\\/#primaryimage\"},\"image\":{\"@id\":\"https:\\\/\\\/ponteseditores.com.br\\\/loja3\\\/pontes-editores-home-2__trashed\\\/educacao\\\/literatura-brasileira-novas-possibilidades-escritos-discentes-de-literatura-brasileira\\\/#primaryimage\"},\"thumbnailUrl\":\"https:\\\/\\\/ponteseditores.com.br\\\/loja3\\\/wp-content\\\/uploads\\\/2026\\\/04\\\/Capa_Literatura-Novas-Possibilidades.jpg\",\"datePublished\":\"2026-04-09T17:46:35+00:00\",\"breadcrumb\":{\"@id\":\"https:\\\/\\\/ponteseditores.com.br\\\/loja3\\\/pontes-editores-home-2__trashed\\\/educacao\\\/literatura-brasileira-novas-possibilidades-escritos-discentes-de-literatura-brasileira\\\/#breadcrumb\"},\"inLanguage\":\"pt-BR\",\"potentialAction\":[{\"@type\":\"ReadAction\",\"target\":[\"https:\\\/\\\/ponteseditores.com.br\\\/loja3\\\/pontes-editores-home-2__trashed\\\/educacao\\\/literatura-brasileira-novas-possibilidades-escritos-discentes-de-literatura-brasileira\\\/\"]}]},{\"@type\":\"ImageObject\",\"inLanguage\":\"pt-BR\",\"@id\":\"https:\\\/\\\/ponteseditores.com.br\\\/loja3\\\/pontes-editores-home-2__trashed\\\/educacao\\\/literatura-brasileira-novas-possibilidades-escritos-discentes-de-literatura-brasileira\\\/#primaryimage\",\"url\":\"https:\\\/\\\/ponteseditores.com.br\\\/loja3\\\/wp-content\\\/uploads\\\/2026\\\/04\\\/Capa_Literatura-Novas-Possibilidades.jpg\",\"contentUrl\":\"https:\\\/\\\/ponteseditores.com.br\\\/loja3\\\/wp-content\\\/uploads\\\/2026\\\/04\\\/Capa_Literatura-Novas-Possibilidades.jpg\",\"width\":800,\"height\":1159},{\"@type\":\"BreadcrumbList\",\"@id\":\"https:\\\/\\\/ponteseditores.com.br\\\/loja3\\\/pontes-editores-home-2__trashed\\\/educacao\\\/literatura-brasileira-novas-possibilidades-escritos-discentes-de-literatura-brasileira\\\/#breadcrumb\",\"itemListElement\":[{\"@type\":\"ListItem\",\"position\":1,\"name\":\"Home\",\"item\":\"https:\\\/\\\/ponteseditores.com.br\\\/loja3\\\/\"},{\"@type\":\"ListItem\",\"position\":2,\"name\":\"loja\",\"item\":\"https:\\\/\\\/ponteseditores.com.br\\\/loja3\\\/loja\\\/\"},{\"@type\":\"ListItem\",\"position\":3,\"name\":\"Literatura brasileira: novas possibilidades escritos discentes de Literatura Brasileira\"}]},{\"@type\":\"WebSite\",\"@id\":\"https:\\\/\\\/ponteseditores.com.br\\\/loja3\\\/#website\",\"url\":\"https:\\\/\\\/ponteseditores.com.br\\\/loja3\\\/\",\"name\":\"Pontes Editores\",\"description\":\"Pontes Editores\",\"publisher\":{\"@id\":\"https:\\\/\\\/ponteseditores.com.br\\\/loja3\\\/#organization\"},\"potentialAction\":[{\"@type\":\"SearchAction\",\"target\":{\"@type\":\"EntryPoint\",\"urlTemplate\":\"https:\\\/\\\/ponteseditores.com.br\\\/loja3\\\/?s={search_term_string}\"},\"query-input\":{\"@type\":\"PropertyValueSpecification\",\"valueRequired\":true,\"valueName\":\"search_term_string\"}}],\"inLanguage\":\"pt-BR\"},{\"@type\":\"Organization\",\"@id\":\"https:\\\/\\\/ponteseditores.com.br\\\/loja3\\\/#organization\",\"name\":\"Pontes Editores\",\"url\":\"https:\\\/\\\/ponteseditores.com.br\\\/loja3\\\/\",\"logo\":{\"@type\":\"ImageObject\",\"inLanguage\":\"pt-BR\",\"@id\":\"https:\\\/\\\/ponteseditores.com.br\\\/loja3\\\/#\\\/schema\\\/logo\\\/image\\\/\",\"url\":\"https:\\\/\\\/ponteseditores.com.br\\\/loja3\\\/wp-content\\\/uploads\\\/2023\\\/12\\\/logo-pontes-editores-v2.png\",\"contentUrl\":\"https:\\\/\\\/ponteseditores.com.br\\\/loja3\\\/wp-content\\\/uploads\\\/2023\\\/12\\\/logo-pontes-editores-v2.png\",\"width\":258,\"height\":100,\"caption\":\"Pontes Editores\"},\"image\":{\"@id\":\"https:\\\/\\\/ponteseditores.com.br\\\/loja3\\\/#\\\/schema\\\/logo\\\/image\\\/\"}}]}<\/script>\n<!-- \/ Yoast SEO plugin. -->","yoast_head_json":{"title":"Literatura brasileira: novas possibilidades escritos discentes de Literatura Brasileira - Pontes Editores","robots":{"index":"index","follow":"follow","max-snippet":"max-snippet:-1","max-image-preview":"max-image-preview:large","max-video-preview":"max-video-preview:-1"},"canonical":"https:\/\/ponteseditores.com.br\/loja3\/pontes-editores-home-2__trashed\/educacao\/literatura-brasileira-novas-possibilidades-escritos-discentes-de-literatura-brasileira\/","og_locale":"pt_BR","og_type":"article","og_title":"Literatura brasileira: novas possibilidades escritos discentes de Literatura Brasileira - Pontes Editores","og_description":"Este livro tem como objetivo apresentar as pesquisas dos alu\u00adnos da especialidade em Literatura Brasileira do Programa de P\u00f3s-gradua\u00e7\u00e3o em Letras da Universidade do Estado do Rio de Janeiro (UERJ). Considerando o car\u00e1ter especulativo como caracter\u00edstica fundamental dos estudos liter\u00e1rios, o livro apresenta novas interpreta\u00e7\u00f5es poss\u00edveis, desde as letras seiscentistas, at\u00e9 a fic\u00ad\u00e7\u00e3o ou a [&hellip;]","og_url":"https:\/\/ponteseditores.com.br\/loja3\/pontes-editores-home-2__trashed\/educacao\/literatura-brasileira-novas-possibilidades-escritos-discentes-de-literatura-brasileira\/","og_site_name":"Pontes Editores","og_image":[{"width":800,"height":1159,"url":"https:\/\/ponteseditores.com.br\/loja3\/wp-content\/uploads\/2026\/04\/Capa_Literatura-Novas-Possibilidades.jpg","type":"image\/jpeg"}],"twitter_card":"summary_large_image","twitter_misc":{"Est. tempo de leitura":"1 minuto"},"schema":{"@context":"https:\/\/schema.org","@graph":[{"@type":"WebPage","@id":"https:\/\/ponteseditores.com.br\/loja3\/pontes-editores-home-2__trashed\/educacao\/literatura-brasileira-novas-possibilidades-escritos-discentes-de-literatura-brasileira\/","url":"https:\/\/ponteseditores.com.br\/loja3\/pontes-editores-home-2__trashed\/educacao\/literatura-brasileira-novas-possibilidades-escritos-discentes-de-literatura-brasileira\/","name":"Literatura brasileira: novas possibilidades escritos discentes de Literatura Brasileira - Pontes Editores","isPartOf":{"@id":"https:\/\/ponteseditores.com.br\/loja3\/#website"},"primaryImageOfPage":{"@id":"https:\/\/ponteseditores.com.br\/loja3\/pontes-editores-home-2__trashed\/educacao\/literatura-brasileira-novas-possibilidades-escritos-discentes-de-literatura-brasileira\/#primaryimage"},"image":{"@id":"https:\/\/ponteseditores.com.br\/loja3\/pontes-editores-home-2__trashed\/educacao\/literatura-brasileira-novas-possibilidades-escritos-discentes-de-literatura-brasileira\/#primaryimage"},"thumbnailUrl":"https:\/\/ponteseditores.com.br\/loja3\/wp-content\/uploads\/2026\/04\/Capa_Literatura-Novas-Possibilidades.jpg","datePublished":"2026-04-09T17:46:35+00:00","breadcrumb":{"@id":"https:\/\/ponteseditores.com.br\/loja3\/pontes-editores-home-2__trashed\/educacao\/literatura-brasileira-novas-possibilidades-escritos-discentes-de-literatura-brasileira\/#breadcrumb"},"inLanguage":"pt-BR","potentialAction":[{"@type":"ReadAction","target":["https:\/\/ponteseditores.com.br\/loja3\/pontes-editores-home-2__trashed\/educacao\/literatura-brasileira-novas-possibilidades-escritos-discentes-de-literatura-brasileira\/"]}]},{"@type":"ImageObject","inLanguage":"pt-BR","@id":"https:\/\/ponteseditores.com.br\/loja3\/pontes-editores-home-2__trashed\/educacao\/literatura-brasileira-novas-possibilidades-escritos-discentes-de-literatura-brasileira\/#primaryimage","url":"https:\/\/ponteseditores.com.br\/loja3\/wp-content\/uploads\/2026\/04\/Capa_Literatura-Novas-Possibilidades.jpg","contentUrl":"https:\/\/ponteseditores.com.br\/loja3\/wp-content\/uploads\/2026\/04\/Capa_Literatura-Novas-Possibilidades.jpg","width":800,"height":1159},{"@type":"BreadcrumbList","@id":"https:\/\/ponteseditores.com.br\/loja3\/pontes-editores-home-2__trashed\/educacao\/literatura-brasileira-novas-possibilidades-escritos-discentes-de-literatura-brasileira\/#breadcrumb","itemListElement":[{"@type":"ListItem","position":1,"name":"Home","item":"https:\/\/ponteseditores.com.br\/loja3\/"},{"@type":"ListItem","position":2,"name":"loja","item":"https:\/\/ponteseditores.com.br\/loja3\/loja\/"},{"@type":"ListItem","position":3,"name":"Literatura brasileira: novas possibilidades escritos discentes de Literatura Brasileira"}]},{"@type":"WebSite","@id":"https:\/\/ponteseditores.com.br\/loja3\/#website","url":"https:\/\/ponteseditores.com.br\/loja3\/","name":"Pontes Editores","description":"Pontes Editores","publisher":{"@id":"https:\/\/ponteseditores.com.br\/loja3\/#organization"},"potentialAction":[{"@type":"SearchAction","target":{"@type":"EntryPoint","urlTemplate":"https:\/\/ponteseditores.com.br\/loja3\/?s={search_term_string}"},"query-input":{"@type":"PropertyValueSpecification","valueRequired":true,"valueName":"search_term_string"}}],"inLanguage":"pt-BR"},{"@type":"Organization","@id":"https:\/\/ponteseditores.com.br\/loja3\/#organization","name":"Pontes Editores","url":"https:\/\/ponteseditores.com.br\/loja3\/","logo":{"@type":"ImageObject","inLanguage":"pt-BR","@id":"https:\/\/ponteseditores.com.br\/loja3\/#\/schema\/logo\/image\/","url":"https:\/\/ponteseditores.com.br\/loja3\/wp-content\/uploads\/2023\/12\/logo-pontes-editores-v2.png","contentUrl":"https:\/\/ponteseditores.com.br\/loja3\/wp-content\/uploads\/2023\/12\/logo-pontes-editores-v2.png","width":258,"height":100,"caption":"Pontes Editores"},"image":{"@id":"https:\/\/ponteseditores.com.br\/loja3\/#\/schema\/logo\/image\/"}}]}},"_links":{"self":[{"href":"https:\/\/ponteseditores.com.br\/loja3\/wp-json\/wp\/v2\/product\/39203","targetHints":{"allow":["GET"]}}],"collection":[{"href":"https:\/\/ponteseditores.com.br\/loja3\/wp-json\/wp\/v2\/product"}],"about":[{"href":"https:\/\/ponteseditores.com.br\/loja3\/wp-json\/wp\/v2\/types\/product"}],"replies":[{"embeddable":true,"href":"https:\/\/ponteseditores.com.br\/loja3\/wp-json\/wp\/v2\/comments?post=39203"}],"version-history":[{"count":1,"href":"https:\/\/ponteseditores.com.br\/loja3\/wp-json\/wp\/v2\/product\/39203\/revisions"}],"predecessor-version":[{"id":39205,"href":"https:\/\/ponteseditores.com.br\/loja3\/wp-json\/wp\/v2\/product\/39203\/revisions\/39205"}],"wp:featuredmedia":[{"embeddable":true,"href":"https:\/\/ponteseditores.com.br\/loja3\/wp-json\/wp\/v2\/media\/39204"}],"wp:attachment":[{"href":"https:\/\/ponteseditores.com.br\/loja3\/wp-json\/wp\/v2\/media?parent=39203"}],"wp:term":[{"taxonomy":"product_brand","embeddable":true,"href":"https:\/\/ponteseditores.com.br\/loja3\/wp-json\/wp\/v2\/product_brand?post=39203"},{"taxonomy":"product_cat","embeddable":true,"href":"https:\/\/ponteseditores.com.br\/loja3\/wp-json\/wp\/v2\/product_cat?post=39203"},{"taxonomy":"product_tag","embeddable":true,"href":"https:\/\/ponteseditores.com.br\/loja3\/wp-json\/wp\/v2\/product_tag?post=39203"}],"curies":[{"name":"wp","href":"https:\/\/api.w.org\/{rel}","templated":true}]}}