{"id":39197,"date":"2026-04-09T14:39:33","date_gmt":"2026-04-09T17:39:33","guid":{"rendered":"https:\/\/ponteseditores.com.br\/loja3\/?post_type=product&#038;p=39197"},"modified":"2026-04-09T14:39:34","modified_gmt":"2026-04-09T17:39:34","slug":"a-trajetoria-evolutiva-da-educacao-em-resende-nos-ultimos-oitenta-anos-1944-2024","status":"publish","type":"product","link":"https:\/\/ponteseditores.com.br\/loja3\/pontes-editores-home-2__trashed\/educacao\/a-trajetoria-evolutiva-da-educacao-em-resende-nos-ultimos-oitenta-anos-1944-2024\/","title":{"rendered":"A trajet\u00f3ria evolutiva da Educa\u00e7\u00e3o em Resende nos \u00faltimos oitenta anos (1944-2024)"},"content":{"rendered":"<p>Como disse o poeta Jo\u00e3o Cabral de Melo Neto \u201cum galo sozinho n\u00e3o tece uma manh\u00e3. Ele precisar\u00e1 sempre de outros galos. De um que apanhe esse grito e o lance a outro e assim essa teia v\u00e1 se tecendo entre todos os galos criando a manh\u00e3&#8230;\u201d. Assim foi feito neste livro que tem como prop\u00f3sito descrever a trajet\u00f3ria da educa\u00e7\u00e3o municipal de Resende\/RJ no per\u00edodo de 1944 e 2024.<\/p>\n<p>O per\u00edodo escolhido \u00e9 cont\u00ednuo \u00e0 hist\u00f3ria educacional resendense escrita por A.J. Bragan\u00e7a (pseud\u00f4nimo do Professor Oswaldo da Rocha Cam\u00f5es) no \u201cAlmanaque do O Municipal &#8211; \u00d3rg\u00e3o de Defesa dos Interesses de Resende\u201d, no ano do \u201cDucent\u00e9simo Anivers\u00e1rio de Resende &#8211; 1944\u201d.<\/p>\n<p>Na nova pesquisa realizada, nota-se o qu\u00e3o o resendense lutou por uma educa\u00e7\u00e3o de qualidade para a sua cidade que \u00e9 o caminho para o desenvolvimento e para a justi\u00e7a social desta localidade e mesmo do pa\u00eds.<\/p>\n<p>Esse trabalho ressalta as contribui\u00e7\u00f5es de outros estudiosos sobre o tema da educa\u00e7\u00e3o municipal. Conversamos, entrevistamos, pesquisamos em jornais, livros, publica\u00e7\u00f5es e o resultado foi acalentador.<\/p>\n<p>Este \u00e9 um livro para a mem\u00f3ria de Resende, mem\u00f3ria do interior no nosso estado do Rio de Janeiro e mem\u00f3ria do nosso povo e da nossa gente. Esmiu\u00e7amos a hist\u00f3ria das Unidades Escolares que funcionavam e funcionam em Resende e, em especial, a atua\u00e7\u00e3o dos diretores e secret\u00e1rios municipais de educa\u00e7\u00e3o.<\/p>\n<p>N\u00e3o buscamos, em nenhuma hip\u00f3tese, passar a ideia de trabalho findo, terminado. Documentar \u00e9 um desafio. Acreditamos que, ao ler este livro, a sociedade entender\u00e1 a import\u00e2ncia do registro documental de suas a\u00e7\u00f5es. Para os pr\u00f3ximos galos tecerem as novas manh\u00e3s.<\/p>\n","protected":false},"excerpt":{"rendered":"<p>Como disse o poeta Jo\u00e3o Cabral de Melo Neto \u201cum galo sozinho n\u00e3o tece uma manh\u00e3. Ele precisar\u00e1 sempre de outros galos. De um que apanhe esse grito e o lance a outro e assim essa teia v\u00e1 se tecendo entre todos os galos criando a manh\u00e3&#8230;\u201d. Assim foi feito neste livro que tem como [&hellip;]<\/p>\n","protected":false},"featured_media":39198,"comment_status":"open","ping_status":"closed","template":"","meta":{"_joinchat":[]},"product_brand":[],"product_cat":[97,167],"product_tag":[],"class_list":{"0":"post-39197","1":"product","2":"type-product","3":"status-publish","4":"has-post-thumbnail","6":"product_cat-educacao","7":"product_cat-lancamento","9":"first","10":"instock","11":"shipping-taxable","12":"purchasable","13":"product-type-simple"},"yoast_head":"<!-- This site is optimized with the Yoast SEO plugin v27.3 - https:\/\/yoast.com\/product\/yoast-seo-wordpress\/ -->\n<title>A trajet\u00f3ria evolutiva da Educa\u00e7\u00e3o em Resende nos \u00faltimos oitenta anos (1944-2024) - Pontes Editores<\/title>\n<meta name=\"robots\" content=\"index, follow, max-snippet:-1, max-image-preview:large, max-video-preview:-1\" \/>\n<link rel=\"canonical\" href=\"https:\/\/ponteseditores.com.br\/loja3\/pontes-editores-home-2__trashed\/educacao\/a-trajetoria-evolutiva-da-educacao-em-resende-nos-ultimos-oitenta-anos-1944-2024\/\" \/>\n<meta property=\"og:locale\" content=\"pt_BR\" \/>\n<meta property=\"og:type\" content=\"article\" \/>\n<meta property=\"og:title\" content=\"A trajet\u00f3ria evolutiva da Educa\u00e7\u00e3o em Resende nos \u00faltimos oitenta anos (1944-2024) - Pontes Editores\" \/>\n<meta property=\"og:description\" content=\"Como disse o poeta Jo\u00e3o Cabral de Melo Neto \u201cum galo sozinho n\u00e3o tece uma manh\u00e3. Ele precisar\u00e1 sempre de outros galos. De um que apanhe esse grito e o lance a outro e assim essa teia v\u00e1 se tecendo entre todos os galos criando a manh\u00e3&#8230;\u201d. Assim foi feito neste livro que tem como [&hellip;]\" \/>\n<meta property=\"og:url\" content=\"https:\/\/ponteseditores.com.br\/loja3\/pontes-editores-home-2__trashed\/educacao\/a-trajetoria-evolutiva-da-educacao-em-resende-nos-ultimos-oitenta-anos-1944-2024\/\" \/>\n<meta property=\"og:site_name\" content=\"Pontes Editores\" \/>\n<meta property=\"article:modified_time\" content=\"2026-04-09T17:39:34+00:00\" \/>\n<meta property=\"og:image\" content=\"https:\/\/ponteseditores.com.br\/loja3\/wp-content\/uploads\/2026\/04\/Capa_Trajetoria-evolutiva.jpg\" \/>\n\t<meta property=\"og:image:width\" content=\"800\" \/>\n\t<meta property=\"og:image:height\" content=\"1159\" \/>\n\t<meta property=\"og:image:type\" content=\"image\/jpeg\" \/>\n<meta name=\"twitter:card\" content=\"summary_large_image\" \/>\n<meta name=\"twitter:label1\" content=\"Est. tempo de leitura\" \/>\n\t<meta name=\"twitter:data1\" content=\"2 minutos\" \/>\n<script type=\"application\/ld+json\" class=\"yoast-schema-graph\">{\"@context\":\"https:\\\/\\\/schema.org\",\"@graph\":[{\"@type\":\"WebPage\",\"@id\":\"https:\\\/\\\/ponteseditores.com.br\\\/loja3\\\/pontes-editores-home-2__trashed\\\/educacao\\\/a-trajetoria-evolutiva-da-educacao-em-resende-nos-ultimos-oitenta-anos-1944-2024\\\/\",\"url\":\"https:\\\/\\\/ponteseditores.com.br\\\/loja3\\\/pontes-editores-home-2__trashed\\\/educacao\\\/a-trajetoria-evolutiva-da-educacao-em-resende-nos-ultimos-oitenta-anos-1944-2024\\\/\",\"name\":\"A trajet\u00f3ria evolutiva da Educa\u00e7\u00e3o em Resende nos \u00faltimos oitenta anos (1944-2024) - Pontes Editores\",\"isPartOf\":{\"@id\":\"https:\\\/\\\/ponteseditores.com.br\\\/loja3\\\/#website\"},\"primaryImageOfPage\":{\"@id\":\"https:\\\/\\\/ponteseditores.com.br\\\/loja3\\\/pontes-editores-home-2__trashed\\\/educacao\\\/a-trajetoria-evolutiva-da-educacao-em-resende-nos-ultimos-oitenta-anos-1944-2024\\\/#primaryimage\"},\"image\":{\"@id\":\"https:\\\/\\\/ponteseditores.com.br\\\/loja3\\\/pontes-editores-home-2__trashed\\\/educacao\\\/a-trajetoria-evolutiva-da-educacao-em-resende-nos-ultimos-oitenta-anos-1944-2024\\\/#primaryimage\"},\"thumbnailUrl\":\"https:\\\/\\\/ponteseditores.com.br\\\/loja3\\\/wp-content\\\/uploads\\\/2026\\\/04\\\/Capa_Trajetoria-evolutiva.jpg\",\"datePublished\":\"2026-04-09T17:39:33+00:00\",\"dateModified\":\"2026-04-09T17:39:34+00:00\",\"breadcrumb\":{\"@id\":\"https:\\\/\\\/ponteseditores.com.br\\\/loja3\\\/pontes-editores-home-2__trashed\\\/educacao\\\/a-trajetoria-evolutiva-da-educacao-em-resende-nos-ultimos-oitenta-anos-1944-2024\\\/#breadcrumb\"},\"inLanguage\":\"pt-BR\",\"potentialAction\":[{\"@type\":\"ReadAction\",\"target\":[\"https:\\\/\\\/ponteseditores.com.br\\\/loja3\\\/pontes-editores-home-2__trashed\\\/educacao\\\/a-trajetoria-evolutiva-da-educacao-em-resende-nos-ultimos-oitenta-anos-1944-2024\\\/\"]}]},{\"@type\":\"ImageObject\",\"inLanguage\":\"pt-BR\",\"@id\":\"https:\\\/\\\/ponteseditores.com.br\\\/loja3\\\/pontes-editores-home-2__trashed\\\/educacao\\\/a-trajetoria-evolutiva-da-educacao-em-resende-nos-ultimos-oitenta-anos-1944-2024\\\/#primaryimage\",\"url\":\"https:\\\/\\\/ponteseditores.com.br\\\/loja3\\\/wp-content\\\/uploads\\\/2026\\\/04\\\/Capa_Trajetoria-evolutiva.jpg\",\"contentUrl\":\"https:\\\/\\\/ponteseditores.com.br\\\/loja3\\\/wp-content\\\/uploads\\\/2026\\\/04\\\/Capa_Trajetoria-evolutiva.jpg\",\"width\":800,\"height\":1159},{\"@type\":\"BreadcrumbList\",\"@id\":\"https:\\\/\\\/ponteseditores.com.br\\\/loja3\\\/pontes-editores-home-2__trashed\\\/educacao\\\/a-trajetoria-evolutiva-da-educacao-em-resende-nos-ultimos-oitenta-anos-1944-2024\\\/#breadcrumb\",\"itemListElement\":[{\"@type\":\"ListItem\",\"position\":1,\"name\":\"Home\",\"item\":\"https:\\\/\\\/ponteseditores.com.br\\\/loja3\\\/\"},{\"@type\":\"ListItem\",\"position\":2,\"name\":\"loja\",\"item\":\"https:\\\/\\\/ponteseditores.com.br\\\/loja3\\\/loja\\\/\"},{\"@type\":\"ListItem\",\"position\":3,\"name\":\"A trajet\u00f3ria evolutiva da Educa\u00e7\u00e3o em Resende nos \u00faltimos oitenta anos (1944-2024)\"}]},{\"@type\":\"WebSite\",\"@id\":\"https:\\\/\\\/ponteseditores.com.br\\\/loja3\\\/#website\",\"url\":\"https:\\\/\\\/ponteseditores.com.br\\\/loja3\\\/\",\"name\":\"Pontes Editores\",\"description\":\"Pontes Editores\",\"publisher\":{\"@id\":\"https:\\\/\\\/ponteseditores.com.br\\\/loja3\\\/#organization\"},\"potentialAction\":[{\"@type\":\"SearchAction\",\"target\":{\"@type\":\"EntryPoint\",\"urlTemplate\":\"https:\\\/\\\/ponteseditores.com.br\\\/loja3\\\/?s={search_term_string}\"},\"query-input\":{\"@type\":\"PropertyValueSpecification\",\"valueRequired\":true,\"valueName\":\"search_term_string\"}}],\"inLanguage\":\"pt-BR\"},{\"@type\":\"Organization\",\"@id\":\"https:\\\/\\\/ponteseditores.com.br\\\/loja3\\\/#organization\",\"name\":\"Pontes Editores\",\"url\":\"https:\\\/\\\/ponteseditores.com.br\\\/loja3\\\/\",\"logo\":{\"@type\":\"ImageObject\",\"inLanguage\":\"pt-BR\",\"@id\":\"https:\\\/\\\/ponteseditores.com.br\\\/loja3\\\/#\\\/schema\\\/logo\\\/image\\\/\",\"url\":\"https:\\\/\\\/ponteseditores.com.br\\\/loja3\\\/wp-content\\\/uploads\\\/2023\\\/12\\\/logo-pontes-editores-v2.png\",\"contentUrl\":\"https:\\\/\\\/ponteseditores.com.br\\\/loja3\\\/wp-content\\\/uploads\\\/2023\\\/12\\\/logo-pontes-editores-v2.png\",\"width\":258,\"height\":100,\"caption\":\"Pontes Editores\"},\"image\":{\"@id\":\"https:\\\/\\\/ponteseditores.com.br\\\/loja3\\\/#\\\/schema\\\/logo\\\/image\\\/\"}}]}<\/script>\n<!-- \/ Yoast SEO plugin. -->","yoast_head_json":{"title":"A trajet\u00f3ria evolutiva da Educa\u00e7\u00e3o em Resende nos \u00faltimos oitenta anos (1944-2024) - Pontes Editores","robots":{"index":"index","follow":"follow","max-snippet":"max-snippet:-1","max-image-preview":"max-image-preview:large","max-video-preview":"max-video-preview:-1"},"canonical":"https:\/\/ponteseditores.com.br\/loja3\/pontes-editores-home-2__trashed\/educacao\/a-trajetoria-evolutiva-da-educacao-em-resende-nos-ultimos-oitenta-anos-1944-2024\/","og_locale":"pt_BR","og_type":"article","og_title":"A trajet\u00f3ria evolutiva da Educa\u00e7\u00e3o em Resende nos \u00faltimos oitenta anos (1944-2024) - Pontes Editores","og_description":"Como disse o poeta Jo\u00e3o Cabral de Melo Neto \u201cum galo sozinho n\u00e3o tece uma manh\u00e3. Ele precisar\u00e1 sempre de outros galos. De um que apanhe esse grito e o lance a outro e assim essa teia v\u00e1 se tecendo entre todos os galos criando a manh\u00e3&#8230;\u201d. Assim foi feito neste livro que tem como [&hellip;]","og_url":"https:\/\/ponteseditores.com.br\/loja3\/pontes-editores-home-2__trashed\/educacao\/a-trajetoria-evolutiva-da-educacao-em-resende-nos-ultimos-oitenta-anos-1944-2024\/","og_site_name":"Pontes Editores","article_modified_time":"2026-04-09T17:39:34+00:00","og_image":[{"width":800,"height":1159,"url":"https:\/\/ponteseditores.com.br\/loja3\/wp-content\/uploads\/2026\/04\/Capa_Trajetoria-evolutiva.jpg","type":"image\/jpeg"}],"twitter_card":"summary_large_image","twitter_misc":{"Est. tempo de leitura":"2 minutos"},"schema":{"@context":"https:\/\/schema.org","@graph":[{"@type":"WebPage","@id":"https:\/\/ponteseditores.com.br\/loja3\/pontes-editores-home-2__trashed\/educacao\/a-trajetoria-evolutiva-da-educacao-em-resende-nos-ultimos-oitenta-anos-1944-2024\/","url":"https:\/\/ponteseditores.com.br\/loja3\/pontes-editores-home-2__trashed\/educacao\/a-trajetoria-evolutiva-da-educacao-em-resende-nos-ultimos-oitenta-anos-1944-2024\/","name":"A trajet\u00f3ria evolutiva da Educa\u00e7\u00e3o em Resende nos \u00faltimos oitenta anos (1944-2024) - Pontes Editores","isPartOf":{"@id":"https:\/\/ponteseditores.com.br\/loja3\/#website"},"primaryImageOfPage":{"@id":"https:\/\/ponteseditores.com.br\/loja3\/pontes-editores-home-2__trashed\/educacao\/a-trajetoria-evolutiva-da-educacao-em-resende-nos-ultimos-oitenta-anos-1944-2024\/#primaryimage"},"image":{"@id":"https:\/\/ponteseditores.com.br\/loja3\/pontes-editores-home-2__trashed\/educacao\/a-trajetoria-evolutiva-da-educacao-em-resende-nos-ultimos-oitenta-anos-1944-2024\/#primaryimage"},"thumbnailUrl":"https:\/\/ponteseditores.com.br\/loja3\/wp-content\/uploads\/2026\/04\/Capa_Trajetoria-evolutiva.jpg","datePublished":"2026-04-09T17:39:33+00:00","dateModified":"2026-04-09T17:39:34+00:00","breadcrumb":{"@id":"https:\/\/ponteseditores.com.br\/loja3\/pontes-editores-home-2__trashed\/educacao\/a-trajetoria-evolutiva-da-educacao-em-resende-nos-ultimos-oitenta-anos-1944-2024\/#breadcrumb"},"inLanguage":"pt-BR","potentialAction":[{"@type":"ReadAction","target":["https:\/\/ponteseditores.com.br\/loja3\/pontes-editores-home-2__trashed\/educacao\/a-trajetoria-evolutiva-da-educacao-em-resende-nos-ultimos-oitenta-anos-1944-2024\/"]}]},{"@type":"ImageObject","inLanguage":"pt-BR","@id":"https:\/\/ponteseditores.com.br\/loja3\/pontes-editores-home-2__trashed\/educacao\/a-trajetoria-evolutiva-da-educacao-em-resende-nos-ultimos-oitenta-anos-1944-2024\/#primaryimage","url":"https:\/\/ponteseditores.com.br\/loja3\/wp-content\/uploads\/2026\/04\/Capa_Trajetoria-evolutiva.jpg","contentUrl":"https:\/\/ponteseditores.com.br\/loja3\/wp-content\/uploads\/2026\/04\/Capa_Trajetoria-evolutiva.jpg","width":800,"height":1159},{"@type":"BreadcrumbList","@id":"https:\/\/ponteseditores.com.br\/loja3\/pontes-editores-home-2__trashed\/educacao\/a-trajetoria-evolutiva-da-educacao-em-resende-nos-ultimos-oitenta-anos-1944-2024\/#breadcrumb","itemListElement":[{"@type":"ListItem","position":1,"name":"Home","item":"https:\/\/ponteseditores.com.br\/loja3\/"},{"@type":"ListItem","position":2,"name":"loja","item":"https:\/\/ponteseditores.com.br\/loja3\/loja\/"},{"@type":"ListItem","position":3,"name":"A trajet\u00f3ria evolutiva da Educa\u00e7\u00e3o em Resende nos \u00faltimos oitenta anos (1944-2024)"}]},{"@type":"WebSite","@id":"https:\/\/ponteseditores.com.br\/loja3\/#website","url":"https:\/\/ponteseditores.com.br\/loja3\/","name":"Pontes Editores","description":"Pontes Editores","publisher":{"@id":"https:\/\/ponteseditores.com.br\/loja3\/#organization"},"potentialAction":[{"@type":"SearchAction","target":{"@type":"EntryPoint","urlTemplate":"https:\/\/ponteseditores.com.br\/loja3\/?s={search_term_string}"},"query-input":{"@type":"PropertyValueSpecification","valueRequired":true,"valueName":"search_term_string"}}],"inLanguage":"pt-BR"},{"@type":"Organization","@id":"https:\/\/ponteseditores.com.br\/loja3\/#organization","name":"Pontes Editores","url":"https:\/\/ponteseditores.com.br\/loja3\/","logo":{"@type":"ImageObject","inLanguage":"pt-BR","@id":"https:\/\/ponteseditores.com.br\/loja3\/#\/schema\/logo\/image\/","url":"https:\/\/ponteseditores.com.br\/loja3\/wp-content\/uploads\/2023\/12\/logo-pontes-editores-v2.png","contentUrl":"https:\/\/ponteseditores.com.br\/loja3\/wp-content\/uploads\/2023\/12\/logo-pontes-editores-v2.png","width":258,"height":100,"caption":"Pontes Editores"},"image":{"@id":"https:\/\/ponteseditores.com.br\/loja3\/#\/schema\/logo\/image\/"}}]}},"_links":{"self":[{"href":"https:\/\/ponteseditores.com.br\/loja3\/wp-json\/wp\/v2\/product\/39197","targetHints":{"allow":["GET"]}}],"collection":[{"href":"https:\/\/ponteseditores.com.br\/loja3\/wp-json\/wp\/v2\/product"}],"about":[{"href":"https:\/\/ponteseditores.com.br\/loja3\/wp-json\/wp\/v2\/types\/product"}],"replies":[{"embeddable":true,"href":"https:\/\/ponteseditores.com.br\/loja3\/wp-json\/wp\/v2\/comments?post=39197"}],"version-history":[{"count":1,"href":"https:\/\/ponteseditores.com.br\/loja3\/wp-json\/wp\/v2\/product\/39197\/revisions"}],"predecessor-version":[{"id":39199,"href":"https:\/\/ponteseditores.com.br\/loja3\/wp-json\/wp\/v2\/product\/39197\/revisions\/39199"}],"wp:featuredmedia":[{"embeddable":true,"href":"https:\/\/ponteseditores.com.br\/loja3\/wp-json\/wp\/v2\/media\/39198"}],"wp:attachment":[{"href":"https:\/\/ponteseditores.com.br\/loja3\/wp-json\/wp\/v2\/media?parent=39197"}],"wp:term":[{"taxonomy":"product_brand","embeddable":true,"href":"https:\/\/ponteseditores.com.br\/loja3\/wp-json\/wp\/v2\/product_brand?post=39197"},{"taxonomy":"product_cat","embeddable":true,"href":"https:\/\/ponteseditores.com.br\/loja3\/wp-json\/wp\/v2\/product_cat?post=39197"},{"taxonomy":"product_tag","embeddable":true,"href":"https:\/\/ponteseditores.com.br\/loja3\/wp-json\/wp\/v2\/product_tag?post=39197"}],"curies":[{"name":"wp","href":"https:\/\/api.w.org\/{rel}","templated":true}]}}