{"id":39191,"date":"2026-04-09T14:33:52","date_gmt":"2026-04-09T17:33:52","guid":{"rendered":"https:\/\/ponteseditores.com.br\/loja3\/?post_type=product&#038;p=39191"},"modified":"2026-04-09T14:33:52","modified_gmt":"2026-04-09T17:33:52","slug":"nao-queremos-carne-de-covardes-ensaios-sobre-justica-socioambiental-diversidade-linguistica-e-educacao","status":"publish","type":"product","link":"https:\/\/ponteseditores.com.br\/loja3\/pontes-editores-home-2__trashed\/linguistica\/nao-queremos-carne-de-covardes-ensaios-sobre-justica-socioambiental-diversidade-linguistica-e-educacao\/","title":{"rendered":"N\u00e3o queremos carne de covardes: ensaios sobre justi\u00e7a socioambiental, diversidade lingu\u00edstica e educa\u00e7\u00e3o"},"content":{"rendered":"<p>Os povos tradicionais do continente sul-americano \u2013 ind\u00edgenas, quilombolas, ribeirinhos, cai\u00e7aras, entre muitos outros \u2013 t\u00eam seus modos de vida continuamente amea\u00e7ados pelo avan\u00e7o do capitalismo industrial e pela crise clim\u00e1tica que \u00e9 efeito deste. Sem presumir que estejam presos ao passado, esses grupos experimentam, n\u00e3o obstante, contradi\u00e7\u00f5es e tensionamentos no conv\u00edvio com a sociedade circundante. Entre a preserva\u00e7\u00e3o da identidade e a participa\u00e7\u00e3o no devir hist\u00f3rico, levantam-se quest\u00f5es dif\u00edceis para sua autogest\u00e3o.<\/p>\n<p>Os ensaios reunidos nesta colet\u00e2nea interessam-se por diferentes facetas dessa problem\u00e1tica, dando seu contributo para o reconhecimento de culturas tradicionais sul-americanas como elementos constitutivos daquilo que nos torna filhos deste continente \u2013 sem esquecer, tamb\u00e9m, suas matrizes africanas. Busca-se, outrossim, construir saberes e pr\u00e1ticas que n\u00e3o cessem de se inscrever no mundo moderno, um mundo de cuja inven\u00e7\u00e3o reivindicamos o direito de participar, e no qual desejamos ver as marcas dessa ancestralidade.<\/p>\n<p>Esses saberes encontram-se em di\u00e1logo com os modos de vida das sociedades cient\u00edfico-industriais e n\u00e3o necessariamente se op\u00f5em a eles na forma de um dilema, uma necessidade de escolher entre dois mundos \u2013 mas n\u00e3o h\u00e1 d\u00favida de que estabelecem conflitos com elas e tra\u00e7am caminhos marcados pelo paradoxo e pela ambival\u00eancia.<\/p>\n","protected":false},"excerpt":{"rendered":"<p>Os povos tradicionais do continente sul-americano \u2013 ind\u00edgenas, quilombolas, ribeirinhos, cai\u00e7aras, entre muitos outros \u2013 t\u00eam seus modos de vida continuamente amea\u00e7ados pelo avan\u00e7o do capitalismo industrial e pela crise clim\u00e1tica que \u00e9 efeito deste. Sem presumir que estejam presos ao passado, esses grupos experimentam, n\u00e3o obstante, contradi\u00e7\u00f5es e tensionamentos no conv\u00edvio com a sociedade [&hellip;]<\/p>\n","protected":false},"featured_media":39192,"comment_status":"open","ping_status":"closed","template":"","meta":{"_joinchat":[]},"product_brand":[],"product_cat":[167,31],"product_tag":[],"class_list":{"0":"post-39191","1":"product","2":"type-product","3":"status-publish","4":"has-post-thumbnail","6":"product_cat-lancamento","7":"product_cat-linguistica","9":"first","10":"instock","11":"shipping-taxable","12":"purchasable","13":"product-type-simple"},"yoast_head":"<!-- This site is optimized with the Yoast SEO plugin v27.3 - https:\/\/yoast.com\/product\/yoast-seo-wordpress\/ -->\n<title>N\u00e3o queremos carne de covardes: ensaios sobre justi\u00e7a socioambiental, diversidade lingu\u00edstica e educa\u00e7\u00e3o - Pontes Editores<\/title>\n<meta name=\"robots\" content=\"index, follow, max-snippet:-1, max-image-preview:large, max-video-preview:-1\" \/>\n<link rel=\"canonical\" href=\"https:\/\/ponteseditores.com.br\/loja3\/pontes-editores-home-2__trashed\/linguistica\/nao-queremos-carne-de-covardes-ensaios-sobre-justica-socioambiental-diversidade-linguistica-e-educacao\/\" \/>\n<meta property=\"og:locale\" content=\"pt_BR\" \/>\n<meta property=\"og:type\" content=\"article\" \/>\n<meta property=\"og:title\" content=\"N\u00e3o queremos carne de covardes: ensaios sobre justi\u00e7a socioambiental, diversidade lingu\u00edstica e educa\u00e7\u00e3o - Pontes Editores\" \/>\n<meta property=\"og:description\" content=\"Os povos tradicionais do continente sul-americano \u2013 ind\u00edgenas, quilombolas, ribeirinhos, cai\u00e7aras, entre muitos outros \u2013 t\u00eam seus modos de vida continuamente amea\u00e7ados pelo avan\u00e7o do capitalismo industrial e pela crise clim\u00e1tica que \u00e9 efeito deste. Sem presumir que estejam presos ao passado, esses grupos experimentam, n\u00e3o obstante, contradi\u00e7\u00f5es e tensionamentos no conv\u00edvio com a sociedade [&hellip;]\" \/>\n<meta property=\"og:url\" content=\"https:\/\/ponteseditores.com.br\/loja3\/pontes-editores-home-2__trashed\/linguistica\/nao-queremos-carne-de-covardes-ensaios-sobre-justica-socioambiental-diversidade-linguistica-e-educacao\/\" \/>\n<meta property=\"og:site_name\" content=\"Pontes Editores\" \/>\n<meta property=\"og:image\" content=\"https:\/\/ponteseditores.com.br\/loja3\/wp-content\/uploads\/2026\/04\/Capa_Nao-queremos-carne.jpg\" \/>\n\t<meta property=\"og:image:width\" content=\"800\" \/>\n\t<meta property=\"og:image:height\" content=\"1159\" \/>\n\t<meta property=\"og:image:type\" content=\"image\/jpeg\" \/>\n<meta name=\"twitter:card\" content=\"summary_large_image\" \/>\n<meta name=\"twitter:label1\" content=\"Est. tempo de leitura\" \/>\n\t<meta name=\"twitter:data1\" content=\"2 minutos\" \/>\n<script type=\"application\/ld+json\" class=\"yoast-schema-graph\">{\"@context\":\"https:\\\/\\\/schema.org\",\"@graph\":[{\"@type\":\"WebPage\",\"@id\":\"https:\\\/\\\/ponteseditores.com.br\\\/loja3\\\/pontes-editores-home-2__trashed\\\/linguistica\\\/nao-queremos-carne-de-covardes-ensaios-sobre-justica-socioambiental-diversidade-linguistica-e-educacao\\\/\",\"url\":\"https:\\\/\\\/ponteseditores.com.br\\\/loja3\\\/pontes-editores-home-2__trashed\\\/linguistica\\\/nao-queremos-carne-de-covardes-ensaios-sobre-justica-socioambiental-diversidade-linguistica-e-educacao\\\/\",\"name\":\"N\u00e3o queremos carne de covardes: ensaios sobre justi\u00e7a socioambiental, diversidade lingu\u00edstica e educa\u00e7\u00e3o - Pontes Editores\",\"isPartOf\":{\"@id\":\"https:\\\/\\\/ponteseditores.com.br\\\/loja3\\\/#website\"},\"primaryImageOfPage\":{\"@id\":\"https:\\\/\\\/ponteseditores.com.br\\\/loja3\\\/pontes-editores-home-2__trashed\\\/linguistica\\\/nao-queremos-carne-de-covardes-ensaios-sobre-justica-socioambiental-diversidade-linguistica-e-educacao\\\/#primaryimage\"},\"image\":{\"@id\":\"https:\\\/\\\/ponteseditores.com.br\\\/loja3\\\/pontes-editores-home-2__trashed\\\/linguistica\\\/nao-queremos-carne-de-covardes-ensaios-sobre-justica-socioambiental-diversidade-linguistica-e-educacao\\\/#primaryimage\"},\"thumbnailUrl\":\"https:\\\/\\\/ponteseditores.com.br\\\/loja3\\\/wp-content\\\/uploads\\\/2026\\\/04\\\/Capa_Nao-queremos-carne.jpg\",\"datePublished\":\"2026-04-09T17:33:52+00:00\",\"breadcrumb\":{\"@id\":\"https:\\\/\\\/ponteseditores.com.br\\\/loja3\\\/pontes-editores-home-2__trashed\\\/linguistica\\\/nao-queremos-carne-de-covardes-ensaios-sobre-justica-socioambiental-diversidade-linguistica-e-educacao\\\/#breadcrumb\"},\"inLanguage\":\"pt-BR\",\"potentialAction\":[{\"@type\":\"ReadAction\",\"target\":[\"https:\\\/\\\/ponteseditores.com.br\\\/loja3\\\/pontes-editores-home-2__trashed\\\/linguistica\\\/nao-queremos-carne-de-covardes-ensaios-sobre-justica-socioambiental-diversidade-linguistica-e-educacao\\\/\"]}]},{\"@type\":\"ImageObject\",\"inLanguage\":\"pt-BR\",\"@id\":\"https:\\\/\\\/ponteseditores.com.br\\\/loja3\\\/pontes-editores-home-2__trashed\\\/linguistica\\\/nao-queremos-carne-de-covardes-ensaios-sobre-justica-socioambiental-diversidade-linguistica-e-educacao\\\/#primaryimage\",\"url\":\"https:\\\/\\\/ponteseditores.com.br\\\/loja3\\\/wp-content\\\/uploads\\\/2026\\\/04\\\/Capa_Nao-queremos-carne.jpg\",\"contentUrl\":\"https:\\\/\\\/ponteseditores.com.br\\\/loja3\\\/wp-content\\\/uploads\\\/2026\\\/04\\\/Capa_Nao-queremos-carne.jpg\",\"width\":800,\"height\":1159},{\"@type\":\"BreadcrumbList\",\"@id\":\"https:\\\/\\\/ponteseditores.com.br\\\/loja3\\\/pontes-editores-home-2__trashed\\\/linguistica\\\/nao-queremos-carne-de-covardes-ensaios-sobre-justica-socioambiental-diversidade-linguistica-e-educacao\\\/#breadcrumb\",\"itemListElement\":[{\"@type\":\"ListItem\",\"position\":1,\"name\":\"Home\",\"item\":\"https:\\\/\\\/ponteseditores.com.br\\\/loja3\\\/\"},{\"@type\":\"ListItem\",\"position\":2,\"name\":\"loja\",\"item\":\"https:\\\/\\\/ponteseditores.com.br\\\/loja3\\\/loja\\\/\"},{\"@type\":\"ListItem\",\"position\":3,\"name\":\"N\u00e3o queremos carne de covardes: ensaios sobre justi\u00e7a socioambiental, diversidade lingu\u00edstica e educa\u00e7\u00e3o\"}]},{\"@type\":\"WebSite\",\"@id\":\"https:\\\/\\\/ponteseditores.com.br\\\/loja3\\\/#website\",\"url\":\"https:\\\/\\\/ponteseditores.com.br\\\/loja3\\\/\",\"name\":\"Pontes Editores\",\"description\":\"Pontes Editores\",\"publisher\":{\"@id\":\"https:\\\/\\\/ponteseditores.com.br\\\/loja3\\\/#organization\"},\"potentialAction\":[{\"@type\":\"SearchAction\",\"target\":{\"@type\":\"EntryPoint\",\"urlTemplate\":\"https:\\\/\\\/ponteseditores.com.br\\\/loja3\\\/?s={search_term_string}\"},\"query-input\":{\"@type\":\"PropertyValueSpecification\",\"valueRequired\":true,\"valueName\":\"search_term_string\"}}],\"inLanguage\":\"pt-BR\"},{\"@type\":\"Organization\",\"@id\":\"https:\\\/\\\/ponteseditores.com.br\\\/loja3\\\/#organization\",\"name\":\"Pontes Editores\",\"url\":\"https:\\\/\\\/ponteseditores.com.br\\\/loja3\\\/\",\"logo\":{\"@type\":\"ImageObject\",\"inLanguage\":\"pt-BR\",\"@id\":\"https:\\\/\\\/ponteseditores.com.br\\\/loja3\\\/#\\\/schema\\\/logo\\\/image\\\/\",\"url\":\"https:\\\/\\\/ponteseditores.com.br\\\/loja3\\\/wp-content\\\/uploads\\\/2023\\\/12\\\/logo-pontes-editores-v2.png\",\"contentUrl\":\"https:\\\/\\\/ponteseditores.com.br\\\/loja3\\\/wp-content\\\/uploads\\\/2023\\\/12\\\/logo-pontes-editores-v2.png\",\"width\":258,\"height\":100,\"caption\":\"Pontes Editores\"},\"image\":{\"@id\":\"https:\\\/\\\/ponteseditores.com.br\\\/loja3\\\/#\\\/schema\\\/logo\\\/image\\\/\"}}]}<\/script>\n<!-- \/ Yoast SEO plugin. -->","yoast_head_json":{"title":"N\u00e3o queremos carne de covardes: ensaios sobre justi\u00e7a socioambiental, diversidade lingu\u00edstica e educa\u00e7\u00e3o - Pontes Editores","robots":{"index":"index","follow":"follow","max-snippet":"max-snippet:-1","max-image-preview":"max-image-preview:large","max-video-preview":"max-video-preview:-1"},"canonical":"https:\/\/ponteseditores.com.br\/loja3\/pontes-editores-home-2__trashed\/linguistica\/nao-queremos-carne-de-covardes-ensaios-sobre-justica-socioambiental-diversidade-linguistica-e-educacao\/","og_locale":"pt_BR","og_type":"article","og_title":"N\u00e3o queremos carne de covardes: ensaios sobre justi\u00e7a socioambiental, diversidade lingu\u00edstica e educa\u00e7\u00e3o - Pontes Editores","og_description":"Os povos tradicionais do continente sul-americano \u2013 ind\u00edgenas, quilombolas, ribeirinhos, cai\u00e7aras, entre muitos outros \u2013 t\u00eam seus modos de vida continuamente amea\u00e7ados pelo avan\u00e7o do capitalismo industrial e pela crise clim\u00e1tica que \u00e9 efeito deste. Sem presumir que estejam presos ao passado, esses grupos experimentam, n\u00e3o obstante, contradi\u00e7\u00f5es e tensionamentos no conv\u00edvio com a sociedade [&hellip;]","og_url":"https:\/\/ponteseditores.com.br\/loja3\/pontes-editores-home-2__trashed\/linguistica\/nao-queremos-carne-de-covardes-ensaios-sobre-justica-socioambiental-diversidade-linguistica-e-educacao\/","og_site_name":"Pontes Editores","og_image":[{"width":800,"height":1159,"url":"https:\/\/ponteseditores.com.br\/loja3\/wp-content\/uploads\/2026\/04\/Capa_Nao-queremos-carne.jpg","type":"image\/jpeg"}],"twitter_card":"summary_large_image","twitter_misc":{"Est. tempo de leitura":"2 minutos"},"schema":{"@context":"https:\/\/schema.org","@graph":[{"@type":"WebPage","@id":"https:\/\/ponteseditores.com.br\/loja3\/pontes-editores-home-2__trashed\/linguistica\/nao-queremos-carne-de-covardes-ensaios-sobre-justica-socioambiental-diversidade-linguistica-e-educacao\/","url":"https:\/\/ponteseditores.com.br\/loja3\/pontes-editores-home-2__trashed\/linguistica\/nao-queremos-carne-de-covardes-ensaios-sobre-justica-socioambiental-diversidade-linguistica-e-educacao\/","name":"N\u00e3o queremos carne de covardes: ensaios sobre justi\u00e7a socioambiental, diversidade lingu\u00edstica e educa\u00e7\u00e3o - Pontes Editores","isPartOf":{"@id":"https:\/\/ponteseditores.com.br\/loja3\/#website"},"primaryImageOfPage":{"@id":"https:\/\/ponteseditores.com.br\/loja3\/pontes-editores-home-2__trashed\/linguistica\/nao-queremos-carne-de-covardes-ensaios-sobre-justica-socioambiental-diversidade-linguistica-e-educacao\/#primaryimage"},"image":{"@id":"https:\/\/ponteseditores.com.br\/loja3\/pontes-editores-home-2__trashed\/linguistica\/nao-queremos-carne-de-covardes-ensaios-sobre-justica-socioambiental-diversidade-linguistica-e-educacao\/#primaryimage"},"thumbnailUrl":"https:\/\/ponteseditores.com.br\/loja3\/wp-content\/uploads\/2026\/04\/Capa_Nao-queremos-carne.jpg","datePublished":"2026-04-09T17:33:52+00:00","breadcrumb":{"@id":"https:\/\/ponteseditores.com.br\/loja3\/pontes-editores-home-2__trashed\/linguistica\/nao-queremos-carne-de-covardes-ensaios-sobre-justica-socioambiental-diversidade-linguistica-e-educacao\/#breadcrumb"},"inLanguage":"pt-BR","potentialAction":[{"@type":"ReadAction","target":["https:\/\/ponteseditores.com.br\/loja3\/pontes-editores-home-2__trashed\/linguistica\/nao-queremos-carne-de-covardes-ensaios-sobre-justica-socioambiental-diversidade-linguistica-e-educacao\/"]}]},{"@type":"ImageObject","inLanguage":"pt-BR","@id":"https:\/\/ponteseditores.com.br\/loja3\/pontes-editores-home-2__trashed\/linguistica\/nao-queremos-carne-de-covardes-ensaios-sobre-justica-socioambiental-diversidade-linguistica-e-educacao\/#primaryimage","url":"https:\/\/ponteseditores.com.br\/loja3\/wp-content\/uploads\/2026\/04\/Capa_Nao-queremos-carne.jpg","contentUrl":"https:\/\/ponteseditores.com.br\/loja3\/wp-content\/uploads\/2026\/04\/Capa_Nao-queremos-carne.jpg","width":800,"height":1159},{"@type":"BreadcrumbList","@id":"https:\/\/ponteseditores.com.br\/loja3\/pontes-editores-home-2__trashed\/linguistica\/nao-queremos-carne-de-covardes-ensaios-sobre-justica-socioambiental-diversidade-linguistica-e-educacao\/#breadcrumb","itemListElement":[{"@type":"ListItem","position":1,"name":"Home","item":"https:\/\/ponteseditores.com.br\/loja3\/"},{"@type":"ListItem","position":2,"name":"loja","item":"https:\/\/ponteseditores.com.br\/loja3\/loja\/"},{"@type":"ListItem","position":3,"name":"N\u00e3o queremos carne de covardes: ensaios sobre justi\u00e7a socioambiental, diversidade lingu\u00edstica e educa\u00e7\u00e3o"}]},{"@type":"WebSite","@id":"https:\/\/ponteseditores.com.br\/loja3\/#website","url":"https:\/\/ponteseditores.com.br\/loja3\/","name":"Pontes Editores","description":"Pontes Editores","publisher":{"@id":"https:\/\/ponteseditores.com.br\/loja3\/#organization"},"potentialAction":[{"@type":"SearchAction","target":{"@type":"EntryPoint","urlTemplate":"https:\/\/ponteseditores.com.br\/loja3\/?s={search_term_string}"},"query-input":{"@type":"PropertyValueSpecification","valueRequired":true,"valueName":"search_term_string"}}],"inLanguage":"pt-BR"},{"@type":"Organization","@id":"https:\/\/ponteseditores.com.br\/loja3\/#organization","name":"Pontes Editores","url":"https:\/\/ponteseditores.com.br\/loja3\/","logo":{"@type":"ImageObject","inLanguage":"pt-BR","@id":"https:\/\/ponteseditores.com.br\/loja3\/#\/schema\/logo\/image\/","url":"https:\/\/ponteseditores.com.br\/loja3\/wp-content\/uploads\/2023\/12\/logo-pontes-editores-v2.png","contentUrl":"https:\/\/ponteseditores.com.br\/loja3\/wp-content\/uploads\/2023\/12\/logo-pontes-editores-v2.png","width":258,"height":100,"caption":"Pontes Editores"},"image":{"@id":"https:\/\/ponteseditores.com.br\/loja3\/#\/schema\/logo\/image\/"}}]}},"_links":{"self":[{"href":"https:\/\/ponteseditores.com.br\/loja3\/wp-json\/wp\/v2\/product\/39191","targetHints":{"allow":["GET"]}}],"collection":[{"href":"https:\/\/ponteseditores.com.br\/loja3\/wp-json\/wp\/v2\/product"}],"about":[{"href":"https:\/\/ponteseditores.com.br\/loja3\/wp-json\/wp\/v2\/types\/product"}],"replies":[{"embeddable":true,"href":"https:\/\/ponteseditores.com.br\/loja3\/wp-json\/wp\/v2\/comments?post=39191"}],"version-history":[{"count":1,"href":"https:\/\/ponteseditores.com.br\/loja3\/wp-json\/wp\/v2\/product\/39191\/revisions"}],"predecessor-version":[{"id":39193,"href":"https:\/\/ponteseditores.com.br\/loja3\/wp-json\/wp\/v2\/product\/39191\/revisions\/39193"}],"wp:featuredmedia":[{"embeddable":true,"href":"https:\/\/ponteseditores.com.br\/loja3\/wp-json\/wp\/v2\/media\/39192"}],"wp:attachment":[{"href":"https:\/\/ponteseditores.com.br\/loja3\/wp-json\/wp\/v2\/media?parent=39191"}],"wp:term":[{"taxonomy":"product_brand","embeddable":true,"href":"https:\/\/ponteseditores.com.br\/loja3\/wp-json\/wp\/v2\/product_brand?post=39191"},{"taxonomy":"product_cat","embeddable":true,"href":"https:\/\/ponteseditores.com.br\/loja3\/wp-json\/wp\/v2\/product_cat?post=39191"},{"taxonomy":"product_tag","embeddable":true,"href":"https:\/\/ponteseditores.com.br\/loja3\/wp-json\/wp\/v2\/product_tag?post=39191"}],"curies":[{"name":"wp","href":"https:\/\/api.w.org\/{rel}","templated":true}]}}