{"id":38950,"date":"2026-04-01T16:58:09","date_gmt":"2026-04-01T19:58:09","guid":{"rendered":"https:\/\/ponteseditores.com.br\/loja3\/?post_type=product&#038;p=38950"},"modified":"2026-04-09T12:47:54","modified_gmt":"2026-04-09T15:47:54","slug":"critica-da-cultura-literatura-e-reverberacoes-volume-ii-2","status":"publish","type":"product","link":"https:\/\/ponteseditores.com.br\/loja3\/pontes-editores-home-2__trashed\/ebook\/lancamento-e-book\/critica-da-cultura-literatura-e-reverberacoes-volume-ii-2\/","title":{"rendered":"Cr\u00edtica da Cultura: literatura e reverbera\u00e7\u00f5es &#8211; Volume II"},"content":{"rendered":"<p>Por mais reduzido que fosse o escopo fundador da Literatura Comparada (LC) no s\u00e9culo XIX, cujo foco eram estrat\u00e9gias comparativas entre literaturas nacionais, mesmo eivada de tra\u00e7os iluministas e euroc\u00eantricos, a LC j\u00e1 ensaiava um primeiro passo na dire\u00e7\u00e3o do \u201coutro\u201d e da sua cultura. Depois, ao sabor dos solavancos, guerras e crises do s\u00e9culo XX e da atmosfera modernista e do pol\u00eamico p\u00f3s-modernismo, a cultura, a literatura e todos os campos do saber foram submetidos a instabilidades severas.<\/p>\n<p>Agentes novos entraram em cena: os Estudos Culturais da Inglaterra dos anos de 1950; a influ\u00eancia avassaladora da Segunda (1960-1980) e Terceira Ondas do Feminismo (1990-2010); e os movimentos insurgentes de grupos minorizados, por meio de marcadores \u00e9tnico-raciais, sexuais, pol\u00edticos, dentre outros. J\u00e1 n\u00e3o se pensa mais somente em \u201cc\u00e2nones\u201d art\u00edsticos e liter\u00e1rios, nem em \u201calta cultura\u201d em oposi\u00e7\u00e3o a uma suposta \u201cbaixa cultura\u201d, e os estudos liter\u00e1rios s\u00e3o marcados pela interdisciplinaridade, como Eduardo de Faria Coutinho afirma na <em>Revista do Instituto de Humanidades da Unigranrio 1:<\/em> \u201c<\/p>\n<p>A obra liter\u00e1ria passa a ser vista como um produto da cultura e a literatura como uma pr\u00e1tica discursiva intersubjetiva como muitas outras\u201d (2003, p. 21). No rastro dessa premissa desconstrutiva, este volume enfeixa artigos que instigam o leitor a seguir essa trilha!<\/p>\n","protected":false},"excerpt":{"rendered":"<p>Por mais reduzido que fosse o escopo fundador da Literatura Comparada (LC) no s\u00e9culo XIX, cujo foco eram estrat\u00e9gias comparativas entre literaturas nacionais, mesmo eivada de tra\u00e7os iluministas e euroc\u00eantricos, a LC j\u00e1 ensaiava um primeiro passo na dire\u00e7\u00e3o do \u201coutro\u201d e da sua cultura. Depois, ao sabor dos solavancos, guerras e crises do s\u00e9culo [&hellip;]<\/p>\n","protected":false},"featured_media":38938,"comment_status":"open","ping_status":"closed","template":"","meta":{"_joinchat":[]},"product_brand":[],"product_cat":[165,386],"product_tag":[],"class_list":{"0":"post-38950","1":"product","2":"type-product","3":"status-publish","4":"has-post-thumbnail","6":"product_cat-ebook","7":"product_cat-lancamento-e-book","9":"first","10":"instock","11":"downloadable","12":"virtual","13":"purchasable","14":"product-type-simple"},"yoast_head":"<!-- This site is optimized with the Yoast SEO plugin v27.3 - https:\/\/yoast.com\/product\/yoast-seo-wordpress\/ -->\n<title>Cr\u00edtica da Cultura: literatura e reverbera\u00e7\u00f5es - Volume II - Pontes Editores<\/title>\n<meta name=\"robots\" content=\"index, follow, max-snippet:-1, max-image-preview:large, max-video-preview:-1\" \/>\n<link rel=\"canonical\" href=\"https:\/\/ponteseditores.com.br\/loja3\/pontes-editores-home-2__trashed\/ebook\/lancamento-e-book\/critica-da-cultura-literatura-e-reverberacoes-volume-ii-2\/\" \/>\n<meta property=\"og:locale\" content=\"pt_BR\" \/>\n<meta property=\"og:type\" content=\"article\" \/>\n<meta property=\"og:title\" content=\"Cr\u00edtica da Cultura: literatura e reverbera\u00e7\u00f5es - Volume II - Pontes Editores\" \/>\n<meta property=\"og:description\" content=\"Por mais reduzido que fosse o escopo fundador da Literatura Comparada (LC) no s\u00e9culo XIX, cujo foco eram estrat\u00e9gias comparativas entre literaturas nacionais, mesmo eivada de tra\u00e7os iluministas e euroc\u00eantricos, a LC j\u00e1 ensaiava um primeiro passo na dire\u00e7\u00e3o do \u201coutro\u201d e da sua cultura. Depois, ao sabor dos solavancos, guerras e crises do s\u00e9culo [&hellip;]\" \/>\n<meta property=\"og:url\" content=\"https:\/\/ponteseditores.com.br\/loja3\/pontes-editores-home-2__trashed\/ebook\/lancamento-e-book\/critica-da-cultura-literatura-e-reverberacoes-volume-ii-2\/\" \/>\n<meta property=\"og:site_name\" content=\"Pontes Editores\" \/>\n<meta property=\"article:modified_time\" content=\"2026-04-09T15:47:54+00:00\" \/>\n<meta property=\"og:image\" content=\"https:\/\/ponteseditores.com.br\/loja3\/wp-content\/uploads\/2026\/04\/Capa_Critica-da-Cultura-II.jpg\" \/>\n\t<meta property=\"og:image:width\" content=\"800\" \/>\n\t<meta property=\"og:image:height\" content=\"1159\" \/>\n\t<meta property=\"og:image:type\" content=\"image\/jpeg\" \/>\n<meta name=\"twitter:card\" content=\"summary_large_image\" \/>\n<meta name=\"twitter:label1\" content=\"Est. tempo de leitura\" \/>\n\t<meta name=\"twitter:data1\" content=\"2 minutos\" \/>\n<script type=\"application\/ld+json\" class=\"yoast-schema-graph\">{\"@context\":\"https:\\\/\\\/schema.org\",\"@graph\":[{\"@type\":\"WebPage\",\"@id\":\"https:\\\/\\\/ponteseditores.com.br\\\/loja3\\\/pontes-editores-home-2__trashed\\\/ebook\\\/lancamento-e-book\\\/critica-da-cultura-literatura-e-reverberacoes-volume-ii-2\\\/\",\"url\":\"https:\\\/\\\/ponteseditores.com.br\\\/loja3\\\/pontes-editores-home-2__trashed\\\/ebook\\\/lancamento-e-book\\\/critica-da-cultura-literatura-e-reverberacoes-volume-ii-2\\\/\",\"name\":\"Cr\u00edtica da Cultura: literatura e reverbera\u00e7\u00f5es - Volume II - Pontes Editores\",\"isPartOf\":{\"@id\":\"https:\\\/\\\/ponteseditores.com.br\\\/loja3\\\/#website\"},\"primaryImageOfPage\":{\"@id\":\"https:\\\/\\\/ponteseditores.com.br\\\/loja3\\\/pontes-editores-home-2__trashed\\\/ebook\\\/lancamento-e-book\\\/critica-da-cultura-literatura-e-reverberacoes-volume-ii-2\\\/#primaryimage\"},\"image\":{\"@id\":\"https:\\\/\\\/ponteseditores.com.br\\\/loja3\\\/pontes-editores-home-2__trashed\\\/ebook\\\/lancamento-e-book\\\/critica-da-cultura-literatura-e-reverberacoes-volume-ii-2\\\/#primaryimage\"},\"thumbnailUrl\":\"https:\\\/\\\/ponteseditores.com.br\\\/loja3\\\/wp-content\\\/uploads\\\/2026\\\/04\\\/Capa_Critica-da-Cultura-II.jpg\",\"datePublished\":\"2026-04-01T19:58:09+00:00\",\"dateModified\":\"2026-04-09T15:47:54+00:00\",\"breadcrumb\":{\"@id\":\"https:\\\/\\\/ponteseditores.com.br\\\/loja3\\\/pontes-editores-home-2__trashed\\\/ebook\\\/lancamento-e-book\\\/critica-da-cultura-literatura-e-reverberacoes-volume-ii-2\\\/#breadcrumb\"},\"inLanguage\":\"pt-BR\",\"potentialAction\":[{\"@type\":\"ReadAction\",\"target\":[\"https:\\\/\\\/ponteseditores.com.br\\\/loja3\\\/pontes-editores-home-2__trashed\\\/ebook\\\/lancamento-e-book\\\/critica-da-cultura-literatura-e-reverberacoes-volume-ii-2\\\/\"]}]},{\"@type\":\"ImageObject\",\"inLanguage\":\"pt-BR\",\"@id\":\"https:\\\/\\\/ponteseditores.com.br\\\/loja3\\\/pontes-editores-home-2__trashed\\\/ebook\\\/lancamento-e-book\\\/critica-da-cultura-literatura-e-reverberacoes-volume-ii-2\\\/#primaryimage\",\"url\":\"https:\\\/\\\/ponteseditores.com.br\\\/loja3\\\/wp-content\\\/uploads\\\/2026\\\/04\\\/Capa_Critica-da-Cultura-II.jpg\",\"contentUrl\":\"https:\\\/\\\/ponteseditores.com.br\\\/loja3\\\/wp-content\\\/uploads\\\/2026\\\/04\\\/Capa_Critica-da-Cultura-II.jpg\",\"width\":800,\"height\":1159},{\"@type\":\"BreadcrumbList\",\"@id\":\"https:\\\/\\\/ponteseditores.com.br\\\/loja3\\\/pontes-editores-home-2__trashed\\\/ebook\\\/lancamento-e-book\\\/critica-da-cultura-literatura-e-reverberacoes-volume-ii-2\\\/#breadcrumb\",\"itemListElement\":[{\"@type\":\"ListItem\",\"position\":1,\"name\":\"Home\",\"item\":\"https:\\\/\\\/ponteseditores.com.br\\\/loja3\\\/\"},{\"@type\":\"ListItem\",\"position\":2,\"name\":\"loja\",\"item\":\"https:\\\/\\\/ponteseditores.com.br\\\/loja3\\\/loja\\\/\"},{\"@type\":\"ListItem\",\"position\":3,\"name\":\"Cr\u00edtica da Cultura: literatura e reverbera\u00e7\u00f5es &#8211; Volume II\"}]},{\"@type\":\"WebSite\",\"@id\":\"https:\\\/\\\/ponteseditores.com.br\\\/loja3\\\/#website\",\"url\":\"https:\\\/\\\/ponteseditores.com.br\\\/loja3\\\/\",\"name\":\"Pontes Editores\",\"description\":\"Pontes Editores\",\"publisher\":{\"@id\":\"https:\\\/\\\/ponteseditores.com.br\\\/loja3\\\/#organization\"},\"potentialAction\":[{\"@type\":\"SearchAction\",\"target\":{\"@type\":\"EntryPoint\",\"urlTemplate\":\"https:\\\/\\\/ponteseditores.com.br\\\/loja3\\\/?s={search_term_string}\"},\"query-input\":{\"@type\":\"PropertyValueSpecification\",\"valueRequired\":true,\"valueName\":\"search_term_string\"}}],\"inLanguage\":\"pt-BR\"},{\"@type\":\"Organization\",\"@id\":\"https:\\\/\\\/ponteseditores.com.br\\\/loja3\\\/#organization\",\"name\":\"Pontes Editores\",\"url\":\"https:\\\/\\\/ponteseditores.com.br\\\/loja3\\\/\",\"logo\":{\"@type\":\"ImageObject\",\"inLanguage\":\"pt-BR\",\"@id\":\"https:\\\/\\\/ponteseditores.com.br\\\/loja3\\\/#\\\/schema\\\/logo\\\/image\\\/\",\"url\":\"https:\\\/\\\/ponteseditores.com.br\\\/loja3\\\/wp-content\\\/uploads\\\/2023\\\/12\\\/logo-pontes-editores-v2.png\",\"contentUrl\":\"https:\\\/\\\/ponteseditores.com.br\\\/loja3\\\/wp-content\\\/uploads\\\/2023\\\/12\\\/logo-pontes-editores-v2.png\",\"width\":258,\"height\":100,\"caption\":\"Pontes Editores\"},\"image\":{\"@id\":\"https:\\\/\\\/ponteseditores.com.br\\\/loja3\\\/#\\\/schema\\\/logo\\\/image\\\/\"}}]}<\/script>\n<!-- \/ Yoast SEO plugin. -->","yoast_head_json":{"title":"Cr\u00edtica da Cultura: literatura e reverbera\u00e7\u00f5es - Volume II - Pontes Editores","robots":{"index":"index","follow":"follow","max-snippet":"max-snippet:-1","max-image-preview":"max-image-preview:large","max-video-preview":"max-video-preview:-1"},"canonical":"https:\/\/ponteseditores.com.br\/loja3\/pontes-editores-home-2__trashed\/ebook\/lancamento-e-book\/critica-da-cultura-literatura-e-reverberacoes-volume-ii-2\/","og_locale":"pt_BR","og_type":"article","og_title":"Cr\u00edtica da Cultura: literatura e reverbera\u00e7\u00f5es - Volume II - Pontes Editores","og_description":"Por mais reduzido que fosse o escopo fundador da Literatura Comparada (LC) no s\u00e9culo XIX, cujo foco eram estrat\u00e9gias comparativas entre literaturas nacionais, mesmo eivada de tra\u00e7os iluministas e euroc\u00eantricos, a LC j\u00e1 ensaiava um primeiro passo na dire\u00e7\u00e3o do \u201coutro\u201d e da sua cultura. Depois, ao sabor dos solavancos, guerras e crises do s\u00e9culo [&hellip;]","og_url":"https:\/\/ponteseditores.com.br\/loja3\/pontes-editores-home-2__trashed\/ebook\/lancamento-e-book\/critica-da-cultura-literatura-e-reverberacoes-volume-ii-2\/","og_site_name":"Pontes Editores","article_modified_time":"2026-04-09T15:47:54+00:00","og_image":[{"width":800,"height":1159,"url":"https:\/\/ponteseditores.com.br\/loja3\/wp-content\/uploads\/2026\/04\/Capa_Critica-da-Cultura-II.jpg","type":"image\/jpeg"}],"twitter_card":"summary_large_image","twitter_misc":{"Est. tempo de leitura":"2 minutos"},"schema":{"@context":"https:\/\/schema.org","@graph":[{"@type":"WebPage","@id":"https:\/\/ponteseditores.com.br\/loja3\/pontes-editores-home-2__trashed\/ebook\/lancamento-e-book\/critica-da-cultura-literatura-e-reverberacoes-volume-ii-2\/","url":"https:\/\/ponteseditores.com.br\/loja3\/pontes-editores-home-2__trashed\/ebook\/lancamento-e-book\/critica-da-cultura-literatura-e-reverberacoes-volume-ii-2\/","name":"Cr\u00edtica da Cultura: literatura e reverbera\u00e7\u00f5es - Volume II - Pontes Editores","isPartOf":{"@id":"https:\/\/ponteseditores.com.br\/loja3\/#website"},"primaryImageOfPage":{"@id":"https:\/\/ponteseditores.com.br\/loja3\/pontes-editores-home-2__trashed\/ebook\/lancamento-e-book\/critica-da-cultura-literatura-e-reverberacoes-volume-ii-2\/#primaryimage"},"image":{"@id":"https:\/\/ponteseditores.com.br\/loja3\/pontes-editores-home-2__trashed\/ebook\/lancamento-e-book\/critica-da-cultura-literatura-e-reverberacoes-volume-ii-2\/#primaryimage"},"thumbnailUrl":"https:\/\/ponteseditores.com.br\/loja3\/wp-content\/uploads\/2026\/04\/Capa_Critica-da-Cultura-II.jpg","datePublished":"2026-04-01T19:58:09+00:00","dateModified":"2026-04-09T15:47:54+00:00","breadcrumb":{"@id":"https:\/\/ponteseditores.com.br\/loja3\/pontes-editores-home-2__trashed\/ebook\/lancamento-e-book\/critica-da-cultura-literatura-e-reverberacoes-volume-ii-2\/#breadcrumb"},"inLanguage":"pt-BR","potentialAction":[{"@type":"ReadAction","target":["https:\/\/ponteseditores.com.br\/loja3\/pontes-editores-home-2__trashed\/ebook\/lancamento-e-book\/critica-da-cultura-literatura-e-reverberacoes-volume-ii-2\/"]}]},{"@type":"ImageObject","inLanguage":"pt-BR","@id":"https:\/\/ponteseditores.com.br\/loja3\/pontes-editores-home-2__trashed\/ebook\/lancamento-e-book\/critica-da-cultura-literatura-e-reverberacoes-volume-ii-2\/#primaryimage","url":"https:\/\/ponteseditores.com.br\/loja3\/wp-content\/uploads\/2026\/04\/Capa_Critica-da-Cultura-II.jpg","contentUrl":"https:\/\/ponteseditores.com.br\/loja3\/wp-content\/uploads\/2026\/04\/Capa_Critica-da-Cultura-II.jpg","width":800,"height":1159},{"@type":"BreadcrumbList","@id":"https:\/\/ponteseditores.com.br\/loja3\/pontes-editores-home-2__trashed\/ebook\/lancamento-e-book\/critica-da-cultura-literatura-e-reverberacoes-volume-ii-2\/#breadcrumb","itemListElement":[{"@type":"ListItem","position":1,"name":"Home","item":"https:\/\/ponteseditores.com.br\/loja3\/"},{"@type":"ListItem","position":2,"name":"loja","item":"https:\/\/ponteseditores.com.br\/loja3\/loja\/"},{"@type":"ListItem","position":3,"name":"Cr\u00edtica da Cultura: literatura e reverbera\u00e7\u00f5es &#8211; Volume II"}]},{"@type":"WebSite","@id":"https:\/\/ponteseditores.com.br\/loja3\/#website","url":"https:\/\/ponteseditores.com.br\/loja3\/","name":"Pontes Editores","description":"Pontes Editores","publisher":{"@id":"https:\/\/ponteseditores.com.br\/loja3\/#organization"},"potentialAction":[{"@type":"SearchAction","target":{"@type":"EntryPoint","urlTemplate":"https:\/\/ponteseditores.com.br\/loja3\/?s={search_term_string}"},"query-input":{"@type":"PropertyValueSpecification","valueRequired":true,"valueName":"search_term_string"}}],"inLanguage":"pt-BR"},{"@type":"Organization","@id":"https:\/\/ponteseditores.com.br\/loja3\/#organization","name":"Pontes Editores","url":"https:\/\/ponteseditores.com.br\/loja3\/","logo":{"@type":"ImageObject","inLanguage":"pt-BR","@id":"https:\/\/ponteseditores.com.br\/loja3\/#\/schema\/logo\/image\/","url":"https:\/\/ponteseditores.com.br\/loja3\/wp-content\/uploads\/2023\/12\/logo-pontes-editores-v2.png","contentUrl":"https:\/\/ponteseditores.com.br\/loja3\/wp-content\/uploads\/2023\/12\/logo-pontes-editores-v2.png","width":258,"height":100,"caption":"Pontes Editores"},"image":{"@id":"https:\/\/ponteseditores.com.br\/loja3\/#\/schema\/logo\/image\/"}}]}},"_links":{"self":[{"href":"https:\/\/ponteseditores.com.br\/loja3\/wp-json\/wp\/v2\/product\/38950","targetHints":{"allow":["GET"]}}],"collection":[{"href":"https:\/\/ponteseditores.com.br\/loja3\/wp-json\/wp\/v2\/product"}],"about":[{"href":"https:\/\/ponteseditores.com.br\/loja3\/wp-json\/wp\/v2\/types\/product"}],"replies":[{"embeddable":true,"href":"https:\/\/ponteseditores.com.br\/loja3\/wp-json\/wp\/v2\/comments?post=38950"}],"version-history":[{"count":1,"href":"https:\/\/ponteseditores.com.br\/loja3\/wp-json\/wp\/v2\/product\/38950\/revisions"}],"predecessor-version":[{"id":38952,"href":"https:\/\/ponteseditores.com.br\/loja3\/wp-json\/wp\/v2\/product\/38950\/revisions\/38952"}],"wp:featuredmedia":[{"embeddable":true,"href":"https:\/\/ponteseditores.com.br\/loja3\/wp-json\/wp\/v2\/media\/38938"}],"wp:attachment":[{"href":"https:\/\/ponteseditores.com.br\/loja3\/wp-json\/wp\/v2\/media?parent=38950"}],"wp:term":[{"taxonomy":"product_brand","embeddable":true,"href":"https:\/\/ponteseditores.com.br\/loja3\/wp-json\/wp\/v2\/product_brand?post=38950"},{"taxonomy":"product_cat","embeddable":true,"href":"https:\/\/ponteseditores.com.br\/loja3\/wp-json\/wp\/v2\/product_cat?post=38950"},{"taxonomy":"product_tag","embeddable":true,"href":"https:\/\/ponteseditores.com.br\/loja3\/wp-json\/wp\/v2\/product_tag?post=38950"}],"curies":[{"name":"wp","href":"https:\/\/api.w.org\/{rel}","templated":true}]}}