{"id":38714,"date":"2026-03-27T10:53:36","date_gmt":"2026-03-27T13:53:36","guid":{"rendered":"https:\/\/ponteseditores.com.br\/loja3\/?post_type=product&#038;p=38714"},"modified":"2026-03-27T10:53:36","modified_gmt":"2026-03-27T13:53:36","slug":"entre-ruinas-imagens-de-herculano-e-pompeia-uma-arqueologia-poetica","status":"publish","type":"product","link":"https:\/\/ponteseditores.com.br\/loja3\/pontes-editores-home-2__trashed\/lancamento\/entre-ruinas-imagens-de-herculano-e-pompeia-uma-arqueologia-poetica\/","title":{"rendered":"Entre Ru\u00ednas &#8211; Imagens de Herculano e Pompeia &#8211; uma arqueologia po\u00e9tica"},"content":{"rendered":"<p>A dic\u00e7\u00e3o art\u00edstica de Marcelo Lapuente Mahl revela-se serena, aproveitando ao m\u00e1ximo a expressividade dos substantivos, a ordem direta dos enunciados e o poder das palavras n\u00e3o pomposas, forjando um efeito de sentido de discurso hist\u00f3rico bafejado pela poesia levemente l\u00edrica e descritiva, parecida com as composi\u00e7\u00f5es parnasianas mais equilibradas e bem-sucedidas.<\/p>\n<p>\u00c9 assim, isto \u00e9, por meio de poemas, de flashes hist\u00f3ricos, de registros visuais ou, simplesmente, de textos, que o escritor desenterra as cidades de Pompeia e de Herculano, apresentando \u00e0 luz do dia o que n\u00e3o se deve nem por um minuto deixar calado na madrugada dos tempos.<\/p>\n<p>&nbsp;<\/p>\n<p>Jo\u00e3o Adalberto Campato Jr.<\/p>\n","protected":false},"excerpt":{"rendered":"<p>A dic\u00e7\u00e3o art\u00edstica de Marcelo Lapuente Mahl revela-se serena, aproveitando ao m\u00e1ximo a expressividade dos substantivos, a ordem direta dos enunciados e o poder das palavras n\u00e3o pomposas, forjando um efeito de sentido de discurso hist\u00f3rico bafejado pela poesia levemente l\u00edrica e descritiva, parecida com as composi\u00e7\u00f5es parnasianas mais equilibradas e bem-sucedidas. \u00c9 assim, isto [&hellip;]<\/p>\n","protected":false},"featured_media":38716,"comment_status":"open","ping_status":"closed","template":"","meta":{"_joinchat":[]},"product_brand":[],"product_cat":[167,287,479],"product_tag":[],"class_list":{"0":"post-38714","1":"product","2":"type-product","3":"status-publish","4":"has-post-thumbnail","6":"product_cat-lancamento","7":"product_cat-literatura","8":"product_cat-poemas","10":"first","11":"instock","12":"shipping-taxable","13":"purchasable","14":"product-type-simple"},"yoast_head":"<!-- This site is optimized with the Yoast SEO plugin v27.3 - https:\/\/yoast.com\/product\/yoast-seo-wordpress\/ -->\n<title>Entre Ru\u00ednas - Imagens de Herculano e Pompeia - uma arqueologia po\u00e9tica - Pontes Editores<\/title>\n<meta name=\"robots\" content=\"index, follow, max-snippet:-1, max-image-preview:large, max-video-preview:-1\" \/>\n<link rel=\"canonical\" href=\"https:\/\/ponteseditores.com.br\/loja3\/pontes-editores-home-2__trashed\/lancamento\/entre-ruinas-imagens-de-herculano-e-pompeia-uma-arqueologia-poetica\/\" \/>\n<meta property=\"og:locale\" content=\"pt_BR\" \/>\n<meta property=\"og:type\" content=\"article\" \/>\n<meta property=\"og:title\" content=\"Entre Ru\u00ednas - Imagens de Herculano e Pompeia - uma arqueologia po\u00e9tica - Pontes Editores\" \/>\n<meta property=\"og:description\" content=\"A dic\u00e7\u00e3o art\u00edstica de Marcelo Lapuente Mahl revela-se serena, aproveitando ao m\u00e1ximo a expressividade dos substantivos, a ordem direta dos enunciados e o poder das palavras n\u00e3o pomposas, forjando um efeito de sentido de discurso hist\u00f3rico bafejado pela poesia levemente l\u00edrica e descritiva, parecida com as composi\u00e7\u00f5es parnasianas mais equilibradas e bem-sucedidas. \u00c9 assim, isto [&hellip;]\" \/>\n<meta property=\"og:url\" content=\"https:\/\/ponteseditores.com.br\/loja3\/pontes-editores-home-2__trashed\/lancamento\/entre-ruinas-imagens-de-herculano-e-pompeia-uma-arqueologia-poetica\/\" \/>\n<meta property=\"og:site_name\" content=\"Pontes Editores\" \/>\n<meta property=\"og:image\" content=\"https:\/\/ponteseditores.com.br\/loja3\/wp-content\/uploads\/2026\/03\/Capa_Entre-Ruinas.jpg\" \/>\n\t<meta property=\"og:image:width\" content=\"800\" \/>\n\t<meta property=\"og:image:height\" content=\"1159\" \/>\n\t<meta property=\"og:image:type\" content=\"image\/jpeg\" \/>\n<meta name=\"twitter:card\" content=\"summary_large_image\" \/>\n<meta name=\"twitter:label1\" content=\"Est. tempo de leitura\" \/>\n\t<meta name=\"twitter:data1\" content=\"1 minuto\" \/>\n<script type=\"application\/ld+json\" class=\"yoast-schema-graph\">{\"@context\":\"https:\\\/\\\/schema.org\",\"@graph\":[{\"@type\":\"WebPage\",\"@id\":\"https:\\\/\\\/ponteseditores.com.br\\\/loja3\\\/pontes-editores-home-2__trashed\\\/lancamento\\\/entre-ruinas-imagens-de-herculano-e-pompeia-uma-arqueologia-poetica\\\/\",\"url\":\"https:\\\/\\\/ponteseditores.com.br\\\/loja3\\\/pontes-editores-home-2__trashed\\\/lancamento\\\/entre-ruinas-imagens-de-herculano-e-pompeia-uma-arqueologia-poetica\\\/\",\"name\":\"Entre Ru\u00ednas - Imagens de Herculano e Pompeia - uma arqueologia po\u00e9tica - Pontes Editores\",\"isPartOf\":{\"@id\":\"https:\\\/\\\/ponteseditores.com.br\\\/loja3\\\/#website\"},\"primaryImageOfPage\":{\"@id\":\"https:\\\/\\\/ponteseditores.com.br\\\/loja3\\\/pontes-editores-home-2__trashed\\\/lancamento\\\/entre-ruinas-imagens-de-herculano-e-pompeia-uma-arqueologia-poetica\\\/#primaryimage\"},\"image\":{\"@id\":\"https:\\\/\\\/ponteseditores.com.br\\\/loja3\\\/pontes-editores-home-2__trashed\\\/lancamento\\\/entre-ruinas-imagens-de-herculano-e-pompeia-uma-arqueologia-poetica\\\/#primaryimage\"},\"thumbnailUrl\":\"https:\\\/\\\/ponteseditores.com.br\\\/loja3\\\/wp-content\\\/uploads\\\/2026\\\/03\\\/Capa_Entre-Ruinas.jpg\",\"datePublished\":\"2026-03-27T13:53:36+00:00\",\"breadcrumb\":{\"@id\":\"https:\\\/\\\/ponteseditores.com.br\\\/loja3\\\/pontes-editores-home-2__trashed\\\/lancamento\\\/entre-ruinas-imagens-de-herculano-e-pompeia-uma-arqueologia-poetica\\\/#breadcrumb\"},\"inLanguage\":\"pt-BR\",\"potentialAction\":[{\"@type\":\"ReadAction\",\"target\":[\"https:\\\/\\\/ponteseditores.com.br\\\/loja3\\\/pontes-editores-home-2__trashed\\\/lancamento\\\/entre-ruinas-imagens-de-herculano-e-pompeia-uma-arqueologia-poetica\\\/\"]}]},{\"@type\":\"ImageObject\",\"inLanguage\":\"pt-BR\",\"@id\":\"https:\\\/\\\/ponteseditores.com.br\\\/loja3\\\/pontes-editores-home-2__trashed\\\/lancamento\\\/entre-ruinas-imagens-de-herculano-e-pompeia-uma-arqueologia-poetica\\\/#primaryimage\",\"url\":\"https:\\\/\\\/ponteseditores.com.br\\\/loja3\\\/wp-content\\\/uploads\\\/2026\\\/03\\\/Capa_Entre-Ruinas.jpg\",\"contentUrl\":\"https:\\\/\\\/ponteseditores.com.br\\\/loja3\\\/wp-content\\\/uploads\\\/2026\\\/03\\\/Capa_Entre-Ruinas.jpg\",\"width\":800,\"height\":1159},{\"@type\":\"BreadcrumbList\",\"@id\":\"https:\\\/\\\/ponteseditores.com.br\\\/loja3\\\/pontes-editores-home-2__trashed\\\/lancamento\\\/entre-ruinas-imagens-de-herculano-e-pompeia-uma-arqueologia-poetica\\\/#breadcrumb\",\"itemListElement\":[{\"@type\":\"ListItem\",\"position\":1,\"name\":\"Home\",\"item\":\"https:\\\/\\\/ponteseditores.com.br\\\/loja3\\\/\"},{\"@type\":\"ListItem\",\"position\":2,\"name\":\"loja\",\"item\":\"https:\\\/\\\/ponteseditores.com.br\\\/loja3\\\/loja\\\/\"},{\"@type\":\"ListItem\",\"position\":3,\"name\":\"Entre Ru\u00ednas &#8211; Imagens de Herculano e Pompeia &#8211; uma arqueologia po\u00e9tica\"}]},{\"@type\":\"WebSite\",\"@id\":\"https:\\\/\\\/ponteseditores.com.br\\\/loja3\\\/#website\",\"url\":\"https:\\\/\\\/ponteseditores.com.br\\\/loja3\\\/\",\"name\":\"Pontes Editores\",\"description\":\"Pontes Editores\",\"publisher\":{\"@id\":\"https:\\\/\\\/ponteseditores.com.br\\\/loja3\\\/#organization\"},\"potentialAction\":[{\"@type\":\"SearchAction\",\"target\":{\"@type\":\"EntryPoint\",\"urlTemplate\":\"https:\\\/\\\/ponteseditores.com.br\\\/loja3\\\/?s={search_term_string}\"},\"query-input\":{\"@type\":\"PropertyValueSpecification\",\"valueRequired\":true,\"valueName\":\"search_term_string\"}}],\"inLanguage\":\"pt-BR\"},{\"@type\":\"Organization\",\"@id\":\"https:\\\/\\\/ponteseditores.com.br\\\/loja3\\\/#organization\",\"name\":\"Pontes Editores\",\"url\":\"https:\\\/\\\/ponteseditores.com.br\\\/loja3\\\/\",\"logo\":{\"@type\":\"ImageObject\",\"inLanguage\":\"pt-BR\",\"@id\":\"https:\\\/\\\/ponteseditores.com.br\\\/loja3\\\/#\\\/schema\\\/logo\\\/image\\\/\",\"url\":\"https:\\\/\\\/ponteseditores.com.br\\\/loja3\\\/wp-content\\\/uploads\\\/2023\\\/12\\\/logo-pontes-editores-v2.png\",\"contentUrl\":\"https:\\\/\\\/ponteseditores.com.br\\\/loja3\\\/wp-content\\\/uploads\\\/2023\\\/12\\\/logo-pontes-editores-v2.png\",\"width\":258,\"height\":100,\"caption\":\"Pontes Editores\"},\"image\":{\"@id\":\"https:\\\/\\\/ponteseditores.com.br\\\/loja3\\\/#\\\/schema\\\/logo\\\/image\\\/\"}}]}<\/script>\n<!-- \/ Yoast SEO plugin. -->","yoast_head_json":{"title":"Entre Ru\u00ednas - Imagens de Herculano e Pompeia - uma arqueologia po\u00e9tica - Pontes Editores","robots":{"index":"index","follow":"follow","max-snippet":"max-snippet:-1","max-image-preview":"max-image-preview:large","max-video-preview":"max-video-preview:-1"},"canonical":"https:\/\/ponteseditores.com.br\/loja3\/pontes-editores-home-2__trashed\/lancamento\/entre-ruinas-imagens-de-herculano-e-pompeia-uma-arqueologia-poetica\/","og_locale":"pt_BR","og_type":"article","og_title":"Entre Ru\u00ednas - Imagens de Herculano e Pompeia - uma arqueologia po\u00e9tica - Pontes Editores","og_description":"A dic\u00e7\u00e3o art\u00edstica de Marcelo Lapuente Mahl revela-se serena, aproveitando ao m\u00e1ximo a expressividade dos substantivos, a ordem direta dos enunciados e o poder das palavras n\u00e3o pomposas, forjando um efeito de sentido de discurso hist\u00f3rico bafejado pela poesia levemente l\u00edrica e descritiva, parecida com as composi\u00e7\u00f5es parnasianas mais equilibradas e bem-sucedidas. \u00c9 assim, isto [&hellip;]","og_url":"https:\/\/ponteseditores.com.br\/loja3\/pontes-editores-home-2__trashed\/lancamento\/entre-ruinas-imagens-de-herculano-e-pompeia-uma-arqueologia-poetica\/","og_site_name":"Pontes Editores","og_image":[{"width":800,"height":1159,"url":"https:\/\/ponteseditores.com.br\/loja3\/wp-content\/uploads\/2026\/03\/Capa_Entre-Ruinas.jpg","type":"image\/jpeg"}],"twitter_card":"summary_large_image","twitter_misc":{"Est. tempo de leitura":"1 minuto"},"schema":{"@context":"https:\/\/schema.org","@graph":[{"@type":"WebPage","@id":"https:\/\/ponteseditores.com.br\/loja3\/pontes-editores-home-2__trashed\/lancamento\/entre-ruinas-imagens-de-herculano-e-pompeia-uma-arqueologia-poetica\/","url":"https:\/\/ponteseditores.com.br\/loja3\/pontes-editores-home-2__trashed\/lancamento\/entre-ruinas-imagens-de-herculano-e-pompeia-uma-arqueologia-poetica\/","name":"Entre Ru\u00ednas - Imagens de Herculano e Pompeia - uma arqueologia po\u00e9tica - Pontes Editores","isPartOf":{"@id":"https:\/\/ponteseditores.com.br\/loja3\/#website"},"primaryImageOfPage":{"@id":"https:\/\/ponteseditores.com.br\/loja3\/pontes-editores-home-2__trashed\/lancamento\/entre-ruinas-imagens-de-herculano-e-pompeia-uma-arqueologia-poetica\/#primaryimage"},"image":{"@id":"https:\/\/ponteseditores.com.br\/loja3\/pontes-editores-home-2__trashed\/lancamento\/entre-ruinas-imagens-de-herculano-e-pompeia-uma-arqueologia-poetica\/#primaryimage"},"thumbnailUrl":"https:\/\/ponteseditores.com.br\/loja3\/wp-content\/uploads\/2026\/03\/Capa_Entre-Ruinas.jpg","datePublished":"2026-03-27T13:53:36+00:00","breadcrumb":{"@id":"https:\/\/ponteseditores.com.br\/loja3\/pontes-editores-home-2__trashed\/lancamento\/entre-ruinas-imagens-de-herculano-e-pompeia-uma-arqueologia-poetica\/#breadcrumb"},"inLanguage":"pt-BR","potentialAction":[{"@type":"ReadAction","target":["https:\/\/ponteseditores.com.br\/loja3\/pontes-editores-home-2__trashed\/lancamento\/entre-ruinas-imagens-de-herculano-e-pompeia-uma-arqueologia-poetica\/"]}]},{"@type":"ImageObject","inLanguage":"pt-BR","@id":"https:\/\/ponteseditores.com.br\/loja3\/pontes-editores-home-2__trashed\/lancamento\/entre-ruinas-imagens-de-herculano-e-pompeia-uma-arqueologia-poetica\/#primaryimage","url":"https:\/\/ponteseditores.com.br\/loja3\/wp-content\/uploads\/2026\/03\/Capa_Entre-Ruinas.jpg","contentUrl":"https:\/\/ponteseditores.com.br\/loja3\/wp-content\/uploads\/2026\/03\/Capa_Entre-Ruinas.jpg","width":800,"height":1159},{"@type":"BreadcrumbList","@id":"https:\/\/ponteseditores.com.br\/loja3\/pontes-editores-home-2__trashed\/lancamento\/entre-ruinas-imagens-de-herculano-e-pompeia-uma-arqueologia-poetica\/#breadcrumb","itemListElement":[{"@type":"ListItem","position":1,"name":"Home","item":"https:\/\/ponteseditores.com.br\/loja3\/"},{"@type":"ListItem","position":2,"name":"loja","item":"https:\/\/ponteseditores.com.br\/loja3\/loja\/"},{"@type":"ListItem","position":3,"name":"Entre Ru\u00ednas &#8211; Imagens de Herculano e Pompeia &#8211; uma arqueologia po\u00e9tica"}]},{"@type":"WebSite","@id":"https:\/\/ponteseditores.com.br\/loja3\/#website","url":"https:\/\/ponteseditores.com.br\/loja3\/","name":"Pontes Editores","description":"Pontes Editores","publisher":{"@id":"https:\/\/ponteseditores.com.br\/loja3\/#organization"},"potentialAction":[{"@type":"SearchAction","target":{"@type":"EntryPoint","urlTemplate":"https:\/\/ponteseditores.com.br\/loja3\/?s={search_term_string}"},"query-input":{"@type":"PropertyValueSpecification","valueRequired":true,"valueName":"search_term_string"}}],"inLanguage":"pt-BR"},{"@type":"Organization","@id":"https:\/\/ponteseditores.com.br\/loja3\/#organization","name":"Pontes Editores","url":"https:\/\/ponteseditores.com.br\/loja3\/","logo":{"@type":"ImageObject","inLanguage":"pt-BR","@id":"https:\/\/ponteseditores.com.br\/loja3\/#\/schema\/logo\/image\/","url":"https:\/\/ponteseditores.com.br\/loja3\/wp-content\/uploads\/2023\/12\/logo-pontes-editores-v2.png","contentUrl":"https:\/\/ponteseditores.com.br\/loja3\/wp-content\/uploads\/2023\/12\/logo-pontes-editores-v2.png","width":258,"height":100,"caption":"Pontes Editores"},"image":{"@id":"https:\/\/ponteseditores.com.br\/loja3\/#\/schema\/logo\/image\/"}}]}},"_links":{"self":[{"href":"https:\/\/ponteseditores.com.br\/loja3\/wp-json\/wp\/v2\/product\/38714","targetHints":{"allow":["GET"]}}],"collection":[{"href":"https:\/\/ponteseditores.com.br\/loja3\/wp-json\/wp\/v2\/product"}],"about":[{"href":"https:\/\/ponteseditores.com.br\/loja3\/wp-json\/wp\/v2\/types\/product"}],"replies":[{"embeddable":true,"href":"https:\/\/ponteseditores.com.br\/loja3\/wp-json\/wp\/v2\/comments?post=38714"}],"version-history":[{"count":1,"href":"https:\/\/ponteseditores.com.br\/loja3\/wp-json\/wp\/v2\/product\/38714\/revisions"}],"predecessor-version":[{"id":38717,"href":"https:\/\/ponteseditores.com.br\/loja3\/wp-json\/wp\/v2\/product\/38714\/revisions\/38717"}],"wp:featuredmedia":[{"embeddable":true,"href":"https:\/\/ponteseditores.com.br\/loja3\/wp-json\/wp\/v2\/media\/38716"}],"wp:attachment":[{"href":"https:\/\/ponteseditores.com.br\/loja3\/wp-json\/wp\/v2\/media?parent=38714"}],"wp:term":[{"taxonomy":"product_brand","embeddable":true,"href":"https:\/\/ponteseditores.com.br\/loja3\/wp-json\/wp\/v2\/product_brand?post=38714"},{"taxonomy":"product_cat","embeddable":true,"href":"https:\/\/ponteseditores.com.br\/loja3\/wp-json\/wp\/v2\/product_cat?post=38714"},{"taxonomy":"product_tag","embeddable":true,"href":"https:\/\/ponteseditores.com.br\/loja3\/wp-json\/wp\/v2\/product_tag?post=38714"}],"curies":[{"name":"wp","href":"https:\/\/api.w.org\/{rel}","templated":true}]}}