{"id":38673,"date":"2026-03-26T13:51:45","date_gmt":"2026-03-26T16:51:45","guid":{"rendered":"https:\/\/ponteseditores.com.br\/loja3\/?post_type=product&#038;p=38673"},"modified":"2026-04-08T11:44:16","modified_gmt":"2026-04-08T14:44:16","slug":"lingua-historia-e-tecnologia-em-comemoracao-aos-25-anos-do-nucleo-de-estudos-de-lingua-portuguesa-da-uefs-2","status":"publish","type":"product","link":"https:\/\/ponteseditores.com.br\/loja3\/pontes-editores-home-2__trashed\/ebook\/lancamento-e-book\/lingua-historia-e-tecnologia-em-comemoracao-aos-25-anos-do-nucleo-de-estudos-de-lingua-portuguesa-da-uefs-2\/","title":{"rendered":"L\u00edngua, Hist\u00f3ria e Tecnologia: em comemora\u00e7\u00e3o aos 25 anos do N\u00facleo de Estudos de L\u00edngua Portuguesa da UEFS"},"content":{"rendered":"<p>O N\u00facleo de Estudos de L\u00edngua Portuguesa (NELP), da Universidade Estadual de Feira de Santana (UEFS), tem-se destacado na referida institui\u00e7\u00e3o e no cen\u00e1rio nacional, pelo ingente trabalho de organiza\u00e7\u00e3o de <em>corpora <\/em>hist\u00f3rico-diacr\u00f4nicos e pelas pesquisas de base emp\u00edrica que desenvolve, para uma melhor compreens\u00e3o da hist\u00f3ria complexa do portugu\u00eas no\/do Brasil e para o refinamento, com base em processos lingu\u00edsticos \u2013 cruzando dados e metadados \u2013, de propostas de periodiza\u00e7\u00e3o da hist\u00f3ria sociolingu\u00edstica do Brasil.<\/p>\n<p>Trabalhando em parceria com o Projeto Nacional para a Hist\u00f3ria do Portugu\u00eas Brasileiro (PHPB), entre outros parceiros, o NELP levou a UEFS a ser nacionalmente reconhecida tamb\u00e9m como um centro de Lingu\u00edstica Hist\u00f3rica no Semi\u00e1rido Baiano, mergulhando nas \u201c\u00e1guas profundas\u201d da heterogeneidade complexa do portugu\u00eas brasileiro, dedicando-se \u00e0 sua s\u00f3cio-hist\u00f3ria passada e presente.<\/p>\n<p>Os alunos dos cursos de Letras da UEFS t\u00eam tido, ao longo dos anos, sua forma\u00e7\u00e3o em Lingu\u00edstica Hist\u00f3rica, hist\u00f3ria da l\u00edngua portuguesa e hist\u00f3ria do portugu\u00eas brasileiro embasada n\u00e3o apenas nos textos cl\u00e1ssicos, que se repetem nos programas das diferentes universidades, mas tamb\u00e9m nas pesquisas desenvolvidas no NELP, como parte de projetos com equipes interinstitucionais.<\/p>\n<p>&nbsp;<\/p>\n<p>Mariana Fagundes de Oliveira Lacerda (UEFS)<\/p>\n<p>Silvana Silva de Farias Araujo (UEFS)<\/p>\n<p>Organizadoras<\/p>\n","protected":false},"excerpt":{"rendered":"<p>O N\u00facleo de Estudos de L\u00edngua Portuguesa (NELP), da Universidade Estadual de Feira de Santana (UEFS), tem-se destacado na referida institui\u00e7\u00e3o e no cen\u00e1rio nacional, pelo ingente trabalho de organiza\u00e7\u00e3o de corpora hist\u00f3rico-diacr\u00f4nicos e pelas pesquisas de base emp\u00edrica que desenvolve, para uma melhor compreens\u00e3o da hist\u00f3ria complexa do portugu\u00eas no\/do Brasil e para o [&hellip;]<\/p>\n","protected":false},"featured_media":38584,"comment_status":"open","ping_status":"closed","template":"","meta":{"_joinchat":[]},"product_brand":[],"product_cat":[165,386],"product_tag":[],"class_list":{"0":"post-38673","1":"product","2":"type-product","3":"status-publish","4":"has-post-thumbnail","6":"product_cat-ebook","7":"product_cat-lancamento-e-book","9":"first","10":"instock","11":"downloadable","12":"virtual","13":"purchasable","14":"product-type-simple"},"yoast_head":"<!-- This site is optimized with the Yoast SEO plugin v27.3 - https:\/\/yoast.com\/product\/yoast-seo-wordpress\/ -->\n<title>L\u00edngua, Hist\u00f3ria e Tecnologia: em comemora\u00e7\u00e3o aos 25 anos do N\u00facleo de Estudos de L\u00edngua Portuguesa da UEFS - Pontes Editores<\/title>\n<meta name=\"robots\" content=\"index, follow, max-snippet:-1, max-image-preview:large, max-video-preview:-1\" \/>\n<link rel=\"canonical\" href=\"https:\/\/ponteseditores.com.br\/loja3\/pontes-editores-home-2__trashed\/ebook\/lancamento-e-book\/lingua-historia-e-tecnologia-em-comemoracao-aos-25-anos-do-nucleo-de-estudos-de-lingua-portuguesa-da-uefs-2\/\" \/>\n<meta property=\"og:locale\" content=\"pt_BR\" \/>\n<meta property=\"og:type\" content=\"article\" \/>\n<meta property=\"og:title\" content=\"L\u00edngua, Hist\u00f3ria e Tecnologia: em comemora\u00e7\u00e3o aos 25 anos do N\u00facleo de Estudos de L\u00edngua Portuguesa da UEFS - Pontes Editores\" \/>\n<meta property=\"og:description\" content=\"O N\u00facleo de Estudos de L\u00edngua Portuguesa (NELP), da Universidade Estadual de Feira de Santana (UEFS), tem-se destacado na referida institui\u00e7\u00e3o e no cen\u00e1rio nacional, pelo ingente trabalho de organiza\u00e7\u00e3o de corpora hist\u00f3rico-diacr\u00f4nicos e pelas pesquisas de base emp\u00edrica que desenvolve, para uma melhor compreens\u00e3o da hist\u00f3ria complexa do portugu\u00eas no\/do Brasil e para o [&hellip;]\" \/>\n<meta property=\"og:url\" content=\"https:\/\/ponteseditores.com.br\/loja3\/pontes-editores-home-2__trashed\/ebook\/lancamento-e-book\/lingua-historia-e-tecnologia-em-comemoracao-aos-25-anos-do-nucleo-de-estudos-de-lingua-portuguesa-da-uefs-2\/\" \/>\n<meta property=\"og:site_name\" content=\"Pontes Editores\" \/>\n<meta property=\"article:modified_time\" content=\"2026-04-08T14:44:16+00:00\" \/>\n<meta property=\"og:image\" content=\"https:\/\/ponteseditores.com.br\/loja3\/wp-content\/uploads\/2026\/03\/Capa_Lingua-Historia-eTecnologia.jpg\" \/>\n\t<meta property=\"og:image:width\" content=\"800\" \/>\n\t<meta property=\"og:image:height\" content=\"1159\" \/>\n\t<meta property=\"og:image:type\" content=\"image\/jpeg\" \/>\n<meta name=\"twitter:card\" content=\"summary_large_image\" \/>\n<meta name=\"twitter:label1\" content=\"Est. tempo de leitura\" \/>\n\t<meta name=\"twitter:data1\" content=\"2 minutos\" \/>\n<script type=\"application\/ld+json\" class=\"yoast-schema-graph\">{\"@context\":\"https:\\\/\\\/schema.org\",\"@graph\":[{\"@type\":\"WebPage\",\"@id\":\"https:\\\/\\\/ponteseditores.com.br\\\/loja3\\\/pontes-editores-home-2__trashed\\\/ebook\\\/lancamento-e-book\\\/lingua-historia-e-tecnologia-em-comemoracao-aos-25-anos-do-nucleo-de-estudos-de-lingua-portuguesa-da-uefs-2\\\/\",\"url\":\"https:\\\/\\\/ponteseditores.com.br\\\/loja3\\\/pontes-editores-home-2__trashed\\\/ebook\\\/lancamento-e-book\\\/lingua-historia-e-tecnologia-em-comemoracao-aos-25-anos-do-nucleo-de-estudos-de-lingua-portuguesa-da-uefs-2\\\/\",\"name\":\"L\u00edngua, Hist\u00f3ria e Tecnologia: em comemora\u00e7\u00e3o aos 25 anos do N\u00facleo de Estudos de L\u00edngua Portuguesa da UEFS - Pontes Editores\",\"isPartOf\":{\"@id\":\"https:\\\/\\\/ponteseditores.com.br\\\/loja3\\\/#website\"},\"primaryImageOfPage\":{\"@id\":\"https:\\\/\\\/ponteseditores.com.br\\\/loja3\\\/pontes-editores-home-2__trashed\\\/ebook\\\/lancamento-e-book\\\/lingua-historia-e-tecnologia-em-comemoracao-aos-25-anos-do-nucleo-de-estudos-de-lingua-portuguesa-da-uefs-2\\\/#primaryimage\"},\"image\":{\"@id\":\"https:\\\/\\\/ponteseditores.com.br\\\/loja3\\\/pontes-editores-home-2__trashed\\\/ebook\\\/lancamento-e-book\\\/lingua-historia-e-tecnologia-em-comemoracao-aos-25-anos-do-nucleo-de-estudos-de-lingua-portuguesa-da-uefs-2\\\/#primaryimage\"},\"thumbnailUrl\":\"https:\\\/\\\/ponteseditores.com.br\\\/loja3\\\/wp-content\\\/uploads\\\/2026\\\/03\\\/Capa_Lingua-Historia-eTecnologia.jpg\",\"datePublished\":\"2026-03-26T16:51:45+00:00\",\"dateModified\":\"2026-04-08T14:44:16+00:00\",\"breadcrumb\":{\"@id\":\"https:\\\/\\\/ponteseditores.com.br\\\/loja3\\\/pontes-editores-home-2__trashed\\\/ebook\\\/lancamento-e-book\\\/lingua-historia-e-tecnologia-em-comemoracao-aos-25-anos-do-nucleo-de-estudos-de-lingua-portuguesa-da-uefs-2\\\/#breadcrumb\"},\"inLanguage\":\"pt-BR\",\"potentialAction\":[{\"@type\":\"ReadAction\",\"target\":[\"https:\\\/\\\/ponteseditores.com.br\\\/loja3\\\/pontes-editores-home-2__trashed\\\/ebook\\\/lancamento-e-book\\\/lingua-historia-e-tecnologia-em-comemoracao-aos-25-anos-do-nucleo-de-estudos-de-lingua-portuguesa-da-uefs-2\\\/\"]}]},{\"@type\":\"ImageObject\",\"inLanguage\":\"pt-BR\",\"@id\":\"https:\\\/\\\/ponteseditores.com.br\\\/loja3\\\/pontes-editores-home-2__trashed\\\/ebook\\\/lancamento-e-book\\\/lingua-historia-e-tecnologia-em-comemoracao-aos-25-anos-do-nucleo-de-estudos-de-lingua-portuguesa-da-uefs-2\\\/#primaryimage\",\"url\":\"https:\\\/\\\/ponteseditores.com.br\\\/loja3\\\/wp-content\\\/uploads\\\/2026\\\/03\\\/Capa_Lingua-Historia-eTecnologia.jpg\",\"contentUrl\":\"https:\\\/\\\/ponteseditores.com.br\\\/loja3\\\/wp-content\\\/uploads\\\/2026\\\/03\\\/Capa_Lingua-Historia-eTecnologia.jpg\",\"width\":800,\"height\":1159},{\"@type\":\"BreadcrumbList\",\"@id\":\"https:\\\/\\\/ponteseditores.com.br\\\/loja3\\\/pontes-editores-home-2__trashed\\\/ebook\\\/lancamento-e-book\\\/lingua-historia-e-tecnologia-em-comemoracao-aos-25-anos-do-nucleo-de-estudos-de-lingua-portuguesa-da-uefs-2\\\/#breadcrumb\",\"itemListElement\":[{\"@type\":\"ListItem\",\"position\":1,\"name\":\"Home\",\"item\":\"https:\\\/\\\/ponteseditores.com.br\\\/loja3\\\/\"},{\"@type\":\"ListItem\",\"position\":2,\"name\":\"loja\",\"item\":\"https:\\\/\\\/ponteseditores.com.br\\\/loja3\\\/loja\\\/\"},{\"@type\":\"ListItem\",\"position\":3,\"name\":\"L\u00edngua, Hist\u00f3ria e Tecnologia: em comemora\u00e7\u00e3o aos 25 anos do N\u00facleo de Estudos de L\u00edngua Portuguesa da UEFS\"}]},{\"@type\":\"WebSite\",\"@id\":\"https:\\\/\\\/ponteseditores.com.br\\\/loja3\\\/#website\",\"url\":\"https:\\\/\\\/ponteseditores.com.br\\\/loja3\\\/\",\"name\":\"Pontes Editores\",\"description\":\"Pontes Editores\",\"publisher\":{\"@id\":\"https:\\\/\\\/ponteseditores.com.br\\\/loja3\\\/#organization\"},\"potentialAction\":[{\"@type\":\"SearchAction\",\"target\":{\"@type\":\"EntryPoint\",\"urlTemplate\":\"https:\\\/\\\/ponteseditores.com.br\\\/loja3\\\/?s={search_term_string}\"},\"query-input\":{\"@type\":\"PropertyValueSpecification\",\"valueRequired\":true,\"valueName\":\"search_term_string\"}}],\"inLanguage\":\"pt-BR\"},{\"@type\":\"Organization\",\"@id\":\"https:\\\/\\\/ponteseditores.com.br\\\/loja3\\\/#organization\",\"name\":\"Pontes Editores\",\"url\":\"https:\\\/\\\/ponteseditores.com.br\\\/loja3\\\/\",\"logo\":{\"@type\":\"ImageObject\",\"inLanguage\":\"pt-BR\",\"@id\":\"https:\\\/\\\/ponteseditores.com.br\\\/loja3\\\/#\\\/schema\\\/logo\\\/image\\\/\",\"url\":\"https:\\\/\\\/ponteseditores.com.br\\\/loja3\\\/wp-content\\\/uploads\\\/2023\\\/12\\\/logo-pontes-editores-v2.png\",\"contentUrl\":\"https:\\\/\\\/ponteseditores.com.br\\\/loja3\\\/wp-content\\\/uploads\\\/2023\\\/12\\\/logo-pontes-editores-v2.png\",\"width\":258,\"height\":100,\"caption\":\"Pontes Editores\"},\"image\":{\"@id\":\"https:\\\/\\\/ponteseditores.com.br\\\/loja3\\\/#\\\/schema\\\/logo\\\/image\\\/\"}}]}<\/script>\n<!-- \/ Yoast SEO plugin. -->","yoast_head_json":{"title":"L\u00edngua, Hist\u00f3ria e Tecnologia: em comemora\u00e7\u00e3o aos 25 anos do N\u00facleo de Estudos de L\u00edngua Portuguesa da UEFS - Pontes Editores","robots":{"index":"index","follow":"follow","max-snippet":"max-snippet:-1","max-image-preview":"max-image-preview:large","max-video-preview":"max-video-preview:-1"},"canonical":"https:\/\/ponteseditores.com.br\/loja3\/pontes-editores-home-2__trashed\/ebook\/lancamento-e-book\/lingua-historia-e-tecnologia-em-comemoracao-aos-25-anos-do-nucleo-de-estudos-de-lingua-portuguesa-da-uefs-2\/","og_locale":"pt_BR","og_type":"article","og_title":"L\u00edngua, Hist\u00f3ria e Tecnologia: em comemora\u00e7\u00e3o aos 25 anos do N\u00facleo de Estudos de L\u00edngua Portuguesa da UEFS - Pontes Editores","og_description":"O N\u00facleo de Estudos de L\u00edngua Portuguesa (NELP), da Universidade Estadual de Feira de Santana (UEFS), tem-se destacado na referida institui\u00e7\u00e3o e no cen\u00e1rio nacional, pelo ingente trabalho de organiza\u00e7\u00e3o de corpora hist\u00f3rico-diacr\u00f4nicos e pelas pesquisas de base emp\u00edrica que desenvolve, para uma melhor compreens\u00e3o da hist\u00f3ria complexa do portugu\u00eas no\/do Brasil e para o [&hellip;]","og_url":"https:\/\/ponteseditores.com.br\/loja3\/pontes-editores-home-2__trashed\/ebook\/lancamento-e-book\/lingua-historia-e-tecnologia-em-comemoracao-aos-25-anos-do-nucleo-de-estudos-de-lingua-portuguesa-da-uefs-2\/","og_site_name":"Pontes Editores","article_modified_time":"2026-04-08T14:44:16+00:00","og_image":[{"width":800,"height":1159,"url":"https:\/\/ponteseditores.com.br\/loja3\/wp-content\/uploads\/2026\/03\/Capa_Lingua-Historia-eTecnologia.jpg","type":"image\/jpeg"}],"twitter_card":"summary_large_image","twitter_misc":{"Est. tempo de leitura":"2 minutos"},"schema":{"@context":"https:\/\/schema.org","@graph":[{"@type":"WebPage","@id":"https:\/\/ponteseditores.com.br\/loja3\/pontes-editores-home-2__trashed\/ebook\/lancamento-e-book\/lingua-historia-e-tecnologia-em-comemoracao-aos-25-anos-do-nucleo-de-estudos-de-lingua-portuguesa-da-uefs-2\/","url":"https:\/\/ponteseditores.com.br\/loja3\/pontes-editores-home-2__trashed\/ebook\/lancamento-e-book\/lingua-historia-e-tecnologia-em-comemoracao-aos-25-anos-do-nucleo-de-estudos-de-lingua-portuguesa-da-uefs-2\/","name":"L\u00edngua, Hist\u00f3ria e Tecnologia: em comemora\u00e7\u00e3o aos 25 anos do N\u00facleo de Estudos de L\u00edngua Portuguesa da UEFS - Pontes Editores","isPartOf":{"@id":"https:\/\/ponteseditores.com.br\/loja3\/#website"},"primaryImageOfPage":{"@id":"https:\/\/ponteseditores.com.br\/loja3\/pontes-editores-home-2__trashed\/ebook\/lancamento-e-book\/lingua-historia-e-tecnologia-em-comemoracao-aos-25-anos-do-nucleo-de-estudos-de-lingua-portuguesa-da-uefs-2\/#primaryimage"},"image":{"@id":"https:\/\/ponteseditores.com.br\/loja3\/pontes-editores-home-2__trashed\/ebook\/lancamento-e-book\/lingua-historia-e-tecnologia-em-comemoracao-aos-25-anos-do-nucleo-de-estudos-de-lingua-portuguesa-da-uefs-2\/#primaryimage"},"thumbnailUrl":"https:\/\/ponteseditores.com.br\/loja3\/wp-content\/uploads\/2026\/03\/Capa_Lingua-Historia-eTecnologia.jpg","datePublished":"2026-03-26T16:51:45+00:00","dateModified":"2026-04-08T14:44:16+00:00","breadcrumb":{"@id":"https:\/\/ponteseditores.com.br\/loja3\/pontes-editores-home-2__trashed\/ebook\/lancamento-e-book\/lingua-historia-e-tecnologia-em-comemoracao-aos-25-anos-do-nucleo-de-estudos-de-lingua-portuguesa-da-uefs-2\/#breadcrumb"},"inLanguage":"pt-BR","potentialAction":[{"@type":"ReadAction","target":["https:\/\/ponteseditores.com.br\/loja3\/pontes-editores-home-2__trashed\/ebook\/lancamento-e-book\/lingua-historia-e-tecnologia-em-comemoracao-aos-25-anos-do-nucleo-de-estudos-de-lingua-portuguesa-da-uefs-2\/"]}]},{"@type":"ImageObject","inLanguage":"pt-BR","@id":"https:\/\/ponteseditores.com.br\/loja3\/pontes-editores-home-2__trashed\/ebook\/lancamento-e-book\/lingua-historia-e-tecnologia-em-comemoracao-aos-25-anos-do-nucleo-de-estudos-de-lingua-portuguesa-da-uefs-2\/#primaryimage","url":"https:\/\/ponteseditores.com.br\/loja3\/wp-content\/uploads\/2026\/03\/Capa_Lingua-Historia-eTecnologia.jpg","contentUrl":"https:\/\/ponteseditores.com.br\/loja3\/wp-content\/uploads\/2026\/03\/Capa_Lingua-Historia-eTecnologia.jpg","width":800,"height":1159},{"@type":"BreadcrumbList","@id":"https:\/\/ponteseditores.com.br\/loja3\/pontes-editores-home-2__trashed\/ebook\/lancamento-e-book\/lingua-historia-e-tecnologia-em-comemoracao-aos-25-anos-do-nucleo-de-estudos-de-lingua-portuguesa-da-uefs-2\/#breadcrumb","itemListElement":[{"@type":"ListItem","position":1,"name":"Home","item":"https:\/\/ponteseditores.com.br\/loja3\/"},{"@type":"ListItem","position":2,"name":"loja","item":"https:\/\/ponteseditores.com.br\/loja3\/loja\/"},{"@type":"ListItem","position":3,"name":"L\u00edngua, Hist\u00f3ria e Tecnologia: em comemora\u00e7\u00e3o aos 25 anos do N\u00facleo de Estudos de L\u00edngua Portuguesa da UEFS"}]},{"@type":"WebSite","@id":"https:\/\/ponteseditores.com.br\/loja3\/#website","url":"https:\/\/ponteseditores.com.br\/loja3\/","name":"Pontes Editores","description":"Pontes Editores","publisher":{"@id":"https:\/\/ponteseditores.com.br\/loja3\/#organization"},"potentialAction":[{"@type":"SearchAction","target":{"@type":"EntryPoint","urlTemplate":"https:\/\/ponteseditores.com.br\/loja3\/?s={search_term_string}"},"query-input":{"@type":"PropertyValueSpecification","valueRequired":true,"valueName":"search_term_string"}}],"inLanguage":"pt-BR"},{"@type":"Organization","@id":"https:\/\/ponteseditores.com.br\/loja3\/#organization","name":"Pontes Editores","url":"https:\/\/ponteseditores.com.br\/loja3\/","logo":{"@type":"ImageObject","inLanguage":"pt-BR","@id":"https:\/\/ponteseditores.com.br\/loja3\/#\/schema\/logo\/image\/","url":"https:\/\/ponteseditores.com.br\/loja3\/wp-content\/uploads\/2023\/12\/logo-pontes-editores-v2.png","contentUrl":"https:\/\/ponteseditores.com.br\/loja3\/wp-content\/uploads\/2023\/12\/logo-pontes-editores-v2.png","width":258,"height":100,"caption":"Pontes Editores"},"image":{"@id":"https:\/\/ponteseditores.com.br\/loja3\/#\/schema\/logo\/image\/"}}]}},"_links":{"self":[{"href":"https:\/\/ponteseditores.com.br\/loja3\/wp-json\/wp\/v2\/product\/38673","targetHints":{"allow":["GET"]}}],"collection":[{"href":"https:\/\/ponteseditores.com.br\/loja3\/wp-json\/wp\/v2\/product"}],"about":[{"href":"https:\/\/ponteseditores.com.br\/loja3\/wp-json\/wp\/v2\/types\/product"}],"replies":[{"embeddable":true,"href":"https:\/\/ponteseditores.com.br\/loja3\/wp-json\/wp\/v2\/comments?post=38673"}],"version-history":[{"count":1,"href":"https:\/\/ponteseditores.com.br\/loja3\/wp-json\/wp\/v2\/product\/38673\/revisions"}],"predecessor-version":[{"id":38675,"href":"https:\/\/ponteseditores.com.br\/loja3\/wp-json\/wp\/v2\/product\/38673\/revisions\/38675"}],"wp:featuredmedia":[{"embeddable":true,"href":"https:\/\/ponteseditores.com.br\/loja3\/wp-json\/wp\/v2\/media\/38584"}],"wp:attachment":[{"href":"https:\/\/ponteseditores.com.br\/loja3\/wp-json\/wp\/v2\/media?parent=38673"}],"wp:term":[{"taxonomy":"product_brand","embeddable":true,"href":"https:\/\/ponteseditores.com.br\/loja3\/wp-json\/wp\/v2\/product_brand?post=38673"},{"taxonomy":"product_cat","embeddable":true,"href":"https:\/\/ponteseditores.com.br\/loja3\/wp-json\/wp\/v2\/product_cat?post=38673"},{"taxonomy":"product_tag","embeddable":true,"href":"https:\/\/ponteseditores.com.br\/loja3\/wp-json\/wp\/v2\/product_tag?post=38673"}],"curies":[{"name":"wp","href":"https:\/\/api.w.org\/{rel}","templated":true}]}}