{"id":38623,"date":"2026-03-25T14:35:11","date_gmt":"2026-03-25T17:35:11","guid":{"rendered":"https:\/\/ponteseditores.com.br\/loja3\/?post_type=product&#038;p=38623"},"modified":"2026-03-25T14:35:12","modified_gmt":"2026-03-25T17:35:12","slug":"elementos-para-uma-socio-historia-do-brasil-colonia-a-partir-da-formacao-de-corpora-diacronicos","status":"publish","type":"product","link":"https:\/\/ponteseditores.com.br\/loja3\/pontes-editores-home-2__trashed\/linguistica\/elementos-para-uma-socio-historia-do-brasil-colonia-a-partir-da-formacao-de-corpora-diacronicos\/","title":{"rendered":"Elementos para uma s\u00f3cio-hist\u00f3ria do Brasil col\u00f4nia a partir da forma\u00e7\u00e3o de corpora diacr\u00f4nicos"},"content":{"rendered":"<p>A leitura dos textos que comp\u00f5em esta colet\u00e2nea nos conecta com a hist\u00f3ria, desde o in\u00edcio do processo de coloniza\u00e7\u00e3o \u00e0s primeiras d\u00e9cadas do s\u00e9culo XIX, possibilitando a pesquisadores \u2013 por meio de an\u00e1lise s\u00f3cio-hist\u00f3rica do portugu\u00eas, mais especificamente do portugu\u00eas brasileiro \u2013 ter contato com fontes manuscritas produzidas em diferentes \u00e9pocas e por diferentes agentes sociais. Ao ler os 12 cap\u00edtulos que comp\u00f5em esta colet\u00e2nea, al\u00e9m da apresenta\u00e7\u00e3o, percebo nitidamente o significado da frase \u201ctecendo o fio da hist\u00f3ria\u201d.<\/p>\n<p>Uma met\u00e1fora que cabe perfeitamente nas v\u00e1rias hist\u00f3rias de vida aqui analisadas, articulando as narrativas ao processo de fia\u00e7\u00e3o em suas v\u00e1rias etapas, convertendo as fibras em fios \u2013 da carda\u00e7\u00e3o \u00e0 fia\u00e7\u00e3o \u2013 e, por fim, o entrela\u00e7amento destes para a forma\u00e7\u00e3o do tecido. Louvo a iniciativa dos organizadores e refor\u00e7o a import\u00e2ncia do trabalho desenvolvido no \u00e2mbito do projeto Corpus Eletr\u00f4nico de Documentos Hist\u00f3ricos do Sert\u00e3o e do N\u00facleo de Estudos de L\u00edngua Portuguesa da UEFS, que t\u00eam pap\u00e9is importantes na difus\u00e3o do conhecimento produzido no interior da universidade. Lendo estas p\u00e1ginas \u2013 e aproveitando o que os autores possibilitaram ao longo dos textos \u2013, me senti exercitando o que, metaforicamente, Carlo Ginzburg chamou de revela\u00e7\u00e3o da analogia entre inquisidores e antrop\u00f3logos\/historiadores, ou seja, olhando por cima dos ombros dos <em>scriptores<\/em>, buscando compreend\u00ea-los para al\u00e9m da reprodu\u00e7\u00e3o do discurso.<\/p>\n<p>&nbsp;<\/p>\n<p><strong>Grayce Mayre Bonfim Souza<\/strong><\/p>\n<p>Professora Plena da Universidade Estadual do Sudoeste da Bahia<\/p>\n<p>Departamento de Hist\u00f3ria<\/p>\n<p>Programa de P\u00f3s-Gradua\u00e7\u00e3o em Ensino de Hist\u00f3ria<\/p>\n<p>Laborat\u00f3rio de Estudos, Documenta\u00e7\u00e3o Inquisitorial e Sociedade de Antigo Regime<\/p>\n","protected":false},"excerpt":{"rendered":"<p>A leitura dos textos que comp\u00f5em esta colet\u00e2nea nos conecta com a hist\u00f3ria, desde o in\u00edcio do processo de coloniza\u00e7\u00e3o \u00e0s primeiras d\u00e9cadas do s\u00e9culo XIX, possibilitando a pesquisadores \u2013 por meio de an\u00e1lise s\u00f3cio-hist\u00f3rica do portugu\u00eas, mais especificamente do portugu\u00eas brasileiro \u2013 ter contato com fontes manuscritas produzidas em diferentes \u00e9pocas e por diferentes [&hellip;]<\/p>\n","protected":false},"featured_media":38624,"comment_status":"open","ping_status":"closed","template":"","meta":{"_joinchat":[]},"product_brand":[],"product_cat":[167,290,31],"product_tag":[],"class_list":{"0":"post-38623","1":"product","2":"type-product","3":"status-publish","4":"has-post-thumbnail","6":"product_cat-lancamento","7":"product_cat-linguagem-e-linguas","8":"product_cat-linguistica","10":"first","11":"instock","12":"shipping-taxable","13":"purchasable","14":"product-type-simple"},"yoast_head":"<!-- This site is optimized with the Yoast SEO plugin v27.4 - https:\/\/yoast.com\/product\/yoast-seo-wordpress\/ -->\n<title>Elementos para uma s\u00f3cio-hist\u00f3ria do Brasil col\u00f4nia a partir da forma\u00e7\u00e3o de corpora diacr\u00f4nicos - Pontes Editores<\/title>\n<meta name=\"robots\" content=\"index, follow, max-snippet:-1, max-image-preview:large, max-video-preview:-1\" \/>\n<link rel=\"canonical\" href=\"https:\/\/ponteseditores.com.br\/loja3\/pontes-editores-home-2__trashed\/linguistica\/elementos-para-uma-socio-historia-do-brasil-colonia-a-partir-da-formacao-de-corpora-diacronicos\/\" \/>\n<meta property=\"og:locale\" content=\"pt_BR\" \/>\n<meta property=\"og:type\" content=\"article\" \/>\n<meta property=\"og:title\" content=\"Elementos para uma s\u00f3cio-hist\u00f3ria do Brasil col\u00f4nia a partir da forma\u00e7\u00e3o de corpora diacr\u00f4nicos - Pontes Editores\" \/>\n<meta property=\"og:description\" content=\"A leitura dos textos que comp\u00f5em esta colet\u00e2nea nos conecta com a hist\u00f3ria, desde o in\u00edcio do processo de coloniza\u00e7\u00e3o \u00e0s primeiras d\u00e9cadas do s\u00e9culo XIX, possibilitando a pesquisadores \u2013 por meio de an\u00e1lise s\u00f3cio-hist\u00f3rica do portugu\u00eas, mais especificamente do portugu\u00eas brasileiro \u2013 ter contato com fontes manuscritas produzidas em diferentes \u00e9pocas e por diferentes [&hellip;]\" \/>\n<meta property=\"og:url\" content=\"https:\/\/ponteseditores.com.br\/loja3\/pontes-editores-home-2__trashed\/linguistica\/elementos-para-uma-socio-historia-do-brasil-colonia-a-partir-da-formacao-de-corpora-diacronicos\/\" \/>\n<meta property=\"og:site_name\" content=\"Pontes Editores\" \/>\n<meta property=\"article:modified_time\" content=\"2026-03-25T17:35:12+00:00\" \/>\n<meta property=\"og:image\" content=\"https:\/\/ponteseditores.com.br\/loja3\/wp-content\/uploads\/2026\/03\/Capa_Elementos-para-uma-socio-historia.jpg\" \/>\n\t<meta property=\"og:image:width\" content=\"800\" \/>\n\t<meta property=\"og:image:height\" content=\"1159\" \/>\n\t<meta property=\"og:image:type\" content=\"image\/jpeg\" \/>\n<meta name=\"twitter:card\" content=\"summary_large_image\" \/>\n<meta name=\"twitter:label1\" content=\"Est. tempo de leitura\" \/>\n\t<meta name=\"twitter:data1\" content=\"2 minutos\" \/>\n<script type=\"application\/ld+json\" class=\"yoast-schema-graph\">{\"@context\":\"https:\\\/\\\/schema.org\",\"@graph\":[{\"@type\":\"WebPage\",\"@id\":\"https:\\\/\\\/ponteseditores.com.br\\\/loja3\\\/pontes-editores-home-2__trashed\\\/linguistica\\\/elementos-para-uma-socio-historia-do-brasil-colonia-a-partir-da-formacao-de-corpora-diacronicos\\\/\",\"url\":\"https:\\\/\\\/ponteseditores.com.br\\\/loja3\\\/pontes-editores-home-2__trashed\\\/linguistica\\\/elementos-para-uma-socio-historia-do-brasil-colonia-a-partir-da-formacao-de-corpora-diacronicos\\\/\",\"name\":\"Elementos para uma s\u00f3cio-hist\u00f3ria do Brasil col\u00f4nia a partir da forma\u00e7\u00e3o de corpora diacr\u00f4nicos - Pontes Editores\",\"isPartOf\":{\"@id\":\"https:\\\/\\\/ponteseditores.com.br\\\/loja3\\\/#website\"},\"primaryImageOfPage\":{\"@id\":\"https:\\\/\\\/ponteseditores.com.br\\\/loja3\\\/pontes-editores-home-2__trashed\\\/linguistica\\\/elementos-para-uma-socio-historia-do-brasil-colonia-a-partir-da-formacao-de-corpora-diacronicos\\\/#primaryimage\"},\"image\":{\"@id\":\"https:\\\/\\\/ponteseditores.com.br\\\/loja3\\\/pontes-editores-home-2__trashed\\\/linguistica\\\/elementos-para-uma-socio-historia-do-brasil-colonia-a-partir-da-formacao-de-corpora-diacronicos\\\/#primaryimage\"},\"thumbnailUrl\":\"https:\\\/\\\/ponteseditores.com.br\\\/loja3\\\/wp-content\\\/uploads\\\/2026\\\/03\\\/Capa_Elementos-para-uma-socio-historia.jpg\",\"datePublished\":\"2026-03-25T17:35:11+00:00\",\"dateModified\":\"2026-03-25T17:35:12+00:00\",\"breadcrumb\":{\"@id\":\"https:\\\/\\\/ponteseditores.com.br\\\/loja3\\\/pontes-editores-home-2__trashed\\\/linguistica\\\/elementos-para-uma-socio-historia-do-brasil-colonia-a-partir-da-formacao-de-corpora-diacronicos\\\/#breadcrumb\"},\"inLanguage\":\"pt-BR\",\"potentialAction\":[{\"@type\":\"ReadAction\",\"target\":[\"https:\\\/\\\/ponteseditores.com.br\\\/loja3\\\/pontes-editores-home-2__trashed\\\/linguistica\\\/elementos-para-uma-socio-historia-do-brasil-colonia-a-partir-da-formacao-de-corpora-diacronicos\\\/\"]}]},{\"@type\":\"ImageObject\",\"inLanguage\":\"pt-BR\",\"@id\":\"https:\\\/\\\/ponteseditores.com.br\\\/loja3\\\/pontes-editores-home-2__trashed\\\/linguistica\\\/elementos-para-uma-socio-historia-do-brasil-colonia-a-partir-da-formacao-de-corpora-diacronicos\\\/#primaryimage\",\"url\":\"https:\\\/\\\/ponteseditores.com.br\\\/loja3\\\/wp-content\\\/uploads\\\/2026\\\/03\\\/Capa_Elementos-para-uma-socio-historia.jpg\",\"contentUrl\":\"https:\\\/\\\/ponteseditores.com.br\\\/loja3\\\/wp-content\\\/uploads\\\/2026\\\/03\\\/Capa_Elementos-para-uma-socio-historia.jpg\",\"width\":800,\"height\":1159},{\"@type\":\"BreadcrumbList\",\"@id\":\"https:\\\/\\\/ponteseditores.com.br\\\/loja3\\\/pontes-editores-home-2__trashed\\\/linguistica\\\/elementos-para-uma-socio-historia-do-brasil-colonia-a-partir-da-formacao-de-corpora-diacronicos\\\/#breadcrumb\",\"itemListElement\":[{\"@type\":\"ListItem\",\"position\":1,\"name\":\"Home\",\"item\":\"https:\\\/\\\/ponteseditores.com.br\\\/loja3\\\/\"},{\"@type\":\"ListItem\",\"position\":2,\"name\":\"loja\",\"item\":\"https:\\\/\\\/ponteseditores.com.br\\\/loja3\\\/loja\\\/\"},{\"@type\":\"ListItem\",\"position\":3,\"name\":\"Elementos para uma s\u00f3cio-hist\u00f3ria do Brasil col\u00f4nia a partir da forma\u00e7\u00e3o de corpora diacr\u00f4nicos\"}]},{\"@type\":\"WebSite\",\"@id\":\"https:\\\/\\\/ponteseditores.com.br\\\/loja3\\\/#website\",\"url\":\"https:\\\/\\\/ponteseditores.com.br\\\/loja3\\\/\",\"name\":\"Pontes Editores\",\"description\":\"Pontes Editores\",\"publisher\":{\"@id\":\"https:\\\/\\\/ponteseditores.com.br\\\/loja3\\\/#organization\"},\"potentialAction\":[{\"@type\":\"SearchAction\",\"target\":{\"@type\":\"EntryPoint\",\"urlTemplate\":\"https:\\\/\\\/ponteseditores.com.br\\\/loja3\\\/?s={search_term_string}\"},\"query-input\":{\"@type\":\"PropertyValueSpecification\",\"valueRequired\":true,\"valueName\":\"search_term_string\"}}],\"inLanguage\":\"pt-BR\"},{\"@type\":\"Organization\",\"@id\":\"https:\\\/\\\/ponteseditores.com.br\\\/loja3\\\/#organization\",\"name\":\"Pontes Editores\",\"url\":\"https:\\\/\\\/ponteseditores.com.br\\\/loja3\\\/\",\"logo\":{\"@type\":\"ImageObject\",\"inLanguage\":\"pt-BR\",\"@id\":\"https:\\\/\\\/ponteseditores.com.br\\\/loja3\\\/#\\\/schema\\\/logo\\\/image\\\/\",\"url\":\"https:\\\/\\\/ponteseditores.com.br\\\/loja3\\\/wp-content\\\/uploads\\\/2023\\\/12\\\/logo-pontes-editores-v2.png\",\"contentUrl\":\"https:\\\/\\\/ponteseditores.com.br\\\/loja3\\\/wp-content\\\/uploads\\\/2023\\\/12\\\/logo-pontes-editores-v2.png\",\"width\":258,\"height\":100,\"caption\":\"Pontes Editores\"},\"image\":{\"@id\":\"https:\\\/\\\/ponteseditores.com.br\\\/loja3\\\/#\\\/schema\\\/logo\\\/image\\\/\"}}]}<\/script>\n<!-- \/ Yoast SEO plugin. -->","yoast_head_json":{"title":"Elementos para uma s\u00f3cio-hist\u00f3ria do Brasil col\u00f4nia a partir da forma\u00e7\u00e3o de corpora diacr\u00f4nicos - Pontes Editores","robots":{"index":"index","follow":"follow","max-snippet":"max-snippet:-1","max-image-preview":"max-image-preview:large","max-video-preview":"max-video-preview:-1"},"canonical":"https:\/\/ponteseditores.com.br\/loja3\/pontes-editores-home-2__trashed\/linguistica\/elementos-para-uma-socio-historia-do-brasil-colonia-a-partir-da-formacao-de-corpora-diacronicos\/","og_locale":"pt_BR","og_type":"article","og_title":"Elementos para uma s\u00f3cio-hist\u00f3ria do Brasil col\u00f4nia a partir da forma\u00e7\u00e3o de corpora diacr\u00f4nicos - Pontes Editores","og_description":"A leitura dos textos que comp\u00f5em esta colet\u00e2nea nos conecta com a hist\u00f3ria, desde o in\u00edcio do processo de coloniza\u00e7\u00e3o \u00e0s primeiras d\u00e9cadas do s\u00e9culo XIX, possibilitando a pesquisadores \u2013 por meio de an\u00e1lise s\u00f3cio-hist\u00f3rica do portugu\u00eas, mais especificamente do portugu\u00eas brasileiro \u2013 ter contato com fontes manuscritas produzidas em diferentes \u00e9pocas e por diferentes [&hellip;]","og_url":"https:\/\/ponteseditores.com.br\/loja3\/pontes-editores-home-2__trashed\/linguistica\/elementos-para-uma-socio-historia-do-brasil-colonia-a-partir-da-formacao-de-corpora-diacronicos\/","og_site_name":"Pontes Editores","article_modified_time":"2026-03-25T17:35:12+00:00","og_image":[{"width":800,"height":1159,"url":"https:\/\/ponteseditores.com.br\/loja3\/wp-content\/uploads\/2026\/03\/Capa_Elementos-para-uma-socio-historia.jpg","type":"image\/jpeg"}],"twitter_card":"summary_large_image","twitter_misc":{"Est. tempo de leitura":"2 minutos"},"schema":{"@context":"https:\/\/schema.org","@graph":[{"@type":"WebPage","@id":"https:\/\/ponteseditores.com.br\/loja3\/pontes-editores-home-2__trashed\/linguistica\/elementos-para-uma-socio-historia-do-brasil-colonia-a-partir-da-formacao-de-corpora-diacronicos\/","url":"https:\/\/ponteseditores.com.br\/loja3\/pontes-editores-home-2__trashed\/linguistica\/elementos-para-uma-socio-historia-do-brasil-colonia-a-partir-da-formacao-de-corpora-diacronicos\/","name":"Elementos para uma s\u00f3cio-hist\u00f3ria do Brasil col\u00f4nia a partir da forma\u00e7\u00e3o de corpora diacr\u00f4nicos - Pontes Editores","isPartOf":{"@id":"https:\/\/ponteseditores.com.br\/loja3\/#website"},"primaryImageOfPage":{"@id":"https:\/\/ponteseditores.com.br\/loja3\/pontes-editores-home-2__trashed\/linguistica\/elementos-para-uma-socio-historia-do-brasil-colonia-a-partir-da-formacao-de-corpora-diacronicos\/#primaryimage"},"image":{"@id":"https:\/\/ponteseditores.com.br\/loja3\/pontes-editores-home-2__trashed\/linguistica\/elementos-para-uma-socio-historia-do-brasil-colonia-a-partir-da-formacao-de-corpora-diacronicos\/#primaryimage"},"thumbnailUrl":"https:\/\/ponteseditores.com.br\/loja3\/wp-content\/uploads\/2026\/03\/Capa_Elementos-para-uma-socio-historia.jpg","datePublished":"2026-03-25T17:35:11+00:00","dateModified":"2026-03-25T17:35:12+00:00","breadcrumb":{"@id":"https:\/\/ponteseditores.com.br\/loja3\/pontes-editores-home-2__trashed\/linguistica\/elementos-para-uma-socio-historia-do-brasil-colonia-a-partir-da-formacao-de-corpora-diacronicos\/#breadcrumb"},"inLanguage":"pt-BR","potentialAction":[{"@type":"ReadAction","target":["https:\/\/ponteseditores.com.br\/loja3\/pontes-editores-home-2__trashed\/linguistica\/elementos-para-uma-socio-historia-do-brasil-colonia-a-partir-da-formacao-de-corpora-diacronicos\/"]}]},{"@type":"ImageObject","inLanguage":"pt-BR","@id":"https:\/\/ponteseditores.com.br\/loja3\/pontes-editores-home-2__trashed\/linguistica\/elementos-para-uma-socio-historia-do-brasil-colonia-a-partir-da-formacao-de-corpora-diacronicos\/#primaryimage","url":"https:\/\/ponteseditores.com.br\/loja3\/wp-content\/uploads\/2026\/03\/Capa_Elementos-para-uma-socio-historia.jpg","contentUrl":"https:\/\/ponteseditores.com.br\/loja3\/wp-content\/uploads\/2026\/03\/Capa_Elementos-para-uma-socio-historia.jpg","width":800,"height":1159},{"@type":"BreadcrumbList","@id":"https:\/\/ponteseditores.com.br\/loja3\/pontes-editores-home-2__trashed\/linguistica\/elementos-para-uma-socio-historia-do-brasil-colonia-a-partir-da-formacao-de-corpora-diacronicos\/#breadcrumb","itemListElement":[{"@type":"ListItem","position":1,"name":"Home","item":"https:\/\/ponteseditores.com.br\/loja3\/"},{"@type":"ListItem","position":2,"name":"loja","item":"https:\/\/ponteseditores.com.br\/loja3\/loja\/"},{"@type":"ListItem","position":3,"name":"Elementos para uma s\u00f3cio-hist\u00f3ria do Brasil col\u00f4nia a partir da forma\u00e7\u00e3o de corpora diacr\u00f4nicos"}]},{"@type":"WebSite","@id":"https:\/\/ponteseditores.com.br\/loja3\/#website","url":"https:\/\/ponteseditores.com.br\/loja3\/","name":"Pontes Editores","description":"Pontes Editores","publisher":{"@id":"https:\/\/ponteseditores.com.br\/loja3\/#organization"},"potentialAction":[{"@type":"SearchAction","target":{"@type":"EntryPoint","urlTemplate":"https:\/\/ponteseditores.com.br\/loja3\/?s={search_term_string}"},"query-input":{"@type":"PropertyValueSpecification","valueRequired":true,"valueName":"search_term_string"}}],"inLanguage":"pt-BR"},{"@type":"Organization","@id":"https:\/\/ponteseditores.com.br\/loja3\/#organization","name":"Pontes Editores","url":"https:\/\/ponteseditores.com.br\/loja3\/","logo":{"@type":"ImageObject","inLanguage":"pt-BR","@id":"https:\/\/ponteseditores.com.br\/loja3\/#\/schema\/logo\/image\/","url":"https:\/\/ponteseditores.com.br\/loja3\/wp-content\/uploads\/2023\/12\/logo-pontes-editores-v2.png","contentUrl":"https:\/\/ponteseditores.com.br\/loja3\/wp-content\/uploads\/2023\/12\/logo-pontes-editores-v2.png","width":258,"height":100,"caption":"Pontes Editores"},"image":{"@id":"https:\/\/ponteseditores.com.br\/loja3\/#\/schema\/logo\/image\/"}}]}},"_links":{"self":[{"href":"https:\/\/ponteseditores.com.br\/loja3\/wp-json\/wp\/v2\/product\/38623","targetHints":{"allow":["GET"]}}],"collection":[{"href":"https:\/\/ponteseditores.com.br\/loja3\/wp-json\/wp\/v2\/product"}],"about":[{"href":"https:\/\/ponteseditores.com.br\/loja3\/wp-json\/wp\/v2\/types\/product"}],"replies":[{"embeddable":true,"href":"https:\/\/ponteseditores.com.br\/loja3\/wp-json\/wp\/v2\/comments?post=38623"}],"version-history":[{"count":1,"href":"https:\/\/ponteseditores.com.br\/loja3\/wp-json\/wp\/v2\/product\/38623\/revisions"}],"predecessor-version":[{"id":38625,"href":"https:\/\/ponteseditores.com.br\/loja3\/wp-json\/wp\/v2\/product\/38623\/revisions\/38625"}],"wp:featuredmedia":[{"embeddable":true,"href":"https:\/\/ponteseditores.com.br\/loja3\/wp-json\/wp\/v2\/media\/38624"}],"wp:attachment":[{"href":"https:\/\/ponteseditores.com.br\/loja3\/wp-json\/wp\/v2\/media?parent=38623"}],"wp:term":[{"taxonomy":"product_brand","embeddable":true,"href":"https:\/\/ponteseditores.com.br\/loja3\/wp-json\/wp\/v2\/product_brand?post=38623"},{"taxonomy":"product_cat","embeddable":true,"href":"https:\/\/ponteseditores.com.br\/loja3\/wp-json\/wp\/v2\/product_cat?post=38623"},{"taxonomy":"product_tag","embeddable":true,"href":"https:\/\/ponteseditores.com.br\/loja3\/wp-json\/wp\/v2\/product_tag?post=38623"}],"curies":[{"name":"wp","href":"https:\/\/api.w.org\/{rel}","templated":true}]}}