{"id":38616,"date":"2026-03-25T13:33:53","date_gmt":"2026-03-25T16:33:53","guid":{"rendered":"https:\/\/ponteseditores.com.br\/loja3\/?post_type=product&#038;p=38616"},"modified":"2026-03-25T13:33:54","modified_gmt":"2026-03-25T16:33:54","slug":"artigos-analises-e-tutoriais-de-telecomunicacoes","status":"publish","type":"product","link":"https:\/\/ponteseditores.com.br\/loja3\/pontes-editores-home-2__trashed\/ebook\/lancamento-e-book\/artigos-analises-e-tutoriais-de-telecomunicacoes\/","title":{"rendered":"Artigos, an\u00e1lises, e tutoriais de telecomunica\u00e7\u00f5es"},"content":{"rendered":"<p>Com pref\u00e1cio do jornalista Rubens Glasberg, o livro \u201cArtigos, an\u00e1lises e tutoriais de telecomunica\u00e7\u00f5es\u201d re\u00fane textos escritos no decorrer de 23 anos (Dez. 1991 a Fev. 2014), na forma de artigos, an\u00e1lises e tutoriais, divulgados em jornais, revistas, livros e sites, nesta edi\u00e7\u00e3o fa\u00e7o a transcri\u00e7\u00e3o, em ordem cronol\u00f3gica, de 56 dessas publica\u00e7\u00f5es.<\/p>\n<p>S\u00e3o registros e opini\u00f5es que retratam parte das atividades profissionais e alguns dos momentos vividos, sem medo de errar, no setor de telecomunica\u00e7\u00f5es brasileiro, ao qual me dedico desde os anos 70.<\/p>\n<p>Atuando como engenheiro, depois gerente, diretor, presidente e conselheiro de empresas operadoras do Sistema Telebr\u00e1s, e tamb\u00e9m da ent\u00e3o empresa <em>holding <\/em>do setor, a Telebr\u00e1s. Em seguida, ao longo de oito anos no Minist\u00e9rio das Comunica\u00e7\u00f5es, como diretor, secret\u00e1rio, secret\u00e1rio-executivo e ministro de Estado. E atualmente, como consultor ou conselheiro de diferentes empresas, funda\u00e7\u00f5es e associa\u00e7\u00f5es de classe.<\/p>\n<p>Trata-se de uma carreira longa, e ainda em andamento, nas telecomunica\u00e7\u00f5es do Brasil, sempre procurando zelar pelo interesse p\u00fablico e o engrandecimento do Pa\u00eds, pregando que s\u00f3 investindo, mais e mais, em telecomunica\u00e7\u00f5es \u00e9 que as na\u00e7\u00f5es conseguem gerar riquezas de que necessita a economia.<\/p>\n<p>No livro destino registros para a posteridade, na forma de uma colet\u00e2nea, uma fonte hist\u00f3rica, e n\u00e3o somente a transcri\u00e7\u00e3o de textos por mim produzidos e divulgados em diferentes ve\u00edculos.<\/p>\n<p>&nbsp;<\/p>\n<p><em>Juarez Quadros do Nascimento<\/em><\/p>\n<p>&nbsp;<\/p>\n","protected":false},"excerpt":{"rendered":"<p>Com pref\u00e1cio do jornalista Rubens Glasberg, o livro \u201cArtigos, an\u00e1lises e tutoriais de telecomunica\u00e7\u00f5es\u201d re\u00fane textos escritos no decorrer de 23 anos (Dez. 1991 a Fev. 2014), na forma de artigos, an\u00e1lises e tutoriais, divulgados em jornais, revistas, livros e sites, nesta edi\u00e7\u00e3o fa\u00e7o a transcri\u00e7\u00e3o, em ordem cronol\u00f3gica, de 56 dessas publica\u00e7\u00f5es. S\u00e3o registros [&hellip;]<\/p>\n","protected":false},"featured_media":38618,"comment_status":"open","ping_status":"closed","template":"","meta":{"_joinchat":[]},"product_brand":[],"product_cat":[165,386],"product_tag":[],"class_list":{"0":"post-38616","1":"product","2":"type-product","3":"status-publish","4":"has-post-thumbnail","6":"product_cat-ebook","7":"product_cat-lancamento-e-book","9":"first","10":"instock","11":"downloadable","12":"virtual","13":"purchasable","14":"product-type-simple"},"yoast_head":"<!-- This site is optimized with the Yoast SEO plugin v27.3 - https:\/\/yoast.com\/product\/yoast-seo-wordpress\/ -->\n<title>Artigos, an\u00e1lises, e tutoriais de telecomunica\u00e7\u00f5es - Pontes Editores<\/title>\n<meta name=\"robots\" content=\"index, follow, max-snippet:-1, max-image-preview:large, max-video-preview:-1\" \/>\n<link rel=\"canonical\" href=\"https:\/\/ponteseditores.com.br\/loja3\/pontes-editores-home-2__trashed\/ebook\/lancamento-e-book\/artigos-analises-e-tutoriais-de-telecomunicacoes\/\" \/>\n<meta property=\"og:locale\" content=\"pt_BR\" \/>\n<meta property=\"og:type\" content=\"article\" \/>\n<meta property=\"og:title\" content=\"Artigos, an\u00e1lises, e tutoriais de telecomunica\u00e7\u00f5es - Pontes Editores\" \/>\n<meta property=\"og:description\" content=\"Com pref\u00e1cio do jornalista Rubens Glasberg, o livro \u201cArtigos, an\u00e1lises e tutoriais de telecomunica\u00e7\u00f5es\u201d re\u00fane textos escritos no decorrer de 23 anos (Dez. 1991 a Fev. 2014), na forma de artigos, an\u00e1lises e tutoriais, divulgados em jornais, revistas, livros e sites, nesta edi\u00e7\u00e3o fa\u00e7o a transcri\u00e7\u00e3o, em ordem cronol\u00f3gica, de 56 dessas publica\u00e7\u00f5es. S\u00e3o registros [&hellip;]\" \/>\n<meta property=\"og:url\" content=\"https:\/\/ponteseditores.com.br\/loja3\/pontes-editores-home-2__trashed\/ebook\/lancamento-e-book\/artigos-analises-e-tutoriais-de-telecomunicacoes\/\" \/>\n<meta property=\"og:site_name\" content=\"Pontes Editores\" \/>\n<meta property=\"article:modified_time\" content=\"2026-03-25T16:33:54+00:00\" \/>\n<meta property=\"og:image\" content=\"https:\/\/ponteseditores.com.br\/loja3\/wp-content\/uploads\/2026\/03\/Capa_Artigos-analises-e-tutoriais.jpg\" \/>\n\t<meta property=\"og:image:width\" content=\"800\" \/>\n\t<meta property=\"og:image:height\" content=\"1159\" \/>\n\t<meta property=\"og:image:type\" content=\"image\/jpeg\" \/>\n<meta name=\"twitter:card\" content=\"summary_large_image\" \/>\n<meta name=\"twitter:label1\" content=\"Est. tempo de leitura\" \/>\n\t<meta name=\"twitter:data1\" content=\"2 minutos\" \/>\n<script type=\"application\/ld+json\" class=\"yoast-schema-graph\">{\"@context\":\"https:\\\/\\\/schema.org\",\"@graph\":[{\"@type\":\"WebPage\",\"@id\":\"https:\\\/\\\/ponteseditores.com.br\\\/loja3\\\/pontes-editores-home-2__trashed\\\/ebook\\\/lancamento-e-book\\\/artigos-analises-e-tutoriais-de-telecomunicacoes\\\/\",\"url\":\"https:\\\/\\\/ponteseditores.com.br\\\/loja3\\\/pontes-editores-home-2__trashed\\\/ebook\\\/lancamento-e-book\\\/artigos-analises-e-tutoriais-de-telecomunicacoes\\\/\",\"name\":\"Artigos, an\u00e1lises, e tutoriais de telecomunica\u00e7\u00f5es - Pontes Editores\",\"isPartOf\":{\"@id\":\"https:\\\/\\\/ponteseditores.com.br\\\/loja3\\\/#website\"},\"primaryImageOfPage\":{\"@id\":\"https:\\\/\\\/ponteseditores.com.br\\\/loja3\\\/pontes-editores-home-2__trashed\\\/ebook\\\/lancamento-e-book\\\/artigos-analises-e-tutoriais-de-telecomunicacoes\\\/#primaryimage\"},\"image\":{\"@id\":\"https:\\\/\\\/ponteseditores.com.br\\\/loja3\\\/pontes-editores-home-2__trashed\\\/ebook\\\/lancamento-e-book\\\/artigos-analises-e-tutoriais-de-telecomunicacoes\\\/#primaryimage\"},\"thumbnailUrl\":\"https:\\\/\\\/ponteseditores.com.br\\\/loja3\\\/wp-content\\\/uploads\\\/2026\\\/03\\\/Capa_Artigos-analises-e-tutoriais.jpg\",\"datePublished\":\"2026-03-25T16:33:53+00:00\",\"dateModified\":\"2026-03-25T16:33:54+00:00\",\"breadcrumb\":{\"@id\":\"https:\\\/\\\/ponteseditores.com.br\\\/loja3\\\/pontes-editores-home-2__trashed\\\/ebook\\\/lancamento-e-book\\\/artigos-analises-e-tutoriais-de-telecomunicacoes\\\/#breadcrumb\"},\"inLanguage\":\"pt-BR\",\"potentialAction\":[{\"@type\":\"ReadAction\",\"target\":[\"https:\\\/\\\/ponteseditores.com.br\\\/loja3\\\/pontes-editores-home-2__trashed\\\/ebook\\\/lancamento-e-book\\\/artigos-analises-e-tutoriais-de-telecomunicacoes\\\/\"]}]},{\"@type\":\"ImageObject\",\"inLanguage\":\"pt-BR\",\"@id\":\"https:\\\/\\\/ponteseditores.com.br\\\/loja3\\\/pontes-editores-home-2__trashed\\\/ebook\\\/lancamento-e-book\\\/artigos-analises-e-tutoriais-de-telecomunicacoes\\\/#primaryimage\",\"url\":\"https:\\\/\\\/ponteseditores.com.br\\\/loja3\\\/wp-content\\\/uploads\\\/2026\\\/03\\\/Capa_Artigos-analises-e-tutoriais.jpg\",\"contentUrl\":\"https:\\\/\\\/ponteseditores.com.br\\\/loja3\\\/wp-content\\\/uploads\\\/2026\\\/03\\\/Capa_Artigos-analises-e-tutoriais.jpg\",\"width\":800,\"height\":1159},{\"@type\":\"BreadcrumbList\",\"@id\":\"https:\\\/\\\/ponteseditores.com.br\\\/loja3\\\/pontes-editores-home-2__trashed\\\/ebook\\\/lancamento-e-book\\\/artigos-analises-e-tutoriais-de-telecomunicacoes\\\/#breadcrumb\",\"itemListElement\":[{\"@type\":\"ListItem\",\"position\":1,\"name\":\"Home\",\"item\":\"https:\\\/\\\/ponteseditores.com.br\\\/loja3\\\/\"},{\"@type\":\"ListItem\",\"position\":2,\"name\":\"loja\",\"item\":\"https:\\\/\\\/ponteseditores.com.br\\\/loja3\\\/loja\\\/\"},{\"@type\":\"ListItem\",\"position\":3,\"name\":\"Artigos, an\u00e1lises, e tutoriais de telecomunica\u00e7\u00f5es\"}]},{\"@type\":\"WebSite\",\"@id\":\"https:\\\/\\\/ponteseditores.com.br\\\/loja3\\\/#website\",\"url\":\"https:\\\/\\\/ponteseditores.com.br\\\/loja3\\\/\",\"name\":\"Pontes Editores\",\"description\":\"Pontes Editores\",\"publisher\":{\"@id\":\"https:\\\/\\\/ponteseditores.com.br\\\/loja3\\\/#organization\"},\"potentialAction\":[{\"@type\":\"SearchAction\",\"target\":{\"@type\":\"EntryPoint\",\"urlTemplate\":\"https:\\\/\\\/ponteseditores.com.br\\\/loja3\\\/?s={search_term_string}\"},\"query-input\":{\"@type\":\"PropertyValueSpecification\",\"valueRequired\":true,\"valueName\":\"search_term_string\"}}],\"inLanguage\":\"pt-BR\"},{\"@type\":\"Organization\",\"@id\":\"https:\\\/\\\/ponteseditores.com.br\\\/loja3\\\/#organization\",\"name\":\"Pontes Editores\",\"url\":\"https:\\\/\\\/ponteseditores.com.br\\\/loja3\\\/\",\"logo\":{\"@type\":\"ImageObject\",\"inLanguage\":\"pt-BR\",\"@id\":\"https:\\\/\\\/ponteseditores.com.br\\\/loja3\\\/#\\\/schema\\\/logo\\\/image\\\/\",\"url\":\"https:\\\/\\\/ponteseditores.com.br\\\/loja3\\\/wp-content\\\/uploads\\\/2023\\\/12\\\/logo-pontes-editores-v2.png\",\"contentUrl\":\"https:\\\/\\\/ponteseditores.com.br\\\/loja3\\\/wp-content\\\/uploads\\\/2023\\\/12\\\/logo-pontes-editores-v2.png\",\"width\":258,\"height\":100,\"caption\":\"Pontes Editores\"},\"image\":{\"@id\":\"https:\\\/\\\/ponteseditores.com.br\\\/loja3\\\/#\\\/schema\\\/logo\\\/image\\\/\"}}]}<\/script>\n<!-- \/ Yoast SEO plugin. -->","yoast_head_json":{"title":"Artigos, an\u00e1lises, e tutoriais de telecomunica\u00e7\u00f5es - Pontes Editores","robots":{"index":"index","follow":"follow","max-snippet":"max-snippet:-1","max-image-preview":"max-image-preview:large","max-video-preview":"max-video-preview:-1"},"canonical":"https:\/\/ponteseditores.com.br\/loja3\/pontes-editores-home-2__trashed\/ebook\/lancamento-e-book\/artigos-analises-e-tutoriais-de-telecomunicacoes\/","og_locale":"pt_BR","og_type":"article","og_title":"Artigos, an\u00e1lises, e tutoriais de telecomunica\u00e7\u00f5es - Pontes Editores","og_description":"Com pref\u00e1cio do jornalista Rubens Glasberg, o livro \u201cArtigos, an\u00e1lises e tutoriais de telecomunica\u00e7\u00f5es\u201d re\u00fane textos escritos no decorrer de 23 anos (Dez. 1991 a Fev. 2014), na forma de artigos, an\u00e1lises e tutoriais, divulgados em jornais, revistas, livros e sites, nesta edi\u00e7\u00e3o fa\u00e7o a transcri\u00e7\u00e3o, em ordem cronol\u00f3gica, de 56 dessas publica\u00e7\u00f5es. S\u00e3o registros [&hellip;]","og_url":"https:\/\/ponteseditores.com.br\/loja3\/pontes-editores-home-2__trashed\/ebook\/lancamento-e-book\/artigos-analises-e-tutoriais-de-telecomunicacoes\/","og_site_name":"Pontes Editores","article_modified_time":"2026-03-25T16:33:54+00:00","og_image":[{"width":800,"height":1159,"url":"https:\/\/ponteseditores.com.br\/loja3\/wp-content\/uploads\/2026\/03\/Capa_Artigos-analises-e-tutoriais.jpg","type":"image\/jpeg"}],"twitter_card":"summary_large_image","twitter_misc":{"Est. tempo de leitura":"2 minutos"},"schema":{"@context":"https:\/\/schema.org","@graph":[{"@type":"WebPage","@id":"https:\/\/ponteseditores.com.br\/loja3\/pontes-editores-home-2__trashed\/ebook\/lancamento-e-book\/artigos-analises-e-tutoriais-de-telecomunicacoes\/","url":"https:\/\/ponteseditores.com.br\/loja3\/pontes-editores-home-2__trashed\/ebook\/lancamento-e-book\/artigos-analises-e-tutoriais-de-telecomunicacoes\/","name":"Artigos, an\u00e1lises, e tutoriais de telecomunica\u00e7\u00f5es - Pontes Editores","isPartOf":{"@id":"https:\/\/ponteseditores.com.br\/loja3\/#website"},"primaryImageOfPage":{"@id":"https:\/\/ponteseditores.com.br\/loja3\/pontes-editores-home-2__trashed\/ebook\/lancamento-e-book\/artigos-analises-e-tutoriais-de-telecomunicacoes\/#primaryimage"},"image":{"@id":"https:\/\/ponteseditores.com.br\/loja3\/pontes-editores-home-2__trashed\/ebook\/lancamento-e-book\/artigos-analises-e-tutoriais-de-telecomunicacoes\/#primaryimage"},"thumbnailUrl":"https:\/\/ponteseditores.com.br\/loja3\/wp-content\/uploads\/2026\/03\/Capa_Artigos-analises-e-tutoriais.jpg","datePublished":"2026-03-25T16:33:53+00:00","dateModified":"2026-03-25T16:33:54+00:00","breadcrumb":{"@id":"https:\/\/ponteseditores.com.br\/loja3\/pontes-editores-home-2__trashed\/ebook\/lancamento-e-book\/artigos-analises-e-tutoriais-de-telecomunicacoes\/#breadcrumb"},"inLanguage":"pt-BR","potentialAction":[{"@type":"ReadAction","target":["https:\/\/ponteseditores.com.br\/loja3\/pontes-editores-home-2__trashed\/ebook\/lancamento-e-book\/artigos-analises-e-tutoriais-de-telecomunicacoes\/"]}]},{"@type":"ImageObject","inLanguage":"pt-BR","@id":"https:\/\/ponteseditores.com.br\/loja3\/pontes-editores-home-2__trashed\/ebook\/lancamento-e-book\/artigos-analises-e-tutoriais-de-telecomunicacoes\/#primaryimage","url":"https:\/\/ponteseditores.com.br\/loja3\/wp-content\/uploads\/2026\/03\/Capa_Artigos-analises-e-tutoriais.jpg","contentUrl":"https:\/\/ponteseditores.com.br\/loja3\/wp-content\/uploads\/2026\/03\/Capa_Artigos-analises-e-tutoriais.jpg","width":800,"height":1159},{"@type":"BreadcrumbList","@id":"https:\/\/ponteseditores.com.br\/loja3\/pontes-editores-home-2__trashed\/ebook\/lancamento-e-book\/artigos-analises-e-tutoriais-de-telecomunicacoes\/#breadcrumb","itemListElement":[{"@type":"ListItem","position":1,"name":"Home","item":"https:\/\/ponteseditores.com.br\/loja3\/"},{"@type":"ListItem","position":2,"name":"loja","item":"https:\/\/ponteseditores.com.br\/loja3\/loja\/"},{"@type":"ListItem","position":3,"name":"Artigos, an\u00e1lises, e tutoriais de telecomunica\u00e7\u00f5es"}]},{"@type":"WebSite","@id":"https:\/\/ponteseditores.com.br\/loja3\/#website","url":"https:\/\/ponteseditores.com.br\/loja3\/","name":"Pontes Editores","description":"Pontes Editores","publisher":{"@id":"https:\/\/ponteseditores.com.br\/loja3\/#organization"},"potentialAction":[{"@type":"SearchAction","target":{"@type":"EntryPoint","urlTemplate":"https:\/\/ponteseditores.com.br\/loja3\/?s={search_term_string}"},"query-input":{"@type":"PropertyValueSpecification","valueRequired":true,"valueName":"search_term_string"}}],"inLanguage":"pt-BR"},{"@type":"Organization","@id":"https:\/\/ponteseditores.com.br\/loja3\/#organization","name":"Pontes Editores","url":"https:\/\/ponteseditores.com.br\/loja3\/","logo":{"@type":"ImageObject","inLanguage":"pt-BR","@id":"https:\/\/ponteseditores.com.br\/loja3\/#\/schema\/logo\/image\/","url":"https:\/\/ponteseditores.com.br\/loja3\/wp-content\/uploads\/2023\/12\/logo-pontes-editores-v2.png","contentUrl":"https:\/\/ponteseditores.com.br\/loja3\/wp-content\/uploads\/2023\/12\/logo-pontes-editores-v2.png","width":258,"height":100,"caption":"Pontes Editores"},"image":{"@id":"https:\/\/ponteseditores.com.br\/loja3\/#\/schema\/logo\/image\/"}}]}},"_links":{"self":[{"href":"https:\/\/ponteseditores.com.br\/loja3\/wp-json\/wp\/v2\/product\/38616","targetHints":{"allow":["GET"]}}],"collection":[{"href":"https:\/\/ponteseditores.com.br\/loja3\/wp-json\/wp\/v2\/product"}],"about":[{"href":"https:\/\/ponteseditores.com.br\/loja3\/wp-json\/wp\/v2\/types\/product"}],"replies":[{"embeddable":true,"href":"https:\/\/ponteseditores.com.br\/loja3\/wp-json\/wp\/v2\/comments?post=38616"}],"version-history":[{"count":1,"href":"https:\/\/ponteseditores.com.br\/loja3\/wp-json\/wp\/v2\/product\/38616\/revisions"}],"predecessor-version":[{"id":38619,"href":"https:\/\/ponteseditores.com.br\/loja3\/wp-json\/wp\/v2\/product\/38616\/revisions\/38619"}],"wp:featuredmedia":[{"embeddable":true,"href":"https:\/\/ponteseditores.com.br\/loja3\/wp-json\/wp\/v2\/media\/38618"}],"wp:attachment":[{"href":"https:\/\/ponteseditores.com.br\/loja3\/wp-json\/wp\/v2\/media?parent=38616"}],"wp:term":[{"taxonomy":"product_brand","embeddable":true,"href":"https:\/\/ponteseditores.com.br\/loja3\/wp-json\/wp\/v2\/product_brand?post=38616"},{"taxonomy":"product_cat","embeddable":true,"href":"https:\/\/ponteseditores.com.br\/loja3\/wp-json\/wp\/v2\/product_cat?post=38616"},{"taxonomy":"product_tag","embeddable":true,"href":"https:\/\/ponteseditores.com.br\/loja3\/wp-json\/wp\/v2\/product_tag?post=38616"}],"curies":[{"name":"wp","href":"https:\/\/api.w.org\/{rel}","templated":true}]}}