{"id":38612,"date":"2026-03-25T13:31:08","date_gmt":"2026-03-25T16:31:08","guid":{"rendered":"https:\/\/ponteseditores.com.br\/loja3\/?post_type=product&#038;p=38612"},"modified":"2026-03-25T13:31:08","modified_gmt":"2026-03-25T16:31:08","slug":"discursos-pronunciamentos-e-policy-statements","status":"publish","type":"product","link":"https:\/\/ponteseditores.com.br\/loja3\/pontes-editores-home-2__trashed\/ebook\/lancamento-e-book\/discursos-pronunciamentos-e-policy-statements\/","title":{"rendered":"Discursos, pronunciamentos e policy statements"},"content":{"rendered":"<p>Com pref\u00e1cio do Eng\u00ba Luiz Alberto Garcia, no livro \u201cDiscursos, pronunciamentos e policy statements\u201d re\u00fano textos discursos, pronunciamentos e <em>policy statements<\/em>. Fi-los escritos em fun\u00e7\u00e3o da representatividade com que estava investido quando os pronunciava e, assim, contornar poss\u00edveis emo\u00e7\u00f5es ou omiss\u00f5es e possibilitar que se tornassem acess\u00edveis para a hist\u00f3ria.<\/p>\n<p>S\u00e3o registros e opini\u00f5es, pessoais ou de governo, que retratam parte dos momentos vividos, primeiro como orador de turma na universidade, depois engenheiro e dirigente no Sistema Telebr\u00e1s e, por fim, como servidor p\u00fablico no Minist\u00e9rio das Comunica\u00e7\u00f5es.<\/p>\n<p>Na verdade, comecei este livro no final de 1970, quando, na Escola de Engenharia da UFPA, como orador da minha turma, disse que outro dos colegas poderia estar em meu lugar. Que o problema da escolha \u00e9 sempre momentoso. Que a pr\u00f3pria grandeza \u00e9 uma quest\u00e3o de \u00e2ngulo e de dist\u00e2ncia. E que, assim, procurava um \u00e2ngulo e uma dist\u00e2ncia relativos para alinhar o que pensavam os Engenheirandos Eletricistas de 1970.<\/p>\n<p>No livro, adiciono registros para a posteridade, na forma de uma colet\u00e2nea, e n\u00e3o somente a transcri\u00e7\u00e3o de textos pronunciados em diferentes f\u00f3runs nacionais e internacionais.<\/p>\n<p>Como anexo insiro no livro o \u201cMemento do Gerente\u201d.<\/p>\n<p>&nbsp;<\/p>\n<p><em>Juarez Quadros do Nascimento<\/em><\/p>\n","protected":false},"excerpt":{"rendered":"<p>Com pref\u00e1cio do Eng\u00ba Luiz Alberto Garcia, no livro \u201cDiscursos, pronunciamentos e policy statements\u201d re\u00fano textos discursos, pronunciamentos e policy statements. Fi-los escritos em fun\u00e7\u00e3o da representatividade com que estava investido quando os pronunciava e, assim, contornar poss\u00edveis emo\u00e7\u00f5es ou omiss\u00f5es e possibilitar que se tornassem acess\u00edveis para a hist\u00f3ria. S\u00e3o registros e opini\u00f5es, pessoais [&hellip;]<\/p>\n","protected":false},"featured_media":38614,"comment_status":"open","ping_status":"closed","template":"","meta":{"_joinchat":[]},"product_brand":[],"product_cat":[165,386],"product_tag":[],"class_list":{"0":"post-38612","1":"product","2":"type-product","3":"status-publish","4":"has-post-thumbnail","6":"product_cat-ebook","7":"product_cat-lancamento-e-book","9":"first","10":"instock","11":"downloadable","12":"virtual","13":"purchasable","14":"product-type-simple"},"yoast_head":"<!-- This site is optimized with the Yoast SEO plugin v27.3 - https:\/\/yoast.com\/product\/yoast-seo-wordpress\/ -->\n<title>Discursos, pronunciamentos e policy statements - Pontes Editores<\/title>\n<meta name=\"robots\" content=\"index, follow, max-snippet:-1, max-image-preview:large, max-video-preview:-1\" \/>\n<link rel=\"canonical\" href=\"https:\/\/ponteseditores.com.br\/loja3\/pontes-editores-home-2__trashed\/ebook\/lancamento-e-book\/discursos-pronunciamentos-e-policy-statements\/\" \/>\n<meta property=\"og:locale\" content=\"pt_BR\" \/>\n<meta property=\"og:type\" content=\"article\" \/>\n<meta property=\"og:title\" content=\"Discursos, pronunciamentos e policy statements - Pontes Editores\" \/>\n<meta property=\"og:description\" content=\"Com pref\u00e1cio do Eng\u00ba Luiz Alberto Garcia, no livro \u201cDiscursos, pronunciamentos e policy statements\u201d re\u00fano textos discursos, pronunciamentos e policy statements. Fi-los escritos em fun\u00e7\u00e3o da representatividade com que estava investido quando os pronunciava e, assim, contornar poss\u00edveis emo\u00e7\u00f5es ou omiss\u00f5es e possibilitar que se tornassem acess\u00edveis para a hist\u00f3ria. S\u00e3o registros e opini\u00f5es, pessoais [&hellip;]\" \/>\n<meta property=\"og:url\" content=\"https:\/\/ponteseditores.com.br\/loja3\/pontes-editores-home-2__trashed\/ebook\/lancamento-e-book\/discursos-pronunciamentos-e-policy-statements\/\" \/>\n<meta property=\"og:site_name\" content=\"Pontes Editores\" \/>\n<meta property=\"og:image\" content=\"https:\/\/ponteseditores.com.br\/loja3\/wp-content\/uploads\/2026\/03\/Capa_Discursos-pronunciamentos.jpg\" \/>\n\t<meta property=\"og:image:width\" content=\"800\" \/>\n\t<meta property=\"og:image:height\" content=\"1159\" \/>\n\t<meta property=\"og:image:type\" content=\"image\/jpeg\" \/>\n<meta name=\"twitter:card\" content=\"summary_large_image\" \/>\n<meta name=\"twitter:label1\" content=\"Est. tempo de leitura\" \/>\n\t<meta name=\"twitter:data1\" content=\"2 minutos\" \/>\n<script type=\"application\/ld+json\" class=\"yoast-schema-graph\">{\"@context\":\"https:\\\/\\\/schema.org\",\"@graph\":[{\"@type\":\"WebPage\",\"@id\":\"https:\\\/\\\/ponteseditores.com.br\\\/loja3\\\/pontes-editores-home-2__trashed\\\/ebook\\\/lancamento-e-book\\\/discursos-pronunciamentos-e-policy-statements\\\/\",\"url\":\"https:\\\/\\\/ponteseditores.com.br\\\/loja3\\\/pontes-editores-home-2__trashed\\\/ebook\\\/lancamento-e-book\\\/discursos-pronunciamentos-e-policy-statements\\\/\",\"name\":\"Discursos, pronunciamentos e policy statements - Pontes Editores\",\"isPartOf\":{\"@id\":\"https:\\\/\\\/ponteseditores.com.br\\\/loja3\\\/#website\"},\"primaryImageOfPage\":{\"@id\":\"https:\\\/\\\/ponteseditores.com.br\\\/loja3\\\/pontes-editores-home-2__trashed\\\/ebook\\\/lancamento-e-book\\\/discursos-pronunciamentos-e-policy-statements\\\/#primaryimage\"},\"image\":{\"@id\":\"https:\\\/\\\/ponteseditores.com.br\\\/loja3\\\/pontes-editores-home-2__trashed\\\/ebook\\\/lancamento-e-book\\\/discursos-pronunciamentos-e-policy-statements\\\/#primaryimage\"},\"thumbnailUrl\":\"https:\\\/\\\/ponteseditores.com.br\\\/loja3\\\/wp-content\\\/uploads\\\/2026\\\/03\\\/Capa_Discursos-pronunciamentos.jpg\",\"datePublished\":\"2026-03-25T16:31:08+00:00\",\"breadcrumb\":{\"@id\":\"https:\\\/\\\/ponteseditores.com.br\\\/loja3\\\/pontes-editores-home-2__trashed\\\/ebook\\\/lancamento-e-book\\\/discursos-pronunciamentos-e-policy-statements\\\/#breadcrumb\"},\"inLanguage\":\"pt-BR\",\"potentialAction\":[{\"@type\":\"ReadAction\",\"target\":[\"https:\\\/\\\/ponteseditores.com.br\\\/loja3\\\/pontes-editores-home-2__trashed\\\/ebook\\\/lancamento-e-book\\\/discursos-pronunciamentos-e-policy-statements\\\/\"]}]},{\"@type\":\"ImageObject\",\"inLanguage\":\"pt-BR\",\"@id\":\"https:\\\/\\\/ponteseditores.com.br\\\/loja3\\\/pontes-editores-home-2__trashed\\\/ebook\\\/lancamento-e-book\\\/discursos-pronunciamentos-e-policy-statements\\\/#primaryimage\",\"url\":\"https:\\\/\\\/ponteseditores.com.br\\\/loja3\\\/wp-content\\\/uploads\\\/2026\\\/03\\\/Capa_Discursos-pronunciamentos.jpg\",\"contentUrl\":\"https:\\\/\\\/ponteseditores.com.br\\\/loja3\\\/wp-content\\\/uploads\\\/2026\\\/03\\\/Capa_Discursos-pronunciamentos.jpg\",\"width\":800,\"height\":1159},{\"@type\":\"BreadcrumbList\",\"@id\":\"https:\\\/\\\/ponteseditores.com.br\\\/loja3\\\/pontes-editores-home-2__trashed\\\/ebook\\\/lancamento-e-book\\\/discursos-pronunciamentos-e-policy-statements\\\/#breadcrumb\",\"itemListElement\":[{\"@type\":\"ListItem\",\"position\":1,\"name\":\"Home\",\"item\":\"https:\\\/\\\/ponteseditores.com.br\\\/loja3\\\/\"},{\"@type\":\"ListItem\",\"position\":2,\"name\":\"loja\",\"item\":\"https:\\\/\\\/ponteseditores.com.br\\\/loja3\\\/loja\\\/\"},{\"@type\":\"ListItem\",\"position\":3,\"name\":\"Discursos, pronunciamentos e policy statements\"}]},{\"@type\":\"WebSite\",\"@id\":\"https:\\\/\\\/ponteseditores.com.br\\\/loja3\\\/#website\",\"url\":\"https:\\\/\\\/ponteseditores.com.br\\\/loja3\\\/\",\"name\":\"Pontes Editores\",\"description\":\"Pontes Editores\",\"publisher\":{\"@id\":\"https:\\\/\\\/ponteseditores.com.br\\\/loja3\\\/#organization\"},\"potentialAction\":[{\"@type\":\"SearchAction\",\"target\":{\"@type\":\"EntryPoint\",\"urlTemplate\":\"https:\\\/\\\/ponteseditores.com.br\\\/loja3\\\/?s={search_term_string}\"},\"query-input\":{\"@type\":\"PropertyValueSpecification\",\"valueRequired\":true,\"valueName\":\"search_term_string\"}}],\"inLanguage\":\"pt-BR\"},{\"@type\":\"Organization\",\"@id\":\"https:\\\/\\\/ponteseditores.com.br\\\/loja3\\\/#organization\",\"name\":\"Pontes Editores\",\"url\":\"https:\\\/\\\/ponteseditores.com.br\\\/loja3\\\/\",\"logo\":{\"@type\":\"ImageObject\",\"inLanguage\":\"pt-BR\",\"@id\":\"https:\\\/\\\/ponteseditores.com.br\\\/loja3\\\/#\\\/schema\\\/logo\\\/image\\\/\",\"url\":\"https:\\\/\\\/ponteseditores.com.br\\\/loja3\\\/wp-content\\\/uploads\\\/2023\\\/12\\\/logo-pontes-editores-v2.png\",\"contentUrl\":\"https:\\\/\\\/ponteseditores.com.br\\\/loja3\\\/wp-content\\\/uploads\\\/2023\\\/12\\\/logo-pontes-editores-v2.png\",\"width\":258,\"height\":100,\"caption\":\"Pontes Editores\"},\"image\":{\"@id\":\"https:\\\/\\\/ponteseditores.com.br\\\/loja3\\\/#\\\/schema\\\/logo\\\/image\\\/\"}}]}<\/script>\n<!-- \/ Yoast SEO plugin. -->","yoast_head_json":{"title":"Discursos, pronunciamentos e policy statements - Pontes Editores","robots":{"index":"index","follow":"follow","max-snippet":"max-snippet:-1","max-image-preview":"max-image-preview:large","max-video-preview":"max-video-preview:-1"},"canonical":"https:\/\/ponteseditores.com.br\/loja3\/pontes-editores-home-2__trashed\/ebook\/lancamento-e-book\/discursos-pronunciamentos-e-policy-statements\/","og_locale":"pt_BR","og_type":"article","og_title":"Discursos, pronunciamentos e policy statements - Pontes Editores","og_description":"Com pref\u00e1cio do Eng\u00ba Luiz Alberto Garcia, no livro \u201cDiscursos, pronunciamentos e policy statements\u201d re\u00fano textos discursos, pronunciamentos e policy statements. Fi-los escritos em fun\u00e7\u00e3o da representatividade com que estava investido quando os pronunciava e, assim, contornar poss\u00edveis emo\u00e7\u00f5es ou omiss\u00f5es e possibilitar que se tornassem acess\u00edveis para a hist\u00f3ria. S\u00e3o registros e opini\u00f5es, pessoais [&hellip;]","og_url":"https:\/\/ponteseditores.com.br\/loja3\/pontes-editores-home-2__trashed\/ebook\/lancamento-e-book\/discursos-pronunciamentos-e-policy-statements\/","og_site_name":"Pontes Editores","og_image":[{"width":800,"height":1159,"url":"https:\/\/ponteseditores.com.br\/loja3\/wp-content\/uploads\/2026\/03\/Capa_Discursos-pronunciamentos.jpg","type":"image\/jpeg"}],"twitter_card":"summary_large_image","twitter_misc":{"Est. tempo de leitura":"2 minutos"},"schema":{"@context":"https:\/\/schema.org","@graph":[{"@type":"WebPage","@id":"https:\/\/ponteseditores.com.br\/loja3\/pontes-editores-home-2__trashed\/ebook\/lancamento-e-book\/discursos-pronunciamentos-e-policy-statements\/","url":"https:\/\/ponteseditores.com.br\/loja3\/pontes-editores-home-2__trashed\/ebook\/lancamento-e-book\/discursos-pronunciamentos-e-policy-statements\/","name":"Discursos, pronunciamentos e policy statements - Pontes Editores","isPartOf":{"@id":"https:\/\/ponteseditores.com.br\/loja3\/#website"},"primaryImageOfPage":{"@id":"https:\/\/ponteseditores.com.br\/loja3\/pontes-editores-home-2__trashed\/ebook\/lancamento-e-book\/discursos-pronunciamentos-e-policy-statements\/#primaryimage"},"image":{"@id":"https:\/\/ponteseditores.com.br\/loja3\/pontes-editores-home-2__trashed\/ebook\/lancamento-e-book\/discursos-pronunciamentos-e-policy-statements\/#primaryimage"},"thumbnailUrl":"https:\/\/ponteseditores.com.br\/loja3\/wp-content\/uploads\/2026\/03\/Capa_Discursos-pronunciamentos.jpg","datePublished":"2026-03-25T16:31:08+00:00","breadcrumb":{"@id":"https:\/\/ponteseditores.com.br\/loja3\/pontes-editores-home-2__trashed\/ebook\/lancamento-e-book\/discursos-pronunciamentos-e-policy-statements\/#breadcrumb"},"inLanguage":"pt-BR","potentialAction":[{"@type":"ReadAction","target":["https:\/\/ponteseditores.com.br\/loja3\/pontes-editores-home-2__trashed\/ebook\/lancamento-e-book\/discursos-pronunciamentos-e-policy-statements\/"]}]},{"@type":"ImageObject","inLanguage":"pt-BR","@id":"https:\/\/ponteseditores.com.br\/loja3\/pontes-editores-home-2__trashed\/ebook\/lancamento-e-book\/discursos-pronunciamentos-e-policy-statements\/#primaryimage","url":"https:\/\/ponteseditores.com.br\/loja3\/wp-content\/uploads\/2026\/03\/Capa_Discursos-pronunciamentos.jpg","contentUrl":"https:\/\/ponteseditores.com.br\/loja3\/wp-content\/uploads\/2026\/03\/Capa_Discursos-pronunciamentos.jpg","width":800,"height":1159},{"@type":"BreadcrumbList","@id":"https:\/\/ponteseditores.com.br\/loja3\/pontes-editores-home-2__trashed\/ebook\/lancamento-e-book\/discursos-pronunciamentos-e-policy-statements\/#breadcrumb","itemListElement":[{"@type":"ListItem","position":1,"name":"Home","item":"https:\/\/ponteseditores.com.br\/loja3\/"},{"@type":"ListItem","position":2,"name":"loja","item":"https:\/\/ponteseditores.com.br\/loja3\/loja\/"},{"@type":"ListItem","position":3,"name":"Discursos, pronunciamentos e policy statements"}]},{"@type":"WebSite","@id":"https:\/\/ponteseditores.com.br\/loja3\/#website","url":"https:\/\/ponteseditores.com.br\/loja3\/","name":"Pontes Editores","description":"Pontes Editores","publisher":{"@id":"https:\/\/ponteseditores.com.br\/loja3\/#organization"},"potentialAction":[{"@type":"SearchAction","target":{"@type":"EntryPoint","urlTemplate":"https:\/\/ponteseditores.com.br\/loja3\/?s={search_term_string}"},"query-input":{"@type":"PropertyValueSpecification","valueRequired":true,"valueName":"search_term_string"}}],"inLanguage":"pt-BR"},{"@type":"Organization","@id":"https:\/\/ponteseditores.com.br\/loja3\/#organization","name":"Pontes Editores","url":"https:\/\/ponteseditores.com.br\/loja3\/","logo":{"@type":"ImageObject","inLanguage":"pt-BR","@id":"https:\/\/ponteseditores.com.br\/loja3\/#\/schema\/logo\/image\/","url":"https:\/\/ponteseditores.com.br\/loja3\/wp-content\/uploads\/2023\/12\/logo-pontes-editores-v2.png","contentUrl":"https:\/\/ponteseditores.com.br\/loja3\/wp-content\/uploads\/2023\/12\/logo-pontes-editores-v2.png","width":258,"height":100,"caption":"Pontes Editores"},"image":{"@id":"https:\/\/ponteseditores.com.br\/loja3\/#\/schema\/logo\/image\/"}}]}},"_links":{"self":[{"href":"https:\/\/ponteseditores.com.br\/loja3\/wp-json\/wp\/v2\/product\/38612","targetHints":{"allow":["GET"]}}],"collection":[{"href":"https:\/\/ponteseditores.com.br\/loja3\/wp-json\/wp\/v2\/product"}],"about":[{"href":"https:\/\/ponteseditores.com.br\/loja3\/wp-json\/wp\/v2\/types\/product"}],"replies":[{"embeddable":true,"href":"https:\/\/ponteseditores.com.br\/loja3\/wp-json\/wp\/v2\/comments?post=38612"}],"version-history":[{"count":1,"href":"https:\/\/ponteseditores.com.br\/loja3\/wp-json\/wp\/v2\/product\/38612\/revisions"}],"predecessor-version":[{"id":38615,"href":"https:\/\/ponteseditores.com.br\/loja3\/wp-json\/wp\/v2\/product\/38612\/revisions\/38615"}],"wp:featuredmedia":[{"embeddable":true,"href":"https:\/\/ponteseditores.com.br\/loja3\/wp-json\/wp\/v2\/media\/38614"}],"wp:attachment":[{"href":"https:\/\/ponteseditores.com.br\/loja3\/wp-json\/wp\/v2\/media?parent=38612"}],"wp:term":[{"taxonomy":"product_brand","embeddable":true,"href":"https:\/\/ponteseditores.com.br\/loja3\/wp-json\/wp\/v2\/product_brand?post=38612"},{"taxonomy":"product_cat","embeddable":true,"href":"https:\/\/ponteseditores.com.br\/loja3\/wp-json\/wp\/v2\/product_cat?post=38612"},{"taxonomy":"product_tag","embeddable":true,"href":"https:\/\/ponteseditores.com.br\/loja3\/wp-json\/wp\/v2\/product_tag?post=38612"}],"curies":[{"name":"wp","href":"https:\/\/api.w.org\/{rel}","templated":true}]}}