{"id":38595,"date":"2026-03-25T11:42:12","date_gmt":"2026-03-25T14:42:12","guid":{"rendered":"https:\/\/ponteseditores.com.br\/loja3\/?post_type=product&#038;p=38595"},"modified":"2026-03-25T11:42:12","modified_gmt":"2026-03-25T14:42:12","slug":"auscultar-o-mundo-contos-biograficos","status":"publish","type":"product","link":"https:\/\/ponteseditores.com.br\/loja3\/pontes-editores-home-2__trashed\/contos\/auscultar-o-mundo-contos-biograficos\/","title":{"rendered":"Auscultar o mundo &#8211; contos biogr\u00e1ficos"},"content":{"rendered":"<p>Essa obra \u00e9 composta de onze contos de fic\u00e7\u00e3o realista do cotidiano, que retratam a trajet\u00f3ria afetiva e o pensamento l\u00edrico do autor. O real aqui n\u00e3o escapa sequer da fic\u00e7\u00e3o, pois \u00e9 a vida que imita a arte, n\u00e3o o seu contr\u00e1rio. Nesse sentido, o autor n\u00e3o se anula ao se desnudar em cada um de seus personagens reais e fict\u00edcios. Ele anseia se mostrar inteiro perante os fragmentos de suas experi\u00eancias vividas e contadas biograficamente, reveladas sem pudor com uma linguagem sincera, delicadamente ir\u00f4nica e apaixonante.<\/p>\n<p><em>Auscultar o Mundo <\/em>\u2013 do <em>Latim Auscultare<\/em>, escutar com proximidade e aten\u00e7\u00e3o \u2013, pela palavra, afeto, perda, desilus\u00e3o ou paix\u00e3o, \u00e9 o fio condutor em cada hist\u00f3ria. N\u00e3o somente pelo desejo do autor de se autorretratar na rela\u00e7\u00e3o intimista de seus personagens com o mundo, mas por um outro desejo impl\u00edcito de revelar nessa obra alguma perspectiva de cura em uma \u00e9poca cada vez mais padecida da \u201cartificialidade\u201d e dos bombardeios \u00e0 subjetividade do indiv\u00edduo.<\/p>\n<p>De Isabel \u00e0s Marias, <em>Giorgia(s) <\/em>\u00e0 m\u00e3e de <em>Pacifico<\/em>, e conduzido pela poesia de <em>Beatrice(s) <\/em>\u2012 mulheres misteriosas e apaixonantes \u2012, haver\u00e1 sempre uma esperan\u00e7a de cura, retrata\u00e7\u00e3o e repara\u00e7\u00e3o.<\/p>\n<p>Desejo que apreciem.<\/p>\n","protected":false},"excerpt":{"rendered":"<p>Essa obra \u00e9 composta de onze contos de fic\u00e7\u00e3o realista do cotidiano, que retratam a trajet\u00f3ria afetiva e o pensamento l\u00edrico do autor. O real aqui n\u00e3o escapa sequer da fic\u00e7\u00e3o, pois \u00e9 a vida que imita a arte, n\u00e3o o seu contr\u00e1rio. Nesse sentido, o autor n\u00e3o se anula ao se desnudar em cada [&hellip;]<\/p>\n","protected":false},"featured_media":38596,"comment_status":"open","ping_status":"closed","template":"","meta":{"_joinchat":[]},"product_brand":[],"product_cat":[87,167,287],"product_tag":[],"class_list":{"0":"post-38595","1":"product","2":"type-product","3":"status-publish","4":"has-post-thumbnail","6":"product_cat-contos","7":"product_cat-lancamento","8":"product_cat-literatura","10":"first","11":"instock","12":"shipping-taxable","13":"purchasable","14":"product-type-simple"},"yoast_head":"<!-- This site is optimized with the Yoast SEO plugin v27.4 - https:\/\/yoast.com\/product\/yoast-seo-wordpress\/ -->\n<title>Auscultar o mundo - contos biogr\u00e1ficos - Pontes Editores<\/title>\n<meta name=\"robots\" content=\"index, follow, max-snippet:-1, max-image-preview:large, max-video-preview:-1\" \/>\n<link rel=\"canonical\" href=\"https:\/\/ponteseditores.com.br\/loja3\/pontes-editores-home-2__trashed\/contos\/auscultar-o-mundo-contos-biograficos\/\" \/>\n<meta property=\"og:locale\" content=\"pt_BR\" \/>\n<meta property=\"og:type\" content=\"article\" \/>\n<meta property=\"og:title\" content=\"Auscultar o mundo - contos biogr\u00e1ficos - Pontes Editores\" \/>\n<meta property=\"og:description\" content=\"Essa obra \u00e9 composta de onze contos de fic\u00e7\u00e3o realista do cotidiano, que retratam a trajet\u00f3ria afetiva e o pensamento l\u00edrico do autor. O real aqui n\u00e3o escapa sequer da fic\u00e7\u00e3o, pois \u00e9 a vida que imita a arte, n\u00e3o o seu contr\u00e1rio. Nesse sentido, o autor n\u00e3o se anula ao se desnudar em cada [&hellip;]\" \/>\n<meta property=\"og:url\" content=\"https:\/\/ponteseditores.com.br\/loja3\/pontes-editores-home-2__trashed\/contos\/auscultar-o-mundo-contos-biograficos\/\" \/>\n<meta property=\"og:site_name\" content=\"Pontes Editores\" \/>\n<meta property=\"og:image\" content=\"https:\/\/ponteseditores.com.br\/loja3\/wp-content\/uploads\/2026\/03\/Capa_Auscultar-o-mundo.jpg\" \/>\n\t<meta property=\"og:image:width\" content=\"800\" \/>\n\t<meta property=\"og:image:height\" content=\"1159\" \/>\n\t<meta property=\"og:image:type\" content=\"image\/jpeg\" \/>\n<meta name=\"twitter:card\" content=\"summary_large_image\" \/>\n<meta name=\"twitter:label1\" content=\"Est. tempo de leitura\" \/>\n\t<meta name=\"twitter:data1\" content=\"2 minutos\" \/>\n<script type=\"application\/ld+json\" class=\"yoast-schema-graph\">{\"@context\":\"https:\\\/\\\/schema.org\",\"@graph\":[{\"@type\":\"WebPage\",\"@id\":\"https:\\\/\\\/ponteseditores.com.br\\\/loja3\\\/pontes-editores-home-2__trashed\\\/contos\\\/auscultar-o-mundo-contos-biograficos\\\/\",\"url\":\"https:\\\/\\\/ponteseditores.com.br\\\/loja3\\\/pontes-editores-home-2__trashed\\\/contos\\\/auscultar-o-mundo-contos-biograficos\\\/\",\"name\":\"Auscultar o mundo - contos biogr\u00e1ficos - Pontes Editores\",\"isPartOf\":{\"@id\":\"https:\\\/\\\/ponteseditores.com.br\\\/loja3\\\/#website\"},\"primaryImageOfPage\":{\"@id\":\"https:\\\/\\\/ponteseditores.com.br\\\/loja3\\\/pontes-editores-home-2__trashed\\\/contos\\\/auscultar-o-mundo-contos-biograficos\\\/#primaryimage\"},\"image\":{\"@id\":\"https:\\\/\\\/ponteseditores.com.br\\\/loja3\\\/pontes-editores-home-2__trashed\\\/contos\\\/auscultar-o-mundo-contos-biograficos\\\/#primaryimage\"},\"thumbnailUrl\":\"https:\\\/\\\/ponteseditores.com.br\\\/loja3\\\/wp-content\\\/uploads\\\/2026\\\/03\\\/Capa_Auscultar-o-mundo.jpg\",\"datePublished\":\"2026-03-25T14:42:12+00:00\",\"breadcrumb\":{\"@id\":\"https:\\\/\\\/ponteseditores.com.br\\\/loja3\\\/pontes-editores-home-2__trashed\\\/contos\\\/auscultar-o-mundo-contos-biograficos\\\/#breadcrumb\"},\"inLanguage\":\"pt-BR\",\"potentialAction\":[{\"@type\":\"ReadAction\",\"target\":[\"https:\\\/\\\/ponteseditores.com.br\\\/loja3\\\/pontes-editores-home-2__trashed\\\/contos\\\/auscultar-o-mundo-contos-biograficos\\\/\"]}]},{\"@type\":\"ImageObject\",\"inLanguage\":\"pt-BR\",\"@id\":\"https:\\\/\\\/ponteseditores.com.br\\\/loja3\\\/pontes-editores-home-2__trashed\\\/contos\\\/auscultar-o-mundo-contos-biograficos\\\/#primaryimage\",\"url\":\"https:\\\/\\\/ponteseditores.com.br\\\/loja3\\\/wp-content\\\/uploads\\\/2026\\\/03\\\/Capa_Auscultar-o-mundo.jpg\",\"contentUrl\":\"https:\\\/\\\/ponteseditores.com.br\\\/loja3\\\/wp-content\\\/uploads\\\/2026\\\/03\\\/Capa_Auscultar-o-mundo.jpg\",\"width\":800,\"height\":1159},{\"@type\":\"BreadcrumbList\",\"@id\":\"https:\\\/\\\/ponteseditores.com.br\\\/loja3\\\/pontes-editores-home-2__trashed\\\/contos\\\/auscultar-o-mundo-contos-biograficos\\\/#breadcrumb\",\"itemListElement\":[{\"@type\":\"ListItem\",\"position\":1,\"name\":\"Home\",\"item\":\"https:\\\/\\\/ponteseditores.com.br\\\/loja3\\\/\"},{\"@type\":\"ListItem\",\"position\":2,\"name\":\"loja\",\"item\":\"https:\\\/\\\/ponteseditores.com.br\\\/loja3\\\/loja\\\/\"},{\"@type\":\"ListItem\",\"position\":3,\"name\":\"Auscultar o mundo &#8211; contos biogr\u00e1ficos\"}]},{\"@type\":\"WebSite\",\"@id\":\"https:\\\/\\\/ponteseditores.com.br\\\/loja3\\\/#website\",\"url\":\"https:\\\/\\\/ponteseditores.com.br\\\/loja3\\\/\",\"name\":\"Pontes Editores\",\"description\":\"Pontes Editores\",\"publisher\":{\"@id\":\"https:\\\/\\\/ponteseditores.com.br\\\/loja3\\\/#organization\"},\"potentialAction\":[{\"@type\":\"SearchAction\",\"target\":{\"@type\":\"EntryPoint\",\"urlTemplate\":\"https:\\\/\\\/ponteseditores.com.br\\\/loja3\\\/?s={search_term_string}\"},\"query-input\":{\"@type\":\"PropertyValueSpecification\",\"valueRequired\":true,\"valueName\":\"search_term_string\"}}],\"inLanguage\":\"pt-BR\"},{\"@type\":\"Organization\",\"@id\":\"https:\\\/\\\/ponteseditores.com.br\\\/loja3\\\/#organization\",\"name\":\"Pontes Editores\",\"url\":\"https:\\\/\\\/ponteseditores.com.br\\\/loja3\\\/\",\"logo\":{\"@type\":\"ImageObject\",\"inLanguage\":\"pt-BR\",\"@id\":\"https:\\\/\\\/ponteseditores.com.br\\\/loja3\\\/#\\\/schema\\\/logo\\\/image\\\/\",\"url\":\"https:\\\/\\\/ponteseditores.com.br\\\/loja3\\\/wp-content\\\/uploads\\\/2023\\\/12\\\/logo-pontes-editores-v2.png\",\"contentUrl\":\"https:\\\/\\\/ponteseditores.com.br\\\/loja3\\\/wp-content\\\/uploads\\\/2023\\\/12\\\/logo-pontes-editores-v2.png\",\"width\":258,\"height\":100,\"caption\":\"Pontes Editores\"},\"image\":{\"@id\":\"https:\\\/\\\/ponteseditores.com.br\\\/loja3\\\/#\\\/schema\\\/logo\\\/image\\\/\"}}]}<\/script>\n<!-- \/ Yoast SEO plugin. -->","yoast_head_json":{"title":"Auscultar o mundo - contos biogr\u00e1ficos - Pontes Editores","robots":{"index":"index","follow":"follow","max-snippet":"max-snippet:-1","max-image-preview":"max-image-preview:large","max-video-preview":"max-video-preview:-1"},"canonical":"https:\/\/ponteseditores.com.br\/loja3\/pontes-editores-home-2__trashed\/contos\/auscultar-o-mundo-contos-biograficos\/","og_locale":"pt_BR","og_type":"article","og_title":"Auscultar o mundo - contos biogr\u00e1ficos - Pontes Editores","og_description":"Essa obra \u00e9 composta de onze contos de fic\u00e7\u00e3o realista do cotidiano, que retratam a trajet\u00f3ria afetiva e o pensamento l\u00edrico do autor. O real aqui n\u00e3o escapa sequer da fic\u00e7\u00e3o, pois \u00e9 a vida que imita a arte, n\u00e3o o seu contr\u00e1rio. Nesse sentido, o autor n\u00e3o se anula ao se desnudar em cada [&hellip;]","og_url":"https:\/\/ponteseditores.com.br\/loja3\/pontes-editores-home-2__trashed\/contos\/auscultar-o-mundo-contos-biograficos\/","og_site_name":"Pontes Editores","og_image":[{"width":800,"height":1159,"url":"https:\/\/ponteseditores.com.br\/loja3\/wp-content\/uploads\/2026\/03\/Capa_Auscultar-o-mundo.jpg","type":"image\/jpeg"}],"twitter_card":"summary_large_image","twitter_misc":{"Est. tempo de leitura":"2 minutos"},"schema":{"@context":"https:\/\/schema.org","@graph":[{"@type":"WebPage","@id":"https:\/\/ponteseditores.com.br\/loja3\/pontes-editores-home-2__trashed\/contos\/auscultar-o-mundo-contos-biograficos\/","url":"https:\/\/ponteseditores.com.br\/loja3\/pontes-editores-home-2__trashed\/contos\/auscultar-o-mundo-contos-biograficos\/","name":"Auscultar o mundo - contos biogr\u00e1ficos - Pontes Editores","isPartOf":{"@id":"https:\/\/ponteseditores.com.br\/loja3\/#website"},"primaryImageOfPage":{"@id":"https:\/\/ponteseditores.com.br\/loja3\/pontes-editores-home-2__trashed\/contos\/auscultar-o-mundo-contos-biograficos\/#primaryimage"},"image":{"@id":"https:\/\/ponteseditores.com.br\/loja3\/pontes-editores-home-2__trashed\/contos\/auscultar-o-mundo-contos-biograficos\/#primaryimage"},"thumbnailUrl":"https:\/\/ponteseditores.com.br\/loja3\/wp-content\/uploads\/2026\/03\/Capa_Auscultar-o-mundo.jpg","datePublished":"2026-03-25T14:42:12+00:00","breadcrumb":{"@id":"https:\/\/ponteseditores.com.br\/loja3\/pontes-editores-home-2__trashed\/contos\/auscultar-o-mundo-contos-biograficos\/#breadcrumb"},"inLanguage":"pt-BR","potentialAction":[{"@type":"ReadAction","target":["https:\/\/ponteseditores.com.br\/loja3\/pontes-editores-home-2__trashed\/contos\/auscultar-o-mundo-contos-biograficos\/"]}]},{"@type":"ImageObject","inLanguage":"pt-BR","@id":"https:\/\/ponteseditores.com.br\/loja3\/pontes-editores-home-2__trashed\/contos\/auscultar-o-mundo-contos-biograficos\/#primaryimage","url":"https:\/\/ponteseditores.com.br\/loja3\/wp-content\/uploads\/2026\/03\/Capa_Auscultar-o-mundo.jpg","contentUrl":"https:\/\/ponteseditores.com.br\/loja3\/wp-content\/uploads\/2026\/03\/Capa_Auscultar-o-mundo.jpg","width":800,"height":1159},{"@type":"BreadcrumbList","@id":"https:\/\/ponteseditores.com.br\/loja3\/pontes-editores-home-2__trashed\/contos\/auscultar-o-mundo-contos-biograficos\/#breadcrumb","itemListElement":[{"@type":"ListItem","position":1,"name":"Home","item":"https:\/\/ponteseditores.com.br\/loja3\/"},{"@type":"ListItem","position":2,"name":"loja","item":"https:\/\/ponteseditores.com.br\/loja3\/loja\/"},{"@type":"ListItem","position":3,"name":"Auscultar o mundo &#8211; contos biogr\u00e1ficos"}]},{"@type":"WebSite","@id":"https:\/\/ponteseditores.com.br\/loja3\/#website","url":"https:\/\/ponteseditores.com.br\/loja3\/","name":"Pontes Editores","description":"Pontes Editores","publisher":{"@id":"https:\/\/ponteseditores.com.br\/loja3\/#organization"},"potentialAction":[{"@type":"SearchAction","target":{"@type":"EntryPoint","urlTemplate":"https:\/\/ponteseditores.com.br\/loja3\/?s={search_term_string}"},"query-input":{"@type":"PropertyValueSpecification","valueRequired":true,"valueName":"search_term_string"}}],"inLanguage":"pt-BR"},{"@type":"Organization","@id":"https:\/\/ponteseditores.com.br\/loja3\/#organization","name":"Pontes Editores","url":"https:\/\/ponteseditores.com.br\/loja3\/","logo":{"@type":"ImageObject","inLanguage":"pt-BR","@id":"https:\/\/ponteseditores.com.br\/loja3\/#\/schema\/logo\/image\/","url":"https:\/\/ponteseditores.com.br\/loja3\/wp-content\/uploads\/2023\/12\/logo-pontes-editores-v2.png","contentUrl":"https:\/\/ponteseditores.com.br\/loja3\/wp-content\/uploads\/2023\/12\/logo-pontes-editores-v2.png","width":258,"height":100,"caption":"Pontes Editores"},"image":{"@id":"https:\/\/ponteseditores.com.br\/loja3\/#\/schema\/logo\/image\/"}}]}},"_links":{"self":[{"href":"https:\/\/ponteseditores.com.br\/loja3\/wp-json\/wp\/v2\/product\/38595","targetHints":{"allow":["GET"]}}],"collection":[{"href":"https:\/\/ponteseditores.com.br\/loja3\/wp-json\/wp\/v2\/product"}],"about":[{"href":"https:\/\/ponteseditores.com.br\/loja3\/wp-json\/wp\/v2\/types\/product"}],"replies":[{"embeddable":true,"href":"https:\/\/ponteseditores.com.br\/loja3\/wp-json\/wp\/v2\/comments?post=38595"}],"version-history":[{"count":1,"href":"https:\/\/ponteseditores.com.br\/loja3\/wp-json\/wp\/v2\/product\/38595\/revisions"}],"predecessor-version":[{"id":38597,"href":"https:\/\/ponteseditores.com.br\/loja3\/wp-json\/wp\/v2\/product\/38595\/revisions\/38597"}],"wp:featuredmedia":[{"embeddable":true,"href":"https:\/\/ponteseditores.com.br\/loja3\/wp-json\/wp\/v2\/media\/38596"}],"wp:attachment":[{"href":"https:\/\/ponteseditores.com.br\/loja3\/wp-json\/wp\/v2\/media?parent=38595"}],"wp:term":[{"taxonomy":"product_brand","embeddable":true,"href":"https:\/\/ponteseditores.com.br\/loja3\/wp-json\/wp\/v2\/product_brand?post=38595"},{"taxonomy":"product_cat","embeddable":true,"href":"https:\/\/ponteseditores.com.br\/loja3\/wp-json\/wp\/v2\/product_cat?post=38595"},{"taxonomy":"product_tag","embeddable":true,"href":"https:\/\/ponteseditores.com.br\/loja3\/wp-json\/wp\/v2\/product_tag?post=38595"}],"curies":[{"name":"wp","href":"https:\/\/api.w.org\/{rel}","templated":true}]}}