{"id":38241,"date":"2026-03-17T15:17:12","date_gmt":"2026-03-17T18:17:12","guid":{"rendered":"https:\/\/ponteseditores.com.br\/loja3\/?post_type=product&#038;p=38241"},"modified":"2026-03-17T15:17:13","modified_gmt":"2026-03-17T18:17:13","slug":"linguas-estrangeiras-para-todos-teletandem-do-centro-para-o-mundo-uma-homenagem-para-joao-antonio-telles","status":"publish","type":"product","link":"https:\/\/ponteseditores.com.br\/loja3\/pontes-editores-home-2__trashed\/linguistica\/linguas-estrangeiras-para-todos-teletandem-do-centro-para-o-mundo-uma-homenagem-para-joao-antonio-telles\/","title":{"rendered":"L\u00ednguas estrangeiras para todos: Teletandem do centro para o mundo. Uma homenagem para Jo\u00e3o Antonio Telles"},"content":{"rendered":"<p>Este \u00e9 um livro em homenagem ao renomado pesquisador da \u00e1rea de Lingu\u00edstica Aplicada, professor e formador de professores de l\u00ednguas adicionais, Jo\u00e3o Antonio Telles, reconhecido nacional e internacionalmente sobretudo por sua relev\u00e2ncia nos estudos sobre tandem\/teletandem no Brasil.<\/p>\n<p>O objetivo do livro \u00e9 divulgar e enaltecer o impacto do trabalho do professor Telles para o que atualmente se conhece como interc\u00e2mbio virtual. Em sua trajet\u00f3ria profissional, sua motiva\u00e7\u00e3o sempre foi democratizar o acesso a l\u00ednguas e culturas estrangeiras entre os estudantes de Letras da Universidade Estadual Paulista (UNESP) de Assis, cidade carinhosamente chamada por Telles de \u201ccentro do mundo\u201d e onde atuou como professor por mais de duas d\u00e9cadas.<\/p>\n<p>Este livro traz uma parte consider\u00e1vel da hist\u00f3ria do teletandem e de seu alcance na comunidade acad\u00eamica brasileira e internacional. Cada cap\u00edtulo ratifica o impacto do trabalho do professor homenageado, ao apresentar elementos que constru\u00edram os pilares de um projeto de democratiza\u00e7\u00e3o de acesso a l\u00ednguas e culturas diversas por meio das pr\u00e1ticas de teletandem.<\/p>\n","protected":false},"excerpt":{"rendered":"<p>Este \u00e9 um livro em homenagem ao renomado pesquisador da \u00e1rea de Lingu\u00edstica Aplicada, professor e formador de professores de l\u00ednguas adicionais, Jo\u00e3o Antonio Telles, reconhecido nacional e internacionalmente sobretudo por sua relev\u00e2ncia nos estudos sobre tandem\/teletandem no Brasil. O objetivo do livro \u00e9 divulgar e enaltecer o impacto do trabalho do professor Telles para [&hellip;]<\/p>\n","protected":false},"featured_media":38242,"comment_status":"open","ping_status":"closed","template":"","meta":{"_joinchat":[]},"product_brand":[],"product_cat":[167,290,31],"product_tag":[],"class_list":{"0":"post-38241","1":"product","2":"type-product","3":"status-publish","4":"has-post-thumbnail","6":"product_cat-lancamento","7":"product_cat-linguagem-e-linguas","8":"product_cat-linguistica","10":"first","11":"instock","12":"shipping-taxable","13":"purchasable","14":"product-type-simple"},"yoast_head":"<!-- This site is optimized with the Yoast SEO plugin v27.4 - https:\/\/yoast.com\/product\/yoast-seo-wordpress\/ -->\n<title>L\u00ednguas estrangeiras para todos: Teletandem do centro para o mundo. Uma homenagem para Jo\u00e3o Antonio Telles - Pontes Editores<\/title>\n<meta name=\"robots\" content=\"index, follow, max-snippet:-1, max-image-preview:large, max-video-preview:-1\" \/>\n<link rel=\"canonical\" href=\"https:\/\/ponteseditores.com.br\/loja3\/pontes-editores-home-2__trashed\/linguistica\/linguas-estrangeiras-para-todos-teletandem-do-centro-para-o-mundo-uma-homenagem-para-joao-antonio-telles\/\" \/>\n<meta property=\"og:locale\" content=\"pt_BR\" \/>\n<meta property=\"og:type\" content=\"article\" \/>\n<meta property=\"og:title\" content=\"L\u00ednguas estrangeiras para todos: Teletandem do centro para o mundo. Uma homenagem para Jo\u00e3o Antonio Telles - Pontes Editores\" \/>\n<meta property=\"og:description\" content=\"Este \u00e9 um livro em homenagem ao renomado pesquisador da \u00e1rea de Lingu\u00edstica Aplicada, professor e formador de professores de l\u00ednguas adicionais, Jo\u00e3o Antonio Telles, reconhecido nacional e internacionalmente sobretudo por sua relev\u00e2ncia nos estudos sobre tandem\/teletandem no Brasil. O objetivo do livro \u00e9 divulgar e enaltecer o impacto do trabalho do professor Telles para [&hellip;]\" \/>\n<meta property=\"og:url\" content=\"https:\/\/ponteseditores.com.br\/loja3\/pontes-editores-home-2__trashed\/linguistica\/linguas-estrangeiras-para-todos-teletandem-do-centro-para-o-mundo-uma-homenagem-para-joao-antonio-telles\/\" \/>\n<meta property=\"og:site_name\" content=\"Pontes Editores\" \/>\n<meta property=\"article:modified_time\" content=\"2026-03-17T18:17:13+00:00\" \/>\n<meta property=\"og:image\" content=\"https:\/\/ponteseditores.com.br\/loja3\/wp-content\/uploads\/2026\/03\/Capa_Linguas-estrangeiras.jpg\" \/>\n\t<meta property=\"og:image:width\" content=\"800\" \/>\n\t<meta property=\"og:image:height\" content=\"1159\" \/>\n\t<meta property=\"og:image:type\" content=\"image\/jpeg\" \/>\n<meta name=\"twitter:card\" content=\"summary_large_image\" \/>\n<meta name=\"twitter:label1\" content=\"Est. tempo de leitura\" \/>\n\t<meta name=\"twitter:data1\" content=\"2 minutos\" \/>\n<script type=\"application\/ld+json\" class=\"yoast-schema-graph\">{\"@context\":\"https:\\\/\\\/schema.org\",\"@graph\":[{\"@type\":\"WebPage\",\"@id\":\"https:\\\/\\\/ponteseditores.com.br\\\/loja3\\\/pontes-editores-home-2__trashed\\\/linguistica\\\/linguas-estrangeiras-para-todos-teletandem-do-centro-para-o-mundo-uma-homenagem-para-joao-antonio-telles\\\/\",\"url\":\"https:\\\/\\\/ponteseditores.com.br\\\/loja3\\\/pontes-editores-home-2__trashed\\\/linguistica\\\/linguas-estrangeiras-para-todos-teletandem-do-centro-para-o-mundo-uma-homenagem-para-joao-antonio-telles\\\/\",\"name\":\"L\u00ednguas estrangeiras para todos: Teletandem do centro para o mundo. Uma homenagem para Jo\u00e3o Antonio Telles - Pontes Editores\",\"isPartOf\":{\"@id\":\"https:\\\/\\\/ponteseditores.com.br\\\/loja3\\\/#website\"},\"primaryImageOfPage\":{\"@id\":\"https:\\\/\\\/ponteseditores.com.br\\\/loja3\\\/pontes-editores-home-2__trashed\\\/linguistica\\\/linguas-estrangeiras-para-todos-teletandem-do-centro-para-o-mundo-uma-homenagem-para-joao-antonio-telles\\\/#primaryimage\"},\"image\":{\"@id\":\"https:\\\/\\\/ponteseditores.com.br\\\/loja3\\\/pontes-editores-home-2__trashed\\\/linguistica\\\/linguas-estrangeiras-para-todos-teletandem-do-centro-para-o-mundo-uma-homenagem-para-joao-antonio-telles\\\/#primaryimage\"},\"thumbnailUrl\":\"https:\\\/\\\/ponteseditores.com.br\\\/loja3\\\/wp-content\\\/uploads\\\/2026\\\/03\\\/Capa_Linguas-estrangeiras.jpg\",\"datePublished\":\"2026-03-17T18:17:12+00:00\",\"dateModified\":\"2026-03-17T18:17:13+00:00\",\"breadcrumb\":{\"@id\":\"https:\\\/\\\/ponteseditores.com.br\\\/loja3\\\/pontes-editores-home-2__trashed\\\/linguistica\\\/linguas-estrangeiras-para-todos-teletandem-do-centro-para-o-mundo-uma-homenagem-para-joao-antonio-telles\\\/#breadcrumb\"},\"inLanguage\":\"pt-BR\",\"potentialAction\":[{\"@type\":\"ReadAction\",\"target\":[\"https:\\\/\\\/ponteseditores.com.br\\\/loja3\\\/pontes-editores-home-2__trashed\\\/linguistica\\\/linguas-estrangeiras-para-todos-teletandem-do-centro-para-o-mundo-uma-homenagem-para-joao-antonio-telles\\\/\"]}]},{\"@type\":\"ImageObject\",\"inLanguage\":\"pt-BR\",\"@id\":\"https:\\\/\\\/ponteseditores.com.br\\\/loja3\\\/pontes-editores-home-2__trashed\\\/linguistica\\\/linguas-estrangeiras-para-todos-teletandem-do-centro-para-o-mundo-uma-homenagem-para-joao-antonio-telles\\\/#primaryimage\",\"url\":\"https:\\\/\\\/ponteseditores.com.br\\\/loja3\\\/wp-content\\\/uploads\\\/2026\\\/03\\\/Capa_Linguas-estrangeiras.jpg\",\"contentUrl\":\"https:\\\/\\\/ponteseditores.com.br\\\/loja3\\\/wp-content\\\/uploads\\\/2026\\\/03\\\/Capa_Linguas-estrangeiras.jpg\",\"width\":800,\"height\":1159},{\"@type\":\"BreadcrumbList\",\"@id\":\"https:\\\/\\\/ponteseditores.com.br\\\/loja3\\\/pontes-editores-home-2__trashed\\\/linguistica\\\/linguas-estrangeiras-para-todos-teletandem-do-centro-para-o-mundo-uma-homenagem-para-joao-antonio-telles\\\/#breadcrumb\",\"itemListElement\":[{\"@type\":\"ListItem\",\"position\":1,\"name\":\"Home\",\"item\":\"https:\\\/\\\/ponteseditores.com.br\\\/loja3\\\/\"},{\"@type\":\"ListItem\",\"position\":2,\"name\":\"loja\",\"item\":\"https:\\\/\\\/ponteseditores.com.br\\\/loja3\\\/loja\\\/\"},{\"@type\":\"ListItem\",\"position\":3,\"name\":\"L\u00ednguas estrangeiras para todos: Teletandem do centro para o mundo. Uma homenagem para Jo\u00e3o Antonio Telles\"}]},{\"@type\":\"WebSite\",\"@id\":\"https:\\\/\\\/ponteseditores.com.br\\\/loja3\\\/#website\",\"url\":\"https:\\\/\\\/ponteseditores.com.br\\\/loja3\\\/\",\"name\":\"Pontes Editores\",\"description\":\"Pontes Editores\",\"publisher\":{\"@id\":\"https:\\\/\\\/ponteseditores.com.br\\\/loja3\\\/#organization\"},\"potentialAction\":[{\"@type\":\"SearchAction\",\"target\":{\"@type\":\"EntryPoint\",\"urlTemplate\":\"https:\\\/\\\/ponteseditores.com.br\\\/loja3\\\/?s={search_term_string}\"},\"query-input\":{\"@type\":\"PropertyValueSpecification\",\"valueRequired\":true,\"valueName\":\"search_term_string\"}}],\"inLanguage\":\"pt-BR\"},{\"@type\":\"Organization\",\"@id\":\"https:\\\/\\\/ponteseditores.com.br\\\/loja3\\\/#organization\",\"name\":\"Pontes Editores\",\"url\":\"https:\\\/\\\/ponteseditores.com.br\\\/loja3\\\/\",\"logo\":{\"@type\":\"ImageObject\",\"inLanguage\":\"pt-BR\",\"@id\":\"https:\\\/\\\/ponteseditores.com.br\\\/loja3\\\/#\\\/schema\\\/logo\\\/image\\\/\",\"url\":\"https:\\\/\\\/ponteseditores.com.br\\\/loja3\\\/wp-content\\\/uploads\\\/2023\\\/12\\\/logo-pontes-editores-v2.png\",\"contentUrl\":\"https:\\\/\\\/ponteseditores.com.br\\\/loja3\\\/wp-content\\\/uploads\\\/2023\\\/12\\\/logo-pontes-editores-v2.png\",\"width\":258,\"height\":100,\"caption\":\"Pontes Editores\"},\"image\":{\"@id\":\"https:\\\/\\\/ponteseditores.com.br\\\/loja3\\\/#\\\/schema\\\/logo\\\/image\\\/\"}}]}<\/script>\n<!-- \/ Yoast SEO plugin. -->","yoast_head_json":{"title":"L\u00ednguas estrangeiras para todos: Teletandem do centro para o mundo. Uma homenagem para Jo\u00e3o Antonio Telles - Pontes Editores","robots":{"index":"index","follow":"follow","max-snippet":"max-snippet:-1","max-image-preview":"max-image-preview:large","max-video-preview":"max-video-preview:-1"},"canonical":"https:\/\/ponteseditores.com.br\/loja3\/pontes-editores-home-2__trashed\/linguistica\/linguas-estrangeiras-para-todos-teletandem-do-centro-para-o-mundo-uma-homenagem-para-joao-antonio-telles\/","og_locale":"pt_BR","og_type":"article","og_title":"L\u00ednguas estrangeiras para todos: Teletandem do centro para o mundo. Uma homenagem para Jo\u00e3o Antonio Telles - Pontes Editores","og_description":"Este \u00e9 um livro em homenagem ao renomado pesquisador da \u00e1rea de Lingu\u00edstica Aplicada, professor e formador de professores de l\u00ednguas adicionais, Jo\u00e3o Antonio Telles, reconhecido nacional e internacionalmente sobretudo por sua relev\u00e2ncia nos estudos sobre tandem\/teletandem no Brasil. O objetivo do livro \u00e9 divulgar e enaltecer o impacto do trabalho do professor Telles para [&hellip;]","og_url":"https:\/\/ponteseditores.com.br\/loja3\/pontes-editores-home-2__trashed\/linguistica\/linguas-estrangeiras-para-todos-teletandem-do-centro-para-o-mundo-uma-homenagem-para-joao-antonio-telles\/","og_site_name":"Pontes Editores","article_modified_time":"2026-03-17T18:17:13+00:00","og_image":[{"width":800,"height":1159,"url":"https:\/\/ponteseditores.com.br\/loja3\/wp-content\/uploads\/2026\/03\/Capa_Linguas-estrangeiras.jpg","type":"image\/jpeg"}],"twitter_card":"summary_large_image","twitter_misc":{"Est. tempo de leitura":"2 minutos"},"schema":{"@context":"https:\/\/schema.org","@graph":[{"@type":"WebPage","@id":"https:\/\/ponteseditores.com.br\/loja3\/pontes-editores-home-2__trashed\/linguistica\/linguas-estrangeiras-para-todos-teletandem-do-centro-para-o-mundo-uma-homenagem-para-joao-antonio-telles\/","url":"https:\/\/ponteseditores.com.br\/loja3\/pontes-editores-home-2__trashed\/linguistica\/linguas-estrangeiras-para-todos-teletandem-do-centro-para-o-mundo-uma-homenagem-para-joao-antonio-telles\/","name":"L\u00ednguas estrangeiras para todos: Teletandem do centro para o mundo. Uma homenagem para Jo\u00e3o Antonio Telles - Pontes Editores","isPartOf":{"@id":"https:\/\/ponteseditores.com.br\/loja3\/#website"},"primaryImageOfPage":{"@id":"https:\/\/ponteseditores.com.br\/loja3\/pontes-editores-home-2__trashed\/linguistica\/linguas-estrangeiras-para-todos-teletandem-do-centro-para-o-mundo-uma-homenagem-para-joao-antonio-telles\/#primaryimage"},"image":{"@id":"https:\/\/ponteseditores.com.br\/loja3\/pontes-editores-home-2__trashed\/linguistica\/linguas-estrangeiras-para-todos-teletandem-do-centro-para-o-mundo-uma-homenagem-para-joao-antonio-telles\/#primaryimage"},"thumbnailUrl":"https:\/\/ponteseditores.com.br\/loja3\/wp-content\/uploads\/2026\/03\/Capa_Linguas-estrangeiras.jpg","datePublished":"2026-03-17T18:17:12+00:00","dateModified":"2026-03-17T18:17:13+00:00","breadcrumb":{"@id":"https:\/\/ponteseditores.com.br\/loja3\/pontes-editores-home-2__trashed\/linguistica\/linguas-estrangeiras-para-todos-teletandem-do-centro-para-o-mundo-uma-homenagem-para-joao-antonio-telles\/#breadcrumb"},"inLanguage":"pt-BR","potentialAction":[{"@type":"ReadAction","target":["https:\/\/ponteseditores.com.br\/loja3\/pontes-editores-home-2__trashed\/linguistica\/linguas-estrangeiras-para-todos-teletandem-do-centro-para-o-mundo-uma-homenagem-para-joao-antonio-telles\/"]}]},{"@type":"ImageObject","inLanguage":"pt-BR","@id":"https:\/\/ponteseditores.com.br\/loja3\/pontes-editores-home-2__trashed\/linguistica\/linguas-estrangeiras-para-todos-teletandem-do-centro-para-o-mundo-uma-homenagem-para-joao-antonio-telles\/#primaryimage","url":"https:\/\/ponteseditores.com.br\/loja3\/wp-content\/uploads\/2026\/03\/Capa_Linguas-estrangeiras.jpg","contentUrl":"https:\/\/ponteseditores.com.br\/loja3\/wp-content\/uploads\/2026\/03\/Capa_Linguas-estrangeiras.jpg","width":800,"height":1159},{"@type":"BreadcrumbList","@id":"https:\/\/ponteseditores.com.br\/loja3\/pontes-editores-home-2__trashed\/linguistica\/linguas-estrangeiras-para-todos-teletandem-do-centro-para-o-mundo-uma-homenagem-para-joao-antonio-telles\/#breadcrumb","itemListElement":[{"@type":"ListItem","position":1,"name":"Home","item":"https:\/\/ponteseditores.com.br\/loja3\/"},{"@type":"ListItem","position":2,"name":"loja","item":"https:\/\/ponteseditores.com.br\/loja3\/loja\/"},{"@type":"ListItem","position":3,"name":"L\u00ednguas estrangeiras para todos: Teletandem do centro para o mundo. Uma homenagem para Jo\u00e3o Antonio Telles"}]},{"@type":"WebSite","@id":"https:\/\/ponteseditores.com.br\/loja3\/#website","url":"https:\/\/ponteseditores.com.br\/loja3\/","name":"Pontes Editores","description":"Pontes Editores","publisher":{"@id":"https:\/\/ponteseditores.com.br\/loja3\/#organization"},"potentialAction":[{"@type":"SearchAction","target":{"@type":"EntryPoint","urlTemplate":"https:\/\/ponteseditores.com.br\/loja3\/?s={search_term_string}"},"query-input":{"@type":"PropertyValueSpecification","valueRequired":true,"valueName":"search_term_string"}}],"inLanguage":"pt-BR"},{"@type":"Organization","@id":"https:\/\/ponteseditores.com.br\/loja3\/#organization","name":"Pontes Editores","url":"https:\/\/ponteseditores.com.br\/loja3\/","logo":{"@type":"ImageObject","inLanguage":"pt-BR","@id":"https:\/\/ponteseditores.com.br\/loja3\/#\/schema\/logo\/image\/","url":"https:\/\/ponteseditores.com.br\/loja3\/wp-content\/uploads\/2023\/12\/logo-pontes-editores-v2.png","contentUrl":"https:\/\/ponteseditores.com.br\/loja3\/wp-content\/uploads\/2023\/12\/logo-pontes-editores-v2.png","width":258,"height":100,"caption":"Pontes Editores"},"image":{"@id":"https:\/\/ponteseditores.com.br\/loja3\/#\/schema\/logo\/image\/"}}]}},"_links":{"self":[{"href":"https:\/\/ponteseditores.com.br\/loja3\/wp-json\/wp\/v2\/product\/38241","targetHints":{"allow":["GET"]}}],"collection":[{"href":"https:\/\/ponteseditores.com.br\/loja3\/wp-json\/wp\/v2\/product"}],"about":[{"href":"https:\/\/ponteseditores.com.br\/loja3\/wp-json\/wp\/v2\/types\/product"}],"replies":[{"embeddable":true,"href":"https:\/\/ponteseditores.com.br\/loja3\/wp-json\/wp\/v2\/comments?post=38241"}],"version-history":[{"count":1,"href":"https:\/\/ponteseditores.com.br\/loja3\/wp-json\/wp\/v2\/product\/38241\/revisions"}],"predecessor-version":[{"id":38243,"href":"https:\/\/ponteseditores.com.br\/loja3\/wp-json\/wp\/v2\/product\/38241\/revisions\/38243"}],"wp:featuredmedia":[{"embeddable":true,"href":"https:\/\/ponteseditores.com.br\/loja3\/wp-json\/wp\/v2\/media\/38242"}],"wp:attachment":[{"href":"https:\/\/ponteseditores.com.br\/loja3\/wp-json\/wp\/v2\/media?parent=38241"}],"wp:term":[{"taxonomy":"product_brand","embeddable":true,"href":"https:\/\/ponteseditores.com.br\/loja3\/wp-json\/wp\/v2\/product_brand?post=38241"},{"taxonomy":"product_cat","embeddable":true,"href":"https:\/\/ponteseditores.com.br\/loja3\/wp-json\/wp\/v2\/product_cat?post=38241"},{"taxonomy":"product_tag","embeddable":true,"href":"https:\/\/ponteseditores.com.br\/loja3\/wp-json\/wp\/v2\/product_tag?post=38241"}],"curies":[{"name":"wp","href":"https:\/\/api.w.org\/{rel}","templated":true}]}}