{"id":38082,"date":"2026-03-16T11:56:02","date_gmt":"2026-03-16T14:56:02","guid":{"rendered":"https:\/\/ponteseditores.com.br\/loja3\/?post_type=product&#038;p=38082"},"modified":"2026-03-26T11:54:15","modified_gmt":"2026-03-26T14:54:15","slug":"novas-perspectivas-para-o-ensino-de-lingua-portuguesa-reflexoes-sobre-ensino-de-gramatica-e-teorias-linguisticas-2","status":"publish","type":"product","link":"https:\/\/ponteseditores.com.br\/loja3\/pontes-editores-home-2__trashed\/ebook\/lancamento-e-book\/novas-perspectivas-para-o-ensino-de-lingua-portuguesa-reflexoes-sobre-ensino-de-gramatica-e-teorias-linguisticas-2\/","title":{"rendered":"Novas perspectivas para o ensino de L\u00edngua Portuguesa: reflex\u00f5es sobre ensino de gram\u00e1tica e teorias lingu\u00edsticas"},"content":{"rendered":"<p>Em 2025, a Universidade Federal de Minas Gerais foi a sede do I Encontro Nacional de Lingu\u00edstica e Educa\u00e7\u00e3o, evento que reuniu 89 pesquisadores de 31 institui\u00e7\u00f5es de ensino de todas as regi\u00f5es do pa\u00eds. O evento trouxe um panorama abrangente das pesquisas realizadas sobre lingu\u00edstica e educa\u00e7\u00e3o a n\u00edvel nacional. Este livro traz uma colet\u00e2nea de 14 trabalhos que foram apresentados neste evento com cap\u00edtulos que apresentam formas e metodologias diversas de como aplicar o conhecimento lingu\u00edstico no Ensino de Gram\u00e1tica escritos por autores com vasta experi\u00eancia com a quest\u00e3o do ensino da l\u00edngua portuguesa.<\/p>\n<p>Dessa forma, este livro n\u00e3o apenas contribui com o exerc\u00edcio da doc\u00eancia na Educa\u00e7\u00e3o B\u00e1sica, mas tamb\u00e9m serve como uma inspira\u00e7\u00e3o para professores e professoras do Brasil interessados em buscar alternativas mais cient\u00edficas e menos prescritivas no Ensino e Aprendizagem de Gram\u00e1tica na Educa\u00e7\u00e3o B\u00e1sica. Boa leitura!<\/p>\n","protected":false},"excerpt":{"rendered":"<p>Em 2025, a Universidade Federal de Minas Gerais foi a sede do I Encontro Nacional de Lingu\u00edstica e Educa\u00e7\u00e3o, evento que reuniu 89 pesquisadores de 31 institui\u00e7\u00f5es de ensino de todas as regi\u00f5es do pa\u00eds. O evento trouxe um panorama abrangente das pesquisas realizadas sobre lingu\u00edstica e educa\u00e7\u00e3o a n\u00edvel nacional. Este livro traz uma [&hellip;]<\/p>\n","protected":false},"featured_media":37131,"comment_status":"open","ping_status":"closed","template":"","meta":{"_joinchat":[]},"product_brand":[],"product_cat":[165,386],"product_tag":[],"class_list":{"0":"post-38082","1":"product","2":"type-product","3":"status-publish","4":"has-post-thumbnail","6":"product_cat-ebook","7":"product_cat-lancamento-e-book","9":"first","10":"instock","11":"downloadable","12":"virtual","13":"purchasable","14":"product-type-simple"},"yoast_head":"<!-- This site is optimized with the Yoast SEO plugin v27.4 - https:\/\/yoast.com\/product\/yoast-seo-wordpress\/ -->\n<title>Novas perspectivas para o ensino de L\u00edngua Portuguesa: reflex\u00f5es sobre ensino de gram\u00e1tica e teorias lingu\u00edsticas - Pontes Editores<\/title>\n<meta name=\"robots\" content=\"index, follow, max-snippet:-1, max-image-preview:large, max-video-preview:-1\" \/>\n<link rel=\"canonical\" href=\"https:\/\/ponteseditores.com.br\/loja3\/pontes-editores-home-2__trashed\/ebook\/lancamento-e-book\/novas-perspectivas-para-o-ensino-de-lingua-portuguesa-reflexoes-sobre-ensino-de-gramatica-e-teorias-linguisticas-2\/\" \/>\n<meta property=\"og:locale\" content=\"pt_BR\" \/>\n<meta property=\"og:type\" content=\"article\" \/>\n<meta property=\"og:title\" content=\"Novas perspectivas para o ensino de L\u00edngua Portuguesa: reflex\u00f5es sobre ensino de gram\u00e1tica e teorias lingu\u00edsticas - Pontes Editores\" \/>\n<meta property=\"og:description\" content=\"Em 2025, a Universidade Federal de Minas Gerais foi a sede do I Encontro Nacional de Lingu\u00edstica e Educa\u00e7\u00e3o, evento que reuniu 89 pesquisadores de 31 institui\u00e7\u00f5es de ensino de todas as regi\u00f5es do pa\u00eds. O evento trouxe um panorama abrangente das pesquisas realizadas sobre lingu\u00edstica e educa\u00e7\u00e3o a n\u00edvel nacional. Este livro traz uma [&hellip;]\" \/>\n<meta property=\"og:url\" content=\"https:\/\/ponteseditores.com.br\/loja3\/pontes-editores-home-2__trashed\/ebook\/lancamento-e-book\/novas-perspectivas-para-o-ensino-de-lingua-portuguesa-reflexoes-sobre-ensino-de-gramatica-e-teorias-linguisticas-2\/\" \/>\n<meta property=\"og:site_name\" content=\"Pontes Editores\" \/>\n<meta property=\"article:modified_time\" content=\"2026-03-26T14:54:15+00:00\" \/>\n<meta property=\"og:image\" content=\"https:\/\/ponteseditores.com.br\/loja3\/wp-content\/uploads\/2026\/02\/Capa_Novas-Perspectivas.jpg\" \/>\n\t<meta property=\"og:image:width\" content=\"800\" \/>\n\t<meta property=\"og:image:height\" content=\"1159\" \/>\n\t<meta property=\"og:image:type\" content=\"image\/jpeg\" \/>\n<meta name=\"twitter:card\" content=\"summary_large_image\" \/>\n<meta name=\"twitter:label1\" content=\"Est. tempo de leitura\" \/>\n\t<meta name=\"twitter:data1\" content=\"1 minuto\" \/>\n<script type=\"application\/ld+json\" class=\"yoast-schema-graph\">{\"@context\":\"https:\\\/\\\/schema.org\",\"@graph\":[{\"@type\":\"WebPage\",\"@id\":\"https:\\\/\\\/ponteseditores.com.br\\\/loja3\\\/pontes-editores-home-2__trashed\\\/ebook\\\/lancamento-e-book\\\/novas-perspectivas-para-o-ensino-de-lingua-portuguesa-reflexoes-sobre-ensino-de-gramatica-e-teorias-linguisticas-2\\\/\",\"url\":\"https:\\\/\\\/ponteseditores.com.br\\\/loja3\\\/pontes-editores-home-2__trashed\\\/ebook\\\/lancamento-e-book\\\/novas-perspectivas-para-o-ensino-de-lingua-portuguesa-reflexoes-sobre-ensino-de-gramatica-e-teorias-linguisticas-2\\\/\",\"name\":\"Novas perspectivas para o ensino de L\u00edngua Portuguesa: reflex\u00f5es sobre ensino de gram\u00e1tica e teorias lingu\u00edsticas - Pontes Editores\",\"isPartOf\":{\"@id\":\"https:\\\/\\\/ponteseditores.com.br\\\/loja3\\\/#website\"},\"primaryImageOfPage\":{\"@id\":\"https:\\\/\\\/ponteseditores.com.br\\\/loja3\\\/pontes-editores-home-2__trashed\\\/ebook\\\/lancamento-e-book\\\/novas-perspectivas-para-o-ensino-de-lingua-portuguesa-reflexoes-sobre-ensino-de-gramatica-e-teorias-linguisticas-2\\\/#primaryimage\"},\"image\":{\"@id\":\"https:\\\/\\\/ponteseditores.com.br\\\/loja3\\\/pontes-editores-home-2__trashed\\\/ebook\\\/lancamento-e-book\\\/novas-perspectivas-para-o-ensino-de-lingua-portuguesa-reflexoes-sobre-ensino-de-gramatica-e-teorias-linguisticas-2\\\/#primaryimage\"},\"thumbnailUrl\":\"https:\\\/\\\/ponteseditores.com.br\\\/loja3\\\/wp-content\\\/uploads\\\/2026\\\/02\\\/Capa_Novas-Perspectivas.jpg\",\"datePublished\":\"2026-03-16T14:56:02+00:00\",\"dateModified\":\"2026-03-26T14:54:15+00:00\",\"breadcrumb\":{\"@id\":\"https:\\\/\\\/ponteseditores.com.br\\\/loja3\\\/pontes-editores-home-2__trashed\\\/ebook\\\/lancamento-e-book\\\/novas-perspectivas-para-o-ensino-de-lingua-portuguesa-reflexoes-sobre-ensino-de-gramatica-e-teorias-linguisticas-2\\\/#breadcrumb\"},\"inLanguage\":\"pt-BR\",\"potentialAction\":[{\"@type\":\"ReadAction\",\"target\":[\"https:\\\/\\\/ponteseditores.com.br\\\/loja3\\\/pontes-editores-home-2__trashed\\\/ebook\\\/lancamento-e-book\\\/novas-perspectivas-para-o-ensino-de-lingua-portuguesa-reflexoes-sobre-ensino-de-gramatica-e-teorias-linguisticas-2\\\/\"]}]},{\"@type\":\"ImageObject\",\"inLanguage\":\"pt-BR\",\"@id\":\"https:\\\/\\\/ponteseditores.com.br\\\/loja3\\\/pontes-editores-home-2__trashed\\\/ebook\\\/lancamento-e-book\\\/novas-perspectivas-para-o-ensino-de-lingua-portuguesa-reflexoes-sobre-ensino-de-gramatica-e-teorias-linguisticas-2\\\/#primaryimage\",\"url\":\"https:\\\/\\\/ponteseditores.com.br\\\/loja3\\\/wp-content\\\/uploads\\\/2026\\\/02\\\/Capa_Novas-Perspectivas.jpg\",\"contentUrl\":\"https:\\\/\\\/ponteseditores.com.br\\\/loja3\\\/wp-content\\\/uploads\\\/2026\\\/02\\\/Capa_Novas-Perspectivas.jpg\",\"width\":800,\"height\":1159},{\"@type\":\"BreadcrumbList\",\"@id\":\"https:\\\/\\\/ponteseditores.com.br\\\/loja3\\\/pontes-editores-home-2__trashed\\\/ebook\\\/lancamento-e-book\\\/novas-perspectivas-para-o-ensino-de-lingua-portuguesa-reflexoes-sobre-ensino-de-gramatica-e-teorias-linguisticas-2\\\/#breadcrumb\",\"itemListElement\":[{\"@type\":\"ListItem\",\"position\":1,\"name\":\"Home\",\"item\":\"https:\\\/\\\/ponteseditores.com.br\\\/loja3\\\/\"},{\"@type\":\"ListItem\",\"position\":2,\"name\":\"loja\",\"item\":\"https:\\\/\\\/ponteseditores.com.br\\\/loja3\\\/loja\\\/\"},{\"@type\":\"ListItem\",\"position\":3,\"name\":\"Novas perspectivas para o ensino de L\u00edngua Portuguesa: reflex\u00f5es sobre ensino de gram\u00e1tica e teorias lingu\u00edsticas\"}]},{\"@type\":\"WebSite\",\"@id\":\"https:\\\/\\\/ponteseditores.com.br\\\/loja3\\\/#website\",\"url\":\"https:\\\/\\\/ponteseditores.com.br\\\/loja3\\\/\",\"name\":\"Pontes Editores\",\"description\":\"Pontes Editores\",\"publisher\":{\"@id\":\"https:\\\/\\\/ponteseditores.com.br\\\/loja3\\\/#organization\"},\"potentialAction\":[{\"@type\":\"SearchAction\",\"target\":{\"@type\":\"EntryPoint\",\"urlTemplate\":\"https:\\\/\\\/ponteseditores.com.br\\\/loja3\\\/?s={search_term_string}\"},\"query-input\":{\"@type\":\"PropertyValueSpecification\",\"valueRequired\":true,\"valueName\":\"search_term_string\"}}],\"inLanguage\":\"pt-BR\"},{\"@type\":\"Organization\",\"@id\":\"https:\\\/\\\/ponteseditores.com.br\\\/loja3\\\/#organization\",\"name\":\"Pontes Editores\",\"url\":\"https:\\\/\\\/ponteseditores.com.br\\\/loja3\\\/\",\"logo\":{\"@type\":\"ImageObject\",\"inLanguage\":\"pt-BR\",\"@id\":\"https:\\\/\\\/ponteseditores.com.br\\\/loja3\\\/#\\\/schema\\\/logo\\\/image\\\/\",\"url\":\"https:\\\/\\\/ponteseditores.com.br\\\/loja3\\\/wp-content\\\/uploads\\\/2023\\\/12\\\/logo-pontes-editores-v2.png\",\"contentUrl\":\"https:\\\/\\\/ponteseditores.com.br\\\/loja3\\\/wp-content\\\/uploads\\\/2023\\\/12\\\/logo-pontes-editores-v2.png\",\"width\":258,\"height\":100,\"caption\":\"Pontes Editores\"},\"image\":{\"@id\":\"https:\\\/\\\/ponteseditores.com.br\\\/loja3\\\/#\\\/schema\\\/logo\\\/image\\\/\"}}]}<\/script>\n<!-- \/ Yoast SEO plugin. -->","yoast_head_json":{"title":"Novas perspectivas para o ensino de L\u00edngua Portuguesa: reflex\u00f5es sobre ensino de gram\u00e1tica e teorias lingu\u00edsticas - Pontes Editores","robots":{"index":"index","follow":"follow","max-snippet":"max-snippet:-1","max-image-preview":"max-image-preview:large","max-video-preview":"max-video-preview:-1"},"canonical":"https:\/\/ponteseditores.com.br\/loja3\/pontes-editores-home-2__trashed\/ebook\/lancamento-e-book\/novas-perspectivas-para-o-ensino-de-lingua-portuguesa-reflexoes-sobre-ensino-de-gramatica-e-teorias-linguisticas-2\/","og_locale":"pt_BR","og_type":"article","og_title":"Novas perspectivas para o ensino de L\u00edngua Portuguesa: reflex\u00f5es sobre ensino de gram\u00e1tica e teorias lingu\u00edsticas - Pontes Editores","og_description":"Em 2025, a Universidade Federal de Minas Gerais foi a sede do I Encontro Nacional de Lingu\u00edstica e Educa\u00e7\u00e3o, evento que reuniu 89 pesquisadores de 31 institui\u00e7\u00f5es de ensino de todas as regi\u00f5es do pa\u00eds. O evento trouxe um panorama abrangente das pesquisas realizadas sobre lingu\u00edstica e educa\u00e7\u00e3o a n\u00edvel nacional. Este livro traz uma [&hellip;]","og_url":"https:\/\/ponteseditores.com.br\/loja3\/pontes-editores-home-2__trashed\/ebook\/lancamento-e-book\/novas-perspectivas-para-o-ensino-de-lingua-portuguesa-reflexoes-sobre-ensino-de-gramatica-e-teorias-linguisticas-2\/","og_site_name":"Pontes Editores","article_modified_time":"2026-03-26T14:54:15+00:00","og_image":[{"width":800,"height":1159,"url":"https:\/\/ponteseditores.com.br\/loja3\/wp-content\/uploads\/2026\/02\/Capa_Novas-Perspectivas.jpg","type":"image\/jpeg"}],"twitter_card":"summary_large_image","twitter_misc":{"Est. tempo de leitura":"1 minuto"},"schema":{"@context":"https:\/\/schema.org","@graph":[{"@type":"WebPage","@id":"https:\/\/ponteseditores.com.br\/loja3\/pontes-editores-home-2__trashed\/ebook\/lancamento-e-book\/novas-perspectivas-para-o-ensino-de-lingua-portuguesa-reflexoes-sobre-ensino-de-gramatica-e-teorias-linguisticas-2\/","url":"https:\/\/ponteseditores.com.br\/loja3\/pontes-editores-home-2__trashed\/ebook\/lancamento-e-book\/novas-perspectivas-para-o-ensino-de-lingua-portuguesa-reflexoes-sobre-ensino-de-gramatica-e-teorias-linguisticas-2\/","name":"Novas perspectivas para o ensino de L\u00edngua Portuguesa: reflex\u00f5es sobre ensino de gram\u00e1tica e teorias lingu\u00edsticas - Pontes Editores","isPartOf":{"@id":"https:\/\/ponteseditores.com.br\/loja3\/#website"},"primaryImageOfPage":{"@id":"https:\/\/ponteseditores.com.br\/loja3\/pontes-editores-home-2__trashed\/ebook\/lancamento-e-book\/novas-perspectivas-para-o-ensino-de-lingua-portuguesa-reflexoes-sobre-ensino-de-gramatica-e-teorias-linguisticas-2\/#primaryimage"},"image":{"@id":"https:\/\/ponteseditores.com.br\/loja3\/pontes-editores-home-2__trashed\/ebook\/lancamento-e-book\/novas-perspectivas-para-o-ensino-de-lingua-portuguesa-reflexoes-sobre-ensino-de-gramatica-e-teorias-linguisticas-2\/#primaryimage"},"thumbnailUrl":"https:\/\/ponteseditores.com.br\/loja3\/wp-content\/uploads\/2026\/02\/Capa_Novas-Perspectivas.jpg","datePublished":"2026-03-16T14:56:02+00:00","dateModified":"2026-03-26T14:54:15+00:00","breadcrumb":{"@id":"https:\/\/ponteseditores.com.br\/loja3\/pontes-editores-home-2__trashed\/ebook\/lancamento-e-book\/novas-perspectivas-para-o-ensino-de-lingua-portuguesa-reflexoes-sobre-ensino-de-gramatica-e-teorias-linguisticas-2\/#breadcrumb"},"inLanguage":"pt-BR","potentialAction":[{"@type":"ReadAction","target":["https:\/\/ponteseditores.com.br\/loja3\/pontes-editores-home-2__trashed\/ebook\/lancamento-e-book\/novas-perspectivas-para-o-ensino-de-lingua-portuguesa-reflexoes-sobre-ensino-de-gramatica-e-teorias-linguisticas-2\/"]}]},{"@type":"ImageObject","inLanguage":"pt-BR","@id":"https:\/\/ponteseditores.com.br\/loja3\/pontes-editores-home-2__trashed\/ebook\/lancamento-e-book\/novas-perspectivas-para-o-ensino-de-lingua-portuguesa-reflexoes-sobre-ensino-de-gramatica-e-teorias-linguisticas-2\/#primaryimage","url":"https:\/\/ponteseditores.com.br\/loja3\/wp-content\/uploads\/2026\/02\/Capa_Novas-Perspectivas.jpg","contentUrl":"https:\/\/ponteseditores.com.br\/loja3\/wp-content\/uploads\/2026\/02\/Capa_Novas-Perspectivas.jpg","width":800,"height":1159},{"@type":"BreadcrumbList","@id":"https:\/\/ponteseditores.com.br\/loja3\/pontes-editores-home-2__trashed\/ebook\/lancamento-e-book\/novas-perspectivas-para-o-ensino-de-lingua-portuguesa-reflexoes-sobre-ensino-de-gramatica-e-teorias-linguisticas-2\/#breadcrumb","itemListElement":[{"@type":"ListItem","position":1,"name":"Home","item":"https:\/\/ponteseditores.com.br\/loja3\/"},{"@type":"ListItem","position":2,"name":"loja","item":"https:\/\/ponteseditores.com.br\/loja3\/loja\/"},{"@type":"ListItem","position":3,"name":"Novas perspectivas para o ensino de L\u00edngua Portuguesa: reflex\u00f5es sobre ensino de gram\u00e1tica e teorias lingu\u00edsticas"}]},{"@type":"WebSite","@id":"https:\/\/ponteseditores.com.br\/loja3\/#website","url":"https:\/\/ponteseditores.com.br\/loja3\/","name":"Pontes Editores","description":"Pontes Editores","publisher":{"@id":"https:\/\/ponteseditores.com.br\/loja3\/#organization"},"potentialAction":[{"@type":"SearchAction","target":{"@type":"EntryPoint","urlTemplate":"https:\/\/ponteseditores.com.br\/loja3\/?s={search_term_string}"},"query-input":{"@type":"PropertyValueSpecification","valueRequired":true,"valueName":"search_term_string"}}],"inLanguage":"pt-BR"},{"@type":"Organization","@id":"https:\/\/ponteseditores.com.br\/loja3\/#organization","name":"Pontes Editores","url":"https:\/\/ponteseditores.com.br\/loja3\/","logo":{"@type":"ImageObject","inLanguage":"pt-BR","@id":"https:\/\/ponteseditores.com.br\/loja3\/#\/schema\/logo\/image\/","url":"https:\/\/ponteseditores.com.br\/loja3\/wp-content\/uploads\/2023\/12\/logo-pontes-editores-v2.png","contentUrl":"https:\/\/ponteseditores.com.br\/loja3\/wp-content\/uploads\/2023\/12\/logo-pontes-editores-v2.png","width":258,"height":100,"caption":"Pontes Editores"},"image":{"@id":"https:\/\/ponteseditores.com.br\/loja3\/#\/schema\/logo\/image\/"}}]}},"_links":{"self":[{"href":"https:\/\/ponteseditores.com.br\/loja3\/wp-json\/wp\/v2\/product\/38082","targetHints":{"allow":["GET"]}}],"collection":[{"href":"https:\/\/ponteseditores.com.br\/loja3\/wp-json\/wp\/v2\/product"}],"about":[{"href":"https:\/\/ponteseditores.com.br\/loja3\/wp-json\/wp\/v2\/types\/product"}],"replies":[{"embeddable":true,"href":"https:\/\/ponteseditores.com.br\/loja3\/wp-json\/wp\/v2\/comments?post=38082"}],"version-history":[{"count":1,"href":"https:\/\/ponteseditores.com.br\/loja3\/wp-json\/wp\/v2\/product\/38082\/revisions"}],"predecessor-version":[{"id":38084,"href":"https:\/\/ponteseditores.com.br\/loja3\/wp-json\/wp\/v2\/product\/38082\/revisions\/38084"}],"wp:featuredmedia":[{"embeddable":true,"href":"https:\/\/ponteseditores.com.br\/loja3\/wp-json\/wp\/v2\/media\/37131"}],"wp:attachment":[{"href":"https:\/\/ponteseditores.com.br\/loja3\/wp-json\/wp\/v2\/media?parent=38082"}],"wp:term":[{"taxonomy":"product_brand","embeddable":true,"href":"https:\/\/ponteseditores.com.br\/loja3\/wp-json\/wp\/v2\/product_brand?post=38082"},{"taxonomy":"product_cat","embeddable":true,"href":"https:\/\/ponteseditores.com.br\/loja3\/wp-json\/wp\/v2\/product_cat?post=38082"},{"taxonomy":"product_tag","embeddable":true,"href":"https:\/\/ponteseditores.com.br\/loja3\/wp-json\/wp\/v2\/product_tag?post=38082"}],"curies":[{"name":"wp","href":"https:\/\/api.w.org\/{rel}","templated":true}]}}