{"id":37938,"date":"2026-03-13T15:13:18","date_gmt":"2026-03-13T18:13:18","guid":{"rendered":"https:\/\/ponteseditores.com.br\/loja3\/?post_type=product&#038;p=37938"},"modified":"2026-03-13T15:14:35","modified_gmt":"2026-03-13T18:14:35","slug":"ainda-nao-se-escreveu-a-poesia-de-antonio-botto-nas-decadas-de-1940-e-1950-2","status":"publish","type":"product","link":"https:\/\/ponteseditores.com.br\/loja3\/pontes-editores-home-2__trashed\/lancamento\/ainda-nao-se-escreveu-a-poesia-de-antonio-botto-nas-decadas-de-1940-e-1950-2\/","title":{"rendered":"Ainda n\u00e3o se escreveu: a poesia de Ant\u00f3nio Botto nas d\u00e9cadas de 1940 e 1950"},"content":{"rendered":"<p>Entre as d\u00e9cadas de 1940 e 1950, Ant\u00f3nio Botto explorou caminhos pouco lidos e estudados de sua poesia, que permanecem \u00e0 margem do c\u00e2none liter\u00e1rio portugu\u00eas. Se sua consagra\u00e7\u00e3o se deve, sobretudo, a <em>Can\u00e7\u00f5es <\/em>(1921), as obras produzidas nesse per\u00edodo posterior foram amplamente ignoradas pela cr\u00edtica e raramente reeditadas ou reavaliadas, mantendo-se \u00e0 margem da historiografia liter\u00e1ria.<\/p>\n<p>Ao analisar t\u00edtulos como <em>O Livro do Povo <\/em>(1944), <em>\u00d3dio e Amor <\/em>(1947) e <em>Ainda n\u00e3o se escreveu <\/em>(1959), bem como poemas publicados na imprensa portuguesa e brasileira, o estudo investiga as transforma\u00e7\u00f5es est\u00e9ticas e ideol\u00f3gicas do poeta em di\u00e1logo com o contexto do Estado Novo de Salazar e com as tens\u00f5es da Segunda Guerra Mundial e da Guerra Fria.<\/p>\n<p>Com especial aten\u00e7\u00e3o ao per\u00edodo brasileiro, vivido por Botto entre 1947 e 1959, a obra prop\u00f5e uma leitura cr\u00edtica dessa produ\u00e7\u00e3o marcada por deslocamentos, contradi\u00e7\u00f5es e tentativas de reinven\u00e7\u00e3o. Ao preencher uma lacuna nos estudos bottianos, o livro convida \u00e0 reavalia\u00e7\u00e3o de um momento decisivo para compreender n\u00e3o apenas a trajet\u00f3ria do poeta, mas tamb\u00e9m alguns dos impasses da literatura portuguesa no s\u00e9culo XX.<\/p>\n","protected":false},"excerpt":{"rendered":"<p>Entre as d\u00e9cadas de 1940 e 1950, Ant\u00f3nio Botto explorou caminhos pouco lidos e estudados de sua poesia, que permanecem \u00e0 margem do c\u00e2none liter\u00e1rio portugu\u00eas. Se sua consagra\u00e7\u00e3o se deve, sobretudo, a Can\u00e7\u00f5es (1921), as obras produzidas nesse per\u00edodo posterior foram amplamente ignoradas pela cr\u00edtica e raramente reeditadas ou reavaliadas, mantendo-se \u00e0 margem da [&hellip;]<\/p>\n","protected":false},"featured_media":37591,"comment_status":"open","ping_status":"closed","template":"","meta":{"_joinchat":[]},"product_brand":[],"product_cat":[167,287,831],"product_tag":[],"class_list":{"0":"post-37938","1":"product","2":"type-product","3":"status-publish","4":"has-post-thumbnail","6":"product_cat-lancamento","7":"product_cat-literatura","8":"product_cat-poesia","10":"first","11":"instock","12":"shipping-taxable","13":"purchasable","14":"product-type-simple"},"yoast_head":"<!-- This site is optimized with the Yoast SEO plugin v27.4 - https:\/\/yoast.com\/product\/yoast-seo-wordpress\/ -->\n<title>Ainda n\u00e3o se escreveu: a poesia de Ant\u00f3nio Botto nas d\u00e9cadas de 1940 e 1950 - Pontes Editores<\/title>\n<meta name=\"robots\" content=\"index, follow, max-snippet:-1, max-image-preview:large, max-video-preview:-1\" \/>\n<link rel=\"canonical\" href=\"https:\/\/ponteseditores.com.br\/loja3\/pontes-editores-home-2__trashed\/lancamento\/ainda-nao-se-escreveu-a-poesia-de-antonio-botto-nas-decadas-de-1940-e-1950-2\/\" \/>\n<meta property=\"og:locale\" content=\"pt_BR\" \/>\n<meta property=\"og:type\" content=\"article\" \/>\n<meta property=\"og:title\" content=\"Ainda n\u00e3o se escreveu: a poesia de Ant\u00f3nio Botto nas d\u00e9cadas de 1940 e 1950 - Pontes Editores\" \/>\n<meta property=\"og:description\" content=\"Entre as d\u00e9cadas de 1940 e 1950, Ant\u00f3nio Botto explorou caminhos pouco lidos e estudados de sua poesia, que permanecem \u00e0 margem do c\u00e2none liter\u00e1rio portugu\u00eas. Se sua consagra\u00e7\u00e3o se deve, sobretudo, a Can\u00e7\u00f5es (1921), as obras produzidas nesse per\u00edodo posterior foram amplamente ignoradas pela cr\u00edtica e raramente reeditadas ou reavaliadas, mantendo-se \u00e0 margem da [&hellip;]\" \/>\n<meta property=\"og:url\" content=\"https:\/\/ponteseditores.com.br\/loja3\/pontes-editores-home-2__trashed\/lancamento\/ainda-nao-se-escreveu-a-poesia-de-antonio-botto-nas-decadas-de-1940-e-1950-2\/\" \/>\n<meta property=\"og:site_name\" content=\"Pontes Editores\" \/>\n<meta property=\"article:modified_time\" content=\"2026-03-13T18:14:35+00:00\" \/>\n<meta property=\"og:image\" content=\"https:\/\/ponteseditores.com.br\/loja3\/wp-content\/uploads\/2026\/03\/Capa_Ainda-nao-se-escreveu.jpg\" \/>\n\t<meta property=\"og:image:width\" content=\"800\" \/>\n\t<meta property=\"og:image:height\" content=\"1159\" \/>\n\t<meta property=\"og:image:type\" content=\"image\/jpeg\" \/>\n<meta name=\"twitter:card\" content=\"summary_large_image\" \/>\n<meta name=\"twitter:label1\" content=\"Est. tempo de leitura\" \/>\n\t<meta name=\"twitter:data1\" content=\"2 minutos\" \/>\n<script type=\"application\/ld+json\" class=\"yoast-schema-graph\">{\"@context\":\"https:\\\/\\\/schema.org\",\"@graph\":[{\"@type\":\"WebPage\",\"@id\":\"https:\\\/\\\/ponteseditores.com.br\\\/loja3\\\/pontes-editores-home-2__trashed\\\/lancamento\\\/ainda-nao-se-escreveu-a-poesia-de-antonio-botto-nas-decadas-de-1940-e-1950-2\\\/\",\"url\":\"https:\\\/\\\/ponteseditores.com.br\\\/loja3\\\/pontes-editores-home-2__trashed\\\/lancamento\\\/ainda-nao-se-escreveu-a-poesia-de-antonio-botto-nas-decadas-de-1940-e-1950-2\\\/\",\"name\":\"Ainda n\u00e3o se escreveu: a poesia de Ant\u00f3nio Botto nas d\u00e9cadas de 1940 e 1950 - Pontes Editores\",\"isPartOf\":{\"@id\":\"https:\\\/\\\/ponteseditores.com.br\\\/loja3\\\/#website\"},\"primaryImageOfPage\":{\"@id\":\"https:\\\/\\\/ponteseditores.com.br\\\/loja3\\\/pontes-editores-home-2__trashed\\\/lancamento\\\/ainda-nao-se-escreveu-a-poesia-de-antonio-botto-nas-decadas-de-1940-e-1950-2\\\/#primaryimage\"},\"image\":{\"@id\":\"https:\\\/\\\/ponteseditores.com.br\\\/loja3\\\/pontes-editores-home-2__trashed\\\/lancamento\\\/ainda-nao-se-escreveu-a-poesia-de-antonio-botto-nas-decadas-de-1940-e-1950-2\\\/#primaryimage\"},\"thumbnailUrl\":\"https:\\\/\\\/ponteseditores.com.br\\\/loja3\\\/wp-content\\\/uploads\\\/2026\\\/03\\\/Capa_Ainda-nao-se-escreveu.jpg\",\"datePublished\":\"2026-03-13T18:13:18+00:00\",\"dateModified\":\"2026-03-13T18:14:35+00:00\",\"breadcrumb\":{\"@id\":\"https:\\\/\\\/ponteseditores.com.br\\\/loja3\\\/pontes-editores-home-2__trashed\\\/lancamento\\\/ainda-nao-se-escreveu-a-poesia-de-antonio-botto-nas-decadas-de-1940-e-1950-2\\\/#breadcrumb\"},\"inLanguage\":\"pt-BR\",\"potentialAction\":[{\"@type\":\"ReadAction\",\"target\":[\"https:\\\/\\\/ponteseditores.com.br\\\/loja3\\\/pontes-editores-home-2__trashed\\\/lancamento\\\/ainda-nao-se-escreveu-a-poesia-de-antonio-botto-nas-decadas-de-1940-e-1950-2\\\/\"]}]},{\"@type\":\"ImageObject\",\"inLanguage\":\"pt-BR\",\"@id\":\"https:\\\/\\\/ponteseditores.com.br\\\/loja3\\\/pontes-editores-home-2__trashed\\\/lancamento\\\/ainda-nao-se-escreveu-a-poesia-de-antonio-botto-nas-decadas-de-1940-e-1950-2\\\/#primaryimage\",\"url\":\"https:\\\/\\\/ponteseditores.com.br\\\/loja3\\\/wp-content\\\/uploads\\\/2026\\\/03\\\/Capa_Ainda-nao-se-escreveu.jpg\",\"contentUrl\":\"https:\\\/\\\/ponteseditores.com.br\\\/loja3\\\/wp-content\\\/uploads\\\/2026\\\/03\\\/Capa_Ainda-nao-se-escreveu.jpg\",\"width\":800,\"height\":1159},{\"@type\":\"BreadcrumbList\",\"@id\":\"https:\\\/\\\/ponteseditores.com.br\\\/loja3\\\/pontes-editores-home-2__trashed\\\/lancamento\\\/ainda-nao-se-escreveu-a-poesia-de-antonio-botto-nas-decadas-de-1940-e-1950-2\\\/#breadcrumb\",\"itemListElement\":[{\"@type\":\"ListItem\",\"position\":1,\"name\":\"Home\",\"item\":\"https:\\\/\\\/ponteseditores.com.br\\\/loja3\\\/\"},{\"@type\":\"ListItem\",\"position\":2,\"name\":\"loja\",\"item\":\"https:\\\/\\\/ponteseditores.com.br\\\/loja3\\\/loja\\\/\"},{\"@type\":\"ListItem\",\"position\":3,\"name\":\"Ainda n\u00e3o se escreveu: a poesia de Ant\u00f3nio Botto nas d\u00e9cadas de 1940 e 1950\"}]},{\"@type\":\"WebSite\",\"@id\":\"https:\\\/\\\/ponteseditores.com.br\\\/loja3\\\/#website\",\"url\":\"https:\\\/\\\/ponteseditores.com.br\\\/loja3\\\/\",\"name\":\"Pontes Editores\",\"description\":\"Pontes Editores\",\"publisher\":{\"@id\":\"https:\\\/\\\/ponteseditores.com.br\\\/loja3\\\/#organization\"},\"potentialAction\":[{\"@type\":\"SearchAction\",\"target\":{\"@type\":\"EntryPoint\",\"urlTemplate\":\"https:\\\/\\\/ponteseditores.com.br\\\/loja3\\\/?s={search_term_string}\"},\"query-input\":{\"@type\":\"PropertyValueSpecification\",\"valueRequired\":true,\"valueName\":\"search_term_string\"}}],\"inLanguage\":\"pt-BR\"},{\"@type\":\"Organization\",\"@id\":\"https:\\\/\\\/ponteseditores.com.br\\\/loja3\\\/#organization\",\"name\":\"Pontes Editores\",\"url\":\"https:\\\/\\\/ponteseditores.com.br\\\/loja3\\\/\",\"logo\":{\"@type\":\"ImageObject\",\"inLanguage\":\"pt-BR\",\"@id\":\"https:\\\/\\\/ponteseditores.com.br\\\/loja3\\\/#\\\/schema\\\/logo\\\/image\\\/\",\"url\":\"https:\\\/\\\/ponteseditores.com.br\\\/loja3\\\/wp-content\\\/uploads\\\/2023\\\/12\\\/logo-pontes-editores-v2.png\",\"contentUrl\":\"https:\\\/\\\/ponteseditores.com.br\\\/loja3\\\/wp-content\\\/uploads\\\/2023\\\/12\\\/logo-pontes-editores-v2.png\",\"width\":258,\"height\":100,\"caption\":\"Pontes Editores\"},\"image\":{\"@id\":\"https:\\\/\\\/ponteseditores.com.br\\\/loja3\\\/#\\\/schema\\\/logo\\\/image\\\/\"}}]}<\/script>\n<!-- \/ Yoast SEO plugin. -->","yoast_head_json":{"title":"Ainda n\u00e3o se escreveu: a poesia de Ant\u00f3nio Botto nas d\u00e9cadas de 1940 e 1950 - Pontes Editores","robots":{"index":"index","follow":"follow","max-snippet":"max-snippet:-1","max-image-preview":"max-image-preview:large","max-video-preview":"max-video-preview:-1"},"canonical":"https:\/\/ponteseditores.com.br\/loja3\/pontes-editores-home-2__trashed\/lancamento\/ainda-nao-se-escreveu-a-poesia-de-antonio-botto-nas-decadas-de-1940-e-1950-2\/","og_locale":"pt_BR","og_type":"article","og_title":"Ainda n\u00e3o se escreveu: a poesia de Ant\u00f3nio Botto nas d\u00e9cadas de 1940 e 1950 - Pontes Editores","og_description":"Entre as d\u00e9cadas de 1940 e 1950, Ant\u00f3nio Botto explorou caminhos pouco lidos e estudados de sua poesia, que permanecem \u00e0 margem do c\u00e2none liter\u00e1rio portugu\u00eas. Se sua consagra\u00e7\u00e3o se deve, sobretudo, a Can\u00e7\u00f5es (1921), as obras produzidas nesse per\u00edodo posterior foram amplamente ignoradas pela cr\u00edtica e raramente reeditadas ou reavaliadas, mantendo-se \u00e0 margem da [&hellip;]","og_url":"https:\/\/ponteseditores.com.br\/loja3\/pontes-editores-home-2__trashed\/lancamento\/ainda-nao-se-escreveu-a-poesia-de-antonio-botto-nas-decadas-de-1940-e-1950-2\/","og_site_name":"Pontes Editores","article_modified_time":"2026-03-13T18:14:35+00:00","og_image":[{"width":800,"height":1159,"url":"https:\/\/ponteseditores.com.br\/loja3\/wp-content\/uploads\/2026\/03\/Capa_Ainda-nao-se-escreveu.jpg","type":"image\/jpeg"}],"twitter_card":"summary_large_image","twitter_misc":{"Est. tempo de leitura":"2 minutos"},"schema":{"@context":"https:\/\/schema.org","@graph":[{"@type":"WebPage","@id":"https:\/\/ponteseditores.com.br\/loja3\/pontes-editores-home-2__trashed\/lancamento\/ainda-nao-se-escreveu-a-poesia-de-antonio-botto-nas-decadas-de-1940-e-1950-2\/","url":"https:\/\/ponteseditores.com.br\/loja3\/pontes-editores-home-2__trashed\/lancamento\/ainda-nao-se-escreveu-a-poesia-de-antonio-botto-nas-decadas-de-1940-e-1950-2\/","name":"Ainda n\u00e3o se escreveu: a poesia de Ant\u00f3nio Botto nas d\u00e9cadas de 1940 e 1950 - Pontes Editores","isPartOf":{"@id":"https:\/\/ponteseditores.com.br\/loja3\/#website"},"primaryImageOfPage":{"@id":"https:\/\/ponteseditores.com.br\/loja3\/pontes-editores-home-2__trashed\/lancamento\/ainda-nao-se-escreveu-a-poesia-de-antonio-botto-nas-decadas-de-1940-e-1950-2\/#primaryimage"},"image":{"@id":"https:\/\/ponteseditores.com.br\/loja3\/pontes-editores-home-2__trashed\/lancamento\/ainda-nao-se-escreveu-a-poesia-de-antonio-botto-nas-decadas-de-1940-e-1950-2\/#primaryimage"},"thumbnailUrl":"https:\/\/ponteseditores.com.br\/loja3\/wp-content\/uploads\/2026\/03\/Capa_Ainda-nao-se-escreveu.jpg","datePublished":"2026-03-13T18:13:18+00:00","dateModified":"2026-03-13T18:14:35+00:00","breadcrumb":{"@id":"https:\/\/ponteseditores.com.br\/loja3\/pontes-editores-home-2__trashed\/lancamento\/ainda-nao-se-escreveu-a-poesia-de-antonio-botto-nas-decadas-de-1940-e-1950-2\/#breadcrumb"},"inLanguage":"pt-BR","potentialAction":[{"@type":"ReadAction","target":["https:\/\/ponteseditores.com.br\/loja3\/pontes-editores-home-2__trashed\/lancamento\/ainda-nao-se-escreveu-a-poesia-de-antonio-botto-nas-decadas-de-1940-e-1950-2\/"]}]},{"@type":"ImageObject","inLanguage":"pt-BR","@id":"https:\/\/ponteseditores.com.br\/loja3\/pontes-editores-home-2__trashed\/lancamento\/ainda-nao-se-escreveu-a-poesia-de-antonio-botto-nas-decadas-de-1940-e-1950-2\/#primaryimage","url":"https:\/\/ponteseditores.com.br\/loja3\/wp-content\/uploads\/2026\/03\/Capa_Ainda-nao-se-escreveu.jpg","contentUrl":"https:\/\/ponteseditores.com.br\/loja3\/wp-content\/uploads\/2026\/03\/Capa_Ainda-nao-se-escreveu.jpg","width":800,"height":1159},{"@type":"BreadcrumbList","@id":"https:\/\/ponteseditores.com.br\/loja3\/pontes-editores-home-2__trashed\/lancamento\/ainda-nao-se-escreveu-a-poesia-de-antonio-botto-nas-decadas-de-1940-e-1950-2\/#breadcrumb","itemListElement":[{"@type":"ListItem","position":1,"name":"Home","item":"https:\/\/ponteseditores.com.br\/loja3\/"},{"@type":"ListItem","position":2,"name":"loja","item":"https:\/\/ponteseditores.com.br\/loja3\/loja\/"},{"@type":"ListItem","position":3,"name":"Ainda n\u00e3o se escreveu: a poesia de Ant\u00f3nio Botto nas d\u00e9cadas de 1940 e 1950"}]},{"@type":"WebSite","@id":"https:\/\/ponteseditores.com.br\/loja3\/#website","url":"https:\/\/ponteseditores.com.br\/loja3\/","name":"Pontes Editores","description":"Pontes Editores","publisher":{"@id":"https:\/\/ponteseditores.com.br\/loja3\/#organization"},"potentialAction":[{"@type":"SearchAction","target":{"@type":"EntryPoint","urlTemplate":"https:\/\/ponteseditores.com.br\/loja3\/?s={search_term_string}"},"query-input":{"@type":"PropertyValueSpecification","valueRequired":true,"valueName":"search_term_string"}}],"inLanguage":"pt-BR"},{"@type":"Organization","@id":"https:\/\/ponteseditores.com.br\/loja3\/#organization","name":"Pontes Editores","url":"https:\/\/ponteseditores.com.br\/loja3\/","logo":{"@type":"ImageObject","inLanguage":"pt-BR","@id":"https:\/\/ponteseditores.com.br\/loja3\/#\/schema\/logo\/image\/","url":"https:\/\/ponteseditores.com.br\/loja3\/wp-content\/uploads\/2023\/12\/logo-pontes-editores-v2.png","contentUrl":"https:\/\/ponteseditores.com.br\/loja3\/wp-content\/uploads\/2023\/12\/logo-pontes-editores-v2.png","width":258,"height":100,"caption":"Pontes Editores"},"image":{"@id":"https:\/\/ponteseditores.com.br\/loja3\/#\/schema\/logo\/image\/"}}]}},"_links":{"self":[{"href":"https:\/\/ponteseditores.com.br\/loja3\/wp-json\/wp\/v2\/product\/37938","targetHints":{"allow":["GET"]}}],"collection":[{"href":"https:\/\/ponteseditores.com.br\/loja3\/wp-json\/wp\/v2\/product"}],"about":[{"href":"https:\/\/ponteseditores.com.br\/loja3\/wp-json\/wp\/v2\/types\/product"}],"replies":[{"embeddable":true,"href":"https:\/\/ponteseditores.com.br\/loja3\/wp-json\/wp\/v2\/comments?post=37938"}],"version-history":[{"count":1,"href":"https:\/\/ponteseditores.com.br\/loja3\/wp-json\/wp\/v2\/product\/37938\/revisions"}],"predecessor-version":[{"id":37939,"href":"https:\/\/ponteseditores.com.br\/loja3\/wp-json\/wp\/v2\/product\/37938\/revisions\/37939"}],"wp:featuredmedia":[{"embeddable":true,"href":"https:\/\/ponteseditores.com.br\/loja3\/wp-json\/wp\/v2\/media\/37591"}],"wp:attachment":[{"href":"https:\/\/ponteseditores.com.br\/loja3\/wp-json\/wp\/v2\/media?parent=37938"}],"wp:term":[{"taxonomy":"product_brand","embeddable":true,"href":"https:\/\/ponteseditores.com.br\/loja3\/wp-json\/wp\/v2\/product_brand?post=37938"},{"taxonomy":"product_cat","embeddable":true,"href":"https:\/\/ponteseditores.com.br\/loja3\/wp-json\/wp\/v2\/product_cat?post=37938"},{"taxonomy":"product_tag","embeddable":true,"href":"https:\/\/ponteseditores.com.br\/loja3\/wp-json\/wp\/v2\/product_tag?post=37938"}],"curies":[{"name":"wp","href":"https:\/\/api.w.org\/{rel}","templated":true}]}}