{"id":37910,"date":"2026-03-13T10:40:47","date_gmt":"2026-03-13T13:40:47","guid":{"rendered":"https:\/\/ponteseditores.com.br\/loja3\/?post_type=product&#038;p=37910"},"modified":"2026-04-13T11:22:37","modified_gmt":"2026-04-13T14:22:37","slug":"generos-em-discursos-ensino-pesquisa-e-extensao-em-multiplas-vozes","status":"publish","type":"product","link":"https:\/\/ponteseditores.com.br\/loja3\/pontes-editores-home-2__trashed\/ebook\/lancamento-e-book\/generos-em-discursos-ensino-pesquisa-e-extensao-em-multiplas-vozes\/","title":{"rendered":"G\u00eaneros em discursos: ensino, pesquisa e extens\u00e3o em m\u00faltiplas vozes"},"content":{"rendered":"<p>&nbsp;<\/p>\n<p>O livro \u201cG\u00eaneros em discursos: ensino, pesquisa e extens\u00e3o em m\u00faltiplas vozes\u201d \u00e9 resultado de reflex\u00f5es dos membros do grupo de pesquisa Masculinidades em Discurso (MasculinidaDIS), em atividades diversas, como o pr\u00f3prio t\u00edtulo da obra sugere. O MasculinidaDIS surgiu da necessidade da cria\u00e7\u00e3o de um grupo de pesquisa espec\u00edfico para abordar as masculinidades numa perspectiva discursiva, considerando a relev\u00e2ncia social do tema e a quantidade e multiplicidade de quest\u00f5es sobre o assunto. Com o seu funcionamento, o grupo acolheu pesquisas diversas na \u00e1rea de g\u00eanero, trilhando o caminho da interdisciplinaridade. Neste livro, sete cap\u00edtulos s\u00e3o apresentados, evidenciando a import\u00e2ncia em abordar quest\u00f5es de g\u00eanero na contemporaneidade.<\/p>\n<p>Convidamos o\/a leitor\/a a interagir com esta obra, ampliando e fortalecendo uma rede de discuss\u00e3o, reflex\u00e3o e atua\u00e7\u00e3o sobre quest\u00f5es de g\u00eanero na contemporaneidade, no \u00e2mbito da pesquisa, do ensino e da extens\u00e3o.<\/p>\n","protected":false},"excerpt":{"rendered":"<p>&nbsp; O livro \u201cG\u00eaneros em discursos: ensino, pesquisa e extens\u00e3o em m\u00faltiplas vozes\u201d \u00e9 resultado de reflex\u00f5es dos membros do grupo de pesquisa Masculinidades em Discurso (MasculinidaDIS), em atividades diversas, como o pr\u00f3prio t\u00edtulo da obra sugere. O MasculinidaDIS surgiu da necessidade da cria\u00e7\u00e3o de um grupo de pesquisa espec\u00edfico para abordar as masculinidades numa [&hellip;]<\/p>\n","protected":false},"featured_media":37912,"comment_status":"open","ping_status":"closed","template":"","meta":{"_joinchat":[]},"product_brand":[],"product_cat":[165,386],"product_tag":[],"class_list":{"0":"post-37910","1":"product","2":"type-product","3":"status-publish","4":"has-post-thumbnail","6":"product_cat-ebook","7":"product_cat-lancamento-e-book","9":"first","10":"instock","11":"downloadable","12":"virtual","13":"purchasable","14":"product-type-simple"},"yoast_head":"<!-- This site is optimized with the Yoast SEO plugin v27.4 - https:\/\/yoast.com\/product\/yoast-seo-wordpress\/ -->\n<title>G\u00eaneros em discursos: ensino, pesquisa e extens\u00e3o em m\u00faltiplas vozes - Pontes Editores<\/title>\n<meta name=\"robots\" content=\"index, follow, max-snippet:-1, max-image-preview:large, max-video-preview:-1\" \/>\n<link rel=\"canonical\" href=\"https:\/\/ponteseditores.com.br\/loja3\/pontes-editores-home-2__trashed\/ebook\/lancamento-e-book\/generos-em-discursos-ensino-pesquisa-e-extensao-em-multiplas-vozes\/\" \/>\n<meta property=\"og:locale\" content=\"pt_BR\" \/>\n<meta property=\"og:type\" content=\"article\" \/>\n<meta property=\"og:title\" content=\"G\u00eaneros em discursos: ensino, pesquisa e extens\u00e3o em m\u00faltiplas vozes - Pontes Editores\" \/>\n<meta property=\"og:description\" content=\"&nbsp; O livro \u201cG\u00eaneros em discursos: ensino, pesquisa e extens\u00e3o em m\u00faltiplas vozes\u201d \u00e9 resultado de reflex\u00f5es dos membros do grupo de pesquisa Masculinidades em Discurso (MasculinidaDIS), em atividades diversas, como o pr\u00f3prio t\u00edtulo da obra sugere. O MasculinidaDIS surgiu da necessidade da cria\u00e7\u00e3o de um grupo de pesquisa espec\u00edfico para abordar as masculinidades numa [&hellip;]\" \/>\n<meta property=\"og:url\" content=\"https:\/\/ponteseditores.com.br\/loja3\/pontes-editores-home-2__trashed\/ebook\/lancamento-e-book\/generos-em-discursos-ensino-pesquisa-e-extensao-em-multiplas-vozes\/\" \/>\n<meta property=\"og:site_name\" content=\"Pontes Editores\" \/>\n<meta property=\"article:modified_time\" content=\"2026-04-13T14:22:37+00:00\" \/>\n<meta property=\"og:image\" content=\"https:\/\/ponteseditores.com.br\/loja3\/wp-content\/uploads\/2026\/03\/CAPA_EMBAIXA-GENEROS-EM-DISCURSO.jpg\" \/>\n\t<meta property=\"og:image:width\" content=\"951\" \/>\n\t<meta property=\"og:image:height\" content=\"1358\" \/>\n\t<meta property=\"og:image:type\" content=\"image\/jpeg\" \/>\n<meta name=\"twitter:card\" content=\"summary_large_image\" \/>\n<meta name=\"twitter:label1\" content=\"Est. tempo de leitura\" \/>\n\t<meta name=\"twitter:data1\" content=\"1 minuto\" \/>\n<script type=\"application\/ld+json\" class=\"yoast-schema-graph\">{\"@context\":\"https:\\\/\\\/schema.org\",\"@graph\":[{\"@type\":\"WebPage\",\"@id\":\"https:\\\/\\\/ponteseditores.com.br\\\/loja3\\\/pontes-editores-home-2__trashed\\\/ebook\\\/lancamento-e-book\\\/generos-em-discursos-ensino-pesquisa-e-extensao-em-multiplas-vozes\\\/\",\"url\":\"https:\\\/\\\/ponteseditores.com.br\\\/loja3\\\/pontes-editores-home-2__trashed\\\/ebook\\\/lancamento-e-book\\\/generos-em-discursos-ensino-pesquisa-e-extensao-em-multiplas-vozes\\\/\",\"name\":\"G\u00eaneros em discursos: ensino, pesquisa e extens\u00e3o em m\u00faltiplas vozes - Pontes Editores\",\"isPartOf\":{\"@id\":\"https:\\\/\\\/ponteseditores.com.br\\\/loja3\\\/#website\"},\"primaryImageOfPage\":{\"@id\":\"https:\\\/\\\/ponteseditores.com.br\\\/loja3\\\/pontes-editores-home-2__trashed\\\/ebook\\\/lancamento-e-book\\\/generos-em-discursos-ensino-pesquisa-e-extensao-em-multiplas-vozes\\\/#primaryimage\"},\"image\":{\"@id\":\"https:\\\/\\\/ponteseditores.com.br\\\/loja3\\\/pontes-editores-home-2__trashed\\\/ebook\\\/lancamento-e-book\\\/generos-em-discursos-ensino-pesquisa-e-extensao-em-multiplas-vozes\\\/#primaryimage\"},\"thumbnailUrl\":\"https:\\\/\\\/ponteseditores.com.br\\\/loja3\\\/wp-content\\\/uploads\\\/2026\\\/03\\\/CAPA_EMBAIXA-GENEROS-EM-DISCURSO.jpg\",\"datePublished\":\"2026-03-13T13:40:47+00:00\",\"dateModified\":\"2026-04-13T14:22:37+00:00\",\"breadcrumb\":{\"@id\":\"https:\\\/\\\/ponteseditores.com.br\\\/loja3\\\/pontes-editores-home-2__trashed\\\/ebook\\\/lancamento-e-book\\\/generos-em-discursos-ensino-pesquisa-e-extensao-em-multiplas-vozes\\\/#breadcrumb\"},\"inLanguage\":\"pt-BR\",\"potentialAction\":[{\"@type\":\"ReadAction\",\"target\":[\"https:\\\/\\\/ponteseditores.com.br\\\/loja3\\\/pontes-editores-home-2__trashed\\\/ebook\\\/lancamento-e-book\\\/generos-em-discursos-ensino-pesquisa-e-extensao-em-multiplas-vozes\\\/\"]}]},{\"@type\":\"ImageObject\",\"inLanguage\":\"pt-BR\",\"@id\":\"https:\\\/\\\/ponteseditores.com.br\\\/loja3\\\/pontes-editores-home-2__trashed\\\/ebook\\\/lancamento-e-book\\\/generos-em-discursos-ensino-pesquisa-e-extensao-em-multiplas-vozes\\\/#primaryimage\",\"url\":\"https:\\\/\\\/ponteseditores.com.br\\\/loja3\\\/wp-content\\\/uploads\\\/2026\\\/03\\\/CAPA_EMBAIXA-GENEROS-EM-DISCURSO.jpg\",\"contentUrl\":\"https:\\\/\\\/ponteseditores.com.br\\\/loja3\\\/wp-content\\\/uploads\\\/2026\\\/03\\\/CAPA_EMBAIXA-GENEROS-EM-DISCURSO.jpg\",\"width\":951,\"height\":1358},{\"@type\":\"BreadcrumbList\",\"@id\":\"https:\\\/\\\/ponteseditores.com.br\\\/loja3\\\/pontes-editores-home-2__trashed\\\/ebook\\\/lancamento-e-book\\\/generos-em-discursos-ensino-pesquisa-e-extensao-em-multiplas-vozes\\\/#breadcrumb\",\"itemListElement\":[{\"@type\":\"ListItem\",\"position\":1,\"name\":\"Home\",\"item\":\"https:\\\/\\\/ponteseditores.com.br\\\/loja3\\\/\"},{\"@type\":\"ListItem\",\"position\":2,\"name\":\"loja\",\"item\":\"https:\\\/\\\/ponteseditores.com.br\\\/loja3\\\/loja\\\/\"},{\"@type\":\"ListItem\",\"position\":3,\"name\":\"G\u00eaneros em discursos: ensino, pesquisa e extens\u00e3o em m\u00faltiplas vozes\"}]},{\"@type\":\"WebSite\",\"@id\":\"https:\\\/\\\/ponteseditores.com.br\\\/loja3\\\/#website\",\"url\":\"https:\\\/\\\/ponteseditores.com.br\\\/loja3\\\/\",\"name\":\"Pontes Editores\",\"description\":\"Pontes Editores\",\"publisher\":{\"@id\":\"https:\\\/\\\/ponteseditores.com.br\\\/loja3\\\/#organization\"},\"potentialAction\":[{\"@type\":\"SearchAction\",\"target\":{\"@type\":\"EntryPoint\",\"urlTemplate\":\"https:\\\/\\\/ponteseditores.com.br\\\/loja3\\\/?s={search_term_string}\"},\"query-input\":{\"@type\":\"PropertyValueSpecification\",\"valueRequired\":true,\"valueName\":\"search_term_string\"}}],\"inLanguage\":\"pt-BR\"},{\"@type\":\"Organization\",\"@id\":\"https:\\\/\\\/ponteseditores.com.br\\\/loja3\\\/#organization\",\"name\":\"Pontes Editores\",\"url\":\"https:\\\/\\\/ponteseditores.com.br\\\/loja3\\\/\",\"logo\":{\"@type\":\"ImageObject\",\"inLanguage\":\"pt-BR\",\"@id\":\"https:\\\/\\\/ponteseditores.com.br\\\/loja3\\\/#\\\/schema\\\/logo\\\/image\\\/\",\"url\":\"https:\\\/\\\/ponteseditores.com.br\\\/loja3\\\/wp-content\\\/uploads\\\/2023\\\/12\\\/logo-pontes-editores-v2.png\",\"contentUrl\":\"https:\\\/\\\/ponteseditores.com.br\\\/loja3\\\/wp-content\\\/uploads\\\/2023\\\/12\\\/logo-pontes-editores-v2.png\",\"width\":258,\"height\":100,\"caption\":\"Pontes Editores\"},\"image\":{\"@id\":\"https:\\\/\\\/ponteseditores.com.br\\\/loja3\\\/#\\\/schema\\\/logo\\\/image\\\/\"}}]}<\/script>\n<!-- \/ Yoast SEO plugin. -->","yoast_head_json":{"title":"G\u00eaneros em discursos: ensino, pesquisa e extens\u00e3o em m\u00faltiplas vozes - Pontes Editores","robots":{"index":"index","follow":"follow","max-snippet":"max-snippet:-1","max-image-preview":"max-image-preview:large","max-video-preview":"max-video-preview:-1"},"canonical":"https:\/\/ponteseditores.com.br\/loja3\/pontes-editores-home-2__trashed\/ebook\/lancamento-e-book\/generos-em-discursos-ensino-pesquisa-e-extensao-em-multiplas-vozes\/","og_locale":"pt_BR","og_type":"article","og_title":"G\u00eaneros em discursos: ensino, pesquisa e extens\u00e3o em m\u00faltiplas vozes - Pontes Editores","og_description":"&nbsp; O livro \u201cG\u00eaneros em discursos: ensino, pesquisa e extens\u00e3o em m\u00faltiplas vozes\u201d \u00e9 resultado de reflex\u00f5es dos membros do grupo de pesquisa Masculinidades em Discurso (MasculinidaDIS), em atividades diversas, como o pr\u00f3prio t\u00edtulo da obra sugere. O MasculinidaDIS surgiu da necessidade da cria\u00e7\u00e3o de um grupo de pesquisa espec\u00edfico para abordar as masculinidades numa [&hellip;]","og_url":"https:\/\/ponteseditores.com.br\/loja3\/pontes-editores-home-2__trashed\/ebook\/lancamento-e-book\/generos-em-discursos-ensino-pesquisa-e-extensao-em-multiplas-vozes\/","og_site_name":"Pontes Editores","article_modified_time":"2026-04-13T14:22:37+00:00","og_image":[{"width":951,"height":1358,"url":"https:\/\/ponteseditores.com.br\/loja3\/wp-content\/uploads\/2026\/03\/CAPA_EMBAIXA-GENEROS-EM-DISCURSO.jpg","type":"image\/jpeg"}],"twitter_card":"summary_large_image","twitter_misc":{"Est. tempo de leitura":"1 minuto"},"schema":{"@context":"https:\/\/schema.org","@graph":[{"@type":"WebPage","@id":"https:\/\/ponteseditores.com.br\/loja3\/pontes-editores-home-2__trashed\/ebook\/lancamento-e-book\/generos-em-discursos-ensino-pesquisa-e-extensao-em-multiplas-vozes\/","url":"https:\/\/ponteseditores.com.br\/loja3\/pontes-editores-home-2__trashed\/ebook\/lancamento-e-book\/generos-em-discursos-ensino-pesquisa-e-extensao-em-multiplas-vozes\/","name":"G\u00eaneros em discursos: ensino, pesquisa e extens\u00e3o em m\u00faltiplas vozes - Pontes Editores","isPartOf":{"@id":"https:\/\/ponteseditores.com.br\/loja3\/#website"},"primaryImageOfPage":{"@id":"https:\/\/ponteseditores.com.br\/loja3\/pontes-editores-home-2__trashed\/ebook\/lancamento-e-book\/generos-em-discursos-ensino-pesquisa-e-extensao-em-multiplas-vozes\/#primaryimage"},"image":{"@id":"https:\/\/ponteseditores.com.br\/loja3\/pontes-editores-home-2__trashed\/ebook\/lancamento-e-book\/generos-em-discursos-ensino-pesquisa-e-extensao-em-multiplas-vozes\/#primaryimage"},"thumbnailUrl":"https:\/\/ponteseditores.com.br\/loja3\/wp-content\/uploads\/2026\/03\/CAPA_EMBAIXA-GENEROS-EM-DISCURSO.jpg","datePublished":"2026-03-13T13:40:47+00:00","dateModified":"2026-04-13T14:22:37+00:00","breadcrumb":{"@id":"https:\/\/ponteseditores.com.br\/loja3\/pontes-editores-home-2__trashed\/ebook\/lancamento-e-book\/generos-em-discursos-ensino-pesquisa-e-extensao-em-multiplas-vozes\/#breadcrumb"},"inLanguage":"pt-BR","potentialAction":[{"@type":"ReadAction","target":["https:\/\/ponteseditores.com.br\/loja3\/pontes-editores-home-2__trashed\/ebook\/lancamento-e-book\/generos-em-discursos-ensino-pesquisa-e-extensao-em-multiplas-vozes\/"]}]},{"@type":"ImageObject","inLanguage":"pt-BR","@id":"https:\/\/ponteseditores.com.br\/loja3\/pontes-editores-home-2__trashed\/ebook\/lancamento-e-book\/generos-em-discursos-ensino-pesquisa-e-extensao-em-multiplas-vozes\/#primaryimage","url":"https:\/\/ponteseditores.com.br\/loja3\/wp-content\/uploads\/2026\/03\/CAPA_EMBAIXA-GENEROS-EM-DISCURSO.jpg","contentUrl":"https:\/\/ponteseditores.com.br\/loja3\/wp-content\/uploads\/2026\/03\/CAPA_EMBAIXA-GENEROS-EM-DISCURSO.jpg","width":951,"height":1358},{"@type":"BreadcrumbList","@id":"https:\/\/ponteseditores.com.br\/loja3\/pontes-editores-home-2__trashed\/ebook\/lancamento-e-book\/generos-em-discursos-ensino-pesquisa-e-extensao-em-multiplas-vozes\/#breadcrumb","itemListElement":[{"@type":"ListItem","position":1,"name":"Home","item":"https:\/\/ponteseditores.com.br\/loja3\/"},{"@type":"ListItem","position":2,"name":"loja","item":"https:\/\/ponteseditores.com.br\/loja3\/loja\/"},{"@type":"ListItem","position":3,"name":"G\u00eaneros em discursos: ensino, pesquisa e extens\u00e3o em m\u00faltiplas vozes"}]},{"@type":"WebSite","@id":"https:\/\/ponteseditores.com.br\/loja3\/#website","url":"https:\/\/ponteseditores.com.br\/loja3\/","name":"Pontes Editores","description":"Pontes Editores","publisher":{"@id":"https:\/\/ponteseditores.com.br\/loja3\/#organization"},"potentialAction":[{"@type":"SearchAction","target":{"@type":"EntryPoint","urlTemplate":"https:\/\/ponteseditores.com.br\/loja3\/?s={search_term_string}"},"query-input":{"@type":"PropertyValueSpecification","valueRequired":true,"valueName":"search_term_string"}}],"inLanguage":"pt-BR"},{"@type":"Organization","@id":"https:\/\/ponteseditores.com.br\/loja3\/#organization","name":"Pontes Editores","url":"https:\/\/ponteseditores.com.br\/loja3\/","logo":{"@type":"ImageObject","inLanguage":"pt-BR","@id":"https:\/\/ponteseditores.com.br\/loja3\/#\/schema\/logo\/image\/","url":"https:\/\/ponteseditores.com.br\/loja3\/wp-content\/uploads\/2023\/12\/logo-pontes-editores-v2.png","contentUrl":"https:\/\/ponteseditores.com.br\/loja3\/wp-content\/uploads\/2023\/12\/logo-pontes-editores-v2.png","width":258,"height":100,"caption":"Pontes Editores"},"image":{"@id":"https:\/\/ponteseditores.com.br\/loja3\/#\/schema\/logo\/image\/"}}]}},"_links":{"self":[{"href":"https:\/\/ponteseditores.com.br\/loja3\/wp-json\/wp\/v2\/product\/37910","targetHints":{"allow":["GET"]}}],"collection":[{"href":"https:\/\/ponteseditores.com.br\/loja3\/wp-json\/wp\/v2\/product"}],"about":[{"href":"https:\/\/ponteseditores.com.br\/loja3\/wp-json\/wp\/v2\/types\/product"}],"replies":[{"embeddable":true,"href":"https:\/\/ponteseditores.com.br\/loja3\/wp-json\/wp\/v2\/comments?post=37910"}],"version-history":[{"count":2,"href":"https:\/\/ponteseditores.com.br\/loja3\/wp-json\/wp\/v2\/product\/37910\/revisions"}],"predecessor-version":[{"id":39310,"href":"https:\/\/ponteseditores.com.br\/loja3\/wp-json\/wp\/v2\/product\/37910\/revisions\/39310"}],"wp:featuredmedia":[{"embeddable":true,"href":"https:\/\/ponteseditores.com.br\/loja3\/wp-json\/wp\/v2\/media\/37912"}],"wp:attachment":[{"href":"https:\/\/ponteseditores.com.br\/loja3\/wp-json\/wp\/v2\/media?parent=37910"}],"wp:term":[{"taxonomy":"product_brand","embeddable":true,"href":"https:\/\/ponteseditores.com.br\/loja3\/wp-json\/wp\/v2\/product_brand?post=37910"},{"taxonomy":"product_cat","embeddable":true,"href":"https:\/\/ponteseditores.com.br\/loja3\/wp-json\/wp\/v2\/product_cat?post=37910"},{"taxonomy":"product_tag","embeddable":true,"href":"https:\/\/ponteseditores.com.br\/loja3\/wp-json\/wp\/v2\/product_tag?post=37910"}],"curies":[{"name":"wp","href":"https:\/\/api.w.org\/{rel}","templated":true}]}}