{"id":37904,"date":"2026-03-13T10:19:16","date_gmt":"2026-03-13T13:19:16","guid":{"rendered":"https:\/\/ponteseditores.com.br\/loja3\/?post_type=product&#038;p=37904"},"modified":"2026-03-13T10:19:17","modified_gmt":"2026-03-13T13:19:17","slug":"antes-de-tudo-corpopoesia-sapatao","status":"publish","type":"product","link":"https:\/\/ponteseditores.com.br\/loja3\/pontes-editores-home-2__trashed\/ebook\/lancamento-e-book\/antes-de-tudo-corpopoesia-sapatao\/","title":{"rendered":"Antes de Tudo: Corpopoesia Sapat\u00e3o"},"content":{"rendered":"<p>&nbsp;<\/p>\n<p>O corpo fala antes da palavra. E quando ele decide escrever, nasce uma literatura que irrompe espa\u00e7ostempos. \u00c9 nesse territ\u00f3rio entre mem\u00f3ria, experi\u00eancia e cria\u00e7\u00e3o que surge <strong>Antes de tudo, corpopoesia sapat\u00e3o<\/strong>, novo livro de Liz Mendes, publicado pela Pontes Editores. A obra re\u00fane contos e fragmentos autoficcionais que percorrem inf\u00e2ncia, fam\u00edlia, escola, universidade e vida adulta, compondo uma narrativa intensa sobre forma\u00e7\u00e3o, dissid\u00eancia e sobreviv\u00eancia.<\/p>\n<p>A partir de uma escrita sens\u00edvel e visceral, Liz Mendes constr\u00f3i o que chama de <strong>corpopoesia sapat\u00e3o<\/strong> \u2013 uma forma de escrita em que corpo, mem\u00f3ria e linguagem se entrela\u00e7am para afirmar exist\u00eancias historicamente silenciadas. Nesta obra, o corpo n\u00e3o \u00e9 apenas tema: \u00e9 m\u00e9todo, territ\u00f3rio e gesto pol\u00edtico.<\/p>\n<p>Os textos atravessam experi\u00eancias de inf\u00e2ncia marcadas pela tentativa de enquadramento em normas de g\u00eanero, pelas viol\u00eancias cotidianas e pelo sentimento de estranhamento imposto a quem n\u00e3o corresponde ao que a sociedade espera de uma menina. Ao mesmo tempo, revelam espa\u00e7ostempos de respiro: a natureza, a escrita, os afetos e a imagina\u00e7\u00e3o que permitem continuar existindo mesmo quando o mundo insiste em negar essa exist\u00eancia.<\/p>\n<p>Entre dor, mem\u00f3ria e inven\u00e7\u00e3o liter\u00e1ria, a autora cria uma narrativa que rompe com a linearidade do tempo e transforma experi\u00eancias individuais em reflex\u00f5es coletivas sobre identidade, educa\u00e7\u00e3o e liberdade. O livro tamb\u00e9m conversa com a universidade e os movimentos sociais, articulando produ\u00e7\u00e3o acad\u00eamica, arte e compromisso pol\u00edtico.<\/p>\n<p>Mais do que uma obra liter\u00e1ria, <strong>Antes de tudo, corpopoesia sapat\u00e3o<\/strong> \u00e9 um gesto de afirma\u00e7\u00e3o: uma escrita que transforma cicatrizes em linguagem e sil\u00eancio em presen\u00e7a. Um convite para que leitoras e leitores encontrem, na for\u00e7a da palavra, caminhos de reconhecimento, resist\u00eancia e reexist\u00eancia.<\/p>\n<p>&nbsp;<\/p>\n","protected":false},"excerpt":{"rendered":"<p>&nbsp; O corpo fala antes da palavra. E quando ele decide escrever, nasce uma literatura que irrompe espa\u00e7ostempos. \u00c9 nesse territ\u00f3rio entre mem\u00f3ria, experi\u00eancia e cria\u00e7\u00e3o que surge Antes de tudo, corpopoesia sapat\u00e3o, novo livro de Liz Mendes, publicado pela Pontes Editores. A obra re\u00fane contos e fragmentos autoficcionais que percorrem inf\u00e2ncia, fam\u00edlia, escola, universidade [&hellip;]<\/p>\n","protected":false},"featured_media":37906,"comment_status":"open","ping_status":"closed","template":"","meta":{"_joinchat":[]},"product_brand":[],"product_cat":[165,386],"product_tag":[],"class_list":{"0":"post-37904","1":"product","2":"type-product","3":"status-publish","4":"has-post-thumbnail","6":"product_cat-ebook","7":"product_cat-lancamento-e-book","9":"first","10":"instock","11":"downloadable","12":"virtual","13":"purchasable","14":"product-type-simple"},"yoast_head":"<!-- This site is optimized with the Yoast SEO plugin v27.4 - https:\/\/yoast.com\/product\/yoast-seo-wordpress\/ -->\n<title>Antes de Tudo: Corpopoesia Sapat\u00e3o - Pontes Editores<\/title>\n<meta name=\"robots\" content=\"index, follow, max-snippet:-1, max-image-preview:large, max-video-preview:-1\" \/>\n<link rel=\"canonical\" href=\"https:\/\/ponteseditores.com.br\/loja3\/pontes-editores-home-2__trashed\/ebook\/lancamento-e-book\/antes-de-tudo-corpopoesia-sapatao\/\" \/>\n<meta property=\"og:locale\" content=\"pt_BR\" \/>\n<meta property=\"og:type\" content=\"article\" \/>\n<meta property=\"og:title\" content=\"Antes de Tudo: Corpopoesia Sapat\u00e3o - Pontes Editores\" \/>\n<meta property=\"og:description\" content=\"&nbsp; O corpo fala antes da palavra. E quando ele decide escrever, nasce uma literatura que irrompe espa\u00e7ostempos. \u00c9 nesse territ\u00f3rio entre mem\u00f3ria, experi\u00eancia e cria\u00e7\u00e3o que surge Antes de tudo, corpopoesia sapat\u00e3o, novo livro de Liz Mendes, publicado pela Pontes Editores. A obra re\u00fane contos e fragmentos autoficcionais que percorrem inf\u00e2ncia, fam\u00edlia, escola, universidade [&hellip;]\" \/>\n<meta property=\"og:url\" content=\"https:\/\/ponteseditores.com.br\/loja3\/pontes-editores-home-2__trashed\/ebook\/lancamento-e-book\/antes-de-tudo-corpopoesia-sapatao\/\" \/>\n<meta property=\"og:site_name\" content=\"Pontes Editores\" \/>\n<meta property=\"article:modified_time\" content=\"2026-03-13T13:19:17+00:00\" \/>\n<meta property=\"og:image\" content=\"https:\/\/ponteseditores.com.br\/loja3\/wp-content\/uploads\/2026\/03\/CAPA-_EM-BAIXA-ANTES-DE-TUDO.jpg\" \/>\n\t<meta property=\"og:image:width\" content=\"951\" \/>\n\t<meta property=\"og:image:height\" content=\"1358\" \/>\n\t<meta property=\"og:image:type\" content=\"image\/jpeg\" \/>\n<meta name=\"twitter:card\" content=\"summary_large_image\" \/>\n<meta name=\"twitter:label1\" content=\"Est. tempo de leitura\" \/>\n\t<meta name=\"twitter:data1\" content=\"2 minutos\" \/>\n<script type=\"application\/ld+json\" class=\"yoast-schema-graph\">{\"@context\":\"https:\\\/\\\/schema.org\",\"@graph\":[{\"@type\":\"WebPage\",\"@id\":\"https:\\\/\\\/ponteseditores.com.br\\\/loja3\\\/pontes-editores-home-2__trashed\\\/ebook\\\/lancamento-e-book\\\/antes-de-tudo-corpopoesia-sapatao\\\/\",\"url\":\"https:\\\/\\\/ponteseditores.com.br\\\/loja3\\\/pontes-editores-home-2__trashed\\\/ebook\\\/lancamento-e-book\\\/antes-de-tudo-corpopoesia-sapatao\\\/\",\"name\":\"Antes de Tudo: Corpopoesia Sapat\u00e3o - Pontes Editores\",\"isPartOf\":{\"@id\":\"https:\\\/\\\/ponteseditores.com.br\\\/loja3\\\/#website\"},\"primaryImageOfPage\":{\"@id\":\"https:\\\/\\\/ponteseditores.com.br\\\/loja3\\\/pontes-editores-home-2__trashed\\\/ebook\\\/lancamento-e-book\\\/antes-de-tudo-corpopoesia-sapatao\\\/#primaryimage\"},\"image\":{\"@id\":\"https:\\\/\\\/ponteseditores.com.br\\\/loja3\\\/pontes-editores-home-2__trashed\\\/ebook\\\/lancamento-e-book\\\/antes-de-tudo-corpopoesia-sapatao\\\/#primaryimage\"},\"thumbnailUrl\":\"https:\\\/\\\/ponteseditores.com.br\\\/loja3\\\/wp-content\\\/uploads\\\/2026\\\/03\\\/CAPA-_EM-BAIXA-ANTES-DE-TUDO.jpg\",\"datePublished\":\"2026-03-13T13:19:16+00:00\",\"dateModified\":\"2026-03-13T13:19:17+00:00\",\"breadcrumb\":{\"@id\":\"https:\\\/\\\/ponteseditores.com.br\\\/loja3\\\/pontes-editores-home-2__trashed\\\/ebook\\\/lancamento-e-book\\\/antes-de-tudo-corpopoesia-sapatao\\\/#breadcrumb\"},\"inLanguage\":\"pt-BR\",\"potentialAction\":[{\"@type\":\"ReadAction\",\"target\":[\"https:\\\/\\\/ponteseditores.com.br\\\/loja3\\\/pontes-editores-home-2__trashed\\\/ebook\\\/lancamento-e-book\\\/antes-de-tudo-corpopoesia-sapatao\\\/\"]}]},{\"@type\":\"ImageObject\",\"inLanguage\":\"pt-BR\",\"@id\":\"https:\\\/\\\/ponteseditores.com.br\\\/loja3\\\/pontes-editores-home-2__trashed\\\/ebook\\\/lancamento-e-book\\\/antes-de-tudo-corpopoesia-sapatao\\\/#primaryimage\",\"url\":\"https:\\\/\\\/ponteseditores.com.br\\\/loja3\\\/wp-content\\\/uploads\\\/2026\\\/03\\\/CAPA-_EM-BAIXA-ANTES-DE-TUDO.jpg\",\"contentUrl\":\"https:\\\/\\\/ponteseditores.com.br\\\/loja3\\\/wp-content\\\/uploads\\\/2026\\\/03\\\/CAPA-_EM-BAIXA-ANTES-DE-TUDO.jpg\",\"width\":951,\"height\":1358},{\"@type\":\"BreadcrumbList\",\"@id\":\"https:\\\/\\\/ponteseditores.com.br\\\/loja3\\\/pontes-editores-home-2__trashed\\\/ebook\\\/lancamento-e-book\\\/antes-de-tudo-corpopoesia-sapatao\\\/#breadcrumb\",\"itemListElement\":[{\"@type\":\"ListItem\",\"position\":1,\"name\":\"Home\",\"item\":\"https:\\\/\\\/ponteseditores.com.br\\\/loja3\\\/\"},{\"@type\":\"ListItem\",\"position\":2,\"name\":\"loja\",\"item\":\"https:\\\/\\\/ponteseditores.com.br\\\/loja3\\\/loja\\\/\"},{\"@type\":\"ListItem\",\"position\":3,\"name\":\"Antes de Tudo: Corpopoesia Sapat\u00e3o\"}]},{\"@type\":\"WebSite\",\"@id\":\"https:\\\/\\\/ponteseditores.com.br\\\/loja3\\\/#website\",\"url\":\"https:\\\/\\\/ponteseditores.com.br\\\/loja3\\\/\",\"name\":\"Pontes Editores\",\"description\":\"Pontes Editores\",\"publisher\":{\"@id\":\"https:\\\/\\\/ponteseditores.com.br\\\/loja3\\\/#organization\"},\"potentialAction\":[{\"@type\":\"SearchAction\",\"target\":{\"@type\":\"EntryPoint\",\"urlTemplate\":\"https:\\\/\\\/ponteseditores.com.br\\\/loja3\\\/?s={search_term_string}\"},\"query-input\":{\"@type\":\"PropertyValueSpecification\",\"valueRequired\":true,\"valueName\":\"search_term_string\"}}],\"inLanguage\":\"pt-BR\"},{\"@type\":\"Organization\",\"@id\":\"https:\\\/\\\/ponteseditores.com.br\\\/loja3\\\/#organization\",\"name\":\"Pontes Editores\",\"url\":\"https:\\\/\\\/ponteseditores.com.br\\\/loja3\\\/\",\"logo\":{\"@type\":\"ImageObject\",\"inLanguage\":\"pt-BR\",\"@id\":\"https:\\\/\\\/ponteseditores.com.br\\\/loja3\\\/#\\\/schema\\\/logo\\\/image\\\/\",\"url\":\"https:\\\/\\\/ponteseditores.com.br\\\/loja3\\\/wp-content\\\/uploads\\\/2023\\\/12\\\/logo-pontes-editores-v2.png\",\"contentUrl\":\"https:\\\/\\\/ponteseditores.com.br\\\/loja3\\\/wp-content\\\/uploads\\\/2023\\\/12\\\/logo-pontes-editores-v2.png\",\"width\":258,\"height\":100,\"caption\":\"Pontes Editores\"},\"image\":{\"@id\":\"https:\\\/\\\/ponteseditores.com.br\\\/loja3\\\/#\\\/schema\\\/logo\\\/image\\\/\"}}]}<\/script>\n<!-- \/ Yoast SEO plugin. -->","yoast_head_json":{"title":"Antes de Tudo: Corpopoesia Sapat\u00e3o - Pontes Editores","robots":{"index":"index","follow":"follow","max-snippet":"max-snippet:-1","max-image-preview":"max-image-preview:large","max-video-preview":"max-video-preview:-1"},"canonical":"https:\/\/ponteseditores.com.br\/loja3\/pontes-editores-home-2__trashed\/ebook\/lancamento-e-book\/antes-de-tudo-corpopoesia-sapatao\/","og_locale":"pt_BR","og_type":"article","og_title":"Antes de Tudo: Corpopoesia Sapat\u00e3o - Pontes Editores","og_description":"&nbsp; O corpo fala antes da palavra. E quando ele decide escrever, nasce uma literatura que irrompe espa\u00e7ostempos. \u00c9 nesse territ\u00f3rio entre mem\u00f3ria, experi\u00eancia e cria\u00e7\u00e3o que surge Antes de tudo, corpopoesia sapat\u00e3o, novo livro de Liz Mendes, publicado pela Pontes Editores. A obra re\u00fane contos e fragmentos autoficcionais que percorrem inf\u00e2ncia, fam\u00edlia, escola, universidade [&hellip;]","og_url":"https:\/\/ponteseditores.com.br\/loja3\/pontes-editores-home-2__trashed\/ebook\/lancamento-e-book\/antes-de-tudo-corpopoesia-sapatao\/","og_site_name":"Pontes Editores","article_modified_time":"2026-03-13T13:19:17+00:00","og_image":[{"width":951,"height":1358,"url":"https:\/\/ponteseditores.com.br\/loja3\/wp-content\/uploads\/2026\/03\/CAPA-_EM-BAIXA-ANTES-DE-TUDO.jpg","type":"image\/jpeg"}],"twitter_card":"summary_large_image","twitter_misc":{"Est. tempo de leitura":"2 minutos"},"schema":{"@context":"https:\/\/schema.org","@graph":[{"@type":"WebPage","@id":"https:\/\/ponteseditores.com.br\/loja3\/pontes-editores-home-2__trashed\/ebook\/lancamento-e-book\/antes-de-tudo-corpopoesia-sapatao\/","url":"https:\/\/ponteseditores.com.br\/loja3\/pontes-editores-home-2__trashed\/ebook\/lancamento-e-book\/antes-de-tudo-corpopoesia-sapatao\/","name":"Antes de Tudo: Corpopoesia Sapat\u00e3o - Pontes Editores","isPartOf":{"@id":"https:\/\/ponteseditores.com.br\/loja3\/#website"},"primaryImageOfPage":{"@id":"https:\/\/ponteseditores.com.br\/loja3\/pontes-editores-home-2__trashed\/ebook\/lancamento-e-book\/antes-de-tudo-corpopoesia-sapatao\/#primaryimage"},"image":{"@id":"https:\/\/ponteseditores.com.br\/loja3\/pontes-editores-home-2__trashed\/ebook\/lancamento-e-book\/antes-de-tudo-corpopoesia-sapatao\/#primaryimage"},"thumbnailUrl":"https:\/\/ponteseditores.com.br\/loja3\/wp-content\/uploads\/2026\/03\/CAPA-_EM-BAIXA-ANTES-DE-TUDO.jpg","datePublished":"2026-03-13T13:19:16+00:00","dateModified":"2026-03-13T13:19:17+00:00","breadcrumb":{"@id":"https:\/\/ponteseditores.com.br\/loja3\/pontes-editores-home-2__trashed\/ebook\/lancamento-e-book\/antes-de-tudo-corpopoesia-sapatao\/#breadcrumb"},"inLanguage":"pt-BR","potentialAction":[{"@type":"ReadAction","target":["https:\/\/ponteseditores.com.br\/loja3\/pontes-editores-home-2__trashed\/ebook\/lancamento-e-book\/antes-de-tudo-corpopoesia-sapatao\/"]}]},{"@type":"ImageObject","inLanguage":"pt-BR","@id":"https:\/\/ponteseditores.com.br\/loja3\/pontes-editores-home-2__trashed\/ebook\/lancamento-e-book\/antes-de-tudo-corpopoesia-sapatao\/#primaryimage","url":"https:\/\/ponteseditores.com.br\/loja3\/wp-content\/uploads\/2026\/03\/CAPA-_EM-BAIXA-ANTES-DE-TUDO.jpg","contentUrl":"https:\/\/ponteseditores.com.br\/loja3\/wp-content\/uploads\/2026\/03\/CAPA-_EM-BAIXA-ANTES-DE-TUDO.jpg","width":951,"height":1358},{"@type":"BreadcrumbList","@id":"https:\/\/ponteseditores.com.br\/loja3\/pontes-editores-home-2__trashed\/ebook\/lancamento-e-book\/antes-de-tudo-corpopoesia-sapatao\/#breadcrumb","itemListElement":[{"@type":"ListItem","position":1,"name":"Home","item":"https:\/\/ponteseditores.com.br\/loja3\/"},{"@type":"ListItem","position":2,"name":"loja","item":"https:\/\/ponteseditores.com.br\/loja3\/loja\/"},{"@type":"ListItem","position":3,"name":"Antes de Tudo: Corpopoesia Sapat\u00e3o"}]},{"@type":"WebSite","@id":"https:\/\/ponteseditores.com.br\/loja3\/#website","url":"https:\/\/ponteseditores.com.br\/loja3\/","name":"Pontes Editores","description":"Pontes Editores","publisher":{"@id":"https:\/\/ponteseditores.com.br\/loja3\/#organization"},"potentialAction":[{"@type":"SearchAction","target":{"@type":"EntryPoint","urlTemplate":"https:\/\/ponteseditores.com.br\/loja3\/?s={search_term_string}"},"query-input":{"@type":"PropertyValueSpecification","valueRequired":true,"valueName":"search_term_string"}}],"inLanguage":"pt-BR"},{"@type":"Organization","@id":"https:\/\/ponteseditores.com.br\/loja3\/#organization","name":"Pontes Editores","url":"https:\/\/ponteseditores.com.br\/loja3\/","logo":{"@type":"ImageObject","inLanguage":"pt-BR","@id":"https:\/\/ponteseditores.com.br\/loja3\/#\/schema\/logo\/image\/","url":"https:\/\/ponteseditores.com.br\/loja3\/wp-content\/uploads\/2023\/12\/logo-pontes-editores-v2.png","contentUrl":"https:\/\/ponteseditores.com.br\/loja3\/wp-content\/uploads\/2023\/12\/logo-pontes-editores-v2.png","width":258,"height":100,"caption":"Pontes Editores"},"image":{"@id":"https:\/\/ponteseditores.com.br\/loja3\/#\/schema\/logo\/image\/"}}]}},"_links":{"self":[{"href":"https:\/\/ponteseditores.com.br\/loja3\/wp-json\/wp\/v2\/product\/37904","targetHints":{"allow":["GET"]}}],"collection":[{"href":"https:\/\/ponteseditores.com.br\/loja3\/wp-json\/wp\/v2\/product"}],"about":[{"href":"https:\/\/ponteseditores.com.br\/loja3\/wp-json\/wp\/v2\/types\/product"}],"replies":[{"embeddable":true,"href":"https:\/\/ponteseditores.com.br\/loja3\/wp-json\/wp\/v2\/comments?post=37904"}],"version-history":[{"count":1,"href":"https:\/\/ponteseditores.com.br\/loja3\/wp-json\/wp\/v2\/product\/37904\/revisions"}],"predecessor-version":[{"id":37907,"href":"https:\/\/ponteseditores.com.br\/loja3\/wp-json\/wp\/v2\/product\/37904\/revisions\/37907"}],"wp:featuredmedia":[{"embeddable":true,"href":"https:\/\/ponteseditores.com.br\/loja3\/wp-json\/wp\/v2\/media\/37906"}],"wp:attachment":[{"href":"https:\/\/ponteseditores.com.br\/loja3\/wp-json\/wp\/v2\/media?parent=37904"}],"wp:term":[{"taxonomy":"product_brand","embeddable":true,"href":"https:\/\/ponteseditores.com.br\/loja3\/wp-json\/wp\/v2\/product_brand?post=37904"},{"taxonomy":"product_cat","embeddable":true,"href":"https:\/\/ponteseditores.com.br\/loja3\/wp-json\/wp\/v2\/product_cat?post=37904"},{"taxonomy":"product_tag","embeddable":true,"href":"https:\/\/ponteseditores.com.br\/loja3\/wp-json\/wp\/v2\/product_tag?post=37904"}],"curies":[{"name":"wp","href":"https:\/\/api.w.org\/{rel}","templated":true}]}}