{"id":37406,"date":"2026-03-03T11:37:13","date_gmt":"2026-03-03T14:37:13","guid":{"rendered":"https:\/\/ponteseditores.com.br\/loja3\/?post_type=product&#038;p=37406"},"modified":"2026-03-03T11:37:13","modified_gmt":"2026-03-03T14:37:13","slug":"teorias-do-discurso-em-cena-dizeres-imagens-e-silencios","status":"publish","type":"product","link":"https:\/\/ponteseditores.com.br\/loja3\/pontes-editores-home-2__trashed\/ebook\/lancamento-e-book\/teorias-do-discurso-em-cena-dizeres-imagens-e-silencios\/","title":{"rendered":"Teorias do discurso em cena: dizeres, imagens e sil\u00eancios"},"content":{"rendered":"<p>A colet\u00e2nea &#8220;Teorias do discurso em cena: dizeres, imagens e sil\u00eancios&#8221; re\u00fane pesquisas que investigam, a partir de teorias do discurso, as complexas rela\u00e7\u00f5es entre linguagem, poder e ideologia na sociedade contempor\u00e2nea. Os cap\u00edtulos exploram uma diversidade de objetos &#8211; como discursos religiosos, memes digitais, publicidade, literatura e m\u00eddia &#8211; para desvelar os mecanismos pelos quais os discursos constroem realidades, perpetuam ou contestam rela\u00e7\u00f5es de poder e constituem identidades. A obra evidencia como os silenciamentos impostos a grupos minorit\u00e1rios, as estrat\u00e9gias de produ\u00e7\u00e3o de sentidos em pr\u00e1ticas discursivas diversas e os regimes de verdade operam na naturaliza\u00e7\u00e3o de desigualdades e na legitima\u00e7\u00e3o de exclus\u00f5es, confirmando a vitalidade dos estudos discursivos para a compreens\u00e3o dos fen\u00f4menos sociais.<\/p>\n<p>Os cap\u00edtulos abordam tem\u00e1ticas como o silenciamento da popula\u00e7\u00e3o LGBTQIAPN+ pelo discurso religioso, a reprodu\u00e7\u00e3o do racismo em memes digitais, a estigmatiza\u00e7\u00e3o de &#8220;grupos de risco&#8221; no discurso m\u00e9dico sobre HIV\/AIDS, e a discursiviza\u00e7\u00e3o da maternidade na publicidade. A obra tamb\u00e9m contempla reflex\u00f5es sobre identidade a partir de perspectivas interdisciplinares, an\u00e1lises da literatura negra como espa\u00e7o de resist\u00eancia, a naturaliza\u00e7\u00e3o da cisgeneridade como norma, e revis\u00f5es te\u00f3ricas sobre textualidade e imagem como materialidades discursivas.<\/p>\n<p>Completam a colet\u00e2nea estudos sobre festivais culturais como produtores de identidade, representa\u00e7\u00f5es do sujeito nordestino, charges como discurso pol\u00edtico, e pol\u00edticas de leitura na m\u00eddia digital, oferecendo um panorama abrangente das m\u00faltiplas possibilidades de an\u00e1lise do discurso na contemporaneidade.<\/p>\n<p>&nbsp;<\/p>\n","protected":false},"excerpt":{"rendered":"<p>A colet\u00e2nea &#8220;Teorias do discurso em cena: dizeres, imagens e sil\u00eancios&#8221; re\u00fane pesquisas que investigam, a partir de teorias do discurso, as complexas rela\u00e7\u00f5es entre linguagem, poder e ideologia na sociedade contempor\u00e2nea. Os cap\u00edtulos exploram uma diversidade de objetos &#8211; como discursos religiosos, memes digitais, publicidade, literatura e m\u00eddia &#8211; para desvelar os mecanismos pelos [&hellip;]<\/p>\n","protected":false},"featured_media":37410,"comment_status":"open","ping_status":"closed","template":"","meta":{"_joinchat":[]},"product_brand":[],"product_cat":[165,386],"product_tag":[],"class_list":{"0":"post-37406","1":"product","2":"type-product","3":"status-publish","4":"has-post-thumbnail","6":"product_cat-ebook","7":"product_cat-lancamento-e-book","9":"first","10":"instock","11":"downloadable","12":"virtual","13":"purchasable","14":"product-type-simple"},"yoast_head":"<!-- This site is optimized with the Yoast SEO plugin v27.4 - https:\/\/yoast.com\/product\/yoast-seo-wordpress\/ -->\n<title>Teorias do discurso em cena: dizeres, imagens e sil\u00eancios - Pontes Editores<\/title>\n<meta name=\"robots\" content=\"index, follow, max-snippet:-1, max-image-preview:large, max-video-preview:-1\" \/>\n<link rel=\"canonical\" href=\"https:\/\/ponteseditores.com.br\/loja3\/pontes-editores-home-2__trashed\/ebook\/lancamento-e-book\/teorias-do-discurso-em-cena-dizeres-imagens-e-silencios\/\" \/>\n<meta property=\"og:locale\" content=\"pt_BR\" \/>\n<meta property=\"og:type\" content=\"article\" \/>\n<meta property=\"og:title\" content=\"Teorias do discurso em cena: dizeres, imagens e sil\u00eancios - Pontes Editores\" \/>\n<meta property=\"og:description\" content=\"A colet\u00e2nea &#8220;Teorias do discurso em cena: dizeres, imagens e sil\u00eancios&#8221; re\u00fane pesquisas que investigam, a partir de teorias do discurso, as complexas rela\u00e7\u00f5es entre linguagem, poder e ideologia na sociedade contempor\u00e2nea. Os cap\u00edtulos exploram uma diversidade de objetos &#8211; como discursos religiosos, memes digitais, publicidade, literatura e m\u00eddia &#8211; para desvelar os mecanismos pelos [&hellip;]\" \/>\n<meta property=\"og:url\" content=\"https:\/\/ponteseditores.com.br\/loja3\/pontes-editores-home-2__trashed\/ebook\/lancamento-e-book\/teorias-do-discurso-em-cena-dizeres-imagens-e-silencios\/\" \/>\n<meta property=\"og:site_name\" content=\"Pontes Editores\" \/>\n<meta property=\"og:image\" content=\"https:\/\/ponteseditores.com.br\/loja3\/wp-content\/uploads\/2026\/03\/Capa_Teorias-do-discurso.jpg\" \/>\n\t<meta property=\"og:image:width\" content=\"800\" \/>\n\t<meta property=\"og:image:height\" content=\"1159\" \/>\n\t<meta property=\"og:image:type\" content=\"image\/jpeg\" \/>\n<meta name=\"twitter:card\" content=\"summary_large_image\" \/>\n<meta name=\"twitter:label1\" content=\"Est. tempo de leitura\" \/>\n\t<meta name=\"twitter:data1\" content=\"2 minutos\" \/>\n<script type=\"application\/ld+json\" class=\"yoast-schema-graph\">{\"@context\":\"https:\\\/\\\/schema.org\",\"@graph\":[{\"@type\":\"WebPage\",\"@id\":\"https:\\\/\\\/ponteseditores.com.br\\\/loja3\\\/pontes-editores-home-2__trashed\\\/ebook\\\/lancamento-e-book\\\/teorias-do-discurso-em-cena-dizeres-imagens-e-silencios\\\/\",\"url\":\"https:\\\/\\\/ponteseditores.com.br\\\/loja3\\\/pontes-editores-home-2__trashed\\\/ebook\\\/lancamento-e-book\\\/teorias-do-discurso-em-cena-dizeres-imagens-e-silencios\\\/\",\"name\":\"Teorias do discurso em cena: dizeres, imagens e sil\u00eancios - Pontes Editores\",\"isPartOf\":{\"@id\":\"https:\\\/\\\/ponteseditores.com.br\\\/loja3\\\/#website\"},\"primaryImageOfPage\":{\"@id\":\"https:\\\/\\\/ponteseditores.com.br\\\/loja3\\\/pontes-editores-home-2__trashed\\\/ebook\\\/lancamento-e-book\\\/teorias-do-discurso-em-cena-dizeres-imagens-e-silencios\\\/#primaryimage\"},\"image\":{\"@id\":\"https:\\\/\\\/ponteseditores.com.br\\\/loja3\\\/pontes-editores-home-2__trashed\\\/ebook\\\/lancamento-e-book\\\/teorias-do-discurso-em-cena-dizeres-imagens-e-silencios\\\/#primaryimage\"},\"thumbnailUrl\":\"https:\\\/\\\/ponteseditores.com.br\\\/loja3\\\/wp-content\\\/uploads\\\/2026\\\/03\\\/Capa_Teorias-do-discurso.jpg\",\"datePublished\":\"2026-03-03T14:37:13+00:00\",\"breadcrumb\":{\"@id\":\"https:\\\/\\\/ponteseditores.com.br\\\/loja3\\\/pontes-editores-home-2__trashed\\\/ebook\\\/lancamento-e-book\\\/teorias-do-discurso-em-cena-dizeres-imagens-e-silencios\\\/#breadcrumb\"},\"inLanguage\":\"pt-BR\",\"potentialAction\":[{\"@type\":\"ReadAction\",\"target\":[\"https:\\\/\\\/ponteseditores.com.br\\\/loja3\\\/pontes-editores-home-2__trashed\\\/ebook\\\/lancamento-e-book\\\/teorias-do-discurso-em-cena-dizeres-imagens-e-silencios\\\/\"]}]},{\"@type\":\"ImageObject\",\"inLanguage\":\"pt-BR\",\"@id\":\"https:\\\/\\\/ponteseditores.com.br\\\/loja3\\\/pontes-editores-home-2__trashed\\\/ebook\\\/lancamento-e-book\\\/teorias-do-discurso-em-cena-dizeres-imagens-e-silencios\\\/#primaryimage\",\"url\":\"https:\\\/\\\/ponteseditores.com.br\\\/loja3\\\/wp-content\\\/uploads\\\/2026\\\/03\\\/Capa_Teorias-do-discurso.jpg\",\"contentUrl\":\"https:\\\/\\\/ponteseditores.com.br\\\/loja3\\\/wp-content\\\/uploads\\\/2026\\\/03\\\/Capa_Teorias-do-discurso.jpg\",\"width\":800,\"height\":1159},{\"@type\":\"BreadcrumbList\",\"@id\":\"https:\\\/\\\/ponteseditores.com.br\\\/loja3\\\/pontes-editores-home-2__trashed\\\/ebook\\\/lancamento-e-book\\\/teorias-do-discurso-em-cena-dizeres-imagens-e-silencios\\\/#breadcrumb\",\"itemListElement\":[{\"@type\":\"ListItem\",\"position\":1,\"name\":\"Home\",\"item\":\"https:\\\/\\\/ponteseditores.com.br\\\/loja3\\\/\"},{\"@type\":\"ListItem\",\"position\":2,\"name\":\"loja\",\"item\":\"https:\\\/\\\/ponteseditores.com.br\\\/loja3\\\/loja\\\/\"},{\"@type\":\"ListItem\",\"position\":3,\"name\":\"Teorias do discurso em cena: dizeres, imagens e sil\u00eancios\"}]},{\"@type\":\"WebSite\",\"@id\":\"https:\\\/\\\/ponteseditores.com.br\\\/loja3\\\/#website\",\"url\":\"https:\\\/\\\/ponteseditores.com.br\\\/loja3\\\/\",\"name\":\"Pontes Editores\",\"description\":\"Pontes Editores\",\"publisher\":{\"@id\":\"https:\\\/\\\/ponteseditores.com.br\\\/loja3\\\/#organization\"},\"potentialAction\":[{\"@type\":\"SearchAction\",\"target\":{\"@type\":\"EntryPoint\",\"urlTemplate\":\"https:\\\/\\\/ponteseditores.com.br\\\/loja3\\\/?s={search_term_string}\"},\"query-input\":{\"@type\":\"PropertyValueSpecification\",\"valueRequired\":true,\"valueName\":\"search_term_string\"}}],\"inLanguage\":\"pt-BR\"},{\"@type\":\"Organization\",\"@id\":\"https:\\\/\\\/ponteseditores.com.br\\\/loja3\\\/#organization\",\"name\":\"Pontes Editores\",\"url\":\"https:\\\/\\\/ponteseditores.com.br\\\/loja3\\\/\",\"logo\":{\"@type\":\"ImageObject\",\"inLanguage\":\"pt-BR\",\"@id\":\"https:\\\/\\\/ponteseditores.com.br\\\/loja3\\\/#\\\/schema\\\/logo\\\/image\\\/\",\"url\":\"https:\\\/\\\/ponteseditores.com.br\\\/loja3\\\/wp-content\\\/uploads\\\/2023\\\/12\\\/logo-pontes-editores-v2.png\",\"contentUrl\":\"https:\\\/\\\/ponteseditores.com.br\\\/loja3\\\/wp-content\\\/uploads\\\/2023\\\/12\\\/logo-pontes-editores-v2.png\",\"width\":258,\"height\":100,\"caption\":\"Pontes Editores\"},\"image\":{\"@id\":\"https:\\\/\\\/ponteseditores.com.br\\\/loja3\\\/#\\\/schema\\\/logo\\\/image\\\/\"}}]}<\/script>\n<!-- \/ Yoast SEO plugin. -->","yoast_head_json":{"title":"Teorias do discurso em cena: dizeres, imagens e sil\u00eancios - Pontes Editores","robots":{"index":"index","follow":"follow","max-snippet":"max-snippet:-1","max-image-preview":"max-image-preview:large","max-video-preview":"max-video-preview:-1"},"canonical":"https:\/\/ponteseditores.com.br\/loja3\/pontes-editores-home-2__trashed\/ebook\/lancamento-e-book\/teorias-do-discurso-em-cena-dizeres-imagens-e-silencios\/","og_locale":"pt_BR","og_type":"article","og_title":"Teorias do discurso em cena: dizeres, imagens e sil\u00eancios - Pontes Editores","og_description":"A colet\u00e2nea &#8220;Teorias do discurso em cena: dizeres, imagens e sil\u00eancios&#8221; re\u00fane pesquisas que investigam, a partir de teorias do discurso, as complexas rela\u00e7\u00f5es entre linguagem, poder e ideologia na sociedade contempor\u00e2nea. Os cap\u00edtulos exploram uma diversidade de objetos &#8211; como discursos religiosos, memes digitais, publicidade, literatura e m\u00eddia &#8211; para desvelar os mecanismos pelos [&hellip;]","og_url":"https:\/\/ponteseditores.com.br\/loja3\/pontes-editores-home-2__trashed\/ebook\/lancamento-e-book\/teorias-do-discurso-em-cena-dizeres-imagens-e-silencios\/","og_site_name":"Pontes Editores","og_image":[{"width":800,"height":1159,"url":"https:\/\/ponteseditores.com.br\/loja3\/wp-content\/uploads\/2026\/03\/Capa_Teorias-do-discurso.jpg","type":"image\/jpeg"}],"twitter_card":"summary_large_image","twitter_misc":{"Est. tempo de leitura":"2 minutos"},"schema":{"@context":"https:\/\/schema.org","@graph":[{"@type":"WebPage","@id":"https:\/\/ponteseditores.com.br\/loja3\/pontes-editores-home-2__trashed\/ebook\/lancamento-e-book\/teorias-do-discurso-em-cena-dizeres-imagens-e-silencios\/","url":"https:\/\/ponteseditores.com.br\/loja3\/pontes-editores-home-2__trashed\/ebook\/lancamento-e-book\/teorias-do-discurso-em-cena-dizeres-imagens-e-silencios\/","name":"Teorias do discurso em cena: dizeres, imagens e sil\u00eancios - Pontes Editores","isPartOf":{"@id":"https:\/\/ponteseditores.com.br\/loja3\/#website"},"primaryImageOfPage":{"@id":"https:\/\/ponteseditores.com.br\/loja3\/pontes-editores-home-2__trashed\/ebook\/lancamento-e-book\/teorias-do-discurso-em-cena-dizeres-imagens-e-silencios\/#primaryimage"},"image":{"@id":"https:\/\/ponteseditores.com.br\/loja3\/pontes-editores-home-2__trashed\/ebook\/lancamento-e-book\/teorias-do-discurso-em-cena-dizeres-imagens-e-silencios\/#primaryimage"},"thumbnailUrl":"https:\/\/ponteseditores.com.br\/loja3\/wp-content\/uploads\/2026\/03\/Capa_Teorias-do-discurso.jpg","datePublished":"2026-03-03T14:37:13+00:00","breadcrumb":{"@id":"https:\/\/ponteseditores.com.br\/loja3\/pontes-editores-home-2__trashed\/ebook\/lancamento-e-book\/teorias-do-discurso-em-cena-dizeres-imagens-e-silencios\/#breadcrumb"},"inLanguage":"pt-BR","potentialAction":[{"@type":"ReadAction","target":["https:\/\/ponteseditores.com.br\/loja3\/pontes-editores-home-2__trashed\/ebook\/lancamento-e-book\/teorias-do-discurso-em-cena-dizeres-imagens-e-silencios\/"]}]},{"@type":"ImageObject","inLanguage":"pt-BR","@id":"https:\/\/ponteseditores.com.br\/loja3\/pontes-editores-home-2__trashed\/ebook\/lancamento-e-book\/teorias-do-discurso-em-cena-dizeres-imagens-e-silencios\/#primaryimage","url":"https:\/\/ponteseditores.com.br\/loja3\/wp-content\/uploads\/2026\/03\/Capa_Teorias-do-discurso.jpg","contentUrl":"https:\/\/ponteseditores.com.br\/loja3\/wp-content\/uploads\/2026\/03\/Capa_Teorias-do-discurso.jpg","width":800,"height":1159},{"@type":"BreadcrumbList","@id":"https:\/\/ponteseditores.com.br\/loja3\/pontes-editores-home-2__trashed\/ebook\/lancamento-e-book\/teorias-do-discurso-em-cena-dizeres-imagens-e-silencios\/#breadcrumb","itemListElement":[{"@type":"ListItem","position":1,"name":"Home","item":"https:\/\/ponteseditores.com.br\/loja3\/"},{"@type":"ListItem","position":2,"name":"loja","item":"https:\/\/ponteseditores.com.br\/loja3\/loja\/"},{"@type":"ListItem","position":3,"name":"Teorias do discurso em cena: dizeres, imagens e sil\u00eancios"}]},{"@type":"WebSite","@id":"https:\/\/ponteseditores.com.br\/loja3\/#website","url":"https:\/\/ponteseditores.com.br\/loja3\/","name":"Pontes Editores","description":"Pontes Editores","publisher":{"@id":"https:\/\/ponteseditores.com.br\/loja3\/#organization"},"potentialAction":[{"@type":"SearchAction","target":{"@type":"EntryPoint","urlTemplate":"https:\/\/ponteseditores.com.br\/loja3\/?s={search_term_string}"},"query-input":{"@type":"PropertyValueSpecification","valueRequired":true,"valueName":"search_term_string"}}],"inLanguage":"pt-BR"},{"@type":"Organization","@id":"https:\/\/ponteseditores.com.br\/loja3\/#organization","name":"Pontes Editores","url":"https:\/\/ponteseditores.com.br\/loja3\/","logo":{"@type":"ImageObject","inLanguage":"pt-BR","@id":"https:\/\/ponteseditores.com.br\/loja3\/#\/schema\/logo\/image\/","url":"https:\/\/ponteseditores.com.br\/loja3\/wp-content\/uploads\/2023\/12\/logo-pontes-editores-v2.png","contentUrl":"https:\/\/ponteseditores.com.br\/loja3\/wp-content\/uploads\/2023\/12\/logo-pontes-editores-v2.png","width":258,"height":100,"caption":"Pontes Editores"},"image":{"@id":"https:\/\/ponteseditores.com.br\/loja3\/#\/schema\/logo\/image\/"}}]}},"_links":{"self":[{"href":"https:\/\/ponteseditores.com.br\/loja3\/wp-json\/wp\/v2\/product\/37406","targetHints":{"allow":["GET"]}}],"collection":[{"href":"https:\/\/ponteseditores.com.br\/loja3\/wp-json\/wp\/v2\/product"}],"about":[{"href":"https:\/\/ponteseditores.com.br\/loja3\/wp-json\/wp\/v2\/types\/product"}],"replies":[{"embeddable":true,"href":"https:\/\/ponteseditores.com.br\/loja3\/wp-json\/wp\/v2\/comments?post=37406"}],"version-history":[{"count":1,"href":"https:\/\/ponteseditores.com.br\/loja3\/wp-json\/wp\/v2\/product\/37406\/revisions"}],"predecessor-version":[{"id":37411,"href":"https:\/\/ponteseditores.com.br\/loja3\/wp-json\/wp\/v2\/product\/37406\/revisions\/37411"}],"wp:featuredmedia":[{"embeddable":true,"href":"https:\/\/ponteseditores.com.br\/loja3\/wp-json\/wp\/v2\/media\/37410"}],"wp:attachment":[{"href":"https:\/\/ponteseditores.com.br\/loja3\/wp-json\/wp\/v2\/media?parent=37406"}],"wp:term":[{"taxonomy":"product_brand","embeddable":true,"href":"https:\/\/ponteseditores.com.br\/loja3\/wp-json\/wp\/v2\/product_brand?post=37406"},{"taxonomy":"product_cat","embeddable":true,"href":"https:\/\/ponteseditores.com.br\/loja3\/wp-json\/wp\/v2\/product_cat?post=37406"},{"taxonomy":"product_tag","embeddable":true,"href":"https:\/\/ponteseditores.com.br\/loja3\/wp-json\/wp\/v2\/product_tag?post=37406"}],"curies":[{"name":"wp","href":"https:\/\/api.w.org\/{rel}","templated":true}]}}